{"id":207888,"date":"2023-07-20T09:50:03","date_gmt":"2023-07-20T13:50:03","guid":{"rendered":"https:\/\/www.manaus.am.gov.br\/semasc\/?page_id=207888"},"modified":"2025-09-30T08:44:32","modified_gmt":"2025-09-30T12:44:32","slug":"centro-de-referencia-dos-direitos-da-mulher","status":"publish","type":"page","link":"https:\/\/www.manaus.am.gov.br\/semasc\/unidades\/centro-de-referencia-dos-direitos-da-mulher\/","title":{"rendered":"Centro de Refer\u00eancia dos Direitos da Mulher"},"content":{"rendered":"\n<p>A Subsecretaria Municipal de Pol\u00edticas Afirmativas para Mulheres e de Direitos Humanos promove atendimento humanizado \u00e0 mulher que busca atendimento social e psicol\u00f3gico, orienta\u00e7\u00e3o, acompanhamento e encaminhamento jur\u00eddico, por meio da equipe do Centro de Refer\u00eancia dos Direitos da Mulher \u2013 CRDM.&nbsp;<\/p>\n\n\n\n<h3 class=\"wp-block-heading\">Servi\u00e7os oferecidos pelo CRDM:<\/h3>\n\n\n\n<p>Acompanhamento Social \u00e0s mulheres que se encontram em situa\u00e7\u00e3o de risco pessoal e social por ocorr\u00eancia dos v\u00e1rios tipos de viol\u00eancia, tipificados na Lei 11.340 (Lei Maria da Penha), recebendo aten\u00e7\u00e3o socioassistencial, atrav\u00e9s de orienta\u00e7\u00f5es e encaminhamentos que promovam sua inser\u00e7\u00e3o e de seus dependentes nos programas sociais, promovendo a garantia de seus direitos, e Psicol\u00f3gico<strong>, <\/strong>com atendimento individual e\/ou grupal \u00e0s mulheres em situa\u00e7\u00e3o de viol\u00eancia, com vistas a facilitar o fortalecimento dos mecanismos que promovam a autodetermina\u00e7\u00e3o e resgate da autoestima e da redu\u00e7\u00e3o de danos.<\/p>\n\n\n\n<p>As mulheres recebem orienta\u00e7\u00e3o e acompanhamento jur\u00eddico dos atos administrativos de natureza policial e nos procedimentos judiciais, sendo encaminhadas \u00e0s institui\u00e7\u00f5es como a Delegacia Especializada em Crimes contra a Mulher, em situa\u00e7\u00f5es em que n\u00e3o tenha sido registrado o Boletim de Ocorr\u00eancia (essencial para que seus direitos sejam assegurados), Defensoria P\u00fablica, dentre outros, tendo em vista a garantia dos direitos pertinentes a emiss\u00e3o de Medidas Protetivas, Guarda dos filhos, Pens\u00e3o Aliment\u00edcia, etc.<\/p>\n\n\n\n<p>Com a identifica\u00e7\u00e3o do n\u00edvel de escolaridade, as mulheres atendidas tamb\u00e9m recebem Acompanhamento Pedag\u00f3gico, sendo encaminhadas para a rede educacional. Neste sentido, a Subsecretaria tamb\u00e9m realiza articula\u00e7\u00f5es institucionais para viabilizar a inser\u00e7\u00e3o das mulheres atendidas em cursos de capacita\u00e7\u00e3o e qualifica\u00e7\u00e3o, de modo a promover sua inclus\u00e3o social e profissional, e fortalecer sua auto-estima.&nbsp;<\/p>\n\n\n\n<p><strong>Endere\u00e7o:<\/strong> Rua Arax\u00e1, conjunto Duque de Caxias, Flores<\/p>\n\n\n\n<p><strong>Telefone: <\/strong>98842-2266<\/p>\n","protected":false},"excerpt":{"rendered":"","protected":false},"author":27,"featured_media":0,"parent":207842,"menu_order":0,"comment_status":"closed","ping_status":"closed","template":"templates\/turismo.php","meta":{"footnotes":""},"acf":[],"yoast_head":"<!-- This site is optimized with the Yoast SEO plugin v23.0 - https:\/\/yoast.com\/wordpress\/plugins\/seo\/ -->\n<title>Centro de Refer\u00eancia dos Direitos da Mulher - SEMASC<\/title>\n<meta name=\"robots\" content=\"noindex, follow\" \/>\n<meta property=\"og:locale\" content=\"pt_BR\" \/>\n<meta property=\"og:type\" content=\"article\" \/>\n<meta property=\"og:title\" content=\"Centro de Refer\u00eancia dos Direitos da Mulher - SEMASC\" \/>\n<meta property=\"og:url\" content=\"https:\/\/www.manaus.am.gov.br\/semasc\/unidades\/centro-de-referencia-dos-direitos-da-mulher\/\" \/>\n<meta property=\"og:site_name\" content=\"SEMASC\" \/>\n<meta property=\"article:publisher\" content=\"https:\/\/www.facebook.com\/semascmanaus\" \/>\n<meta property=\"article:modified_time\" content=\"2025-09-30T12:44:32+00:00\" \/>\n<meta property=\"og:image\" content=\"https:\/\/www.manaus.am.gov.br\/semasc\/wp-content\/uploads\/sites\/17\/2024\/07\/thumb-default-2.png\" \/>\n\t<meta property=\"og:image:width\" content=\"966\" \/>\n\t<meta property=\"og:image:height\" content=\"520\" \/>\n\t<meta property=\"og:image:type\" content=\"image\/png\" \/>\n<meta name=\"twitter:card\" content=\"summary_large_image\" \/>\n<meta name=\"twitter:label1\" content=\"Est. reading time\" \/>\n\t<meta name=\"twitter:data1\" content=\"2 minutos\" \/>\n<script type=\"application\/ld+json\" class=\"yoast-schema-graph\">{\"@context\":\"https:\/\/schema.org\",\"@graph\":[{\"@type\":\"WebPage\",\"@id\":\"https:\/\/www.manaus.am.gov.br\/semasc\/unidades\/centro-de-referencia-dos-direitos-da-mulher\/\",\"url\":\"https:\/\/www.manaus.am.gov.br\/semasc\/unidades\/centro-de-referencia-dos-direitos-da-mulher\/\",\"name\":\"Centro de Refer\u00eancia dos Direitos da Mulher - SEMASC\",\"isPartOf\":{\"@id\":\"https:\/\/www.manaus.am.gov.br\/semasc\/#website\"},\"datePublished\":\"2023-07-20T13:50:03+00:00\",\"dateModified\":\"2025-09-30T12:44:32+00:00\",\"breadcrumb\":{\"@id\":\"https:\/\/www.manaus.am.gov.br\/semasc\/unidades\/centro-de-referencia-dos-direitos-da-mulher\/#breadcrumb\"},\"inLanguage\":\"pt-BR\",\"potentialAction\":[{\"@type\":\"ReadAction\",\"target\":[\"https:\/\/www.manaus.am.gov.br\/semasc\/unidades\/centro-de-referencia-dos-direitos-da-mulher\/\"]}]},{\"@type\":\"BreadcrumbList\",\"@id\":\"https:\/\/www.manaus.am.gov.br\/semasc\/unidades\/centro-de-referencia-dos-direitos-da-mulher\/#breadcrumb\",\"itemListElement\":[{\"@type\":\"ListItem\",\"position\":1,\"name\":\"Home\",\"item\":\"https:\/\/www.manaus.am.gov.br\/semasc\/\"},{\"@type\":\"ListItem\",\"position\":2,\"name\":\"Unidades\",\"item\":\"https:\/\/www.manaus.am.gov.br\/semasc\/unidades\/\"},{\"@type\":\"ListItem\",\"position\":3,\"name\":\"Centro de Refer\u00eancia dos Direitos da Mulher\"}]},{\"@type\":\"WebSite\",\"@id\":\"https:\/\/www.manaus.am.gov.br\/semasc\/#website\",\"url\":\"https:\/\/www.manaus.am.gov.br\/semasc\/\",\"name\":\"SEMASC\",\"description\":\"Secretaria Municipal da Mulher, Assist\u00eancia Social e Cidadania.\",\"publisher\":{\"@id\":\"https:\/\/www.manaus.am.gov.br\/semasc\/#organization\"},\"alternateName\":\"Secretaria Municipal da Mulher, Assist\u00eancia Social e Cidadania\",\"potentialAction\":[{\"@type\":\"SearchAction\",\"target\":{\"@type\":\"EntryPoint\",\"urlTemplate\":\"https:\/\/www.manaus.am.gov.br\/semasc\/?s={search_term_string}\"},\"query-input\":\"required name=search_term_string\"}],\"inLanguage\":\"pt-BR\"},{\"@type\":\"Organization\",\"@id\":\"https:\/\/www.manaus.am.gov.br\/semasc\/#organization\",\"name\":\"Prefeitura de Manaus\",\"alternateName\":\"Prefeitura Municipal de Manaus\",\"url\":\"https:\/\/www.manaus.am.gov.br\/semasc\/\",\"logo\":{\"@type\":\"ImageObject\",\"inLanguage\":\"pt-BR\",\"@id\":\"https:\/\/www.manaus.am.gov.br\/semasc\/#\/schema\/logo\/image\/\",\"url\":\"https:\/\/www.manaus.am.gov.br\/semasc\/wp-content\/uploads\/sites\/17\/2024\/07\/favicon.png\",\"contentUrl\":\"https:\/\/www.manaus.am.gov.br\/semasc\/wp-content\/uploads\/sites\/17\/2024\/07\/favicon.png\",\"width\":300,\"height\":300,\"caption\":\"Prefeitura de Manaus\"},\"image\":{\"@id\":\"https:\/\/www.manaus.am.gov.br\/semasc\/#\/schema\/logo\/image\/\"},\"sameAs\":[\"https:\/\/www.facebook.com\/semascmanaus\",\"https:\/\/www.instagram.com\/semascmanaus\/\"]}]}<\/script>\n<!-- \/ Yoast SEO plugin. -->","yoast_head_json":{"title":"Centro de Refer\u00eancia dos Direitos da Mulher - SEMASC","robots":{"index":"noindex","follow":"follow"},"og_locale":"pt_BR","og_type":"article","og_title":"Centro de Refer\u00eancia dos Direitos da Mulher - SEMASC","og_url":"https:\/\/www.manaus.am.gov.br\/semasc\/unidades\/centro-de-referencia-dos-direitos-da-mulher\/","og_site_name":"SEMASC","article_publisher":"https:\/\/www.facebook.com\/semascmanaus","article_modified_time":"2025-09-30T12:44:32+00:00","og_image":[{"width":966,"height":520,"url":"https:\/\/www.manaus.am.gov.br\/semasc\/wp-content\/uploads\/sites\/17\/2024\/07\/thumb-default-2.png","type":"image\/png"}],"twitter_card":"summary_large_image","twitter_misc":{"Est. reading time":"2 minutos"},"schema":{"@context":"https:\/\/schema.org","@graph":[{"@type":"WebPage","@id":"https:\/\/www.manaus.am.gov.br\/semasc\/unidades\/centro-de-referencia-dos-direitos-da-mulher\/","url":"https:\/\/www.manaus.am.gov.br\/semasc\/unidades\/centro-de-referencia-dos-direitos-da-mulher\/","name":"Centro de Refer\u00eancia dos Direitos da Mulher - SEMASC","isPartOf":{"@id":"https:\/\/www.manaus.am.gov.br\/semasc\/#website"},"datePublished":"2023-07-20T13:50:03+00:00","dateModified":"2025-09-30T12:44:32+00:00","breadcrumb":{"@id":"https:\/\/www.manaus.am.gov.br\/semasc\/unidades\/centro-de-referencia-dos-direitos-da-mulher\/#breadcrumb"},"inLanguage":"pt-BR","potentialAction":[{"@type":"ReadAction","target":["https:\/\/www.manaus.am.gov.br\/semasc\/unidades\/centro-de-referencia-dos-direitos-da-mulher\/"]}]},{"@type":"BreadcrumbList","@id":"https:\/\/www.manaus.am.gov.br\/semasc\/unidades\/centro-de-referencia-dos-direitos-da-mulher\/#breadcrumb","itemListElement":[{"@type":"ListItem","position":1,"name":"Home","item":"https:\/\/www.manaus.am.gov.br\/semasc\/"},{"@type":"ListItem","position":2,"name":"Unidades","item":"https:\/\/www.manaus.am.gov.br\/semasc\/unidades\/"},{"@type":"ListItem","position":3,"name":"Centro de Refer\u00eancia dos Direitos da Mulher"}]},{"@type":"WebSite","@id":"https:\/\/www.manaus.am.gov.br\/semasc\/#website","url":"https:\/\/www.manaus.am.gov.br\/semasc\/","name":"SEMASC","description":"Secretaria Municipal da Mulher, Assist\u00eancia Social e Cidadania.","publisher":{"@id":"https:\/\/www.manaus.am.gov.br\/semasc\/#organization"},"alternateName":"Secretaria Municipal da Mulher, Assist\u00eancia Social e Cidadania","potentialAction":[{"@type":"SearchAction","target":{"@type":"EntryPoint","urlTemplate":"https:\/\/www.manaus.am.gov.br\/semasc\/?s={search_term_string}"},"query-input":"required name=search_term_string"}],"inLanguage":"pt-BR"},{"@type":"Organization","@id":"https:\/\/www.manaus.am.gov.br\/semasc\/#organization","name":"Prefeitura de Manaus","alternateName":"Prefeitura Municipal de Manaus","url":"https:\/\/www.manaus.am.gov.br\/semasc\/","logo":{"@type":"ImageObject","inLanguage":"pt-BR","@id":"https:\/\/www.manaus.am.gov.br\/semasc\/#\/schema\/logo\/image\/","url":"https:\/\/www.manaus.am.gov.br\/semasc\/wp-content\/uploads\/sites\/17\/2024\/07\/favicon.png","contentUrl":"https:\/\/www.manaus.am.gov.br\/semasc\/wp-content\/uploads\/sites\/17\/2024\/07\/favicon.png","width":300,"height":300,"caption":"Prefeitura de Manaus"},"image":{"@id":"https:\/\/www.manaus.am.gov.br\/semasc\/#\/schema\/logo\/image\/"},"sameAs":["https:\/\/www.facebook.com\/semascmanaus","https:\/\/www.instagram.com\/semascmanaus\/"]}]}},"_links":{"self":[{"href":"https:\/\/www.manaus.am.gov.br\/semasc\/wp-json\/wp\/v2\/pages\/207888"}],"collection":[{"href":"https:\/\/www.manaus.am.gov.br\/semasc\/wp-json\/wp\/v2\/pages"}],"about":[{"href":"https:\/\/www.manaus.am.gov.br\/semasc\/wp-json\/wp\/v2\/types\/page"}],"author":[{"embeddable":true,"href":"https:\/\/www.manaus.am.gov.br\/semasc\/wp-json\/wp\/v2\/users\/27"}],"replies":[{"embeddable":true,"href":"https:\/\/www.manaus.am.gov.br\/semasc\/wp-json\/wp\/v2\/comments?post=207888"}],"version-history":[{"count":7,"href":"https:\/\/www.manaus.am.gov.br\/semasc\/wp-json\/wp\/v2\/pages\/207888\/revisions"}],"predecessor-version":[{"id":211723,"href":"https:\/\/www.manaus.am.gov.br\/semasc\/wp-json\/wp\/v2\/pages\/207888\/revisions\/211723"}],"up":[{"embeddable":true,"href":"https:\/\/www.manaus.am.gov.br\/semasc\/wp-json\/wp\/v2\/pages\/207842"}],"wp:attachment":[{"href":"https:\/\/www.manaus.am.gov.br\/semasc\/wp-json\/wp\/v2\/media?parent=207888"}],"curies":[{"name":"wp","href":"https:\/\/api.w.org\/{rel}","templated":true}]}}