{"id":544,"date":"2023-05-19T16:16:50","date_gmt":"2023-05-19T20:16:50","guid":{"rendered":"https:\/\/www.manaus.am.gov.br\/semad\/?page_id=544"},"modified":"2023-05-19T16:17:06","modified_gmt":"2023-05-19T20:17:06","slug":"legislacao","status":"publish","type":"page","link":"https:\/\/www.manaus.am.gov.br\/semad\/bolsa-universidade\/legislacao\/","title":{"rendered":"Legisla\u00e7\u00e3o"},"content":{"rendered":"\n<h2 class=\"wp-block-heading\" style=\"text-transform:uppercase\"><a href=\"https:\/\/www.manaus.am.gov.br\/semad\/wp-content\/uploads\/sites\/21\/2023\/05\/1-Decreto-no-2.981-PBU.pdf\" target=\"_blank\" rel=\"noreferrer noopener\">Decreto n\u00ba 2.981, DE 22 DE DEZEMBRO DE 2014<\/a><\/h2>\n\n\n\n<p>Regulamenta a Lei n\u00ba 1.931, de 19 de novembro de 2014, que disp\u00f5e sobre o Programa Bolsa Universidade \u2013 PBU e estabelece outras provid\u00eancias.<\/p>\n\n\n\n<h2 class=\"wp-block-heading\" style=\"text-transform:uppercase\"><a href=\"https:\/\/www.manaus.am.gov.br\/semad\/wp-content\/uploads\/sites\/21\/2023\/05\/2-Lei-no-1.932-PBU.pdf\" target=\"_blank\" rel=\"noreferrer noopener\">Lei n\u00ba 1.932, DE 19 DE NOVEMBRO DE 2014<\/a><\/h2>\n\n\n\n<p>Concede isen\u00e7\u00e3o de tributos municipais \u00e0 Institui\u00e7\u00e3o de Ensino Superior \u2013 IES vinculada ao Programa Bolsa Universidade \u2013 PBU e estabelece outras provid\u00eancias.<\/p>\n\n\n\n<h2 class=\"wp-block-heading\" style=\"text-transform:uppercase\"><a href=\"https:\/\/www.manaus.am.gov.br\/semad\/wp-content\/uploads\/sites\/21\/2023\/05\/3-Lei-no-1.931-PBU.pdf\" target=\"_blank\" rel=\"noreferrer noopener\">Lei n\u00ba 1.931, DE 19 DE NOVEMBRO DE 2014<\/a><\/h2>\n\n\n\n<p>Disp\u00f5e sobre o Programa Bolsa Universidade \u2013 PBU, criado pela Lei n\u00ba 1.357, de 8 de julho de 2009, e estabelece outras provid\u00eancias.<\/p>\n\n\n\n<h2 class=\"wp-block-heading\" style=\"text-transform:uppercase\"><a href=\"https:\/\/www.manaus.am.gov.br\/semad\/wp-content\/uploads\/sites\/21\/2023\/05\/4-Lei-no-1.930-PBU.pdf\" target=\"_blank\" rel=\"noreferrer noopener\">Lei n\u00ba 1.930, de 19 de novembro de 2014<\/a><\/h2>\n\n\n\n<p>Disp\u00f5e sobre parcelamento e reparcelamento de d\u00e9bitos tribut\u00e1rios para efeito da compensa\u00e7\u00e3o disposta na Lei n\u00ba 1.350, de 7 de julho de 2009, e Lei n\u00ba 1.357, de 8 de julho de 2009, e estabelece outras provid\u00eancias.<\/p>\n\n\n\n<h2 class=\"wp-block-heading\" style=\"text-transform:uppercase\"><a href=\"https:\/\/www.manaus.am.gov.br\/semad\/wp-content\/uploads\/sites\/21\/2023\/05\/5-Lei-no-1.350-PBU.pdf\" target=\"_blank\" rel=\"noreferrer noopener\">Lei n\u00ba 1.349, de 07 de julho de 2009<\/a><\/h2>\n\n\n\n<p>Altera o disposto no art. 36 da Lei n. 1.242, de 08.05.2008, cria fun\u00e7\u00f5es de conselheiros tutelares do munic\u00edpio de Manaus, fixa a remunera\u00e7\u00e3o, e d\u00e1 outras provid\u00eancias.<\/p>\n\n\n\n<h2 class=\"wp-block-heading\" style=\"text-transform:uppercase\"><a href=\"https:\/\/www.manaus.am.gov.br\/semad\/wp-content\/uploads\/sites\/21\/2023\/05\/6-Lei-no-1.357-PBU.pdf\" target=\"_blank\" rel=\"noreferrer noopener\">Lei n\u00ba 1.357, DE JULHO DE 2009<\/a><\/h2>\n\n\n\n<p>Cria o PROGRAMA BOLSA UNIVERSIDADE, e d\u00e1 outras provid\u00eancias.<\/p>\n\n\n\n<h2 class=\"wp-block-heading\" style=\"text-transform:uppercase\"><a href=\"https:\/\/www.manaus.am.gov.br\/semad\/wp-content\/uploads\/sites\/21\/2023\/05\/7-Decreto-no-0222-PBU.pdf\" target=\"_blank\" rel=\"noreferrer noopener\">Decreto n\u00ba 0222, de 23 de julho de 2009<\/a><\/h2>\n\n\n\n<p>Regulamenta a Lei n. 1.350, de 07 de julho de 2009, que instituiu a compensa\u00e7\u00e3o de cr\u00e9ditos tribut\u00e1rios.<\/p>\n\n\n\n<h2 class=\"wp-block-heading\" style=\"text-transform:uppercase\"><a href=\"https:\/\/www.manaus.am.gov.br\/semad\/wp-content\/uploads\/sites\/21\/2023\/05\/8-Decreto-no-0223-PBU.pdf\" target=\"_blank\" rel=\"noreferrer noopener\">Decreto n\u00ba 0223, de 23 de julho de 2009<\/a><\/h2>\n\n\n\n<p>Regulamenta a Lei n. 1.357, de 08 de julho de 2009, que instituiu o Programa Bolsa Universidade, e d\u00e1 outras provid\u00eancias.<\/p>\n\n\n\n<h2 class=\"wp-block-heading\" style=\"text-transform:uppercase\"><a href=\"https:\/\/www.manaus.am.gov.br\/semad\/wp-content\/uploads\/sites\/21\/2023\/05\/9-Decreto-no-0731-PBU.pdf\" target=\"_blank\" rel=\"noreferrer noopener\">Decreto n\u00ba 0731, DE 03 DE JANEIRO DE 2011<\/a><\/h2>\n\n\n\n<p>Acrescenta os 1\u00ba e 2\u00ba ao artigo 1\u00ba do Decreto n\u00ba 0223, de 23 de julho de 2009, que regulamenta a Lei n\u00ba 1.357, de 08 de julho de 2009.<\/p>\n","protected":false},"excerpt":{"rendered":"","protected":false},"author":27,"featured_media":0,"parent":516,"menu_order":2,"comment_status":"closed","ping_status":"closed","template":"templates\/prefeitura.php","meta":{"footnotes":""},"acf":[],"yoast_head":"<!-- This site is optimized with the Yoast SEO plugin v23.0 - https:\/\/yoast.com\/wordpress\/plugins\/seo\/ -->\n<title>Legisla\u00e7\u00e3o - SEMAD<\/title>\n<meta name=\"robots\" content=\"noindex, follow\" \/>\n<meta property=\"og:locale\" content=\"pt_BR\" \/>\n<meta property=\"og:type\" content=\"article\" \/>\n<meta property=\"og:title\" content=\"Legisla\u00e7\u00e3o - SEMAD\" \/>\n<meta property=\"og:url\" content=\"https:\/\/www.manaus.am.gov.br\/semad\/bolsa-universidade\/legislacao\/\" \/>\n<meta property=\"og:site_name\" content=\"SEMAD\" \/>\n<meta property=\"article:modified_time\" content=\"2023-05-19T20:17:06+00:00\" \/>\n<meta property=\"og:image\" content=\"https:\/\/www.manaus.am.gov.br\/semad\/wp-content\/uploads\/sites\/21\/2024\/07\/thumb-default-2.png\" \/>\n\t<meta property=\"og:image:width\" content=\"966\" \/>\n\t<meta property=\"og:image:height\" content=\"520\" \/>\n\t<meta property=\"og:image:type\" content=\"image\/png\" \/>\n<meta name=\"twitter:card\" content=\"summary_large_image\" \/>\n<meta name=\"twitter:label1\" content=\"Est. reading time\" \/>\n\t<meta name=\"twitter:data1\" content=\"2 minutos\" \/>\n<script type=\"application\/ld+json\" class=\"yoast-schema-graph\">{\"@context\":\"https:\/\/schema.org\",\"@graph\":[{\"@type\":\"WebPage\",\"@id\":\"https:\/\/www.manaus.am.gov.br\/semad\/bolsa-universidade\/legislacao\/\",\"url\":\"https:\/\/www.manaus.am.gov.br\/semad\/bolsa-universidade\/legislacao\/\",\"name\":\"Legisla\u00e7\u00e3o - SEMAD\",\"isPartOf\":{\"@id\":\"https:\/\/www.manaus.am.gov.br\/semad\/#website\"},\"datePublished\":\"2023-05-19T20:16:50+00:00\",\"dateModified\":\"2023-05-19T20:17:06+00:00\",\"breadcrumb\":{\"@id\":\"https:\/\/www.manaus.am.gov.br\/semad\/bolsa-universidade\/legislacao\/#breadcrumb\"},\"inLanguage\":\"pt-BR\",\"potentialAction\":[{\"@type\":\"ReadAction\",\"target\":[\"https:\/\/www.manaus.am.gov.br\/semad\/bolsa-universidade\/legislacao\/\"]}]},{\"@type\":\"BreadcrumbList\",\"@id\":\"https:\/\/www.manaus.am.gov.br\/semad\/bolsa-universidade\/legislacao\/#breadcrumb\",\"itemListElement\":[{\"@type\":\"ListItem\",\"position\":1,\"name\":\"Home\",\"item\":\"https:\/\/www.manaus.am.gov.br\/semad\/\"},{\"@type\":\"ListItem\",\"position\":2,\"name\":\"BOLSA UNIVERSIDADE\",\"item\":\"https:\/\/www.manaus.am.gov.br\/semad\/bolsa-universidade\/\"},{\"@type\":\"ListItem\",\"position\":3,\"name\":\"Legisla\u00e7\u00e3o\"}]},{\"@type\":\"WebSite\",\"@id\":\"https:\/\/www.manaus.am.gov.br\/semad\/#website\",\"url\":\"https:\/\/www.manaus.am.gov.br\/semad\/\",\"name\":\"SEMAD\",\"description\":\"Prefeitura de Manaus\",\"publisher\":{\"@id\":\"https:\/\/www.manaus.am.gov.br\/semad\/#organization\"},\"alternateName\":\"Secretaria Municipal de Administra\u00e7\u00e3o, Planejamento e Gest\u00e3o\",\"potentialAction\":[{\"@type\":\"SearchAction\",\"target\":{\"@type\":\"EntryPoint\",\"urlTemplate\":\"https:\/\/www.manaus.am.gov.br\/semad\/?s={search_term_string}\"},\"query-input\":\"required name=search_term_string\"}],\"inLanguage\":\"pt-BR\"},{\"@type\":\"Organization\",\"@id\":\"https:\/\/www.manaus.am.gov.br\/semad\/#organization\",\"name\":\"Prefeitura Municipal de Manaus\",\"alternateName\":\"Prefeitura de Manaus\",\"url\":\"https:\/\/www.manaus.am.gov.br\/semad\/\",\"logo\":{\"@type\":\"ImageObject\",\"inLanguage\":\"pt-BR\",\"@id\":\"https:\/\/www.manaus.am.gov.br\/semad\/#\/schema\/logo\/image\/\",\"url\":\"https:\/\/www.manaus.am.gov.br\/semad\/wp-content\/uploads\/sites\/21\/2024\/07\/favicon.png\",\"contentUrl\":\"https:\/\/www.manaus.am.gov.br\/semad\/wp-content\/uploads\/sites\/21\/2024\/07\/favicon.png\",\"width\":300,\"height\":300,\"caption\":\"Prefeitura Municipal de Manaus\"},\"image\":{\"@id\":\"https:\/\/www.manaus.am.gov.br\/semad\/#\/schema\/logo\/image\/\"}}]}<\/script>\n<!-- \/ Yoast SEO plugin. -->","yoast_head_json":{"title":"Legisla\u00e7\u00e3o - SEMAD","robots":{"index":"noindex","follow":"follow"},"og_locale":"pt_BR","og_type":"article","og_title":"Legisla\u00e7\u00e3o - SEMAD","og_url":"https:\/\/www.manaus.am.gov.br\/semad\/bolsa-universidade\/legislacao\/","og_site_name":"SEMAD","article_modified_time":"2023-05-19T20:17:06+00:00","og_image":[{"width":966,"height":520,"url":"https:\/\/www.manaus.am.gov.br\/semad\/wp-content\/uploads\/sites\/21\/2024\/07\/thumb-default-2.png","type":"image\/png"}],"twitter_card":"summary_large_image","twitter_misc":{"Est. reading time":"2 minutos"},"schema":{"@context":"https:\/\/schema.org","@graph":[{"@type":"WebPage","@id":"https:\/\/www.manaus.am.gov.br\/semad\/bolsa-universidade\/legislacao\/","url":"https:\/\/www.manaus.am.gov.br\/semad\/bolsa-universidade\/legislacao\/","name":"Legisla\u00e7\u00e3o - SEMAD","isPartOf":{"@id":"https:\/\/www.manaus.am.gov.br\/semad\/#website"},"datePublished":"2023-05-19T20:16:50+00:00","dateModified":"2023-05-19T20:17:06+00:00","breadcrumb":{"@id":"https:\/\/www.manaus.am.gov.br\/semad\/bolsa-universidade\/legislacao\/#breadcrumb"},"inLanguage":"pt-BR","potentialAction":[{"@type":"ReadAction","target":["https:\/\/www.manaus.am.gov.br\/semad\/bolsa-universidade\/legislacao\/"]}]},{"@type":"BreadcrumbList","@id":"https:\/\/www.manaus.am.gov.br\/semad\/bolsa-universidade\/legislacao\/#breadcrumb","itemListElement":[{"@type":"ListItem","position":1,"name":"Home","item":"https:\/\/www.manaus.am.gov.br\/semad\/"},{"@type":"ListItem","position":2,"name":"BOLSA UNIVERSIDADE","item":"https:\/\/www.manaus.am.gov.br\/semad\/bolsa-universidade\/"},{"@type":"ListItem","position":3,"name":"Legisla\u00e7\u00e3o"}]},{"@type":"WebSite","@id":"https:\/\/www.manaus.am.gov.br\/semad\/#website","url":"https:\/\/www.manaus.am.gov.br\/semad\/","name":"SEMAD","description":"Prefeitura de Manaus","publisher":{"@id":"https:\/\/www.manaus.am.gov.br\/semad\/#organization"},"alternateName":"Secretaria Municipal de Administra\u00e7\u00e3o, Planejamento e Gest\u00e3o","potentialAction":[{"@type":"SearchAction","target":{"@type":"EntryPoint","urlTemplate":"https:\/\/www.manaus.am.gov.br\/semad\/?s={search_term_string}"},"query-input":"required name=search_term_string"}],"inLanguage":"pt-BR"},{"@type":"Organization","@id":"https:\/\/www.manaus.am.gov.br\/semad\/#organization","name":"Prefeitura Municipal de Manaus","alternateName":"Prefeitura de Manaus","url":"https:\/\/www.manaus.am.gov.br\/semad\/","logo":{"@type":"ImageObject","inLanguage":"pt-BR","@id":"https:\/\/www.manaus.am.gov.br\/semad\/#\/schema\/logo\/image\/","url":"https:\/\/www.manaus.am.gov.br\/semad\/wp-content\/uploads\/sites\/21\/2024\/07\/favicon.png","contentUrl":"https:\/\/www.manaus.am.gov.br\/semad\/wp-content\/uploads\/sites\/21\/2024\/07\/favicon.png","width":300,"height":300,"caption":"Prefeitura Municipal de Manaus"},"image":{"@id":"https:\/\/www.manaus.am.gov.br\/semad\/#\/schema\/logo\/image\/"}}]}},"_links":{"self":[{"href":"https:\/\/www.manaus.am.gov.br\/semad\/wp-json\/wp\/v2\/pages\/544"}],"collection":[{"href":"https:\/\/www.manaus.am.gov.br\/semad\/wp-json\/wp\/v2\/pages"}],"about":[{"href":"https:\/\/www.manaus.am.gov.br\/semad\/wp-json\/wp\/v2\/types\/page"}],"author":[{"embeddable":true,"href":"https:\/\/www.manaus.am.gov.br\/semad\/wp-json\/wp\/v2\/users\/27"}],"replies":[{"embeddable":true,"href":"https:\/\/www.manaus.am.gov.br\/semad\/wp-json\/wp\/v2\/comments?post=544"}],"version-history":[{"count":1,"href":"https:\/\/www.manaus.am.gov.br\/semad\/wp-json\/wp\/v2\/pages\/544\/revisions"}],"predecessor-version":[{"id":545,"href":"https:\/\/www.manaus.am.gov.br\/semad\/wp-json\/wp\/v2\/pages\/544\/revisions\/545"}],"up":[{"embeddable":true,"href":"https:\/\/www.manaus.am.gov.br\/semad\/wp-json\/wp\/v2\/pages\/516"}],"wp:attachment":[{"href":"https:\/\/www.manaus.am.gov.br\/semad\/wp-json\/wp\/v2\/media?parent=544"}],"curies":[{"name":"wp","href":"https:\/\/api.w.org\/{rel}","templated":true}]}}