{"id":260,"date":"2023-05-15T16:54:43","date_gmt":"2023-05-15T20:54:43","guid":{"rendered":"https:\/\/www.manaus.am.gov.br\/semad\/?page_id=260"},"modified":"2023-05-19T07:55:26","modified_gmt":"2023-05-19T11:55:26","slug":"sobre","status":"publish","type":"page","link":"https:\/\/www.manaus.am.gov.br\/semad\/manausmed\/sobre\/","title":{"rendered":"Sobre"},"content":{"rendered":"\n<p>O Servi\u00e7o de Assist\u00eancia \u00e0 Sa\u00fade dos Servidores P\u00fablicos de Manaus &#8211; MANAUSMED \u00e9 ente de coopera\u00e7\u00e3o governamental, com o objetivo de gerir o Servi\u00e7o de Assist\u00eancia \u00e0 Sa\u00fade dos Servidores P\u00fablicos do Munic\u00edpio de Manaus, segundo o Plano de Sa\u00fade e de Custeio previstos na referida Lei, integrante da Administra\u00e7\u00e3o Indireta do Poder Executivo nos termos do Contrato de Gest\u00e3o celebrado com o Munic\u00edpio, por meio da Secretaria Municipal de Administra\u00e7\u00e3o, tendo por finalidades:<\/p>\n\n\n\n<p>I &#8211; planejar, executar e controlar as atividades do Plano de Sa\u00fade Funcional, destinado aos servidores p\u00fablicos municipais ativos e inativos, seus dependentes e pensionistas;<\/p>\n\n\n\n<p>II &#8211; realizar periodicamente a atualiza\u00e7\u00e3o cadastral dos dados dos servidores ativos, inativos e pensionistas e outros benefici\u00e1rios do Plano de Sa\u00fade Funcional, atualizando seus dados e possibilitando condi\u00e7\u00f5es para avalia\u00e7\u00f5es e estudos atuariais;<\/p>\n\n\n\n<p>III &#8211; manter estreito relacionamento com os demais \u00f3rg\u00e3os da Administra\u00e7\u00e3o Municipal, buscando adequa\u00e7\u00e3o na interdepend\u00eancia de suas \u00e1reas de interesse;<\/p>\n\n\n\n<p>IV &#8211; cumprir o Contrato de Gest\u00e3o firmado com a Prefeitura de Manaus, buscando padr\u00f5es de excel\u00eancia, de qualidade e de satisfa\u00e7\u00e3o do Munic\u00edpio e dos benefici\u00e1rios do Plano de Sa\u00fade Funcional;<\/p>\n\n\n\n<p>V &#8211; administrar jur\u00eddica, financeira e contabilmente os Fundos de Custeio do Plano de Sa\u00fade, de que trata a Lei n\u00ba <a class=\"inline\" href=\"https:\/\/leismunicipais.com.br\/a\/am\/m\/manaus\/lei-ordinaria\/2006\/94\/946\/lei-ordinaria-n-946-2006-dispoe-sobre-o-plano-de-saude-dos-servidores-publicos-do-municipio-de-manaus-servmed-institui-o-correspondente-fundo-de-custeio-funserv-a-entidade-gestora-manausmed-e-adota-outras-providencias\">946<\/a>, de 20 de janeiro de 2006.<\/p>\n","protected":false},"excerpt":{"rendered":"","protected":false},"author":27,"featured_media":0,"parent":258,"menu_order":0,"comment_status":"closed","ping_status":"closed","template":"templates\/turismo.php","meta":{"footnotes":""},"acf":[],"yoast_head":"<!-- This site is optimized with the Yoast SEO plugin v23.0 - https:\/\/yoast.com\/wordpress\/plugins\/seo\/ -->\n<title>Sobre - SEMAD<\/title>\n<meta name=\"robots\" content=\"noindex, follow\" \/>\n<meta property=\"og:locale\" content=\"pt_BR\" \/>\n<meta property=\"og:type\" content=\"article\" \/>\n<meta property=\"og:title\" content=\"Sobre - SEMAD\" \/>\n<meta property=\"og:url\" content=\"https:\/\/www.manaus.am.gov.br\/semad\/manausmed\/sobre\/\" \/>\n<meta property=\"og:site_name\" content=\"SEMAD\" \/>\n<meta property=\"article:modified_time\" content=\"2023-05-19T11:55:26+00:00\" \/>\n<meta property=\"og:image\" content=\"https:\/\/www.manaus.am.gov.br\/semad\/wp-content\/uploads\/sites\/21\/2024\/07\/thumb-default-2.png\" \/>\n\t<meta property=\"og:image:width\" content=\"966\" \/>\n\t<meta property=\"og:image:height\" content=\"520\" \/>\n\t<meta property=\"og:image:type\" content=\"image\/png\" \/>\n<meta name=\"twitter:card\" content=\"summary_large_image\" \/>\n<meta name=\"twitter:label1\" content=\"Est. reading time\" \/>\n\t<meta name=\"twitter:data1\" content=\"2 minutos\" \/>\n<script type=\"application\/ld+json\" class=\"yoast-schema-graph\">{\"@context\":\"https:\/\/schema.org\",\"@graph\":[{\"@type\":\"WebPage\",\"@id\":\"https:\/\/www.manaus.am.gov.br\/semad\/manausmed\/sobre\/\",\"url\":\"https:\/\/www.manaus.am.gov.br\/semad\/manausmed\/sobre\/\",\"name\":\"Sobre - SEMAD\",\"isPartOf\":{\"@id\":\"https:\/\/www.manaus.am.gov.br\/semad\/#website\"},\"datePublished\":\"2023-05-15T20:54:43+00:00\",\"dateModified\":\"2023-05-19T11:55:26+00:00\",\"breadcrumb\":{\"@id\":\"https:\/\/www.manaus.am.gov.br\/semad\/manausmed\/sobre\/#breadcrumb\"},\"inLanguage\":\"pt-BR\",\"potentialAction\":[{\"@type\":\"ReadAction\",\"target\":[\"https:\/\/www.manaus.am.gov.br\/semad\/manausmed\/sobre\/\"]}]},{\"@type\":\"BreadcrumbList\",\"@id\":\"https:\/\/www.manaus.am.gov.br\/semad\/manausmed\/sobre\/#breadcrumb\",\"itemListElement\":[{\"@type\":\"ListItem\",\"position\":1,\"name\":\"Home\",\"item\":\"https:\/\/www.manaus.am.gov.br\/semad\/\"},{\"@type\":\"ListItem\",\"position\":2,\"name\":\"MANAUSMED\",\"item\":\"https:\/\/www.manaus.am.gov.br\/semad\/manausmed\/\"},{\"@type\":\"ListItem\",\"position\":3,\"name\":\"Sobre\"}]},{\"@type\":\"WebSite\",\"@id\":\"https:\/\/www.manaus.am.gov.br\/semad\/#website\",\"url\":\"https:\/\/www.manaus.am.gov.br\/semad\/\",\"name\":\"SEMAD\",\"description\":\"Prefeitura de Manaus\",\"publisher\":{\"@id\":\"https:\/\/www.manaus.am.gov.br\/semad\/#organization\"},\"alternateName\":\"Secretaria Municipal de Administra\u00e7\u00e3o, Planejamento e Gest\u00e3o\",\"potentialAction\":[{\"@type\":\"SearchAction\",\"target\":{\"@type\":\"EntryPoint\",\"urlTemplate\":\"https:\/\/www.manaus.am.gov.br\/semad\/?s={search_term_string}\"},\"query-input\":\"required name=search_term_string\"}],\"inLanguage\":\"pt-BR\"},{\"@type\":\"Organization\",\"@id\":\"https:\/\/www.manaus.am.gov.br\/semad\/#organization\",\"name\":\"Prefeitura Municipal de Manaus\",\"alternateName\":\"Prefeitura de Manaus\",\"url\":\"https:\/\/www.manaus.am.gov.br\/semad\/\",\"logo\":{\"@type\":\"ImageObject\",\"inLanguage\":\"pt-BR\",\"@id\":\"https:\/\/www.manaus.am.gov.br\/semad\/#\/schema\/logo\/image\/\",\"url\":\"https:\/\/www.manaus.am.gov.br\/semad\/wp-content\/uploads\/sites\/21\/2024\/07\/favicon.png\",\"contentUrl\":\"https:\/\/www.manaus.am.gov.br\/semad\/wp-content\/uploads\/sites\/21\/2024\/07\/favicon.png\",\"width\":300,\"height\":300,\"caption\":\"Prefeitura Municipal de Manaus\"},\"image\":{\"@id\":\"https:\/\/www.manaus.am.gov.br\/semad\/#\/schema\/logo\/image\/\"}}]}<\/script>\n<!-- \/ Yoast SEO plugin. -->","yoast_head_json":{"title":"Sobre - SEMAD","robots":{"index":"noindex","follow":"follow"},"og_locale":"pt_BR","og_type":"article","og_title":"Sobre - SEMAD","og_url":"https:\/\/www.manaus.am.gov.br\/semad\/manausmed\/sobre\/","og_site_name":"SEMAD","article_modified_time":"2023-05-19T11:55:26+00:00","og_image":[{"width":966,"height":520,"url":"https:\/\/www.manaus.am.gov.br\/semad\/wp-content\/uploads\/sites\/21\/2024\/07\/thumb-default-2.png","type":"image\/png"}],"twitter_card":"summary_large_image","twitter_misc":{"Est. reading time":"2 minutos"},"schema":{"@context":"https:\/\/schema.org","@graph":[{"@type":"WebPage","@id":"https:\/\/www.manaus.am.gov.br\/semad\/manausmed\/sobre\/","url":"https:\/\/www.manaus.am.gov.br\/semad\/manausmed\/sobre\/","name":"Sobre - SEMAD","isPartOf":{"@id":"https:\/\/www.manaus.am.gov.br\/semad\/#website"},"datePublished":"2023-05-15T20:54:43+00:00","dateModified":"2023-05-19T11:55:26+00:00","breadcrumb":{"@id":"https:\/\/www.manaus.am.gov.br\/semad\/manausmed\/sobre\/#breadcrumb"},"inLanguage":"pt-BR","potentialAction":[{"@type":"ReadAction","target":["https:\/\/www.manaus.am.gov.br\/semad\/manausmed\/sobre\/"]}]},{"@type":"BreadcrumbList","@id":"https:\/\/www.manaus.am.gov.br\/semad\/manausmed\/sobre\/#breadcrumb","itemListElement":[{"@type":"ListItem","position":1,"name":"Home","item":"https:\/\/www.manaus.am.gov.br\/semad\/"},{"@type":"ListItem","position":2,"name":"MANAUSMED","item":"https:\/\/www.manaus.am.gov.br\/semad\/manausmed\/"},{"@type":"ListItem","position":3,"name":"Sobre"}]},{"@type":"WebSite","@id":"https:\/\/www.manaus.am.gov.br\/semad\/#website","url":"https:\/\/www.manaus.am.gov.br\/semad\/","name":"SEMAD","description":"Prefeitura de Manaus","publisher":{"@id":"https:\/\/www.manaus.am.gov.br\/semad\/#organization"},"alternateName":"Secretaria Municipal de Administra\u00e7\u00e3o, Planejamento e Gest\u00e3o","potentialAction":[{"@type":"SearchAction","target":{"@type":"EntryPoint","urlTemplate":"https:\/\/www.manaus.am.gov.br\/semad\/?s={search_term_string}"},"query-input":"required name=search_term_string"}],"inLanguage":"pt-BR"},{"@type":"Organization","@id":"https:\/\/www.manaus.am.gov.br\/semad\/#organization","name":"Prefeitura Municipal de Manaus","alternateName":"Prefeitura de Manaus","url":"https:\/\/www.manaus.am.gov.br\/semad\/","logo":{"@type":"ImageObject","inLanguage":"pt-BR","@id":"https:\/\/www.manaus.am.gov.br\/semad\/#\/schema\/logo\/image\/","url":"https:\/\/www.manaus.am.gov.br\/semad\/wp-content\/uploads\/sites\/21\/2024\/07\/favicon.png","contentUrl":"https:\/\/www.manaus.am.gov.br\/semad\/wp-content\/uploads\/sites\/21\/2024\/07\/favicon.png","width":300,"height":300,"caption":"Prefeitura Municipal de Manaus"},"image":{"@id":"https:\/\/www.manaus.am.gov.br\/semad\/#\/schema\/logo\/image\/"}}]}},"_links":{"self":[{"href":"https:\/\/www.manaus.am.gov.br\/semad\/wp-json\/wp\/v2\/pages\/260"}],"collection":[{"href":"https:\/\/www.manaus.am.gov.br\/semad\/wp-json\/wp\/v2\/pages"}],"about":[{"href":"https:\/\/www.manaus.am.gov.br\/semad\/wp-json\/wp\/v2\/types\/page"}],"author":[{"embeddable":true,"href":"https:\/\/www.manaus.am.gov.br\/semad\/wp-json\/wp\/v2\/users\/27"}],"replies":[{"embeddable":true,"href":"https:\/\/www.manaus.am.gov.br\/semad\/wp-json\/wp\/v2\/comments?post=260"}],"version-history":[{"count":3,"href":"https:\/\/www.manaus.am.gov.br\/semad\/wp-json\/wp\/v2\/pages\/260\/revisions"}],"predecessor-version":[{"id":501,"href":"https:\/\/www.manaus.am.gov.br\/semad\/wp-json\/wp\/v2\/pages\/260\/revisions\/501"}],"up":[{"embeddable":true,"href":"https:\/\/www.manaus.am.gov.br\/semad\/wp-json\/wp\/v2\/pages\/258"}],"wp:attachment":[{"href":"https:\/\/www.manaus.am.gov.br\/semad\/wp-json\/wp\/v2\/media?parent=260"}],"curies":[{"name":"wp","href":"https:\/\/api.w.org\/{rel}","templated":true}]}}