{"id":2267,"date":"2025-11-24T14:46:29","date_gmt":"2025-11-24T18:46:29","guid":{"rendered":"https:\/\/www.manaus.am.gov.br\/semad\/?page_id=2267"},"modified":"2026-01-14T14:05:55","modified_gmt":"2026-01-14T18:05:55","slug":"encerrados","status":"publish","type":"page","link":"https:\/\/www.manaus.am.gov.br\/semad\/espi\/processos-seletivos\/encerrados\/","title":{"rendered":"Encerrados"},"content":{"rendered":"\n<h2 class=\"wp-block-heading\"><strong>PROCESSO SELETIVO 2026\/1<\/strong><\/h2>\n\n\n\n<p><strong>PROGRAMA BOLSA UNIVERSIDADE<\/strong><\/p>\n\n\n\n<p><strong>&nbsp; &nbsp;Resultado Final do Processo Seletivo<\/strong><\/p>\n\n\n\n<p><a href=\"https:\/\/www.manaus.am.gov.br\/semad\/wp-content\/uploads\/sites\/21\/2026\/01\/DOM-6230-13.01.2026-CAD-2.pdf\">Lista em PDF<\/a><\/p>\n\n\n\n<p><\/p>\n\n\n\n<h2 class=\"wp-block-heading\"><strong>PROCESSO SELETIVO 2024\/1<\/strong><\/h2>\n\n\n\n<p><strong>PROGRAMA BOLSA UNIVERSIDADE<\/strong><\/p>\n\n\n\n<p><strong>&nbsp; &nbsp;Resultado Final do Processo Seletivo<\/strong><\/p>\n\n\n\n<p><a href=\"https:\/\/www.manaus.am.gov.br\/semad\/wp-content\/uploads\/sites\/21\/2025\/11\/Contemplados_PBU_2024.pdf\">Lista em PDF<\/a><\/p>\n\n\n\n<p><strong>&nbsp; &nbsp;Resultado 2\u00ba chamada<\/strong><\/p>\n\n\n\n<p><a href=\"https:\/\/www.manaus.am.gov.br\/semad\/wp-content\/uploads\/sites\/21\/2025\/11\/Classificados_2aChamada_PBU_2024.pdf\">Lista em PDF<\/a><\/p>\n\n\n\n<p><strong>&nbsp; &nbsp;Resultado 1\u00ba chamada<\/strong><\/p>\n\n\n\n<p><a href=\"https:\/\/www.manaus.am.gov.br\/semad\/wp-content\/uploads\/sites\/21\/2025\/11\/Pdf_Resultado_PBU_2024_1aChamada.pdf\">Lista em PDF<\/a><\/p>\n\n\n\n<p><a href=\"https:\/\/www.manaus.am.gov.br\/semad\/wp-content\/uploads\/sites\/21\/2025\/11\/Edital-PBU_2024.pdf\">Edital PBU 2024<\/a><\/p>\n\n\n\n<p><strong>&nbsp;ANEXO 01 \u2013 VAGAS<\/strong><\/p>\n\n\n\n<p><a href=\"https:\/\/www.manaus.am.gov.br\/semad\/wp-content\/uploads\/sites\/21\/2025\/11\/ANEXO-01-VAGAS-EDITAL-PBU2024.1.pdf\">Clique aqui<\/a><\/p>\n\n\n\n<p><strong>ANEXO 02 \u2013 DECLARA\u00c7\u00c3O DE VIDA E RESID\u00caNCIA<\/strong><\/p>\n\n\n\n<p><a href=\"https:\/\/www.manaus.am.gov.br\/semad\/wp-content\/uploads\/sites\/21\/2025\/11\/ANEXO-02-PBU2024-VIDA-E-RESIDENCIA.pdf\">Clique aqui<\/a><\/p>\n\n\n\n<p><strong>ANEXO 03 \u2013 DECLARA\u00c7\u00c3O DE AUT\u00d4NOMO<\/strong><\/p>\n\n\n\n<p><a href=\"https:\/\/www.manaus.am.gov.br\/semad\/wp-content\/uploads\/sites\/21\/2025\/11\/ANEXO-03-PBU2024-AUTONOMO.pdf\">Clique aqui<\/a><\/p>\n\n\n\n<p><strong>ANEXO 04 \u2013 LOCAIS DE RECEBIMENTO<\/strong><\/p>\n\n\n\n<p><a href=\"https:\/\/www.manaus.am.gov.br\/semad\/wp-content\/uploads\/sites\/21\/2025\/11\/ANEXO-04-PBU2024-LOCAIS-DE-RECEBIMENTO.pdf\">Clique aqui<\/a><\/p>\n\n\n\n<p><strong>ANEXO 05 \u2013 FORMUL\u00c1RIO PARA RECURSO<\/strong><\/p>\n\n\n\n<p><a href=\"https:\/\/www.manaus.am.gov.br\/semad\/wp-content\/uploads\/sites\/21\/2025\/11\/ANEXO-05-PBU2024-RECURSO.pdf\">Clique aqui<\/a><\/p>\n\n\n\n<p><a href=\"https:\/\/portalespi.manaus.am.gov.br\/bolsa-universidade\/\">Legisla\u00e7\u00e3o<\/a><\/p>\n\n\n\n<p><strong><u>INSCRI\u00c7\u00d5ES ENCERRADAS<\/u><\/strong><\/p>\n\n\n\n<p><strong><u>PROGRAMA BOLSA-P\u00d3S GRADUA\u00c7\u00c3O<\/u><\/strong><\/p>\n\n\n\n<p><strong>Resultado Final do Processo Seletivo<\/strong><\/p>\n\n\n\n<p><a href=\"https:\/\/www.manaus.am.gov.br\/semad\/wp-content\/uploads\/sites\/21\/2025\/11\/Contemplados_PBPG_2024-01.pdf\">Lista em PDF<\/a><\/p>\n\n\n\n<p><strong>Resultado 2\u00b0 chamada<\/strong><\/p>\n\n\n\n<p><a href=\"https:\/\/www.manaus.am.gov.br\/semad\/wp-content\/uploads\/sites\/21\/2025\/11\/RESULTADO-2a-CHAMADA-PBPG-2024.pdf\">Lista em PDF<\/a><\/p>\n\n\n\n<p><strong>Resultado da 1\u00b0 chamada&nbsp;<\/strong><\/p>\n\n\n\n<p><a href=\"https:\/\/www.manaus.am.gov.br\/semad\/wp-content\/uploads\/sites\/21\/2025\/11\/RESULTADO-1a-CHAMADA-PBPG-2024.pdf\">Lista em PDF<\/a><\/p>\n\n\n\n<p><strong><u>INSCRI\u00c7\u00d5ES ENCERRADAS<\/u><\/strong><\/p>\n\n\n\n<p><a href=\"https:\/\/www.manaus.am.gov.br\/semad\/wp-content\/uploads\/sites\/21\/2025\/11\/Edital-PBPG-2024.pdf\">Edital PBPG 2024<\/a><\/p>\n\n\n\n<p><a href=\"https:\/\/portalespi.manaus.am.gov.br\/bolsa-pos-graduacao\/\">Legisla\u00e7\u00e3o<\/a><\/p>\n\n\n\n<h2 class=\"wp-block-heading\"><strong>PROCESSO SELETIVO 2023\/1<\/strong><\/h2>\n\n\n\n<p><strong>PROGRAMA BOLSA UNIVERSIDADE<\/strong><\/p>\n\n\n\n<p><a href=\"https:\/\/www.manaus.am.gov.br\/semad\/wp-content\/uploads\/sites\/21\/2025\/11\/Edital-PBU-2023-1.pdf\">Edital PBU 2023<\/a><\/p>\n\n\n\n<p><strong><u>INSCRI\u00c7\u00d5ES ENCERRADAS<\/u><\/strong><\/p>\n\n\n\n<p><strong>Consultar Resultado&nbsp;<\/strong><\/p>\n\n\n\n<p><a href=\"https:\/\/sgbu.manaus.am.gov.br\/inscricao\/acesso\/login\">Portal do Candidato<\/a><\/p>\n\n\n\n<p><strong>Resultado da 1\u00b0 chamada&nbsp;<\/strong><\/p>\n\n\n\n<p><a href=\"https:\/\/www.manaus.am.gov.br\/semad\/wp-content\/uploads\/sites\/21\/2025\/11\/RESULTADO-GERAL-PBU-2023-1.pdf\">Lista em PDF<\/a><\/p>\n\n\n\n<p><strong>Resultado 2\u00b0 chamada<\/strong><\/p>\n\n\n\n<p><a href=\"https:\/\/www.manaus.am.gov.br\/semad\/wp-content\/uploads\/sites\/21\/2025\/11\/Classificados-2a-Chamada-PBU2023-1.pdf\">Lista em PDF<\/a><\/p>\n\n\n\n<p><strong>Resultado dos Rercursos<\/strong><\/p>\n\n\n\n<p><a href=\"https:\/\/www.manaus.am.gov.br\/semad\/wp-content\/uploads\/sites\/21\/2025\/11\/Portaria-Recursos-PBU-2023-1.pdf\">Clique aqui<\/a><\/p>\n\n\n\n<p><strong>Resultado Final do Processo Seletivo<\/strong><\/p>\n\n\n\n<p><a href=\"https:\/\/www.manaus.am.gov.br\/semad\/wp-content\/uploads\/sites\/21\/2025\/11\/RESULTADO-PBU-2023-1-FINAL.pdf\">Clique aqui<\/a><\/p>\n\n\n\n<p><a href=\"https:\/\/portalespi.manaus.am.gov.br\/bolsa-universidade\/\">Legisla\u00e7\u00e3o<\/a><\/p>\n\n\n\n<p><strong>PROGRAMA BOLSA IDIOMAS<\/strong><\/p>\n\n\n\n<p><a href=\"https:\/\/www.manaus.am.gov.br\/semad\/wp-content\/uploads\/sites\/21\/2025\/11\/Edital-PBI-2023.pdf\">Edital<\/a><\/p>\n\n\n\n<p><strong>Endere\u00e7os de&nbsp; Recebimento<\/strong><\/p>\n\n\n\n<p><a href=\"https:\/\/www.manaus.am.gov.br\/semad\/wp-content\/uploads\/sites\/21\/2025\/11\/Anexo-02-Locais-de-Recebimento.pdf\">Clique aqui<\/a><\/p>\n\n\n\n<p><strong>Resultado da 1\u00b0 chamada&nbsp;<\/strong><\/p>\n\n\n\n<p><a href=\"https:\/\/www.manaus.am.gov.br\/semad\/wp-content\/uploads\/sites\/21\/2025\/11\/RESULTADO-DA-PRIMEIRA-CHAMADA-PBI-2023.pdf\">Lista em PDF<\/a><\/p>\n\n\n\n<p><strong>Resultado 2\u00b0 chamada<\/strong><\/p>\n\n\n\n<p><a href=\"https:\/\/www.manaus.am.gov.br\/semad\/wp-content\/uploads\/sites\/21\/2025\/11\/RESULTADO-SEGUNDA-CHAMADA-PBI2023.pdf\">Lista em PDF<\/a><\/p>\n\n\n\n<p><strong>Processo Seletivo 2022\/2<\/strong><\/p>\n\n\n\n<p><strong>Programa Bolsa Idiomas<\/strong><\/p>\n\n\n\n<p><a href=\"https:\/\/www.manaus.am.gov.br\/semad\/wp-content\/uploads\/sites\/21\/2025\/11\/20222-001-Edital20222-pbi.pdf\">Edital<\/a><br><a href=\"https:\/\/www.manaus.am.gov.br\/semad\/wp-content\/uploads\/sites\/21\/2025\/11\/20222-002-AnexoEdital20222-pbi.pdf\">Endere\u00e7os de Recebimento<\/a><br><a href=\"https:\/\/www.manaus.am.gov.br\/semad\/wp-content\/uploads\/sites\/21\/2025\/11\/20222-003-RESULTADO-PBI.pdf\">Resultado<\/a><\/p>\n\n\n\n<p><strong>Programa Bolsa P\u00f3s-gradua\u00e7\u00e3o<\/strong><\/p>\n\n\n\n<p><a href=\"https:\/\/www.manaus.am.gov.br\/semad\/wp-content\/uploads\/sites\/21\/2025\/11\/20222-001-Edital20222-pbpg.pdf\">Edital<\/a><br><a href=\"https:\/\/www.manaus.am.gov.br\/semad\/wp-content\/uploads\/sites\/21\/2025\/11\/20222-002-AnexoEdital20222-pbpg.pdf\">Endere\u00e7os de Recebimento<\/a><br><a href=\"https:\/\/www.manaus.am.gov.br\/semad\/wp-content\/uploads\/sites\/21\/2025\/11\/20222-003-RESULTADO-PBPG.pdf\">Resultado<\/a><\/p>\n\n\n\n<hr class=\"wp-block-separator has-alpha-channel-opacity\"\/>\n\n\n\n<h2 class=\"wp-block-heading\"><strong>Processo Seletivo 2022\/1<\/strong><\/h2>\n\n\n\n<p><strong>Programa Bolsa Idiomas<\/strong><\/p>\n\n\n\n<p><a href=\"https:\/\/www.manaus.am.gov.br\/semad\/wp-content\/uploads\/sites\/21\/2025\/11\/20221-001-EditalPBI.pdf\">Edital<\/a><br><a href=\"https:\/\/www.manaus.am.gov.br\/semad\/wp-content\/uploads\/sites\/21\/2025\/11\/20221-002-ResultadoPBI.pdf\">Resultado<\/a><\/p>\n\n\n\n<p><strong>Programa Bolsa Universidade<\/strong><\/p>\n\n\n\n<p><a href=\"https:\/\/www.manaus.am.gov.br\/semad\/wp-content\/uploads\/sites\/21\/2025\/11\/20221-001-EditalPBU.pdf\">Edital<\/a><br><a href=\"https:\/\/www.manaus.am.gov.br\/semad\/wp-content\/uploads\/sites\/21\/2025\/11\/20221-002-ResultadoPBU.pdf\">Resultado<\/a><\/p>\n\n\n\n<hr class=\"wp-block-separator has-alpha-channel-opacity\"\/>\n\n\n\n<h2 class=\"wp-block-heading\"><strong>Anos anteriores<\/strong><\/h2>\n\n\n\n<p><strong>Processo Seletivo 2021\/2<\/strong><\/p>\n\n\n\n<p>Programa Bolsa Universidade<br><a href=\"https:\/\/www.manaus.am.gov.br\/semad\/wp-content\/uploads\/sites\/21\/2025\/11\/20212-001-EditalPBU.pdf\">Edital<\/a><br><a href=\"https:\/\/www.manaus.am.gov.br\/semad\/wp-content\/uploads\/sites\/21\/2025\/11\/20212-002-ErrataPBU.pdf\">Errata<\/a><br><a href=\"https:\/\/www.manaus.am.gov.br\/semad\/wp-content\/uploads\/sites\/21\/2025\/11\/20212-003-Anexo02PBU.pdf\">Endere\u00e7os de Recebimento<\/a><br><a href=\"https:\/\/www.manaus.am.gov.br\/semad\/wp-content\/uploads\/sites\/21\/2025\/11\/20212-004-ResultadoPBU.pdf\">Resultado<\/a><br><a href=\"https:\/\/www.manaus.am.gov.br\/semad\/wp-content\/uploads\/sites\/21\/2025\/11\/20212-005-ResultadoRecursosPBU.pdf\">Resultado Recursos<\/a><\/p>\n\n\n\n<p><strong>Processo Seletivo 2021\/1<\/strong><\/p>\n\n\n\n<p><strong>Programa Bolsa Idiomas<\/strong><br><a href=\"https:\/\/www.manaus.am.gov.br\/semad\/wp-content\/uploads\/sites\/21\/2025\/11\/20211-001-EditalPBI.pdf\">Edital<\/a><br><a href=\"https:\/\/www.manaus.am.gov.br\/semad\/wp-content\/uploads\/sites\/21\/2025\/11\/20211-002-AlteracaoEditalPBI.pdf\">Altera\u00e7\u00e3o Edital<\/a><br><a href=\"https:\/\/www.manaus.am.gov.br\/semad\/wp-content\/uploads\/sites\/21\/2025\/11\/20211-003-ResultadoPBI.pdf\">Resultado<\/a><\/p>\n\n\n\n<p><strong>Programa Bolsa P\u00f3s-gradua\u00e7\u00e3o<\/strong><br><a href=\"https:\/\/www.manaus.am.gov.br\/semad\/wp-content\/uploads\/sites\/21\/2025\/11\/20211-001-EditalPBPG.pdf\">Edital<\/a><br><a href=\"https:\/\/www.manaus.am.gov.br\/semad\/wp-content\/uploads\/sites\/21\/2025\/11\/20211-005-ResultadoPBPG.pdf\">Resultado<\/a><\/p>\n\n\n\n<p><strong>Programa Bolsa Universidade<\/strong><br><a href=\"https:\/\/www.manaus.am.gov.br\/semad\/wp-content\/uploads\/sites\/21\/2025\/11\/20211-001-EditalPBU.pdf\">Edital<\/a><br><a href=\"https:\/\/www.manaus.am.gov.br\/semad\/wp-content\/uploads\/sites\/21\/2025\/11\/20211-002-ErrataEditalPBU.pdf\">Errata<\/a><br><a href=\"https:\/\/www.manaus.am.gov.br\/semad\/wp-content\/uploads\/sites\/21\/2025\/11\/20211-003-AlteracaoEditalPBU.pdf\">Altera\u00e7\u00e3o Edital<\/a><br><a href=\"https:\/\/www.manaus.am.gov.br\/semad\/wp-content\/uploads\/sites\/21\/2025\/11\/20211-004-2aAlteracaoEditalPBU.pdf\">2a Altera\u00e7\u00e3o Edital<\/a><br><a href=\"https:\/\/www.manaus.am.gov.br\/semad\/wp-content\/uploads\/sites\/21\/2025\/11\/20211-005-ResultadoPBU.pdf\">Resultado<\/a><\/p>\n","protected":false},"excerpt":{"rendered":"","protected":false},"author":8,"featured_media":0,"parent":2262,"menu_order":0,"comment_status":"closed","ping_status":"closed","template":"","meta":{"footnotes":""},"acf":[],"yoast_head":"<!-- This site is optimized with the Yoast SEO plugin v23.0 - https:\/\/yoast.com\/wordpress\/plugins\/seo\/ -->\n<title>Encerrados - SEMAD<\/title>\n<meta name=\"robots\" content=\"noindex, follow\" \/>\n<meta property=\"og:locale\" content=\"pt_BR\" \/>\n<meta property=\"og:type\" content=\"article\" \/>\n<meta property=\"og:title\" content=\"Encerrados - SEMAD\" \/>\n<meta property=\"og:url\" content=\"https:\/\/www.manaus.am.gov.br\/semad\/espi\/processos-seletivos\/encerrados\/\" \/>\n<meta property=\"og:site_name\" content=\"SEMAD\" \/>\n<meta property=\"article:modified_time\" content=\"2026-01-14T18:05:55+00:00\" \/>\n<meta property=\"og:image\" content=\"https:\/\/www.manaus.am.gov.br\/semad\/wp-content\/uploads\/sites\/21\/2024\/07\/thumb-default-2.png\" \/>\n\t<meta property=\"og:image:width\" content=\"966\" \/>\n\t<meta property=\"og:image:height\" content=\"520\" \/>\n\t<meta property=\"og:image:type\" content=\"image\/png\" \/>\n<meta name=\"twitter:card\" content=\"summary_large_image\" \/>\n<meta name=\"twitter:label1\" content=\"Est. reading time\" \/>\n\t<meta name=\"twitter:data1\" content=\"2 minutos\" \/>\n<script type=\"application\/ld+json\" class=\"yoast-schema-graph\">{\"@context\":\"https:\/\/schema.org\",\"@graph\":[{\"@type\":\"WebPage\",\"@id\":\"https:\/\/www.manaus.am.gov.br\/semad\/espi\/processos-seletivos\/encerrados\/\",\"url\":\"https:\/\/www.manaus.am.gov.br\/semad\/espi\/processos-seletivos\/encerrados\/\",\"name\":\"Encerrados - SEMAD\",\"isPartOf\":{\"@id\":\"https:\/\/www.manaus.am.gov.br\/semad\/#website\"},\"datePublished\":\"2025-11-24T18:46:29+00:00\",\"dateModified\":\"2026-01-14T18:05:55+00:00\",\"breadcrumb\":{\"@id\":\"https:\/\/www.manaus.am.gov.br\/semad\/espi\/processos-seletivos\/encerrados\/#breadcrumb\"},\"inLanguage\":\"pt-BR\",\"potentialAction\":[{\"@type\":\"ReadAction\",\"target\":[\"https:\/\/www.manaus.am.gov.br\/semad\/espi\/processos-seletivos\/encerrados\/\"]}]},{\"@type\":\"BreadcrumbList\",\"@id\":\"https:\/\/www.manaus.am.gov.br\/semad\/espi\/processos-seletivos\/encerrados\/#breadcrumb\",\"itemListElement\":[{\"@type\":\"ListItem\",\"position\":1,\"name\":\"Home\",\"item\":\"https:\/\/www.manaus.am.gov.br\/semad\/\"},{\"@type\":\"ListItem\",\"position\":2,\"name\":\"ESPI\",\"item\":\"https:\/\/www.manaus.am.gov.br\/semad\/espi\/\"},{\"@type\":\"ListItem\",\"position\":3,\"name\":\"Processos Seletivos\",\"item\":\"https:\/\/www.manaus.am.gov.br\/semad\/espi\/processos-seletivos\/\"},{\"@type\":\"ListItem\",\"position\":4,\"name\":\"Encerrados\"}]},{\"@type\":\"WebSite\",\"@id\":\"https:\/\/www.manaus.am.gov.br\/semad\/#website\",\"url\":\"https:\/\/www.manaus.am.gov.br\/semad\/\",\"name\":\"SEMAD\",\"description\":\"Prefeitura de Manaus\",\"publisher\":{\"@id\":\"https:\/\/www.manaus.am.gov.br\/semad\/#organization\"},\"alternateName\":\"Secretaria Municipal de Administra\u00e7\u00e3o, Planejamento e Gest\u00e3o\",\"potentialAction\":[{\"@type\":\"SearchAction\",\"target\":{\"@type\":\"EntryPoint\",\"urlTemplate\":\"https:\/\/www.manaus.am.gov.br\/semad\/?s={search_term_string}\"},\"query-input\":\"required name=search_term_string\"}],\"inLanguage\":\"pt-BR\"},{\"@type\":\"Organization\",\"@id\":\"https:\/\/www.manaus.am.gov.br\/semad\/#organization\",\"name\":\"Prefeitura Municipal de Manaus\",\"alternateName\":\"Prefeitura de Manaus\",\"url\":\"https:\/\/www.manaus.am.gov.br\/semad\/\",\"logo\":{\"@type\":\"ImageObject\",\"inLanguage\":\"pt-BR\",\"@id\":\"https:\/\/www.manaus.am.gov.br\/semad\/#\/schema\/logo\/image\/\",\"url\":\"https:\/\/www.manaus.am.gov.br\/semad\/wp-content\/uploads\/sites\/21\/2024\/07\/favicon.png\",\"contentUrl\":\"https:\/\/www.manaus.am.gov.br\/semad\/wp-content\/uploads\/sites\/21\/2024\/07\/favicon.png\",\"width\":300,\"height\":300,\"caption\":\"Prefeitura Municipal de Manaus\"},\"image\":{\"@id\":\"https:\/\/www.manaus.am.gov.br\/semad\/#\/schema\/logo\/image\/\"}}]}<\/script>\n<!-- \/ Yoast SEO plugin. -->","yoast_head_json":{"title":"Encerrados - SEMAD","robots":{"index":"noindex","follow":"follow"},"og_locale":"pt_BR","og_type":"article","og_title":"Encerrados - SEMAD","og_url":"https:\/\/www.manaus.am.gov.br\/semad\/espi\/processos-seletivos\/encerrados\/","og_site_name":"SEMAD","article_modified_time":"2026-01-14T18:05:55+00:00","og_image":[{"width":966,"height":520,"url":"https:\/\/www.manaus.am.gov.br\/semad\/wp-content\/uploads\/sites\/21\/2024\/07\/thumb-default-2.png","type":"image\/png"}],"twitter_card":"summary_large_image","twitter_misc":{"Est. reading time":"2 minutos"},"schema":{"@context":"https:\/\/schema.org","@graph":[{"@type":"WebPage","@id":"https:\/\/www.manaus.am.gov.br\/semad\/espi\/processos-seletivos\/encerrados\/","url":"https:\/\/www.manaus.am.gov.br\/semad\/espi\/processos-seletivos\/encerrados\/","name":"Encerrados - SEMAD","isPartOf":{"@id":"https:\/\/www.manaus.am.gov.br\/semad\/#website"},"datePublished":"2025-11-24T18:46:29+00:00","dateModified":"2026-01-14T18:05:55+00:00","breadcrumb":{"@id":"https:\/\/www.manaus.am.gov.br\/semad\/espi\/processos-seletivos\/encerrados\/#breadcrumb"},"inLanguage":"pt-BR","potentialAction":[{"@type":"ReadAction","target":["https:\/\/www.manaus.am.gov.br\/semad\/espi\/processos-seletivos\/encerrados\/"]}]},{"@type":"BreadcrumbList","@id":"https:\/\/www.manaus.am.gov.br\/semad\/espi\/processos-seletivos\/encerrados\/#breadcrumb","itemListElement":[{"@type":"ListItem","position":1,"name":"Home","item":"https:\/\/www.manaus.am.gov.br\/semad\/"},{"@type":"ListItem","position":2,"name":"ESPI","item":"https:\/\/www.manaus.am.gov.br\/semad\/espi\/"},{"@type":"ListItem","position":3,"name":"Processos Seletivos","item":"https:\/\/www.manaus.am.gov.br\/semad\/espi\/processos-seletivos\/"},{"@type":"ListItem","position":4,"name":"Encerrados"}]},{"@type":"WebSite","@id":"https:\/\/www.manaus.am.gov.br\/semad\/#website","url":"https:\/\/www.manaus.am.gov.br\/semad\/","name":"SEMAD","description":"Prefeitura de Manaus","publisher":{"@id":"https:\/\/www.manaus.am.gov.br\/semad\/#organization"},"alternateName":"Secretaria Municipal de Administra\u00e7\u00e3o, Planejamento e Gest\u00e3o","potentialAction":[{"@type":"SearchAction","target":{"@type":"EntryPoint","urlTemplate":"https:\/\/www.manaus.am.gov.br\/semad\/?s={search_term_string}"},"query-input":"required name=search_term_string"}],"inLanguage":"pt-BR"},{"@type":"Organization","@id":"https:\/\/www.manaus.am.gov.br\/semad\/#organization","name":"Prefeitura Municipal de Manaus","alternateName":"Prefeitura de Manaus","url":"https:\/\/www.manaus.am.gov.br\/semad\/","logo":{"@type":"ImageObject","inLanguage":"pt-BR","@id":"https:\/\/www.manaus.am.gov.br\/semad\/#\/schema\/logo\/image\/","url":"https:\/\/www.manaus.am.gov.br\/semad\/wp-content\/uploads\/sites\/21\/2024\/07\/favicon.png","contentUrl":"https:\/\/www.manaus.am.gov.br\/semad\/wp-content\/uploads\/sites\/21\/2024\/07\/favicon.png","width":300,"height":300,"caption":"Prefeitura Municipal de Manaus"},"image":{"@id":"https:\/\/www.manaus.am.gov.br\/semad\/#\/schema\/logo\/image\/"}}]}},"_links":{"self":[{"href":"https:\/\/www.manaus.am.gov.br\/semad\/wp-json\/wp\/v2\/pages\/2267"}],"collection":[{"href":"https:\/\/www.manaus.am.gov.br\/semad\/wp-json\/wp\/v2\/pages"}],"about":[{"href":"https:\/\/www.manaus.am.gov.br\/semad\/wp-json\/wp\/v2\/types\/page"}],"author":[{"embeddable":true,"href":"https:\/\/www.manaus.am.gov.br\/semad\/wp-json\/wp\/v2\/users\/8"}],"replies":[{"embeddable":true,"href":"https:\/\/www.manaus.am.gov.br\/semad\/wp-json\/wp\/v2\/comments?post=2267"}],"version-history":[{"count":5,"href":"https:\/\/www.manaus.am.gov.br\/semad\/wp-json\/wp\/v2\/pages\/2267\/revisions"}],"predecessor-version":[{"id":2621,"href":"https:\/\/www.manaus.am.gov.br\/semad\/wp-json\/wp\/v2\/pages\/2267\/revisions\/2621"}],"up":[{"embeddable":true,"href":"https:\/\/www.manaus.am.gov.br\/semad\/wp-json\/wp\/v2\/pages\/2262"}],"wp:attachment":[{"href":"https:\/\/www.manaus.am.gov.br\/semad\/wp-json\/wp\/v2\/media?parent=2267"}],"curies":[{"name":"wp","href":"https:\/\/api.w.org\/{rel}","templated":true}]}}