{"id":2241,"date":"2025-11-24T14:19:50","date_gmt":"2025-11-24T18:19:50","guid":{"rendered":"https:\/\/www.manaus.am.gov.br\/semad\/?page_id=2241"},"modified":"2025-11-25T13:33:14","modified_gmt":"2025-11-25T17:33:14","slug":"convocacoes-2015","status":"publish","type":"page","link":"https:\/\/www.manaus.am.gov.br\/semad\/contrapartida\/convocacoes-2015\/","title":{"rendered":"Convoca\u00e7\u00f5es-2015"},"content":{"rendered":"\n<h2 class=\"wp-block-heading\"><strong>Projeto: Apoio Administrativo\/ ESPI &#8211; Recebimento de Documenta\u00e7\u00e3o PBU<\/strong><\/h2>\n\n\n\n<p><strong>Os bolsistas convocados devem comparecer \u00e0 ESPI (ESCOLA DE SERVI\u00c7O P\u00daBLICO MUNICIPAL E INCLUS\u00c3O SOCIOEDUCACIONAL), localizada na Av. Professor Nilton Lins, n\u00ba 3259 Bloco D \u2013 Parque das Laranjeiras\/ dentro da Faculdade Nilton Lins, no per\u00edodo 25\/11 a 01\/12\/2015, no hor\u00e1rio das 8:00 \u00e0s 17:00h. Solicitamos que tragam c\u00f3pia dos seguintes documentos: RG, CPF e CARTEIRA DE PASSE ESTUDANTIL.<\/strong><br><strong>A reuni\u00e3o acontecer\u00e1 no dia 03\/12\/2015 nos hor\u00e1rios das 9:00 \u00e0s 11:00h OU das 14:00 \u00e0s 16:00h.<\/strong><br><strong>Ressaltamos que a falta de resposta do bolsista \u00e0s convoca\u00e7\u00f5es para atividades de contrapartida pode levar ao desligamento do PBU, conforme o Decreto n. 2.981\/2014, Art. 6\u00ba, \u00a7 5\u00ba.<\/strong><\/p>\n\n\n\n<p><a href=\"https:\/\/www.manaus.am.gov.br\/semad\/wp-content\/uploads\/sites\/21\/2025\/11\/2015-012-RECDOCSPBU.pdf\">Clique aqui<\/a><\/p>\n\n\n\n<p><strong>para visualizar a rela\u00e7\u00e3o dos convocados<\/strong><\/p>\n\n\n\n<h2 class=\"wp-block-heading\"><strong>Projeto Aplicadores Externos da Avalia\u00e7\u00e3o de Desempenho do Estudante (Ade)<\/strong><\/h2>\n\n\n\n<p><strong>Os bolsistas convocados devem comparecer \u00e0 ESPI (ESCOLA DE SERVI\u00c7O P\u00daBLICO MUNICIPAL E INCLUS\u00c3O SOCIOEDUCACIONAL), localizada na Av. Professor Nilton Lins, n\u00ba 3259 Bloco D \u2013 Parque das Laranjeiras\/ dentro da Faculdade Nilton Lins, no per\u00edodo 13 a 19\/11\/2015, no hor\u00e1rio das 8:00 \u00e0s 17:00h. Solicitamos que tragam c\u00f3pia dos seguintes documentos: RG, CPF e CARTEIRA DE PASSE ESTUDANTIL.<\/strong><br><strong>Ressaltamos que a falta de resposta do bolsista \u00e0s convoca\u00e7\u00f5es para atividades de contrapartida pode levar ao desligamento do PBU, conforme o Decreto n. 2.981\/2014, Art. 6\u00ba, \u00a7 5\u00ba.<\/strong><\/p>\n\n\n\n<p><a href=\"https:\/\/portalespi.manaus.am.gov.br\/contrapartida-2015\/#\">Clique aqui<\/a><\/p>\n\n\n\n<p><strong>para visualizar a rela\u00e7\u00e3o dos convocados<\/strong><\/p>\n\n\n\n<h2 class=\"wp-block-heading\"><strong>Projeto PGM\/MPF &#8211; Apoio a Campanha Dez Medidas Contra Corrup\u00e7\u00e3o<\/strong><\/h2>\n\n\n\n<p><strong>Os bolsistas convocados devem comparecer \u00e0 ESCOLA DE SERVI\u00c7O P\u00daBLICO MUNICIPAL E INCLUS\u00c3O SOCIOEDUCACIONAL \u2013 ESPI , localizada na Av. Professor Nilton Lins, n\u00ba 3259 Bloco D \u2013 Parque das Laranjeiras\/ dentro da Faculdade Nilton Lins, no per\u00edodo13 a 19\/11\/2015, no hor\u00e1rio das 8:00 \u00e0s 17:00h. Solicitamos que tragam c\u00f3pia dos seguintes documentos: RG, CPF e CARTEIRA DE PASSE ESTUDANTIL.<\/strong><br><strong>A primeira reuni\u00e3o acontecer\u00e1 no dia 19\/11\/2015 nos hor\u00e1rios 9:00 \u00e0s 12:00 ou 15:00 \u00e0s 17:00h.<\/strong><br><strong>Ressaltamos que a falta de resposta do bolsista \u00e0s convoca\u00e7\u00f5es para atividades de contrapartida pode levar ao desligamento do PBU, conforme o Decreto n. 2.981\/2014, Art. 6\u00ba, \u00a7 5\u00ba.<\/strong><br><strong>Obs: \u00c9 INDISPENS\u00c1VEL O COMPARECIMENTO DO BOSLISTA na ESCOLA DE SERVI\u00c7O P\u00daBLICO MUNICIPAL E INCLUS\u00c3O SOCIOEDUCACIONAL \u2013 ESPI<\/strong><\/p>\n\n\n\n<p><a href=\"https:\/\/www.manaus.am.gov.br\/semad\/wp-content\/uploads\/sites\/21\/2025\/11\/2015-010-PROJ10MEDIDCONTRACORRUPCAO.pdf\">Clique aqui<\/a><\/p>\n\n\n\n<p><strong>para visualizar a rela\u00e7\u00e3o dos convocados<\/strong><\/p>\n\n\n\n<h2 class=\"wp-block-heading\"><strong>Projeto De Sele\u00e7\u00e3o Unificada para Conselho Tutelar \u2013 CMDCA \u2013 2\u00aa Elei\u00e7\u00e3o<\/strong><\/h2>\n\n\n\n<p><strong>Os bolsistas convocados devem comparecer \u00e0 ESPI (ESCOLA DE SERVI\u00c7O P\u00daBLICO MUNICIPAL E INCLUS\u00c3O SOCIOEDUCACIONAL), localizada na Av. Professor Nilton Lins, n\u00ba 3259 Bloco D \u2013 Parque das Laranjeiras\/ dentro da Faculdade Nilton Lins, no per\u00edodo de 6 \u00e0 10\/11\/2015, no hor\u00e1rio das 8:00 \u00e1s 17:00h e nos dias 11 e 12, das 8:00h \u00e0s 19:00h. Solicitamos que tragam c\u00f3pia dos seguintes documentos: RG, CPF e CARTEIRA DE PASSE ESTUDANTIL.<\/strong><br><strong>As atividades de contrapartida ir\u00e3o acontecer nos dias 16 a 19\/11\/2015 nos hor\u00e1rios de 9:00 \u00e0s 12:00 ou 14:00 \u00e0s 17:00h e no dia 22\/11\/2015 das 07:00 \u00e0s 17:00h.<\/strong><br><strong>O Conselho Municipal da Crian\u00e7a e do Adolescente conceder\u00e1 aos participantes desta atividade declara\u00e7\u00e3o de 30 horas de atividades complementares, al\u00e9m da alimenta\u00e7\u00e3o no dia 22\/11\/2015.<\/strong><\/p>\n\n\n\n<p><a href=\"https:\/\/www.manaus.am.gov.br\/semad\/wp-content\/uploads\/sites\/21\/2025\/11\/2015-009-CONSELHOTUT-CDMCA-2aELEICAO.pdf\">Clique aqui<\/a><\/p>\n\n\n\n<p><strong>para visualizar a rela\u00e7\u00e3o de convocados<\/strong><\/p>\n\n\n\n<h2 class=\"wp-block-heading\"><strong>Projeto Faixa Liberada\/SEMJEL<\/strong><\/h2>\n\n\n\n<p><strong>Os bolsistas convocados devem comparecer \u00e0 ESPI (ESCOLA DE SERVI\u00c7O P\u00daBLICO MUNICIPAL E INCLUS\u00c3O SOCIOEDUCACIONAL), localizada na Av. Professor Nilton Lins, n\u00ba 3259 Bloco D \u2013 Parque das Laranjeiras\/ dentro da Faculdade Nilton Lins, no per\u00edodo de 08 a 15\/10\/2015, no hor\u00e1rio das 8:00 \u00e0s 17:00h. Solicitamos que tragam c\u00f3pia dos seguintes documentos: RG, CPF e CARTEIRA DE PASSE ESTUDANTIL.<\/strong><br><strong>Reuni\u00e3o acontecer\u00e1 no dia 16\/10\/2015 no hor\u00e1rio 09:00 \u00e0s 12:00 OU 14:00 17:00h. Na sede da ESPI.<\/strong><br><strong>Ressaltamos que a falta de resposta do bolsista \u00e0s convoca\u00e7\u00f5es para atividades de contrapartida pode levar ao desligamento do PBU, conforme o Decreto n. 2.981\/2014, Art. 6\u00ba, \u00a7 5\u00ba.<\/strong><\/p>\n\n\n\n<p><a href=\"https:\/\/www.manaus.am.gov.br\/semad\/wp-content\/uploads\/sites\/21\/2025\/11\/2015-008-FAIXALIB-SEMJEL.pdf\">Clique aqui<\/a><\/p>\n\n\n\n<p><strong>para visualizar a rela\u00e7\u00e3o de convocados<\/strong><\/p>\n\n\n\n<h2 class=\"wp-block-heading\"><strong>Projeto A\u00e7\u00f5es Educativas Permanentes do Transporte Coletivo\/SMTU<\/strong><\/h2>\n\n\n\n<p><strong>Os bolsistas convocados devem comparecer \u00e0 ESPI (ESCOLA DE SERVI\u00c7O P\u00daBLICO MUNICIPAL E INCLUS\u00c3O SOCIOEDUCACIONAL), localizada na Av. Professor Nilton Lins, n\u00ba 3259 Bloco D \u2013 Parque das Laranjeiras\/ dentro da Faculdade Nilton Lins, no per\u00edodo de 07 a 14\/10\/2015, no hor\u00e1rio das 8:00 \u00e0s 17:00h. Solicitamos que tragam c\u00f3pia dos seguintes documentos: RG, CPF e CARTEIRA DE PASSE ESTUDANTIL.<\/strong><br><strong>Reuni\u00e3o acontecer\u00e1 no dia 15\/10\/2015 no hor\u00e1rio 09:00 \u00e0s 12:00 OU 14:00 17:00h. Na sede da ESPI.<\/strong><br><strong>Ressaltamos que a falta de resposta do bolsista \u00e0s convoca\u00e7\u00f5es para atividades de contrapartida pode levar ao desligamento do PBU, conforme o Decreto n. 2.981\/2014, Art. 6\u00ba, \u00a7 5\u00ba.<\/strong><\/p>\n\n\n\n<p><a href=\"https:\/\/www.manaus.am.gov.br\/semad\/wp-content\/uploads\/sites\/21\/2025\/11\/2015-007-ACOESEDUCAT-SMTU.pdf\">Clique aqui<\/a><\/p>\n\n\n\n<p><strong>para visualizar a rela\u00e7\u00e3o dos convocados<\/strong><\/p>\n\n\n\n<h2 class=\"wp-block-heading\"><strong>Projeto de Sele\u00e7\u00e3o Unificada para Conselho Tutelar \u2013 CMDCA 2\u00aa Convoca\u00e7\u00e3o<\/strong><\/h2>\n\n\n\n<p><strong>Os bolsistas convocados devem comparecer \u00e0 ESPI (ESCOLA DE SERVI\u00c7O P\u00daBLICO MUNICIPAL E INCLUS\u00c3O SOCIOEDUCACIONAL), localizada na Av. Professor Nilton Lins, n\u00ba 3259 Bloco D \u2013 Parque das Laranjeiras\/ dentro da Faculdade Nilton Lins, no per\u00edodo 22 a 28\/09\/2015, no hor\u00e1rio das 8:00 \u00e0s 17:00h. Solicitamos que tragam c\u00f3pia dos seguintes documentos: RG, CPF e CARTEIRA DE PASSE ESTUDANTIL. As atividades de contrapartida ir\u00e3o acontecer nos dias 26 OU 29\/09\/2015 nos hor\u00e1rios de 9:00 \u00e0s 12:00 ou 14:00 \u00e0s 17:00h e no dia 04\/10\/2015 das 07:00 \u00e0s 17:00hO Conselho Municipal da Crian\u00e7a e do Adolescente conceder\u00e1 aos participantes desta atividade declara\u00e7\u00e3o de 30 horas de atividades complementares, al\u00e9m da alimenta\u00e7\u00e3o no dia 04\/10\/2015.<\/strong><\/p>\n\n\n\n<p><a href=\"https:\/\/www.manaus.am.gov.br\/semad\/wp-content\/uploads\/sites\/21\/2025\/11\/2015-006-CONSELHOTUT-CDMCA-2aCONVOC.pdf\">Clique aqui<\/a><\/p>\n\n\n\n<p><strong>para visualizar a rela\u00e7\u00e3o dos convocados<\/strong><\/p>\n\n\n\n<h2 class=\"wp-block-heading\"><strong>Projeto PGM\/MPF- Apoio a Campanha Dez Medidas Contra Corrup\u00e7\u00e3o<\/strong><\/h2>\n\n\n\n<p><strong>Os bolsistas convocados devem comparecer \u00e0 ESPI (ESCOLA DE SERVI\u00c7O P\u00daBLICO MUNICIPAL E INCLUS\u00c3O SOCIOEDUCACIONAL), localizada na Av. Professor Nilton Lins, n\u00ba 3259 Bloco D \u2013 Parque das Laranjeiras\/ dentro da Faculdade Nilton Lins, no per\u00edodo 18 a 24\/09\/2015, no hor\u00e1rio das 8:00 \u00e0s 17:00h. Solicitamos que tragam c\u00f3pia dos seguintes documentos: RG, CPF e CARTEIRA DE PASSE ESTUDANTIL. A primeira reuni\u00e3o acontecer\u00e1 no dia 25\/09\/2015 no hor\u00e1rio 15:00 \u00e0s 17:00h. Ressaltamos que a falta de resposta do bolsista \u00e0s convoca\u00e7\u00f5es para atividades de contrapartida pode levar ao desligamento do PBU, conforme o Decreto n. 2.981\/2014, Art. 6\u00ba, \u00a7 5\u00ba.<\/strong><\/p>\n\n\n\n<p><a href=\"https:\/\/www.manaus.am.gov.br\/semad\/wp-content\/uploads\/sites\/21\/2025\/11\/2015-005-10MEDIDCONTRACORRUPCAO.pdf\">Clique aqui<\/a><\/p>\n\n\n\n<p><strong>para visualizar a rela\u00e7\u00e3o dos convocados<\/strong><\/p>\n\n\n\n<h2 class=\"wp-block-heading\"><strong>Projeto de Sele\u00e7\u00e3o Unificada para Conselho Tutelar \u2013 CMDCA<\/strong><\/h2>\n\n\n\n<p><strong>Os bolsistas convocados devem comparecer \u00e0 ESPI (ESCOLA DE SERVI\u00c7O P\u00daBLICO MUNICIPAL E INCLUS\u00c3O SOCIOEDUCACIONAL), localizada na Av. Professor Nilton Lins, n\u00ba 3259 Bloco D \u2013 Parque das Laranjeiras\/ dentro da Faculdade Nilton Lins, no per\u00edodo 10 a 16\/09\/2015, no hor\u00e1rio das 8:00 \u00e0s 18:00h. Solicitamos que tragam c\u00f3pia dos seguintes documentos: RG, CPF e CARTEIRA DE PASSE ESTUDANTIL. As atividades de contrapartida ir\u00e3o acontecer nos dias 26\/09\/2015 nos hor\u00e1rios de 9:00 \u00e0s 12:00 ou 14:00 \u00e0s 17:00h e no dia 04\/10\/2015 das 07:00 \u00e0s 17:00h O Conselho Municipal da Crian\u00e7a e do Adolescente conceder\u00e1 aos participantes desta atividade declara\u00e7\u00e3o de 30 horas de atividades complementares, al\u00e9m da alimenta\u00e7\u00e3o no dia 04\/10\/2015.<\/strong><\/p>\n\n\n\n<p><a href=\"https:\/\/www.manaus.am.gov.br\/semad\/wp-content\/uploads\/sites\/21\/2025\/11\/2015-004-CONSELHOTUT-CDMCA.pdf\">Clique aqui<\/a><\/p>\n\n\n\n<p><strong>para visualizar a rela\u00e7\u00e3o dos convocados<\/strong><\/p>\n\n\n\n<h2 class=\"wp-block-heading\"><strong>Projeto Apoio Administrativo \/ ESPI Itinerante \u2013 ESPI<\/strong><\/h2>\n\n\n\n<p><strong>Os bolsistas convocados devem comparecer \u00e0 ESPI (ESCOLA DE SERVI\u00c7O P\u00daBLICO MUNICIPAL), localizada na Av. Professor Nilton Lins, n\u00ba 3259 Bloco D \u2013 Parque das Laranjeiras\/ dentro da Faculdade Nilton Lins, nos dias 27 e 28\/08\/2015, no hor\u00e1rio das 8:00 \u00e1s 17:00h. As atividades de contrapartida ir\u00e3o acontecer nos dias 01,02 e 03\/09\/2015 nos hor\u00e1rios 9:00 \u00e1s 12:00 e das 17:00 \u00e1s 20:30h, na Faculdade Nilton Lins.Solicitamos que tragam c\u00f3pia dos seguintes documentos: RG e CPF.<\/strong><\/p>\n\n\n\n<p><a href=\"https:\/\/www.manaus.am.gov.br\/semad\/wp-content\/uploads\/sites\/21\/2025\/11\/2015-003-ESPI-INTINERANTE.pdf\">Clique aqui<\/a><\/p>\n\n\n\n<p><strong>para visualizar a rela\u00e7\u00e3o dos&nbsp; convocados<\/strong><\/p>\n\n\n\n<h2 class=\"wp-block-heading\"><strong>Projeto Aplicadores Externos para Avalia\u00e7\u00e3o de Desempenho de Estudantes \u2013 SEMED<\/strong><\/h2>\n\n\n\n<p><strong>Os bolsistas convocados devem comparecer ao AUDIT\u00d3RIO DA SECRETARIA MUNICIPAL D EDUCA\u00c7\u00c3O \u2013 SEMED, localizado na Av M\u00e1rio Ypiranga, n\u00ba 2549 \u2013 Parque 10 de novembro\/ em frente ao DETRAM, para reuni\u00e3o com a equipe gestora da contrapartida e coordenadores respons\u00e1veis pelo Projeto, dia 11\/06\/2015, nos seguintes hor\u00e1rios:08h30 ou 13h 30. Toler\u00e2ncia de 15 min. Obs.: Solicitamos que tragam c\u00f3pia dos seguintes documentos: RG, CPF e Carteira de passe estudantil.<\/strong><\/p>\n\n\n\n<p><a href=\"https:\/\/www.manaus.am.gov.br\/semad\/wp-content\/uploads\/sites\/21\/2025\/11\/2015-002-AVALDESEMPSEMED.pdf\">Clique aqui<\/a><\/p>\n\n\n\n<p><strong>para visualizar a rela\u00e7\u00e3o dos convocados<\/strong><\/p>\n\n\n\n<h2 class=\"wp-block-heading\"><strong>Projeto Monitoria de Educa\u00e7\u00e3o Especial<\/strong><\/h2>\n\n\n\n<p><strong>Os bolsistas convocados devem comparecer \u00e0 Divis\u00e3o de Desenvolvimento Profissional do Magist\u00e9rio \u2013 DDPM, localizado na Rua Macei\u00f3, n\u00ba 2000 \u2013 Parque 10 de novembro\/ Pr\u00f3ximo a SEMED, para reuni\u00e3o com a equipe gestora da contrapartida e coordenadores respons\u00e1veis pelo Projeto,dia12\/06\/2015, nos seguintes hor\u00e1rios: 09h ou 14h. Toler\u00e2ncia de 15 min. Obs.: Solicitamos que tragam c\u00f3pia dos seguintes documentos: RG, CPF e Carteira de passe estudantil.<\/strong><\/p>\n\n\n\n<p><a href=\"https:\/\/www.manaus.am.gov.br\/semad\/wp-content\/uploads\/sites\/21\/2025\/11\/2015-002-AVALDESEMPSEMED-1.pdf\">Clique aqui<\/a><\/p>\n\n\n\n<p><strong>para visualizar a lista dos convocados<\/strong><\/p>\n","protected":false},"excerpt":{"rendered":"","protected":false},"author":8,"featured_media":0,"parent":2222,"menu_order":0,"comment_status":"closed","ping_status":"closed","template":"","meta":{"footnotes":""},"acf":[],"yoast_head":"<!-- This site is optimized with the Yoast SEO plugin v23.0 - https:\/\/yoast.com\/wordpress\/plugins\/seo\/ -->\n<title>Convoca\u00e7\u00f5es-2015 - SEMAD<\/title>\n<meta name=\"robots\" content=\"noindex, follow\" \/>\n<meta property=\"og:locale\" content=\"pt_BR\" \/>\n<meta property=\"og:type\" content=\"article\" \/>\n<meta property=\"og:title\" content=\"Convoca\u00e7\u00f5es-2015 - SEMAD\" \/>\n<meta property=\"og:url\" content=\"https:\/\/www.manaus.am.gov.br\/semad\/contrapartida\/convocacoes-2015\/\" \/>\n<meta property=\"og:site_name\" content=\"SEMAD\" \/>\n<meta property=\"article:modified_time\" content=\"2025-11-25T17:33:14+00:00\" \/>\n<meta property=\"og:image\" content=\"https:\/\/www.manaus.am.gov.br\/semad\/wp-content\/uploads\/sites\/21\/2024\/07\/thumb-default-2.png\" \/>\n\t<meta property=\"og:image:width\" content=\"966\" \/>\n\t<meta property=\"og:image:height\" content=\"520\" \/>\n\t<meta property=\"og:image:type\" content=\"image\/png\" \/>\n<meta name=\"twitter:card\" content=\"summary_large_image\" \/>\n<meta name=\"twitter:label1\" content=\"Est. reading time\" \/>\n\t<meta name=\"twitter:data1\" content=\"8 minutos\" \/>\n<script type=\"application\/ld+json\" class=\"yoast-schema-graph\">{\"@context\":\"https:\/\/schema.org\",\"@graph\":[{\"@type\":\"WebPage\",\"@id\":\"https:\/\/www.manaus.am.gov.br\/semad\/contrapartida\/convocacoes-2015\/\",\"url\":\"https:\/\/www.manaus.am.gov.br\/semad\/contrapartida\/convocacoes-2015\/\",\"name\":\"Convoca\u00e7\u00f5es-2015 - SEMAD\",\"isPartOf\":{\"@id\":\"https:\/\/www.manaus.am.gov.br\/semad\/#website\"},\"datePublished\":\"2025-11-24T18:19:50+00:00\",\"dateModified\":\"2025-11-25T17:33:14+00:00\",\"breadcrumb\":{\"@id\":\"https:\/\/www.manaus.am.gov.br\/semad\/contrapartida\/convocacoes-2015\/#breadcrumb\"},\"inLanguage\":\"pt-BR\",\"potentialAction\":[{\"@type\":\"ReadAction\",\"target\":[\"https:\/\/www.manaus.am.gov.br\/semad\/contrapartida\/convocacoes-2015\/\"]}]},{\"@type\":\"BreadcrumbList\",\"@id\":\"https:\/\/www.manaus.am.gov.br\/semad\/contrapartida\/convocacoes-2015\/#breadcrumb\",\"itemListElement\":[{\"@type\":\"ListItem\",\"position\":1,\"name\":\"Home\",\"item\":\"https:\/\/www.manaus.am.gov.br\/semad\/\"},{\"@type\":\"ListItem\",\"position\":2,\"name\":\"Contrapartida\",\"item\":\"https:\/\/www.manaus.am.gov.br\/semad\/contrapartida\/\"},{\"@type\":\"ListItem\",\"position\":3,\"name\":\"Convoca\u00e7\u00f5es-2015\"}]},{\"@type\":\"WebSite\",\"@id\":\"https:\/\/www.manaus.am.gov.br\/semad\/#website\",\"url\":\"https:\/\/www.manaus.am.gov.br\/semad\/\",\"name\":\"SEMAD\",\"description\":\"Prefeitura de Manaus\",\"publisher\":{\"@id\":\"https:\/\/www.manaus.am.gov.br\/semad\/#organization\"},\"alternateName\":\"Secretaria Municipal de Administra\u00e7\u00e3o, Planejamento e Gest\u00e3o\",\"potentialAction\":[{\"@type\":\"SearchAction\",\"target\":{\"@type\":\"EntryPoint\",\"urlTemplate\":\"https:\/\/www.manaus.am.gov.br\/semad\/?s={search_term_string}\"},\"query-input\":\"required name=search_term_string\"}],\"inLanguage\":\"pt-BR\"},{\"@type\":\"Organization\",\"@id\":\"https:\/\/www.manaus.am.gov.br\/semad\/#organization\",\"name\":\"Prefeitura Municipal de Manaus\",\"alternateName\":\"Prefeitura de Manaus\",\"url\":\"https:\/\/www.manaus.am.gov.br\/semad\/\",\"logo\":{\"@type\":\"ImageObject\",\"inLanguage\":\"pt-BR\",\"@id\":\"https:\/\/www.manaus.am.gov.br\/semad\/#\/schema\/logo\/image\/\",\"url\":\"https:\/\/www.manaus.am.gov.br\/semad\/wp-content\/uploads\/sites\/21\/2024\/07\/favicon.png\",\"contentUrl\":\"https:\/\/www.manaus.am.gov.br\/semad\/wp-content\/uploads\/sites\/21\/2024\/07\/favicon.png\",\"width\":300,\"height\":300,\"caption\":\"Prefeitura Municipal de Manaus\"},\"image\":{\"@id\":\"https:\/\/www.manaus.am.gov.br\/semad\/#\/schema\/logo\/image\/\"}}]}<\/script>\n<!-- \/ Yoast SEO plugin. -->","yoast_head_json":{"title":"Convoca\u00e7\u00f5es-2015 - SEMAD","robots":{"index":"noindex","follow":"follow"},"og_locale":"pt_BR","og_type":"article","og_title":"Convoca\u00e7\u00f5es-2015 - SEMAD","og_url":"https:\/\/www.manaus.am.gov.br\/semad\/contrapartida\/convocacoes-2015\/","og_site_name":"SEMAD","article_modified_time":"2025-11-25T17:33:14+00:00","og_image":[{"width":966,"height":520,"url":"https:\/\/www.manaus.am.gov.br\/semad\/wp-content\/uploads\/sites\/21\/2024\/07\/thumb-default-2.png","type":"image\/png"}],"twitter_card":"summary_large_image","twitter_misc":{"Est. reading time":"8 minutos"},"schema":{"@context":"https:\/\/schema.org","@graph":[{"@type":"WebPage","@id":"https:\/\/www.manaus.am.gov.br\/semad\/contrapartida\/convocacoes-2015\/","url":"https:\/\/www.manaus.am.gov.br\/semad\/contrapartida\/convocacoes-2015\/","name":"Convoca\u00e7\u00f5es-2015 - SEMAD","isPartOf":{"@id":"https:\/\/www.manaus.am.gov.br\/semad\/#website"},"datePublished":"2025-11-24T18:19:50+00:00","dateModified":"2025-11-25T17:33:14+00:00","breadcrumb":{"@id":"https:\/\/www.manaus.am.gov.br\/semad\/contrapartida\/convocacoes-2015\/#breadcrumb"},"inLanguage":"pt-BR","potentialAction":[{"@type":"ReadAction","target":["https:\/\/www.manaus.am.gov.br\/semad\/contrapartida\/convocacoes-2015\/"]}]},{"@type":"BreadcrumbList","@id":"https:\/\/www.manaus.am.gov.br\/semad\/contrapartida\/convocacoes-2015\/#breadcrumb","itemListElement":[{"@type":"ListItem","position":1,"name":"Home","item":"https:\/\/www.manaus.am.gov.br\/semad\/"},{"@type":"ListItem","position":2,"name":"Contrapartida","item":"https:\/\/www.manaus.am.gov.br\/semad\/contrapartida\/"},{"@type":"ListItem","position":3,"name":"Convoca\u00e7\u00f5es-2015"}]},{"@type":"WebSite","@id":"https:\/\/www.manaus.am.gov.br\/semad\/#website","url":"https:\/\/www.manaus.am.gov.br\/semad\/","name":"SEMAD","description":"Prefeitura de Manaus","publisher":{"@id":"https:\/\/www.manaus.am.gov.br\/semad\/#organization"},"alternateName":"Secretaria Municipal de Administra\u00e7\u00e3o, Planejamento e Gest\u00e3o","potentialAction":[{"@type":"SearchAction","target":{"@type":"EntryPoint","urlTemplate":"https:\/\/www.manaus.am.gov.br\/semad\/?s={search_term_string}"},"query-input":"required name=search_term_string"}],"inLanguage":"pt-BR"},{"@type":"Organization","@id":"https:\/\/www.manaus.am.gov.br\/semad\/#organization","name":"Prefeitura Municipal de Manaus","alternateName":"Prefeitura de Manaus","url":"https:\/\/www.manaus.am.gov.br\/semad\/","logo":{"@type":"ImageObject","inLanguage":"pt-BR","@id":"https:\/\/www.manaus.am.gov.br\/semad\/#\/schema\/logo\/image\/","url":"https:\/\/www.manaus.am.gov.br\/semad\/wp-content\/uploads\/sites\/21\/2024\/07\/favicon.png","contentUrl":"https:\/\/www.manaus.am.gov.br\/semad\/wp-content\/uploads\/sites\/21\/2024\/07\/favicon.png","width":300,"height":300,"caption":"Prefeitura Municipal de Manaus"},"image":{"@id":"https:\/\/www.manaus.am.gov.br\/semad\/#\/schema\/logo\/image\/"}}]}},"_links":{"self":[{"href":"https:\/\/www.manaus.am.gov.br\/semad\/wp-json\/wp\/v2\/pages\/2241"}],"collection":[{"href":"https:\/\/www.manaus.am.gov.br\/semad\/wp-json\/wp\/v2\/pages"}],"about":[{"href":"https:\/\/www.manaus.am.gov.br\/semad\/wp-json\/wp\/v2\/types\/page"}],"author":[{"embeddable":true,"href":"https:\/\/www.manaus.am.gov.br\/semad\/wp-json\/wp\/v2\/users\/8"}],"replies":[{"embeddable":true,"href":"https:\/\/www.manaus.am.gov.br\/semad\/wp-json\/wp\/v2\/comments?post=2241"}],"version-history":[{"count":2,"href":"https:\/\/www.manaus.am.gov.br\/semad\/wp-json\/wp\/v2\/pages\/2241\/revisions"}],"predecessor-version":[{"id":2448,"href":"https:\/\/www.manaus.am.gov.br\/semad\/wp-json\/wp\/v2\/pages\/2241\/revisions\/2448"}],"up":[{"embeddable":true,"href":"https:\/\/www.manaus.am.gov.br\/semad\/wp-json\/wp\/v2\/pages\/2222"}],"wp:attachment":[{"href":"https:\/\/www.manaus.am.gov.br\/semad\/wp-json\/wp\/v2\/media?parent=2241"}],"curies":[{"name":"wp","href":"https:\/\/api.w.org\/{rel}","templated":true}]}}