{"id":2231,"date":"2025-11-24T14:18:17","date_gmt":"2025-11-24T18:18:17","guid":{"rendered":"https:\/\/www.manaus.am.gov.br\/semad\/?page_id=2231"},"modified":"2025-11-24T15:09:03","modified_gmt":"2025-11-24T19:09:03","slug":"convocacoes-2022","status":"publish","type":"page","link":"https:\/\/www.manaus.am.gov.br\/semad\/contrapartida\/convocacoes-2022\/","title":{"rendered":"Convoca\u00e7\u00f5es-2022"},"content":{"rendered":"\n<h2 class=\"wp-block-heading\"><strong>Projeto: 3102 \u2013 Parque Cidade Da Crian\u00e7a 2022\/2<\/strong><\/h2>\n\n\n\n<p><strong>Local&nbsp; de Comparecimento para Ades\u00e3o ou Justificativa: Atendimento da ESPI<\/strong><br><strong>Endere\u00e7o: Av. Compensa, n\u00ba770, Vila da Prata<\/strong><br><strong>Hor\u00e1rio: 9h \u00e0s 13h<\/strong><br><strong>Datas: 08, 09, 10, 11 e 12 de agosto de 2022 (segunda a sexta)<\/strong><br><strong>\u00d3rg\u00e3o solicitante: IMMU<\/strong><br><strong>\u00c1reas: Ci\u00eancias exatas, Ci\u00eancias da sa\u00fade, Ci\u00eancias sociais e Ci\u00eancias humanas.<\/strong><br><strong>Total de Convocados: 74<\/strong><\/p>\n\n\n\n<p><a href=\"https:\/\/www.manaus.am.gov.br\/semad\/wp-content\/uploads\/sites\/21\/2025\/11\/2022-003-PQCRIANCA-1.pdf\">Clique aqui<\/a><\/p>\n\n\n\n<p><strong>para visualizar a lista dos convocados<\/strong><\/p>\n\n\n\n<h2 class=\"wp-block-heading\"><strong>Projeto: 3082 \u2013 Parque Cidade Da Crian\u00e7a 2022\/1<\/strong><\/h2>\n\n\n\n<p><strong>Local de Comparecimento para Ades\u00e3o ou Justificativa: Atendimento da ESPI\/SEMAD<\/strong><br><strong>Endere\u00e7o: Av. Compensa, 770, Vila da Prata<\/strong><br><strong>Hor\u00e1rio: 9h \u00e0s 13h<\/strong><br><strong>Datas: 27 a 30 de junho e 01 julho de 2022 (segunda a sexta)<\/strong><br><strong>\u00d3rg\u00e3o solicitante: SEMASC<\/strong><br><strong>\u00c1reas: Ci\u00eancias Biol\u00f3gicas, Ci\u00eancias da Sa\u00fade, Ci\u00eancias Exatas, Ci\u00eancias Humanas, Ci\u00eancias Sociais.<\/strong><\/p>\n\n\n\n<p><a href=\"https:\/\/www.manaus.am.gov.br\/semad\/wp-content\/uploads\/sites\/21\/2025\/11\/2022-002-PQCRIANCA.pdf\">Clique aqui<\/a><\/p>\n\n\n\n<p><strong>para visualizar a lista dos convocados<\/strong><\/p>\n\n\n\n<h2 class=\"wp-block-heading\"><strong>Projeto: 3063 \u2013 A\u00e7\u00f5es Para Mobilidade Urbana Segura 2022\/1<\/strong><\/h2>\n\n\n\n<p><strong>Local de Comparecimento para Ades\u00e3o ou Justificativa: ESPI<\/strong><br><strong>Endere\u00e7o: Av. Compensa, 770, Vila da Prata<\/strong><br><strong>Hor\u00e1rio: 9h \u00e0s 13h<\/strong><br><strong>Datas: 21, 22, 23, 24 e 25 de fevereiro de 2022<\/strong><br><strong>\u00d3rg\u00e3o solicitante: IMMU<\/strong><br><strong>\u00c1reas: CI\u00caNCIAS EXATAS, CI\u00caNCIAS SOCIAIS, CI\u00caNCIAS HUMANAS<\/strong><br><strong>Total de Convocados: 100<\/strong><\/p>\n\n\n\n<p><a href=\"https:\/\/www.manaus.am.gov.br\/semad\/wp-content\/uploads\/sites\/21\/2025\/11\/2022-001-MOBILSEGURA.pdf\">Clique aqui<\/a><\/p>\n\n\n\n<p><strong>para visualizar a lista dos convocados<\/strong><\/p>\n","protected":false},"excerpt":{"rendered":"","protected":false},"author":8,"featured_media":0,"parent":2222,"menu_order":0,"comment_status":"closed","ping_status":"closed","template":"","meta":{"footnotes":""},"acf":[],"yoast_head":"<!-- This site is optimized with the Yoast SEO plugin v23.0 - https:\/\/yoast.com\/wordpress\/plugins\/seo\/ -->\n<title>Convoca\u00e7\u00f5es-2022 - SEMAD<\/title>\n<meta name=\"robots\" content=\"noindex, follow\" \/>\n<meta property=\"og:locale\" content=\"pt_BR\" \/>\n<meta property=\"og:type\" content=\"article\" \/>\n<meta property=\"og:title\" content=\"Convoca\u00e7\u00f5es-2022 - SEMAD\" \/>\n<meta property=\"og:url\" content=\"https:\/\/www.manaus.am.gov.br\/semad\/contrapartida\/convocacoes-2022\/\" \/>\n<meta property=\"og:site_name\" content=\"SEMAD\" \/>\n<meta property=\"article:modified_time\" content=\"2025-11-24T19:09:03+00:00\" \/>\n<meta property=\"og:image\" content=\"https:\/\/www.manaus.am.gov.br\/semad\/wp-content\/uploads\/sites\/21\/2024\/07\/thumb-default-2.png\" \/>\n\t<meta property=\"og:image:width\" content=\"966\" \/>\n\t<meta property=\"og:image:height\" content=\"520\" \/>\n\t<meta property=\"og:image:type\" content=\"image\/png\" \/>\n<meta name=\"twitter:card\" content=\"summary_large_image\" \/>\n<meta name=\"twitter:label1\" content=\"Est. reading time\" \/>\n\t<meta name=\"twitter:data1\" content=\"2 minutos\" \/>\n<script type=\"application\/ld+json\" class=\"yoast-schema-graph\">{\"@context\":\"https:\/\/schema.org\",\"@graph\":[{\"@type\":\"WebPage\",\"@id\":\"https:\/\/www.manaus.am.gov.br\/semad\/contrapartida\/convocacoes-2022\/\",\"url\":\"https:\/\/www.manaus.am.gov.br\/semad\/contrapartida\/convocacoes-2022\/\",\"name\":\"Convoca\u00e7\u00f5es-2022 - SEMAD\",\"isPartOf\":{\"@id\":\"https:\/\/www.manaus.am.gov.br\/semad\/#website\"},\"datePublished\":\"2025-11-24T18:18:17+00:00\",\"dateModified\":\"2025-11-24T19:09:03+00:00\",\"breadcrumb\":{\"@id\":\"https:\/\/www.manaus.am.gov.br\/semad\/contrapartida\/convocacoes-2022\/#breadcrumb\"},\"inLanguage\":\"pt-BR\",\"potentialAction\":[{\"@type\":\"ReadAction\",\"target\":[\"https:\/\/www.manaus.am.gov.br\/semad\/contrapartida\/convocacoes-2022\/\"]}]},{\"@type\":\"BreadcrumbList\",\"@id\":\"https:\/\/www.manaus.am.gov.br\/semad\/contrapartida\/convocacoes-2022\/#breadcrumb\",\"itemListElement\":[{\"@type\":\"ListItem\",\"position\":1,\"name\":\"Home\",\"item\":\"https:\/\/www.manaus.am.gov.br\/semad\/\"},{\"@type\":\"ListItem\",\"position\":2,\"name\":\"Contrapartida\",\"item\":\"https:\/\/www.manaus.am.gov.br\/semad\/contrapartida\/\"},{\"@type\":\"ListItem\",\"position\":3,\"name\":\"Convoca\u00e7\u00f5es-2022\"}]},{\"@type\":\"WebSite\",\"@id\":\"https:\/\/www.manaus.am.gov.br\/semad\/#website\",\"url\":\"https:\/\/www.manaus.am.gov.br\/semad\/\",\"name\":\"SEMAD\",\"description\":\"Prefeitura de Manaus\",\"publisher\":{\"@id\":\"https:\/\/www.manaus.am.gov.br\/semad\/#organization\"},\"alternateName\":\"Secretaria Municipal de Administra\u00e7\u00e3o, Planejamento e Gest\u00e3o\",\"potentialAction\":[{\"@type\":\"SearchAction\",\"target\":{\"@type\":\"EntryPoint\",\"urlTemplate\":\"https:\/\/www.manaus.am.gov.br\/semad\/?s={search_term_string}\"},\"query-input\":\"required name=search_term_string\"}],\"inLanguage\":\"pt-BR\"},{\"@type\":\"Organization\",\"@id\":\"https:\/\/www.manaus.am.gov.br\/semad\/#organization\",\"name\":\"Prefeitura Municipal de Manaus\",\"alternateName\":\"Prefeitura de Manaus\",\"url\":\"https:\/\/www.manaus.am.gov.br\/semad\/\",\"logo\":{\"@type\":\"ImageObject\",\"inLanguage\":\"pt-BR\",\"@id\":\"https:\/\/www.manaus.am.gov.br\/semad\/#\/schema\/logo\/image\/\",\"url\":\"https:\/\/www.manaus.am.gov.br\/semad\/wp-content\/uploads\/sites\/21\/2024\/07\/favicon.png\",\"contentUrl\":\"https:\/\/www.manaus.am.gov.br\/semad\/wp-content\/uploads\/sites\/21\/2024\/07\/favicon.png\",\"width\":300,\"height\":300,\"caption\":\"Prefeitura Municipal de Manaus\"},\"image\":{\"@id\":\"https:\/\/www.manaus.am.gov.br\/semad\/#\/schema\/logo\/image\/\"}}]}<\/script>\n<!-- \/ Yoast SEO plugin. -->","yoast_head_json":{"title":"Convoca\u00e7\u00f5es-2022 - SEMAD","robots":{"index":"noindex","follow":"follow"},"og_locale":"pt_BR","og_type":"article","og_title":"Convoca\u00e7\u00f5es-2022 - SEMAD","og_url":"https:\/\/www.manaus.am.gov.br\/semad\/contrapartida\/convocacoes-2022\/","og_site_name":"SEMAD","article_modified_time":"2025-11-24T19:09:03+00:00","og_image":[{"width":966,"height":520,"url":"https:\/\/www.manaus.am.gov.br\/semad\/wp-content\/uploads\/sites\/21\/2024\/07\/thumb-default-2.png","type":"image\/png"}],"twitter_card":"summary_large_image","twitter_misc":{"Est. reading time":"2 minutos"},"schema":{"@context":"https:\/\/schema.org","@graph":[{"@type":"WebPage","@id":"https:\/\/www.manaus.am.gov.br\/semad\/contrapartida\/convocacoes-2022\/","url":"https:\/\/www.manaus.am.gov.br\/semad\/contrapartida\/convocacoes-2022\/","name":"Convoca\u00e7\u00f5es-2022 - SEMAD","isPartOf":{"@id":"https:\/\/www.manaus.am.gov.br\/semad\/#website"},"datePublished":"2025-11-24T18:18:17+00:00","dateModified":"2025-11-24T19:09:03+00:00","breadcrumb":{"@id":"https:\/\/www.manaus.am.gov.br\/semad\/contrapartida\/convocacoes-2022\/#breadcrumb"},"inLanguage":"pt-BR","potentialAction":[{"@type":"ReadAction","target":["https:\/\/www.manaus.am.gov.br\/semad\/contrapartida\/convocacoes-2022\/"]}]},{"@type":"BreadcrumbList","@id":"https:\/\/www.manaus.am.gov.br\/semad\/contrapartida\/convocacoes-2022\/#breadcrumb","itemListElement":[{"@type":"ListItem","position":1,"name":"Home","item":"https:\/\/www.manaus.am.gov.br\/semad\/"},{"@type":"ListItem","position":2,"name":"Contrapartida","item":"https:\/\/www.manaus.am.gov.br\/semad\/contrapartida\/"},{"@type":"ListItem","position":3,"name":"Convoca\u00e7\u00f5es-2022"}]},{"@type":"WebSite","@id":"https:\/\/www.manaus.am.gov.br\/semad\/#website","url":"https:\/\/www.manaus.am.gov.br\/semad\/","name":"SEMAD","description":"Prefeitura de Manaus","publisher":{"@id":"https:\/\/www.manaus.am.gov.br\/semad\/#organization"},"alternateName":"Secretaria Municipal de Administra\u00e7\u00e3o, Planejamento e Gest\u00e3o","potentialAction":[{"@type":"SearchAction","target":{"@type":"EntryPoint","urlTemplate":"https:\/\/www.manaus.am.gov.br\/semad\/?s={search_term_string}"},"query-input":"required name=search_term_string"}],"inLanguage":"pt-BR"},{"@type":"Organization","@id":"https:\/\/www.manaus.am.gov.br\/semad\/#organization","name":"Prefeitura Municipal de Manaus","alternateName":"Prefeitura de Manaus","url":"https:\/\/www.manaus.am.gov.br\/semad\/","logo":{"@type":"ImageObject","inLanguage":"pt-BR","@id":"https:\/\/www.manaus.am.gov.br\/semad\/#\/schema\/logo\/image\/","url":"https:\/\/www.manaus.am.gov.br\/semad\/wp-content\/uploads\/sites\/21\/2024\/07\/favicon.png","contentUrl":"https:\/\/www.manaus.am.gov.br\/semad\/wp-content\/uploads\/sites\/21\/2024\/07\/favicon.png","width":300,"height":300,"caption":"Prefeitura Municipal de Manaus"},"image":{"@id":"https:\/\/www.manaus.am.gov.br\/semad\/#\/schema\/logo\/image\/"}}]}},"_links":{"self":[{"href":"https:\/\/www.manaus.am.gov.br\/semad\/wp-json\/wp\/v2\/pages\/2231"}],"collection":[{"href":"https:\/\/www.manaus.am.gov.br\/semad\/wp-json\/wp\/v2\/pages"}],"about":[{"href":"https:\/\/www.manaus.am.gov.br\/semad\/wp-json\/wp\/v2\/types\/page"}],"author":[{"embeddable":true,"href":"https:\/\/www.manaus.am.gov.br\/semad\/wp-json\/wp\/v2\/users\/8"}],"replies":[{"embeddable":true,"href":"https:\/\/www.manaus.am.gov.br\/semad\/wp-json\/wp\/v2\/comments?post=2231"}],"version-history":[{"count":2,"href":"https:\/\/www.manaus.am.gov.br\/semad\/wp-json\/wp\/v2\/pages\/2231\/revisions"}],"predecessor-version":[{"id":2307,"href":"https:\/\/www.manaus.am.gov.br\/semad\/wp-json\/wp\/v2\/pages\/2231\/revisions\/2307"}],"up":[{"embeddable":true,"href":"https:\/\/www.manaus.am.gov.br\/semad\/wp-json\/wp\/v2\/pages\/2222"}],"wp:attachment":[{"href":"https:\/\/www.manaus.am.gov.br\/semad\/wp-json\/wp\/v2\/media?parent=2231"}],"curies":[{"name":"wp","href":"https:\/\/api.w.org\/{rel}","templated":true}]}}