{"id":2229,"date":"2025-11-24T14:15:27","date_gmt":"2025-11-24T18:15:27","guid":{"rendered":"https:\/\/www.manaus.am.gov.br\/semad\/?page_id=2229"},"modified":"2025-11-24T15:02:57","modified_gmt":"2025-11-24T19:02:57","slug":"convocacoes-2024","status":"publish","type":"page","link":"https:\/\/www.manaus.am.gov.br\/semad\/contrapartida\/convocacoes-2024\/","title":{"rendered":"Convoca\u00e7\u00f5es-2024"},"content":{"rendered":"\n<h2 class=\"wp-block-heading\"><strong>Projeto 3202: Apoio ao atendimento do PBU 2025<\/strong><\/h2>\n\n\n\n<p><strong>Os bolsistas convocados&nbsp; devem comparecer \u00e0 ESCOLA DE SERVI\u00c7O P\u00daBLICO MUNICIPAL E INCLUS\u00c3O SOCIOEDUCACIONAL \u2013 ESPI, localizada na Av. Compensa, n\u00ba 770 \u2013 Vila da Prata, no per\u00edodo de 16\/12 a 19\/12&nbsp; de 8:00 \u00e0s 13:30 e 20\/12 de 8:00 \u00e0s 11:00.<\/strong><\/p>\n\n\n\n<p><strong>ATEN\u00c7\u00c3O!!&nbsp;<\/strong><\/p>\n\n\n\n<p><strong>Dias 16,17,18 e 19 de dezembro HOR\u00c1RIO: de 8:00 \u00e0s 13:30.&nbsp;<\/strong><\/p>\n\n\n\n<p><strong>Dia 20 de dezembro, HOR\u00c1RIO: de 8:00 \u00e0s 11:00<\/strong><\/p>\n\n\n\n<p><strong>Para ades\u00e3o ao Projeto de Contrapartida solicitamos as c\u00f3pias dos seguintes documentos:<\/strong><\/p>\n\n\n\n<p><strong>* RG;<\/strong><\/p>\n\n\n\n<p><strong>* CPF;&nbsp;<\/strong><\/p>\n\n\n\n<p><strong>* CARTEIRA DE PASSE ESTUDANTIL .<\/strong><\/p>\n\n\n\n<p><strong>OBSERVA\u00c7\u00d5ES:<br>Os bolsistas que ir\u00e3o justificar a sua aus\u00eancia do projeto de contrapartida ou at\u00e9 mesmo solicitar redu\u00e7\u00e3o da carga hor\u00e1ria, dever\u00e3o apresentar declara\u00e7\u00e3o de trabalho, preferencialmente, em papel timbrado com data, constando os dias e o hor\u00e1rio da jornada de trabalho, com o carimbo do CNPJ, devidamente assinada pelo respons\u00e1vel, juntamente com a c\u00f3pia da carteira de trabalho ou contrato de trabalho para comprova\u00e7\u00e3o.<\/strong><\/p>\n\n\n\n<p><strong>Os bolsistas que estiverem cumprindo est\u00e1gios curriculares e\/ou remunerados, favor trazer ORIGINAL + C\u00d3PIA do CONTRATO DE EST\u00c1GIO, declara\u00e7\u00e3o completa do \u00f3rg\u00e3o do est\u00e1gio constando os dias e o hor\u00e1rio de est\u00e1gio, al\u00e9m do per\u00edodo de in\u00edcio e t\u00e9rmino do mesmo, RG + CPF.<\/strong><\/p>\n\n\n\n<p><strong>Ressaltamos que a aus\u00eancia do bolsista \u00e0s convoca\u00e7\u00f5es para atividades de contrapartida pode levar ao desligamento do PBU, conforme o Decreto n\u00ba. 2.981\/2014, Art. 6\u00ba, \u00a7 5\u00ba.<\/strong><\/p>\n\n\n\n<p><a href=\"https:\/\/www.manaus.am.gov.br\/semad\/wp-content\/uploads\/sites\/21\/2025\/11\/PROJETO-CONTRAPARTIDA-3202.pdf\"><br>Clique aqui<\/a><\/p>\n\n\n\n<p><strong>para visualizar a rela\u00e7\u00e3o de convocados&nbsp;<\/strong><\/p>\n\n\n\n<h2 class=\"wp-block-heading\"><strong>Projeto 3182: Apoio ao atendimento do PBU 2024<\/strong><\/h2>\n\n\n\n<p><strong>Os bolsistas convocados&nbsp; devem comparecer \u00e0 ESCOLA DE SERVI\u00c7O P\u00daBLICO MUNICIPAL E INCLUS\u00c3O SOCIOEDUCACIONAL \u2013 ESPI, localizada na Av. Compensa, n\u00ba 770 \u2013 Vila da Prata, no per\u00edodo de 04\/12 a 07\/12\/23, das 8:00 h \u00e0s 13:30 h.<\/strong><br><strong>Para ades\u00e3o ao Projeto de Contrapartida solicitamos as c\u00f3pias dos seguintes documentos:<\/strong><br><strong>* RG;<\/strong><br><strong>* CPF;<\/strong><\/p>\n\n\n\n<p><strong>OBSERVA\u00c7\u00d5ES:<\/strong><br><strong>Os bolsistas que ir\u00e3o justificar a sua aus\u00eancia do projeto de contrapartida ou at\u00e9 mesmo solicitar redu\u00e7\u00e3o da carga hor\u00e1ria, dever\u00e3o apresentar declara\u00e7\u00e3o de trabalho, preferencialmente, em papel timbrado com data, constando os dias e o hor\u00e1rio da jornada de trabalho, com o carimbo do CNPJ, devidamente assinada pelo respons\u00e1vel, juntamente com a c\u00f3pia da carteira de trabalho ou contrato de trabalho para comprova\u00e7\u00e3o.<\/strong><\/p>\n\n\n\n<p><strong>Os bolsistas que estiverem cumprindo est\u00e1gios curriculares e\/ou remunerados, favor trazer ORIGINAL + C\u00d3PIA do CONTRATO DE EST\u00c1GIO, declara\u00e7\u00e3o completa do \u00f3rg\u00e3o do est\u00e1gio constando os dias e o hor\u00e1rio de est\u00e1gio, al\u00e9m do per\u00edodo de in\u00edcio e t\u00e9rmino do mesmo, RG + CPF.<\/strong><\/p>\n\n\n\n<p><strong>Ressaltamos que a aus\u00eancia do bolsista \u00e0s convoca\u00e7\u00f5es para atividades de contrapartida pode levar ao desligamento do PBU, conforme o Decreto n\u00ba. 2.981\/2014, Art. 6\u00ba, \u00a7 5\u00ba.<\/strong><\/p>\n\n\n\n<p><a href=\"https:\/\/www.manaus.am.gov.br\/semad\/wp-content\/uploads\/sites\/21\/2025\/11\/1a-CONVOCACAO-APOIO-AO-ATENDIMENTO-DO-PBU-2024.pdf\"><br>Clique aqui<\/a><\/p>\n\n\n\n<p><strong>para visualizar a rela\u00e7\u00e3o de convocados<\/strong><\/p>\n\n\n\n<p><a href=\"https:\/\/www.manaus.am.gov.br\/semad\/wp-content\/uploads\/sites\/21\/2025\/11\/CONFIRMADOS-APOIO-AO-ATENDIMENTO-DO-PBU-2024.pdf\"><br>Clique aqui<\/a><\/p>\n\n\n\n<p><strong>para visualizar a rela\u00e7\u00e3o de confirmados<\/strong><\/p>\n\n\n\n<h2 class=\"wp-block-heading\"><strong>Projeto 3162: Suporte Administrativo 2023\/2 (Conselho Tutelar \u2013 Elei\u00e7\u00f5es 2023)<\/strong><\/h2>\n\n\n\n<p><strong>Os bolsistas convocados devem comparecer \u00e0 ESCOLA DE SERVI\u00c7O P\u00daBLICO MUNICIPAL E INCLUS\u00c3O SOCIOEDUCACIONAL \u2013 ESPI, localizada na Av. Compensa, n\u00ba 770 \u2013 Vila da Prata, no per\u00edodo de 22\/08 a 24\/08\/23, das 8h \u00e0s 15h.<\/strong><br><strong>Para ades\u00e3o ao Projeto de Contrapartida solicitamos as c\u00f3pias dos seguintes documentos:<\/strong><br><strong>*RG<\/strong><br><strong>*CPF<\/strong><br><strong>*CARTEIRA DE PASSE ESTUDANTIL<\/strong><\/p>\n\n\n\n<p><strong>OBSERVA\u00c7\u00c3O:<\/strong><br><strong>Para os bolsistas que ir\u00e3o justificar a sua aus\u00eancia do projeto de contrapartida ou at\u00e9 mesmo solicitar redu\u00e7\u00e3o da carga hor\u00e1ria, os mesmos dever\u00e3o apresentar declara\u00e7\u00e3o de trabalho preferencialmente em papel timbrado com data, constando os dias e o hor\u00e1rio da jornada de trabalho, com o carimbo do CNPJ, devidamente assinada pelo respons\u00e1vel, juntamente com a c\u00f3pia da carteira de trabalho ou contrato de trabalho para comprova\u00e7\u00e3o.<\/strong><br><strong>Os bolsistas que estiverem cumprindo est\u00e1gios curriculares e\/ou remunerados, favor trazer ORIGINAL + C\u00d3PIA do CONTRATO DE EST\u00c1GIO, Declara\u00e7\u00e3o Completa do \u00d3rg\u00e3o do est\u00e1gio constando os dias e o hor\u00e1rio de est\u00e1gio, al\u00e9m do per\u00edodo de in\u00edcio e t\u00e9rmino do mesmo, RG + CPF E CARTEIRA DE PASSE ESTUDANTIL.<\/strong><br><strong>Ressaltamos que a aus\u00eancia do bolsista \u00e0s convoca\u00e7\u00f5es para atividades de contrapartida pode levar ao desligamento do PBU, conforme o Decreto n\u00ba. 2.981\/2014, Art. 6\u00ba, \u00a7 5\u00ba.<\/strong><br><strong>Desde j\u00e1 agradecemos a participa\u00e7\u00e3o de todos!<\/strong><\/p>\n\n\n\n<p><strong>Atenciosamente,<\/strong><br><strong>EDVAR DA SILVA NUNES J\u00daNIOR<\/strong><br><strong>Diretor \u2013 Geral da Escola de Servi\u00e7o P\u00fablico Municipal e Inclus\u00e3o Socioeducacional \u2013 ESPI<\/strong><\/p>\n\n\n\n<p><strong>FRANCISCA GABRIELE FERREIRA DE OLIVEIRA<\/strong><br><strong>Diretora do Departamento de A\u00e7\u00f5es Socioeducacionais \u2013 DEAS<\/strong><\/p>\n\n\n\n<p><a href=\"https:\/\/www.manaus.am.gov.br\/semad\/wp-content\/uploads\/sites\/21\/2025\/11\/LISTA-DE-CONVOCADOS-CONTRAPARTIDA-2023-SUPORTE-ADMINISTRATIVO.pdf\"><br>Clique aqui<\/a><\/p>\n\n\n\n<p><strong>para visualizar a rela\u00e7\u00e3o de convocados (27\/07\/2023)<\/strong><\/p>\n\n\n\n<p><a href=\"https:\/\/www.manaus.am.gov.br\/semad\/wp-content\/uploads\/sites\/21\/2025\/11\/Orientacoes-para-os-Mesarios-ConselhoTutelar-Eleicoes2023.pdf\"><br>Clique aqui<\/a><\/p>\n\n\n\n<p><strong>&nbsp;para visualizar as Orienta\u00e7\u00f5es para os Mes\u00e1rios \u2013 Conselho Tutelar 2023<\/strong><\/p>\n\n\n\n<p><a href=\"https:\/\/www.manaus.am.gov.br\/semad\/wp-content\/uploads\/sites\/21\/2025\/11\/CONFIRMADOS-SUPORTE-ADMINISTRATIVO-20232.pdf\"><br>Clique aqui<\/a><\/p>\n\n\n\n<p><strong>&nbsp;para visualizar a rela\u00e7\u00e3o dos confirmados<\/strong><\/p>\n\n\n\n<h2 class=\"wp-block-heading\"><strong>Projeto 3142: Parque Cidade Da Crian\u00e7a 2023<\/strong><\/h2>\n\n\n\n<p><strong>Os bolsistas convocados devem comparecer \u00e0 ESCOLA DE SERVI\u00c7O P\u00daBLICO MUNICIPAL E INCLUS\u00c3O SOCIOEDUCACIONAL \u2013 ESPI, localizada na Av. Compensa, n\u00ba 770 \u2013 Vila da Prata, no per\u00edodo de 07\/08 a 10\/08\/23, das 8h \u00e0s 16h e 11\/08\/23, das 8h \u00e0s 13h.<\/strong><\/p>\n\n\n\n<p><strong>Para ades\u00e3o ao Projeto de Contrapartida solicitamos as c\u00f3pias dos seguintes documentos:<\/strong><br><strong>*RG<\/strong><br><strong>*CPF<\/strong><br><strong>*CARTEIRA DE PASSE ESTUDANTIL<\/strong><\/p>\n\n\n\n<p><strong>OBSERVA\u00c7\u00c3O:<\/strong><br><strong>Para os bolsistas que ir\u00e3o justificar a sua aus\u00eancia do projeto de contrapartida ou at\u00e9 mesmo solicitar redu\u00e7\u00e3o da carga hor\u00e1ria, os mesmos dever\u00e3o apresentar declara\u00e7\u00e3o de trabalho preferencialmente em papel timbrado com data, constando os dias e o hor\u00e1rio da jornada de trabalho, com o carimbo do CNPJ, devidamente assinada pelo respons\u00e1vel, juntamente com a c\u00f3pia da carteira de trabalho ou contrato de trabalho para comprova\u00e7\u00e3o.<\/strong><\/p>\n\n\n\n<p><strong>Os bolsistas que estiverem cumprindo est\u00e1gios curriculares e\/ou remunerados, favor trazer ORIGINAL + C\u00d3PIA do CONTRATO DE EST\u00c1GIO, Declara\u00e7\u00e3o Completa do \u00d3rg\u00e3o do est\u00e1gio constando os dias e o hor\u00e1rio de est\u00e1gio, al\u00e9m do per\u00edodo de in\u00edcio e t\u00e9rmino do mesmo, RG + CPF E CARTEIRA DE PASSE ESTUDANTIL.<\/strong><\/p>\n\n\n\n<p><strong>Ressaltamos que a aus\u00eancia do bolsista \u00e0s convoca\u00e7\u00f5es para atividades de contrapartida pode levar ao desligamento do PBU, conforme o Decreto n\u00ba. 2.981\/2014, Art. 6\u00ba, \u00a7 5\u00ba.<\/strong><\/p>\n\n\n\n<p><strong>Desde j\u00e1 agradecemos a participa\u00e7\u00e3o de todos!<\/strong><\/p>\n\n\n\n<p><strong>Atenciosamente,<\/strong><\/p>\n\n\n\n<p><strong>EDVAR DA SILVA NUNES J\u00daNIOR<\/strong><br><strong>Diretor \u2013 Geral da Escola de Servi\u00e7o P\u00fablico Municipal e Inclus\u00e3o Socioeducacional \u2013 ESPI<\/strong><\/p>\n\n\n\n<p><strong>FRANCISCA GABRIELE FERREIRA DE OLIVEIRA<\/strong><br><strong>Diretora do Departamento de A\u00e7\u00f5es Socioeducacionais \u2013 DEAS<\/strong><\/p>\n\n\n\n<p><a href=\"https:\/\/www.manaus.am.gov.br\/semad\/wp-content\/uploads\/sites\/21\/2025\/11\/LISTA-DE-CONVOCADOS-DO-CONTRAPARTIDA-2023-PARQUE-CIDADE-DA-CRIANCA.pdf\"><br>Clique aqui<\/a><\/p>\n\n\n\n<p><strong>para visualizar a rela\u00e7\u00e3o dos convocados (27\/07\/2023)<\/strong><\/p>\n\n\n\n<p><a href=\"https:\/\/www.manaus.am.gov.br\/semad\/wp-content\/uploads\/sites\/21\/2025\/11\/CONFIRMADOS-PARQUE-CIDADE-DA-CRIANCA-20232.pdf\"><br>Clique aqui<\/a><\/p>\n\n\n\n<p><strong>para visualizar a rela\u00e7\u00e3o dos confirmados<\/strong><\/p>\n\n\n\n<h2 class=\"wp-block-heading\"><strong>Projeto 3122: A\u00e7\u00f5es para a Mobilidade Urbana Segura em 2023. (2\u00aa Convoca\u00e7\u00e3o)<\/strong><\/h2>\n\n\n\n<p><strong>Os bolsistas convocados devem comparecer \u00e0 ESCOLA DE SERVI\u00c7O P\u00daBLICO MUNICIPAL E INCLUS\u00c3O SOCIOEDUCACIONAL \u2013 ESPI, localizada na Av. Compensa, n\u00ba 770 \u2013 Vila da Prata, no per\u00edodo 02\/05 a 05\/05\/23, das 09:00 h \u00e0s 14:00 h.<\/strong><br><strong>Para ades\u00e3o ao Projeto de Contrapartida solicitamos as c\u00f3pias dos seguintes documentos:<\/strong><\/p>\n\n\n\n<p><strong>OBSERVA\u00c7\u00c3O:<\/strong><br><strong>Para os bolsistas que ir\u00e3o justificar a sua aus\u00eancia do projeto de contrapartida ou at\u00e9 mesmo solicitar redu\u00e7\u00e3o da carga hor\u00e1ria, os mesmos dever\u00e3o apresentar declara\u00e7\u00e3o de trabalho preferencialmente em papel timbrado com data, constando os dias e o hor\u00e1rio da jornada de trabalho, com o carimbo do CNPJ, devidamente assinada pelo respons\u00e1vel, juntamente com a c\u00f3pia da carteira de trabalho ou contrato de trabalho para comprova\u00e7\u00e3o.<\/strong><\/p>\n\n\n\n<p><strong>Os bolsistas que estiverem cumprindo est\u00e1gios curriculares e\/ou remunerados, favor trazer ORIGINAL + C\u00d3PIA do CONTRATO DE EST\u00c1GIO, Declara\u00e7\u00e3o Completa do \u00d3rg\u00e3o do est\u00e1gio constando os dias e o hor\u00e1rio de est\u00e1gio, al\u00e9m do per\u00edodo de in\u00edcio e t\u00e9rmino do mesmo, RG + CPF E CARTEIRA DE PASSE ESTUDANTIL.<\/strong><\/p>\n\n\n\n<p><strong>Ressaltamos que a aus\u00eancia do bolsista \u00e0s convoca\u00e7\u00f5es para atividades de contrapartida pode levar ao desligamento do PBU, conforme o Decreto n\u00ba. 2.981\/2014, Art. 6\u00ba, \u00a7 5\u00ba.<\/strong><\/p>\n\n\n\n<p><a href=\"https:\/\/www.manaus.am.gov.br\/semad\/wp-content\/uploads\/sites\/21\/2025\/11\/Convocados-IMMU-2a-Convocacao.pdf\"><br>Clique aqui<\/a><\/p>\n\n\n\n<p><strong>para visualizar a rela\u00e7\u00e3o dos convocados (26\/04\/2023)<\/strong><\/p>\n\n\n\n<p><a href=\"https:\/\/www.manaus.am.gov.br\/semad\/wp-content\/uploads\/sites\/21\/2025\/11\/CONFIRMADOS-ACOES-PARA-A-MOBILIDADE-URBANA-SEGURA-IMMU-20231.pdf\"><br>Clique aqui<\/a><\/p>\n\n\n\n<p><strong>para visualizar a rela\u00e7\u00e3o dos confirmados<\/strong><\/p>\n\n\n\n<h2 class=\"wp-block-heading\"><strong>Projeto 3122: A\u00e7\u00f5es para a Mobilidade Urbana Segura em 2023. (1\u00aa Convoca\u00e7\u00e3o)<\/strong><\/h2>\n\n\n\n<p><strong>Os bolsistas convocados devem comparecer \u00e0 ESCOLA DE SERVI\u00c7O P\u00daBLICO MUNICIPAL E INCLUS\u00c3O SOCIOEDUCACIONAL \u2013 ESPI, localizada na Av. Compensa, n\u00ba 770 \u2013 Vila da Prata, no per\u00edodo 17\/04 a 20\/04\/23, das 8h \u00e0s 14h.<\/strong><br><strong>Para ades\u00e3o ao Projeto de Contrapartida solicitamos as c\u00f3pias dos seguintes documentos:<\/strong><br><strong>*RG<\/strong><br><strong>*CPF<\/strong><br><strong>*CARTEIRA DE PASSE ESTUDANTIL<\/strong><\/p>\n\n\n\n<p><strong>OBSERVA\u00c7\u00c3O:<\/strong><br><strong>Para os bolsistas que ir\u00e3o justificar a sua aus\u00eancia do projeto de contrapartida ou at\u00e9 mesmo solicitar redu\u00e7\u00e3o da carga hor\u00e1ria, os mesmos dever\u00e3o apresentar declara\u00e7\u00e3o de trabalho preferencialmente em papel timbrado com data, constando os dias e o hor\u00e1rio da jornada de trabalho, com o carimbo do CNPJ, devidamente assinada pelo respons\u00e1vel, juntamente com a c\u00f3pia da carteira de trabalho ou contrato de trabalho para comprova\u00e7\u00e3o.<\/strong><\/p>\n\n\n\n<p><strong>Os bolsistas que estiverem cumprindo est\u00e1gios curriculares e\/ou remunerados, favor trazer ORIGINAL + C\u00d3PIA do CONTRATO DE EST\u00c1GIO, Declara\u00e7\u00e3o Completa do \u00d3rg\u00e3o do est\u00e1gio constando os dias e o hor\u00e1rio de est\u00e1gio, al\u00e9m do per\u00edodo de in\u00edcio e t\u00e9rmino do mesmo, RG + CPF E CARTEIRA DE PASSE ESTUDANTIL.<\/strong><\/p>\n\n\n\n<p><strong>Ressaltamos que a aus\u00eancia do bolsista \u00e0s convoca\u00e7\u00f5es para atividades de contrapartida pode levar ao desligamento do PBU, conforme o Decreto n\u00ba. 2.981\/2014, Art. 6\u00ba, \u00a7 5\u00ba.<\/strong><\/p>\n\n\n\n<p><a href=\"https:\/\/www.manaus.am.gov.br\/semad\/wp-content\/uploads\/sites\/21\/2025\/11\/Convocados-IMMU-1a-Convocacao.pdf\"><br>Clique aqui<\/a><\/p>\n\n\n\n<p><strong>para visualizar a rela\u00e7\u00e3o dos convocados (26\/04\/2023)<\/strong><\/p>\n","protected":false},"excerpt":{"rendered":"","protected":false},"author":8,"featured_media":0,"parent":2222,"menu_order":0,"comment_status":"closed","ping_status":"closed","template":"","meta":{"footnotes":""},"acf":[],"yoast_head":"<!-- This site is optimized with the Yoast SEO plugin v23.0 - https:\/\/yoast.com\/wordpress\/plugins\/seo\/ -->\n<title>Convoca\u00e7\u00f5es-2024 - SEMAD<\/title>\n<meta name=\"robots\" content=\"noindex, follow\" \/>\n<meta property=\"og:locale\" content=\"pt_BR\" \/>\n<meta property=\"og:type\" content=\"article\" \/>\n<meta property=\"og:title\" content=\"Convoca\u00e7\u00f5es-2024 - SEMAD\" \/>\n<meta property=\"og:url\" content=\"https:\/\/www.manaus.am.gov.br\/semad\/contrapartida\/convocacoes-2024\/\" \/>\n<meta property=\"og:site_name\" content=\"SEMAD\" \/>\n<meta property=\"article:modified_time\" content=\"2025-11-24T19:02:57+00:00\" \/>\n<meta property=\"og:image\" content=\"https:\/\/www.manaus.am.gov.br\/semad\/wp-content\/uploads\/sites\/21\/2024\/07\/thumb-default-2.png\" \/>\n\t<meta property=\"og:image:width\" content=\"966\" \/>\n\t<meta property=\"og:image:height\" content=\"520\" \/>\n\t<meta property=\"og:image:type\" content=\"image\/png\" \/>\n<meta name=\"twitter:card\" content=\"summary_large_image\" \/>\n<meta name=\"twitter:label1\" content=\"Est. reading time\" \/>\n\t<meta name=\"twitter:data1\" content=\"8 minutos\" \/>\n<script type=\"application\/ld+json\" class=\"yoast-schema-graph\">{\"@context\":\"https:\/\/schema.org\",\"@graph\":[{\"@type\":\"WebPage\",\"@id\":\"https:\/\/www.manaus.am.gov.br\/semad\/contrapartida\/convocacoes-2024\/\",\"url\":\"https:\/\/www.manaus.am.gov.br\/semad\/contrapartida\/convocacoes-2024\/\",\"name\":\"Convoca\u00e7\u00f5es-2024 - SEMAD\",\"isPartOf\":{\"@id\":\"https:\/\/www.manaus.am.gov.br\/semad\/#website\"},\"datePublished\":\"2025-11-24T18:15:27+00:00\",\"dateModified\":\"2025-11-24T19:02:57+00:00\",\"breadcrumb\":{\"@id\":\"https:\/\/www.manaus.am.gov.br\/semad\/contrapartida\/convocacoes-2024\/#breadcrumb\"},\"inLanguage\":\"pt-BR\",\"potentialAction\":[{\"@type\":\"ReadAction\",\"target\":[\"https:\/\/www.manaus.am.gov.br\/semad\/contrapartida\/convocacoes-2024\/\"]}]},{\"@type\":\"BreadcrumbList\",\"@id\":\"https:\/\/www.manaus.am.gov.br\/semad\/contrapartida\/convocacoes-2024\/#breadcrumb\",\"itemListElement\":[{\"@type\":\"ListItem\",\"position\":1,\"name\":\"Home\",\"item\":\"https:\/\/www.manaus.am.gov.br\/semad\/\"},{\"@type\":\"ListItem\",\"position\":2,\"name\":\"Contrapartida\",\"item\":\"https:\/\/www.manaus.am.gov.br\/semad\/contrapartida\/\"},{\"@type\":\"ListItem\",\"position\":3,\"name\":\"Convoca\u00e7\u00f5es-2024\"}]},{\"@type\":\"WebSite\",\"@id\":\"https:\/\/www.manaus.am.gov.br\/semad\/#website\",\"url\":\"https:\/\/www.manaus.am.gov.br\/semad\/\",\"name\":\"SEMAD\",\"description\":\"Prefeitura de Manaus\",\"publisher\":{\"@id\":\"https:\/\/www.manaus.am.gov.br\/semad\/#organization\"},\"alternateName\":\"Secretaria Municipal de Administra\u00e7\u00e3o, Planejamento e Gest\u00e3o\",\"potentialAction\":[{\"@type\":\"SearchAction\",\"target\":{\"@type\":\"EntryPoint\",\"urlTemplate\":\"https:\/\/www.manaus.am.gov.br\/semad\/?s={search_term_string}\"},\"query-input\":\"required name=search_term_string\"}],\"inLanguage\":\"pt-BR\"},{\"@type\":\"Organization\",\"@id\":\"https:\/\/www.manaus.am.gov.br\/semad\/#organization\",\"name\":\"Prefeitura Municipal de Manaus\",\"alternateName\":\"Prefeitura de Manaus\",\"url\":\"https:\/\/www.manaus.am.gov.br\/semad\/\",\"logo\":{\"@type\":\"ImageObject\",\"inLanguage\":\"pt-BR\",\"@id\":\"https:\/\/www.manaus.am.gov.br\/semad\/#\/schema\/logo\/image\/\",\"url\":\"https:\/\/www.manaus.am.gov.br\/semad\/wp-content\/uploads\/sites\/21\/2024\/07\/favicon.png\",\"contentUrl\":\"https:\/\/www.manaus.am.gov.br\/semad\/wp-content\/uploads\/sites\/21\/2024\/07\/favicon.png\",\"width\":300,\"height\":300,\"caption\":\"Prefeitura Municipal de Manaus\"},\"image\":{\"@id\":\"https:\/\/www.manaus.am.gov.br\/semad\/#\/schema\/logo\/image\/\"}}]}<\/script>\n<!-- \/ Yoast SEO plugin. -->","yoast_head_json":{"title":"Convoca\u00e7\u00f5es-2024 - SEMAD","robots":{"index":"noindex","follow":"follow"},"og_locale":"pt_BR","og_type":"article","og_title":"Convoca\u00e7\u00f5es-2024 - SEMAD","og_url":"https:\/\/www.manaus.am.gov.br\/semad\/contrapartida\/convocacoes-2024\/","og_site_name":"SEMAD","article_modified_time":"2025-11-24T19:02:57+00:00","og_image":[{"width":966,"height":520,"url":"https:\/\/www.manaus.am.gov.br\/semad\/wp-content\/uploads\/sites\/21\/2024\/07\/thumb-default-2.png","type":"image\/png"}],"twitter_card":"summary_large_image","twitter_misc":{"Est. reading time":"8 minutos"},"schema":{"@context":"https:\/\/schema.org","@graph":[{"@type":"WebPage","@id":"https:\/\/www.manaus.am.gov.br\/semad\/contrapartida\/convocacoes-2024\/","url":"https:\/\/www.manaus.am.gov.br\/semad\/contrapartida\/convocacoes-2024\/","name":"Convoca\u00e7\u00f5es-2024 - SEMAD","isPartOf":{"@id":"https:\/\/www.manaus.am.gov.br\/semad\/#website"},"datePublished":"2025-11-24T18:15:27+00:00","dateModified":"2025-11-24T19:02:57+00:00","breadcrumb":{"@id":"https:\/\/www.manaus.am.gov.br\/semad\/contrapartida\/convocacoes-2024\/#breadcrumb"},"inLanguage":"pt-BR","potentialAction":[{"@type":"ReadAction","target":["https:\/\/www.manaus.am.gov.br\/semad\/contrapartida\/convocacoes-2024\/"]}]},{"@type":"BreadcrumbList","@id":"https:\/\/www.manaus.am.gov.br\/semad\/contrapartida\/convocacoes-2024\/#breadcrumb","itemListElement":[{"@type":"ListItem","position":1,"name":"Home","item":"https:\/\/www.manaus.am.gov.br\/semad\/"},{"@type":"ListItem","position":2,"name":"Contrapartida","item":"https:\/\/www.manaus.am.gov.br\/semad\/contrapartida\/"},{"@type":"ListItem","position":3,"name":"Convoca\u00e7\u00f5es-2024"}]},{"@type":"WebSite","@id":"https:\/\/www.manaus.am.gov.br\/semad\/#website","url":"https:\/\/www.manaus.am.gov.br\/semad\/","name":"SEMAD","description":"Prefeitura de Manaus","publisher":{"@id":"https:\/\/www.manaus.am.gov.br\/semad\/#organization"},"alternateName":"Secretaria Municipal de Administra\u00e7\u00e3o, Planejamento e Gest\u00e3o","potentialAction":[{"@type":"SearchAction","target":{"@type":"EntryPoint","urlTemplate":"https:\/\/www.manaus.am.gov.br\/semad\/?s={search_term_string}"},"query-input":"required name=search_term_string"}],"inLanguage":"pt-BR"},{"@type":"Organization","@id":"https:\/\/www.manaus.am.gov.br\/semad\/#organization","name":"Prefeitura Municipal de Manaus","alternateName":"Prefeitura de Manaus","url":"https:\/\/www.manaus.am.gov.br\/semad\/","logo":{"@type":"ImageObject","inLanguage":"pt-BR","@id":"https:\/\/www.manaus.am.gov.br\/semad\/#\/schema\/logo\/image\/","url":"https:\/\/www.manaus.am.gov.br\/semad\/wp-content\/uploads\/sites\/21\/2024\/07\/favicon.png","contentUrl":"https:\/\/www.manaus.am.gov.br\/semad\/wp-content\/uploads\/sites\/21\/2024\/07\/favicon.png","width":300,"height":300,"caption":"Prefeitura Municipal de Manaus"},"image":{"@id":"https:\/\/www.manaus.am.gov.br\/semad\/#\/schema\/logo\/image\/"}}]}},"_links":{"self":[{"href":"https:\/\/www.manaus.am.gov.br\/semad\/wp-json\/wp\/v2\/pages\/2229"}],"collection":[{"href":"https:\/\/www.manaus.am.gov.br\/semad\/wp-json\/wp\/v2\/pages"}],"about":[{"href":"https:\/\/www.manaus.am.gov.br\/semad\/wp-json\/wp\/v2\/types\/page"}],"author":[{"embeddable":true,"href":"https:\/\/www.manaus.am.gov.br\/semad\/wp-json\/wp\/v2\/users\/8"}],"replies":[{"embeddable":true,"href":"https:\/\/www.manaus.am.gov.br\/semad\/wp-json\/wp\/v2\/comments?post=2229"}],"version-history":[{"count":3,"href":"https:\/\/www.manaus.am.gov.br\/semad\/wp-json\/wp\/v2\/pages\/2229\/revisions"}],"predecessor-version":[{"id":2301,"href":"https:\/\/www.manaus.am.gov.br\/semad\/wp-json\/wp\/v2\/pages\/2229\/revisions\/2301"}],"up":[{"embeddable":true,"href":"https:\/\/www.manaus.am.gov.br\/semad\/wp-json\/wp\/v2\/pages\/2222"}],"wp:attachment":[{"href":"https:\/\/www.manaus.am.gov.br\/semad\/wp-json\/wp\/v2\/media?parent=2229"}],"curies":[{"name":"wp","href":"https:\/\/api.w.org\/{rel}","templated":true}]}}