{"id":2227,"date":"2025-11-24T14:13:31","date_gmt":"2025-11-24T18:13:31","guid":{"rendered":"https:\/\/www.manaus.am.gov.br\/semad\/?page_id=2227"},"modified":"2025-11-24T14:44:25","modified_gmt":"2025-11-24T18:44:25","slug":"advertencias-bolsistas","status":"publish","type":"page","link":"https:\/\/www.manaus.am.gov.br\/semad\/contrapartida\/advertencias-bolsistas\/","title":{"rendered":"Advert\u00eancias Bolsistas"},"content":{"rendered":"\n<h2 class=\"wp-block-heading\"><strong>Projeto Preparo e Sele\u00e7\u00e3o de Alt. de Prop. e Revis\u00e3o de Dados Cadastrais \/ SEMEF<\/strong><\/h2>\n\n\n\n<p><strong>Notifica\u00e7\u00e3o de Instaura\u00e7\u00e3o de Processo Administrativo \u2013 A Escola de Servi\u00e7o P\u00fablico Municipal \u2013 ESPI, no uso de suas atribui\u00e7\u00f5es, com fundamento na Lei n\u00ba 1.931, Art. 4\u00ba, VII e combinada com o Decreto n. 2.981\/2014, art. 6\u00ba, \u00a7 5\u00ba, vem informar a advert\u00eancia na forma da mencionada legisla\u00e7\u00e3o, em raz\u00e3o de aus\u00eancia de justificativa\/abandono para a realiza\u00e7\u00e3o das atividades de contrapartida exigidas na Lei do PBU, como requisito para perman\u00eancia no Programa Bolsa Universidade, para atuar no Projeto PREPARO E SELE\u00c7\u00c3O DE ALT. DE PROP. E REVIS\u00c3O DE DADOS CADASTRAS\/SEMEF.<\/strong><\/p>\n\n\n\n<p><a href=\"https:\/\/www.manaus.am.gov.br\/semad\/wp-content\/uploads\/sites\/21\/2025\/11\/adv2014-008-ProjetoSelEPrepSEMEF.pdf\">Clique aqui<\/a><\/p>\n\n\n\n<p><strong>para visualizar a lista dos convocados<\/strong><\/p>\n\n\n\n<h2 class=\"wp-block-heading\"><strong>Projeto Monitoria de Educa\u00e7\u00e3o Especial\/SEMED<\/strong><\/h2>\n\n\n\n<p><strong>Notifica\u00e7\u00e3o de Instaura\u00e7\u00e3o de Processo Administrativo \u2013 A Escola de Servi\u00e7o P\u00fablico Municipal \u2013 ESPI, no uso de suas atribui\u00e7\u00f5es, com fundamento na Lei n\u00ba 1.931, Art. 4\u00ba, VII e combinada com o Decreto n. 2.981\/2014, art. 6\u00ba, \u00a7 5\u00ba, vem informar a advert\u00eancia na forma da mencionada legisla\u00e7\u00e3o, em raz\u00e3o de aus\u00eancia de justificativa\/abandono para a realiza\u00e7\u00e3o das atividades de contrapartida exigidas na Lei do PBU, como requisito para perman\u00eancia no Programa Bolsa Universidade, para atuar no Projeto MONITORIA DE EDUCA\u00c7\u00c3O ESPECIAL\/SEMED.<\/strong><\/p>\n\n\n\n<p><a href=\"https:\/\/www.manaus.am.gov.br\/semad\/wp-content\/uploads\/sites\/21\/2025\/11\/adv2014-007-ProjetoMonitoriaEspecial.pdf\">Clique aqui<\/a><\/p>\n\n\n\n<p><strong>para visualizar a lista dos convocados<\/strong><\/p>\n\n\n\n<h2 class=\"wp-block-heading\"><strong>Projeto Recebimento de Documenta\u00e7\u00e3o PBI<\/strong><\/h2>\n\n\n\n<p><strong>Notifica\u00e7\u00e3o de Instaura\u00e7\u00e3o de Processo Administrativo \u2013 A Escola de Servi\u00e7o P\u00fablico Municipal \u2013 ESPI, no uso de suas atribui\u00e7\u00f5es, com fundamento na Lei n. 1.931 combinada com o Decreto n. 2.981\/2014, art.6\u00ba, \u00a7 5\u00ba, vem informar, que os bolsistas a seguir descritos est\u00e3o sendo advertidos, na forma da mencionada legisla\u00e7\u00e3o, em raz\u00e3o de aus\u00eancia do bolsista convocado sem justificativa para a realiza\u00e7\u00e3o das atividades de contrapartida exigidas na Lei do PBU, como requisito para perman\u00eancia no Programa Bolsa Universidade, e apresentar justificativa, a contar desta publica\u00e7\u00e3o.<\/strong><\/p>\n\n\n\n<p><a href=\"https:\/\/www.manaus.am.gov.br\/semad\/wp-content\/uploads\/sites\/21\/2025\/11\/adv2014-006-ProjetoRecebimentoPBI.pdf\">Clique aqui<\/a><\/p>\n\n\n\n<p><strong>para visualizar a lista dos convocados<\/strong><\/p>\n\n\n\n<h2 class=\"wp-block-heading\"><strong>Projeto SMTU<\/strong><\/h2>\n\n\n\n<p><strong>Notifica\u00e7\u00e3o de Instaura\u00e7\u00e3o de Processo Administrativo \u2013 A Escola de Servi\u00e7o P\u00fablico Municipal \u2013 ESPI, no uso de suas atribui\u00e7\u00f5es, com fundamento na Lei n\u00ba 1.931, Art. 4\u00ba, VII e combinada com o Decreto n. 2.981\/2014, art. 6\u00ba, \u00a7 5\u00ba, vem informar, a advert\u00eancia pela primeira vez, na forma da mencionada legisla\u00e7\u00e3o, em raz\u00e3o de aus\u00eancia de justificativa\/abandono para a realiza\u00e7\u00e3o das atividades de contrapartida exigidas na Lei do PBU, como requisito para perman\u00eancia no Programa Bolsa Universidade, para atuar no Projeto SMTU. Ressalta-se, que o bolsista possui o prazo de 5 (cinco) dias, para comparecer \u00e0 sede do Programa Bolsa Universidade, e apresentar justificativa, a contar desta publica\u00e7\u00e3o.<\/strong><\/p>\n\n\n\n<p><a href=\"https:\/\/www.manaus.am.gov.br\/semad\/wp-content\/uploads\/sites\/21\/2025\/11\/adv2014-005-ProjetoSMTU.pdf\">Clique aqui<\/a><\/p>\n\n\n\n<p><strong>para visualizar a lista dos convocados<\/strong><\/p>\n\n\n\n<h2 class=\"wp-block-heading\"><strong>Projeto SEMEF<\/strong><\/h2>\n\n\n\n<p><strong>Notifica\u00e7\u00e3o de Instaura\u00e7\u00e3o de Processo Administrativo \u2013 A Escola de Servi\u00e7o P\u00fablico Municipal \u2013 ESPI, no uso de suas atribui\u00e7\u00f5es, com fundamento na Lei n\u00ba 1.931, Art. 4\u00ba, VII e combinada com o Decreto n. 2.981\/2014, art. 6\u00ba, \u00a7 5\u00ba, vem informar, a advert\u00eancia pela primeira vez, na forma da mencionada legisla\u00e7\u00e3o, em raz\u00e3o de aus\u00eancia de justificativa\/abandono para a realiza\u00e7\u00e3o das atividades de contrapartida exigidas na Lei do PBU, como requisito para perman\u00eancia no Programa Bolsa Universidade, para atuar no Projeto SEMEF. Ressalta-se, que o bolsista possui o prazo de 5 (cinco) dias, para comparecer \u00e0 sede do Programa Bolsa Universidade, e apresentar justificativa, a contar desta publica\u00e7\u00e3o.<\/strong><\/p>\n\n\n\n<p><a href=\"https:\/\/www.manaus.am.gov.br\/semad\/wp-content\/uploads\/sites\/21\/2025\/11\/adv2014-004-ProjetoSEMEF.pdf\">Clique aqui<\/a><\/p>\n\n\n\n<p><strong>para visualizar a lista dos convocados&nbsp;<\/strong><\/p>\n\n\n\n<h2 class=\"wp-block-heading\"><strong>Projeto HEMOAM<\/strong><\/h2>\n\n\n\n<p><strong>Notifica\u00e7\u00e3o de Instaura\u00e7\u00e3o de Processo Administrativo \u2013 A Escola de Servi\u00e7o P\u00fablico Municipal \u2013 ESPI, no uso de suas atribui\u00e7\u00f5es, com fundamento na Lei n\u00ba 1.931, Art. 4\u00ba, VII e combinada com o Decreto n. 2.981\/2014, art. 6\u00ba, \u00a7 5\u00ba, vem informar, a advert\u00eancia pela segunda vez, na forma da mencionada legisla\u00e7\u00e3o, em raz\u00e3o de aus\u00eancia de justificativa\/abandono para a realiza\u00e7\u00e3o das atividades de contrapartida exigidas na Lei do PBU, como requisito para perman\u00eancia no Programa Bolsa Universidade\u201d. Ressalta-se, que o bolsista possui o prazo de 5 (cinco) dias, para comparecer \u00e0 sede do Programa Bolsa Universidade, e apresentar justificativa, a contar desta publica\u00e7\u00e3o.<\/strong><\/p>\n\n\n\n<p><a href=\"https:\/\/www.manaus.am.gov.br\/semad\/wp-content\/uploads\/sites\/21\/2025\/11\/adv2014-003-ProjetoHEMOAMProcADM.pdf\">Clique aqui<\/a><\/p>\n\n\n\n<p><strong>para visualizar a lista dos convocados<\/strong><\/p>\n\n\n\n<h2 class=\"wp-block-heading\"><strong>PROJETO SEMMAS<\/strong><\/h2>\n\n\n\n<p>Notifica\u00e7\u00e3o de Instaura\u00e7\u00e3o de Processo Administrativo \u2013 A Escola de Servi\u00e7o P\u00fablico Municipal \u2013 ESPI, no uso de suas atribui\u00e7\u00f5es, com fundamento na Lei n\u00ba 1.931, Art. 4\u00ba, VII e combinada com o Decreto n. 2.981\/2014, art. 6\u00ba, \u00a7 5\u00ba, vem informar, a advert\u00eancia pela primeira vez, na forma da mencionada legisla\u00e7\u00e3o, em raz\u00e3o de aus\u00eancia de justificativa\/abandono para a realiza\u00e7\u00e3o das atividades de contrapartida exigidas na Lei do PBU, como requisito para perman\u00eancia no Programa Bolsa Universidade, para atuar no Projeto SEMMAS. Ressalta-se, que o bolsista possui o prazo de 5 (cinco) dias, para comparecer \u00e0 sede do Programa Bolsa Universidade, e apresentar justificativa, a contar desta publica\u00e7\u00e3o.<\/p>\n\n\n\n<p><a href=\"https:\/\/www.manaus.am.gov.br\/semad\/wp-content\/uploads\/sites\/21\/2025\/11\/adv2014-002-ProjetoSEMMAS.pdf\">Clique aqui<\/a><\/p>\n\n\n\n<p><strong>para visualizar a lista dos convocados<\/strong><\/p>\n\n\n\n<h2 class=\"wp-block-heading\"><strong>Projeto: English For Kids &#8211; SEMED<\/strong><\/h2>\n\n\n\n<p><strong>Notifica\u00e7\u00e3o de Instaura\u00e7\u00e3o de Processo Administrativo \u2013 A Escola de Servi\u00e7o P\u00fablico Municipal e Inclus\u00e3o Socioeducacional (ESPI), no uso de suas atribui\u00e7\u00f5es, com fundamento na Lei n\u00ba 1.931, Art. 4\u00ba, VII e combinada com o Decreto n. 2.981\/2014, art. 6\u00ba, \u00a7 5\u00ba, vem informar, a ADVERT\u00caNCIA, na forma da mencionada legisla\u00e7\u00e3o, em raz\u00e3o de aus\u00eancia de justificativapara a n\u00e3o realiza\u00e7\u00e3o das atividades de contrapartida exigidas na legisla\u00e7\u00e3o, como requisito para perman\u00eancia no Programa Bolsa Universidade (PBU).<\/strong><br><strong>Projeto: ENGLISH FOR KIDS \u2013 SEMED<\/strong><br><strong>O bolsista possui o prazo de 5 (cinco) dias a contar de 19.08.2015, para comparecer \u00e0 sede do Programa Bolsa Universidade e regularizar a sua situa\u00e7\u00e3o considerando um dos casos abaixo:<\/strong><br><strong>APRESENTAR JUSTIFICATIVA para a n\u00e3o realiza\u00e7\u00e3o da contrapartida, comprovando COM DOCUMENTOS a impossibilidade de participar da atividade para a qual foi convocado;<\/strong><br><strong>ASSINAR O TERMO DE COMPROMISSO de participa\u00e7\u00e3o na atividade para a qual foi convocado.<\/strong><br><strong>Neste caso trazer c\u00f3pia dos seguintes documentos: RG, CPF e CARTEIRA DE ESTUDANTE PARA COMPRA DE MEIA-PASSAGEM.<\/strong><br><strong>Ressaltamos que a falta de resposta do bolsista \u00e0s convoca\u00e7\u00f5es para atividades de contrapartida pode levar ao desligamento do PBU:<\/strong><br><strong>Decreto n. 2.981\/2014, art. 6\u00ba, \u00a7 5\u00ba \u201cA aus\u00eancia de contrapartida pelo bolsista convocado, sem justificativa que comprove a ocorr\u00eancia de caso fortuito ou de for\u00e7a maior, implicar\u00e1 inicialmente em advert\u00eancia e a reincid\u00eancia acarretar\u00e1 o desligamento do bolsista do PBU\u201d.<\/strong><\/p>\n\n\n\n<p><a href=\"https:\/\/www.manaus.am.gov.br\/semad\/wp-content\/uploads\/sites\/21\/2025\/11\/adv2015-001-EnglishForKids.pdf\">Clique aqui<\/a><\/p>\n\n\n\n<p><strong>para visualizar a lista dos convocados<\/strong><\/p>\n","protected":false},"excerpt":{"rendered":"","protected":false},"author":8,"featured_media":0,"parent":2222,"menu_order":0,"comment_status":"closed","ping_status":"closed","template":"","meta":{"footnotes":""},"acf":[],"yoast_head":"<!-- This site is optimized with the Yoast SEO plugin v23.0 - https:\/\/yoast.com\/wordpress\/plugins\/seo\/ -->\n<title>Advert\u00eancias Bolsistas - SEMAD<\/title>\n<meta name=\"robots\" content=\"noindex, follow\" \/>\n<meta property=\"og:locale\" content=\"pt_BR\" \/>\n<meta property=\"og:type\" content=\"article\" \/>\n<meta property=\"og:title\" content=\"Advert\u00eancias Bolsistas - SEMAD\" \/>\n<meta property=\"og:url\" content=\"https:\/\/www.manaus.am.gov.br\/semad\/contrapartida\/advertencias-bolsistas\/\" \/>\n<meta property=\"og:site_name\" content=\"SEMAD\" \/>\n<meta property=\"article:modified_time\" content=\"2025-11-24T18:44:25+00:00\" \/>\n<meta property=\"og:image\" content=\"https:\/\/www.manaus.am.gov.br\/semad\/wp-content\/uploads\/sites\/21\/2024\/07\/thumb-default-2.png\" \/>\n\t<meta property=\"og:image:width\" content=\"966\" \/>\n\t<meta property=\"og:image:height\" content=\"520\" \/>\n\t<meta property=\"og:image:type\" content=\"image\/png\" \/>\n<meta name=\"twitter:card\" content=\"summary_large_image\" \/>\n<meta name=\"twitter:label1\" content=\"Est. reading time\" \/>\n\t<meta name=\"twitter:data1\" content=\"6 minutos\" \/>\n<script type=\"application\/ld+json\" class=\"yoast-schema-graph\">{\"@context\":\"https:\/\/schema.org\",\"@graph\":[{\"@type\":\"WebPage\",\"@id\":\"https:\/\/www.manaus.am.gov.br\/semad\/contrapartida\/advertencias-bolsistas\/\",\"url\":\"https:\/\/www.manaus.am.gov.br\/semad\/contrapartida\/advertencias-bolsistas\/\",\"name\":\"Advert\u00eancias Bolsistas - SEMAD\",\"isPartOf\":{\"@id\":\"https:\/\/www.manaus.am.gov.br\/semad\/#website\"},\"datePublished\":\"2025-11-24T18:13:31+00:00\",\"dateModified\":\"2025-11-24T18:44:25+00:00\",\"breadcrumb\":{\"@id\":\"https:\/\/www.manaus.am.gov.br\/semad\/contrapartida\/advertencias-bolsistas\/#breadcrumb\"},\"inLanguage\":\"pt-BR\",\"potentialAction\":[{\"@type\":\"ReadAction\",\"target\":[\"https:\/\/www.manaus.am.gov.br\/semad\/contrapartida\/advertencias-bolsistas\/\"]}]},{\"@type\":\"BreadcrumbList\",\"@id\":\"https:\/\/www.manaus.am.gov.br\/semad\/contrapartida\/advertencias-bolsistas\/#breadcrumb\",\"itemListElement\":[{\"@type\":\"ListItem\",\"position\":1,\"name\":\"Home\",\"item\":\"https:\/\/www.manaus.am.gov.br\/semad\/\"},{\"@type\":\"ListItem\",\"position\":2,\"name\":\"Contrapartida\",\"item\":\"https:\/\/www.manaus.am.gov.br\/semad\/contrapartida\/\"},{\"@type\":\"ListItem\",\"position\":3,\"name\":\"Advert\u00eancias Bolsistas\"}]},{\"@type\":\"WebSite\",\"@id\":\"https:\/\/www.manaus.am.gov.br\/semad\/#website\",\"url\":\"https:\/\/www.manaus.am.gov.br\/semad\/\",\"name\":\"SEMAD\",\"description\":\"Prefeitura de Manaus\",\"publisher\":{\"@id\":\"https:\/\/www.manaus.am.gov.br\/semad\/#organization\"},\"alternateName\":\"Secretaria Municipal de Administra\u00e7\u00e3o, Planejamento e Gest\u00e3o\",\"potentialAction\":[{\"@type\":\"SearchAction\",\"target\":{\"@type\":\"EntryPoint\",\"urlTemplate\":\"https:\/\/www.manaus.am.gov.br\/semad\/?s={search_term_string}\"},\"query-input\":\"required name=search_term_string\"}],\"inLanguage\":\"pt-BR\"},{\"@type\":\"Organization\",\"@id\":\"https:\/\/www.manaus.am.gov.br\/semad\/#organization\",\"name\":\"Prefeitura Municipal de Manaus\",\"alternateName\":\"Prefeitura de Manaus\",\"url\":\"https:\/\/www.manaus.am.gov.br\/semad\/\",\"logo\":{\"@type\":\"ImageObject\",\"inLanguage\":\"pt-BR\",\"@id\":\"https:\/\/www.manaus.am.gov.br\/semad\/#\/schema\/logo\/image\/\",\"url\":\"https:\/\/www.manaus.am.gov.br\/semad\/wp-content\/uploads\/sites\/21\/2024\/07\/favicon.png\",\"contentUrl\":\"https:\/\/www.manaus.am.gov.br\/semad\/wp-content\/uploads\/sites\/21\/2024\/07\/favicon.png\",\"width\":300,\"height\":300,\"caption\":\"Prefeitura Municipal de Manaus\"},\"image\":{\"@id\":\"https:\/\/www.manaus.am.gov.br\/semad\/#\/schema\/logo\/image\/\"}}]}<\/script>\n<!-- \/ Yoast SEO plugin. -->","yoast_head_json":{"title":"Advert\u00eancias Bolsistas - SEMAD","robots":{"index":"noindex","follow":"follow"},"og_locale":"pt_BR","og_type":"article","og_title":"Advert\u00eancias Bolsistas - SEMAD","og_url":"https:\/\/www.manaus.am.gov.br\/semad\/contrapartida\/advertencias-bolsistas\/","og_site_name":"SEMAD","article_modified_time":"2025-11-24T18:44:25+00:00","og_image":[{"width":966,"height":520,"url":"https:\/\/www.manaus.am.gov.br\/semad\/wp-content\/uploads\/sites\/21\/2024\/07\/thumb-default-2.png","type":"image\/png"}],"twitter_card":"summary_large_image","twitter_misc":{"Est. reading time":"6 minutos"},"schema":{"@context":"https:\/\/schema.org","@graph":[{"@type":"WebPage","@id":"https:\/\/www.manaus.am.gov.br\/semad\/contrapartida\/advertencias-bolsistas\/","url":"https:\/\/www.manaus.am.gov.br\/semad\/contrapartida\/advertencias-bolsistas\/","name":"Advert\u00eancias Bolsistas - SEMAD","isPartOf":{"@id":"https:\/\/www.manaus.am.gov.br\/semad\/#website"},"datePublished":"2025-11-24T18:13:31+00:00","dateModified":"2025-11-24T18:44:25+00:00","breadcrumb":{"@id":"https:\/\/www.manaus.am.gov.br\/semad\/contrapartida\/advertencias-bolsistas\/#breadcrumb"},"inLanguage":"pt-BR","potentialAction":[{"@type":"ReadAction","target":["https:\/\/www.manaus.am.gov.br\/semad\/contrapartida\/advertencias-bolsistas\/"]}]},{"@type":"BreadcrumbList","@id":"https:\/\/www.manaus.am.gov.br\/semad\/contrapartida\/advertencias-bolsistas\/#breadcrumb","itemListElement":[{"@type":"ListItem","position":1,"name":"Home","item":"https:\/\/www.manaus.am.gov.br\/semad\/"},{"@type":"ListItem","position":2,"name":"Contrapartida","item":"https:\/\/www.manaus.am.gov.br\/semad\/contrapartida\/"},{"@type":"ListItem","position":3,"name":"Advert\u00eancias Bolsistas"}]},{"@type":"WebSite","@id":"https:\/\/www.manaus.am.gov.br\/semad\/#website","url":"https:\/\/www.manaus.am.gov.br\/semad\/","name":"SEMAD","description":"Prefeitura de Manaus","publisher":{"@id":"https:\/\/www.manaus.am.gov.br\/semad\/#organization"},"alternateName":"Secretaria Municipal de Administra\u00e7\u00e3o, Planejamento e Gest\u00e3o","potentialAction":[{"@type":"SearchAction","target":{"@type":"EntryPoint","urlTemplate":"https:\/\/www.manaus.am.gov.br\/semad\/?s={search_term_string}"},"query-input":"required name=search_term_string"}],"inLanguage":"pt-BR"},{"@type":"Organization","@id":"https:\/\/www.manaus.am.gov.br\/semad\/#organization","name":"Prefeitura Municipal de Manaus","alternateName":"Prefeitura de Manaus","url":"https:\/\/www.manaus.am.gov.br\/semad\/","logo":{"@type":"ImageObject","inLanguage":"pt-BR","@id":"https:\/\/www.manaus.am.gov.br\/semad\/#\/schema\/logo\/image\/","url":"https:\/\/www.manaus.am.gov.br\/semad\/wp-content\/uploads\/sites\/21\/2024\/07\/favicon.png","contentUrl":"https:\/\/www.manaus.am.gov.br\/semad\/wp-content\/uploads\/sites\/21\/2024\/07\/favicon.png","width":300,"height":300,"caption":"Prefeitura Municipal de Manaus"},"image":{"@id":"https:\/\/www.manaus.am.gov.br\/semad\/#\/schema\/logo\/image\/"}}]}},"_links":{"self":[{"href":"https:\/\/www.manaus.am.gov.br\/semad\/wp-json\/wp\/v2\/pages\/2227"}],"collection":[{"href":"https:\/\/www.manaus.am.gov.br\/semad\/wp-json\/wp\/v2\/pages"}],"about":[{"href":"https:\/\/www.manaus.am.gov.br\/semad\/wp-json\/wp\/v2\/types\/page"}],"author":[{"embeddable":true,"href":"https:\/\/www.manaus.am.gov.br\/semad\/wp-json\/wp\/v2\/users\/8"}],"replies":[{"embeddable":true,"href":"https:\/\/www.manaus.am.gov.br\/semad\/wp-json\/wp\/v2\/comments?post=2227"}],"version-history":[{"count":2,"href":"https:\/\/www.manaus.am.gov.br\/semad\/wp-json\/wp\/v2\/pages\/2227\/revisions"}],"predecessor-version":[{"id":2261,"href":"https:\/\/www.manaus.am.gov.br\/semad\/wp-json\/wp\/v2\/pages\/2227\/revisions\/2261"}],"up":[{"embeddable":true,"href":"https:\/\/www.manaus.am.gov.br\/semad\/wp-json\/wp\/v2\/pages\/2222"}],"wp:attachment":[{"href":"https:\/\/www.manaus.am.gov.br\/semad\/wp-json\/wp\/v2\/media?parent=2227"}],"curies":[{"name":"wp","href":"https:\/\/api.w.org\/{rel}","templated":true}]}}