{"id":184,"date":"2023-05-15T09:36:19","date_gmt":"2023-05-15T13:36:19","guid":{"rendered":"https:\/\/www.manaus.am.gov.br\/semad\/?page_id=184"},"modified":"2025-05-26T15:54:54","modified_gmt":"2025-05-26T19:54:54","slug":"sobre","status":"publish","type":"page","link":"https:\/\/www.manaus.am.gov.br\/semad\/a-semad\/sobre\/","title":{"rendered":"Sobre"},"content":{"rendered":"\n<p>A Secretaria Municipal de Administra\u00e7\u00e3o, Planejamento e Gest\u00e3o \u2013 SEMAD atua como \u00d3rg\u00e3o respons\u00e1vel em gerir a sistem\u00e1tica administrativa do Munic\u00edpio de Manaus e com respaldo nos termos da Lei Delegada n.\u00ba 11, de 31 de julho de 2013, ratifica sua integra\u00e7\u00e3o \u00e0 Administra\u00e7\u00e3o Direta da Prefeitura de Manaus, como \u00d3rg\u00e3o de gest\u00e3o institucional, para o cumprimento das seguintes finalidades:<\/p>\n\n\n\n<p>I \u2013 planejar, coordenar e supervisionar a execu\u00e7\u00e3o das atividades relativas \u00e0 moderniza\u00e7\u00e3o administrativa:<br>II \u2013 coordenar e supervisionar a execu\u00e7\u00e3o da gest\u00e3o de recursos humanos;<br>III \u2013 implementar e supervisionar a gest\u00e3o do patrim\u00f4nio mobili\u00e1rio;<br>IV \u2013 zelar pelo desenvolvimento dos servi\u00e7os municipais e assegurando a perfeita integra\u00e7\u00e3o dos Sistemas;<br>V \u2013 gerir o planejamento no \u00e2mbito do Poder Executivo Municipal;<br>VI \u2013 realizar os concursos p\u00fablicos para provimento de cargos efetivos da Administra\u00e7\u00e3o Direta e Indireta do Poder executivo;<br>VII \u2013 aperfei\u00e7oar e capacitar os servidores p\u00fablicos e os agentes pol\u00edticos do Poder Executivo;<br>VIII \u2013 fomentar, implantar e gerir programas de inclus\u00e3o socioeducacional;<br>IX \u2013 planejar, executar e controlar as atividades do plano de sa\u00fade funcional;<br>X \u2013 realizar periodicamente a atualiza\u00e7\u00e3o cadastral dos dados dos servidores.<\/p>\n\n\n\n<p><\/p>\n\n\n\n<h2 class=\"wp-block-heading\">MISS\u00c3O<\/h2>\n\n\n\n<p>Gerir a Administra\u00e7\u00e3o P\u00fablica Municipal nas \u00e1reas de Planejamento, de assist\u00eancia \u00e0 sa\u00fade do servidor, Contas P\u00fablicas, Patrim\u00f4nio, Recursos Humanos e Supervisionados, por meio da integra\u00e7\u00e3o dos Sistemas e promo\u00e7\u00e3o da Moderniza\u00e7\u00e3o Administrativa.<\/p>\n\n\n\n<h2 class=\"wp-block-heading\">VIS\u00c3O\u00a0<\/h2>\n\n\n\n<p>Ser modelo de excel\u00eancia na gest\u00e3o p\u00fablica, priorizando a valoriza\u00e7\u00e3o do servidor, a qualidade no atendimento aos usu\u00e1rios de nossos servi\u00e7os e o desenvolvimento sustent\u00e1vel.<\/p>\n\n\n\n<h2 class=\"wp-block-heading\">VALORES\u00a0<\/h2>\n\n\n\n<p>\u00c9tica, Efici\u00eancia, Transpar\u00eancia, Humaniza\u00e7\u00e3o, Proatividade, Sustentabilidade.<\/p>\n\n\n\n<h2 class=\"wp-block-heading\">POL\u00cdTICA DE QUALIDADE E GERENCIAMENTO DE RISCOS<\/h2>\n\n\n\n<p>A Secretaria Municipal de Administra\u00e7\u00e3o, Planejamento e Gest\u00e3o \u2013 SEMAD, alinhada \u00e0s normas e aos prop\u00f3sitos vigentes, se compromete em gerir com excel\u00eancia, \u00e9tica e transpar\u00eancia, procurando valorizar o servidor, trazendo modernidade e sustentabilidade aos processos, buscando a satisfa\u00e7\u00e3o das partes interessadas e a melhoria cont\u00ednua.<\/p>\n\n\n\n<p>Se compromete em conscientizar os servidores quanto aos fatores ambientais e a trabalhar de forma preventiva usando os conceitos de gest\u00e3o de riscos, buscando mitigar as n\u00e3o conformidades.&nbsp; A SEMAD tamb\u00e9m se compromete a identificar, analisar, avaliar, tratar e monitorar os riscos corporativos que possam comprometer os objetivos.<\/p>\n\n\n\n<p><\/p>\n\n\n\n<h2 class=\"wp-block-heading\">DIRETRIZES ESTRAT\u00c9GICAS DA SEMAD<\/h2>\n\n\n\n<p>Garantir ao cidad\u00e3o o acesso aos servi\u00e7os p\u00fablicos de qualidade;<br>Promover a valoriza\u00e7\u00e3o do servidor p\u00fablico;<br>Modernizar a gest\u00e3o p\u00fablica.<\/p>\n","protected":false},"excerpt":{"rendered":"","protected":false},"author":27,"featured_media":0,"parent":246,"menu_order":0,"comment_status":"closed","ping_status":"closed","template":"templates\/turismo.php","meta":{"footnotes":""},"acf":[],"yoast_head":"<!-- This site is optimized with the Yoast SEO plugin v23.0 - https:\/\/yoast.com\/wordpress\/plugins\/seo\/ -->\n<title>Sobre - SEMAD<\/title>\n<meta name=\"robots\" content=\"noindex, follow\" \/>\n<meta property=\"og:locale\" content=\"pt_BR\" \/>\n<meta property=\"og:type\" content=\"article\" \/>\n<meta property=\"og:title\" content=\"Sobre - SEMAD\" \/>\n<meta property=\"og:url\" content=\"https:\/\/www.manaus.am.gov.br\/semad\/a-semad\/sobre\/\" \/>\n<meta property=\"og:site_name\" content=\"SEMAD\" \/>\n<meta property=\"article:modified_time\" content=\"2025-05-26T19:54:54+00:00\" \/>\n<meta property=\"og:image\" content=\"https:\/\/www.manaus.am.gov.br\/semad\/wp-content\/uploads\/sites\/21\/2024\/07\/thumb-default-2.png\" \/>\n\t<meta property=\"og:image:width\" content=\"966\" \/>\n\t<meta property=\"og:image:height\" content=\"520\" \/>\n\t<meta property=\"og:image:type\" content=\"image\/png\" \/>\n<meta name=\"twitter:card\" content=\"summary_large_image\" \/>\n<meta name=\"twitter:label1\" content=\"Est. reading time\" \/>\n\t<meta name=\"twitter:data1\" content=\"3 minutos\" \/>\n<script type=\"application\/ld+json\" class=\"yoast-schema-graph\">{\"@context\":\"https:\/\/schema.org\",\"@graph\":[{\"@type\":\"WebPage\",\"@id\":\"https:\/\/www.manaus.am.gov.br\/semad\/a-semad\/sobre\/\",\"url\":\"https:\/\/www.manaus.am.gov.br\/semad\/a-semad\/sobre\/\",\"name\":\"Sobre - SEMAD\",\"isPartOf\":{\"@id\":\"https:\/\/www.manaus.am.gov.br\/semad\/#website\"},\"datePublished\":\"2023-05-15T13:36:19+00:00\",\"dateModified\":\"2025-05-26T19:54:54+00:00\",\"breadcrumb\":{\"@id\":\"https:\/\/www.manaus.am.gov.br\/semad\/a-semad\/sobre\/#breadcrumb\"},\"inLanguage\":\"pt-BR\",\"potentialAction\":[{\"@type\":\"ReadAction\",\"target\":[\"https:\/\/www.manaus.am.gov.br\/semad\/a-semad\/sobre\/\"]}]},{\"@type\":\"BreadcrumbList\",\"@id\":\"https:\/\/www.manaus.am.gov.br\/semad\/a-semad\/sobre\/#breadcrumb\",\"itemListElement\":[{\"@type\":\"ListItem\",\"position\":1,\"name\":\"Home\",\"item\":\"https:\/\/www.manaus.am.gov.br\/semad\/\"},{\"@type\":\"ListItem\",\"position\":2,\"name\":\"A Semad\",\"item\":\"https:\/\/www.manaus.am.gov.br\/semad\/a-semad\/\"},{\"@type\":\"ListItem\",\"position\":3,\"name\":\"Sobre\"}]},{\"@type\":\"WebSite\",\"@id\":\"https:\/\/www.manaus.am.gov.br\/semad\/#website\",\"url\":\"https:\/\/www.manaus.am.gov.br\/semad\/\",\"name\":\"SEMAD\",\"description\":\"Prefeitura de Manaus\",\"publisher\":{\"@id\":\"https:\/\/www.manaus.am.gov.br\/semad\/#organization\"},\"alternateName\":\"Secretaria Municipal de Administra\u00e7\u00e3o, Planejamento e Gest\u00e3o\",\"potentialAction\":[{\"@type\":\"SearchAction\",\"target\":{\"@type\":\"EntryPoint\",\"urlTemplate\":\"https:\/\/www.manaus.am.gov.br\/semad\/?s={search_term_string}\"},\"query-input\":\"required name=search_term_string\"}],\"inLanguage\":\"pt-BR\"},{\"@type\":\"Organization\",\"@id\":\"https:\/\/www.manaus.am.gov.br\/semad\/#organization\",\"name\":\"Prefeitura Municipal de Manaus\",\"alternateName\":\"Prefeitura de Manaus\",\"url\":\"https:\/\/www.manaus.am.gov.br\/semad\/\",\"logo\":{\"@type\":\"ImageObject\",\"inLanguage\":\"pt-BR\",\"@id\":\"https:\/\/www.manaus.am.gov.br\/semad\/#\/schema\/logo\/image\/\",\"url\":\"https:\/\/www.manaus.am.gov.br\/semad\/wp-content\/uploads\/sites\/21\/2024\/07\/favicon.png\",\"contentUrl\":\"https:\/\/www.manaus.am.gov.br\/semad\/wp-content\/uploads\/sites\/21\/2024\/07\/favicon.png\",\"width\":300,\"height\":300,\"caption\":\"Prefeitura Municipal de Manaus\"},\"image\":{\"@id\":\"https:\/\/www.manaus.am.gov.br\/semad\/#\/schema\/logo\/image\/\"}}]}<\/script>\n<!-- \/ Yoast SEO plugin. -->","yoast_head_json":{"title":"Sobre - SEMAD","robots":{"index":"noindex","follow":"follow"},"og_locale":"pt_BR","og_type":"article","og_title":"Sobre - SEMAD","og_url":"https:\/\/www.manaus.am.gov.br\/semad\/a-semad\/sobre\/","og_site_name":"SEMAD","article_modified_time":"2025-05-26T19:54:54+00:00","og_image":[{"width":966,"height":520,"url":"https:\/\/www.manaus.am.gov.br\/semad\/wp-content\/uploads\/sites\/21\/2024\/07\/thumb-default-2.png","type":"image\/png"}],"twitter_card":"summary_large_image","twitter_misc":{"Est. reading time":"3 minutos"},"schema":{"@context":"https:\/\/schema.org","@graph":[{"@type":"WebPage","@id":"https:\/\/www.manaus.am.gov.br\/semad\/a-semad\/sobre\/","url":"https:\/\/www.manaus.am.gov.br\/semad\/a-semad\/sobre\/","name":"Sobre - SEMAD","isPartOf":{"@id":"https:\/\/www.manaus.am.gov.br\/semad\/#website"},"datePublished":"2023-05-15T13:36:19+00:00","dateModified":"2025-05-26T19:54:54+00:00","breadcrumb":{"@id":"https:\/\/www.manaus.am.gov.br\/semad\/a-semad\/sobre\/#breadcrumb"},"inLanguage":"pt-BR","potentialAction":[{"@type":"ReadAction","target":["https:\/\/www.manaus.am.gov.br\/semad\/a-semad\/sobre\/"]}]},{"@type":"BreadcrumbList","@id":"https:\/\/www.manaus.am.gov.br\/semad\/a-semad\/sobre\/#breadcrumb","itemListElement":[{"@type":"ListItem","position":1,"name":"Home","item":"https:\/\/www.manaus.am.gov.br\/semad\/"},{"@type":"ListItem","position":2,"name":"A Semad","item":"https:\/\/www.manaus.am.gov.br\/semad\/a-semad\/"},{"@type":"ListItem","position":3,"name":"Sobre"}]},{"@type":"WebSite","@id":"https:\/\/www.manaus.am.gov.br\/semad\/#website","url":"https:\/\/www.manaus.am.gov.br\/semad\/","name":"SEMAD","description":"Prefeitura de Manaus","publisher":{"@id":"https:\/\/www.manaus.am.gov.br\/semad\/#organization"},"alternateName":"Secretaria Municipal de Administra\u00e7\u00e3o, Planejamento e Gest\u00e3o","potentialAction":[{"@type":"SearchAction","target":{"@type":"EntryPoint","urlTemplate":"https:\/\/www.manaus.am.gov.br\/semad\/?s={search_term_string}"},"query-input":"required name=search_term_string"}],"inLanguage":"pt-BR"},{"@type":"Organization","@id":"https:\/\/www.manaus.am.gov.br\/semad\/#organization","name":"Prefeitura Municipal de Manaus","alternateName":"Prefeitura de Manaus","url":"https:\/\/www.manaus.am.gov.br\/semad\/","logo":{"@type":"ImageObject","inLanguage":"pt-BR","@id":"https:\/\/www.manaus.am.gov.br\/semad\/#\/schema\/logo\/image\/","url":"https:\/\/www.manaus.am.gov.br\/semad\/wp-content\/uploads\/sites\/21\/2024\/07\/favicon.png","contentUrl":"https:\/\/www.manaus.am.gov.br\/semad\/wp-content\/uploads\/sites\/21\/2024\/07\/favicon.png","width":300,"height":300,"caption":"Prefeitura Municipal de Manaus"},"image":{"@id":"https:\/\/www.manaus.am.gov.br\/semad\/#\/schema\/logo\/image\/"}}]}},"_links":{"self":[{"href":"https:\/\/www.manaus.am.gov.br\/semad\/wp-json\/wp\/v2\/pages\/184"}],"collection":[{"href":"https:\/\/www.manaus.am.gov.br\/semad\/wp-json\/wp\/v2\/pages"}],"about":[{"href":"https:\/\/www.manaus.am.gov.br\/semad\/wp-json\/wp\/v2\/types\/page"}],"author":[{"embeddable":true,"href":"https:\/\/www.manaus.am.gov.br\/semad\/wp-json\/wp\/v2\/users\/27"}],"replies":[{"embeddable":true,"href":"https:\/\/www.manaus.am.gov.br\/semad\/wp-json\/wp\/v2\/comments?post=184"}],"version-history":[{"count":8,"href":"https:\/\/www.manaus.am.gov.br\/semad\/wp-json\/wp\/v2\/pages\/184\/revisions"}],"predecessor-version":[{"id":1926,"href":"https:\/\/www.manaus.am.gov.br\/semad\/wp-json\/wp\/v2\/pages\/184\/revisions\/1926"}],"up":[{"embeddable":true,"href":"https:\/\/www.manaus.am.gov.br\/semad\/wp-json\/wp\/v2\/pages\/246"}],"wp:attachment":[{"href":"https:\/\/www.manaus.am.gov.br\/semad\/wp-json\/wp\/v2\/media?parent=184"}],"curies":[{"name":"wp","href":"https:\/\/api.w.org\/{rel}","templated":true}]}}