{"id":1310,"date":"2024-04-08T11:11:47","date_gmt":"2024-04-08T15:11:47","guid":{"rendered":"https:\/\/www.manaus.am.gov.br\/semad\/?page_id=1310"},"modified":"2026-02-20T11:14:09","modified_gmt":"2026-02-20T15:14:09","slug":"inscricao-de-esposoa-ou-companheiroa","status":"publish","type":"page","link":"https:\/\/www.manaus.am.gov.br\/semad\/manausmed\/inscricao-de-esposoa-ou-companheiroa\/","title":{"rendered":"Inscri\u00e7\u00e3o de esposo(a) ou companheiro(a)"},"content":{"rendered":"\n<p>Documentos necess\u00e1rios para processo de inscri\u00e7\u00e3o de esposo(a) ou companheiro(a):<\/p>\n\n\n\n<ul>\n<li>c\u00f3pia do RG;<\/li>\n\n\n\n<li>c\u00f3pia do CPF;<\/li>\n\n\n\n<li>c\u00f3pia do comprovante de resid\u00eancia;<\/li>\n\n\n\n<li>c\u00f3pia do \u00faltimo contracheque;<\/li>\n\n\n\n<li>c\u00f3pia do espelho do cadastro funcional do titular da respectiva Secretaria onde \u00e9 lotado, em que conste o nome do(a) esposo(a), companheiro(a) como dependente do(a) Requerente;<\/li>\n\n\n\n<li>Em caso de Servidor Tempor\u00e1rio acrescentar: declara\u00e7\u00e3o de contrato atualizada com data de termino do mesmo.\u00a0<\/li>\n<\/ul>\n\n\n\n<p>Acrescentar as c\u00f3pias: esposo(a) ou companheiro(a):<\/p>\n\n\n\n<ul>\n<li>c\u00f3pia do RG;<\/li>\n\n\n\n<li>c\u00f3pia do CPF<\/li>\n\n\n\n<li>Para esposo(a): Certid\u00e3o de Casamento Civil;<\/li>\n\n\n\n<li>Para companheiro(a): escritura Particular de Uni\u00e3o Est\u00e1vel com reconhecimento de firma em Cart\u00f3rio ou c\u00f3pia de Certid\u00e3o de Casamento Religioso;<\/li>\n<\/ul>\n\n\n\n<p><strong>CANCELAMENTO TITULAR \/DEPENDENTE\/ Filho(a)<\/strong><\/p>\n\n\n\n<ul>\n<li>c\u00f3pia do RG; (Titular e Dependente)<\/li>\n\n\n\n<li>c\u00f3pia do CPF; (Titular e Dependente)<\/li>\n\n\n\n<li>c\u00f3pia do \u00faltimo contracheque;<\/li>\n<\/ul>\n\n\n\n<p><strong>CANCELAMENTO DE DEPENDENTE (Esposa\/Companheira)<\/strong><\/p>\n\n\n\n<ul>\n<li>c\u00f3pia do RG; (Titular e Dependente)<\/li>\n\n\n\n<li>c\u00f3pia do CPF; (Titular e Dependente)<\/li>\n\n\n\n<li>c\u00f3pia do \u00faltimo contracheque;<\/li>\n\n\n\n<li>Certid\u00e3o de Casamento\/Declara\u00e7\u00e3o de Uni\u00e3o Est\u00e1vel&nbsp;<\/li>\n<\/ul>\n\n\n\n<ul>\n<li>Declara\u00e7\u00e3o imposto de renda<\/li>\n\n\n\n<li>RG e CPF c\u00f3pia do RG;<\/li>\n\n\n\n<li>c\u00f3pia do CPF;<\/li>\n\n\n\n<li>c\u00f3pia do \u00faltimo contracheque;<\/li>\n\n\n\n<li>C\u00e9dula C<\/li>\n<\/ul>\n\n\n\n<p>Informa\u00e7\u00f5es adicionais atrav\u00e9s do Whatsapp (92) 98842-2923 \/ (92) 98842-5814<\/p>\n","protected":false},"excerpt":{"rendered":"","protected":false},"author":8,"featured_media":0,"parent":258,"menu_order":0,"comment_status":"closed","ping_status":"closed","template":"","meta":{"footnotes":""},"acf":[],"yoast_head":"<!-- This site is optimized with the Yoast SEO plugin v23.0 - https:\/\/yoast.com\/wordpress\/plugins\/seo\/ -->\n<title>Inscri\u00e7\u00e3o de esposo(a) ou companheiro(a) - SEMAD<\/title>\n<meta name=\"robots\" content=\"noindex, follow\" \/>\n<meta property=\"og:locale\" content=\"pt_BR\" \/>\n<meta property=\"og:type\" content=\"article\" \/>\n<meta property=\"og:title\" content=\"Inscri\u00e7\u00e3o de esposo(a) ou companheiro(a) - SEMAD\" \/>\n<meta property=\"og:url\" content=\"https:\/\/www.manaus.am.gov.br\/semad\/manausmed\/inscricao-de-esposoa-ou-companheiroa\/\" \/>\n<meta property=\"og:site_name\" content=\"SEMAD\" \/>\n<meta property=\"article:modified_time\" content=\"2026-02-20T15:14:09+00:00\" \/>\n<meta property=\"og:image\" content=\"https:\/\/www.manaus.am.gov.br\/semad\/wp-content\/uploads\/sites\/21\/2024\/07\/thumb-default-2.png\" \/>\n\t<meta property=\"og:image:width\" content=\"966\" \/>\n\t<meta property=\"og:image:height\" content=\"520\" \/>\n\t<meta property=\"og:image:type\" content=\"image\/png\" \/>\n<meta name=\"twitter:card\" content=\"summary_large_image\" \/>\n<meta name=\"twitter:label1\" content=\"Est. reading time\" \/>\n\t<meta name=\"twitter:data1\" content=\"1 minuto\" \/>\n<script type=\"application\/ld+json\" class=\"yoast-schema-graph\">{\"@context\":\"https:\/\/schema.org\",\"@graph\":[{\"@type\":\"WebPage\",\"@id\":\"https:\/\/www.manaus.am.gov.br\/semad\/manausmed\/inscricao-de-esposoa-ou-companheiroa\/\",\"url\":\"https:\/\/www.manaus.am.gov.br\/semad\/manausmed\/inscricao-de-esposoa-ou-companheiroa\/\",\"name\":\"Inscri\u00e7\u00e3o de esposo(a) ou companheiro(a) - SEMAD\",\"isPartOf\":{\"@id\":\"https:\/\/www.manaus.am.gov.br\/semad\/#website\"},\"datePublished\":\"2024-04-08T15:11:47+00:00\",\"dateModified\":\"2026-02-20T15:14:09+00:00\",\"breadcrumb\":{\"@id\":\"https:\/\/www.manaus.am.gov.br\/semad\/manausmed\/inscricao-de-esposoa-ou-companheiroa\/#breadcrumb\"},\"inLanguage\":\"pt-BR\",\"potentialAction\":[{\"@type\":\"ReadAction\",\"target\":[\"https:\/\/www.manaus.am.gov.br\/semad\/manausmed\/inscricao-de-esposoa-ou-companheiroa\/\"]}]},{\"@type\":\"BreadcrumbList\",\"@id\":\"https:\/\/www.manaus.am.gov.br\/semad\/manausmed\/inscricao-de-esposoa-ou-companheiroa\/#breadcrumb\",\"itemListElement\":[{\"@type\":\"ListItem\",\"position\":1,\"name\":\"Home\",\"item\":\"https:\/\/www.manaus.am.gov.br\/semad\/\"},{\"@type\":\"ListItem\",\"position\":2,\"name\":\"MANAUSMED\",\"item\":\"https:\/\/www.manaus.am.gov.br\/semad\/manausmed\/\"},{\"@type\":\"ListItem\",\"position\":3,\"name\":\"Inscri\u00e7\u00e3o de esposo(a) ou companheiro(a)\"}]},{\"@type\":\"WebSite\",\"@id\":\"https:\/\/www.manaus.am.gov.br\/semad\/#website\",\"url\":\"https:\/\/www.manaus.am.gov.br\/semad\/\",\"name\":\"SEMAD\",\"description\":\"Prefeitura de Manaus\",\"publisher\":{\"@id\":\"https:\/\/www.manaus.am.gov.br\/semad\/#organization\"},\"alternateName\":\"Secretaria Municipal de Administra\u00e7\u00e3o, Planejamento e Gest\u00e3o\",\"potentialAction\":[{\"@type\":\"SearchAction\",\"target\":{\"@type\":\"EntryPoint\",\"urlTemplate\":\"https:\/\/www.manaus.am.gov.br\/semad\/?s={search_term_string}\"},\"query-input\":\"required name=search_term_string\"}],\"inLanguage\":\"pt-BR\"},{\"@type\":\"Organization\",\"@id\":\"https:\/\/www.manaus.am.gov.br\/semad\/#organization\",\"name\":\"Prefeitura Municipal de Manaus\",\"alternateName\":\"Prefeitura de Manaus\",\"url\":\"https:\/\/www.manaus.am.gov.br\/semad\/\",\"logo\":{\"@type\":\"ImageObject\",\"inLanguage\":\"pt-BR\",\"@id\":\"https:\/\/www.manaus.am.gov.br\/semad\/#\/schema\/logo\/image\/\",\"url\":\"https:\/\/www.manaus.am.gov.br\/semad\/wp-content\/uploads\/sites\/21\/2024\/07\/favicon.png\",\"contentUrl\":\"https:\/\/www.manaus.am.gov.br\/semad\/wp-content\/uploads\/sites\/21\/2024\/07\/favicon.png\",\"width\":300,\"height\":300,\"caption\":\"Prefeitura Municipal de Manaus\"},\"image\":{\"@id\":\"https:\/\/www.manaus.am.gov.br\/semad\/#\/schema\/logo\/image\/\"}}]}<\/script>\n<!-- \/ Yoast SEO plugin. -->","yoast_head_json":{"title":"Inscri\u00e7\u00e3o de esposo(a) ou companheiro(a) - SEMAD","robots":{"index":"noindex","follow":"follow"},"og_locale":"pt_BR","og_type":"article","og_title":"Inscri\u00e7\u00e3o de esposo(a) ou companheiro(a) - SEMAD","og_url":"https:\/\/www.manaus.am.gov.br\/semad\/manausmed\/inscricao-de-esposoa-ou-companheiroa\/","og_site_name":"SEMAD","article_modified_time":"2026-02-20T15:14:09+00:00","og_image":[{"width":966,"height":520,"url":"https:\/\/www.manaus.am.gov.br\/semad\/wp-content\/uploads\/sites\/21\/2024\/07\/thumb-default-2.png","type":"image\/png"}],"twitter_card":"summary_large_image","twitter_misc":{"Est. reading time":"1 minuto"},"schema":{"@context":"https:\/\/schema.org","@graph":[{"@type":"WebPage","@id":"https:\/\/www.manaus.am.gov.br\/semad\/manausmed\/inscricao-de-esposoa-ou-companheiroa\/","url":"https:\/\/www.manaus.am.gov.br\/semad\/manausmed\/inscricao-de-esposoa-ou-companheiroa\/","name":"Inscri\u00e7\u00e3o de esposo(a) ou companheiro(a) - SEMAD","isPartOf":{"@id":"https:\/\/www.manaus.am.gov.br\/semad\/#website"},"datePublished":"2024-04-08T15:11:47+00:00","dateModified":"2026-02-20T15:14:09+00:00","breadcrumb":{"@id":"https:\/\/www.manaus.am.gov.br\/semad\/manausmed\/inscricao-de-esposoa-ou-companheiroa\/#breadcrumb"},"inLanguage":"pt-BR","potentialAction":[{"@type":"ReadAction","target":["https:\/\/www.manaus.am.gov.br\/semad\/manausmed\/inscricao-de-esposoa-ou-companheiroa\/"]}]},{"@type":"BreadcrumbList","@id":"https:\/\/www.manaus.am.gov.br\/semad\/manausmed\/inscricao-de-esposoa-ou-companheiroa\/#breadcrumb","itemListElement":[{"@type":"ListItem","position":1,"name":"Home","item":"https:\/\/www.manaus.am.gov.br\/semad\/"},{"@type":"ListItem","position":2,"name":"MANAUSMED","item":"https:\/\/www.manaus.am.gov.br\/semad\/manausmed\/"},{"@type":"ListItem","position":3,"name":"Inscri\u00e7\u00e3o de esposo(a) ou companheiro(a)"}]},{"@type":"WebSite","@id":"https:\/\/www.manaus.am.gov.br\/semad\/#website","url":"https:\/\/www.manaus.am.gov.br\/semad\/","name":"SEMAD","description":"Prefeitura de Manaus","publisher":{"@id":"https:\/\/www.manaus.am.gov.br\/semad\/#organization"},"alternateName":"Secretaria Municipal de Administra\u00e7\u00e3o, Planejamento e Gest\u00e3o","potentialAction":[{"@type":"SearchAction","target":{"@type":"EntryPoint","urlTemplate":"https:\/\/www.manaus.am.gov.br\/semad\/?s={search_term_string}"},"query-input":"required name=search_term_string"}],"inLanguage":"pt-BR"},{"@type":"Organization","@id":"https:\/\/www.manaus.am.gov.br\/semad\/#organization","name":"Prefeitura Municipal de Manaus","alternateName":"Prefeitura de Manaus","url":"https:\/\/www.manaus.am.gov.br\/semad\/","logo":{"@type":"ImageObject","inLanguage":"pt-BR","@id":"https:\/\/www.manaus.am.gov.br\/semad\/#\/schema\/logo\/image\/","url":"https:\/\/www.manaus.am.gov.br\/semad\/wp-content\/uploads\/sites\/21\/2024\/07\/favicon.png","contentUrl":"https:\/\/www.manaus.am.gov.br\/semad\/wp-content\/uploads\/sites\/21\/2024\/07\/favicon.png","width":300,"height":300,"caption":"Prefeitura Municipal de Manaus"},"image":{"@id":"https:\/\/www.manaus.am.gov.br\/semad\/#\/schema\/logo\/image\/"}}]}},"_links":{"self":[{"href":"https:\/\/www.manaus.am.gov.br\/semad\/wp-json\/wp\/v2\/pages\/1310"}],"collection":[{"href":"https:\/\/www.manaus.am.gov.br\/semad\/wp-json\/wp\/v2\/pages"}],"about":[{"href":"https:\/\/www.manaus.am.gov.br\/semad\/wp-json\/wp\/v2\/types\/page"}],"author":[{"embeddable":true,"href":"https:\/\/www.manaus.am.gov.br\/semad\/wp-json\/wp\/v2\/users\/8"}],"replies":[{"embeddable":true,"href":"https:\/\/www.manaus.am.gov.br\/semad\/wp-json\/wp\/v2\/comments?post=1310"}],"version-history":[{"count":6,"href":"https:\/\/www.manaus.am.gov.br\/semad\/wp-json\/wp\/v2\/pages\/1310\/revisions"}],"predecessor-version":[{"id":2669,"href":"https:\/\/www.manaus.am.gov.br\/semad\/wp-json\/wp\/v2\/pages\/1310\/revisions\/2669"}],"up":[{"embeddable":true,"href":"https:\/\/www.manaus.am.gov.br\/semad\/wp-json\/wp\/v2\/pages\/258"}],"wp:attachment":[{"href":"https:\/\/www.manaus.am.gov.br\/semad\/wp-json\/wp\/v2\/media?parent=1310"}],"curies":[{"name":"wp","href":"https:\/\/api.w.org\/{rel}","templated":true}]}}