{"id":473,"date":"2023-08-01T13:33:18","date_gmt":"2023-08-01T17:33:18","guid":{"rendered":"https:\/\/www.manaus.am.gov.br\/semacc\/?page_id=473"},"modified":"2023-08-01T13:33:18","modified_gmt":"2023-08-01T17:33:18","slug":"cadastro-para-vendedores-do-comercio-informal","status":"publish","type":"page","link":"https:\/\/www.manaus.am.gov.br\/semacc\/cadastro-para-vendedores-do-comercio-informal\/","title":{"rendered":"Cadastro Para Vendedores do Com\u00e9rcio Informal"},"content":{"rendered":"\n<p>Atualmente, existem 6.973 ambulantes cadastrados na SEMACC.<\/p>\n\n\n\n<p>A SEMACC n\u00e3o cadastra ambulantes para eventos.<\/p>\n\n\n\n<p>As apreens\u00f5es de materiais, ocorrer\u00e3o, para os casos de vendedores ambulantes que est\u00e3o em desacordo com a Lei N\u00ba 674\/2002 (Art. 23).<\/p>\n\n\n\n<p>As mercadorias perec\u00edveis ser\u00e3o doadas imediatamente, conforme art. 25;<\/p>\n\n\n\n<p>\u00c9 importante ressaltar que as autoriza\u00e7\u00f5es para o com\u00e9rcio informal ser\u00e3o concedidas mediante a observ\u00e2ncia dos itens abaixo.<\/p>\n\n\n\n<p>I \u2013 n\u00e3o exceder a \u00e1rea de 2m\u00b2 (dois metros quadrados);<\/p>\n\n\n\n<p>II \u2013 ficar fora da pista de rolamento do logradouro p\u00fablico e dos pontos de estacionamento de ve\u00edculos;<\/p>\n\n\n\n<p>III \u2013 n\u00e3o prejudicar o tr\u00e2nsito de ve\u00edculos;<\/p>\n\n\n\n<p>IV \u2013 quando localizadas nos passeios, n\u00e3o prejudicar o tr\u00e2nsito de pedestres e acessibilidade;<\/p>\n\n\n\n<p>V \u2013 manter dist\u00e2ncia m\u00ednima de 200m (duzentos metros) de templos, hospitais, casas de sa\u00fade, escolas e cinemas, com exce\u00e7\u00e3o feita \u00e0s festas beneficentes e servi\u00e7os de utilidade p\u00fablica;<\/p>\n\n\n\n<p>VI \u2013 manter um afastamento m\u00ednimo de 3m (tr\u00eas metros) em rela\u00e7\u00e3o a qualquer edifica\u00e7\u00e3o existente;<\/p>\n\n\n\n<p>VII \u2013 ser desmont\u00e1veis e de f\u00e1cil remo\u00e7\u00e3o.<\/p>\n\n\n\n<p>De acordo com a portaria N\u00b0 050 (D.O.M. de 15\/09\/2010), as autoriza\u00e7\u00f5es de uso para o exerc\u00edcio de atividades no Munic\u00edpio de Manaus, ser\u00e3o expedidas somente pelo Secret\u00e1rio da SEMACC.<\/p>\n\n\n\n<p>Documentos necess\u00e1rios para requerer uma autoriza\u00e7\u00e3o: x\u00e9rox do RG, x\u00e9rox do CPF, x\u00e9rox do t\u00edtulo de eleitor, x\u00e9rox do comprovante de resid\u00eancia e duas fotos 3\u00d74.<\/p>\n\n\n\n<p>MEDIDAS PADR\u00d5ES<br>\u2013 Carro Lanche: 2,00\u00d71,80(maior) \/ 1,80\u00d71,50(menor)<\/p>\n\n\n\n<p>\u2013 Carrinho de Merenda com toldo: 1,50\u00d71,00<\/p>\n\n\n\n<p>\u2013 Barraca ou tenda para caf\u00e9 da manh\u00e3 ou guloseimas: 2,00\u00d72,00<\/p>\n\n\n\n<p>\u2013 Banca de atividades como miudezas, bombons e variedades: 1,20\u00d70,80<\/p>\n\n\n\n<p>DECIN: 3663-3532<\/p>\n\n\n\n<p>DISQUE DEN\u00daNCIA:&nbsp;3663-8488<\/p>\n","protected":false},"excerpt":{"rendered":"","protected":false},"author":8,"featured_media":0,"parent":0,"menu_order":0,"comment_status":"closed","ping_status":"closed","template":"","meta":{"footnotes":""},"acf":[],"yoast_head":"<!-- This site is optimized with the Yoast SEO plugin v23.0 - https:\/\/yoast.com\/wordpress\/plugins\/seo\/ -->\n<title>Cadastro Para Vendedores do Com\u00e9rcio Informal - SEMACC<\/title>\n<meta name=\"robots\" content=\"noindex, follow\" \/>\n<meta property=\"og:locale\" content=\"pt_BR\" \/>\n<meta property=\"og:type\" content=\"article\" \/>\n<meta property=\"og:title\" content=\"Cadastro Para Vendedores do Com\u00e9rcio Informal - SEMACC\" \/>\n<meta property=\"og:url\" content=\"https:\/\/www.manaus.am.gov.br\/semacc\/cadastro-para-vendedores-do-comercio-informal\/\" \/>\n<meta property=\"og:site_name\" content=\"SEMACC\" \/>\n<meta property=\"og:image\" content=\"https:\/\/www.manaus.am.gov.br\/semacc\/wp-content\/uploads\/sites\/22\/2024\/07\/thumb-default-2.png\" \/>\n\t<meta property=\"og:image:width\" content=\"966\" \/>\n\t<meta property=\"og:image:height\" content=\"520\" \/>\n\t<meta property=\"og:image:type\" content=\"image\/png\" \/>\n<meta name=\"twitter:card\" content=\"summary_large_image\" \/>\n<meta name=\"twitter:label1\" content=\"Est. reading time\" \/>\n\t<meta name=\"twitter:data1\" content=\"2 minutos\" \/>\n<script type=\"application\/ld+json\" class=\"yoast-schema-graph\">{\"@context\":\"https:\/\/schema.org\",\"@graph\":[{\"@type\":\"WebPage\",\"@id\":\"https:\/\/www.manaus.am.gov.br\/semacc\/cadastro-para-vendedores-do-comercio-informal\/\",\"url\":\"https:\/\/www.manaus.am.gov.br\/semacc\/cadastro-para-vendedores-do-comercio-informal\/\",\"name\":\"Cadastro Para Vendedores do Com\u00e9rcio Informal - SEMACC\",\"isPartOf\":{\"@id\":\"https:\/\/www.manaus.am.gov.br\/semacc\/#website\"},\"datePublished\":\"2023-08-01T17:33:18+00:00\",\"dateModified\":\"2023-08-01T17:33:18+00:00\",\"breadcrumb\":{\"@id\":\"https:\/\/www.manaus.am.gov.br\/semacc\/cadastro-para-vendedores-do-comercio-informal\/#breadcrumb\"},\"inLanguage\":\"pt-BR\",\"potentialAction\":[{\"@type\":\"ReadAction\",\"target\":[\"https:\/\/www.manaus.am.gov.br\/semacc\/cadastro-para-vendedores-do-comercio-informal\/\"]}]},{\"@type\":\"BreadcrumbList\",\"@id\":\"https:\/\/www.manaus.am.gov.br\/semacc\/cadastro-para-vendedores-do-comercio-informal\/#breadcrumb\",\"itemListElement\":[{\"@type\":\"ListItem\",\"position\":1,\"name\":\"Home\",\"item\":\"https:\/\/www.manaus.am.gov.br\/semacc\/\"},{\"@type\":\"ListItem\",\"position\":2,\"name\":\"Cadastro Para Vendedores do Com\u00e9rcio Informal\"}]},{\"@type\":\"WebSite\",\"@id\":\"https:\/\/www.manaus.am.gov.br\/semacc\/#website\",\"url\":\"https:\/\/www.manaus.am.gov.br\/semacc\/\",\"name\":\"SEMACC\",\"description\":\"Prefeitura de Manaus\",\"potentialAction\":[{\"@type\":\"SearchAction\",\"target\":{\"@type\":\"EntryPoint\",\"urlTemplate\":\"https:\/\/www.manaus.am.gov.br\/semacc\/?s={search_term_string}\"},\"query-input\":\"required name=search_term_string\"}],\"inLanguage\":\"pt-BR\"}]}<\/script>\n<!-- \/ Yoast SEO plugin. -->","yoast_head_json":{"title":"Cadastro Para Vendedores do Com\u00e9rcio Informal - SEMACC","robots":{"index":"noindex","follow":"follow"},"og_locale":"pt_BR","og_type":"article","og_title":"Cadastro Para Vendedores do Com\u00e9rcio Informal - SEMACC","og_url":"https:\/\/www.manaus.am.gov.br\/semacc\/cadastro-para-vendedores-do-comercio-informal\/","og_site_name":"SEMACC","og_image":[{"width":966,"height":520,"url":"https:\/\/www.manaus.am.gov.br\/semacc\/wp-content\/uploads\/sites\/22\/2024\/07\/thumb-default-2.png","type":"image\/png"}],"twitter_card":"summary_large_image","twitter_misc":{"Est. reading time":"2 minutos"},"schema":{"@context":"https:\/\/schema.org","@graph":[{"@type":"WebPage","@id":"https:\/\/www.manaus.am.gov.br\/semacc\/cadastro-para-vendedores-do-comercio-informal\/","url":"https:\/\/www.manaus.am.gov.br\/semacc\/cadastro-para-vendedores-do-comercio-informal\/","name":"Cadastro Para Vendedores do Com\u00e9rcio Informal - SEMACC","isPartOf":{"@id":"https:\/\/www.manaus.am.gov.br\/semacc\/#website"},"datePublished":"2023-08-01T17:33:18+00:00","dateModified":"2023-08-01T17:33:18+00:00","breadcrumb":{"@id":"https:\/\/www.manaus.am.gov.br\/semacc\/cadastro-para-vendedores-do-comercio-informal\/#breadcrumb"},"inLanguage":"pt-BR","potentialAction":[{"@type":"ReadAction","target":["https:\/\/www.manaus.am.gov.br\/semacc\/cadastro-para-vendedores-do-comercio-informal\/"]}]},{"@type":"BreadcrumbList","@id":"https:\/\/www.manaus.am.gov.br\/semacc\/cadastro-para-vendedores-do-comercio-informal\/#breadcrumb","itemListElement":[{"@type":"ListItem","position":1,"name":"Home","item":"https:\/\/www.manaus.am.gov.br\/semacc\/"},{"@type":"ListItem","position":2,"name":"Cadastro Para Vendedores do Com\u00e9rcio Informal"}]},{"@type":"WebSite","@id":"https:\/\/www.manaus.am.gov.br\/semacc\/#website","url":"https:\/\/www.manaus.am.gov.br\/semacc\/","name":"SEMACC","description":"Prefeitura de Manaus","potentialAction":[{"@type":"SearchAction","target":{"@type":"EntryPoint","urlTemplate":"https:\/\/www.manaus.am.gov.br\/semacc\/?s={search_term_string}"},"query-input":"required name=search_term_string"}],"inLanguage":"pt-BR"}]}},"_links":{"self":[{"href":"https:\/\/www.manaus.am.gov.br\/semacc\/wp-json\/wp\/v2\/pages\/473"}],"collection":[{"href":"https:\/\/www.manaus.am.gov.br\/semacc\/wp-json\/wp\/v2\/pages"}],"about":[{"href":"https:\/\/www.manaus.am.gov.br\/semacc\/wp-json\/wp\/v2\/types\/page"}],"author":[{"embeddable":true,"href":"https:\/\/www.manaus.am.gov.br\/semacc\/wp-json\/wp\/v2\/users\/8"}],"replies":[{"embeddable":true,"href":"https:\/\/www.manaus.am.gov.br\/semacc\/wp-json\/wp\/v2\/comments?post=473"}],"version-history":[{"count":1,"href":"https:\/\/www.manaus.am.gov.br\/semacc\/wp-json\/wp\/v2\/pages\/473\/revisions"}],"predecessor-version":[{"id":474,"href":"https:\/\/www.manaus.am.gov.br\/semacc\/wp-json\/wp\/v2\/pages\/473\/revisions\/474"}],"wp:attachment":[{"href":"https:\/\/www.manaus.am.gov.br\/semacc\/wp-json\/wp\/v2\/media?parent=473"}],"curies":[{"name":"wp","href":"https:\/\/api.w.org\/{rel}","templated":true}]}}