{"id":1859,"date":"2026-03-03T15:59:04","date_gmt":"2026-03-03T19:59:04","guid":{"rendered":"https:\/\/www.manaus.am.gov.br\/semacc\/?page_id=1859"},"modified":"2026-03-03T15:59:05","modified_gmt":"2026-03-03T19:59:05","slug":"edital-de-chamamento-publico-001-2026-semacc","status":"publish","type":"page","link":"https:\/\/www.manaus.am.gov.br\/semacc\/edital-de-chamamento-publico-001-2026-semacc\/","title":{"rendered":"EDITAL DE CHAMAMENTO P\u00daBLICO 001\/2026 SEMACC"},"content":{"rendered":"\n<div class=\"wp-block-file\"><a id=\"wp-block-file--media-d70a79ea-e804-46cd-8f1f-ec3eeab06d5a\" href=\"https:\/\/www.manaus.am.gov.br\/semacc\/wp-content\/uploads\/sites\/22\/2026\/03\/EDITAL-DE-CHAMAMENTO-001-2026-E-002-2026-PAA-SEMACC.pdf\">EDITAL DE CHAMAMENTO 001 2026 E 002 2026 PAA SEMACC<\/a><\/div>\n\n\n\n<div class=\"wp-block-file\"><a id=\"wp-block-file--media-df9b04b0-fd4e-4113-9e0d-402cb790f367\" href=\"https:\/\/www.manaus.am.gov.br\/semacc\/wp-content\/uploads\/sites\/22\/2026\/03\/DOM-RETIFICACAO-DO-EDITAL-DE-CHAMAMENTO-001-2026.pdf\">DOM RETIFICA\u00c7\u00c3O DO EDITAL DE CHAMAMENTO 001-2026<\/a><\/div>\n\n\n\n<div class=\"wp-block-file\"><a id=\"wp-block-file--media-abd1f326-a636-4a40-9e48-d9b5e9a62996\" href=\"https:\/\/www.manaus.am.gov.br\/semacc\/wp-content\/uploads\/sites\/22\/2026\/03\/RESUMO-DO-EDITAL-DE-CHAMAMENTO-PU\u0301BLICO-001-AGRICULTORES-PAA-1.pdf\">RESUMO DO EDITAL DE CHAMAMENTO PU\u0301BLICO 001 &#8211; AGRICULTORES PAA 1<\/a><\/div>\n\n\n\n<div class=\"wp-block-file\"><a id=\"wp-block-file--media-3c8ded9e-d19b-4d9f-8f2f-30be7ad0252c\" href=\"https:\/\/www.manaus.am.gov.br\/semacc\/wp-content\/uploads\/sites\/22\/2026\/03\/RESUMO-DO-EDITAL-DE-CHAMAMENTO-PU\u0301BLICO-002-ENTIDADES-PAA-1.pdf\">RESUMO DO EDITAL DE CHAMAMENTO PU\u0301BLICO 002 &#8211; ENTIDADES PAA 1<\/a><\/div>\n\n\n\n<div class=\"wp-block-file\"><a id=\"wp-block-file--media-d43c18c9-5fd3-46a3-b44c-95d8001f243d\" href=\"https:\/\/www.manaus.am.gov.br\/semacc\/wp-content\/uploads\/sites\/22\/2026\/03\/ANEXO-II-EDITAL-AGRICULTORES-FORMULARIO-PARA-BENEFICIARIO-FORNECEDOR.docx\">ANEXO II EDITAL AGRICULTORES &#8211; FORMUL\u00c1RIO PARA BENEFICI\u00c1RIO FORNECEDOR<\/a><\/div>\n\n\n\n<div class=\"wp-block-file\"><a id=\"wp-block-file--media-47785201-6ed2-46c9-8921-46d294a9ca72\" href=\"https:\/\/www.manaus.am.gov.br\/semacc\/wp-content\/uploads\/sites\/22\/2026\/03\/ANEXO-III-EDITAL-AGRICULTORES-PROJETO-DE-VENDA-DE-GENEROS-ALIMENTICIOS-PARA-AGRICULTORES-FAMILIARES-PAA.docx\">ANEXO III EDITAL AGRICULTORES &#8211; PROJETO DE VENDA DE G\u00caNEROS ALIMENT\u00cdCIOS PARA AGRICULTORES FAMILIARES &#8211; PAA<\/a><\/div>\n\n\n\n<div class=\"wp-block-file\"><a id=\"wp-block-file--media-6e7890df-460e-4f74-85f6-b4213aa4d250\" href=\"https:\/\/www.manaus.am.gov.br\/semacc\/wp-content\/uploads\/sites\/22\/2026\/03\/ANEXO-I-ENTIDADES-\u2013-FORMULARIO-DE-INSCRICAO.docx\">ANEXO I ENTIDADES \u2013 FORMUL\u00c1RIO DE INSCRI\u00c7\u00c3O<\/a><\/div>\n\n\n\n<div class=\"wp-block-file\"><a id=\"wp-block-file--media-08ff650d-5de9-4e8c-8407-c8fe2dad4069\" href=\"https:\/\/www.manaus.am.gov.br\/semacc\/wp-content\/uploads\/sites\/22\/2026\/03\/ANEXO-II-ENTIDADES-\u2013-FORMULARIO-DE-RELACAO-DOS-BENEFICIARIOS.docx\">ANEXO II ENTIDADES \u2013 FORMUL\u00c1RIO DE RELA\u00c7\u00c3O DOS BENEFICI\u00c1RIOS<\/a><\/div>\n\n\n\n<div class=\"wp-block-file\"><a id=\"wp-block-file--media-15ad5906-9a02-4e08-b42e-6c5333f36ccc\" href=\"https:\/\/www.manaus.am.gov.br\/semacc\/wp-content\/uploads\/sites\/22\/2026\/03\/ANEXO-III-ENTIDADES-\u2013-DECLARACAO-DE-RESPONSABILIDADE.docx\">ANEXO III ENTIDADES \u2013 DECLARA\u00c7\u00c3O DE RESPONSABILIDADE<\/a><\/div>\n\n\n\n<div class=\"wp-block-file\"><a id=\"wp-block-file--media-eddee0fe-0f72-4e8e-9b9b-c04e04c003ab\" href=\"https:\/\/www.manaus.am.gov.br\/semacc\/wp-content\/uploads\/sites\/22\/2026\/03\/ANEXO-IV-ENTIDADES-\u2013-TERMO-DE-COMPROMISSO.docx\">ANEXO IV ENTIDADES \u2013 TERMO DE COMPROMISSO<\/a><\/div>\n\n\n\n<div class=\"wp-block-file\"><a id=\"wp-block-file--media-ca73b9b6-dcd1-4790-b2f3-101dfc8b471b\" href=\"https:\/\/www.manaus.am.gov.br\/semacc\/wp-content\/uploads\/sites\/22\/2026\/03\/ANEXO-V-ENTIDADES-\u2013-TERMO-DE-DOACAO-\u2013UNIDADE-RECEBEDORA.docx\">ANEXO V ENTIDADES \u2013 TERMO DE DOA\u00c7\u00c3O \u2013UNIDADE RECEBEDORA<\/a><\/div>\n\n\n\n<div class=\"wp-block-file\"><a id=\"wp-block-file--media-396ee86a-417c-4f71-9388-bd4522508946\" href=\"https:\/\/www.manaus.am.gov.br\/semacc\/wp-content\/uploads\/sites\/22\/2026\/03\/ANEXO-VI-ENTIDADES-FORMULARIO-DE-DADOS-E-PRESTACAO-DE-CONTAS.docx\">ANEXO VI ENTIDADES &#8211; FORMULARIO DE DADOS E PRESTA\u00c7\u00c3O DE CONTAS<\/a><\/div>\n","protected":false},"excerpt":{"rendered":"","protected":false},"author":8,"featured_media":0,"parent":0,"menu_order":0,"comment_status":"closed","ping_status":"closed","template":"","meta":{"footnotes":""},"acf":[],"yoast_head":"<!-- This site is optimized with the Yoast SEO plugin v23.0 - https:\/\/yoast.com\/wordpress\/plugins\/seo\/ -->\n<title>EDITAL DE CHAMAMENTO P\u00daBLICO 001\/2026 SEMACC - SEMACC<\/title>\n<meta name=\"robots\" content=\"noindex, follow\" \/>\n<meta property=\"og:locale\" content=\"pt_BR\" \/>\n<meta property=\"og:type\" content=\"article\" \/>\n<meta property=\"og:title\" content=\"EDITAL DE CHAMAMENTO P\u00daBLICO 001\/2026 SEMACC - SEMACC\" \/>\n<meta property=\"og:url\" content=\"https:\/\/www.manaus.am.gov.br\/semacc\/edital-de-chamamento-publico-001-2026-semacc\/\" \/>\n<meta property=\"og:site_name\" content=\"SEMACC\" \/>\n<meta property=\"article:modified_time\" content=\"2026-03-03T19:59:05+00:00\" \/>\n<meta property=\"og:image\" content=\"https:\/\/www.manaus.am.gov.br\/semacc\/wp-content\/uploads\/sites\/22\/2024\/07\/thumb-default-2.png\" \/>\n\t<meta property=\"og:image:width\" content=\"966\" \/>\n\t<meta property=\"og:image:height\" content=\"520\" \/>\n\t<meta property=\"og:image:type\" content=\"image\/png\" \/>\n<meta name=\"twitter:card\" content=\"summary_large_image\" \/>\n<meta name=\"twitter:label1\" content=\"Est. reading time\" \/>\n\t<meta name=\"twitter:data1\" content=\"1 minuto\" \/>\n<script type=\"application\/ld+json\" class=\"yoast-schema-graph\">{\"@context\":\"https:\/\/schema.org\",\"@graph\":[{\"@type\":\"WebPage\",\"@id\":\"https:\/\/www.manaus.am.gov.br\/semacc\/edital-de-chamamento-publico-001-2026-semacc\/\",\"url\":\"https:\/\/www.manaus.am.gov.br\/semacc\/edital-de-chamamento-publico-001-2026-semacc\/\",\"name\":\"EDITAL DE CHAMAMENTO P\u00daBLICO 001\/2026 SEMACC - SEMACC\",\"isPartOf\":{\"@id\":\"https:\/\/www.manaus.am.gov.br\/semacc\/#website\"},\"datePublished\":\"2026-03-03T19:59:04+00:00\",\"dateModified\":\"2026-03-03T19:59:05+00:00\",\"breadcrumb\":{\"@id\":\"https:\/\/www.manaus.am.gov.br\/semacc\/edital-de-chamamento-publico-001-2026-semacc\/#breadcrumb\"},\"inLanguage\":\"pt-BR\",\"potentialAction\":[{\"@type\":\"ReadAction\",\"target\":[\"https:\/\/www.manaus.am.gov.br\/semacc\/edital-de-chamamento-publico-001-2026-semacc\/\"]}]},{\"@type\":\"BreadcrumbList\",\"@id\":\"https:\/\/www.manaus.am.gov.br\/semacc\/edital-de-chamamento-publico-001-2026-semacc\/#breadcrumb\",\"itemListElement\":[{\"@type\":\"ListItem\",\"position\":1,\"name\":\"Home\",\"item\":\"https:\/\/www.manaus.am.gov.br\/semacc\/\"},{\"@type\":\"ListItem\",\"position\":2,\"name\":\"EDITAL DE CHAMAMENTO P\u00daBLICO 001\/2026 SEMACC\"}]},{\"@type\":\"WebSite\",\"@id\":\"https:\/\/www.manaus.am.gov.br\/semacc\/#website\",\"url\":\"https:\/\/www.manaus.am.gov.br\/semacc\/\",\"name\":\"SEMACC\",\"description\":\"Prefeitura de Manaus\",\"potentialAction\":[{\"@type\":\"SearchAction\",\"target\":{\"@type\":\"EntryPoint\",\"urlTemplate\":\"https:\/\/www.manaus.am.gov.br\/semacc\/?s={search_term_string}\"},\"query-input\":\"required name=search_term_string\"}],\"inLanguage\":\"pt-BR\"}]}<\/script>\n<!-- \/ Yoast SEO plugin. -->","yoast_head_json":{"title":"EDITAL DE CHAMAMENTO P\u00daBLICO 001\/2026 SEMACC - SEMACC","robots":{"index":"noindex","follow":"follow"},"og_locale":"pt_BR","og_type":"article","og_title":"EDITAL DE CHAMAMENTO P\u00daBLICO 001\/2026 SEMACC - SEMACC","og_url":"https:\/\/www.manaus.am.gov.br\/semacc\/edital-de-chamamento-publico-001-2026-semacc\/","og_site_name":"SEMACC","article_modified_time":"2026-03-03T19:59:05+00:00","og_image":[{"width":966,"height":520,"url":"https:\/\/www.manaus.am.gov.br\/semacc\/wp-content\/uploads\/sites\/22\/2024\/07\/thumb-default-2.png","type":"image\/png"}],"twitter_card":"summary_large_image","twitter_misc":{"Est. reading time":"1 minuto"},"schema":{"@context":"https:\/\/schema.org","@graph":[{"@type":"WebPage","@id":"https:\/\/www.manaus.am.gov.br\/semacc\/edital-de-chamamento-publico-001-2026-semacc\/","url":"https:\/\/www.manaus.am.gov.br\/semacc\/edital-de-chamamento-publico-001-2026-semacc\/","name":"EDITAL DE CHAMAMENTO P\u00daBLICO 001\/2026 SEMACC - SEMACC","isPartOf":{"@id":"https:\/\/www.manaus.am.gov.br\/semacc\/#website"},"datePublished":"2026-03-03T19:59:04+00:00","dateModified":"2026-03-03T19:59:05+00:00","breadcrumb":{"@id":"https:\/\/www.manaus.am.gov.br\/semacc\/edital-de-chamamento-publico-001-2026-semacc\/#breadcrumb"},"inLanguage":"pt-BR","potentialAction":[{"@type":"ReadAction","target":["https:\/\/www.manaus.am.gov.br\/semacc\/edital-de-chamamento-publico-001-2026-semacc\/"]}]},{"@type":"BreadcrumbList","@id":"https:\/\/www.manaus.am.gov.br\/semacc\/edital-de-chamamento-publico-001-2026-semacc\/#breadcrumb","itemListElement":[{"@type":"ListItem","position":1,"name":"Home","item":"https:\/\/www.manaus.am.gov.br\/semacc\/"},{"@type":"ListItem","position":2,"name":"EDITAL DE CHAMAMENTO P\u00daBLICO 001\/2026 SEMACC"}]},{"@type":"WebSite","@id":"https:\/\/www.manaus.am.gov.br\/semacc\/#website","url":"https:\/\/www.manaus.am.gov.br\/semacc\/","name":"SEMACC","description":"Prefeitura de Manaus","potentialAction":[{"@type":"SearchAction","target":{"@type":"EntryPoint","urlTemplate":"https:\/\/www.manaus.am.gov.br\/semacc\/?s={search_term_string}"},"query-input":"required name=search_term_string"}],"inLanguage":"pt-BR"}]}},"_links":{"self":[{"href":"https:\/\/www.manaus.am.gov.br\/semacc\/wp-json\/wp\/v2\/pages\/1859"}],"collection":[{"href":"https:\/\/www.manaus.am.gov.br\/semacc\/wp-json\/wp\/v2\/pages"}],"about":[{"href":"https:\/\/www.manaus.am.gov.br\/semacc\/wp-json\/wp\/v2\/types\/page"}],"author":[{"embeddable":true,"href":"https:\/\/www.manaus.am.gov.br\/semacc\/wp-json\/wp\/v2\/users\/8"}],"replies":[{"embeddable":true,"href":"https:\/\/www.manaus.am.gov.br\/semacc\/wp-json\/wp\/v2\/comments?post=1859"}],"version-history":[{"count":1,"href":"https:\/\/www.manaus.am.gov.br\/semacc\/wp-json\/wp\/v2\/pages\/1859\/revisions"}],"predecessor-version":[{"id":1874,"href":"https:\/\/www.manaus.am.gov.br\/semacc\/wp-json\/wp\/v2\/pages\/1859\/revisions\/1874"}],"wp:attachment":[{"href":"https:\/\/www.manaus.am.gov.br\/semacc\/wp-json\/wp\/v2\/media?parent=1859"}],"curies":[{"name":"wp","href":"https:\/\/api.w.org\/{rel}","templated":true}]}}