{"id":1507,"date":"2025-06-27T10:11:14","date_gmt":"2025-06-27T14:11:14","guid":{"rendered":"https:\/\/www.manaus.am.gov.br\/semacc\/?page_id=1507"},"modified":"2025-06-27T10:11:14","modified_gmt":"2025-06-27T14:11:14","slug":"planejamento-estrategico","status":"publish","type":"page","link":"https:\/\/www.manaus.am.gov.br\/semacc\/planejamento-estrategico\/","title":{"rendered":"Planejamento Estrat\u00e9gico"},"content":{"rendered":"\n<p>A\u00e7\u00f5es do Departamento de Agricultura e Abastecimento ( DAA)<\/p>\n\n\n\n<p>EIXOS PROGRAM\u00c1TICOS<\/p>\n\n\n\n<p>As a\u00e7\u00f5es da SEMACC no \u00e2mbito do setor prim\u00e1rio est\u00e3o distribu\u00eddas nos seguintes eixos program\u00e1ticos:<\/p>\n\n\n\n<p>1 &#8211; ITEM EIXOS PROGRAM\u00c1TICOS<\/p>\n\n\n\n<ol>\n<li>Incentivo \u00e0 produ\u00e7\u00e3o animal<\/li>\n\n\n\n<li>Incentivo \u00e0 produ\u00e7\u00e3o vegetal<\/li>\n\n\n\n<li>A\u00e7\u00f5es s\u00f3cio educativas<\/li>\n\n\n\n<li>Apoio ao escoamento da produ\u00e7\u00e3o<\/li>\n<\/ol>\n\n\n\n<p>2 &#8211; A\u00c7\u00d5ES TRANSVERSAIS<\/p>\n\n\n\n<ul>\n<li>Fortalecer o Conselho Municipal de Desenvolvimento Rural Sustent\u00e1vel-CMRDS.<\/li>\n\n\n\n<li>Coordenar o Servi\u00e7o de Inspe\u00e7\u00e3o Municipal-SIM.<\/li>\n\n\n\n<li>Apoiar a elabora\u00e7\u00e3o de Cadastro Ambiental Rural-CAR.<\/li>\n\n\n\n<li>Apoiar emiss\u00e3o de Cadastro de agricultor Familiar-CAF.<\/li>\n\n\n\n<li>Incentivar o Turismo rural.<\/li>\n\n\n\n<li>Incentivo \u00e0 mecaniza\u00e7\u00e3o agr\u00edcola.<\/li>\n\n\n\n<li>Apoio \u00e0 regulariza\u00e7\u00e3o e incentivo a produ\u00e7\u00e3o comunit\u00e1ria dentro das RDS do munic\u00edpio.<\/li>\n\n\n\n<li>Realiza\u00e7\u00e3o de dia de campo em parceria com institui\u00e7\u00f5es.<\/li>\n\n\n\n<li>Abrir espa\u00e7os nas feiras e eventos de Manaus para organiza\u00e7\u00f5es sociais de agricultores familiares comercializarem seus produtos, al\u00e9m de incentivar feiras comunit\u00e1rias.<\/li>\n<\/ul>\n\n\n\n<p>3 &#8211; RESULTADOS ESPERADOS<\/p>\n\n\n\n<ul>\n<li>Aumento da produtividade seja agr\u00edcola ou animal em pelo menos 10%.<\/li>\n\n\n\n<li>Regularizar anualmente 100 agricultores familiares atrav\u00e9s da emiss\u00e3o de CAF.<\/li>\n\n\n\n<li>Promover a regulariza\u00e7\u00e3o de propriedade, empreendimentos e organiza\u00e7\u00f5es sociais unidades de processamento de produtos de origem animal e assim gerar PR (Associa\u00e7\u00f5es e Cooperativas) de forma que gere seguran\u00e7a alimentar para a popula\u00e7\u00e3o de Manaus, al\u00e9m de gerar emprego e renda ao empreendedor rural e arrecada\u00e7\u00e3o ao munic\u00edpio.<\/li>\n\n\n\n<li>Capacitar 200 produtores anualmente.<\/li>\n<\/ul>\n","protected":false},"excerpt":{"rendered":"","protected":false},"author":8,"featured_media":0,"parent":0,"menu_order":0,"comment_status":"closed","ping_status":"closed","template":"templates\/turismo.php","meta":{"footnotes":""},"acf":[],"yoast_head":"<!-- This site is optimized with the Yoast SEO plugin v23.0 - https:\/\/yoast.com\/wordpress\/plugins\/seo\/ -->\n<title>Planejamento Estrat\u00e9gico - SEMACC<\/title>\n<meta name=\"robots\" content=\"noindex, follow\" \/>\n<meta property=\"og:locale\" content=\"pt_BR\" \/>\n<meta property=\"og:type\" content=\"article\" \/>\n<meta property=\"og:title\" content=\"Planejamento Estrat\u00e9gico - SEMACC\" \/>\n<meta property=\"og:url\" content=\"https:\/\/www.manaus.am.gov.br\/semacc\/planejamento-estrategico\/\" \/>\n<meta property=\"og:site_name\" content=\"SEMACC\" \/>\n<meta property=\"og:image\" content=\"https:\/\/www.manaus.am.gov.br\/semacc\/wp-content\/uploads\/sites\/22\/2024\/07\/thumb-default-2.png\" \/>\n\t<meta property=\"og:image:width\" content=\"966\" \/>\n\t<meta property=\"og:image:height\" content=\"520\" \/>\n\t<meta property=\"og:image:type\" content=\"image\/png\" \/>\n<meta name=\"twitter:card\" content=\"summary_large_image\" \/>\n<meta name=\"twitter:label1\" content=\"Est. reading time\" \/>\n\t<meta name=\"twitter:data1\" content=\"2 minutos\" \/>\n<script type=\"application\/ld+json\" class=\"yoast-schema-graph\">{\"@context\":\"https:\/\/schema.org\",\"@graph\":[{\"@type\":\"WebPage\",\"@id\":\"https:\/\/www.manaus.am.gov.br\/semacc\/planejamento-estrategico\/\",\"url\":\"https:\/\/www.manaus.am.gov.br\/semacc\/planejamento-estrategico\/\",\"name\":\"Planejamento Estrat\u00e9gico - SEMACC\",\"isPartOf\":{\"@id\":\"https:\/\/www.manaus.am.gov.br\/semacc\/#website\"},\"datePublished\":\"2025-06-27T14:11:14+00:00\",\"dateModified\":\"2025-06-27T14:11:14+00:00\",\"breadcrumb\":{\"@id\":\"https:\/\/www.manaus.am.gov.br\/semacc\/planejamento-estrategico\/#breadcrumb\"},\"inLanguage\":\"pt-BR\",\"potentialAction\":[{\"@type\":\"ReadAction\",\"target\":[\"https:\/\/www.manaus.am.gov.br\/semacc\/planejamento-estrategico\/\"]}]},{\"@type\":\"BreadcrumbList\",\"@id\":\"https:\/\/www.manaus.am.gov.br\/semacc\/planejamento-estrategico\/#breadcrumb\",\"itemListElement\":[{\"@type\":\"ListItem\",\"position\":1,\"name\":\"Home\",\"item\":\"https:\/\/www.manaus.am.gov.br\/semacc\/\"},{\"@type\":\"ListItem\",\"position\":2,\"name\":\"Planejamento Estrat\u00e9gico\"}]},{\"@type\":\"WebSite\",\"@id\":\"https:\/\/www.manaus.am.gov.br\/semacc\/#website\",\"url\":\"https:\/\/www.manaus.am.gov.br\/semacc\/\",\"name\":\"SEMACC\",\"description\":\"Prefeitura de Manaus\",\"potentialAction\":[{\"@type\":\"SearchAction\",\"target\":{\"@type\":\"EntryPoint\",\"urlTemplate\":\"https:\/\/www.manaus.am.gov.br\/semacc\/?s={search_term_string}\"},\"query-input\":\"required name=search_term_string\"}],\"inLanguage\":\"pt-BR\"}]}<\/script>\n<!-- \/ Yoast SEO plugin. -->","yoast_head_json":{"title":"Planejamento Estrat\u00e9gico - SEMACC","robots":{"index":"noindex","follow":"follow"},"og_locale":"pt_BR","og_type":"article","og_title":"Planejamento Estrat\u00e9gico - SEMACC","og_url":"https:\/\/www.manaus.am.gov.br\/semacc\/planejamento-estrategico\/","og_site_name":"SEMACC","og_image":[{"width":966,"height":520,"url":"https:\/\/www.manaus.am.gov.br\/semacc\/wp-content\/uploads\/sites\/22\/2024\/07\/thumb-default-2.png","type":"image\/png"}],"twitter_card":"summary_large_image","twitter_misc":{"Est. reading time":"2 minutos"},"schema":{"@context":"https:\/\/schema.org","@graph":[{"@type":"WebPage","@id":"https:\/\/www.manaus.am.gov.br\/semacc\/planejamento-estrategico\/","url":"https:\/\/www.manaus.am.gov.br\/semacc\/planejamento-estrategico\/","name":"Planejamento Estrat\u00e9gico - SEMACC","isPartOf":{"@id":"https:\/\/www.manaus.am.gov.br\/semacc\/#website"},"datePublished":"2025-06-27T14:11:14+00:00","dateModified":"2025-06-27T14:11:14+00:00","breadcrumb":{"@id":"https:\/\/www.manaus.am.gov.br\/semacc\/planejamento-estrategico\/#breadcrumb"},"inLanguage":"pt-BR","potentialAction":[{"@type":"ReadAction","target":["https:\/\/www.manaus.am.gov.br\/semacc\/planejamento-estrategico\/"]}]},{"@type":"BreadcrumbList","@id":"https:\/\/www.manaus.am.gov.br\/semacc\/planejamento-estrategico\/#breadcrumb","itemListElement":[{"@type":"ListItem","position":1,"name":"Home","item":"https:\/\/www.manaus.am.gov.br\/semacc\/"},{"@type":"ListItem","position":2,"name":"Planejamento Estrat\u00e9gico"}]},{"@type":"WebSite","@id":"https:\/\/www.manaus.am.gov.br\/semacc\/#website","url":"https:\/\/www.manaus.am.gov.br\/semacc\/","name":"SEMACC","description":"Prefeitura de Manaus","potentialAction":[{"@type":"SearchAction","target":{"@type":"EntryPoint","urlTemplate":"https:\/\/www.manaus.am.gov.br\/semacc\/?s={search_term_string}"},"query-input":"required name=search_term_string"}],"inLanguage":"pt-BR"}]}},"_links":{"self":[{"href":"https:\/\/www.manaus.am.gov.br\/semacc\/wp-json\/wp\/v2\/pages\/1507"}],"collection":[{"href":"https:\/\/www.manaus.am.gov.br\/semacc\/wp-json\/wp\/v2\/pages"}],"about":[{"href":"https:\/\/www.manaus.am.gov.br\/semacc\/wp-json\/wp\/v2\/types\/page"}],"author":[{"embeddable":true,"href":"https:\/\/www.manaus.am.gov.br\/semacc\/wp-json\/wp\/v2\/users\/8"}],"replies":[{"embeddable":true,"href":"https:\/\/www.manaus.am.gov.br\/semacc\/wp-json\/wp\/v2\/comments?post=1507"}],"version-history":[{"count":1,"href":"https:\/\/www.manaus.am.gov.br\/semacc\/wp-json\/wp\/v2\/pages\/1507\/revisions"}],"predecessor-version":[{"id":1508,"href":"https:\/\/www.manaus.am.gov.br\/semacc\/wp-json\/wp\/v2\/pages\/1507\/revisions\/1508"}],"wp:attachment":[{"href":"https:\/\/www.manaus.am.gov.br\/semacc\/wp-json\/wp\/v2\/media?parent=1507"}],"curies":[{"name":"wp","href":"https:\/\/api.w.org\/{rel}","templated":true}]}}