{"id":1398,"date":"2025-06-09T15:45:02","date_gmt":"2025-06-09T19:45:02","guid":{"rendered":"https:\/\/www.manaus.am.gov.br\/semacc\/?page_id=1398"},"modified":"2026-03-03T15:20:23","modified_gmt":"2026-03-03T19:20:23","slug":"edital-de-chamamento-publico-001-2025-semacc","status":"publish","type":"page","link":"https:\/\/www.manaus.am.gov.br\/semacc\/edital-de-chamamento-publico-001-2025-semacc\/","title":{"rendered":"EDITAL DE CHAMAMENTO P\u00daBLICO 001\/2025 SEMACC"},"content":{"rendered":"\n<p>Edital de Chamamento P\u00fablico 001\/2025 SEMACC, referente a Distribui\u00e7\u00e3o de Equipamentos Agr\u00edcolas<\/p>\n\n\n\n<div class=\"wp-block-file\"><a id=\"wp-block-file--media-f701a1bf-6d3e-4fcb-97e5-035e7b059775\" href=\"https:\/\/www.manaus.am.gov.br\/semacc\/wp-content\/uploads\/sites\/22\/2025\/06\/EDITAL-DE-CHAMAMENTO-No-001.2025.pdf\">EDITAL DE CHAMAMENTO N\u00ba 001.2025<\/a><\/div>\n\n\n\n<div class=\"wp-block-file\"><a id=\"wp-block-file--media-69f78895-2d56-44a7-ae44-f94f79d9f86f\" href=\"https:\/\/www.manaus.am.gov.br\/semacc\/wp-content\/uploads\/sites\/22\/2025\/06\/DOM-RETIFICACAO-DO-EDITAL-DE-CHAMAMENTO-001-2025.pdf\">DOM RETIFICA\u00c7\u00c3O DO EDITAL DE CHAMAMENTO 001 2025<\/a><\/div>\n\n\n\n<div class=\"wp-block-file\"><a id=\"wp-block-file--media-b12e5d25-0e84-4701-a30c-7e6c7fb27594\" href=\"https:\/\/www.manaus.am.gov.br\/semacc\/wp-content\/uploads\/sites\/22\/2025\/06\/ANEXO-I-MODELO-DE-PROPOSTA-TECNICA.docx\">ANEXO I &#8211; MODELO DE PROPOSTA T\u00c9CNICA<\/a><\/div>\n\n\n\n<div class=\"wp-block-file\"><a id=\"wp-block-file--media-c2a70ea8-3e45-4859-82f9-4479e4b179cf\" href=\"https:\/\/www.manaus.am.gov.br\/semacc\/wp-content\/uploads\/sites\/22\/2025\/06\/ANEXO-II-CRITERIOS-DE-AVALIACAO-PARA-A-CLASSIFICACAO-DAS-PROPOSTAS.docx\">ANEXO II &#8211; CRIT\u00c9RIOS DE AVALIA\u00c7\u00c3O PARA A CLASSIFICA\u00c7\u00c3O DAS PROPOSTAS<\/a><\/div>\n\n\n\n<div class=\"wp-block-file\"><a id=\"wp-block-file--media-0d7059c7-64c1-4415-9429-ff3d72760d41\" href=\"https:\/\/www.manaus.am.gov.br\/semacc\/wp-content\/uploads\/sites\/22\/2025\/06\/ANEXO-III-MODELO-DE-PLANO-DE-TRABALHO-I.docx\">ANEXO III &#8211; MODELO DE PLANO DE TRABALHO I<\/a><\/div>\n\n\n\n<div class=\"wp-block-file\"><a id=\"wp-block-file--media-8e7517d4-234c-40f2-b5dd-00fb058c3acb\" href=\"https:\/\/www.manaus.am.gov.br\/semacc\/wp-content\/uploads\/sites\/22\/2025\/06\/ANEXO-IV-\u2013-IDENTIFICACAO-DOS-ENVELOPES.docx\">ANEXO IV \u2013 IDENTIFICA\u00c7\u00c3O DOS ENVELOPES<\/a><\/div>\n\n\n\n<div class=\"wp-block-file\"><a id=\"wp-block-file--media-f384535d-c024-427b-852d-5c7e11e8bf8d\" href=\"https:\/\/www.manaus.am.gov.br\/semacc\/wp-content\/uploads\/sites\/22\/2025\/06\/ANEXO-V-\u2013-DECLARACAO-DE-ATENDIMENTO-AO-EDITAL.docx\">ANEXO V \u2013 DECLARA\u00c7\u00c3O DE ATENDIMENTO AO EDITAL<\/a><\/div>\n\n\n\n<div class=\"wp-block-file\"><a id=\"wp-block-file--media-16ac848e-d631-4468-996d-e2f154c76838\" href=\"https:\/\/www.manaus.am.gov.br\/semacc\/wp-content\/uploads\/sites\/22\/2025\/06\/ANEXO-VI-Modelo-de-Declaracao.docx\">ANEXO VI &#8211; Modelo de Declara\u00e7\u00e3o<\/a><\/div>\n\n\n\n<div class=\"wp-block-file\"><a id=\"wp-block-file--media-a6d71d66-0adc-45b9-9d2a-2d2e822801f4\" href=\"https:\/\/www.manaus.am.gov.br\/semacc\/wp-content\/uploads\/sites\/22\/2025\/06\/ANEXO-VII-MODELO-DE-DECLARACAO-COORDENADOR-GERAL.docx\">ANEXO VII &#8211; MODELO DE DECLARA\u00c7\u00c3O COORDENADOR GERAL<\/a><\/div>\n","protected":false},"excerpt":{"rendered":"","protected":false},"author":8,"featured_media":0,"parent":0,"menu_order":0,"comment_status":"closed","ping_status":"closed","template":"","meta":{"footnotes":""},"acf":[],"yoast_head":"<!-- This site is optimized with the Yoast SEO plugin v23.0 - https:\/\/yoast.com\/wordpress\/plugins\/seo\/ -->\n<title>EDITAL DE CHAMAMENTO P\u00daBLICO 001\/2025 SEMACC - SEMACC<\/title>\n<meta name=\"robots\" content=\"noindex, follow\" \/>\n<meta property=\"og:locale\" content=\"pt_BR\" \/>\n<meta property=\"og:type\" content=\"article\" \/>\n<meta property=\"og:title\" content=\"EDITAL DE CHAMAMENTO P\u00daBLICO 001\/2025 SEMACC - SEMACC\" \/>\n<meta property=\"og:url\" content=\"https:\/\/www.manaus.am.gov.br\/semacc\/edital-de-chamamento-publico-001-2025-semacc\/\" \/>\n<meta property=\"og:site_name\" content=\"SEMACC\" \/>\n<meta property=\"article:modified_time\" content=\"2026-03-03T19:20:23+00:00\" \/>\n<meta property=\"og:image\" content=\"https:\/\/www.manaus.am.gov.br\/semacc\/wp-content\/uploads\/sites\/22\/2024\/07\/thumb-default-2.png\" \/>\n\t<meta property=\"og:image:width\" content=\"966\" \/>\n\t<meta property=\"og:image:height\" content=\"520\" \/>\n\t<meta property=\"og:image:type\" content=\"image\/png\" \/>\n<meta name=\"twitter:card\" content=\"summary_large_image\" \/>\n<meta name=\"twitter:label1\" content=\"Est. reading time\" \/>\n\t<meta name=\"twitter:data1\" content=\"1 minuto\" \/>\n<script type=\"application\/ld+json\" class=\"yoast-schema-graph\">{\"@context\":\"https:\/\/schema.org\",\"@graph\":[{\"@type\":\"WebPage\",\"@id\":\"https:\/\/www.manaus.am.gov.br\/semacc\/edital-de-chamamento-publico-001-2025-semacc\/\",\"url\":\"https:\/\/www.manaus.am.gov.br\/semacc\/edital-de-chamamento-publico-001-2025-semacc\/\",\"name\":\"EDITAL DE CHAMAMENTO P\u00daBLICO 001\/2025 SEMACC - SEMACC\",\"isPartOf\":{\"@id\":\"https:\/\/www.manaus.am.gov.br\/semacc\/#website\"},\"datePublished\":\"2025-06-09T19:45:02+00:00\",\"dateModified\":\"2026-03-03T19:20:23+00:00\",\"breadcrumb\":{\"@id\":\"https:\/\/www.manaus.am.gov.br\/semacc\/edital-de-chamamento-publico-001-2025-semacc\/#breadcrumb\"},\"inLanguage\":\"pt-BR\",\"potentialAction\":[{\"@type\":\"ReadAction\",\"target\":[\"https:\/\/www.manaus.am.gov.br\/semacc\/edital-de-chamamento-publico-001-2025-semacc\/\"]}]},{\"@type\":\"BreadcrumbList\",\"@id\":\"https:\/\/www.manaus.am.gov.br\/semacc\/edital-de-chamamento-publico-001-2025-semacc\/#breadcrumb\",\"itemListElement\":[{\"@type\":\"ListItem\",\"position\":1,\"name\":\"Home\",\"item\":\"https:\/\/www.manaus.am.gov.br\/semacc\/\"},{\"@type\":\"ListItem\",\"position\":2,\"name\":\"EDITAL DE CHAMAMENTO P\u00daBLICO 001\/2025 SEMACC\"}]},{\"@type\":\"WebSite\",\"@id\":\"https:\/\/www.manaus.am.gov.br\/semacc\/#website\",\"url\":\"https:\/\/www.manaus.am.gov.br\/semacc\/\",\"name\":\"SEMACC\",\"description\":\"Prefeitura de Manaus\",\"potentialAction\":[{\"@type\":\"SearchAction\",\"target\":{\"@type\":\"EntryPoint\",\"urlTemplate\":\"https:\/\/www.manaus.am.gov.br\/semacc\/?s={search_term_string}\"},\"query-input\":\"required name=search_term_string\"}],\"inLanguage\":\"pt-BR\"}]}<\/script>\n<!-- \/ Yoast SEO plugin. -->","yoast_head_json":{"title":"EDITAL DE CHAMAMENTO P\u00daBLICO 001\/2025 SEMACC - SEMACC","robots":{"index":"noindex","follow":"follow"},"og_locale":"pt_BR","og_type":"article","og_title":"EDITAL DE CHAMAMENTO P\u00daBLICO 001\/2025 SEMACC - SEMACC","og_url":"https:\/\/www.manaus.am.gov.br\/semacc\/edital-de-chamamento-publico-001-2025-semacc\/","og_site_name":"SEMACC","article_modified_time":"2026-03-03T19:20:23+00:00","og_image":[{"width":966,"height":520,"url":"https:\/\/www.manaus.am.gov.br\/semacc\/wp-content\/uploads\/sites\/22\/2024\/07\/thumb-default-2.png","type":"image\/png"}],"twitter_card":"summary_large_image","twitter_misc":{"Est. reading time":"1 minuto"},"schema":{"@context":"https:\/\/schema.org","@graph":[{"@type":"WebPage","@id":"https:\/\/www.manaus.am.gov.br\/semacc\/edital-de-chamamento-publico-001-2025-semacc\/","url":"https:\/\/www.manaus.am.gov.br\/semacc\/edital-de-chamamento-publico-001-2025-semacc\/","name":"EDITAL DE CHAMAMENTO P\u00daBLICO 001\/2025 SEMACC - SEMACC","isPartOf":{"@id":"https:\/\/www.manaus.am.gov.br\/semacc\/#website"},"datePublished":"2025-06-09T19:45:02+00:00","dateModified":"2026-03-03T19:20:23+00:00","breadcrumb":{"@id":"https:\/\/www.manaus.am.gov.br\/semacc\/edital-de-chamamento-publico-001-2025-semacc\/#breadcrumb"},"inLanguage":"pt-BR","potentialAction":[{"@type":"ReadAction","target":["https:\/\/www.manaus.am.gov.br\/semacc\/edital-de-chamamento-publico-001-2025-semacc\/"]}]},{"@type":"BreadcrumbList","@id":"https:\/\/www.manaus.am.gov.br\/semacc\/edital-de-chamamento-publico-001-2025-semacc\/#breadcrumb","itemListElement":[{"@type":"ListItem","position":1,"name":"Home","item":"https:\/\/www.manaus.am.gov.br\/semacc\/"},{"@type":"ListItem","position":2,"name":"EDITAL DE CHAMAMENTO P\u00daBLICO 001\/2025 SEMACC"}]},{"@type":"WebSite","@id":"https:\/\/www.manaus.am.gov.br\/semacc\/#website","url":"https:\/\/www.manaus.am.gov.br\/semacc\/","name":"SEMACC","description":"Prefeitura de Manaus","potentialAction":[{"@type":"SearchAction","target":{"@type":"EntryPoint","urlTemplate":"https:\/\/www.manaus.am.gov.br\/semacc\/?s={search_term_string}"},"query-input":"required name=search_term_string"}],"inLanguage":"pt-BR"}]}},"_links":{"self":[{"href":"https:\/\/www.manaus.am.gov.br\/semacc\/wp-json\/wp\/v2\/pages\/1398"}],"collection":[{"href":"https:\/\/www.manaus.am.gov.br\/semacc\/wp-json\/wp\/v2\/pages"}],"about":[{"href":"https:\/\/www.manaus.am.gov.br\/semacc\/wp-json\/wp\/v2\/types\/page"}],"author":[{"embeddable":true,"href":"https:\/\/www.manaus.am.gov.br\/semacc\/wp-json\/wp\/v2\/users\/8"}],"replies":[{"embeddable":true,"href":"https:\/\/www.manaus.am.gov.br\/semacc\/wp-json\/wp\/v2\/comments?post=1398"}],"version-history":[{"count":2,"href":"https:\/\/www.manaus.am.gov.br\/semacc\/wp-json\/wp\/v2\/pages\/1398\/revisions"}],"predecessor-version":[{"id":1412,"href":"https:\/\/www.manaus.am.gov.br\/semacc\/wp-json\/wp\/v2\/pages\/1398\/revisions\/1412"}],"wp:attachment":[{"href":"https:\/\/www.manaus.am.gov.br\/semacc\/wp-json\/wp\/v2\/media?parent=1398"}],"curies":[{"name":"wp","href":"https:\/\/api.w.org\/{rel}","templated":true}]}}