{"id":1395,"date":"2024-05-20T15:38:00","date_gmt":"2024-05-20T19:38:00","guid":{"rendered":"https:\/\/www.manaus.am.gov.br\/semacc\/?page_id=1395"},"modified":"2025-06-09T15:38:59","modified_gmt":"2025-06-09T19:38:59","slug":"chamamento-publico-n-o-001-2024-paa-semacc","status":"publish","type":"page","link":"https:\/\/www.manaus.am.gov.br\/semacc\/chamamento-publico-n-o-001-2024-paa-semacc\/","title":{"rendered":"CHAMAMENTO P\u00daBLICO N.\u00ba 001\/2024 \u00a0\u2013 PAA \u2013 SEMACC"},"content":{"rendered":"\n<p>Para a habilita\u00e7\u00e3o do Chamamento P\u00fablico n.\u00ba 001\/2024 do Programa de Aquisi\u00e7\u00e3o de Alimentos (PAA), os documentos necess\u00e1rios devem ser entregues dentro do prazo estabelecido no edital, conforme descrito no item 4. Esses documentos devem ser colocados em um envelope lacrado.<\/p>\n\n\n\n<p>a)&nbsp;C\u00f3pia leg\u00edvel do documento de identidade\/Registro Geral (RG);<\/p>\n\n\n\n<p>b)&nbsp;C\u00f3pia leg\u00edvel do Cadastro de Pessoa F\u00edsica (CPF);<\/p>\n\n\n\n<p>c)&nbsp;C\u00f3pia leg\u00edvel do Comprovante de Resid\u00eancia;<\/p>\n\n\n\n<p>d)&nbsp;C\u00f3pia leg\u00edvel do Cart\u00e3o de Produtor Rural (IDAM);<\/p>\n\n\n\n<p>e)&nbsp;C\u00f3pia leg\u00edvel da DAP\/CAF principal e do extrato;<\/p>\n\n\n\n<p>f)&nbsp;Proposta de fornecimento individual de alimentos para o programa, conforme modelo anexo a este edital (Anexo II e III).<\/p>\n\n\n\n<p>Download:&nbsp;<\/p>\n\n\n\n<p><a href=\"https:\/\/www.manaus.am.gov.br\/semacc\/wp-content\/uploads\/sites\/22\/2024\/05\/1.-Resumo-do-Edital-do-PAA.pdf\" target=\"_blank\" rel=\"noreferrer noopener\">1. Resumo do Edital do PAA;<\/a><\/p>\n\n\n\n<p><a href=\"https:\/\/www.manaus.am.gov.br\/semacc\/wp-content\/uploads\/sites\/22\/2024\/05\/2.-DOM-5828-17.05.2024-CAD-1-49-54.pdf\" target=\"_blank\" rel=\"noreferrer noopener\">2. DOM 5828 17.05.2024 CAD 1-49-54;<\/a><\/p>\n\n\n\n<p><a href=\"https:\/\/www.manaus.am.gov.br\/semacc\/wp-content\/uploads\/sites\/22\/2024\/05\/3.-Anexo-II-Formulario-para-Beneficiario.docx\" target=\"_blank\" rel=\"noreferrer noopener\">3. Anexo II \u2013 Formul\u00e1rio para Benefici\u00e1rio;<\/a><\/p>\n\n\n\n<p><a href=\"https:\/\/www.manaus.am.gov.br\/semacc\/wp-content\/uploads\/sites\/22\/2024\/05\/4.-Anexo-III-Projeto-de-Venda-de-Generos-Alimenticios-para-Agricultores-Familiares.docx\" target=\"_blank\" rel=\"noreferrer noopener\">4. Anexo III \u2013 Projeto de Venda de G\u00eaneros Aliment\u00edcios para Agricultores Familiares.<\/a><\/p>\n","protected":false},"excerpt":{"rendered":"","protected":false},"author":8,"featured_media":0,"parent":0,"menu_order":0,"comment_status":"closed","ping_status":"closed","template":"","meta":{"footnotes":""},"acf":[],"yoast_head":"<!-- This site is optimized with the Yoast SEO plugin v23.0 - https:\/\/yoast.com\/wordpress\/plugins\/seo\/ -->\n<title>CHAMAMENTO P\u00daBLICO N.\u00ba 001\/2024 \u00a0\u2013 PAA \u2013 SEMACC - SEMACC<\/title>\n<meta name=\"robots\" content=\"noindex, follow\" \/>\n<meta property=\"og:locale\" content=\"pt_BR\" \/>\n<meta property=\"og:type\" content=\"article\" \/>\n<meta property=\"og:title\" content=\"CHAMAMENTO P\u00daBLICO N.\u00ba 001\/2024 \u00a0\u2013 PAA \u2013 SEMACC - SEMACC\" \/>\n<meta property=\"og:url\" content=\"https:\/\/www.manaus.am.gov.br\/semacc\/chamamento-publico-n-o-001-2024-paa-semacc\/\" \/>\n<meta property=\"og:site_name\" content=\"SEMACC\" \/>\n<meta property=\"article:modified_time\" content=\"2025-06-09T19:38:59+00:00\" \/>\n<meta property=\"og:image\" content=\"https:\/\/www.manaus.am.gov.br\/semacc\/wp-content\/uploads\/sites\/22\/2024\/07\/thumb-default-2.png\" \/>\n\t<meta property=\"og:image:width\" content=\"966\" \/>\n\t<meta property=\"og:image:height\" content=\"520\" \/>\n\t<meta property=\"og:image:type\" content=\"image\/png\" \/>\n<meta name=\"twitter:card\" content=\"summary_large_image\" \/>\n<meta name=\"twitter:label1\" content=\"Est. reading time\" \/>\n\t<meta name=\"twitter:data1\" content=\"1 minuto\" \/>\n<script type=\"application\/ld+json\" class=\"yoast-schema-graph\">{\"@context\":\"https:\/\/schema.org\",\"@graph\":[{\"@type\":\"WebPage\",\"@id\":\"https:\/\/www.manaus.am.gov.br\/semacc\/chamamento-publico-n-o-001-2024-paa-semacc\/\",\"url\":\"https:\/\/www.manaus.am.gov.br\/semacc\/chamamento-publico-n-o-001-2024-paa-semacc\/\",\"name\":\"CHAMAMENTO P\u00daBLICO N.\u00ba 001\/2024 \u00a0\u2013 PAA \u2013 SEMACC - SEMACC\",\"isPartOf\":{\"@id\":\"https:\/\/www.manaus.am.gov.br\/semacc\/#website\"},\"datePublished\":\"2024-05-20T19:38:00+00:00\",\"dateModified\":\"2025-06-09T19:38:59+00:00\",\"breadcrumb\":{\"@id\":\"https:\/\/www.manaus.am.gov.br\/semacc\/chamamento-publico-n-o-001-2024-paa-semacc\/#breadcrumb\"},\"inLanguage\":\"pt-BR\",\"potentialAction\":[{\"@type\":\"ReadAction\",\"target\":[\"https:\/\/www.manaus.am.gov.br\/semacc\/chamamento-publico-n-o-001-2024-paa-semacc\/\"]}]},{\"@type\":\"BreadcrumbList\",\"@id\":\"https:\/\/www.manaus.am.gov.br\/semacc\/chamamento-publico-n-o-001-2024-paa-semacc\/#breadcrumb\",\"itemListElement\":[{\"@type\":\"ListItem\",\"position\":1,\"name\":\"Home\",\"item\":\"https:\/\/www.manaus.am.gov.br\/semacc\/\"},{\"@type\":\"ListItem\",\"position\":2,\"name\":\"CHAMAMENTO P\u00daBLICO N.\u00ba 001\/2024 \u00a0\u2013 PAA \u2013 SEMACC\"}]},{\"@type\":\"WebSite\",\"@id\":\"https:\/\/www.manaus.am.gov.br\/semacc\/#website\",\"url\":\"https:\/\/www.manaus.am.gov.br\/semacc\/\",\"name\":\"SEMACC\",\"description\":\"Prefeitura de Manaus\",\"potentialAction\":[{\"@type\":\"SearchAction\",\"target\":{\"@type\":\"EntryPoint\",\"urlTemplate\":\"https:\/\/www.manaus.am.gov.br\/semacc\/?s={search_term_string}\"},\"query-input\":\"required name=search_term_string\"}],\"inLanguage\":\"pt-BR\"}]}<\/script>\n<!-- \/ Yoast SEO plugin. -->","yoast_head_json":{"title":"CHAMAMENTO P\u00daBLICO N.\u00ba 001\/2024 \u00a0\u2013 PAA \u2013 SEMACC - SEMACC","robots":{"index":"noindex","follow":"follow"},"og_locale":"pt_BR","og_type":"article","og_title":"CHAMAMENTO P\u00daBLICO N.\u00ba 001\/2024 \u00a0\u2013 PAA \u2013 SEMACC - SEMACC","og_url":"https:\/\/www.manaus.am.gov.br\/semacc\/chamamento-publico-n-o-001-2024-paa-semacc\/","og_site_name":"SEMACC","article_modified_time":"2025-06-09T19:38:59+00:00","og_image":[{"width":966,"height":520,"url":"https:\/\/www.manaus.am.gov.br\/semacc\/wp-content\/uploads\/sites\/22\/2024\/07\/thumb-default-2.png","type":"image\/png"}],"twitter_card":"summary_large_image","twitter_misc":{"Est. reading time":"1 minuto"},"schema":{"@context":"https:\/\/schema.org","@graph":[{"@type":"WebPage","@id":"https:\/\/www.manaus.am.gov.br\/semacc\/chamamento-publico-n-o-001-2024-paa-semacc\/","url":"https:\/\/www.manaus.am.gov.br\/semacc\/chamamento-publico-n-o-001-2024-paa-semacc\/","name":"CHAMAMENTO P\u00daBLICO N.\u00ba 001\/2024 \u00a0\u2013 PAA \u2013 SEMACC - SEMACC","isPartOf":{"@id":"https:\/\/www.manaus.am.gov.br\/semacc\/#website"},"datePublished":"2024-05-20T19:38:00+00:00","dateModified":"2025-06-09T19:38:59+00:00","breadcrumb":{"@id":"https:\/\/www.manaus.am.gov.br\/semacc\/chamamento-publico-n-o-001-2024-paa-semacc\/#breadcrumb"},"inLanguage":"pt-BR","potentialAction":[{"@type":"ReadAction","target":["https:\/\/www.manaus.am.gov.br\/semacc\/chamamento-publico-n-o-001-2024-paa-semacc\/"]}]},{"@type":"BreadcrumbList","@id":"https:\/\/www.manaus.am.gov.br\/semacc\/chamamento-publico-n-o-001-2024-paa-semacc\/#breadcrumb","itemListElement":[{"@type":"ListItem","position":1,"name":"Home","item":"https:\/\/www.manaus.am.gov.br\/semacc\/"},{"@type":"ListItem","position":2,"name":"CHAMAMENTO P\u00daBLICO N.\u00ba 001\/2024 \u00a0\u2013 PAA \u2013 SEMACC"}]},{"@type":"WebSite","@id":"https:\/\/www.manaus.am.gov.br\/semacc\/#website","url":"https:\/\/www.manaus.am.gov.br\/semacc\/","name":"SEMACC","description":"Prefeitura de Manaus","potentialAction":[{"@type":"SearchAction","target":{"@type":"EntryPoint","urlTemplate":"https:\/\/www.manaus.am.gov.br\/semacc\/?s={search_term_string}"},"query-input":"required name=search_term_string"}],"inLanguage":"pt-BR"}]}},"_links":{"self":[{"href":"https:\/\/www.manaus.am.gov.br\/semacc\/wp-json\/wp\/v2\/pages\/1395"}],"collection":[{"href":"https:\/\/www.manaus.am.gov.br\/semacc\/wp-json\/wp\/v2\/pages"}],"about":[{"href":"https:\/\/www.manaus.am.gov.br\/semacc\/wp-json\/wp\/v2\/types\/page"}],"author":[{"embeddable":true,"href":"https:\/\/www.manaus.am.gov.br\/semacc\/wp-json\/wp\/v2\/users\/8"}],"replies":[{"embeddable":true,"href":"https:\/\/www.manaus.am.gov.br\/semacc\/wp-json\/wp\/v2\/comments?post=1395"}],"version-history":[{"count":1,"href":"https:\/\/www.manaus.am.gov.br\/semacc\/wp-json\/wp\/v2\/pages\/1395\/revisions"}],"predecessor-version":[{"id":1396,"href":"https:\/\/www.manaus.am.gov.br\/semacc\/wp-json\/wp\/v2\/pages\/1395\/revisions\/1396"}],"wp:attachment":[{"href":"https:\/\/www.manaus.am.gov.br\/semacc\/wp-json\/wp\/v2\/media?parent=1395"}],"curies":[{"name":"wp","href":"https:\/\/api.w.org\/{rel}","templated":true}]}}