{"id":778,"date":"2025-03-10T09:39:35","date_gmt":"2025-03-10T13:39:35","guid":{"rendered":"https:\/\/www.manaus.am.gov.br\/procon\/?page_id=778"},"modified":"2025-06-25T10:56:02","modified_gmt":"2025-06-25T14:56:02","slug":"placa-procon-manaus","status":"publish","type":"page","link":"https:\/\/www.manaus.am.gov.br\/procon\/placa-procon-manaus\/","title":{"rendered":"Placa PROCON Manaus"},"content":{"rendered":"\n<p>O Procon Manaus disponibiliza a placa informativa que deve ser fixada em local vis\u00edvel dentro dos estabelecimentos comerciais, em cumprimento \u00e0 Lei Municipal n\u00ba 2.169, de 30 de setembro de 2016. A medida tem como objetivo garantir que os consumidores tenham acesso claro e direto \u00e0s informa\u00e7\u00f5es sobre seus direitos no momento da compra de produtos ou contrata\u00e7\u00e3o de servi\u00e7os.<\/p>\n\n\n\n<p>A legisla\u00e7\u00e3o tamb\u00e9m estabelece que a dimens\u00e3o m\u00ednima da placa seja de 15 cm por 20 cm, assegurando a leitura adequada e a visibilidade do conte\u00fado por parte dos clientes.<\/p>\n\n\n\n<p><\/p>\n\n\n\n<div data-wp-interactive=\"\" class=\"wp-block-file\"><object data-wp-bind--hidden=\"!selectors.core.file.hasPdfPreview\" hidden class=\"wp-block-file__embed\" data=\"https:\/\/www.manaus.am.gov.br\/procon\/wp-content\/uploads\/sites\/29\/2025\/03\/placa_PROCON-MAO-151.pdf\" type=\"application\/pdf\" style=\"width:100%;height:600px\" aria-label=\"Incorporado de Placa PROCON.\"><\/object><a id=\"wp-block-file--media-f06f8ebc-f9e7-47b0-8899-7ddd1826fb0d\" href=\"https:\/\/www.manaus.am.gov.br\/procon\/wp-content\/uploads\/sites\/29\/2025\/03\/placa_PROCON-MAO-151.pdf\">Placa PROCON<\/a><a href=\"https:\/\/www.manaus.am.gov.br\/procon\/wp-content\/uploads\/sites\/29\/2025\/03\/placa_PROCON-MAO-151.pdf\" class=\"wp-block-file__button wp-element-button\" download aria-describedby=\"wp-block-file--media-f06f8ebc-f9e7-47b0-8899-7ddd1826fb0d\">Baixar<\/a><\/div>\n","protected":false},"excerpt":{"rendered":"","protected":false},"author":8,"featured_media":0,"parent":0,"menu_order":0,"comment_status":"closed","ping_status":"closed","template":"","meta":{"footnotes":""},"acf":[],"yoast_head":"<!-- This site is optimized with the Yoast SEO plugin v23.0 - https:\/\/yoast.com\/wordpress\/plugins\/seo\/ -->\n<title>Placa PROCON Manaus - PROCON<\/title>\n<meta name=\"robots\" content=\"index, follow, max-snippet:-1, max-image-preview:large, max-video-preview:-1\" \/>\n<link rel=\"canonical\" href=\"https:\/\/www.manaus.am.gov.br\/procon\/placa-procon-manaus\/\" \/>\n<meta property=\"og:locale\" content=\"pt_BR\" \/>\n<meta property=\"og:type\" content=\"article\" \/>\n<meta property=\"og:title\" content=\"Placa PROCON Manaus - PROCON\" \/>\n<meta property=\"og:url\" content=\"https:\/\/www.manaus.am.gov.br\/procon\/placa-procon-manaus\/\" \/>\n<meta property=\"og:site_name\" content=\"PROCON\" \/>\n<meta property=\"article:publisher\" content=\"https:\/\/www.facebook.com\/people\/Procon-Manaus\/\" \/>\n<meta property=\"article:modified_time\" content=\"2025-06-25T14:56:02+00:00\" \/>\n<meta property=\"og:image\" content=\"https:\/\/www.manaus.am.gov.br\/procon\/wp-content\/uploads\/sites\/29\/2024\/07\/thumb-default-2.png\" \/>\n\t<meta property=\"og:image:width\" content=\"966\" \/>\n\t<meta property=\"og:image:height\" content=\"520\" \/>\n\t<meta property=\"og:image:type\" content=\"image\/png\" \/>\n<meta name=\"twitter:card\" content=\"summary_large_image\" \/>\n<meta name=\"twitter:label1\" content=\"Est. reading time\" \/>\n\t<meta name=\"twitter:data1\" content=\"1 minuto\" \/>\n<script type=\"application\/ld+json\" class=\"yoast-schema-graph\">{\"@context\":\"https:\/\/schema.org\",\"@graph\":[{\"@type\":\"WebPage\",\"@id\":\"https:\/\/www.manaus.am.gov.br\/procon\/placa-procon-manaus\/\",\"url\":\"https:\/\/www.manaus.am.gov.br\/procon\/placa-procon-manaus\/\",\"name\":\"Placa PROCON Manaus - PROCON\",\"isPartOf\":{\"@id\":\"https:\/\/www.manaus.am.gov.br\/procon\/#website\"},\"datePublished\":\"2025-03-10T13:39:35+00:00\",\"dateModified\":\"2025-06-25T14:56:02+00:00\",\"breadcrumb\":{\"@id\":\"https:\/\/www.manaus.am.gov.br\/procon\/placa-procon-manaus\/#breadcrumb\"},\"inLanguage\":\"pt-BR\",\"potentialAction\":[{\"@type\":\"ReadAction\",\"target\":[\"https:\/\/www.manaus.am.gov.br\/procon\/placa-procon-manaus\/\"]}]},{\"@type\":\"BreadcrumbList\",\"@id\":\"https:\/\/www.manaus.am.gov.br\/procon\/placa-procon-manaus\/#breadcrumb\",\"itemListElement\":[{\"@type\":\"ListItem\",\"position\":1,\"name\":\"Home\",\"item\":\"https:\/\/www.manaus.am.gov.br\/procon\/\"},{\"@type\":\"ListItem\",\"position\":2,\"name\":\"Placa PROCON Manaus\"}]},{\"@type\":\"WebSite\",\"@id\":\"https:\/\/www.manaus.am.gov.br\/procon\/#website\",\"url\":\"https:\/\/www.manaus.am.gov.br\/procon\/\",\"name\":\"PROCON MANAUS\",\"description\":\"Procon Manaus\",\"publisher\":{\"@id\":\"https:\/\/www.manaus.am.gov.br\/procon\/#organization\"},\"alternateName\":\"PROCON da Prefeitura de Manaus\",\"potentialAction\":[{\"@type\":\"SearchAction\",\"target\":{\"@type\":\"EntryPoint\",\"urlTemplate\":\"https:\/\/www.manaus.am.gov.br\/procon\/?s={search_term_string}\"},\"query-input\":\"required name=search_term_string\"}],\"inLanguage\":\"pt-BR\"},{\"@type\":\"Organization\",\"@id\":\"https:\/\/www.manaus.am.gov.br\/procon\/#organization\",\"name\":\"PROCON MANAUS\",\"alternateName\":\"Prefeitura de Manaus\",\"url\":\"https:\/\/www.manaus.am.gov.br\/procon\/\",\"logo\":{\"@type\":\"ImageObject\",\"inLanguage\":\"pt-BR\",\"@id\":\"https:\/\/www.manaus.am.gov.br\/procon\/#\/schema\/logo\/image\/\",\"url\":\"https:\/\/www.manaus.am.gov.br\/procon\/wp-content\/uploads\/sites\/29\/2024\/05\/favicon.png\",\"contentUrl\":\"https:\/\/www.manaus.am.gov.br\/procon\/wp-content\/uploads\/sites\/29\/2024\/05\/favicon.png\",\"width\":300,\"height\":300,\"caption\":\"PROCON MANAUS\"},\"image\":{\"@id\":\"https:\/\/www.manaus.am.gov.br\/procon\/#\/schema\/logo\/image\/\"},\"sameAs\":[\"https:\/\/www.facebook.com\/people\/Procon-Manaus\/\",\"https:\/\/www.instagram.com\/proconmanaus\/\"]}]}<\/script>\n<!-- \/ Yoast SEO plugin. -->","yoast_head_json":{"title":"Placa PROCON Manaus - PROCON","robots":{"index":"index","follow":"follow","max-snippet":"max-snippet:-1","max-image-preview":"max-image-preview:large","max-video-preview":"max-video-preview:-1"},"canonical":"https:\/\/www.manaus.am.gov.br\/procon\/placa-procon-manaus\/","og_locale":"pt_BR","og_type":"article","og_title":"Placa PROCON Manaus - PROCON","og_url":"https:\/\/www.manaus.am.gov.br\/procon\/placa-procon-manaus\/","og_site_name":"PROCON","article_publisher":"https:\/\/www.facebook.com\/people\/Procon-Manaus\/","article_modified_time":"2025-06-25T14:56:02+00:00","og_image":[{"width":966,"height":520,"url":"https:\/\/www.manaus.am.gov.br\/procon\/wp-content\/uploads\/sites\/29\/2024\/07\/thumb-default-2.png","type":"image\/png"}],"twitter_card":"summary_large_image","twitter_misc":{"Est. reading time":"1 minuto"},"schema":{"@context":"https:\/\/schema.org","@graph":[{"@type":"WebPage","@id":"https:\/\/www.manaus.am.gov.br\/procon\/placa-procon-manaus\/","url":"https:\/\/www.manaus.am.gov.br\/procon\/placa-procon-manaus\/","name":"Placa PROCON Manaus - PROCON","isPartOf":{"@id":"https:\/\/www.manaus.am.gov.br\/procon\/#website"},"datePublished":"2025-03-10T13:39:35+00:00","dateModified":"2025-06-25T14:56:02+00:00","breadcrumb":{"@id":"https:\/\/www.manaus.am.gov.br\/procon\/placa-procon-manaus\/#breadcrumb"},"inLanguage":"pt-BR","potentialAction":[{"@type":"ReadAction","target":["https:\/\/www.manaus.am.gov.br\/procon\/placa-procon-manaus\/"]}]},{"@type":"BreadcrumbList","@id":"https:\/\/www.manaus.am.gov.br\/procon\/placa-procon-manaus\/#breadcrumb","itemListElement":[{"@type":"ListItem","position":1,"name":"Home","item":"https:\/\/www.manaus.am.gov.br\/procon\/"},{"@type":"ListItem","position":2,"name":"Placa PROCON Manaus"}]},{"@type":"WebSite","@id":"https:\/\/www.manaus.am.gov.br\/procon\/#website","url":"https:\/\/www.manaus.am.gov.br\/procon\/","name":"PROCON MANAUS","description":"Procon Manaus","publisher":{"@id":"https:\/\/www.manaus.am.gov.br\/procon\/#organization"},"alternateName":"PROCON da Prefeitura de Manaus","potentialAction":[{"@type":"SearchAction","target":{"@type":"EntryPoint","urlTemplate":"https:\/\/www.manaus.am.gov.br\/procon\/?s={search_term_string}"},"query-input":"required name=search_term_string"}],"inLanguage":"pt-BR"},{"@type":"Organization","@id":"https:\/\/www.manaus.am.gov.br\/procon\/#organization","name":"PROCON MANAUS","alternateName":"Prefeitura de Manaus","url":"https:\/\/www.manaus.am.gov.br\/procon\/","logo":{"@type":"ImageObject","inLanguage":"pt-BR","@id":"https:\/\/www.manaus.am.gov.br\/procon\/#\/schema\/logo\/image\/","url":"https:\/\/www.manaus.am.gov.br\/procon\/wp-content\/uploads\/sites\/29\/2024\/05\/favicon.png","contentUrl":"https:\/\/www.manaus.am.gov.br\/procon\/wp-content\/uploads\/sites\/29\/2024\/05\/favicon.png","width":300,"height":300,"caption":"PROCON MANAUS"},"image":{"@id":"https:\/\/www.manaus.am.gov.br\/procon\/#\/schema\/logo\/image\/"},"sameAs":["https:\/\/www.facebook.com\/people\/Procon-Manaus\/","https:\/\/www.instagram.com\/proconmanaus\/"]}]}},"_links":{"self":[{"href":"https:\/\/www.manaus.am.gov.br\/procon\/wp-json\/wp\/v2\/pages\/778"}],"collection":[{"href":"https:\/\/www.manaus.am.gov.br\/procon\/wp-json\/wp\/v2\/pages"}],"about":[{"href":"https:\/\/www.manaus.am.gov.br\/procon\/wp-json\/wp\/v2\/types\/page"}],"author":[{"embeddable":true,"href":"https:\/\/www.manaus.am.gov.br\/procon\/wp-json\/wp\/v2\/users\/8"}],"replies":[{"embeddable":true,"href":"https:\/\/www.manaus.am.gov.br\/procon\/wp-json\/wp\/v2\/comments?post=778"}],"version-history":[{"count":6,"href":"https:\/\/www.manaus.am.gov.br\/procon\/wp-json\/wp\/v2\/pages\/778\/revisions"}],"predecessor-version":[{"id":949,"href":"https:\/\/www.manaus.am.gov.br\/procon\/wp-json\/wp\/v2\/pages\/778\/revisions\/949"}],"wp:attachment":[{"href":"https:\/\/www.manaus.am.gov.br\/procon\/wp-json\/wp\/v2\/media?parent=778"}],"curies":[{"name":"wp","href":"https:\/\/api.w.org\/{rel}","templated":true}]}}