{"id":17,"date":"2024-03-21T08:49:05","date_gmt":"2024-03-21T12:49:05","guid":{"rendered":"https:\/\/www.manaus.am.gov.br\/procon\/?page_id=17"},"modified":"2026-01-27T14:54:11","modified_gmt":"2026-01-27T18:54:11","slug":"home","status":"publish","type":"page","link":"https:\/\/www.manaus.am.gov.br\/procon\/","title":{"rendered":"Home"},"content":{"rendered":"","protected":false},"excerpt":{"rendered":"","protected":false},"author":27,"featured_media":0,"parent":0,"menu_order":0,"comment_status":"closed","ping_status":"closed","template":"templates\/home_novo_banner.php","meta":{"footnotes":""},"acf":[],"yoast_head":"<!-- This site is optimized with the Yoast SEO plugin v23.0 - https:\/\/yoast.com\/wordpress\/plugins\/seo\/ -->\n<title>Procon Manaus - Prefeitura de Manaus<\/title>\n<meta name=\"description\" content=\"O Servi\u00e7o de Atendimento e Prote\u00e7\u00e3o ao Consumidor (PROCON MANAUS) \u00e9 \u00f3rg\u00e3o integrante da estrutura organizacional da Casa Civil.\" \/>\n<meta name=\"robots\" content=\"index, follow, max-snippet:-1, max-image-preview:large, max-video-preview:-1\" \/>\n<link rel=\"canonical\" href=\"https:\/\/www.manaus.am.gov.br\/procon\/\" \/>\n<meta property=\"og:locale\" content=\"pt_BR\" \/>\n<meta property=\"og:type\" content=\"article\" \/>\n<meta property=\"og:title\" content=\"Procon Manaus - Prefeitura de Manaus\" \/>\n<meta property=\"og:description\" content=\"O Servi\u00e7o de Atendimento e Prote\u00e7\u00e3o ao Consumidor (PROCON MANAUS) \u00e9 \u00f3rg\u00e3o integrante da estrutura organizacional da Casa Civil.\" \/>\n<meta property=\"og:url\" content=\"https:\/\/www.manaus.am.gov.br\/procon\/\" \/>\n<meta property=\"og:site_name\" content=\"PROCON\" \/>\n<meta property=\"article:publisher\" content=\"https:\/\/www.facebook.com\/people\/Procon-Manaus\/\" \/>\n<meta property=\"article:modified_time\" content=\"2026-01-27T18:54:11+00:00\" \/>\n<meta property=\"og:image\" content=\"https:\/\/www.manaus.am.gov.br\/procon\/wp-content\/uploads\/sites\/29\/2024\/07\/thumb-default-2.png\" \/>\n\t<meta property=\"og:image:width\" content=\"966\" \/>\n\t<meta property=\"og:image:height\" content=\"520\" \/>\n\t<meta property=\"og:image:type\" content=\"image\/png\" \/>\n<meta name=\"twitter:card\" content=\"summary_large_image\" \/>\n<script type=\"application\/ld+json\" class=\"yoast-schema-graph\">{\"@context\":\"https:\/\/schema.org\",\"@graph\":[{\"@type\":\"WebPage\",\"@id\":\"https:\/\/www.manaus.am.gov.br\/procon\/\",\"url\":\"https:\/\/www.manaus.am.gov.br\/procon\/\",\"name\":\"Procon Manaus - Prefeitura de Manaus\",\"isPartOf\":{\"@id\":\"https:\/\/www.manaus.am.gov.br\/procon\/#website\"},\"datePublished\":\"2024-03-21T12:49:05+00:00\",\"dateModified\":\"2026-01-27T18:54:11+00:00\",\"description\":\"O Servi\u00e7o de Atendimento e Prote\u00e7\u00e3o ao Consumidor (PROCON MANAUS) \u00e9 \u00f3rg\u00e3o integrante da estrutura organizacional da Casa Civil.\",\"breadcrumb\":{\"@id\":\"https:\/\/www.manaus.am.gov.br\/procon\/#breadcrumb\"},\"inLanguage\":\"pt-BR\",\"potentialAction\":[{\"@type\":\"ReadAction\",\"target\":[\"https:\/\/www.manaus.am.gov.br\/procon\/\"]}]},{\"@type\":\"BreadcrumbList\",\"@id\":\"https:\/\/www.manaus.am.gov.br\/procon\/#breadcrumb\",\"itemListElement\":[{\"@type\":\"ListItem\",\"position\":1,\"name\":\"Home\",\"item\":\"https:\/\/www.manaus.am.gov.br\/procon\/\"},{\"@type\":\"ListItem\",\"position\":2,\"name\":\"Home\"}]},{\"@type\":\"WebSite\",\"@id\":\"https:\/\/www.manaus.am.gov.br\/procon\/#website\",\"url\":\"https:\/\/www.manaus.am.gov.br\/procon\/\",\"name\":\"PROCON MANAUS\",\"description\":\"Procon Manaus\",\"publisher\":{\"@id\":\"https:\/\/www.manaus.am.gov.br\/procon\/#organization\"},\"alternateName\":\"PROCON da Prefeitura de Manaus\",\"potentialAction\":[{\"@type\":\"SearchAction\",\"target\":{\"@type\":\"EntryPoint\",\"urlTemplate\":\"https:\/\/www.manaus.am.gov.br\/procon\/?s={search_term_string}\"},\"query-input\":\"required name=search_term_string\"}],\"inLanguage\":\"pt-BR\"},{\"@type\":\"Organization\",\"@id\":\"https:\/\/www.manaus.am.gov.br\/procon\/#organization\",\"name\":\"PROCON MANAUS\",\"alternateName\":\"Prefeitura de Manaus\",\"url\":\"https:\/\/www.manaus.am.gov.br\/procon\/\",\"logo\":{\"@type\":\"ImageObject\",\"inLanguage\":\"pt-BR\",\"@id\":\"https:\/\/www.manaus.am.gov.br\/procon\/#\/schema\/logo\/image\/\",\"url\":\"https:\/\/www.manaus.am.gov.br\/procon\/wp-content\/uploads\/sites\/29\/2024\/05\/favicon.png\",\"contentUrl\":\"https:\/\/www.manaus.am.gov.br\/procon\/wp-content\/uploads\/sites\/29\/2024\/05\/favicon.png\",\"width\":300,\"height\":300,\"caption\":\"PROCON MANAUS\"},\"image\":{\"@id\":\"https:\/\/www.manaus.am.gov.br\/procon\/#\/schema\/logo\/image\/\"},\"sameAs\":[\"https:\/\/www.facebook.com\/people\/Procon-Manaus\/\",\"https:\/\/www.instagram.com\/proconmanaus\/\"]}]}<\/script>\n<!-- \/ Yoast SEO plugin. -->","yoast_head_json":{"title":"Procon Manaus - Prefeitura de Manaus","description":"O Servi\u00e7o de Atendimento e Prote\u00e7\u00e3o ao Consumidor (PROCON MANAUS) \u00e9 \u00f3rg\u00e3o integrante da estrutura organizacional da Casa Civil.","robots":{"index":"index","follow":"follow","max-snippet":"max-snippet:-1","max-image-preview":"max-image-preview:large","max-video-preview":"max-video-preview:-1"},"canonical":"https:\/\/www.manaus.am.gov.br\/procon\/","og_locale":"pt_BR","og_type":"article","og_title":"Procon Manaus - Prefeitura de Manaus","og_description":"O Servi\u00e7o de Atendimento e Prote\u00e7\u00e3o ao Consumidor (PROCON MANAUS) \u00e9 \u00f3rg\u00e3o integrante da estrutura organizacional da Casa Civil.","og_url":"https:\/\/www.manaus.am.gov.br\/procon\/","og_site_name":"PROCON","article_publisher":"https:\/\/www.facebook.com\/people\/Procon-Manaus\/","article_modified_time":"2026-01-27T18:54:11+00:00","og_image":[{"width":966,"height":520,"url":"https:\/\/www.manaus.am.gov.br\/procon\/wp-content\/uploads\/sites\/29\/2024\/07\/thumb-default-2.png","type":"image\/png"}],"twitter_card":"summary_large_image","schema":{"@context":"https:\/\/schema.org","@graph":[{"@type":"WebPage","@id":"https:\/\/www.manaus.am.gov.br\/procon\/","url":"https:\/\/www.manaus.am.gov.br\/procon\/","name":"Procon Manaus - Prefeitura de Manaus","isPartOf":{"@id":"https:\/\/www.manaus.am.gov.br\/procon\/#website"},"datePublished":"2024-03-21T12:49:05+00:00","dateModified":"2026-01-27T18:54:11+00:00","description":"O Servi\u00e7o de Atendimento e Prote\u00e7\u00e3o ao Consumidor (PROCON MANAUS) \u00e9 \u00f3rg\u00e3o integrante da estrutura organizacional da Casa Civil.","breadcrumb":{"@id":"https:\/\/www.manaus.am.gov.br\/procon\/#breadcrumb"},"inLanguage":"pt-BR","potentialAction":[{"@type":"ReadAction","target":["https:\/\/www.manaus.am.gov.br\/procon\/"]}]},{"@type":"BreadcrumbList","@id":"https:\/\/www.manaus.am.gov.br\/procon\/#breadcrumb","itemListElement":[{"@type":"ListItem","position":1,"name":"Home","item":"https:\/\/www.manaus.am.gov.br\/procon\/"},{"@type":"ListItem","position":2,"name":"Home"}]},{"@type":"WebSite","@id":"https:\/\/www.manaus.am.gov.br\/procon\/#website","url":"https:\/\/www.manaus.am.gov.br\/procon\/","name":"PROCON MANAUS","description":"Procon Manaus","publisher":{"@id":"https:\/\/www.manaus.am.gov.br\/procon\/#organization"},"alternateName":"PROCON da Prefeitura de Manaus","potentialAction":[{"@type":"SearchAction","target":{"@type":"EntryPoint","urlTemplate":"https:\/\/www.manaus.am.gov.br\/procon\/?s={search_term_string}"},"query-input":"required name=search_term_string"}],"inLanguage":"pt-BR"},{"@type":"Organization","@id":"https:\/\/www.manaus.am.gov.br\/procon\/#organization","name":"PROCON MANAUS","alternateName":"Prefeitura de Manaus","url":"https:\/\/www.manaus.am.gov.br\/procon\/","logo":{"@type":"ImageObject","inLanguage":"pt-BR","@id":"https:\/\/www.manaus.am.gov.br\/procon\/#\/schema\/logo\/image\/","url":"https:\/\/www.manaus.am.gov.br\/procon\/wp-content\/uploads\/sites\/29\/2024\/05\/favicon.png","contentUrl":"https:\/\/www.manaus.am.gov.br\/procon\/wp-content\/uploads\/sites\/29\/2024\/05\/favicon.png","width":300,"height":300,"caption":"PROCON MANAUS"},"image":{"@id":"https:\/\/www.manaus.am.gov.br\/procon\/#\/schema\/logo\/image\/"},"sameAs":["https:\/\/www.facebook.com\/people\/Procon-Manaus\/","https:\/\/www.instagram.com\/proconmanaus\/"]}]}},"_links":{"self":[{"href":"https:\/\/www.manaus.am.gov.br\/procon\/wp-json\/wp\/v2\/pages\/17"}],"collection":[{"href":"https:\/\/www.manaus.am.gov.br\/procon\/wp-json\/wp\/v2\/pages"}],"about":[{"href":"https:\/\/www.manaus.am.gov.br\/procon\/wp-json\/wp\/v2\/types\/page"}],"author":[{"embeddable":true,"href":"https:\/\/www.manaus.am.gov.br\/procon\/wp-json\/wp\/v2\/users\/27"}],"replies":[{"embeddable":true,"href":"https:\/\/www.manaus.am.gov.br\/procon\/wp-json\/wp\/v2\/comments?post=17"}],"version-history":[{"count":19,"href":"https:\/\/www.manaus.am.gov.br\/procon\/wp-json\/wp\/v2\/pages\/17\/revisions"}],"predecessor-version":[{"id":1296,"href":"https:\/\/www.manaus.am.gov.br\/procon\/wp-json\/wp\/v2\/pages\/17\/revisions\/1296"}],"wp:attachment":[{"href":"https:\/\/www.manaus.am.gov.br\/procon\/wp-json\/wp\/v2\/media?parent=17"}],"curies":[{"name":"wp","href":"https:\/\/api.w.org\/{rel}","templated":true}]}}