{"id":294,"date":"2023-02-24T16:50:44","date_gmt":"2023-02-24T20:50:44","guid":{"rendered":"https:\/\/www.manaus.am.gov.br\/pgm\/?page_id=294"},"modified":"2023-04-28T11:29:28","modified_gmt":"2023-04-28T15:29:28","slug":"artigos-juridicos","status":"publish","type":"page","link":"https:\/\/www.manaus.am.gov.br\/pgm\/artigos-juridicos\/","title":{"rendered":"Artigos Jur\u00eddicos"},"content":{"rendered":"\n<h2 class=\"wp-block-heading\">Artigos da Revista da PGM \u2013 1\u00ba Semestre de 2012 (Ano 1, N\u00ba 1).<\/h2>\n\n\n\n<h3 class=\"wp-block-heading\"><a href=\"https:\/\/www.manaus.am.gov.br\/pgm\/wp-content\/uploads\/sites\/15\/2023\/04\/ARTIGO-As-peculiaridades-da-licitacao-nas-PPPs.pdf\" target=\"_blank\" rel=\"noreferrer noopener\">As peculiaridades da licita\u00e7\u00e3o no modelo das parcerias p\u00fablico-privadas<\/a><\/h3>\n\n\n\n<h3 class=\"wp-block-heading\"><a href=\"https:\/\/www.manaus.am.gov.br\/pgm\/wp-content\/uploads\/sites\/15\/2023\/04\/Artigo-Lei-no-.1.411-2010-Dra-Ana-BeatrizDra-Ketlen-e-Dr.-Rodrigo.pdf\" target=\"_blank\" rel=\"noreferrer noopener\">Considera\u00e7\u00f5es acerca da constitucionalidade das taxas de res\u00edduos s\u00f3lidos domiciliares e de res\u00edduos s\u00f3lidos de servi\u00e7os de sa\u00fade no munic\u00edpio de Manaus<\/a><\/h3>\n\n\n\n<h3 class=\"wp-block-heading\"><a href=\"https:\/\/www.manaus.am.gov.br\/pgm\/wp-content\/uploads\/sites\/15\/2023\/04\/A-acao-direta-de-inconstitucionalidade-e-a-perda-superveniente-de-seu-objeto-Taynah.pdf\" target=\"_blank\" rel=\"noreferrer noopener\">A a\u00e7\u00e3o direta de inconstitucionalidade e a perda superveniente de seu objeto<\/a><\/h3>\n\n\n\n<h3 class=\"wp-block-heading\"><a href=\"https:\/\/www.manaus.am.gov.br\/pgm\/wp-content\/uploads\/sites\/15\/2023\/04\/Discricionariedade-Administrativa-e-Renuncias-de-Receitas-a-Luz-da-Lei-de-Responsabilidade-Fiscal.pdf\" target=\"_blank\" rel=\"noreferrer noopener\">Discricionariedade administrativa e ren\u00fancias de receitas \u00e0 luz da lei de responsabilidade fiscal<\/a><\/h3>\n\n\n\n<h3 class=\"wp-block-heading\"><a href=\"https:\/\/www.manaus.am.gov.br\/pgm\/wp-content\/uploads\/sites\/15\/2023\/04\/A-FONTE-CONSTITUCIONAL-DO-PROCURATORIO-MUNICIPAL-DIONYSIO-PAIXAO-.pdf\" target=\"_blank\" rel=\"noreferrer noopener\">A fonte constitucional do procurat\u00f3rio municipal<\/a><\/h3>\n\n\n\n<h3 class=\"wp-block-heading\"><a href=\"https:\/\/www.manaus.am.gov.br\/pgm\/wp-content\/uploads\/sites\/15\/2023\/04\/Artigo-Responsabilidade-Pos-Consumo.Fernanda-Miranda.pdf\" target=\"_blank\" rel=\"noreferrer noopener\">Responsabilidade p\u00f3s consumo: tend\u00eancia do direito ambiental na busca do desenvolvimento sustent\u00e1vel<\/a><\/h3>\n\n\n\n<p> <\/p>\n\n\n\n<h2 class=\"wp-block-heading\">Artigos da Revista da PGM \u2013 1\u00ba Semestre de 2013 (Ano 2, N\u00ba 2).<\/h2>\n\n\n\n<h3 class=\"wp-block-heading\"><a href=\"https:\/\/www.manaus.am.gov.br\/pgm\/wp-content\/uploads\/sites\/15\/2023\/04\/Danos-ambientais-e-omissao-da-administracao-publica.pdf\" target=\"_blank\" rel=\"noreferrer noopener\">Danos ambientais e omiss\u00e3o da administra\u00e7\u00e3o: uma an\u00e1lise dos precedentes jurisprudenciais do STJ \u00e0 luz da teoria geral das antinomias jur\u00eddicas e do fen\u00f4meno do ativismo judicial<\/a><\/h3>\n\n\n\n<h3 class=\"wp-block-heading\"><a href=\"https:\/\/www.manaus.am.gov.br\/pgm\/wp-content\/uploads\/sites\/15\/2023\/04\/ARTIGO-TAXAS-DE-LOC-E-FUNC-REG-ESTUDO-DAS-INCIDENCIAS.d_ocx-Dr.-Dionysio-Paixao.pdf\" target=\"_blank\" rel=\"noreferrer noopener\">Taxas \u201cde localiza\u00e7\u00e3o\u201d e \u201cde funcionamento regular\u201d: estudo das incid\u00eancias<\/a><\/h3>\n\n\n\n<h3 class=\"wp-block-heading\"><a href=\"https:\/\/www.manaus.am.gov.br\/pgm\/wp-content\/uploads\/sites\/15\/2023\/04\/ArtigA-LEI-DE-ACESSO-A-INFORMACAO-E-A-DIVULGACAO-NOMINAL-DA-REMUNERACAO-DOS-SERVIDORES-PUBLICOS-Da-transmutacao-do-_Interesse-Publico_-em-_Curiosidade-Coletiva_.Dra-Taynah-ok.pdf\" target=\"_blank\" rel=\"noreferrer noopener\">A lei de acesso `informa\u00e7\u00e3o e \u00e0 divulga\u00e7\u00e3o nominal da remunera\u00e7\u00e3o dos servidores p\u00fablicos: da transmuta\u00e7\u00e3o do&nbsp; \u201cinteresse p\u00fablico\u201d em \u201ccuriosidade coletiva\u201d<\/a><\/h3>\n\n\n\n<h3 class=\"wp-block-heading\"><a href=\"https:\/\/www.manaus.am.gov.br\/pgm\/wp-content\/uploads\/sites\/15\/2023\/04\/1.Artigo-Nepotismo-Completo-Taynah-e-Adriana.pdf\" target=\"_blank\" rel=\"noreferrer noopener\">S\u00famula vinculante n\u00ba 13: a \u201cestrada dos tijolos amarelos\u201d do funcionalismo p\u00fablico brasileiro<\/a><\/h3>\n\n\n\n<h3 class=\"wp-block-heading\"><a href=\"https:\/\/www.manaus.am.gov.br\/pgm\/wp-content\/uploads\/sites\/15\/2023\/04\/A-RELEVANCIA-DO-PROTESTO-EXTRAJUDICIAL-DA-CERTIDAO-DE-DIVIDA-ATIVA-PARA-A-COBRANCA-DE-CREDITOS-PELA-FAZENDA-PUBLICA-.pdf\" target=\"_blank\" rel=\"noreferrer noopener\">A relev\u00e2ncia do protesto extrajudicial da certid\u00e3o de d\u00edvida ativa para a cobran\u00e7a de cr\u00e9ditos pela fazenda p\u00fablica<\/a><\/h3>\n\n\n\n<p><\/p>\n\n\n\n<p><\/p>\n\n\n\n<p><\/p>\n\n\n\n<p><\/p>\n","protected":false},"excerpt":{"rendered":"","protected":false},"author":27,"featured_media":0,"parent":0,"menu_order":0,"comment_status":"closed","ping_status":"closed","template":"templates\/prefeitura.php","meta":{"footnotes":""},"acf":[],"yoast_head":"<!-- This site is optimized with the Yoast SEO plugin v23.0 - https:\/\/yoast.com\/wordpress\/plugins\/seo\/ -->\n<title>Artigos Jur\u00eddicos - PGM<\/title>\n<meta name=\"robots\" content=\"noindex, follow\" \/>\n<meta property=\"og:locale\" content=\"pt_BR\" \/>\n<meta property=\"og:type\" content=\"article\" \/>\n<meta property=\"og:title\" content=\"Artigos Jur\u00eddicos - PGM\" \/>\n<meta property=\"og:url\" content=\"https:\/\/www.manaus.am.gov.br\/pgm\/artigos-juridicos\/\" \/>\n<meta property=\"og:site_name\" content=\"PGM\" \/>\n<meta property=\"article:modified_time\" content=\"2023-04-28T15:29:28+00:00\" \/>\n<meta name=\"twitter:card\" content=\"summary_large_image\" \/>\n<meta name=\"twitter:label1\" content=\"Est. reading time\" \/>\n\t<meta name=\"twitter:data1\" content=\"2 minutos\" \/>\n<script type=\"application\/ld+json\" class=\"yoast-schema-graph\">{\"@context\":\"https:\/\/schema.org\",\"@graph\":[{\"@type\":\"WebPage\",\"@id\":\"https:\/\/www.manaus.am.gov.br\/pgm\/artigos-juridicos\/\",\"url\":\"https:\/\/www.manaus.am.gov.br\/pgm\/artigos-juridicos\/\",\"name\":\"Artigos Jur\u00eddicos - PGM\",\"isPartOf\":{\"@id\":\"https:\/\/www.manaus.am.gov.br\/pgm\/#website\"},\"datePublished\":\"2023-02-24T20:50:44+00:00\",\"dateModified\":\"2023-04-28T15:29:28+00:00\",\"breadcrumb\":{\"@id\":\"https:\/\/www.manaus.am.gov.br\/pgm\/artigos-juridicos\/#breadcrumb\"},\"inLanguage\":\"pt-BR\",\"potentialAction\":[{\"@type\":\"ReadAction\",\"target\":[\"https:\/\/www.manaus.am.gov.br\/pgm\/artigos-juridicos\/\"]}]},{\"@type\":\"BreadcrumbList\",\"@id\":\"https:\/\/www.manaus.am.gov.br\/pgm\/artigos-juridicos\/#breadcrumb\",\"itemListElement\":[{\"@type\":\"ListItem\",\"position\":1,\"name\":\"Home\",\"item\":\"https:\/\/www.manaus.am.gov.br\/pgm\/\"},{\"@type\":\"ListItem\",\"position\":2,\"name\":\"Artigos Jur\u00eddicos\"}]},{\"@type\":\"WebSite\",\"@id\":\"https:\/\/www.manaus.am.gov.br\/pgm\/#website\",\"url\":\"https:\/\/www.manaus.am.gov.br\/pgm\/\",\"name\":\"PGM\",\"description\":\"Procuradoria Geral do Mun\u00edcipio\",\"potentialAction\":[{\"@type\":\"SearchAction\",\"target\":{\"@type\":\"EntryPoint\",\"urlTemplate\":\"https:\/\/www.manaus.am.gov.br\/pgm\/?s={search_term_string}\"},\"query-input\":\"required name=search_term_string\"}],\"inLanguage\":\"pt-BR\"}]}<\/script>\n<!-- \/ Yoast SEO plugin. -->","yoast_head_json":{"title":"Artigos Jur\u00eddicos - PGM","robots":{"index":"noindex","follow":"follow"},"og_locale":"pt_BR","og_type":"article","og_title":"Artigos Jur\u00eddicos - PGM","og_url":"https:\/\/www.manaus.am.gov.br\/pgm\/artigos-juridicos\/","og_site_name":"PGM","article_modified_time":"2023-04-28T15:29:28+00:00","twitter_card":"summary_large_image","twitter_misc":{"Est. reading time":"2 minutos"},"schema":{"@context":"https:\/\/schema.org","@graph":[{"@type":"WebPage","@id":"https:\/\/www.manaus.am.gov.br\/pgm\/artigos-juridicos\/","url":"https:\/\/www.manaus.am.gov.br\/pgm\/artigos-juridicos\/","name":"Artigos Jur\u00eddicos - PGM","isPartOf":{"@id":"https:\/\/www.manaus.am.gov.br\/pgm\/#website"},"datePublished":"2023-02-24T20:50:44+00:00","dateModified":"2023-04-28T15:29:28+00:00","breadcrumb":{"@id":"https:\/\/www.manaus.am.gov.br\/pgm\/artigos-juridicos\/#breadcrumb"},"inLanguage":"pt-BR","potentialAction":[{"@type":"ReadAction","target":["https:\/\/www.manaus.am.gov.br\/pgm\/artigos-juridicos\/"]}]},{"@type":"BreadcrumbList","@id":"https:\/\/www.manaus.am.gov.br\/pgm\/artigos-juridicos\/#breadcrumb","itemListElement":[{"@type":"ListItem","position":1,"name":"Home","item":"https:\/\/www.manaus.am.gov.br\/pgm\/"},{"@type":"ListItem","position":2,"name":"Artigos Jur\u00eddicos"}]},{"@type":"WebSite","@id":"https:\/\/www.manaus.am.gov.br\/pgm\/#website","url":"https:\/\/www.manaus.am.gov.br\/pgm\/","name":"PGM","description":"Procuradoria Geral do Mun\u00edcipio","potentialAction":[{"@type":"SearchAction","target":{"@type":"EntryPoint","urlTemplate":"https:\/\/www.manaus.am.gov.br\/pgm\/?s={search_term_string}"},"query-input":"required name=search_term_string"}],"inLanguage":"pt-BR"}]}},"_links":{"self":[{"href":"https:\/\/www.manaus.am.gov.br\/pgm\/wp-json\/wp\/v2\/pages\/294"}],"collection":[{"href":"https:\/\/www.manaus.am.gov.br\/pgm\/wp-json\/wp\/v2\/pages"}],"about":[{"href":"https:\/\/www.manaus.am.gov.br\/pgm\/wp-json\/wp\/v2\/types\/page"}],"author":[{"embeddable":true,"href":"https:\/\/www.manaus.am.gov.br\/pgm\/wp-json\/wp\/v2\/users\/27"}],"replies":[{"embeddable":true,"href":"https:\/\/www.manaus.am.gov.br\/pgm\/wp-json\/wp\/v2\/comments?post=294"}],"version-history":[{"count":15,"href":"https:\/\/www.manaus.am.gov.br\/pgm\/wp-json\/wp\/v2\/pages\/294\/revisions"}],"predecessor-version":[{"id":559,"href":"https:\/\/www.manaus.am.gov.br\/pgm\/wp-json\/wp\/v2\/pages\/294\/revisions\/559"}],"wp:attachment":[{"href":"https:\/\/www.manaus.am.gov.br\/pgm\/wp-json\/wp\/v2\/media?parent=294"}],"curies":[{"name":"wp","href":"https:\/\/api.w.org\/{rel}","templated":true}]}}