{"id":280,"date":"2023-02-24T16:30:59","date_gmt":"2023-02-24T20:30:59","guid":{"rendered":"https:\/\/www.manaus.am.gov.br\/pgm\/?page_id=280"},"modified":"2025-10-20T18:14:49","modified_gmt":"2025-10-20T22:14:49","slug":"divida-ativa-servico","status":"publish","type":"page","link":"https:\/\/www.manaus.am.gov.br\/pgm\/divida-ativa-servico\/","title":{"rendered":"D\u00edvida Ativa &#8211; Servi\u00e7o"},"content":{"rendered":"\n<h2 class=\"wp-block-heading\">Denomina\u00e7\u00e3o: Lista de Inscritos em D\u00edvida Ativa<\/h2>\n\n\n\n<p>Lista de Cr\u00e9ditos Tribut\u00e1rios, por ano:<\/p>\n\n\n\n<ul>\n<li><a href=\"https:\/\/www2.manaus.am.gov.br\/docs\/portal\/secretarias\/pgm\/divida\/2025TRIBUTARIO.pdf\">2025<\/a><\/li>\n<\/ul>\n\n\n\n<ul>\n<li><a href=\"https:\/\/www2.manaus.am.gov.br\/docs\/portal\/secretarias\/pgm\/divida\/2024TRIBUTARIO.pdf\">2024<\/a><\/li>\n<\/ul>\n\n\n\n<ul>\n<li><a href=\"https:\/\/www2.manaus.am.gov.br\/docs\/portal\/secretarias\/pgm\/divida\/2023TRIBUTARIO.pdf\">2023<\/a><\/li>\n<\/ul>\n\n\n\n<ul>\n<li><a href=\"https:\/\/www2.manaus.am.gov.br\/docs\/portal\/secretarias\/pgm\/divida\/2022TRIBUTARIO.pdf\">2022<\/a><\/li>\n<\/ul>\n\n\n\n<p>Lista de Cr\u00e9ditos N\u00e3o Tribut\u00e1rios, por ano:<\/p>\n\n\n\n<ul>\n<li><a href=\"https:\/\/www2.manaus.am.gov.br\/docs\/portal\/secretarias\/pgm\/divida\/2025NAOTRIBUTARIO.pdf\">2025<\/a><\/li>\n<\/ul>\n\n\n\n<ul>\n<li><a href=\"https:\/\/www2.manaus.am.gov.br\/docs\/portal\/secretarias\/pgm\/divida\/2024NAOTRIBUTARIO.pdf\">2024<\/a><\/li>\n<\/ul>\n\n\n\n<ul>\n<li><a href=\"https:\/\/www2.manaus.am.gov.br\/docs\/portal\/secretarias\/pgm\/divida\/2023NAOTRIBUTARIO.pdf\">2023<\/a><\/li>\n<\/ul>\n\n\n\n<ul>\n<li><a href=\"https:\/\/www2.manaus.am.gov.br\/docs\/portal\/secretarias\/pgm\/divida\/2022NAOTRIBUTARIO.pdf\">2022<\/a><\/li>\n<\/ul>\n\n\n\n<p><\/p>\n\n\n\n<p>Tribut\u00e1rio\/N\u00e3o Tribut\u00e1rios &#8211; Planilhas<\/p>\n\n\n\n<ul>\n<li><a href=\"https:\/\/www2.manaus.am.gov.br\/docs\/portal\/secretarias\/pgm\/divida\/2025-CGMEstoqueDA.xlsx\">2025<\/a><\/li>\n<\/ul>\n\n\n\n<ul>\n<li><a href=\"https:\/\/www2.manaus.am.gov.br\/docs\/portal\/secretarias\/pgm\/divida\/2024-CGMEstoqueDA.xlsx\">2024<\/a><\/li>\n<\/ul>\n\n\n\n<ul>\n<li><a href=\"https:\/\/www2.manaus.am.gov.br\/docs\/portal\/secretarias\/pgm\/divida\/2023-CGMEstoqueDA.xlsx\">2023<\/a><\/li>\n<\/ul>\n\n\n\n<ul>\n<li><a href=\"https:\/\/www2.manaus.am.gov.br\/docs\/portal\/secretarias\/pgm\/divida\/2022-CGMEstoqueDA.xlsx\">2022<\/a><\/li>\n<\/ul>\n\n\n\n<p><\/p>\n\n\n\n<h2 class=\"wp-block-heading\">O que \u00e9 D\u00edvida Ativa?<\/h2>\n\n\n\n<p>D\u00edvida Ativa s\u00e3o os cr\u00e9ditos de natureza tribut\u00e1ria ou n\u00e3o tribut\u00e1ria, n\u00e3o pagos na data fixada e regularmente inscritos no Livro de D\u00edvida Ativa.<\/p>\n\n\n\n<p>Compete privativamente \u00e0 Procuradoria Geral do Munic\u00edpio a inscri\u00e7\u00e3o, na D\u00edvida Ativa Municipal, dos cr\u00e9ditos tribut\u00e1rios e n\u00e3o tribut\u00e1rios, a cobran\u00e7a judicial e extrajudicial de cr\u00e9ditos inscritos na D\u00edvida Ativa Municipal.<\/p>\n\n\n\n<p>A PGM poder\u00e1 efetuar o parcelamento ou reparcelamento de cr\u00e9ditos inscritos em D\u00edvida Ativa, ajuizados ou n\u00e3o.<\/p>\n\n\n\n<h2 class=\"wp-block-heading\">Como \u00e9 feita a Cobran\u00e7a Administrativa?<\/h2>\n\n\n\n<h3 class=\"wp-block-heading\">1) Do Cr\u00e9dito Vencido<\/h3>\n\n\n\n<p>Os cr\u00e9ditos de natureza tribut\u00e1ria a partir:<\/p>\n\n\n\n<p>I \u2013 do primeiro dia \u00fatil subsequente ao do vencimento da obriga\u00e7\u00e3o tribut\u00e1ria, os decorrentes do Imposto Sobre Servi\u00e7os de Qualquer Natureza \u2013 ISSQN;<\/p>\n\n\n\n<p>II \u2013 do dia 1\u00ba de janeiro do ano subsequente ao do vencimento da obriga\u00e7\u00e3o tribut\u00e1ria, os decorrentes do Imposto sobre a Propriedade Predial e Territorial Urbana \u2013 IPTU;<\/p>\n\n\n\n<p>III \u2013 do primeiro dia do m\u00eas seguinte ao do vencimento da obriga\u00e7\u00e3o tribut\u00e1ria, os decorrentes de Taxas, de servi\u00e7o ou de pol\u00edcia.<\/p>\n\n\n\n<p>Os cr\u00e9ditos de natureza n\u00e3o tribut\u00e1ria a partir do dia seguinte \u00e0quele em que deveriam ter sido pagos.<\/p>\n\n\n\n<h3 class=\"wp-block-heading\">2) Da D\u00edvida Ativa Judicial<\/h3>\n\n\n\n<p>A SEMEF enviar\u00e1, mensalmente, \u00e0 Procuradoria da D\u00edvida Ativa (PDA) os seguintes relat\u00f3rios para as provid\u00eancias cab\u00edveis:<\/p>\n\n\n\n<p>I \u2013 listagem dos parcelamentos efetuados, para solicita\u00e7\u00e3o de sobrestamento da a\u00e7\u00e3o de execu\u00e7\u00e3o fiscal;<\/p>\n\n\n\n<p>II \u2013 listagem dos parcelamentos quitados, para solicita\u00e7\u00e3o de extin\u00e7\u00e3o da a\u00e7\u00e3o de execu\u00e7\u00e3o fiscal;<\/p>\n\n\n\n<p>III \u2013 listagem dos parcelamentos consolidados por atraso no pagamento, para solicita\u00e7\u00e3o da continuidade do processo de execu\u00e7\u00e3o fiscal pelo saldo remanescente.<\/p>\n\n\n\n<h2 class=\"wp-block-heading\">Como proceder para pagamento?<\/h2>\n\n\n\n<h3 class=\"wp-block-heading\">1) Quais as condi\u00e7\u00f5es e formas de parcelamento?<\/h3>\n\n\n\n<p>Os cr\u00e9ditos municipais ainda que em fase de execu\u00e7\u00e3o judicial, poder\u00e3o ser pagos \u00e0 vista ou de modo parcelado, em presta\u00e7\u00f5es mensais e sucessivas, observadas as seguintes condi\u00e7\u00f5es:<\/p>\n\n\n\n<p>I \u2013 parcelamento em at\u00e9 60 (sessenta) parcelas fixas, convertidas em Unidades Fiscais do Munic\u00edpio \u2013 UFM, sem a incid\u00eancia de juros futuro, com parcela m\u00ednima correspondente a:<\/p>\n\n\n\n<p>a) Pessoa f\u00edsica: 1 UFM (Unidade Fiscal do Munic\u00edpio);<\/p>\n\n\n\n<p>b) Pessoa jur\u00eddica optante do Simples Nacional: 02 UFM\u00b4s;<\/p>\n\n\n\n<p>c) Demais pessoas jur\u00eddicas: 06 UFM\u00b4s.<\/p>\n\n\n\n<p>II \u2013 A primeira parcela vencer\u00e1, \u00e0 escolha do contribuinte, dentro de trinta dias, contados da data em que for pactuado, vencendo as demais no mesmo dia dos meses subseq\u00fcentes, adiando-se estas para o primeiro dia \u00fatil seguinte, quando seu vencimento recair em dia sem expediente banc\u00e1rio;<\/p>\n\n\n\n<p>III \u2013 O inadimplemento de duas parcelas consecutivas, ou de tr\u00eas intercaladas ensejar\u00e1 o cancelamento do acordo, consolidando o parcelamento no valor original da d\u00edvida, enviando-se o saldo a pagar \u00e0 Procuradoria Geral do Munic\u00edpio \u2013 PGM, para inscri\u00e7\u00e3o em D\u00edvida Ativa e\/ou continua\u00e7\u00e3o do processo sobrestado.<\/p>\n\n\n\n<h3 class=\"wp-block-heading\">2) Quais os documentos necess\u00e1rios para o parcelamento?<\/h3>\n\n\n\n<p>Nos pedidos de parcelamento de d\u00e9bitos, inclusive relativos \u00e0 IPTU, dever\u00e3o as pessoas observarem o seguinte:<\/p>\n\n\n\n<p>I \u2013 se o requerente for pessoa f\u00edsica ou empresa individual devem os representantes legais ou procuradores apresentar documento de identidade em original ou c\u00f3pia simples ou autenticada;<\/p>\n\n\n\n<p>II \u2013 se sociedade empres\u00e1ria, os procuradores ou representantes legais da pessoa jur\u00eddica devem apresentar c\u00f3pia simples ou autenticada do Contrato Social ou Estatuto, com a \u00faltima altera\u00e7\u00e3o contratual que permita identificar os respons\u00e1veis pela gest\u00e3o da empresa;<\/p>\n\n\n\n<p>III \u2013 as procura\u00e7\u00f5es por instrumento particular ou p\u00fablico devem ser em original, c\u00f3pias simples ou autenticada, com firma reconhecida;<\/p>\n\n\n\n<p>IV \u2013 Se o Termo de Parcelamento for assinado por procurador, apresentar documento original e c\u00f3pia simples, ou c\u00f3pia autenticada, de procura\u00e7\u00e3o particular com firma reconhecida ou de procura\u00e7\u00e3o p\u00fablica;<\/p>\n\n\n\n<p>No parcelamento de d\u00e9bitos relativos \u00e0 IPTU, a apresenta\u00e7\u00e3o de documentos dever\u00e1 observar ainda:<\/p>\n\n\n\n<p>I \u2013 para pais falecidos, apresentar original ou c\u00f3pia simples ou autenticada do atestado de \u00f3bito e c\u00f3pia autenticada de documento de identidade e Cadastro de Pessoa F\u00edsica (CPF);<\/p>\n\n\n\n<p>II \u2013 para comparecimento do c\u00f4njuge, apresentar original e c\u00f3pia simples ou autenticada da certid\u00e3o de casamento, documento de Identidade e CPF;<\/p>\n\n\n\n<p>III \u2013 para companheiros, apresentar certid\u00e3o de conviv\u00eancia comum, certid\u00e3o de nascimento de filhos em comum, c\u00f3pia de correspond\u00eancia recebidas no endere\u00e7o a ser parcelado ou outro qualquer documento que comprove o vinculo com o titular do im\u00f3vel.<\/p>\n\n\n\n<h2 class=\"wp-block-heading\">Como \u00e9 feito o reparcelamento?<\/h2>\n\n\n\n<p>I \u2013 admitem-se at\u00e9 cinco reparcelamentos por esp\u00e9cie, desde que o interessado efetue a cada repactua\u00e7\u00e3o, o pagamento \u00e0 vista de 20% do total do saldo devedor do cr\u00e9dito na primeira parcela, at\u00e9 o quarto reparcelamento;<\/p>\n\n\n\n<p>II \u2013 o quinto reparcelamento exigir\u00e1 o pagamento da primeira parcela correspondente a 50% do total do cr\u00e9dito a ser repactuado;<\/p>\n\n\n\n<p>III \u2013 o parcelamento ou reparcelamento de cr\u00e9ditos implicar\u00e1 a perda dos benef\u00edcios sobre as parcelas n\u00e3o recolhidas e repactuadas, mediante o cancelamento do parcelamento.<\/p>\n\n\n\n<h2 class=\"wp-block-heading\">Como \u00e9 feito o pagamento \u00e0 vista?<\/h2>\n\n\n\n<p>Para pagamento \u00e0 vista de cr\u00e9ditos n\u00e3o parcelados fica assegurado o beneficio do Art. 138 do CTN, desde que observadas as condi\u00e7\u00f5es impostas naquele dispositivo legal.<\/p>\n","protected":false},"excerpt":{"rendered":"","protected":false},"author":27,"featured_media":0,"parent":0,"menu_order":0,"comment_status":"closed","ping_status":"closed","template":"","meta":{"footnotes":""},"acf":[],"yoast_head":"<!-- This site is optimized with the Yoast SEO plugin v23.0 - https:\/\/yoast.com\/wordpress\/plugins\/seo\/ -->\n<title>D\u00edvida Ativa - Servi\u00e7o - PGM<\/title>\n<meta name=\"robots\" content=\"noindex, follow\" \/>\n<meta property=\"og:locale\" content=\"pt_BR\" \/>\n<meta property=\"og:type\" content=\"article\" \/>\n<meta property=\"og:title\" content=\"D\u00edvida Ativa - Servi\u00e7o - PGM\" \/>\n<meta property=\"og:url\" content=\"https:\/\/www.manaus.am.gov.br\/pgm\/divida-ativa-servico\/\" \/>\n<meta property=\"og:site_name\" content=\"PGM\" \/>\n<meta property=\"article:modified_time\" content=\"2025-10-20T22:14:49+00:00\" \/>\n<meta name=\"twitter:card\" content=\"summary_large_image\" \/>\n<meta name=\"twitter:label1\" content=\"Est. reading time\" \/>\n\t<meta name=\"twitter:data1\" content=\"5 minutos\" \/>\n<script type=\"application\/ld+json\" class=\"yoast-schema-graph\">{\"@context\":\"https:\/\/schema.org\",\"@graph\":[{\"@type\":\"WebPage\",\"@id\":\"https:\/\/www.manaus.am.gov.br\/pgm\/divida-ativa-servico\/\",\"url\":\"https:\/\/www.manaus.am.gov.br\/pgm\/divida-ativa-servico\/\",\"name\":\"D\u00edvida Ativa - Servi\u00e7o - PGM\",\"isPartOf\":{\"@id\":\"https:\/\/www.manaus.am.gov.br\/pgm\/#website\"},\"datePublished\":\"2023-02-24T20:30:59+00:00\",\"dateModified\":\"2025-10-20T22:14:49+00:00\",\"breadcrumb\":{\"@id\":\"https:\/\/www.manaus.am.gov.br\/pgm\/divida-ativa-servico\/#breadcrumb\"},\"inLanguage\":\"pt-BR\",\"potentialAction\":[{\"@type\":\"ReadAction\",\"target\":[\"https:\/\/www.manaus.am.gov.br\/pgm\/divida-ativa-servico\/\"]}]},{\"@type\":\"BreadcrumbList\",\"@id\":\"https:\/\/www.manaus.am.gov.br\/pgm\/divida-ativa-servico\/#breadcrumb\",\"itemListElement\":[{\"@type\":\"ListItem\",\"position\":1,\"name\":\"Home\",\"item\":\"https:\/\/www.manaus.am.gov.br\/pgm\/\"},{\"@type\":\"ListItem\",\"position\":2,\"name\":\"D\u00edvida Ativa &#8211; Servi\u00e7o\"}]},{\"@type\":\"WebSite\",\"@id\":\"https:\/\/www.manaus.am.gov.br\/pgm\/#website\",\"url\":\"https:\/\/www.manaus.am.gov.br\/pgm\/\",\"name\":\"PGM\",\"description\":\"Procuradoria Geral do Mun\u00edcipio\",\"potentialAction\":[{\"@type\":\"SearchAction\",\"target\":{\"@type\":\"EntryPoint\",\"urlTemplate\":\"https:\/\/www.manaus.am.gov.br\/pgm\/?s={search_term_string}\"},\"query-input\":\"required name=search_term_string\"}],\"inLanguage\":\"pt-BR\"}]}<\/script>\n<!-- \/ Yoast SEO plugin. -->","yoast_head_json":{"title":"D\u00edvida Ativa - Servi\u00e7o - PGM","robots":{"index":"noindex","follow":"follow"},"og_locale":"pt_BR","og_type":"article","og_title":"D\u00edvida Ativa - Servi\u00e7o - PGM","og_url":"https:\/\/www.manaus.am.gov.br\/pgm\/divida-ativa-servico\/","og_site_name":"PGM","article_modified_time":"2025-10-20T22:14:49+00:00","twitter_card":"summary_large_image","twitter_misc":{"Est. reading time":"5 minutos"},"schema":{"@context":"https:\/\/schema.org","@graph":[{"@type":"WebPage","@id":"https:\/\/www.manaus.am.gov.br\/pgm\/divida-ativa-servico\/","url":"https:\/\/www.manaus.am.gov.br\/pgm\/divida-ativa-servico\/","name":"D\u00edvida Ativa - Servi\u00e7o - PGM","isPartOf":{"@id":"https:\/\/www.manaus.am.gov.br\/pgm\/#website"},"datePublished":"2023-02-24T20:30:59+00:00","dateModified":"2025-10-20T22:14:49+00:00","breadcrumb":{"@id":"https:\/\/www.manaus.am.gov.br\/pgm\/divida-ativa-servico\/#breadcrumb"},"inLanguage":"pt-BR","potentialAction":[{"@type":"ReadAction","target":["https:\/\/www.manaus.am.gov.br\/pgm\/divida-ativa-servico\/"]}]},{"@type":"BreadcrumbList","@id":"https:\/\/www.manaus.am.gov.br\/pgm\/divida-ativa-servico\/#breadcrumb","itemListElement":[{"@type":"ListItem","position":1,"name":"Home","item":"https:\/\/www.manaus.am.gov.br\/pgm\/"},{"@type":"ListItem","position":2,"name":"D\u00edvida Ativa &#8211; Servi\u00e7o"}]},{"@type":"WebSite","@id":"https:\/\/www.manaus.am.gov.br\/pgm\/#website","url":"https:\/\/www.manaus.am.gov.br\/pgm\/","name":"PGM","description":"Procuradoria Geral do Mun\u00edcipio","potentialAction":[{"@type":"SearchAction","target":{"@type":"EntryPoint","urlTemplate":"https:\/\/www.manaus.am.gov.br\/pgm\/?s={search_term_string}"},"query-input":"required name=search_term_string"}],"inLanguage":"pt-BR"}]}},"_links":{"self":[{"href":"https:\/\/www.manaus.am.gov.br\/pgm\/wp-json\/wp\/v2\/pages\/280"}],"collection":[{"href":"https:\/\/www.manaus.am.gov.br\/pgm\/wp-json\/wp\/v2\/pages"}],"about":[{"href":"https:\/\/www.manaus.am.gov.br\/pgm\/wp-json\/wp\/v2\/types\/page"}],"author":[{"embeddable":true,"href":"https:\/\/www.manaus.am.gov.br\/pgm\/wp-json\/wp\/v2\/users\/27"}],"replies":[{"embeddable":true,"href":"https:\/\/www.manaus.am.gov.br\/pgm\/wp-json\/wp\/v2\/comments?post=280"}],"version-history":[{"count":15,"href":"https:\/\/www.manaus.am.gov.br\/pgm\/wp-json\/wp\/v2\/pages\/280\/revisions"}],"predecessor-version":[{"id":1410,"href":"https:\/\/www.manaus.am.gov.br\/pgm\/wp-json\/wp\/v2\/pages\/280\/revisions\/1410"}],"wp:attachment":[{"href":"https:\/\/www.manaus.am.gov.br\/pgm\/wp-json\/wp\/v2\/media?parent=280"}],"curies":[{"name":"wp","href":"https:\/\/api.w.org\/{rel}","templated":true}]}}