{"id":222,"date":"2023-02-07T12:46:48","date_gmt":"2023-02-07T15:46:48","guid":{"rendered":"https:\/\/www.manaus.am.gov.br\/pgm\/?page_id=222"},"modified":"2026-04-13T10:36:12","modified_gmt":"2026-04-13T14:36:12","slug":"valores-basicos-dos-bairros","status":"publish","type":"page","link":"https:\/\/www.manaus.am.gov.br\/pgm\/valores-basicos-dos-bairros\/","title":{"rendered":"VALORES B\u00c1SICOS DOS BAIRROS (R$)"},"content":{"rendered":"\n<p>Tabela de refer\u00eancia para avalia\u00e7\u00e3o de terrenos:<\/p>\n\n\n\n<p><a href=\"https:\/\/www.manaus.am.gov.br\/pgm\/wp-content\/uploads\/sites\/15\/2026\/04\/VALORES-01-ABRIL-A-30-JUNHO-DE-2026.pdf\" target=\"_blank\" rel=\"noreferrer noopener\">Tabela de Valores B\u00e1sicos dos Bairros &#8211; 01 de Abril \u00e0 30 de junho de 2026<\/a><\/p>\n\n\n\n<p><\/p>\n\n\n\n<h2 class=\"wp-block-heading\">Como \u00e9 feita essa Tabela de Valores?<\/h2>\n\n\n\n<p>\u00c9 realizada uma pesquisa de mercado com tratamento estat\u00edstico em todos os sites relacionados \u00e0 compra e venda de im\u00f3veis. Ap\u00f3s esta pesquisa \u00e9 feito uma m\u00e9dia desses valores por bairros em m\u00b2, no referido bairro.<\/p>\n\n\n\n<h2 class=\"wp-block-heading\">Qual a finalidade dessa Tabela?<\/h2>\n\n\n\n<p>\u00c9 estipular um valor por metro quadrado para cada bairro para compra e venda em m\u00b2 da terra e\/ ou terreno.<\/p>\n\n\n\n<p>*N\u00e3o se aplica para fins de cr\u00e9ditos tribut\u00e1rios<\/p>\n\n\n\n<h2 class=\"wp-block-heading\">Por quem \u00e9 utilizada?<\/h2>\n\n\n\n<p>\u00c9 utilizada pelo munic\u00edpio para avalia\u00e7\u00e3o e serve de refer\u00eancia para avaliadores e corretores de im\u00f3veis.<\/p>\n\n\n\n<h2 class=\"wp-block-heading\">De quanto em quanto tempo \u00e9 feita a atualiza\u00e7\u00e3o da Tabela de Valores B\u00e1sicos dos Bairros?<\/h2>\n\n\n\n<p>\u00c9 feita uma pesquisa por bairros, de 4 a 5 bairros, em m\u00e9dia por ano, os outros s\u00e3o atualizados pela corre\u00e7\u00e3o monet\u00e1ria. A tabela \u00e9 corrigida de 3 em 3 meses, podendo ou n\u00e3o ter altera\u00e7\u00e3o.<\/p>\n","protected":false},"excerpt":{"rendered":"","protected":false},"author":27,"featured_media":0,"parent":0,"menu_order":0,"comment_status":"closed","ping_status":"closed","template":"","meta":{"footnotes":""},"acf":[],"yoast_head":"<!-- This site is optimized with the Yoast SEO plugin v23.0 - https:\/\/yoast.com\/wordpress\/plugins\/seo\/ -->\n<title>VALORES B\u00c1SICOS DOS BAIRROS (R$) - PGM<\/title>\n<meta name=\"robots\" content=\"noindex, follow\" \/>\n<meta property=\"og:locale\" content=\"pt_BR\" \/>\n<meta property=\"og:type\" content=\"article\" \/>\n<meta property=\"og:title\" content=\"VALORES B\u00c1SICOS DOS BAIRROS (R$) - PGM\" \/>\n<meta property=\"og:url\" content=\"https:\/\/www.manaus.am.gov.br\/pgm\/valores-basicos-dos-bairros\/\" \/>\n<meta property=\"og:site_name\" content=\"PGM\" \/>\n<meta property=\"article:modified_time\" content=\"2026-04-13T14:36:12+00:00\" \/>\n<meta name=\"twitter:card\" content=\"summary_large_image\" \/>\n<meta name=\"twitter:label1\" content=\"Est. reading time\" \/>\n\t<meta name=\"twitter:data1\" content=\"1 minuto\" \/>\n<script type=\"application\/ld+json\" class=\"yoast-schema-graph\">{\"@context\":\"https:\/\/schema.org\",\"@graph\":[{\"@type\":\"WebPage\",\"@id\":\"https:\/\/www.manaus.am.gov.br\/pgm\/valores-basicos-dos-bairros\/\",\"url\":\"https:\/\/www.manaus.am.gov.br\/pgm\/valores-basicos-dos-bairros\/\",\"name\":\"VALORES B\u00c1SICOS DOS BAIRROS (R$) - PGM\",\"isPartOf\":{\"@id\":\"https:\/\/www.manaus.am.gov.br\/pgm\/#website\"},\"datePublished\":\"2023-02-07T15:46:48+00:00\",\"dateModified\":\"2026-04-13T14:36:12+00:00\",\"breadcrumb\":{\"@id\":\"https:\/\/www.manaus.am.gov.br\/pgm\/valores-basicos-dos-bairros\/#breadcrumb\"},\"inLanguage\":\"pt-BR\",\"potentialAction\":[{\"@type\":\"ReadAction\",\"target\":[\"https:\/\/www.manaus.am.gov.br\/pgm\/valores-basicos-dos-bairros\/\"]}]},{\"@type\":\"BreadcrumbList\",\"@id\":\"https:\/\/www.manaus.am.gov.br\/pgm\/valores-basicos-dos-bairros\/#breadcrumb\",\"itemListElement\":[{\"@type\":\"ListItem\",\"position\":1,\"name\":\"Home\",\"item\":\"https:\/\/www.manaus.am.gov.br\/pgm\/\"},{\"@type\":\"ListItem\",\"position\":2,\"name\":\"VALORES B\u00c1SICOS DOS BAIRROS (R$)\"}]},{\"@type\":\"WebSite\",\"@id\":\"https:\/\/www.manaus.am.gov.br\/pgm\/#website\",\"url\":\"https:\/\/www.manaus.am.gov.br\/pgm\/\",\"name\":\"PGM\",\"description\":\"Procuradoria Geral do Mun\u00edcipio\",\"potentialAction\":[{\"@type\":\"SearchAction\",\"target\":{\"@type\":\"EntryPoint\",\"urlTemplate\":\"https:\/\/www.manaus.am.gov.br\/pgm\/?s={search_term_string}\"},\"query-input\":\"required name=search_term_string\"}],\"inLanguage\":\"pt-BR\"}]}<\/script>\n<!-- \/ Yoast SEO plugin. -->","yoast_head_json":{"title":"VALORES B\u00c1SICOS DOS BAIRROS (R$) - PGM","robots":{"index":"noindex","follow":"follow"},"og_locale":"pt_BR","og_type":"article","og_title":"VALORES B\u00c1SICOS DOS BAIRROS (R$) - PGM","og_url":"https:\/\/www.manaus.am.gov.br\/pgm\/valores-basicos-dos-bairros\/","og_site_name":"PGM","article_modified_time":"2026-04-13T14:36:12+00:00","twitter_card":"summary_large_image","twitter_misc":{"Est. reading time":"1 minuto"},"schema":{"@context":"https:\/\/schema.org","@graph":[{"@type":"WebPage","@id":"https:\/\/www.manaus.am.gov.br\/pgm\/valores-basicos-dos-bairros\/","url":"https:\/\/www.manaus.am.gov.br\/pgm\/valores-basicos-dos-bairros\/","name":"VALORES B\u00c1SICOS DOS BAIRROS (R$) - PGM","isPartOf":{"@id":"https:\/\/www.manaus.am.gov.br\/pgm\/#website"},"datePublished":"2023-02-07T15:46:48+00:00","dateModified":"2026-04-13T14:36:12+00:00","breadcrumb":{"@id":"https:\/\/www.manaus.am.gov.br\/pgm\/valores-basicos-dos-bairros\/#breadcrumb"},"inLanguage":"pt-BR","potentialAction":[{"@type":"ReadAction","target":["https:\/\/www.manaus.am.gov.br\/pgm\/valores-basicos-dos-bairros\/"]}]},{"@type":"BreadcrumbList","@id":"https:\/\/www.manaus.am.gov.br\/pgm\/valores-basicos-dos-bairros\/#breadcrumb","itemListElement":[{"@type":"ListItem","position":1,"name":"Home","item":"https:\/\/www.manaus.am.gov.br\/pgm\/"},{"@type":"ListItem","position":2,"name":"VALORES B\u00c1SICOS DOS BAIRROS (R$)"}]},{"@type":"WebSite","@id":"https:\/\/www.manaus.am.gov.br\/pgm\/#website","url":"https:\/\/www.manaus.am.gov.br\/pgm\/","name":"PGM","description":"Procuradoria Geral do Mun\u00edcipio","potentialAction":[{"@type":"SearchAction","target":{"@type":"EntryPoint","urlTemplate":"https:\/\/www.manaus.am.gov.br\/pgm\/?s={search_term_string}"},"query-input":"required name=search_term_string"}],"inLanguage":"pt-BR"}]}},"_links":{"self":[{"href":"https:\/\/www.manaus.am.gov.br\/pgm\/wp-json\/wp\/v2\/pages\/222"}],"collection":[{"href":"https:\/\/www.manaus.am.gov.br\/pgm\/wp-json\/wp\/v2\/pages"}],"about":[{"href":"https:\/\/www.manaus.am.gov.br\/pgm\/wp-json\/wp\/v2\/types\/page"}],"author":[{"embeddable":true,"href":"https:\/\/www.manaus.am.gov.br\/pgm\/wp-json\/wp\/v2\/users\/27"}],"replies":[{"embeddable":true,"href":"https:\/\/www.manaus.am.gov.br\/pgm\/wp-json\/wp\/v2\/comments?post=222"}],"version-history":[{"count":23,"href":"https:\/\/www.manaus.am.gov.br\/pgm\/wp-json\/wp\/v2\/pages\/222\/revisions"}],"predecessor-version":[{"id":1470,"href":"https:\/\/www.manaus.am.gov.br\/pgm\/wp-json\/wp\/v2\/pages\/222\/revisions\/1470"}],"wp:attachment":[{"href":"https:\/\/www.manaus.am.gov.br\/pgm\/wp-json\/wp\/v2\/media?parent=222"}],"curies":[{"name":"wp","href":"https:\/\/api.w.org\/{rel}","templated":true}]}}