{"id":1203,"date":"2025-05-22T09:21:40","date_gmt":"2025-05-22T13:21:40","guid":{"rendered":"https:\/\/www.manaus.am.gov.br\/pgm\/?page_id=1203"},"modified":"2025-11-06T09:53:19","modified_gmt":"2025-11-06T13:53:19","slug":"programa-de-residencia-juridica","status":"publish","type":"page","link":"https:\/\/www.manaus.am.gov.br\/pgm\/programa-de-residencia-juridica\/","title":{"rendered":"Programa de Resid\u00eancia Jur\u00eddica"},"content":{"rendered":"\n<h2 class=\"wp-block-heading\"><a href=\"https:\/\/www.manaus.am.gov.br\/pgm\/wp-content\/uploads\/sites\/15\/2025\/05\/DOMResidencia.pdf\" target=\"_blank\" rel=\"noreferrer noopener\">Edital<\/a><\/h2>\n\n\n\n<h2 class=\"wp-block-heading\"><mark style=\"background-color:rgba(0, 0, 0, 0)\" class=\"has-inline-color has-cyan-bluish-gray-color\">Formul\u00e1rio de Inscri\u00e7\u00e3o<\/mark> &#8211; ENCERRADO<\/h2>\n\n\n\n<h2 class=\"wp-block-heading\"><a href=\"https:\/\/www.manaus.am.gov.br\/pgm\/wp-content\/uploads\/sites\/15\/2025\/06\/DOMIsencaoDeferida.pdf\" target=\"_blank\" rel=\"noreferrer noopener\">Pedidos de Isen\u00e7\u00e3o deferidos<\/a><\/h2>\n\n\n\n<h2 class=\"wp-block-heading\"><a href=\"https:\/\/www.manaus.am.gov.br\/pgm\/wp-content\/uploads\/sites\/15\/2025\/06\/RetificacaoPedidoIsencao.pdf\" target=\"_blank\" rel=\"noreferrer noopener\">Retifica\u00e7\u00e3o dos Pedidos de Isen\u00e7\u00e3o<\/a><\/h2>\n\n\n\n<h2 class=\"wp-block-heading\"><a href=\"https:\/\/www.manaus.am.gov.br\/pgm\/wp-content\/uploads\/sites\/15\/2025\/07\/ListaInscricaoJuridica.pdf\" target=\"_blank\" rel=\"noreferrer noopener\">Lista de Inscri\u00e7\u00e3o&nbsp;Deferidas<\/a><\/h2>\n\n\n\n<h2 class=\"wp-block-heading\"><a href=\"https:\/\/www.manaus.am.gov.br\/pgm\/wp-content\/uploads\/sites\/15\/2025\/07\/DivisaoSalas.pdf\">Divis\u00e3o das Salas<\/a><\/h2>\n\n\n\n<h2 class=\"wp-block-heading\"><a href=\"https:\/\/www.manaus.am.gov.br\/pgm\/wp-content\/uploads\/sites\/15\/2025\/07\/GabaritoOficial.pdf\" target=\"_blank\" rel=\"noreferrer noopener\">Gabarito Oficial<\/a><\/h2>\n\n\n\n<h2 class=\"wp-block-heading\"><a href=\"https:\/\/www.manaus.am.gov.br\/pgm\/wp-content\/uploads\/sites\/15\/2025\/08\/RESULTADO-PRELIMINAR-DA-PROVA-OBJETIVA-GERAL.pdf\">RESULTADO PRELIMINAR DA PROVA OBJETIVA&nbsp;&#8211;&nbsp;GERAL<\/a><\/h2>\n\n\n\n<h2 class=\"wp-block-heading\"><a href=\"https:\/\/www.manaus.am.gov.br\/pgm\/wp-content\/uploads\/sites\/15\/2025\/09\/RESULTADO-DEFINITIVO-DA-PROVA-OBJETIVA.pdf\" target=\"_blank\" rel=\"noreferrer noopener\">Resultado Definitivo da Prova Objetiva<\/a><\/h2>\n\n\n\n<h2 class=\"wp-block-heading\"><a href=\"https:\/\/www.manaus.am.gov.br\/pgm\/wp-content\/uploads\/sites\/15\/2025\/09\/Resultado-Preliminar-Prova-Subjetiva.pdf\" target=\"_blank\" rel=\"noreferrer noopener\">Resultado Preliminar da Prova Subjetiva<\/a><\/h2>\n\n\n\n<h2 class=\"wp-block-heading\"><a href=\"https:\/\/www.manaus.am.gov.br\/pgm\/wp-content\/uploads\/sites\/15\/2025\/09\/Resultado-Definitivo-PRJPGM.pdf\" target=\"_blank\" rel=\"noreferrer noopener\">Resultado Definitivo<\/a><\/h2>\n\n\n\n<h2 class=\"wp-block-heading\"><a href=\"https:\/\/www.manaus.am.gov.br\/pgm\/wp-content\/uploads\/sites\/15\/2025\/11\/Edital-de-Chamada.pdf\" target=\"_blank\" rel=\"noreferrer noopener\">Edital de Chamada n 001\/2025<\/a><\/h2>\n\n\n\n<p>                                  <\/p>\n\n\n\n<p>                                                         <\/p>\n\n\n\n<p><\/p>\n\n\n\n<style>\n        .whatsapp{\n            font-family: Arial, sans-serif;\n            margin: 0;\n            background-color: #f0f0f0;\n            \/* Adicionado para permitir o posicionamento absoluto do link *\/\n            position: relative; \n            \n        }\n\n        .whatsapp-link {\n            display: flex;\n            align-items: center; \/* Centraliza verticalmente o conte\u00fado (\u00edcone e texto) *\/\n            text-decoration: none;\n            color: #25D366; \/* Cor verde do WhatsApp *\/\n            font-size: 1.2em;\n            padding: 10px 15px;\n            border: 1px solid #25D366;\n            border-radius: 5px;\n            transition: background-color 0.3s, color 0.3s;\n\n            \/* Posicionamento no canto direito da p\u00e1gina *\/\n            position: absolute;\n            right: 20px; \/* Dist\u00e2ncia da borda direita *\/\n            top: 50%; \/* Posiciona no meio da altura *\/\n            transform: translateY(-50%); \/* Ajusta para centralizar verticalmente *\/\n        }\n\n        .whatsapp-link:hover {\n            background-color: #25D366;\n            color: white;\n        }\n\n        .whatsapp-icon {\n            width: 24px;\n            height: 24px;\n            margin-right: 8px;\n            \/* Remover vertical-align: middle; j\u00e1 que display: flex e align-items: center lidam com isso *\/\n        }\n    <\/style>\n<\/head>\n<div class=\"whatsapp\">\n    <a href=\"https:\/\/api.whatsapp.com\/send\/?phone=5592988445048\" class=\"whatsapp-link\" target=\"_blank\" rel=\"noopener\">\n        <img decoding=\"async\" src=\"https:\/\/upload.wikimedia.org\/wikipedia\/commons\/6\/6b\/WhatsApp.svg\" alt=\"\u00cdcone do WhatsApp\" class=\"whatsapp-icon\">\n        <span>(92) 98844-5048<\/span>\n    <\/a>\n<\/div>\n","protected":false},"excerpt":{"rendered":"","protected":false},"author":8,"featured_media":0,"parent":0,"menu_order":0,"comment_status":"closed","ping_status":"closed","template":"","meta":{"footnotes":""},"acf":[],"yoast_head":"<!-- This site is optimized with the Yoast SEO plugin v23.0 - https:\/\/yoast.com\/wordpress\/plugins\/seo\/ -->\n<title>Programa de Resid\u00eancia Jur\u00eddica - PGM<\/title>\n<meta name=\"robots\" content=\"noindex, follow\" \/>\n<meta property=\"og:locale\" content=\"pt_BR\" \/>\n<meta property=\"og:type\" content=\"article\" \/>\n<meta property=\"og:title\" content=\"Programa de Resid\u00eancia Jur\u00eddica - PGM\" \/>\n<meta property=\"og:url\" content=\"https:\/\/www.manaus.am.gov.br\/pgm\/programa-de-residencia-juridica\/\" \/>\n<meta property=\"og:site_name\" content=\"PGM\" \/>\n<meta property=\"article:modified_time\" content=\"2025-11-06T13:53:19+00:00\" \/>\n<meta property=\"og:image\" content=\"https:\/\/upload.wikimedia.org\/wikipedia\/commons\/6\/6b\/WhatsApp.svg\" \/>\n<meta name=\"twitter:card\" content=\"summary_large_image\" \/>\n<meta name=\"twitter:label1\" content=\"Est. reading time\" \/>\n\t<meta name=\"twitter:data1\" content=\"1 minuto\" \/>\n<script type=\"application\/ld+json\" class=\"yoast-schema-graph\">{\"@context\":\"https:\/\/schema.org\",\"@graph\":[{\"@type\":\"WebPage\",\"@id\":\"https:\/\/www.manaus.am.gov.br\/pgm\/programa-de-residencia-juridica\/\",\"url\":\"https:\/\/www.manaus.am.gov.br\/pgm\/programa-de-residencia-juridica\/\",\"name\":\"Programa de Resid\u00eancia Jur\u00eddica - PGM\",\"isPartOf\":{\"@id\":\"https:\/\/www.manaus.am.gov.br\/pgm\/#website\"},\"primaryImageOfPage\":{\"@id\":\"https:\/\/www.manaus.am.gov.br\/pgm\/programa-de-residencia-juridica\/#primaryimage\"},\"image\":{\"@id\":\"https:\/\/www.manaus.am.gov.br\/pgm\/programa-de-residencia-juridica\/#primaryimage\"},\"thumbnailUrl\":\"https:\/\/upload.wikimedia.org\/wikipedia\/commons\/6\/6b\/WhatsApp.svg\",\"datePublished\":\"2025-05-22T13:21:40+00:00\",\"dateModified\":\"2025-11-06T13:53:19+00:00\",\"breadcrumb\":{\"@id\":\"https:\/\/www.manaus.am.gov.br\/pgm\/programa-de-residencia-juridica\/#breadcrumb\"},\"inLanguage\":\"pt-BR\",\"potentialAction\":[{\"@type\":\"ReadAction\",\"target\":[\"https:\/\/www.manaus.am.gov.br\/pgm\/programa-de-residencia-juridica\/\"]}]},{\"@type\":\"ImageObject\",\"inLanguage\":\"pt-BR\",\"@id\":\"https:\/\/www.manaus.am.gov.br\/pgm\/programa-de-residencia-juridica\/#primaryimage\",\"url\":\"https:\/\/upload.wikimedia.org\/wikipedia\/commons\/6\/6b\/WhatsApp.svg\",\"contentUrl\":\"https:\/\/upload.wikimedia.org\/wikipedia\/commons\/6\/6b\/WhatsApp.svg\"},{\"@type\":\"BreadcrumbList\",\"@id\":\"https:\/\/www.manaus.am.gov.br\/pgm\/programa-de-residencia-juridica\/#breadcrumb\",\"itemListElement\":[{\"@type\":\"ListItem\",\"position\":1,\"name\":\"Home\",\"item\":\"https:\/\/www.manaus.am.gov.br\/pgm\/\"},{\"@type\":\"ListItem\",\"position\":2,\"name\":\"Programa de Resid\u00eancia Jur\u00eddica\"}]},{\"@type\":\"WebSite\",\"@id\":\"https:\/\/www.manaus.am.gov.br\/pgm\/#website\",\"url\":\"https:\/\/www.manaus.am.gov.br\/pgm\/\",\"name\":\"PGM\",\"description\":\"Procuradoria Geral do Mun\u00edcipio\",\"potentialAction\":[{\"@type\":\"SearchAction\",\"target\":{\"@type\":\"EntryPoint\",\"urlTemplate\":\"https:\/\/www.manaus.am.gov.br\/pgm\/?s={search_term_string}\"},\"query-input\":\"required name=search_term_string\"}],\"inLanguage\":\"pt-BR\"}]}<\/script>\n<!-- \/ Yoast SEO plugin. -->","yoast_head_json":{"title":"Programa de Resid\u00eancia Jur\u00eddica - PGM","robots":{"index":"noindex","follow":"follow"},"og_locale":"pt_BR","og_type":"article","og_title":"Programa de Resid\u00eancia Jur\u00eddica - PGM","og_url":"https:\/\/www.manaus.am.gov.br\/pgm\/programa-de-residencia-juridica\/","og_site_name":"PGM","article_modified_time":"2025-11-06T13:53:19+00:00","og_image":[{"url":"https:\/\/upload.wikimedia.org\/wikipedia\/commons\/6\/6b\/WhatsApp.svg"}],"twitter_card":"summary_large_image","twitter_misc":{"Est. reading time":"1 minuto"},"schema":{"@context":"https:\/\/schema.org","@graph":[{"@type":"WebPage","@id":"https:\/\/www.manaus.am.gov.br\/pgm\/programa-de-residencia-juridica\/","url":"https:\/\/www.manaus.am.gov.br\/pgm\/programa-de-residencia-juridica\/","name":"Programa de Resid\u00eancia Jur\u00eddica - PGM","isPartOf":{"@id":"https:\/\/www.manaus.am.gov.br\/pgm\/#website"},"primaryImageOfPage":{"@id":"https:\/\/www.manaus.am.gov.br\/pgm\/programa-de-residencia-juridica\/#primaryimage"},"image":{"@id":"https:\/\/www.manaus.am.gov.br\/pgm\/programa-de-residencia-juridica\/#primaryimage"},"thumbnailUrl":"https:\/\/upload.wikimedia.org\/wikipedia\/commons\/6\/6b\/WhatsApp.svg","datePublished":"2025-05-22T13:21:40+00:00","dateModified":"2025-11-06T13:53:19+00:00","breadcrumb":{"@id":"https:\/\/www.manaus.am.gov.br\/pgm\/programa-de-residencia-juridica\/#breadcrumb"},"inLanguage":"pt-BR","potentialAction":[{"@type":"ReadAction","target":["https:\/\/www.manaus.am.gov.br\/pgm\/programa-de-residencia-juridica\/"]}]},{"@type":"ImageObject","inLanguage":"pt-BR","@id":"https:\/\/www.manaus.am.gov.br\/pgm\/programa-de-residencia-juridica\/#primaryimage","url":"https:\/\/upload.wikimedia.org\/wikipedia\/commons\/6\/6b\/WhatsApp.svg","contentUrl":"https:\/\/upload.wikimedia.org\/wikipedia\/commons\/6\/6b\/WhatsApp.svg"},{"@type":"BreadcrumbList","@id":"https:\/\/www.manaus.am.gov.br\/pgm\/programa-de-residencia-juridica\/#breadcrumb","itemListElement":[{"@type":"ListItem","position":1,"name":"Home","item":"https:\/\/www.manaus.am.gov.br\/pgm\/"},{"@type":"ListItem","position":2,"name":"Programa de Resid\u00eancia Jur\u00eddica"}]},{"@type":"WebSite","@id":"https:\/\/www.manaus.am.gov.br\/pgm\/#website","url":"https:\/\/www.manaus.am.gov.br\/pgm\/","name":"PGM","description":"Procuradoria Geral do Mun\u00edcipio","potentialAction":[{"@type":"SearchAction","target":{"@type":"EntryPoint","urlTemplate":"https:\/\/www.manaus.am.gov.br\/pgm\/?s={search_term_string}"},"query-input":"required name=search_term_string"}],"inLanguage":"pt-BR"}]}},"_links":{"self":[{"href":"https:\/\/www.manaus.am.gov.br\/pgm\/wp-json\/wp\/v2\/pages\/1203"}],"collection":[{"href":"https:\/\/www.manaus.am.gov.br\/pgm\/wp-json\/wp\/v2\/pages"}],"about":[{"href":"https:\/\/www.manaus.am.gov.br\/pgm\/wp-json\/wp\/v2\/types\/page"}],"author":[{"embeddable":true,"href":"https:\/\/www.manaus.am.gov.br\/pgm\/wp-json\/wp\/v2\/users\/8"}],"replies":[{"embeddable":true,"href":"https:\/\/www.manaus.am.gov.br\/pgm\/wp-json\/wp\/v2\/comments?post=1203"}],"version-history":[{"count":26,"href":"https:\/\/www.manaus.am.gov.br\/pgm\/wp-json\/wp\/v2\/pages\/1203\/revisions"}],"predecessor-version":[{"id":1413,"href":"https:\/\/www.manaus.am.gov.br\/pgm\/wp-json\/wp\/v2\/pages\/1203\/revisions\/1413"}],"wp:attachment":[{"href":"https:\/\/www.manaus.am.gov.br\/pgm\/wp-json\/wp\/v2\/media?parent=1203"}],"curies":[{"name":"wp","href":"https:\/\/api.w.org\/{rel}","templated":true}]}}