{"id":3819,"date":"2025-04-28T09:33:53","date_gmt":"2025-04-28T13:33:53","guid":{"rendered":"https:\/\/www.manaus.am.gov.br\/manauscult\/?page_id=3819"},"modified":"2025-04-28T09:33:54","modified_gmt":"2025-04-28T13:33:54","slug":"edital-de-selecao-da-organizacao-da-sociedade-civil","status":"publish","type":"page","link":"https:\/\/www.manaus.am.gov.br\/manauscult\/edital-de-selecao-da-organizacao-da-sociedade-civil\/","title":{"rendered":"Edital de Sele\u00e7\u00e3o da Organiza\u00e7\u00e3o da Sociedade Civil para Capacita\u00e7\u00e3o e Qualifica\u00e7\u00e3o de Profissional do Turismo na base comunit\u00e1ria"},"content":{"rendered":"\n<div class=\"wp-block-file\"><a id=\"wp-block-file--media-d9077aee-441a-4e44-b666-c0e8cba5c54c\" href=\"https:\/\/www.manaus.am.gov.br\/manauscult\/wp-content\/uploads\/sites\/11\/2025\/04\/1-Plano-de-Trabalho.doc\">1 &#8211; Plano de Trabalho<\/a><a href=\"https:\/\/www.manaus.am.gov.br\/manauscult\/wp-content\/uploads\/sites\/11\/2025\/04\/1-Plano-de-Trabalho.doc\" class=\"wp-block-file__button wp-element-button\" download aria-describedby=\"wp-block-file--media-d9077aee-441a-4e44-b666-c0e8cba5c54c\">Baixar<\/a><\/div>\n\n\n\n<div class=\"wp-block-file\"><a id=\"wp-block-file--media-2f988d62-b6af-4ab6-b4df-3e83a6ae86b9\" href=\"https:\/\/www.manaus.am.gov.br\/manauscult\/wp-content\/uploads\/sites\/11\/2025\/04\/2-Cronograma-das-acoes.xlsx\">2 &#8211; Cronograma das a\u00e7\u00f5es<\/a><a href=\"https:\/\/www.manaus.am.gov.br\/manauscult\/wp-content\/uploads\/sites\/11\/2025\/04\/2-Cronograma-das-acoes.xlsx\" class=\"wp-block-file__button wp-element-button\" download aria-describedby=\"wp-block-file--media-2f988d62-b6af-4ab6-b4df-3e83a6ae86b9\">Baixar<\/a><\/div>\n\n\n\n<div class=\"wp-block-file\"><a id=\"wp-block-file--media-af60153c-f2af-4c14-916b-e2f46f690306\" href=\"https:\/\/www.manaus.am.gov.br\/manauscult\/wp-content\/uploads\/sites\/11\/2025\/04\/3-Mapa-Orcamentario-Modelo.xlsx\">3 &#8211; Mapa Or\u00e7amentario &#8211; Modelo<\/a><a href=\"https:\/\/www.manaus.am.gov.br\/manauscult\/wp-content\/uploads\/sites\/11\/2025\/04\/3-Mapa-Orcamentario-Modelo.xlsx\" class=\"wp-block-file__button wp-element-button\" download aria-describedby=\"wp-block-file--media-af60153c-f2af-4c14-916b-e2f46f690306\">Baixar<\/a><\/div>\n\n\n\n<div class=\"wp-block-file\"><a id=\"wp-block-file--media-1c9a41e5-cfaf-4c68-acdf-e749fddf7f03\" href=\"https:\/\/www.manaus.am.gov.br\/manauscult\/wp-content\/uploads\/sites\/11\/2025\/04\/4-Declaracao-sobre-a-existencia-de-instalacoes-e-outras-condicoes-materiais-da-osc.doc\">4 &#8211; Declara\u00e7\u00e3o sobre a exist\u00eancia de instala\u00e7\u00f5es e outras condi\u00e7\u00f5es materiais da osc<\/a><a href=\"https:\/\/www.manaus.am.gov.br\/manauscult\/wp-content\/uploads\/sites\/11\/2025\/04\/4-Declaracao-sobre-a-existencia-de-instalacoes-e-outras-condicoes-materiais-da-osc.doc\" class=\"wp-block-file__button wp-element-button\" download aria-describedby=\"wp-block-file--media-1c9a41e5-cfaf-4c68-acdf-e749fddf7f03\">Baixar<\/a><\/div>\n\n\n\n<div class=\"wp-block-file\"><a id=\"wp-block-file--media-edf9c727-fd14-454a-a58f-9b71bba77510\" href=\"https:\/\/www.manaus.am.gov.br\/manauscult\/wp-content\/uploads\/sites\/11\/2025\/04\/5-Declaracao-de-Ciencia-e-Concordancia.doc\">5 &#8211; Declara\u00e7\u00e3o de Ci\u00eancia e Concord\u00e2ncia<\/a><a href=\"https:\/\/www.manaus.am.gov.br\/manauscult\/wp-content\/uploads\/sites\/11\/2025\/04\/5-Declaracao-de-Ciencia-e-Concordancia.doc\" class=\"wp-block-file__button wp-element-button\" download aria-describedby=\"wp-block-file--media-edf9c727-fd14-454a-a58f-9b71bba77510\">Baixar<\/a><\/div>\n\n\n\n<div class=\"wp-block-file\"><a id=\"wp-block-file--media-5c31298a-1b33-4086-911c-24bcae421639\" href=\"https:\/\/www.manaus.am.gov.br\/manauscult\/wp-content\/uploads\/sites\/11\/2025\/04\/6-Declaracao-conforme-solicitado-no-Decreto-n\u00b0-8726-de-2016.doc\">6 &#8211; Declara\u00e7\u00e3o conforme solicitado no Decreto n\u00b0 8726, de 2016<\/a><a href=\"https:\/\/www.manaus.am.gov.br\/manauscult\/wp-content\/uploads\/sites\/11\/2025\/04\/6-Declaracao-conforme-solicitado-no-Decreto-n\u00b0-8726-de-2016.doc\" class=\"wp-block-file__button wp-element-button\" download aria-describedby=\"wp-block-file--media-5c31298a-1b33-4086-911c-24bcae421639\">Baixar<\/a><\/div>\n\n\n\n<div class=\"wp-block-file\"><a id=\"wp-block-file--media-07c672f6-e6bd-4ed1-908a-e7bdae9b7435\" href=\"https:\/\/www.manaus.am.gov.br\/manauscult\/wp-content\/uploads\/sites\/11\/2025\/04\/7-Declaracao-que-nao-incorrem-em-quaisquer-das-vedacoes-previstas-no-art.-39-da-Lei-no-13.019-de-2014.doc\">7 &#8211; Declara\u00e7\u00e3o que n\u00e3o incorrem em quaisquer das veda\u00e7\u00f5es previstas no art. 39 da Lei n\u00ba 13.019, de 2014<\/a><a href=\"https:\/\/www.manaus.am.gov.br\/manauscult\/wp-content\/uploads\/sites\/11\/2025\/04\/7-Declaracao-que-nao-incorrem-em-quaisquer-das-vedacoes-previstas-no-art.-39-da-Lei-no-13.019-de-2014.doc\" class=\"wp-block-file__button wp-element-button\" download aria-describedby=\"wp-block-file--media-07c672f6-e6bd-4ed1-908a-e7bdae9b7435\">Baixar<\/a><\/div>\n\n\n\n<div class=\"wp-block-file\"><a id=\"wp-block-file--media-82d7227a-46dd-4680-8af4-64edecb701c1\" href=\"https:\/\/www.manaus.am.gov.br\/manauscult\/wp-content\/uploads\/sites\/11\/2025\/04\/8-Manual_Prestacao_de_Contas_OSCs.pdf\">8 &#8211; Manual_Prestacao_de_Contas_OSCs<\/a><a href=\"https:\/\/www.manaus.am.gov.br\/manauscult\/wp-content\/uploads\/sites\/11\/2025\/04\/8-Manual_Prestacao_de_Contas_OSCs.pdf\" class=\"wp-block-file__button wp-element-button\" download aria-describedby=\"wp-block-file--media-82d7227a-46dd-4680-8af4-64edecb701c1\">Baixar<\/a><\/div>\n\n\n\n<div class=\"wp-block-file\"><a id=\"wp-block-file--media-341850c7-8e5c-446b-a0d6-588dd7a12a4b\" href=\"https:\/\/www.manaus.am.gov.br\/manauscult\/wp-content\/uploads\/sites\/11\/2025\/04\/8.1-Manual-de-Transferencias-Voluntarias_TCE.pdf\">8.1 Manual-de-Transferencias-Voluntarias_TCE<\/a><a href=\"https:\/\/www.manaus.am.gov.br\/manauscult\/wp-content\/uploads\/sites\/11\/2025\/04\/8.1-Manual-de-Transferencias-Voluntarias_TCE.pdf\" class=\"wp-block-file__button wp-element-button\" download aria-describedby=\"wp-block-file--media-341850c7-8e5c-446b-a0d6-588dd7a12a4b\">Baixar<\/a><\/div>\n\n\n\n<div class=\"wp-block-file\"><a id=\"wp-block-file--media-3ba45bb5-79ac-4347-a743-db289afc3013\" href=\"https:\/\/www.manaus.am.gov.br\/manauscult\/wp-content\/uploads\/sites\/11\/2025\/04\/9-MODELO-DE-RELATORIO-DO-CUMPRIMENTO-DO-OBJETO.docx\">9 &#8211; MODELO DE RELAT\u00d3RIO DO CUMPRIMENTO DO OBJETO<\/a><a href=\"https:\/\/www.manaus.am.gov.br\/manauscult\/wp-content\/uploads\/sites\/11\/2025\/04\/9-MODELO-DE-RELATORIO-DO-CUMPRIMENTO-DO-OBJETO.docx\" class=\"wp-block-file__button wp-element-button\" download aria-describedby=\"wp-block-file--media-3ba45bb5-79ac-4347-a743-db289afc3013\">Baixar<\/a><\/div>\n\n\n\n<div class=\"wp-block-file\"><a id=\"wp-block-file--media-c9023465-4b28-477f-879e-9b044035f4d1\" href=\"https:\/\/www.manaus.am.gov.br\/manauscult\/wp-content\/uploads\/sites\/11\/2025\/04\/10-Finaceiro.xlsx\">10 &#8211; Finaceiro<\/a><a href=\"https:\/\/www.manaus.am.gov.br\/manauscult\/wp-content\/uploads\/sites\/11\/2025\/04\/10-Finaceiro.xlsx\" class=\"wp-block-file__button wp-element-button\" download aria-describedby=\"wp-block-file--media-c9023465-4b28-477f-879e-9b044035f4d1\">Baixar<\/a><\/div>\n\n\n\n<div class=\"wp-block-file\"><a id=\"wp-block-file--media-1cfcaf57-dc21-4f12-a8c2-4c283be5ae7a\" href=\"https:\/\/www.manaus.am.gov.br\/manauscult\/wp-content\/uploads\/sites\/11\/2025\/04\/11-Relacao-de-Pagamento.xlsx\">11 &#8211; Rela\u00e7\u00e3o de Pagamento<\/a><a href=\"https:\/\/www.manaus.am.gov.br\/manauscult\/wp-content\/uploads\/sites\/11\/2025\/04\/11-Relacao-de-Pagamento.xlsx\" class=\"wp-block-file__button wp-element-button\" download aria-describedby=\"wp-block-file--media-1cfcaf57-dc21-4f12-a8c2-4c283be5ae7a\">Baixar<\/a><\/div>\n\n\n\n<div class=\"wp-block-file\"><a id=\"wp-block-file--media-7498b3ae-0b81-4be5-8d37-7884b22409af\" href=\"https:\/\/www.manaus.am.gov.br\/manauscult\/wp-content\/uploads\/sites\/11\/2025\/04\/12-Demonstrativo-de-Rendimento.xlsx\">12 &#8211; Demonstrativo de Rendimento<\/a><a href=\"https:\/\/www.manaus.am.gov.br\/manauscult\/wp-content\/uploads\/sites\/11\/2025\/04\/12-Demonstrativo-de-Rendimento.xlsx\" class=\"wp-block-file__button wp-element-button\" download aria-describedby=\"wp-block-file--media-7498b3ae-0b81-4be5-8d37-7884b22409af\">Baixar<\/a><\/div>\n\n\n\n<div class=\"wp-block-file\"><a id=\"wp-block-file--media-5078cb89-a292-49ef-87e1-2af0a3a95f89\" href=\"https:\/\/www.manaus.am.gov.br\/manauscult\/wp-content\/uploads\/sites\/11\/2025\/04\/13-Demonstrativo-de-Recurso-Proprio-Devolucao.xlsx\">13 &#8211; Demonstrativo de Recurso Pr\u00f3prio-Devolu\u00e7\u00e3o<\/a><a href=\"https:\/\/www.manaus.am.gov.br\/manauscult\/wp-content\/uploads\/sites\/11\/2025\/04\/13-Demonstrativo-de-Recurso-Proprio-Devolucao.xlsx\" class=\"wp-block-file__button wp-element-button\" download aria-describedby=\"wp-block-file--media-5078cb89-a292-49ef-87e1-2af0a3a95f89\">Baixar<\/a><\/div>\n\n\n\n<div class=\"wp-block-file\"><a id=\"wp-block-file--media-e9a5a481-afba-43b2-8f99-de259989b65c\" href=\"https:\/\/www.manaus.am.gov.br\/manauscult\/wp-content\/uploads\/sites\/11\/2025\/04\/14-Demonstrativo-de-tarifa-bancaria.xlsx\">14 &#8211; Demonstrativo de tarifa bancaria<\/a><a href=\"https:\/\/www.manaus.am.gov.br\/manauscult\/wp-content\/uploads\/sites\/11\/2025\/04\/14-Demonstrativo-de-tarifa-bancaria.xlsx\" class=\"wp-block-file__button wp-element-button\" download aria-describedby=\"wp-block-file--media-e9a5a481-afba-43b2-8f99-de259989b65c\">Baixar<\/a><\/div>\n\n\n\n<div class=\"wp-block-file\"><a id=\"wp-block-file--media-f03dcb86-180e-4a13-a842-a2e579c34315\" href=\"https:\/\/www.manaus.am.gov.br\/manauscult\/wp-content\/uploads\/sites\/11\/2025\/04\/15-Pagamento-de-pessoa-fisica.xlsx\">15 &#8211; Pagamento de pessoa fisica<\/a><a href=\"https:\/\/www.manaus.am.gov.br\/manauscult\/wp-content\/uploads\/sites\/11\/2025\/04\/15-Pagamento-de-pessoa-fisica.xlsx\" class=\"wp-block-file__button wp-element-button\" download aria-describedby=\"wp-block-file--media-f03dcb86-180e-4a13-a842-a2e579c34315\">Baixar<\/a><\/div>\n\n\n\n<div class=\"wp-block-file\"><a id=\"wp-block-file--media-988036d7-b34f-482e-86c9-a7b99e006d3c\" href=\"https:\/\/www.manaus.am.gov.br\/manauscult\/wp-content\/uploads\/sites\/11\/2025\/04\/16-RELATORIO-DE-UTILIZACAO-DE-COMBUSTIVEL.xlsx\">16 &#8211; RELAT\u00d3RIO DE UTILIZA\u00c7\u00c3O DE COMBUST\u00cdVEL<\/a><a href=\"https:\/\/www.manaus.am.gov.br\/manauscult\/wp-content\/uploads\/sites\/11\/2025\/04\/16-RELATORIO-DE-UTILIZACAO-DE-COMBUSTIVEL.xlsx\" class=\"wp-block-file__button wp-element-button\" download aria-describedby=\"wp-block-file--media-988036d7-b34f-482e-86c9-a7b99e006d3c\">Baixar<\/a><\/div>\n\n\n\n<div class=\"wp-block-file\"><a id=\"wp-block-file--media-edc1d4ee-791e-442a-8a8e-4067f6237969\" href=\"https:\/\/www.manaus.am.gov.br\/manauscult\/wp-content\/uploads\/sites\/11\/2025\/04\/Extrato-do-Edital-no-003-2025-Turismo.pdf\">Extrato do Edital n\u00ba 003-2025-Turismo<\/a><a href=\"https:\/\/www.manaus.am.gov.br\/manauscult\/wp-content\/uploads\/sites\/11\/2025\/04\/Extrato-do-Edital-no-003-2025-Turismo.pdf\" class=\"wp-block-file__button wp-element-button\" download aria-describedby=\"wp-block-file--media-edc1d4ee-791e-442a-8a8e-4067f6237969\">Baixar<\/a><\/div>\n\n\n\n<p><a href=\"https:\/\/forms.gle\/DkXvtasikyyRHgNk9\">Presta\u00e7\u00e3o de Contas<\/a><\/p>\n","protected":false},"excerpt":{"rendered":"","protected":false},"author":8,"featured_media":0,"parent":0,"menu_order":0,"comment_status":"closed","ping_status":"closed","template":"","meta":{"footnotes":""},"acf":[],"yoast_head":"<!-- This site is optimized with the Yoast SEO plugin v23.0 - https:\/\/yoast.com\/wordpress\/plugins\/seo\/ -->\n<title>Edital de Sele\u00e7\u00e3o da Organiza\u00e7\u00e3o da Sociedade Civil para Capacita\u00e7\u00e3o e Qualifica\u00e7\u00e3o de Profissional do Turismo na base comunit\u00e1ria - MANAUSCULT<\/title>\n<meta name=\"robots\" content=\"noindex, follow\" \/>\n<meta property=\"og:locale\" content=\"pt_BR\" \/>\n<meta property=\"og:type\" content=\"article\" \/>\n<meta property=\"og:title\" content=\"Edital de Sele\u00e7\u00e3o da Organiza\u00e7\u00e3o da Sociedade Civil para Capacita\u00e7\u00e3o e Qualifica\u00e7\u00e3o de Profissional do Turismo na base comunit\u00e1ria - MANAUSCULT\" \/>\n<meta property=\"og:url\" content=\"https:\/\/www.manaus.am.gov.br\/manauscult\/edital-de-selecao-da-organizacao-da-sociedade-civil\/\" \/>\n<meta property=\"og:site_name\" content=\"MANAUSCULT\" \/>\n<meta property=\"article:modified_time\" content=\"2025-04-28T13:33:54+00:00\" \/>\n<meta name=\"twitter:card\" content=\"summary_large_image\" \/>\n<meta name=\"twitter:label1\" content=\"Est. reading time\" \/>\n\t<meta name=\"twitter:data1\" content=\"1 minuto\" \/>\n<script type=\"application\/ld+json\" class=\"yoast-schema-graph\">{\"@context\":\"https:\/\/schema.org\",\"@graph\":[{\"@type\":\"WebPage\",\"@id\":\"https:\/\/www.manaus.am.gov.br\/manauscult\/edital-de-selecao-da-organizacao-da-sociedade-civil\/\",\"url\":\"https:\/\/www.manaus.am.gov.br\/manauscult\/edital-de-selecao-da-organizacao-da-sociedade-civil\/\",\"name\":\"Edital de Sele\u00e7\u00e3o da Organiza\u00e7\u00e3o da Sociedade Civil para Capacita\u00e7\u00e3o e Qualifica\u00e7\u00e3o de Profissional do Turismo na base comunit\u00e1ria - MANAUSCULT\",\"isPartOf\":{\"@id\":\"https:\/\/www.manaus.am.gov.br\/manauscult\/#website\"},\"datePublished\":\"2025-04-28T13:33:53+00:00\",\"dateModified\":\"2025-04-28T13:33:54+00:00\",\"breadcrumb\":{\"@id\":\"https:\/\/www.manaus.am.gov.br\/manauscult\/edital-de-selecao-da-organizacao-da-sociedade-civil\/#breadcrumb\"},\"inLanguage\":\"pt-BR\",\"potentialAction\":[{\"@type\":\"ReadAction\",\"target\":[\"https:\/\/www.manaus.am.gov.br\/manauscult\/edital-de-selecao-da-organizacao-da-sociedade-civil\/\"]}]},{\"@type\":\"BreadcrumbList\",\"@id\":\"https:\/\/www.manaus.am.gov.br\/manauscult\/edital-de-selecao-da-organizacao-da-sociedade-civil\/#breadcrumb\",\"itemListElement\":[{\"@type\":\"ListItem\",\"position\":1,\"name\":\"Home\",\"item\":\"https:\/\/www.manaus.am.gov.br\/manauscult\/\"},{\"@type\":\"ListItem\",\"position\":2,\"name\":\"Edital de Sele\u00e7\u00e3o da Organiza\u00e7\u00e3o da Sociedade Civil para Capacita\u00e7\u00e3o e Qualifica\u00e7\u00e3o de Profissional do Turismo na base comunit\u00e1ria\"}]},{\"@type\":\"WebSite\",\"@id\":\"https:\/\/www.manaus.am.gov.br\/manauscult\/#website\",\"url\":\"https:\/\/www.manaus.am.gov.br\/manauscult\/\",\"name\":\"MANAUSCULT\",\"description\":\"Prefeitura de Manaus\",\"potentialAction\":[{\"@type\":\"SearchAction\",\"target\":{\"@type\":\"EntryPoint\",\"urlTemplate\":\"https:\/\/www.manaus.am.gov.br\/manauscult\/?s={search_term_string}\"},\"query-input\":\"required name=search_term_string\"}],\"inLanguage\":\"pt-BR\"}]}<\/script>\n<!-- \/ Yoast SEO plugin. -->","yoast_head_json":{"title":"Edital de Sele\u00e7\u00e3o da Organiza\u00e7\u00e3o da Sociedade Civil para Capacita\u00e7\u00e3o e Qualifica\u00e7\u00e3o de Profissional do Turismo na base comunit\u00e1ria - MANAUSCULT","robots":{"index":"noindex","follow":"follow"},"og_locale":"pt_BR","og_type":"article","og_title":"Edital de Sele\u00e7\u00e3o da Organiza\u00e7\u00e3o da Sociedade Civil para Capacita\u00e7\u00e3o e Qualifica\u00e7\u00e3o de Profissional do Turismo na base comunit\u00e1ria - MANAUSCULT","og_url":"https:\/\/www.manaus.am.gov.br\/manauscult\/edital-de-selecao-da-organizacao-da-sociedade-civil\/","og_site_name":"MANAUSCULT","article_modified_time":"2025-04-28T13:33:54+00:00","twitter_card":"summary_large_image","twitter_misc":{"Est. reading time":"1 minuto"},"schema":{"@context":"https:\/\/schema.org","@graph":[{"@type":"WebPage","@id":"https:\/\/www.manaus.am.gov.br\/manauscult\/edital-de-selecao-da-organizacao-da-sociedade-civil\/","url":"https:\/\/www.manaus.am.gov.br\/manauscult\/edital-de-selecao-da-organizacao-da-sociedade-civil\/","name":"Edital de Sele\u00e7\u00e3o da Organiza\u00e7\u00e3o da Sociedade Civil para Capacita\u00e7\u00e3o e Qualifica\u00e7\u00e3o de Profissional do Turismo na base comunit\u00e1ria - MANAUSCULT","isPartOf":{"@id":"https:\/\/www.manaus.am.gov.br\/manauscult\/#website"},"datePublished":"2025-04-28T13:33:53+00:00","dateModified":"2025-04-28T13:33:54+00:00","breadcrumb":{"@id":"https:\/\/www.manaus.am.gov.br\/manauscult\/edital-de-selecao-da-organizacao-da-sociedade-civil\/#breadcrumb"},"inLanguage":"pt-BR","potentialAction":[{"@type":"ReadAction","target":["https:\/\/www.manaus.am.gov.br\/manauscult\/edital-de-selecao-da-organizacao-da-sociedade-civil\/"]}]},{"@type":"BreadcrumbList","@id":"https:\/\/www.manaus.am.gov.br\/manauscult\/edital-de-selecao-da-organizacao-da-sociedade-civil\/#breadcrumb","itemListElement":[{"@type":"ListItem","position":1,"name":"Home","item":"https:\/\/www.manaus.am.gov.br\/manauscult\/"},{"@type":"ListItem","position":2,"name":"Edital de Sele\u00e7\u00e3o da Organiza\u00e7\u00e3o da Sociedade Civil para Capacita\u00e7\u00e3o e Qualifica\u00e7\u00e3o de Profissional do Turismo na base comunit\u00e1ria"}]},{"@type":"WebSite","@id":"https:\/\/www.manaus.am.gov.br\/manauscult\/#website","url":"https:\/\/www.manaus.am.gov.br\/manauscult\/","name":"MANAUSCULT","description":"Prefeitura de Manaus","potentialAction":[{"@type":"SearchAction","target":{"@type":"EntryPoint","urlTemplate":"https:\/\/www.manaus.am.gov.br\/manauscult\/?s={search_term_string}"},"query-input":"required name=search_term_string"}],"inLanguage":"pt-BR"}]}},"_links":{"self":[{"href":"https:\/\/www.manaus.am.gov.br\/manauscult\/wp-json\/wp\/v2\/pages\/3819"}],"collection":[{"href":"https:\/\/www.manaus.am.gov.br\/manauscult\/wp-json\/wp\/v2\/pages"}],"about":[{"href":"https:\/\/www.manaus.am.gov.br\/manauscult\/wp-json\/wp\/v2\/types\/page"}],"author":[{"embeddable":true,"href":"https:\/\/www.manaus.am.gov.br\/manauscult\/wp-json\/wp\/v2\/users\/8"}],"replies":[{"embeddable":true,"href":"https:\/\/www.manaus.am.gov.br\/manauscult\/wp-json\/wp\/v2\/comments?post=3819"}],"version-history":[{"count":1,"href":"https:\/\/www.manaus.am.gov.br\/manauscult\/wp-json\/wp\/v2\/pages\/3819\/revisions"}],"predecessor-version":[{"id":3840,"href":"https:\/\/www.manaus.am.gov.br\/manauscult\/wp-json\/wp\/v2\/pages\/3819\/revisions\/3840"}],"wp:attachment":[{"href":"https:\/\/www.manaus.am.gov.br\/manauscult\/wp-json\/wp\/v2\/media?parent=3819"}],"curies":[{"name":"wp","href":"https:\/\/api.w.org\/{rel}","templated":true}]}}