{"id":3735,"date":"2025-04-10T08:05:07","date_gmt":"2025-04-10T12:05:07","guid":{"rendered":"https:\/\/www.manaus.am.gov.br\/manauscult\/?page_id=3735"},"modified":"2025-04-10T08:05:59","modified_gmt":"2025-04-10T12:05:59","slug":"parque-gigantes-da-floresta","status":"publish","type":"page","link":"https:\/\/www.manaus.am.gov.br\/manauscult\/pontos-turisticos\/parque-gigantes-da-floresta\/","title":{"rendered":"Parque Gigantes da Floresta"},"content":{"rendered":"\n<h2 class=\"wp-block-heading\">Um verdadeiro presente para Manaus e um motivo de orgulho para toda a regi\u00e3o Norte<\/h2>\n\n\n\n<p><\/p>\n\n\n\n<div class=\"gallery-container\">\n    <div class=\"gallery-slide\" id=\"gallerySlide\">\n        <!-- Adicione suas imagens aqui -->\n        <img decoding=\"async\" src=\"https:\/\/www.manaus.am.gov.br\/manauscult\/wp-content\/uploads\/sites\/11\/2025\/04\/gigantesdafloresta-3.jpeg\" alt=\"Parque Gigantes da Floresta 3\">\n        <img decoding=\"async\" src=\"https:\/\/www.manaus.am.gov.br\/manauscult\/wp-content\/uploads\/sites\/11\/2025\/04\/gigantesdafloresta-4.jpeg\" alt=\"Parque Gigantes da Floresta 4\">        \n        <img decoding=\"async\" src=\"https:\/\/www.manaus.am.gov.br\/manauscult\/wp-content\/uploads\/sites\/11\/2025\/04\/gigantesdafloresta-1.jpeg\" alt=\"Parque Gigantes da Floresta 1\">        \n        <img decoding=\"async\" src=\"https:\/\/www.manaus.am.gov.br\/manauscult\/wp-content\/uploads\/sites\/11\/2025\/04\/gigantesdafloresta-2.jpeg\" alt=\"Parque Gigantes da Floresta 2\">        \n    <\/div>\n    <button class=\"gallery-button prev\" onclick=\"prevSlide()\">&#10094;<\/button>\n    <button class=\"gallery-button next\" onclick=\"nextSlide()\">&#10095;<\/button>\n<\/div>\n\n<style>\n    .gallery-container {\n    position: relative;\n    width: 90%; \/* Aumentado para ocupar mais espa\u00e7o *\/\n    max-width: 1200px; \/* Limite de largura para telas grandes *\/\n    margin: auto;\n    overflow: hidden;\n}\n\n.gallery-slide {\n    display: flex;\n    transition: transform 0.5s ease-in-out;\n}\n\n.gallery-slide img {\n    width: 100%;\n    max-width: none;\n    height: 500px;\n    object-fit: cover;\n    cursor: pointer;\n    flex-shrink: 0;\n}\n\n.gallery-button {\n    position: absolute;\n    top: 50%;\n    transform: translateY(-50%);\n    background-color: rgba(0, 0, 0, 0.5);\n    color: white;\n    border: none;\n    padding: 15px;\n    cursor: pointer;\n    z-index: 10;\n    font-size: 24px;\n    border-radius: 50%;\n}\n\n.prev {\n    left: 10px;\n}\n\n.next {\n    right: 10px;\n}\n\n@media (max-width: 768px) {\n    .gallery-slide img {\n        height: 300px;\n    }\n}\n\n<\/style>\n\n<script>\n    let currentIndex = 0;\n\n    function showSlide(index) {\n        const slides = document.getElementById('gallerySlide');\n        const totalSlides = slides.children.length;\n        if (index >= totalSlides) {\n            currentIndex = 0;\n        } else if (index < 0) {\n            currentIndex = totalSlides - 1;\n        } else {\n            currentIndex = index;\n        }\n        const offset = -currentIndex * 100;\n        slides.style.transform = `translateX(${offset}%)`;\n    }\n\n    function nextSlide() {\n        showSlide(currentIndex + 1);\n    }\n\n    function prevSlide() {\n        showSlide(currentIndex - 1);\n    }\n<\/script>\n\n\n\n<p><\/p>\n\n\n\n<p>Desde sua inaugura\u00e7\u00e3o em 5 de julho de 2024, o parque Gigantes da Floresta tem se destacado como um dos principais pontos tur\u00edsticos e de lazer de Manaus. Localizado entre as zonas Leste e Norte da cidade, o espa\u00e7o se tornou um verdadeiro s\u00edmbolo da valoriza\u00e7\u00e3o da cultura amaz\u00f4nica, inclus\u00e3o social e educa\u00e7\u00e3o ambiental. Com um conceito l\u00fadico e inovador, o parque ultrapassou recentemente a marca hist\u00f3rica de 3 milh\u00f5es de visitas, feito alcan\u00e7ado em menos de um ano de funcionamento.<\/p>\n\n\n\n<p>O projeto arquitet\u00f4nico foi desenvolvido pelo Instituto Municipal de Planejamento Urbano (Implurb). Com uma \u00e1rea de 18.453 metros quadrados, o parque oferece uma experi\u00eancia imersiva na biodiversidade da floresta amaz\u00f4nica por meio de seis cen\u00e1rios c\u00eanicos que abrigam mais de 1.290 esculturas e elementos c\u00eanicos, gigantes da fauna e da flora, de animais t\u00edpicos da regi\u00e3o, como on\u00e7as, macacos, cobras, peixes e sapos. As estruturas encantam crian\u00e7as e adultos e idosos, promovendo conhecimento e encantamento sobre a fauna local.<\/p>\n\n\n\n<p>O espa\u00e7o tamb\u00e9m \u00e9 equipado com sete \u00e1reas de playground, projetadas para todas as idades, incluindo cinco brinquedos inclusivos especialmente adaptados para Pessoas com Defici\u00eancia (PcDs), refor\u00e7ando o compromisso do parque com a acessibilidade e o lazer para todos.<\/p>\n\n\n\n<p>Um dos grandes destaques do parque \u00e9 a enorme pra\u00e7a molhada, com 3.600 metros quadrados e um espelho d\u2019\u00e1gua de 25 cent\u00edmetros de profundidade. O local conta com jatos de \u00e1gua interativos e \u00e9 adornado pela imponente \u201c\u00c1rvore da Vida\u201d, uma escultura de 15 metros de altura que se tornou um \u00edcone do parque e proporciona um ambiente refrescante, especialmente nos dias de calor amaz\u00f4nico.<\/p>\n\n\n\n<p>Para garantir o bom funcionamento e a melhor experi\u00eancia poss\u00edvel para os visitantes, o parque conta com equipes de monitores treinados que orientam o p\u00fablico, prestam aux\u00edlio e cuidam da preserva\u00e7\u00e3o do espa\u00e7o. Esses profissionais s\u00e3o respons\u00e1veis por zelar pelo uso correto das estruturas, promovendo seguran\u00e7a e entretenimento com responsabilidade.<\/p>\n\n\n\n<p>O parque Gigantes da Floresta funciona de quarta a sexta-feira, das 16h \u00e0s 21h, e aos s\u00e1bados, domingos e feriados, das 9h \u00e0s 21h. \u00c0s segundas e ter\u00e7as-feiras, o local fecha para manuten\u00e7\u00e3o. A pra\u00e7a molhada, por sua vez, opera a partir de 17h, de quarta a domingo, com acesso exclusivo a crian\u00e7as de at\u00e9 12 anos, sendo obrigat\u00f3ria a presen\u00e7a de um respons\u00e1vel para menores de 6 anos.<\/p>\n\n\n\n<p>Muito mais do que um ponto tur\u00edstico, o parque Gigantes da Floresta representa uma nova forma de viver a cidade, com mais contato com a natureza, aprendizado e inclus\u00e3o. Um verdadeiro presente para Manaus e um motivo de orgulho para toda a regi\u00e3o Norte.<\/p>\n\n\n\n<p>Texto: J\u00e9ssica Trajano<br>Fotos: Arquivo Semcom<\/p>\n","protected":false},"excerpt":{"rendered":"","protected":false},"author":8,"featured_media":0,"parent":3135,"menu_order":0,"comment_status":"closed","ping_status":"closed","template":"templates\/turismo.php","meta":{"footnotes":""},"acf":[],"yoast_head":"<!-- This site is optimized with the Yoast SEO plugin v23.0 - https:\/\/yoast.com\/wordpress\/plugins\/seo\/ -->\n<title>Parque Gigantes da Floresta - MANAUSCULT<\/title>\n<meta name=\"robots\" content=\"noindex, follow\" \/>\n<meta property=\"og:locale\" content=\"pt_BR\" \/>\n<meta property=\"og:type\" content=\"article\" \/>\n<meta property=\"og:title\" content=\"Parque Gigantes da Floresta - MANAUSCULT\" \/>\n<meta property=\"og:url\" content=\"https:\/\/www.manaus.am.gov.br\/manauscult\/pontos-turisticos\/parque-gigantes-da-floresta\/\" \/>\n<meta property=\"og:site_name\" content=\"MANAUSCULT\" \/>\n<meta property=\"article:modified_time\" content=\"2025-04-10T12:05:59+00:00\" \/>\n<meta property=\"og:image\" content=\"https:\/\/www.manaus.am.gov.br\/manauscult\/wp-content\/uploads\/sites\/11\/2025\/04\/gigantesdafloresta-3.jpeg\" \/>\n<meta name=\"twitter:card\" content=\"summary_large_image\" \/>\n<meta name=\"twitter:label1\" content=\"Est. reading time\" \/>\n\t<meta name=\"twitter:data1\" content=\"4 minutos\" \/>\n<script type=\"application\/ld+json\" class=\"yoast-schema-graph\">{\"@context\":\"https:\/\/schema.org\",\"@graph\":[{\"@type\":\"WebPage\",\"@id\":\"https:\/\/www.manaus.am.gov.br\/manauscult\/pontos-turisticos\/parque-gigantes-da-floresta\/\",\"url\":\"https:\/\/www.manaus.am.gov.br\/manauscult\/pontos-turisticos\/parque-gigantes-da-floresta\/\",\"name\":\"Parque Gigantes da Floresta - MANAUSCULT\",\"isPartOf\":{\"@id\":\"https:\/\/www.manaus.am.gov.br\/manauscult\/#website\"},\"primaryImageOfPage\":{\"@id\":\"https:\/\/www.manaus.am.gov.br\/manauscult\/pontos-turisticos\/parque-gigantes-da-floresta\/#primaryimage\"},\"image\":{\"@id\":\"https:\/\/www.manaus.am.gov.br\/manauscult\/pontos-turisticos\/parque-gigantes-da-floresta\/#primaryimage\"},\"thumbnailUrl\":\"https:\/\/www.manaus.am.gov.br\/manauscult\/wp-content\/uploads\/sites\/11\/2025\/04\/gigantesdafloresta-3.jpeg\",\"datePublished\":\"2025-04-10T12:05:07+00:00\",\"dateModified\":\"2025-04-10T12:05:59+00:00\",\"breadcrumb\":{\"@id\":\"https:\/\/www.manaus.am.gov.br\/manauscult\/pontos-turisticos\/parque-gigantes-da-floresta\/#breadcrumb\"},\"inLanguage\":\"pt-BR\",\"potentialAction\":[{\"@type\":\"ReadAction\",\"target\":[\"https:\/\/www.manaus.am.gov.br\/manauscult\/pontos-turisticos\/parque-gigantes-da-floresta\/\"]}]},{\"@type\":\"ImageObject\",\"inLanguage\":\"pt-BR\",\"@id\":\"https:\/\/www.manaus.am.gov.br\/manauscult\/pontos-turisticos\/parque-gigantes-da-floresta\/#primaryimage\",\"url\":\"https:\/\/www.manaus.am.gov.br\/manauscult\/wp-content\/uploads\/sites\/11\/2025\/04\/gigantesdafloresta-3.jpeg\",\"contentUrl\":\"https:\/\/www.manaus.am.gov.br\/manauscult\/wp-content\/uploads\/sites\/11\/2025\/04\/gigantesdafloresta-3.jpeg\",\"width\":1000,\"height\":751},{\"@type\":\"BreadcrumbList\",\"@id\":\"https:\/\/www.manaus.am.gov.br\/manauscult\/pontos-turisticos\/parque-gigantes-da-floresta\/#breadcrumb\",\"itemListElement\":[{\"@type\":\"ListItem\",\"position\":1,\"name\":\"Home\",\"item\":\"https:\/\/www.manaus.am.gov.br\/manauscult\/\"},{\"@type\":\"ListItem\",\"position\":2,\"name\":\"Pontos Tur\u00edsticos e Culturais\",\"item\":\"https:\/\/www.manaus.am.gov.br\/manauscult\/pontos-turisticos\/\"},{\"@type\":\"ListItem\",\"position\":3,\"name\":\"Parque Gigantes da Floresta\"}]},{\"@type\":\"WebSite\",\"@id\":\"https:\/\/www.manaus.am.gov.br\/manauscult\/#website\",\"url\":\"https:\/\/www.manaus.am.gov.br\/manauscult\/\",\"name\":\"MANAUSCULT\",\"description\":\"Prefeitura de Manaus\",\"potentialAction\":[{\"@type\":\"SearchAction\",\"target\":{\"@type\":\"EntryPoint\",\"urlTemplate\":\"https:\/\/www.manaus.am.gov.br\/manauscult\/?s={search_term_string}\"},\"query-input\":\"required name=search_term_string\"}],\"inLanguage\":\"pt-BR\"}]}<\/script>\n<!-- \/ Yoast SEO plugin. -->","yoast_head_json":{"title":"Parque Gigantes da Floresta - MANAUSCULT","robots":{"index":"noindex","follow":"follow"},"og_locale":"pt_BR","og_type":"article","og_title":"Parque Gigantes da Floresta - MANAUSCULT","og_url":"https:\/\/www.manaus.am.gov.br\/manauscult\/pontos-turisticos\/parque-gigantes-da-floresta\/","og_site_name":"MANAUSCULT","article_modified_time":"2025-04-10T12:05:59+00:00","og_image":[{"url":"https:\/\/www.manaus.am.gov.br\/manauscult\/wp-content\/uploads\/sites\/11\/2025\/04\/gigantesdafloresta-3.jpeg"}],"twitter_card":"summary_large_image","twitter_misc":{"Est. reading time":"4 minutos"},"schema":{"@context":"https:\/\/schema.org","@graph":[{"@type":"WebPage","@id":"https:\/\/www.manaus.am.gov.br\/manauscult\/pontos-turisticos\/parque-gigantes-da-floresta\/","url":"https:\/\/www.manaus.am.gov.br\/manauscult\/pontos-turisticos\/parque-gigantes-da-floresta\/","name":"Parque Gigantes da Floresta - MANAUSCULT","isPartOf":{"@id":"https:\/\/www.manaus.am.gov.br\/manauscult\/#website"},"primaryImageOfPage":{"@id":"https:\/\/www.manaus.am.gov.br\/manauscult\/pontos-turisticos\/parque-gigantes-da-floresta\/#primaryimage"},"image":{"@id":"https:\/\/www.manaus.am.gov.br\/manauscult\/pontos-turisticos\/parque-gigantes-da-floresta\/#primaryimage"},"thumbnailUrl":"https:\/\/www.manaus.am.gov.br\/manauscult\/wp-content\/uploads\/sites\/11\/2025\/04\/gigantesdafloresta-3.jpeg","datePublished":"2025-04-10T12:05:07+00:00","dateModified":"2025-04-10T12:05:59+00:00","breadcrumb":{"@id":"https:\/\/www.manaus.am.gov.br\/manauscult\/pontos-turisticos\/parque-gigantes-da-floresta\/#breadcrumb"},"inLanguage":"pt-BR","potentialAction":[{"@type":"ReadAction","target":["https:\/\/www.manaus.am.gov.br\/manauscult\/pontos-turisticos\/parque-gigantes-da-floresta\/"]}]},{"@type":"ImageObject","inLanguage":"pt-BR","@id":"https:\/\/www.manaus.am.gov.br\/manauscult\/pontos-turisticos\/parque-gigantes-da-floresta\/#primaryimage","url":"https:\/\/www.manaus.am.gov.br\/manauscult\/wp-content\/uploads\/sites\/11\/2025\/04\/gigantesdafloresta-3.jpeg","contentUrl":"https:\/\/www.manaus.am.gov.br\/manauscult\/wp-content\/uploads\/sites\/11\/2025\/04\/gigantesdafloresta-3.jpeg","width":1000,"height":751},{"@type":"BreadcrumbList","@id":"https:\/\/www.manaus.am.gov.br\/manauscult\/pontos-turisticos\/parque-gigantes-da-floresta\/#breadcrumb","itemListElement":[{"@type":"ListItem","position":1,"name":"Home","item":"https:\/\/www.manaus.am.gov.br\/manauscult\/"},{"@type":"ListItem","position":2,"name":"Pontos Tur\u00edsticos e Culturais","item":"https:\/\/www.manaus.am.gov.br\/manauscult\/pontos-turisticos\/"},{"@type":"ListItem","position":3,"name":"Parque Gigantes da Floresta"}]},{"@type":"WebSite","@id":"https:\/\/www.manaus.am.gov.br\/manauscult\/#website","url":"https:\/\/www.manaus.am.gov.br\/manauscult\/","name":"MANAUSCULT","description":"Prefeitura de Manaus","potentialAction":[{"@type":"SearchAction","target":{"@type":"EntryPoint","urlTemplate":"https:\/\/www.manaus.am.gov.br\/manauscult\/?s={search_term_string}"},"query-input":"required name=search_term_string"}],"inLanguage":"pt-BR"}]}},"_links":{"self":[{"href":"https:\/\/www.manaus.am.gov.br\/manauscult\/wp-json\/wp\/v2\/pages\/3735"}],"collection":[{"href":"https:\/\/www.manaus.am.gov.br\/manauscult\/wp-json\/wp\/v2\/pages"}],"about":[{"href":"https:\/\/www.manaus.am.gov.br\/manauscult\/wp-json\/wp\/v2\/types\/page"}],"author":[{"embeddable":true,"href":"https:\/\/www.manaus.am.gov.br\/manauscult\/wp-json\/wp\/v2\/users\/8"}],"replies":[{"embeddable":true,"href":"https:\/\/www.manaus.am.gov.br\/manauscult\/wp-json\/wp\/v2\/comments?post=3735"}],"version-history":[{"count":2,"href":"https:\/\/www.manaus.am.gov.br\/manauscult\/wp-json\/wp\/v2\/pages\/3735\/revisions"}],"predecessor-version":[{"id":3742,"href":"https:\/\/www.manaus.am.gov.br\/manauscult\/wp-json\/wp\/v2\/pages\/3735\/revisions\/3742"}],"up":[{"embeddable":true,"href":"https:\/\/www.manaus.am.gov.br\/manauscult\/wp-json\/wp\/v2\/pages\/3135"}],"wp:attachment":[{"href":"https:\/\/www.manaus.am.gov.br\/manauscult\/wp-json\/wp\/v2\/media?parent=3735"}],"curies":[{"name":"wp","href":"https:\/\/api.w.org\/{rel}","templated":true}]}}