{"id":3682,"date":"2025-04-08T10:59:02","date_gmt":"2025-04-08T14:59:02","guid":{"rendered":"https:\/\/www.manaus.am.gov.br\/manauscult\/?page_id=3682"},"modified":"2025-04-08T16:00:10","modified_gmt":"2025-04-08T20:00:10","slug":"cat","status":"publish","type":"page","link":"https:\/\/www.manaus.am.gov.br\/manauscult\/pontos-turisticos\/cat\/","title":{"rendered":"Centro de Atendimento ao Turista (CAT)"},"content":{"rendered":"\n<h2 class=\"wp-block-heading\">Informa\u00e7\u00e3o, Cultura e Hospitalidade \u2013 Conhe\u00e7a o Centro de Atendimento ao Turista (CAT) \u2013 Manaus<\/h2>\n\n\n\n<p><\/p>\n\n\n\n<div class=\"gallery-container\">\n    <div class=\"gallery-slide\" id=\"gallerySlide\">\n        <!-- Adicione suas imagens aqui -->\n        <img decoding=\"async\" src=\"https:\/\/www.manaus.am.gov.br\/manauscult\/wp-content\/uploads\/sites\/11\/2025\/04\/CAT-1.jpg\" alt=\"CAT 1\">\n        <img decoding=\"async\" src=\"https:\/\/www.manaus.am.gov.br\/manauscult\/wp-content\/uploads\/sites\/11\/2025\/04\/CAT-2.jpg\" alt=\"CAT 2\">\n        <img decoding=\"async\" src=\"https:\/\/www.manaus.am.gov.br\/manauscult\/wp-content\/uploads\/sites\/11\/2025\/04\/CAT-3.jpg\" alt=\"CAT 3\">\n        <img decoding=\"async\" src=\"https:\/\/www.manaus.am.gov.br\/manauscult\/wp-content\/uploads\/sites\/11\/2025\/04\/CAT-4.jpg\" alt=\"CAT 4\">\n        <img decoding=\"async\" src=\"https:\/\/www.manaus.am.gov.br\/manauscult\/wp-content\/uploads\/sites\/11\/2025\/04\/CAT-5.jpg\" alt=\"CAT 5\">\n        <img decoding=\"async\" src=\"https:\/\/www.manaus.am.gov.br\/manauscult\/wp-content\/uploads\/sites\/11\/2025\/04\/CAT-1.jpeg\" alt=\"CAT 6\">\n        <img decoding=\"async\" src=\"https:\/\/www.manaus.am.gov.br\/manauscult\/wp-content\/uploads\/sites\/11\/2025\/04\/CAT-2.jpeg\" alt=\"CAT 7\">                        \n    <\/div>\n    <button class=\"gallery-button prev\" onclick=\"prevSlide()\">&#10094;<\/button>\n    <button class=\"gallery-button next\" onclick=\"nextSlide()\">&#10095;<\/button>\n<\/div>\n\n<style>\n    .gallery-container {\n    position: relative;\n    width: 90%; \/* Aumentado para ocupar mais espa\u00e7o *\/\n    max-width: 1200px; \/* Limite de largura para telas grandes *\/\n    margin: auto;\n    overflow: hidden;\n}\n\n.gallery-slide {\n    display: flex;\n    transition: transform 0.5s ease-in-out;\n}\n\n.gallery-slide img {\n    width: 100%;\n    max-width: none;\n    height: 500px;\n    object-fit: cover;\n    cursor: pointer;\n    flex-shrink: 0;\n}\n\n.gallery-button {\n    position: absolute;\n    top: 50%;\n    transform: translateY(-50%);\n    background-color: rgba(0, 0, 0, 0.5);\n    color: white;\n    border: none;\n    padding: 15px;\n    cursor: pointer;\n    z-index: 10;\n    font-size: 24px;\n    border-radius: 50%;\n}\n\n.prev {\n    left: 10px;\n}\n\n.next {\n    right: 10px;\n}\n\n@media (max-width: 768px) {\n    .gallery-slide img {\n        height: 300px;\n    }\n}\n\n<\/style>\n\n<script>\n    let currentIndex = 0;\n\n    function showSlide(index) {\n        const slides = document.getElementById('gallerySlide');\n        const totalSlides = slides.children.length;\n        if (index >= totalSlides) {\n            currentIndex = 0;\n        } else if (index < 0) {\n            currentIndex = totalSlides - 1;\n        } else {\n            currentIndex = index;\n        }\n        const offset = -currentIndex * 100;\n        slides.style.transform = `translateX(${offset}%)`;\n    }\n\n    function nextSlide() {\n        showSlide(currentIndex + 1);\n    }\n\n    function prevSlide() {\n        showSlide(currentIndex - 1);\n    }\n<\/script>\n\n\n\n<p><\/p>\n\n\n\n<p>O Centro de Atendimento ao Turista (CAT) \u00e9 um importante equipamento tur\u00edstico mantido pela Prefeitura de Manaus, por meio da Funda\u00e7\u00e3o Municipal de Cultura, Turismo e Eventos (Manauscult). Seu principal objetivo \u00e9 acolher, orientar e facilitar a experi\u00eancia de turistas nacionais e estrangeiros que visitam a capital amazonense, promovendo o destino e refor\u00e7ando a imagem de Manaus como uma cidade hospitaleira, rica em cultura, hist\u00f3ria e belezas naturais.<\/p>\n\n\n\n<p>O Centro de Atendimento ao Turista (CAT) do Pavilh\u00e3o Universal, localizado na Pra\u00e7a Adalberto Vale, em Manaus, Amazonas, \u00e9 um servi\u00e7o que oferece informa\u00e7\u00f5es tur\u00edsticas e apoio a visitantes. O Pavilh\u00e3o Universal \u00e9 um importante s\u00edmbolo tur\u00edstico, cultural e hist\u00f3rico da cidade, constru\u00eddo em ferro e vidro \u2013 uma caracter\u00edstica marcante da arquitetura da Belle \u00c9poque. O endere\u00e7o est\u00e1 estrategicamente posicionado nas proximidades de pontos tur\u00edsticos de destaque como o Mercado Municipal Adolpho Lisboa, o Museu da Cidade, a Catedral Metropolitana e a \u00e1rea portu\u00e1ria, locais que concentram grande fluxo de visitantes.<\/p>\n\n\n\n<p>Al\u00e9m do CAT do Pavilh\u00e3o, a cidade conta com outros dois pontos de atendimento: um no Porto de Manaus, voltado especialmente para acolher os turistas que chegam por meio dos cruzeiros, e outro dentro do Mirante L\u00facia Almeida, para recepcionar os visitantes que chegam pela via fluvial. Esses pontos foram criados para refor\u00e7ar a hospitalidade e garantir que o turista receba suporte desde sua chegada \u00e0 cidade.<\/p>\n\n\n\n<p>O espa\u00e7o oferece uma s\u00e9rie de servi\u00e7os essenciais para o turista, como informa\u00e7\u00f5es sobre atrativos tur\u00edsticos, mapas, roteiros, orienta\u00e7\u00f5es sobre transporte, dicas culturais e gastron\u00f4micas, al\u00e9m de materiais bil\u00edngues e atendimento bil\u00edngue, garantindo acessibilidade para visitantes de diferentes nacionalidades. Os atendentes s\u00e3o capacitados e preparados para auxiliar os visitantes com cordialidade e conhecimento, tornando a visita mais segura, interessante e bem planejada.<\/p>\n\n\n\n<p>O CAT tamb\u00e9m serve como um ponto de apoio para operadores de turismo, ag\u00eancias e guias, sendo um elo importante entre o setor p\u00fablico e a cadeia produtiva do turismo local.<\/p>\n\n\n\n<p>O espa\u00e7o tamb\u00e9m promove a\u00e7\u00f5es de valoriza\u00e7\u00e3o cultural, como exposi\u00e7\u00f5es, apresenta\u00e7\u00f5es art\u00edsticas e distribui\u00e7\u00e3o de materiais informativos sobre eventos tradicionais da cidade, como o Festival Folcl\u00f3rico de Parintins, o Boi Manaus e o Sou Manaus Passo a Pa\u00e7o, um dos maiores festivais culturais do Brasil.<\/p>\n\n\n\n<p>O hor\u00e1rio de funcionamento do CAT \u00e9 de segunda a sexta-feira, das 8h \u00e0s 17h, garantindo suporte nos principais dias de movimenta\u00e7\u00e3o tur\u00edstica.<\/p>\n\n\n\n<p>Com esse servi\u00e7o, a Prefeitura de Manaus reafirma seu compromisso com o desenvolvimento do turismo como ferramenta de gera\u00e7\u00e3o de emprego, renda e valoriza\u00e7\u00e3o do patrim\u00f4nio hist\u00f3rico-cultural da cidade, contribuindo para uma experi\u00eancia enriquecedora para todos que escolhem Manaus como destino.<\/p>\n\n\n\n<p>Texto: J\u00e9ssica Trajano<br>Fotos: Thelson Souza<\/p>\n","protected":false},"excerpt":{"rendered":"","protected":false},"author":8,"featured_media":0,"parent":3135,"menu_order":0,"comment_status":"closed","ping_status":"closed","template":"templates\/turismo.php","meta":{"footnotes":""},"acf":[],"yoast_head":"<!-- This site is optimized with the Yoast SEO plugin v23.0 - https:\/\/yoast.com\/wordpress\/plugins\/seo\/ -->\n<title>Centro de Atendimento ao Turista (CAT) - MANAUSCULT<\/title>\n<meta name=\"robots\" content=\"noindex, follow\" \/>\n<meta property=\"og:locale\" content=\"pt_BR\" \/>\n<meta property=\"og:type\" content=\"article\" \/>\n<meta property=\"og:title\" content=\"Centro de Atendimento ao Turista (CAT) - MANAUSCULT\" \/>\n<meta property=\"og:url\" content=\"https:\/\/www.manaus.am.gov.br\/manauscult\/pontos-turisticos\/cat\/\" \/>\n<meta property=\"og:site_name\" content=\"MANAUSCULT\" \/>\n<meta property=\"article:modified_time\" content=\"2025-04-08T20:00:10+00:00\" \/>\n<meta property=\"og:image\" content=\"https:\/\/www.manaus.am.gov.br\/manauscult\/wp-content\/uploads\/sites\/11\/2025\/04\/CAT-1.jpg\" \/>\n<meta name=\"twitter:card\" content=\"summary_large_image\" \/>\n<meta name=\"twitter:label1\" content=\"Est. reading time\" \/>\n\t<meta name=\"twitter:data1\" content=\"4 minutos\" \/>\n<script type=\"application\/ld+json\" class=\"yoast-schema-graph\">{\"@context\":\"https:\/\/schema.org\",\"@graph\":[{\"@type\":\"WebPage\",\"@id\":\"https:\/\/www.manaus.am.gov.br\/manauscult\/pontos-turisticos\/cat\/\",\"url\":\"https:\/\/www.manaus.am.gov.br\/manauscult\/pontos-turisticos\/cat\/\",\"name\":\"Centro de Atendimento ao Turista (CAT) - MANAUSCULT\",\"isPartOf\":{\"@id\":\"https:\/\/www.manaus.am.gov.br\/manauscult\/#website\"},\"primaryImageOfPage\":{\"@id\":\"https:\/\/www.manaus.am.gov.br\/manauscult\/pontos-turisticos\/cat\/#primaryimage\"},\"image\":{\"@id\":\"https:\/\/www.manaus.am.gov.br\/manauscult\/pontos-turisticos\/cat\/#primaryimage\"},\"thumbnailUrl\":\"https:\/\/www.manaus.am.gov.br\/manauscult\/wp-content\/uploads\/sites\/11\/2025\/04\/CAT-1.jpg\",\"datePublished\":\"2025-04-08T14:59:02+00:00\",\"dateModified\":\"2025-04-08T20:00:10+00:00\",\"breadcrumb\":{\"@id\":\"https:\/\/www.manaus.am.gov.br\/manauscult\/pontos-turisticos\/cat\/#breadcrumb\"},\"inLanguage\":\"pt-BR\",\"potentialAction\":[{\"@type\":\"ReadAction\",\"target\":[\"https:\/\/www.manaus.am.gov.br\/manauscult\/pontos-turisticos\/cat\/\"]}]},{\"@type\":\"ImageObject\",\"inLanguage\":\"pt-BR\",\"@id\":\"https:\/\/www.manaus.am.gov.br\/manauscult\/pontos-turisticos\/cat\/#primaryimage\",\"url\":\"https:\/\/www.manaus.am.gov.br\/manauscult\/wp-content\/uploads\/sites\/11\/2025\/04\/CAT-1.jpg\",\"contentUrl\":\"https:\/\/www.manaus.am.gov.br\/manauscult\/wp-content\/uploads\/sites\/11\/2025\/04\/CAT-1.jpg\",\"width\":1000,\"height\":668},{\"@type\":\"BreadcrumbList\",\"@id\":\"https:\/\/www.manaus.am.gov.br\/manauscult\/pontos-turisticos\/cat\/#breadcrumb\",\"itemListElement\":[{\"@type\":\"ListItem\",\"position\":1,\"name\":\"Home\",\"item\":\"https:\/\/www.manaus.am.gov.br\/manauscult\/\"},{\"@type\":\"ListItem\",\"position\":2,\"name\":\"Pontos Tur\u00edsticos e Culturais\",\"item\":\"https:\/\/www.manaus.am.gov.br\/manauscult\/pontos-turisticos\/\"},{\"@type\":\"ListItem\",\"position\":3,\"name\":\"Centro de Atendimento ao Turista (CAT)\"}]},{\"@type\":\"WebSite\",\"@id\":\"https:\/\/www.manaus.am.gov.br\/manauscult\/#website\",\"url\":\"https:\/\/www.manaus.am.gov.br\/manauscult\/\",\"name\":\"MANAUSCULT\",\"description\":\"Prefeitura de Manaus\",\"potentialAction\":[{\"@type\":\"SearchAction\",\"target\":{\"@type\":\"EntryPoint\",\"urlTemplate\":\"https:\/\/www.manaus.am.gov.br\/manauscult\/?s={search_term_string}\"},\"query-input\":\"required name=search_term_string\"}],\"inLanguage\":\"pt-BR\"}]}<\/script>\n<!-- \/ Yoast SEO plugin. -->","yoast_head_json":{"title":"Centro de Atendimento ao Turista (CAT) - MANAUSCULT","robots":{"index":"noindex","follow":"follow"},"og_locale":"pt_BR","og_type":"article","og_title":"Centro de Atendimento ao Turista (CAT) - MANAUSCULT","og_url":"https:\/\/www.manaus.am.gov.br\/manauscult\/pontos-turisticos\/cat\/","og_site_name":"MANAUSCULT","article_modified_time":"2025-04-08T20:00:10+00:00","og_image":[{"url":"https:\/\/www.manaus.am.gov.br\/manauscult\/wp-content\/uploads\/sites\/11\/2025\/04\/CAT-1.jpg"}],"twitter_card":"summary_large_image","twitter_misc":{"Est. reading time":"4 minutos"},"schema":{"@context":"https:\/\/schema.org","@graph":[{"@type":"WebPage","@id":"https:\/\/www.manaus.am.gov.br\/manauscult\/pontos-turisticos\/cat\/","url":"https:\/\/www.manaus.am.gov.br\/manauscult\/pontos-turisticos\/cat\/","name":"Centro de Atendimento ao Turista (CAT) - MANAUSCULT","isPartOf":{"@id":"https:\/\/www.manaus.am.gov.br\/manauscult\/#website"},"primaryImageOfPage":{"@id":"https:\/\/www.manaus.am.gov.br\/manauscult\/pontos-turisticos\/cat\/#primaryimage"},"image":{"@id":"https:\/\/www.manaus.am.gov.br\/manauscult\/pontos-turisticos\/cat\/#primaryimage"},"thumbnailUrl":"https:\/\/www.manaus.am.gov.br\/manauscult\/wp-content\/uploads\/sites\/11\/2025\/04\/CAT-1.jpg","datePublished":"2025-04-08T14:59:02+00:00","dateModified":"2025-04-08T20:00:10+00:00","breadcrumb":{"@id":"https:\/\/www.manaus.am.gov.br\/manauscult\/pontos-turisticos\/cat\/#breadcrumb"},"inLanguage":"pt-BR","potentialAction":[{"@type":"ReadAction","target":["https:\/\/www.manaus.am.gov.br\/manauscult\/pontos-turisticos\/cat\/"]}]},{"@type":"ImageObject","inLanguage":"pt-BR","@id":"https:\/\/www.manaus.am.gov.br\/manauscult\/pontos-turisticos\/cat\/#primaryimage","url":"https:\/\/www.manaus.am.gov.br\/manauscult\/wp-content\/uploads\/sites\/11\/2025\/04\/CAT-1.jpg","contentUrl":"https:\/\/www.manaus.am.gov.br\/manauscult\/wp-content\/uploads\/sites\/11\/2025\/04\/CAT-1.jpg","width":1000,"height":668},{"@type":"BreadcrumbList","@id":"https:\/\/www.manaus.am.gov.br\/manauscult\/pontos-turisticos\/cat\/#breadcrumb","itemListElement":[{"@type":"ListItem","position":1,"name":"Home","item":"https:\/\/www.manaus.am.gov.br\/manauscult\/"},{"@type":"ListItem","position":2,"name":"Pontos Tur\u00edsticos e Culturais","item":"https:\/\/www.manaus.am.gov.br\/manauscult\/pontos-turisticos\/"},{"@type":"ListItem","position":3,"name":"Centro de Atendimento ao Turista (CAT)"}]},{"@type":"WebSite","@id":"https:\/\/www.manaus.am.gov.br\/manauscult\/#website","url":"https:\/\/www.manaus.am.gov.br\/manauscult\/","name":"MANAUSCULT","description":"Prefeitura de Manaus","potentialAction":[{"@type":"SearchAction","target":{"@type":"EntryPoint","urlTemplate":"https:\/\/www.manaus.am.gov.br\/manauscult\/?s={search_term_string}"},"query-input":"required name=search_term_string"}],"inLanguage":"pt-BR"}]}},"_links":{"self":[{"href":"https:\/\/www.manaus.am.gov.br\/manauscult\/wp-json\/wp\/v2\/pages\/3682"}],"collection":[{"href":"https:\/\/www.manaus.am.gov.br\/manauscult\/wp-json\/wp\/v2\/pages"}],"about":[{"href":"https:\/\/www.manaus.am.gov.br\/manauscult\/wp-json\/wp\/v2\/types\/page"}],"author":[{"embeddable":true,"href":"https:\/\/www.manaus.am.gov.br\/manauscult\/wp-json\/wp\/v2\/users\/8"}],"replies":[{"embeddable":true,"href":"https:\/\/www.manaus.am.gov.br\/manauscult\/wp-json\/wp\/v2\/comments?post=3682"}],"version-history":[{"count":5,"href":"https:\/\/www.manaus.am.gov.br\/manauscult\/wp-json\/wp\/v2\/pages\/3682\/revisions"}],"predecessor-version":[{"id":3700,"href":"https:\/\/www.manaus.am.gov.br\/manauscult\/wp-json\/wp\/v2\/pages\/3682\/revisions\/3700"}],"up":[{"embeddable":true,"href":"https:\/\/www.manaus.am.gov.br\/manauscult\/wp-json\/wp\/v2\/pages\/3135"}],"wp:attachment":[{"href":"https:\/\/www.manaus.am.gov.br\/manauscult\/wp-json\/wp\/v2\/media?parent=3682"}],"curies":[{"name":"wp","href":"https:\/\/api.w.org\/{rel}","templated":true}]}}