{"id":3552,"date":"2025-03-26T16:56:02","date_gmt":"2025-03-26T20:56:02","guid":{"rendered":"https:\/\/www.manaus.am.gov.br\/manauscult\/?page_id=3552"},"modified":"2025-03-26T16:56:03","modified_gmt":"2025-03-26T20:56:03","slug":"centro-de-arqueologia-de-manaus","status":"publish","type":"page","link":"https:\/\/www.manaus.am.gov.br\/manauscult\/pontos-turisticos\/centro-de-arqueologia-de-manaus\/","title":{"rendered":"Centro de Arqueologia de Manaus"},"content":{"rendered":"\n<h2 class=\"wp-block-heading\">Descubra os Segredos Milenares da Amaz\u00f4nia<\/h2>\n\n\n\n<p><\/p>\n\n\n\n<div class=\"gallery-container\">\n    <div class=\"gallery-slide\" id=\"gallerySlide\">\n        <!-- Adicione suas imagens aqui -->\n        <img decoding=\"async\" src=\"https:\/\/www.manaus.am.gov.br\/manauscult\/wp-content\/uploads\/sites\/11\/2025\/03\/cam-1.jpg\" alt=\"cam 1\">\n        <img decoding=\"async\" src=\"https:\/\/www.manaus.am.gov.br\/manauscult\/wp-content\/uploads\/sites\/11\/2025\/03\/cam-2.jpg\" alt=\"cam 2\">        \n        <img decoding=\"async\" src=\"https:\/\/www.manaus.am.gov.br\/manauscult\/wp-content\/uploads\/sites\/11\/2025\/03\/cam-3.jpg\" alt=\"cam 3\">        \n        <img decoding=\"async\" src=\"https:\/\/www.manaus.am.gov.br\/manauscult\/wp-content\/uploads\/sites\/11\/2025\/03\/cam-4.jpg\" alt=\"cam 4\">        \n        <img decoding=\"async\" src=\"https:\/\/www.manaus.am.gov.br\/manauscult\/wp-content\/uploads\/sites\/11\/2025\/03\/cam-5.jpg\" alt=\"cam 5\">        \n        <img decoding=\"async\" src=\"https:\/\/www.manaus.am.gov.br\/manauscult\/wp-content\/uploads\/sites\/11\/2025\/03\/cam-6.jpg\" alt=\"cam 6\">        \n        <img decoding=\"async\" src=\"https:\/\/www.manaus.am.gov.br\/manauscult\/wp-content\/uploads\/sites\/11\/2025\/03\/cam-7.jpg\" alt=\"cam 7\">        \n        <img decoding=\"async\" src=\"https:\/\/www.manaus.am.gov.br\/manauscult\/wp-content\/uploads\/sites\/11\/2025\/03\/cam-8.jpg\" alt=\"cam 8\">        \n        <img decoding=\"async\" src=\"https:\/\/www.manaus.am.gov.br\/manauscult\/wp-content\/uploads\/sites\/11\/2025\/03\/cam-9.jpg\" alt=\"cam 9\">        \n        <img decoding=\"async\" src=\"https:\/\/www.manaus.am.gov.br\/manauscult\/wp-content\/uploads\/sites\/11\/2025\/03\/cam-10.jpg\" alt=\"cam 10\">        \n        <img decoding=\"async\" src=\"https:\/\/www.manaus.am.gov.br\/manauscult\/wp-content\/uploads\/sites\/11\/2025\/03\/cam-11.jpg\" alt=\"cam 11\">        \n        <img decoding=\"async\" src=\"https:\/\/www.manaus.am.gov.br\/manauscult\/wp-content\/uploads\/sites\/11\/2025\/03\/cam-12.jpg\" alt=\"cam 12\">        \n        <img decoding=\"async\" src=\"https:\/\/www.manaus.am.gov.br\/manauscult\/wp-content\/uploads\/sites\/11\/2025\/03\/cam-13.jpg\" alt=\"cam 13\">        \n        <img decoding=\"async\" src=\"https:\/\/www.manaus.am.gov.br\/manauscult\/wp-content\/uploads\/sites\/11\/2025\/03\/cam-14.jpg\" alt=\"cam 14\">        \n        <img decoding=\"async\" src=\"https:\/\/www.manaus.am.gov.br\/manauscult\/wp-content\/uploads\/sites\/11\/2025\/03\/cam-15.jpg\" alt=\"cam 15\">        \n        <img decoding=\"async\" src=\"https:\/\/www.manaus.am.gov.br\/manauscult\/wp-content\/uploads\/sites\/11\/2025\/03\/cam-16.jpg\" alt=\"cam 16\">        \n        <img decoding=\"async\" src=\"https:\/\/www.manaus.am.gov.br\/manauscult\/wp-content\/uploads\/sites\/11\/2025\/03\/cam-17.jpg\" alt=\"cam 17\">        \n        <img decoding=\"async\" src=\"https:\/\/www.manaus.am.gov.br\/manauscult\/wp-content\/uploads\/sites\/11\/2025\/03\/cam-18.jpg\" alt=\"cam 18\">        \n        <img decoding=\"async\" src=\"https:\/\/www.manaus.am.gov.br\/manauscult\/wp-content\/uploads\/sites\/11\/2025\/03\/cam-19.jpg\" alt=\"cam 19\">        \n        \n    <\/div>\n    <button class=\"gallery-button prev\" onclick=\"prevSlide()\">&#10094;<\/button>\n    <button class=\"gallery-button next\" onclick=\"nextSlide()\">&#10095;<\/button>\n<\/div>\n\n<style>\n    .gallery-container {\n    position: relative;\n    width: 90%; \/* Aumentado para ocupar mais espa\u00e7o *\/\n    max-width: 1200px; \/* Limite de largura para telas grandes *\/\n    margin: auto;\n    overflow: hidden;\n}\n\n.gallery-slide {\n    display: flex;\n    transition: transform 0.5s ease-in-out;\n}\n\n.gallery-slide img {\n    width: 100%;\n    max-width: none;\n    height: 500px;\n    object-fit: cover;\n    cursor: pointer;\n    flex-shrink: 0;\n}\n\n.gallery-button {\n    position: absolute;\n    top: 50%;\n    transform: translateY(-50%);\n    background-color: rgba(0, 0, 0, 0.5);\n    color: white;\n    border: none;\n    padding: 15px;\n    cursor: pointer;\n    z-index: 10;\n    font-size: 24px;\n    border-radius: 50%;\n}\n\n.prev {\n    left: 10px;\n}\n\n.next {\n    right: 10px;\n}\n\n@media (max-width: 768px) {\n    .gallery-slide img {\n        height: 300px;\n    }\n}\n\n<\/style>\n\n<script>\n    let currentIndex = 0;\n\n    function showSlide(index) {\n        const slides = document.getElementById('gallerySlide');\n        const totalSlides = slides.children.length;\n        if (index >= totalSlides) {\n            currentIndex = 0;\n        } else if (index < 0) {\n            currentIndex = totalSlides - 1;\n        } else {\n            currentIndex = index;\n        }\n        const offset = -currentIndex * 100;\n        slides.style.transform = `translateX(${offset}%)`;\n    }\n\n    function nextSlide() {\n        showSlide(currentIndex + 1);\n    }\n\n    function prevSlide() {\n        showSlide(currentIndex - 1);\n    }\n<\/script>\n\n\n\n<p><\/p>\n\n\n\n<p>O Centro de Arqueologia de Manaus (CAM), \u00e9 uma institui\u00e7\u00e3o dedicada \u00e0 guarda e pesquisa do patrim\u00f4nio arqueol\u00f3gico de Manaus. Localizado na avenida Sete de Setembro, n\u00ba 350, no Centro de Manaus, o CAM ocupa o pr\u00e9dio hist\u00f3rico que anteriormente abrigava a C\u00e2mara Municipal de Manaus.<\/p>\n\n\n\n<p>O CAM cont\u00e9m exposi\u00e7\u00f5es in situ, que demonstram o fazer arqueol\u00f3gico, e parte dos achados evidenciados quando da \u00faltima reforma do pr\u00e9dio que o transformou em Centro de Arqueologia. O contexto evidencia a riqueza cultural dos povos ancestrais que habitaram a \u00e1rea antes da invas\u00e3o europeia. Al\u00e9m disso, em exibi\u00e7\u00e3o, ainda est\u00e3o pe\u00e7as que remontam ao uso hist\u00f3rico do pr\u00e9dio, em seus v\u00e1rios momentos, e in\u00fameros pain\u00e9is informativos que explicam os processos arqueol\u00f3gicos e o contexto dos achados, proporcionando uma experi\u00eancia educativa e imersiva. \ufffc<\/p>\n\n\n\n<p>O CAM tem como objetivo subsidiar as obras da Prefeitura Municipal de Manaus, por meio da concess\u00e3o dos Endossos Institucionais exigidos no \u00e2mbito do Licenciamento Ambiental e em \u00e1reas Tombadas; promover pesquisa; realizar a curadoria, an\u00e1lise e conserva\u00e7\u00e3o das cole\u00e7\u00f5es arqueol\u00f3gicas oriundas de pesquisas realizadas na cidade de Manaus; promover a guarda permanente do material arqueol\u00f3gico; realizar exposi\u00e7\u00f5es e divulga\u00e7\u00e3o do conhecimento cient\u00edfico produzido acerca dos contextos pr\u00e9- colonial e hist\u00f3rico da cidade de Manaus. A gest\u00e3o do espa\u00e7o est\u00e1 sob a responsabilidade da Prefeitura de Manaus, por meio da Funda\u00e7\u00e3o Municipal de Cultura, Turismo e Eventos (Manauscult).<\/p>\n\n\n\n<p><\/p>\n\n\n\n<h2 class=\"wp-block-heading\">Import\u00e2ncia e preserva\u00e7\u00e3o do CAM<\/h2>\n\n\n\n<p>O CAM desempenha um papel crucial na conserva\u00e7\u00e3o e valoriza\u00e7\u00e3o do patrim\u00f4nio hist\u00f3rico e cultural do Amazonas. A partir das atividades de extrovers\u00e3o do conhecimento, o Centro contribui para a conscientiza\u00e7\u00e3o sobre a import\u00e2ncia n\u00e3o s\u00f3 da hist\u00f3ria regional, como tamb\u00e9m da forma\u00e7\u00e3o do que hoje \u00e9 conhecido como cidade de Manaus. Al\u00e9m disso, o CAM serve como um espa\u00e7o educativo, oferecendo atividades e exposi\u00e7\u00f5es que incentivam o conhecimento e a aprecia\u00e7\u00e3o das civiliza\u00e7\u00f5es que moldaram a Amaz\u00f4nia.<\/p>\n\n\n\n<p>Texto: J\u00e9ssica Trajano<br>Fotos:&nbsp;Thelson&nbsp;Souza<\/p>\n","protected":false},"excerpt":{"rendered":"","protected":false},"author":8,"featured_media":0,"parent":3135,"menu_order":0,"comment_status":"closed","ping_status":"closed","template":"templates\/turismo.php","meta":{"footnotes":""},"acf":[],"yoast_head":"<!-- This site is optimized with the Yoast SEO plugin v23.0 - https:\/\/yoast.com\/wordpress\/plugins\/seo\/ -->\n<title>Centro de Arqueologia de Manaus - MANAUSCULT<\/title>\n<meta name=\"robots\" content=\"noindex, follow\" \/>\n<meta property=\"og:locale\" content=\"pt_BR\" \/>\n<meta property=\"og:type\" content=\"article\" \/>\n<meta property=\"og:title\" content=\"Centro de Arqueologia de Manaus - MANAUSCULT\" \/>\n<meta property=\"og:url\" content=\"https:\/\/www.manaus.am.gov.br\/manauscult\/pontos-turisticos\/centro-de-arqueologia-de-manaus\/\" \/>\n<meta property=\"og:site_name\" content=\"MANAUSCULT\" \/>\n<meta property=\"article:modified_time\" content=\"2025-03-26T20:56:03+00:00\" \/>\n<meta property=\"og:image\" content=\"https:\/\/www.manaus.am.gov.br\/manauscult\/wp-content\/uploads\/sites\/11\/2025\/03\/cam-1.jpg\" \/>\n<meta name=\"twitter:card\" content=\"summary_large_image\" \/>\n<meta name=\"twitter:label1\" content=\"Est. reading time\" \/>\n\t<meta name=\"twitter:data1\" content=\"6 minutos\" \/>\n<script type=\"application\/ld+json\" class=\"yoast-schema-graph\">{\"@context\":\"https:\/\/schema.org\",\"@graph\":[{\"@type\":\"WebPage\",\"@id\":\"https:\/\/www.manaus.am.gov.br\/manauscult\/pontos-turisticos\/centro-de-arqueologia-de-manaus\/\",\"url\":\"https:\/\/www.manaus.am.gov.br\/manauscult\/pontos-turisticos\/centro-de-arqueologia-de-manaus\/\",\"name\":\"Centro de Arqueologia de Manaus - MANAUSCULT\",\"isPartOf\":{\"@id\":\"https:\/\/www.manaus.am.gov.br\/manauscult\/#website\"},\"primaryImageOfPage\":{\"@id\":\"https:\/\/www.manaus.am.gov.br\/manauscult\/pontos-turisticos\/centro-de-arqueologia-de-manaus\/#primaryimage\"},\"image\":{\"@id\":\"https:\/\/www.manaus.am.gov.br\/manauscult\/pontos-turisticos\/centro-de-arqueologia-de-manaus\/#primaryimage\"},\"thumbnailUrl\":\"https:\/\/www.manaus.am.gov.br\/manauscult\/wp-content\/uploads\/sites\/11\/2025\/03\/cam-1.jpg\",\"datePublished\":\"2025-03-26T20:56:02+00:00\",\"dateModified\":\"2025-03-26T20:56:03+00:00\",\"breadcrumb\":{\"@id\":\"https:\/\/www.manaus.am.gov.br\/manauscult\/pontos-turisticos\/centro-de-arqueologia-de-manaus\/#breadcrumb\"},\"inLanguage\":\"pt-BR\",\"potentialAction\":[{\"@type\":\"ReadAction\",\"target\":[\"https:\/\/www.manaus.am.gov.br\/manauscult\/pontos-turisticos\/centro-de-arqueologia-de-manaus\/\"]}]},{\"@type\":\"ImageObject\",\"inLanguage\":\"pt-BR\",\"@id\":\"https:\/\/www.manaus.am.gov.br\/manauscult\/pontos-turisticos\/centro-de-arqueologia-de-manaus\/#primaryimage\",\"url\":\"https:\/\/www.manaus.am.gov.br\/manauscult\/wp-content\/uploads\/sites\/11\/2025\/03\/cam-1.jpg\",\"contentUrl\":\"https:\/\/www.manaus.am.gov.br\/manauscult\/wp-content\/uploads\/sites\/11\/2025\/03\/cam-1.jpg\",\"width\":1000,\"height\":668},{\"@type\":\"BreadcrumbList\",\"@id\":\"https:\/\/www.manaus.am.gov.br\/manauscult\/pontos-turisticos\/centro-de-arqueologia-de-manaus\/#breadcrumb\",\"itemListElement\":[{\"@type\":\"ListItem\",\"position\":1,\"name\":\"Home\",\"item\":\"https:\/\/www.manaus.am.gov.br\/manauscult\/\"},{\"@type\":\"ListItem\",\"position\":2,\"name\":\"Pontos Tur\u00edsticos e Culturais\",\"item\":\"https:\/\/www.manaus.am.gov.br\/manauscult\/pontos-turisticos\/\"},{\"@type\":\"ListItem\",\"position\":3,\"name\":\"Centro de Arqueologia de Manaus\"}]},{\"@type\":\"WebSite\",\"@id\":\"https:\/\/www.manaus.am.gov.br\/manauscult\/#website\",\"url\":\"https:\/\/www.manaus.am.gov.br\/manauscult\/\",\"name\":\"MANAUSCULT\",\"description\":\"Prefeitura de Manaus\",\"potentialAction\":[{\"@type\":\"SearchAction\",\"target\":{\"@type\":\"EntryPoint\",\"urlTemplate\":\"https:\/\/www.manaus.am.gov.br\/manauscult\/?s={search_term_string}\"},\"query-input\":\"required name=search_term_string\"}],\"inLanguage\":\"pt-BR\"}]}<\/script>\n<!-- \/ Yoast SEO plugin. -->","yoast_head_json":{"title":"Centro de Arqueologia de Manaus - MANAUSCULT","robots":{"index":"noindex","follow":"follow"},"og_locale":"pt_BR","og_type":"article","og_title":"Centro de Arqueologia de Manaus - MANAUSCULT","og_url":"https:\/\/www.manaus.am.gov.br\/manauscult\/pontos-turisticos\/centro-de-arqueologia-de-manaus\/","og_site_name":"MANAUSCULT","article_modified_time":"2025-03-26T20:56:03+00:00","og_image":[{"url":"https:\/\/www.manaus.am.gov.br\/manauscult\/wp-content\/uploads\/sites\/11\/2025\/03\/cam-1.jpg"}],"twitter_card":"summary_large_image","twitter_misc":{"Est. reading time":"6 minutos"},"schema":{"@context":"https:\/\/schema.org","@graph":[{"@type":"WebPage","@id":"https:\/\/www.manaus.am.gov.br\/manauscult\/pontos-turisticos\/centro-de-arqueologia-de-manaus\/","url":"https:\/\/www.manaus.am.gov.br\/manauscult\/pontos-turisticos\/centro-de-arqueologia-de-manaus\/","name":"Centro de Arqueologia de Manaus - MANAUSCULT","isPartOf":{"@id":"https:\/\/www.manaus.am.gov.br\/manauscult\/#website"},"primaryImageOfPage":{"@id":"https:\/\/www.manaus.am.gov.br\/manauscult\/pontos-turisticos\/centro-de-arqueologia-de-manaus\/#primaryimage"},"image":{"@id":"https:\/\/www.manaus.am.gov.br\/manauscult\/pontos-turisticos\/centro-de-arqueologia-de-manaus\/#primaryimage"},"thumbnailUrl":"https:\/\/www.manaus.am.gov.br\/manauscult\/wp-content\/uploads\/sites\/11\/2025\/03\/cam-1.jpg","datePublished":"2025-03-26T20:56:02+00:00","dateModified":"2025-03-26T20:56:03+00:00","breadcrumb":{"@id":"https:\/\/www.manaus.am.gov.br\/manauscult\/pontos-turisticos\/centro-de-arqueologia-de-manaus\/#breadcrumb"},"inLanguage":"pt-BR","potentialAction":[{"@type":"ReadAction","target":["https:\/\/www.manaus.am.gov.br\/manauscult\/pontos-turisticos\/centro-de-arqueologia-de-manaus\/"]}]},{"@type":"ImageObject","inLanguage":"pt-BR","@id":"https:\/\/www.manaus.am.gov.br\/manauscult\/pontos-turisticos\/centro-de-arqueologia-de-manaus\/#primaryimage","url":"https:\/\/www.manaus.am.gov.br\/manauscult\/wp-content\/uploads\/sites\/11\/2025\/03\/cam-1.jpg","contentUrl":"https:\/\/www.manaus.am.gov.br\/manauscult\/wp-content\/uploads\/sites\/11\/2025\/03\/cam-1.jpg","width":1000,"height":668},{"@type":"BreadcrumbList","@id":"https:\/\/www.manaus.am.gov.br\/manauscult\/pontos-turisticos\/centro-de-arqueologia-de-manaus\/#breadcrumb","itemListElement":[{"@type":"ListItem","position":1,"name":"Home","item":"https:\/\/www.manaus.am.gov.br\/manauscult\/"},{"@type":"ListItem","position":2,"name":"Pontos Tur\u00edsticos e Culturais","item":"https:\/\/www.manaus.am.gov.br\/manauscult\/pontos-turisticos\/"},{"@type":"ListItem","position":3,"name":"Centro de Arqueologia de Manaus"}]},{"@type":"WebSite","@id":"https:\/\/www.manaus.am.gov.br\/manauscult\/#website","url":"https:\/\/www.manaus.am.gov.br\/manauscult\/","name":"MANAUSCULT","description":"Prefeitura de Manaus","potentialAction":[{"@type":"SearchAction","target":{"@type":"EntryPoint","urlTemplate":"https:\/\/www.manaus.am.gov.br\/manauscult\/?s={search_term_string}"},"query-input":"required name=search_term_string"}],"inLanguage":"pt-BR"}]}},"_links":{"self":[{"href":"https:\/\/www.manaus.am.gov.br\/manauscult\/wp-json\/wp\/v2\/pages\/3552"}],"collection":[{"href":"https:\/\/www.manaus.am.gov.br\/manauscult\/wp-json\/wp\/v2\/pages"}],"about":[{"href":"https:\/\/www.manaus.am.gov.br\/manauscult\/wp-json\/wp\/v2\/types\/page"}],"author":[{"embeddable":true,"href":"https:\/\/www.manaus.am.gov.br\/manauscult\/wp-json\/wp\/v2\/users\/8"}],"replies":[{"embeddable":true,"href":"https:\/\/www.manaus.am.gov.br\/manauscult\/wp-json\/wp\/v2\/comments?post=3552"}],"version-history":[{"count":2,"href":"https:\/\/www.manaus.am.gov.br\/manauscult\/wp-json\/wp\/v2\/pages\/3552\/revisions"}],"predecessor-version":[{"id":3573,"href":"https:\/\/www.manaus.am.gov.br\/manauscult\/wp-json\/wp\/v2\/pages\/3552\/revisions\/3573"}],"up":[{"embeddable":true,"href":"https:\/\/www.manaus.am.gov.br\/manauscult\/wp-json\/wp\/v2\/pages\/3135"}],"wp:attachment":[{"href":"https:\/\/www.manaus.am.gov.br\/manauscult\/wp-json\/wp\/v2\/media?parent=3552"}],"curies":[{"name":"wp","href":"https:\/\/api.w.org\/{rel}","templated":true}]}}