{"id":329,"date":"2023-05-29T20:45:39","date_gmt":"2023-05-30T00:45:39","guid":{"rendered":"https:\/\/www.manaus.am.gov.br\/manauscult\/?page_id=329"},"modified":"2023-05-29T21:10:45","modified_gmt":"2023-05-30T01:10:45","slug":"legislacao","status":"publish","type":"page","link":"https:\/\/www.manaus.am.gov.br\/manauscult\/legislacao\/","title":{"rendered":"Legisla\u00e7\u00e3o"},"content":{"rendered":"\n<h2 class=\"wp-block-heading\" style=\"text-transform:uppercase\"><a href=\"https:\/\/manauscult.manaus.am.gov.br\/wp-content\/uploads\/2023\/03\/DECRETO-N%C2%B0-5.504-DE-28-DE-FEVEREIRO-DE-2023.pdf\">Lei N\u00b0 2.213, de 04 de Abril de 2017<\/a><\/h2>\n\n\n\n<p>Concede incentivo fiscal para a realiza\u00e7\u00e3o de Projetos Culturais no \u00e2mbito do Munic\u00edpio de Manaus, e d\u00e1 outras provid\u00eancias.<\/p>\n\n\n\n<h2 class=\"wp-block-heading\" style=\"text-transform:uppercase\"><a href=\"https:\/\/manauscult.manaus.am.gov.br\/wp-content\/uploads\/2011\/03\/n%C2%BA253.pdf\">Lei Delegada \u211625, do dia 31 de Julho de 2013<\/a><\/h2>\n\n\n\n<p>Cria, na estrutura da Administra\u00e7\u00e3o Indireta do Poder Executivo, a FUNDA\u00c7\u00c3O MUNICIPAL DE CULTURA, TURISMO EVENTOS \u2013 MANAUSCULT.<\/p>\n\n\n\n<h2 class=\"wp-block-heading\" style=\"text-transform:uppercase\"><a href=\"https:\/\/manauscult.manaus.am.gov.br\/lei-1447-de-16-de-abril-de-2010\/\">Lei N\u00ba 1447, de 16 de Abril de 2010<\/a><\/h2>\n\n\n\n<p>Inclui, no calend\u00e1rio oficial de eventos da cidade de Manaus, o Dia dos Rios Negro e Solim\u00f5es, comemorado no dia 22 de junho.<\/p>\n\n\n\n<h2 class=\"wp-block-heading\" style=\"text-transform:uppercase\"><a href=\"https:\/\/manauscult.manaus.am.gov.br\/lei-n-1435-de-26-de-marco-de-2010\/\">Lei N\u00ba 1435, de 26 de Mar\u00e7o de 2010<\/a><\/h2>\n\n\n\n<p>Cria a Funda\u00e7\u00e3o Municipal de Eventos e Turismo \u2013 MANAUSTUR, altera a denomina\u00e7\u00e3o e a estrutura organizacional da Funda\u00e7\u00e3o Municipal de Cultura e Turismo \u2013 MANAUSCULT, e d\u00e1 outras provid\u00eancias.<\/p>\n\n\n\n<h2 class=\"wp-block-heading\" style=\"text-transform:uppercase\"><a href=\"https:\/\/manauscult.manaus.am.gov.br\/lei-n-1321-de-16-de-abril-de-2009\/\">Lei N\u00ba 1321, de 16 de Abril de 2009<\/a><\/h2>\n\n\n\n<p>Disp\u00f5e sobre a transforma\u00e7\u00e3o da Funda\u00e7\u00e3o Municipal de Turismo \u2013 MANAUSTUR, em Funda\u00e7\u00e3o Municipal de Cultura e Turismo \u2013 MANAUSCULT, e d\u00e1 outras provid\u00eancias.<\/p>\n\n\n\n<h2 class=\"wp-block-heading\" style=\"text-transform:uppercase\"><a href=\"https:\/\/manauscult.manaus.am.gov.br\/lei-n-1219-de-14-de-marco-de-2008\/\">Lei N\u00ba 1219, de 14 de Mar\u00e7o de 2008<\/a><\/h2>\n\n\n\n<p>Institui a Semana \u201cMonteiro Lobato de Literatura Infantil\u201d e d\u00e1 outras provid\u00eancias.<\/p>\n\n\n\n<h2 class=\"wp-block-heading\" style=\"text-transform:uppercase\"><a href=\"https:\/\/manauscult.manaus.am.gov.br\/lei-n-945-de-20-de-janeiro-de-2006\/\">Lei N\u00ba 945, de 20 de Janeiro de 2006<\/a><\/h2>\n\n\n\n<p>Disp\u00f5e sobre a vincula\u00e7\u00e3o do Fundo Municipal de Apoio \u00e0 Cultura Art\u00edstica.<\/p>\n\n\n\n<h2 class=\"wp-block-heading\" style=\"text-transform:uppercase\"><a href=\"https:\/\/manauscult.manaus.am.gov.br\/lei-n-722-de-04-de-dezembro-de-2003\/\">Lei N\u00b0 722, de 04 de Dezembro de 2003<\/a><\/h2>\n\n\n\n<p>Cria o Fundo Municipal de Preserva\u00e7\u00e3o do Patrim\u00f4nio Hist\u00f3rico e Cultural da Cidade de Manaus \u2013 Fundo de Preserva\u00e7\u00e3o, e d\u00e1 outras provid\u00eancias.<\/p>\n","protected":false},"excerpt":{"rendered":"","protected":false},"author":27,"featured_media":0,"parent":0,"menu_order":0,"comment_status":"closed","ping_status":"closed","template":"templates\/prefeitura.php","meta":{"footnotes":""},"acf":[],"yoast_head":"<!-- This site is optimized with the Yoast SEO plugin v23.0 - https:\/\/yoast.com\/wordpress\/plugins\/seo\/ -->\n<title>Legisla\u00e7\u00e3o - MANAUSCULT<\/title>\n<meta name=\"robots\" content=\"noindex, follow\" \/>\n<meta property=\"og:locale\" content=\"pt_BR\" \/>\n<meta property=\"og:type\" content=\"article\" \/>\n<meta property=\"og:title\" content=\"Legisla\u00e7\u00e3o - MANAUSCULT\" \/>\n<meta property=\"og:url\" content=\"https:\/\/www.manaus.am.gov.br\/manauscult\/legislacao\/\" \/>\n<meta property=\"og:site_name\" content=\"MANAUSCULT\" \/>\n<meta property=\"article:modified_time\" content=\"2023-05-30T01:10:45+00:00\" \/>\n<meta name=\"twitter:card\" content=\"summary_large_image\" \/>\n<meta name=\"twitter:label1\" content=\"Est. reading time\" \/>\n\t<meta name=\"twitter:data1\" content=\"2 minutos\" \/>\n<script type=\"application\/ld+json\" class=\"yoast-schema-graph\">{\"@context\":\"https:\/\/schema.org\",\"@graph\":[{\"@type\":\"WebPage\",\"@id\":\"https:\/\/www.manaus.am.gov.br\/manauscult\/legislacao\/\",\"url\":\"https:\/\/www.manaus.am.gov.br\/manauscult\/legislacao\/\",\"name\":\"Legisla\u00e7\u00e3o - MANAUSCULT\",\"isPartOf\":{\"@id\":\"https:\/\/www.manaus.am.gov.br\/manauscult\/#website\"},\"datePublished\":\"2023-05-30T00:45:39+00:00\",\"dateModified\":\"2023-05-30T01:10:45+00:00\",\"breadcrumb\":{\"@id\":\"https:\/\/www.manaus.am.gov.br\/manauscult\/legislacao\/#breadcrumb\"},\"inLanguage\":\"pt-BR\",\"potentialAction\":[{\"@type\":\"ReadAction\",\"target\":[\"https:\/\/www.manaus.am.gov.br\/manauscult\/legislacao\/\"]}]},{\"@type\":\"BreadcrumbList\",\"@id\":\"https:\/\/www.manaus.am.gov.br\/manauscult\/legislacao\/#breadcrumb\",\"itemListElement\":[{\"@type\":\"ListItem\",\"position\":1,\"name\":\"Home\",\"item\":\"https:\/\/www.manaus.am.gov.br\/manauscult\/\"},{\"@type\":\"ListItem\",\"position\":2,\"name\":\"Legisla\u00e7\u00e3o\"}]},{\"@type\":\"WebSite\",\"@id\":\"https:\/\/www.manaus.am.gov.br\/manauscult\/#website\",\"url\":\"https:\/\/www.manaus.am.gov.br\/manauscult\/\",\"name\":\"MANAUSCULT\",\"description\":\"Prefeitura de Manaus\",\"potentialAction\":[{\"@type\":\"SearchAction\",\"target\":{\"@type\":\"EntryPoint\",\"urlTemplate\":\"https:\/\/www.manaus.am.gov.br\/manauscult\/?s={search_term_string}\"},\"query-input\":\"required name=search_term_string\"}],\"inLanguage\":\"pt-BR\"}]}<\/script>\n<!-- \/ Yoast SEO plugin. -->","yoast_head_json":{"title":"Legisla\u00e7\u00e3o - MANAUSCULT","robots":{"index":"noindex","follow":"follow"},"og_locale":"pt_BR","og_type":"article","og_title":"Legisla\u00e7\u00e3o - MANAUSCULT","og_url":"https:\/\/www.manaus.am.gov.br\/manauscult\/legislacao\/","og_site_name":"MANAUSCULT","article_modified_time":"2023-05-30T01:10:45+00:00","twitter_card":"summary_large_image","twitter_misc":{"Est. reading time":"2 minutos"},"schema":{"@context":"https:\/\/schema.org","@graph":[{"@type":"WebPage","@id":"https:\/\/www.manaus.am.gov.br\/manauscult\/legislacao\/","url":"https:\/\/www.manaus.am.gov.br\/manauscult\/legislacao\/","name":"Legisla\u00e7\u00e3o - MANAUSCULT","isPartOf":{"@id":"https:\/\/www.manaus.am.gov.br\/manauscult\/#website"},"datePublished":"2023-05-30T00:45:39+00:00","dateModified":"2023-05-30T01:10:45+00:00","breadcrumb":{"@id":"https:\/\/www.manaus.am.gov.br\/manauscult\/legislacao\/#breadcrumb"},"inLanguage":"pt-BR","potentialAction":[{"@type":"ReadAction","target":["https:\/\/www.manaus.am.gov.br\/manauscult\/legislacao\/"]}]},{"@type":"BreadcrumbList","@id":"https:\/\/www.manaus.am.gov.br\/manauscult\/legislacao\/#breadcrumb","itemListElement":[{"@type":"ListItem","position":1,"name":"Home","item":"https:\/\/www.manaus.am.gov.br\/manauscult\/"},{"@type":"ListItem","position":2,"name":"Legisla\u00e7\u00e3o"}]},{"@type":"WebSite","@id":"https:\/\/www.manaus.am.gov.br\/manauscult\/#website","url":"https:\/\/www.manaus.am.gov.br\/manauscult\/","name":"MANAUSCULT","description":"Prefeitura de Manaus","potentialAction":[{"@type":"SearchAction","target":{"@type":"EntryPoint","urlTemplate":"https:\/\/www.manaus.am.gov.br\/manauscult\/?s={search_term_string}"},"query-input":"required name=search_term_string"}],"inLanguage":"pt-BR"}]}},"_links":{"self":[{"href":"https:\/\/www.manaus.am.gov.br\/manauscult\/wp-json\/wp\/v2\/pages\/329"}],"collection":[{"href":"https:\/\/www.manaus.am.gov.br\/manauscult\/wp-json\/wp\/v2\/pages"}],"about":[{"href":"https:\/\/www.manaus.am.gov.br\/manauscult\/wp-json\/wp\/v2\/types\/page"}],"author":[{"embeddable":true,"href":"https:\/\/www.manaus.am.gov.br\/manauscult\/wp-json\/wp\/v2\/users\/27"}],"replies":[{"embeddable":true,"href":"https:\/\/www.manaus.am.gov.br\/manauscult\/wp-json\/wp\/v2\/comments?post=329"}],"version-history":[{"count":2,"href":"https:\/\/www.manaus.am.gov.br\/manauscult\/wp-json\/wp\/v2\/pages\/329\/revisions"}],"predecessor-version":[{"id":371,"href":"https:\/\/www.manaus.am.gov.br\/manauscult\/wp-json\/wp\/v2\/pages\/329\/revisions\/371"}],"wp:attachment":[{"href":"https:\/\/www.manaus.am.gov.br\/manauscult\/wp-json\/wp\/v2\/media?parent=329"}],"curies":[{"name":"wp","href":"https:\/\/api.w.org\/{rel}","templated":true}]}}