{"id":314,"date":"2023-05-29T20:41:46","date_gmt":"2023-05-30T00:41:46","guid":{"rendered":"https:\/\/www.manaus.am.gov.br\/manauscult\/?page_id=314"},"modified":"2026-04-04T22:15:08","modified_gmt":"2026-04-05T02:15:08","slug":"fale-conosco","status":"publish","type":"page","link":"https:\/\/www.manaus.am.gov.br\/manauscult\/a-manauscult\/fale-conosco\/","title":{"rendered":"Fale Conosco"},"content":{"rendered":"\n<h2 class=\"wp-block-heading\">ENDERE\u00c7O<\/h2>\n\n\n\n<p>Endere\u00e7o: Rua Visconde de Mau\u00e1, 73 &#8211; Centro &#8211; CEP: 69.055\/430<\/p>\n\n\n\n<h2 class=\"wp-block-heading\"><a><\/a>CONTATOS<\/h2>\n\n\n\n<p>DIRETORIA DE CULTURA \u2013 3215-2127<br>GABINETE\u2013 3215-3459<br>RECEP\u00c7\u00c3O \u2013 3215-3473<br>VICE-PRESIDENTE \u2013 3215-3841<br>PROTOCOLO \u2013 3215-4610<br>FINANCEIRO &#8211; DIVOF \u2013 3215-4611<br>DIRETORIA DE EVENTOS \u2013 3236-9387<br>PRESIDENTE\u2013 3637-6744<br>CAM \u2013 3215-2425<br>CONSELHO DE CULTURA \u2013 3632-2634<br>MUSEU \u2013 3622-4991<br>BIBLIOTECA \u2013 3215-4615<br>MIRANTE \u2013 3215-7126<\/p>\n\n\n\n<p>CONTATO GABINETE: <a href=\"mailto:gabinete.manauscult@gmail.com\">gabinete.manauscult@gmail.com<\/a><\/p>\n\n\n\n<p><\/p>\n\n\n\n<p>Gabinete: <a href=\"mailto:gabinete.manauscult@manaus.am.gov.br\" target=\"_blank\" rel=\"noreferrer noopener\">gabinete.manauscult@manaus.am.gov.br<\/a><\/p>\n\n\n\n<p><\/p>\n\n\n\n<p>Comunica\u00e7\u00e3o: <a href=\"mailto:comunicacao.manauscult@manaus.am.gov.br\" target=\"_blank\" rel=\"noreferrer noopener\">comunicacao.manauscult@manaus.am.gov.br<\/a><\/p>\n\n\n\n<p><\/p>\n\n\n\n<p>Ouvidoria: <a href=\"mailto:ouvidoria.manauscult@manaus.am.gov.br\" target=\"_blank\" rel=\"noreferrer noopener\">ouvidoria.manauscult@manaus.am.gov.br<\/a><\/p>\n\n\n\n<p><\/p>\n\n\n\n<p>Protocolo: <a href=\"mailto:protocolo.manauscult@manaus.am.gov.br\" target=\"_blank\" rel=\"noreferrer noopener\">protocolo.manauscult@manaus.am.gov.br<\/a><\/p>\n\n\n\n<p><\/p>\n\n\n\n<p>Suporte Editais: <a href=\"mailto:suporte.editais@manaus.am.gov.br\" target=\"_blank\" rel=\"noreferrer noopener\">suporte.editais@manaus.am.gov.br<\/a><\/p>\n\n\n\n<p><\/p>\n\n\n\n<p>CONTATO GABINETE PARA OF\u00cdCIOS: <a href=\"mailto:protocolo.manauscult@gmail.com\">protocolo.manauscult@gmail.com<\/a><\/p>\n\n\n\n<h2 class=\"wp-block-heading\"><a><\/a>ESPA\u00c7OS MANAUSCULT<\/h2>\n\n\n\n<p>Pa\u00e7o da Liberdade: (92) 3622-4991<br>Les Artistes Caf\u00e9 Teatro: (92) 3215-2590<br>Pra\u00e7a M\u00e1rio Ver\u00e7osa (Pra\u00e7a do Dom Pedro): (92) 3238-4069<br>Biblioteca do Parque dos Bilhares: (92) 3631-4033<br>Biblioteca Municipal Jo\u00e3o Bosco Pantoja Evangelista: (92) 3215-4615<\/p>\n","protected":false},"excerpt":{"rendered":"","protected":false},"author":27,"featured_media":0,"parent":280,"menu_order":5,"comment_status":"closed","ping_status":"closed","template":"templates\/turismo.php","meta":{"footnotes":""},"acf":[],"yoast_head":"<!-- This site is optimized with the Yoast SEO plugin v23.0 - https:\/\/yoast.com\/wordpress\/plugins\/seo\/ -->\n<title>Fale Conosco - MANAUSCULT<\/title>\n<meta name=\"robots\" content=\"noindex, follow\" \/>\n<meta property=\"og:locale\" content=\"pt_BR\" \/>\n<meta property=\"og:type\" content=\"article\" \/>\n<meta property=\"og:title\" content=\"Fale Conosco - MANAUSCULT\" \/>\n<meta property=\"og:url\" content=\"https:\/\/www.manaus.am.gov.br\/manauscult\/a-manauscult\/fale-conosco\/\" \/>\n<meta property=\"og:site_name\" content=\"MANAUSCULT\" \/>\n<meta property=\"article:modified_time\" content=\"2026-04-05T02:15:08+00:00\" \/>\n<meta name=\"twitter:card\" content=\"summary_large_image\" \/>\n<meta name=\"twitter:label1\" content=\"Est. reading time\" \/>\n\t<meta name=\"twitter:data1\" content=\"1 minuto\" \/>\n<script type=\"application\/ld+json\" class=\"yoast-schema-graph\">{\"@context\":\"https:\/\/schema.org\",\"@graph\":[{\"@type\":\"WebPage\",\"@id\":\"https:\/\/www.manaus.am.gov.br\/manauscult\/a-manauscult\/fale-conosco\/\",\"url\":\"https:\/\/www.manaus.am.gov.br\/manauscult\/a-manauscult\/fale-conosco\/\",\"name\":\"Fale Conosco - MANAUSCULT\",\"isPartOf\":{\"@id\":\"https:\/\/www.manaus.am.gov.br\/manauscult\/#website\"},\"datePublished\":\"2023-05-30T00:41:46+00:00\",\"dateModified\":\"2026-04-05T02:15:08+00:00\",\"breadcrumb\":{\"@id\":\"https:\/\/www.manaus.am.gov.br\/manauscult\/a-manauscult\/fale-conosco\/#breadcrumb\"},\"inLanguage\":\"pt-BR\",\"potentialAction\":[{\"@type\":\"ReadAction\",\"target\":[\"https:\/\/www.manaus.am.gov.br\/manauscult\/a-manauscult\/fale-conosco\/\"]}]},{\"@type\":\"BreadcrumbList\",\"@id\":\"https:\/\/www.manaus.am.gov.br\/manauscult\/a-manauscult\/fale-conosco\/#breadcrumb\",\"itemListElement\":[{\"@type\":\"ListItem\",\"position\":1,\"name\":\"Home\",\"item\":\"https:\/\/www.manaus.am.gov.br\/manauscult\/\"},{\"@type\":\"ListItem\",\"position\":2,\"name\":\"A ManausCult\",\"item\":\"https:\/\/www.manaus.am.gov.br\/manauscult\/a-manauscult\/\"},{\"@type\":\"ListItem\",\"position\":3,\"name\":\"Fale Conosco\"}]},{\"@type\":\"WebSite\",\"@id\":\"https:\/\/www.manaus.am.gov.br\/manauscult\/#website\",\"url\":\"https:\/\/www.manaus.am.gov.br\/manauscult\/\",\"name\":\"MANAUSCULT\",\"description\":\"Prefeitura de Manaus\",\"potentialAction\":[{\"@type\":\"SearchAction\",\"target\":{\"@type\":\"EntryPoint\",\"urlTemplate\":\"https:\/\/www.manaus.am.gov.br\/manauscult\/?s={search_term_string}\"},\"query-input\":\"required name=search_term_string\"}],\"inLanguage\":\"pt-BR\"}]}<\/script>\n<!-- \/ Yoast SEO plugin. -->","yoast_head_json":{"title":"Fale Conosco - MANAUSCULT","robots":{"index":"noindex","follow":"follow"},"og_locale":"pt_BR","og_type":"article","og_title":"Fale Conosco - MANAUSCULT","og_url":"https:\/\/www.manaus.am.gov.br\/manauscult\/a-manauscult\/fale-conosco\/","og_site_name":"MANAUSCULT","article_modified_time":"2026-04-05T02:15:08+00:00","twitter_card":"summary_large_image","twitter_misc":{"Est. reading time":"1 minuto"},"schema":{"@context":"https:\/\/schema.org","@graph":[{"@type":"WebPage","@id":"https:\/\/www.manaus.am.gov.br\/manauscult\/a-manauscult\/fale-conosco\/","url":"https:\/\/www.manaus.am.gov.br\/manauscult\/a-manauscult\/fale-conosco\/","name":"Fale Conosco - MANAUSCULT","isPartOf":{"@id":"https:\/\/www.manaus.am.gov.br\/manauscult\/#website"},"datePublished":"2023-05-30T00:41:46+00:00","dateModified":"2026-04-05T02:15:08+00:00","breadcrumb":{"@id":"https:\/\/www.manaus.am.gov.br\/manauscult\/a-manauscult\/fale-conosco\/#breadcrumb"},"inLanguage":"pt-BR","potentialAction":[{"@type":"ReadAction","target":["https:\/\/www.manaus.am.gov.br\/manauscult\/a-manauscult\/fale-conosco\/"]}]},{"@type":"BreadcrumbList","@id":"https:\/\/www.manaus.am.gov.br\/manauscult\/a-manauscult\/fale-conosco\/#breadcrumb","itemListElement":[{"@type":"ListItem","position":1,"name":"Home","item":"https:\/\/www.manaus.am.gov.br\/manauscult\/"},{"@type":"ListItem","position":2,"name":"A ManausCult","item":"https:\/\/www.manaus.am.gov.br\/manauscult\/a-manauscult\/"},{"@type":"ListItem","position":3,"name":"Fale Conosco"}]},{"@type":"WebSite","@id":"https:\/\/www.manaus.am.gov.br\/manauscult\/#website","url":"https:\/\/www.manaus.am.gov.br\/manauscult\/","name":"MANAUSCULT","description":"Prefeitura de Manaus","potentialAction":[{"@type":"SearchAction","target":{"@type":"EntryPoint","urlTemplate":"https:\/\/www.manaus.am.gov.br\/manauscult\/?s={search_term_string}"},"query-input":"required name=search_term_string"}],"inLanguage":"pt-BR"}]}},"_links":{"self":[{"href":"https:\/\/www.manaus.am.gov.br\/manauscult\/wp-json\/wp\/v2\/pages\/314"}],"collection":[{"href":"https:\/\/www.manaus.am.gov.br\/manauscult\/wp-json\/wp\/v2\/pages"}],"about":[{"href":"https:\/\/www.manaus.am.gov.br\/manauscult\/wp-json\/wp\/v2\/types\/page"}],"author":[{"embeddable":true,"href":"https:\/\/www.manaus.am.gov.br\/manauscult\/wp-json\/wp\/v2\/users\/27"}],"replies":[{"embeddable":true,"href":"https:\/\/www.manaus.am.gov.br\/manauscult\/wp-json\/wp\/v2\/comments?post=314"}],"version-history":[{"count":11,"href":"https:\/\/www.manaus.am.gov.br\/manauscult\/wp-json\/wp\/v2\/pages\/314\/revisions"}],"predecessor-version":[{"id":5413,"href":"https:\/\/www.manaus.am.gov.br\/manauscult\/wp-json\/wp\/v2\/pages\/314\/revisions\/5413"}],"up":[{"embeddable":true,"href":"https:\/\/www.manaus.am.gov.br\/manauscult\/wp-json\/wp\/v2\/pages\/280"}],"wp:attachment":[{"href":"https:\/\/www.manaus.am.gov.br\/manauscult\/wp-json\/wp\/v2\/media?parent=314"}],"curies":[{"name":"wp","href":"https:\/\/api.w.org\/{rel}","templated":true}]}}