{"id":5664,"date":"2023-12-29T16:16:19","date_gmt":"2023-12-29T20:16:19","guid":{"rendered":"https:\/\/www.manaus.am.gov.br\/manaus-previdencia\/?page_id=5664"},"modified":"2024-01-02T11:22:03","modified_gmt":"2024-01-02T15:22:03","slug":"relatorio-de-governanca","status":"publish","type":"page","link":"https:\/\/www.manaus.am.gov.br\/manaus-previdencia\/relatorio-de-governanca\/","title":{"rendered":"Relat\u00f3rio de Governan\u00e7a"},"content":{"rendered":"\n<h2 class=\"wp-block-heading\">2023<\/h2>\n\n\n\n<h3 class=\"wp-block-heading\"><a href=\"https:\/\/www.manaus.am.gov.br\/manaus-previdencia\/wp-content\/uploads\/sites\/19\/2024\/01\/Relatorio_de_Governanca_Aprovado_-_1T_-_2023.pdf\" target=\"_blank\" rel=\"noreferrer noopener\">1\u00b0 Trimestre: Relat\u00f3rio de Governan\u00e7a Corporativa<\/a><\/h3>\n\n\n\n<h3 class=\"wp-block-heading\"><a href=\"https:\/\/www.manaus.am.gov.br\/manaus-previdencia\/wp-content\/uploads\/sites\/19\/2024\/01\/Relatorio-de-Governanca-2o-Trimestre.pdf\" target=\"_blank\" rel=\"noreferrer noopener\">2\u00b0 Trimestre: Relat\u00f3rio de Governan\u00e7a Corporativa<\/a><\/h3>\n\n\n\n<h3 class=\"wp-block-heading\"><a href=\"https:\/\/www.manaus.am.gov.br\/manaus-previdencia\/wp-content\/uploads\/sites\/19\/2024\/01\/Relatorio-de-Governanca-3o-Trimestre.pdf\" target=\"_blank\" rel=\"noreferrer noopener\">3\u00b0 Trimestre: Relat\u00f3rio de Governan\u00e7a Corporativa<\/a><\/h3>\n\n\n\n<div style=\"height:30px\" aria-hidden=\"true\" class=\"wp-block-spacer\"><\/div>\n\n\n\n<h2 class=\"wp-block-heading\">2022<\/h2>\n\n\n\n<h3 class=\"wp-block-heading\"><a href=\"https:\/\/www.manaus.am.gov.br\/manaus-previdencia\/wp-content\/uploads\/sites\/19\/2024\/01\/Relatorio-2022_1-Versao-Final.pdf\" target=\"_blank\" rel=\"noreferrer noopener\">1\u00b0 Trimestre: Relat\u00f3rio de Governan\u00e7a Corporativa<\/a><\/h3>\n\n\n\n<h3 class=\"wp-block-heading\"><a href=\"https:\/\/www.manaus.am.gov.br\/manaus-previdencia\/wp-content\/uploads\/sites\/19\/2024\/01\/Relatorio-2022_2.pdf\" target=\"_blank\" rel=\"noreferrer noopener\">2\u00b0 Trimestre: Relat\u00f3rio de Governan\u00e7a Corporativa<\/a><\/h3>\n\n\n\n<h3 class=\"wp-block-heading\"><a href=\"https:\/\/www.manaus.am.gov.br\/manaus-previdencia\/wp-content\/uploads\/sites\/19\/2024\/01\/Relatorio-2022_3_compressed.pdf\" target=\"_blank\" rel=\"noreferrer noopener\">3\u00b0 Trimestre: Relat\u00f3rio de Governan\u00e7a Corporativa<\/a><\/h3>\n\n\n\n<h3 class=\"wp-block-heading\"><a href=\"https:\/\/www.manaus.am.gov.br\/manaus-previdencia\/wp-content\/uploads\/sites\/19\/2024\/01\/Relatorio_de_Governanca_-_2022_4_aprovado.pdf\" target=\"_blank\" rel=\"noreferrer noopener\">4\u00b0 Trimestre: Relat\u00f3rio de Governan\u00e7a Corporativa<\/a><\/h3>\n\n\n\n<div style=\"height:30px\" aria-hidden=\"true\" class=\"wp-block-spacer\"><\/div>\n\n\n\n<h2 class=\"wp-block-heading\">2021<\/h2>\n\n\n\n<h3 class=\"wp-block-heading\"><a href=\"https:\/\/www.manaus.am.gov.br\/manaus-previdencia\/wp-content\/uploads\/sites\/19\/2024\/01\/1o-Trimestre-2021.pdf\" target=\"_blank\" rel=\"noreferrer noopener\">1\u00b0 Trimestre: Relat\u00f3rio de Governan\u00e7a Corporativa<\/a><\/h3>\n\n\n\n<h3 class=\"wp-block-heading\"><a href=\"https:\/\/www.manaus.am.gov.br\/manaus-previdencia\/wp-content\/uploads\/sites\/19\/2024\/01\/2o-Trimestre-2021.pdf\" target=\"_blank\" rel=\"noreferrer noopener\">2\u00b0 Trimestre: Relat\u00f3rio de Governan\u00e7a Corporativa<\/a><\/h3>\n\n\n\n<h3 class=\"wp-block-heading\"><a href=\"https:\/\/www.manaus.am.gov.br\/manaus-previdencia\/wp-content\/uploads\/sites\/19\/2024\/01\/3o-Trimestre-2021.pdf\" target=\"_blank\" rel=\"noreferrer noopener\">3\u00b0 Trimestre: Relat\u00f3rio de Governan\u00e7a Corporativa<\/a><\/h3>\n\n\n\n<h3 class=\"wp-block-heading\"><a href=\"https:\/\/www.manaus.am.gov.br\/manaus-previdencia\/wp-content\/uploads\/sites\/19\/2024\/01\/4o-Trimestre-2021.pdf\" target=\"_blank\" rel=\"noreferrer noopener\">4\u00b0 Trimestre: Relat\u00f3rio de Governan\u00e7a Corporativa errata<\/a><\/h3>\n\n\n\n<div style=\"height:30px\" aria-hidden=\"true\" class=\"wp-block-spacer\"><\/div>\n\n\n\n<h2 class=\"wp-block-heading\">2020<\/h2>\n\n\n\n<h3 class=\"wp-block-heading\"><a href=\"https:\/\/www.manaus.am.gov.br\/manaus-previdencia\/wp-content\/uploads\/sites\/19\/2024\/01\/RELATORIO-DE-GOVERNANCA-CORPORATIVA-PRIMEIRO-TRIMESTRE-DE-2020.pdf\" target=\"_blank\" rel=\"noreferrer noopener\">1\u00b0 Trimestre: Relat\u00f3rio de Governan\u00e7a Corporativa<\/a><\/h3>\n\n\n\n<h3 class=\"wp-block-heading\"><a href=\"https:\/\/www.manaus.am.gov.br\/manaus-previdencia\/wp-content\/uploads\/sites\/19\/2024\/01\/RELATORIO-DE-GOVERNANCA-CORPORATIVA-SEGUNDO-TRIMESTRE-DE-2020.pdf\" target=\"_blank\" rel=\"noreferrer noopener\">2\u00b0 Trimestre: Relat\u00f3rio de Governan\u00e7a Corporativa<\/a><\/h3>\n\n\n\n<h3 class=\"wp-block-heading\"><a href=\"https:\/\/www.manaus.am.gov.br\/manaus-previdencia\/wp-content\/uploads\/sites\/19\/2024\/01\/RELATORIO-DE-GOVERNANCA-REFERENTE-AO-3o-TRIMESTRE-DE-2020.pdf\" target=\"_blank\" rel=\"noreferrer noopener\">3\u00b0 Trimestre: Relat\u00f3rio de Governan\u00e7a Corporativa<\/a><\/h3>\n\n\n\n<h3 class=\"wp-block-heading\"><a href=\"https:\/\/www.manaus.am.gov.br\/manaus-previdencia\/wp-content\/uploads\/sites\/19\/2024\/01\/ANUAL_RELATORIO-DE-GOVERNANCA-CORPORATIVA_QUARTO-TRIMESTRE-DE-2020.pdf\" target=\"_blank\" rel=\"noreferrer noopener\">4\u00b0 Trimestre: Relat\u00f3rio de Governan\u00e7a Corporativa (Anual)<\/a><\/h3>\n\n\n\n<div style=\"height:30px\" aria-hidden=\"true\" class=\"wp-block-spacer\"><\/div>\n\n\n\n<h2 class=\"wp-block-heading\">2019<\/h2>\n\n\n\n<h3 class=\"wp-block-heading\"><a href=\"https:\/\/www.manaus.am.gov.br\/manaus-previdencia\/wp-content\/uploads\/sites\/19\/2024\/01\/RELATORIO-DE-GOVERNANCA-COORPORATIVA_PRIMEIRO-SEMESTRE_2019.pdf\" target=\"_blank\" rel=\"noreferrer noopener\">1\u00ba Semestre: Relat\u00f3rio de Governan\u00e7a Corporativa<\/a><\/h3>\n\n\n\n<h3 class=\"wp-block-heading\"><a href=\"https:\/\/www.manaus.am.gov.br\/manaus-previdencia\/wp-content\/uploads\/sites\/19\/2024\/01\/RELATORIO-DE-GOVERNANCA-CORPORATIVA-SEGUNDO-SEMESTRE-2019.pdf\" target=\"_blank\" rel=\"noreferrer noopener\">2\u00ba Semestre: Relat\u00f3rio de Governan\u00e7a Corporativa<\/a><\/h3>\n\n\n\n<div style=\"height:30px\" aria-hidden=\"true\" class=\"wp-block-spacer\"><\/div>\n\n\n\n<h2 class=\"wp-block-heading\">2018<\/h2>\n\n\n\n<h3 class=\"wp-block-heading\"><a href=\"https:\/\/www.manaus.am.gov.br\/manaus-previdencia\/wp-content\/uploads\/sites\/19\/2024\/01\/Relatorio-de-Governanca-Corporativa-do-primeiro-semestre-de-2018.pdf\" target=\"_blank\" rel=\"noreferrer noopener\">1\u00ba Semestre: Relat\u00f3rio de Governan\u00e7a Corporativa<\/a><\/h3>\n\n\n\n<h3 class=\"wp-block-heading\"><a href=\"https:\/\/www.manaus.am.gov.br\/manaus-previdencia\/wp-content\/uploads\/sites\/19\/2024\/01\/Relatorio-de-Governanca-Corporativa-segundo-semestre-2018.pdf\" target=\"_blank\" rel=\"noreferrer noopener\">2\u00ba Semestre: Relat\u00f3rio de Governan\u00e7a Corporativa<\/a><\/h3>\n\n\n\n<div style=\"height:30px\" aria-hidden=\"true\" class=\"wp-block-spacer\"><\/div>\n\n\n\n<h2 class=\"wp-block-heading\"><a href=\"https:\/\/www.manaus.am.gov.br\/manaus-previdencia\/wp-content\/uploads\/sites\/19\/2024\/01\/RELATORIO-DE-GOVERNANCA-CORPORATIVA-2019.pdf\" target=\"_blank\" rel=\"noreferrer noopener\">Relat\u00f3rio de Gest\u00e3o 2019<\/a><\/h2>\n\n\n\n<h2 class=\"wp-block-heading\"><a href=\"https:\/\/www.manaus.am.gov.br\/manaus-previdencia\/wp-content\/uploads\/sites\/19\/2024\/01\/Relatorio-de-Gestao_2018-versao-final-21.03.pdf\" target=\"_blank\" rel=\"noreferrer noopener\">Relat\u00f3rio de Gest\u00e3o 2018<\/a><\/h2>\n\n\n\n<h2 class=\"wp-block-heading\"><a href=\"https:\/\/www.manaus.am.gov.br\/manaus-previdencia\/wp-content\/uploads\/sites\/19\/2024\/01\/Relatorio-de-Gestao-2017-Assinado.pdf\" target=\"_blank\" rel=\"noreferrer noopener\">Relat\u00f3rio de Gest\u00e3o 2017<\/a><\/h2>\n\n\n\n<h2 class=\"wp-block-heading\"><a href=\"https:\/\/www.manaus.am.gov.br\/manaus-previdencia\/wp-content\/uploads\/sites\/19\/2024\/01\/Relatorio-Gestao-2016-Site.pdf\" target=\"_blank\" rel=\"noreferrer noopener\">Relat\u00f3rio de Gest\u00e3o 2016<\/a><\/h2>\n\n\n\n<h2 class=\"wp-block-heading\"><a href=\"https:\/\/www.manaus.am.gov.br\/manaus-previdencia\/wp-content\/uploads\/sites\/19\/2024\/01\/Relatorio-Gestao-2015-Site.pdf\" target=\"_blank\" rel=\"noreferrer noopener\">Relat\u00f3rio de Gest\u00e3o 2015<\/a><\/h2>\n","protected":false},"excerpt":{"rendered":"","protected":false},"author":27,"featured_media":0,"parent":0,"menu_order":0,"comment_status":"closed","ping_status":"closed","template":"templates\/prefeitura.php","meta":{"footnotes":""},"acf":[],"yoast_head":"<!-- This site is optimized with the Yoast SEO plugin v23.0 - https:\/\/yoast.com\/wordpress\/plugins\/seo\/ -->\n<title>Relat\u00f3rio de Governan\u00e7a - Manaus Previd\u00eancia<\/title>\n<meta name=\"robots\" content=\"noindex, follow\" \/>\n<meta property=\"og:locale\" content=\"pt_BR\" \/>\n<meta property=\"og:type\" content=\"article\" \/>\n<meta property=\"og:title\" content=\"Relat\u00f3rio de Governan\u00e7a - Manaus Previd\u00eancia\" \/>\n<meta property=\"og:url\" content=\"https:\/\/www.manaus.am.gov.br\/manaus-previdencia\/relatorio-de-governanca\/\" \/>\n<meta property=\"og:site_name\" content=\"Manaus Previd\u00eancia\" \/>\n<meta property=\"article:modified_time\" content=\"2024-01-02T15:22:03+00:00\" \/>\n<meta name=\"twitter:card\" content=\"summary_large_image\" \/>\n<meta name=\"twitter:label1\" content=\"Est. reading time\" \/>\n\t<meta name=\"twitter:data1\" content=\"1 minuto\" \/>\n<script type=\"application\/ld+json\" class=\"yoast-schema-graph\">{\"@context\":\"https:\/\/schema.org\",\"@graph\":[{\"@type\":\"WebPage\",\"@id\":\"https:\/\/www.manaus.am.gov.br\/manaus-previdencia\/relatorio-de-governanca\/\",\"url\":\"https:\/\/www.manaus.am.gov.br\/manaus-previdencia\/relatorio-de-governanca\/\",\"name\":\"Relat\u00f3rio de Governan\u00e7a - Manaus Previd\u00eancia\",\"isPartOf\":{\"@id\":\"https:\/\/www.manaus.am.gov.br\/manaus-previdencia\/#website\"},\"datePublished\":\"2023-12-29T20:16:19+00:00\",\"dateModified\":\"2024-01-02T15:22:03+00:00\",\"breadcrumb\":{\"@id\":\"https:\/\/www.manaus.am.gov.br\/manaus-previdencia\/relatorio-de-governanca\/#breadcrumb\"},\"inLanguage\":\"pt-BR\",\"potentialAction\":[{\"@type\":\"ReadAction\",\"target\":[\"https:\/\/www.manaus.am.gov.br\/manaus-previdencia\/relatorio-de-governanca\/\"]}]},{\"@type\":\"BreadcrumbList\",\"@id\":\"https:\/\/www.manaus.am.gov.br\/manaus-previdencia\/relatorio-de-governanca\/#breadcrumb\",\"itemListElement\":[{\"@type\":\"ListItem\",\"position\":1,\"name\":\"Home\",\"item\":\"https:\/\/www.manaus.am.gov.br\/manaus-previdencia\/\"},{\"@type\":\"ListItem\",\"position\":2,\"name\":\"Relat\u00f3rio de Governan\u00e7a\"}]},{\"@type\":\"WebSite\",\"@id\":\"https:\/\/www.manaus.am.gov.br\/manaus-previdencia\/#website\",\"url\":\"https:\/\/www.manaus.am.gov.br\/manaus-previdencia\/\",\"name\":\"Manaus Previd\u00eancia\",\"description\":\"Secretaria Municipal Manaus Previd\u00eancia\",\"potentialAction\":[{\"@type\":\"SearchAction\",\"target\":{\"@type\":\"EntryPoint\",\"urlTemplate\":\"https:\/\/www.manaus.am.gov.br\/manaus-previdencia\/?s={search_term_string}\"},\"query-input\":\"required name=search_term_string\"}],\"inLanguage\":\"pt-BR\"}]}<\/script>\n<!-- \/ Yoast SEO plugin. -->","yoast_head_json":{"title":"Relat\u00f3rio de Governan\u00e7a - Manaus Previd\u00eancia","robots":{"index":"noindex","follow":"follow"},"og_locale":"pt_BR","og_type":"article","og_title":"Relat\u00f3rio de Governan\u00e7a - Manaus Previd\u00eancia","og_url":"https:\/\/www.manaus.am.gov.br\/manaus-previdencia\/relatorio-de-governanca\/","og_site_name":"Manaus Previd\u00eancia","article_modified_time":"2024-01-02T15:22:03+00:00","twitter_card":"summary_large_image","twitter_misc":{"Est. reading time":"1 minuto"},"schema":{"@context":"https:\/\/schema.org","@graph":[{"@type":"WebPage","@id":"https:\/\/www.manaus.am.gov.br\/manaus-previdencia\/relatorio-de-governanca\/","url":"https:\/\/www.manaus.am.gov.br\/manaus-previdencia\/relatorio-de-governanca\/","name":"Relat\u00f3rio de Governan\u00e7a - Manaus Previd\u00eancia","isPartOf":{"@id":"https:\/\/www.manaus.am.gov.br\/manaus-previdencia\/#website"},"datePublished":"2023-12-29T20:16:19+00:00","dateModified":"2024-01-02T15:22:03+00:00","breadcrumb":{"@id":"https:\/\/www.manaus.am.gov.br\/manaus-previdencia\/relatorio-de-governanca\/#breadcrumb"},"inLanguage":"pt-BR","potentialAction":[{"@type":"ReadAction","target":["https:\/\/www.manaus.am.gov.br\/manaus-previdencia\/relatorio-de-governanca\/"]}]},{"@type":"BreadcrumbList","@id":"https:\/\/www.manaus.am.gov.br\/manaus-previdencia\/relatorio-de-governanca\/#breadcrumb","itemListElement":[{"@type":"ListItem","position":1,"name":"Home","item":"https:\/\/www.manaus.am.gov.br\/manaus-previdencia\/"},{"@type":"ListItem","position":2,"name":"Relat\u00f3rio de Governan\u00e7a"}]},{"@type":"WebSite","@id":"https:\/\/www.manaus.am.gov.br\/manaus-previdencia\/#website","url":"https:\/\/www.manaus.am.gov.br\/manaus-previdencia\/","name":"Manaus Previd\u00eancia","description":"Secretaria Municipal Manaus Previd\u00eancia","potentialAction":[{"@type":"SearchAction","target":{"@type":"EntryPoint","urlTemplate":"https:\/\/www.manaus.am.gov.br\/manaus-previdencia\/?s={search_term_string}"},"query-input":"required name=search_term_string"}],"inLanguage":"pt-BR"}]}},"_links":{"self":[{"href":"https:\/\/www.manaus.am.gov.br\/manaus-previdencia\/wp-json\/wp\/v2\/pages\/5664"}],"collection":[{"href":"https:\/\/www.manaus.am.gov.br\/manaus-previdencia\/wp-json\/wp\/v2\/pages"}],"about":[{"href":"https:\/\/www.manaus.am.gov.br\/manaus-previdencia\/wp-json\/wp\/v2\/types\/page"}],"author":[{"embeddable":true,"href":"https:\/\/www.manaus.am.gov.br\/manaus-previdencia\/wp-json\/wp\/v2\/users\/27"}],"replies":[{"embeddable":true,"href":"https:\/\/www.manaus.am.gov.br\/manaus-previdencia\/wp-json\/wp\/v2\/comments?post=5664"}],"version-history":[{"count":9,"href":"https:\/\/www.manaus.am.gov.br\/manaus-previdencia\/wp-json\/wp\/v2\/pages\/5664\/revisions"}],"predecessor-version":[{"id":5778,"href":"https:\/\/www.manaus.am.gov.br\/manaus-previdencia\/wp-json\/wp\/v2\/pages\/5664\/revisions\/5778"}],"wp:attachment":[{"href":"https:\/\/www.manaus.am.gov.br\/manaus-previdencia\/wp-json\/wp\/v2\/media?parent=5664"}],"curies":[{"name":"wp","href":"https:\/\/api.w.org\/{rel}","templated":true}]}}