{"id":5662,"date":"2023-12-29T16:16:00","date_gmt":"2023-12-29T20:16:00","guid":{"rendered":"https:\/\/www.manaus.am.gov.br\/manaus-previdencia\/?page_id=5662"},"modified":"2023-12-29T18:13:18","modified_gmt":"2023-12-29T22:13:18","slug":"controle-interno","status":"publish","type":"page","link":"https:\/\/www.manaus.am.gov.br\/manaus-previdencia\/controle-interno\/","title":{"rendered":"Controle Interno"},"content":{"rendered":"\n<p><strong>Relat\u00f3rios 2023<\/strong><br>Relat\u00f3rio de Controle Interno Trimestral: <a href=\"https:\/\/www.manaus.am.gov.br\/manaus-previdencia\/wp-content\/uploads\/sites\/19\/2023\/12\/Relatorio-de-Controle-Interno-1o-Trimestre-2023_compressed-1.pdf\" target=\"_blank\" rel=\"noreferrer noopener\">1\u00b0 Trimestre<\/a>, <a href=\"https:\/\/www.manaus.am.gov.br\/manaus-previdencia\/wp-content\/uploads\/sites\/19\/2023\/12\/Relatorio-no.-018-2023-Controle-Interno-2o-Trim.-2023-1.pdf\" target=\"_blank\" rel=\"noreferrer noopener\">2\u00ba Trimestre<\/a>, <a href=\"https:\/\/www.manaus.am.gov.br\/manaus-previdencia\/wp-content\/uploads\/sites\/19\/2023\/12\/Relatorio-de-Controle-Interno-3o-Trimestre_final-1.pdf\" target=\"_blank\" rel=\"noreferrer noopener\">3\u00ba Trimestre<\/a><\/p>\n\n\n\n<p> <\/p>\n\n\n\n<p><strong>Relat\u00f3rios 2022<\/strong><br>Relat\u00f3rio de Controle Interno Trimestral: <a href=\"https:\/\/www.manaus.am.gov.br\/manaus-previdencia\/wp-content\/uploads\/sites\/19\/2023\/12\/RELATORIO-DE-CONTROLE-INTERNO-1\u00b0-TRIMESTRE-2022.pdf\" target=\"_blank\" rel=\"noreferrer noopener\">1\u00b0 Trimestre<\/a>, <a href=\"https:\/\/www.manaus.am.gov.br\/manaus-previdencia\/wp-content\/uploads\/sites\/19\/2023\/12\/Relatorio-Controle-Interno-2o-trimestre.pdf\" target=\"_blank\" rel=\"noreferrer noopener\">2\u00ba Trimestre<\/a>, <a href=\"https:\/\/www.manaus.am.gov.br\/manaus-previdencia\/wp-content\/uploads\/sites\/19\/2023\/12\/Relatorio-Controle-Interno-3o-trimestre-Aprovado-CMP.pdf\" target=\"_blank\" rel=\"noreferrer noopener\">3\u00ba Trimestre<\/a>, <a href=\"https:\/\/www.manaus.am.gov.br\/manaus-previdencia\/wp-content\/uploads\/sites\/19\/2023\/12\/RELATORIO_DE_CONTROLE_INTERNO-4_TRIMESTRE-2022-2.pdf\" target=\"_blank\" rel=\"noreferrer noopener\">4\u00ba Trimestre<\/a><\/p>\n\n\n\n<p> <\/p>\n\n\n\n<p><strong>Relat\u00f3rios 2021<\/strong><br>Relat\u00f3rio de Controle Interno Trimestral: <a href=\"https:\/\/www.manaus.am.gov.br\/manaus-previdencia\/wp-content\/uploads\/sites\/19\/2023\/12\/Relatorio-Trimestral-Controle-Interno-1o-Trimestre_2021.pdf\" target=\"_blank\" rel=\"noreferrer noopener\">1\u00ba Trimestre<\/a>, <a href=\"https:\/\/www.manaus.am.gov.br\/manaus-previdencia\/wp-content\/uploads\/sites\/19\/2023\/12\/202117848179109016418_1.pdf\" target=\"_blank\" rel=\"noreferrer noopener\">2\u00b0 Trimestre<\/a>, <a href=\"https:\/\/www.manaus.am.gov.br\/manaus-previdencia\/wp-content\/uploads\/sites\/19\/2023\/12\/Relatorio-3o-Trimestre-de-2021.pdf\" target=\"_blank\" rel=\"noreferrer noopener\">3\u00ba Trimestre<\/a>, <a href=\"https:\/\/www.manaus.am.gov.br\/manaus-previdencia\/wp-content\/uploads\/sites\/19\/2023\/12\/4o-TRIMESTRE-DE-2021.pdf\" target=\"_blank\" rel=\"noreferrer noopener\">4\u00ba Trimestre<\/a>, <a href=\"https:\/\/www.manaus.am.gov.br\/manaus-previdencia\/wp-content\/uploads\/sites\/19\/2023\/12\/ERRATA-RELATORIO-4o-TRIMESTRE-2021-1.pdf\" target=\"_blank\" rel=\"noreferrer noopener\">4\u00ba Trimestre (Errata)<\/a>.<\/p>\n\n\n\n<p> <\/p>\n\n\n\n<p><strong>Relat\u00f3rios 2020<\/strong><br>Relat\u00f3rio de Controle Interno Mensal: <a href=\"https:\/\/www.manaus.am.gov.br\/manaus-previdencia\/wp-content\/uploads\/sites\/19\/2023\/12\/Relatorio-de-Controle-Interno-janeiro-2020-1.pdf\" target=\"_blank\" rel=\"noreferrer noopener\">Janeiro<\/a>, <a href=\"https:\/\/www.manaus.am.gov.br\/manaus-previdencia\/wp-content\/uploads\/sites\/19\/2023\/12\/Relatorio-de-Auditoria-n5-005-2020-Controle-Interno-mes-fevereiro_final.pdf\" target=\"_blank\" rel=\"noreferrer noopener\">Fevereiro<\/a>, <a href=\"https:\/\/www.manaus.am.gov.br\/manaus-previdencia\/wp-content\/uploads\/sites\/19\/2023\/12\/Relatorio-mensal-Auditoria-Interna-Marco.pdf\" target=\"_blank\" rel=\"noreferrer noopener\">Mar\u00e7o<\/a>, <a href=\"https:\/\/www.manaus.am.gov.br\/manaus-previdencia\/wp-content\/uploads\/sites\/19\/2023\/12\/RELATORIO-DE-CONTROLE-INTERNO-MES-ABRIL2020.pdf\" target=\"_blank\" rel=\"noreferrer noopener\">Abril<\/a>, <a href=\"https:\/\/www.manaus.am.gov.br\/manaus-previdencia\/wp-content\/uploads\/sites\/19\/2023\/12\/RELATORIO-DE-CONTROLE-INTERNO-MES-MAIO-2020.pdf\" target=\"_blank\" rel=\"noreferrer noopener\">Maio<\/a>, <a href=\"https:\/\/www.manaus.am.gov.br\/manaus-previdencia\/wp-content\/uploads\/sites\/19\/2023\/12\/6-.RELATORIO-DE-CONTROLE-INTERNO-MES-JUNHO-2020.pdf\" target=\"_blank\" rel=\"noreferrer noopener\">Junho<\/a>, <a href=\"https:\/\/www.manaus.am.gov.br\/manaus-previdencia\/wp-content\/uploads\/sites\/19\/2023\/12\/RELATORIO-MENSAL-DE-CONTROLE-INTERNO-REFERENTE-AO-MES-DE-JULHO-E-ANEXOS.pdf\" target=\"_blank\" rel=\"noreferrer noopener\">Julho<\/a>, <a href=\"https:\/\/www.manaus.am.gov.br\/manaus-previdencia\/wp-content\/uploads\/sites\/19\/2023\/12\/8-.RELATORIO-DE-CONTROLE-INTERNO-MES-AGOSTO-2020.pdf\" target=\"_blank\" rel=\"noreferrer noopener\">Agosto<\/a>, <a href=\"https:\/\/www.manaus.am.gov.br\/manaus-previdencia\/wp-content\/uploads\/sites\/19\/2023\/12\/RELATORIO-MENSAL-DE-CONTROLE-INTERNO-SETEMBRO.pdf\" target=\"_blank\" rel=\"noreferrer noopener\">Setembro<\/a>, <a href=\"https:\/\/www.manaus.am.gov.br\/manaus-previdencia\/wp-content\/uploads\/sites\/19\/2023\/12\/RELATORIO-DE-CONTROLE-INTERNO-MES-OUTUBRO.pdf\" target=\"_blank\" rel=\"noreferrer noopener\">Outubro<\/a>, <a href=\"https:\/\/www.manaus.am.gov.br\/manaus-previdencia\/wp-content\/uploads\/sites\/19\/2023\/12\/Novembro.pdf\" target=\"_blank\" rel=\"noreferrer noopener\">Novembro<\/a>, <a href=\"https:\/\/www.manaus.am.gov.br\/manaus-previdencia\/wp-content\/uploads\/sites\/19\/2023\/12\/relatorio-mensal-2020-dezembro.pdf\" target=\"_blank\" rel=\"noreferrer noopener\">Dezembro<\/a>;<\/p>\n\n\n\n<p> <\/p>\n\n\n\n<p><strong>Relat\u00f3rios 2019<\/strong><br>Relat\u00f3rio de Controle Interno Trimestral: <a href=\"https:\/\/www.manaus.am.gov.br\/manaus-previdencia\/wp-content\/uploads\/sites\/19\/2023\/12\/Relatorio-Trimestral-1o-trimestre.pdf\" target=\"_blank\" rel=\"noreferrer noopener\">1\u00ba Trimestre<\/a>; <a href=\"https:\/\/www.manaus.am.gov.br\/manaus-previdencia\/wp-content\/uploads\/sites\/19\/2023\/12\/Relatorio-semestral_2019-2.pdf\" target=\"_blank\" rel=\"noreferrer noopener\">2\u00b0 Trimestre<\/a>; <a href=\"https:\/\/www.manaus.am.gov.br\/manaus-previdencia\/wp-content\/uploads\/sites\/19\/2023\/12\/Relatorio-de-Controle-Interno-2019-3o-trimestre.pdf\" target=\"_blank\" rel=\"noreferrer noopener\">3\u00b0 Trimestre<\/a>; <a href=\"https:\/\/www.manaus.am.gov.br\/manaus-previdencia\/wp-content\/uploads\/sites\/19\/2023\/12\/Relatorio-4o-TRIMESTRE_2019.pdf\" target=\"_blank\" rel=\"noreferrer noopener\">4\u00ba Trimestre<\/a>.<\/p>\n\n\n\n<p> <\/p>\n\n\n\n<p><strong>Relat\u00f3rios 2018<\/strong><br>Relat\u00f3rio de Controle Interno Trimestral: <a href=\"https:\/\/www.manaus.am.gov.br\/manaus-previdencia\/wp-content\/uploads\/sites\/19\/2023\/12\/Relatorio-Trimestral-Audin-2018.pdf\" target=\"_blank\" rel=\"noreferrer noopener\">4\u00ba Trimestre<\/a><\/p>\n\n\n\n<p> <\/p>\n\n\n\n<h2 class=\"wp-block-heading\">Servidores<\/h2>\n\n\n\n<p>Andresa Nogueira do Carmo: <a href=\"https:\/\/www.manaus.am.gov.br\/manaus-previdencia\/wp-content\/uploads\/sites\/19\/2023\/12\/2019-IMPLEMENTACAO-DE-CONTROLES-INTERNOS-COM-BASE-NA-ESTRUTURA-COSO-1.pdf\" target=\"_blank\" rel=\"noreferrer noopener\">Controle Interno<\/a>, <a href=\"https:\/\/www.manaus.am.gov.br\/manaus-previdencia\/wp-content\/uploads\/sites\/19\/2023\/12\/ANDRESA-NOGUEIRA_Certificacao-OUVIDORIA.pdf\" target=\"_blank\" rel=\"noreferrer noopener\">Ouvidoria<\/a><br>Thamara G M. Ferreira: <a href=\"https:\/\/www.manaus.am.gov.br\/manaus-previdencia\/wp-content\/uploads\/sites\/19\/2023\/12\/Certificado_Ouvidoria-THAMARA-GRIMM-MONIZ-FERREIRA.pdf\" target=\"_blank\" rel=\"noreferrer noopener\">Ouvidoria<\/a><br>Zena Paula Yacub de Souza: <a href=\"https:\/\/www.manaus.am.gov.br\/manaus-previdencia\/wp-content\/uploads\/sites\/19\/2023\/12\/ZENA-PAULA-YACUB-DE-SOUZA.pdf\" target=\"_blank\" rel=\"noreferrer noopener\">Controle Interno<\/a><br>Elissandro da Cruz Pinheiro: <a href=\"https:\/\/www.manaus.am.gov.br\/manaus-previdencia\/wp-content\/uploads\/sites\/19\/2023\/12\/CERTIFICACAO-EM-OUVIDORIA-ELISSANDRO-1.pdf\" target=\"_blank\" rel=\"noreferrer noopener\">Ouvidoria<\/a><br>Diego Leonardo Barbosa Pinto <a href=\"https:\/\/www.manaus.am.gov.br\/manaus-previdencia\/wp-content\/uploads\/sites\/19\/2023\/12\/Certificado-CONTROLE-NA-ADM-30H-1.pdf\" target=\"_blank\" rel=\"noreferrer noopener\">Controle Interno<\/a><\/p>\n\n\n\n<div style=\"height:30px\" aria-hidden=\"true\" class=\"wp-block-spacer\"><\/div>\n\n\n\n<h2 class=\"wp-block-heading\">Documenta\u00e7\u00f5es<\/h2>\n\n\n\n<h3 class=\"wp-block-heading\"><a href=\"https:\/\/www.manaus.am.gov.br\/manaus-previdencia\/wp-content\/uploads\/sites\/19\/2023\/12\/Microsoft-Word-DOM-5344-17.05.2022-CAD-1.doc-DOM-5344-17.05.2022-CAD-1.pdf\" target=\"_blank\" rel=\"noreferrer noopener\">Decreto de 17 de Maio de 2022 \u2013 Nomea\u00e7\u00e3o das Analista Previdenci\u00e1rias \u2013 Especialidade Auditoria<\/a><\/h3>\n\n\n\n<h3 class=\"wp-block-heading\"><a href=\"https:\/\/www.manaus.am.gov.br\/manaus-previdencia\/wp-content\/uploads\/sites\/19\/2023\/12\/PortariaPREFEITURA-DE-MANAUS-Pagina-47.pdf\" target=\"_blank\" rel=\"noreferrer noopener\">Portaria n\u00ba 040\/2019 \u2013 Designa\u00e7\u00e3o Controle Interno<\/a><\/h3>\n\n\n\n<h3 class=\"wp-block-heading\"><a href=\"https:\/\/www.manaus.am.gov.br\/manaus-previdencia\/wp-content\/uploads\/sites\/19\/2023\/12\/PORTARIA-No-377-2022-DISPENSA-DE-SERVIDOR.pdf\" target=\"_blank\" rel=\"noreferrer noopener\">Portaria N\u00ba 377-2022 \u2013 DISPENSA DE SERVIDOR \u2013 Designa\u00e7\u00e3o Controle Interno<\/a><\/h3>\n\n\n\n<h3 class=\"wp-block-heading\"><a href=\"https:\/\/www.manaus.am.gov.br\/manaus-previdencia\/wp-content\/uploads\/sites\/19\/2023\/12\/DOM-4732-03.12.2019-CAD-1-NOMEACAO-AUDITOR-CHEFE.pdf\" target=\"_blank\" rel=\"noreferrer noopener\">Decreto de 03 de Dezembro de 2019 \u2013 Nomea\u00e7\u00e3o de Auditor Chefe<\/a><\/h3>\n\n\n\n<h3 class=\"wp-block-heading\"><a href=\"https:\/\/www.manaus.am.gov.br\/manaus-previdencia\/wp-content\/uploads\/sites\/19\/2023\/12\/PRO.AUDIN_.01-Atividades-de-Auditoria-Interna-v11-09-10-2023_compressed.pdf\" target=\"_blank\" rel=\"noreferrer noopener\">Pol\u00edtica de Controle Interno<\/a><\/h3>\n\n\n\n<h3 class=\"wp-block-heading\"><a href=\"https:\/\/www.manaus.am.gov.br\/manaus-previdencia\/wp-content\/uploads\/sites\/19\/2023\/12\/Parecer-024-2023-Aprovacao-CMP-PRO.AUDIN-01-e-02.pdf\" target=\"_blank\" rel=\"noreferrer noopener\">Parecer aprova\u00e7\u00e3o CMP<\/a><\/h3>\n\n\n\n<h3 class=\"wp-block-heading\"><a href=\"https:\/\/www.manaus.am.gov.br\/manaus-previdencia\/wp-content\/uploads\/sites\/19\/2023\/12\/Nomeacao_DIEGO.pdf\" target=\"_blank\" rel=\"noreferrer noopener\">Decreto de 05 de Julho de 2023 \u2013 Nomea\u00e7\u00e3o de Analista Previdenci\u00e1rio \u2013 Especialidade Auditoria<\/a><\/h3>\n\n\n\n<div style=\"height:30px\" aria-hidden=\"true\" class=\"wp-block-spacer\"><\/div>\n\n\n\n<h2 class=\"wp-block-heading\">Fluxograma<\/h2>\n\n\n<div class=\"wp-block-image\">\n<figure class=\"aligncenter size-full\"><a href=\"https:\/\/www.manaus.am.gov.br\/manaus-previdencia\/wp-content\/uploads\/sites\/19\/2023\/12\/AUDIN.01-AUDITORIAS-REGULARES-V02-1.png\"><img loading=\"lazy\" decoding=\"async\" width=\"1932\" height=\"1232\" src=\"https:\/\/www.manaus.am.gov.br\/manaus-previdencia\/wp-content\/uploads\/sites\/19\/2023\/12\/AUDIN.01-AUDITORIAS-REGULARES-V02-1.png\" alt=\"\" class=\"wp-image-5669\" srcset=\"https:\/\/www.manaus.am.gov.br\/manaus-previdencia\/wp-content\/uploads\/sites\/19\/2023\/12\/AUDIN.01-AUDITORIAS-REGULARES-V02-1.png 1932w, https:\/\/www.manaus.am.gov.br\/manaus-previdencia\/wp-content\/uploads\/sites\/19\/2023\/12\/AUDIN.01-AUDITORIAS-REGULARES-V02-1-300x191.png 300w, https:\/\/www.manaus.am.gov.br\/manaus-previdencia\/wp-content\/uploads\/sites\/19\/2023\/12\/AUDIN.01-AUDITORIAS-REGULARES-V02-1-1024x653.png 1024w, https:\/\/www.manaus.am.gov.br\/manaus-previdencia\/wp-content\/uploads\/sites\/19\/2023\/12\/AUDIN.01-AUDITORIAS-REGULARES-V02-1-768x490.png 768w, https:\/\/www.manaus.am.gov.br\/manaus-previdencia\/wp-content\/uploads\/sites\/19\/2023\/12\/AUDIN.01-AUDITORIAS-REGULARES-V02-1-1536x979.png 1536w\" sizes=\"(max-width: 1932px) 100vw, 1932px\" \/><\/a><\/figure><\/div>","protected":false},"excerpt":{"rendered":"","protected":false},"author":27,"featured_media":0,"parent":0,"menu_order":0,"comment_status":"closed","ping_status":"closed","template":"templates\/prefeitura.php","meta":{"footnotes":""},"acf":[],"yoast_head":"<!-- This site is optimized with the Yoast SEO plugin v23.0 - https:\/\/yoast.com\/wordpress\/plugins\/seo\/ -->\n<title>Controle Interno - Manaus Previd\u00eancia<\/title>\n<meta name=\"robots\" content=\"noindex, follow\" \/>\n<meta property=\"og:locale\" content=\"pt_BR\" \/>\n<meta property=\"og:type\" content=\"article\" \/>\n<meta property=\"og:title\" content=\"Controle Interno - Manaus Previd\u00eancia\" \/>\n<meta property=\"og:url\" content=\"https:\/\/www.manaus.am.gov.br\/manaus-previdencia\/controle-interno\/\" \/>\n<meta property=\"og:site_name\" content=\"Manaus Previd\u00eancia\" \/>\n<meta property=\"article:modified_time\" content=\"2023-12-29T22:13:18+00:00\" \/>\n<meta property=\"og:image\" content=\"https:\/\/www.manaus.am.gov.br\/manaus-previdencia\/wp-content\/uploads\/sites\/19\/2023\/12\/AUDIN.01-AUDITORIAS-REGULARES-V02-1.png\" \/>\n<meta name=\"twitter:card\" content=\"summary_large_image\" \/>\n<meta name=\"twitter:label1\" content=\"Est. reading time\" \/>\n\t<meta name=\"twitter:data1\" content=\"2 minutos\" \/>\n<script type=\"application\/ld+json\" class=\"yoast-schema-graph\">{\"@context\":\"https:\/\/schema.org\",\"@graph\":[{\"@type\":\"WebPage\",\"@id\":\"https:\/\/www.manaus.am.gov.br\/manaus-previdencia\/controle-interno\/\",\"url\":\"https:\/\/www.manaus.am.gov.br\/manaus-previdencia\/controle-interno\/\",\"name\":\"Controle Interno - Manaus Previd\u00eancia\",\"isPartOf\":{\"@id\":\"https:\/\/www.manaus.am.gov.br\/manaus-previdencia\/#website\"},\"primaryImageOfPage\":{\"@id\":\"https:\/\/www.manaus.am.gov.br\/manaus-previdencia\/controle-interno\/#primaryimage\"},\"image\":{\"@id\":\"https:\/\/www.manaus.am.gov.br\/manaus-previdencia\/controle-interno\/#primaryimage\"},\"thumbnailUrl\":\"https:\/\/www.manaus.am.gov.br\/manaus-previdencia\/wp-content\/uploads\/sites\/19\/2023\/12\/AUDIN.01-AUDITORIAS-REGULARES-V02-1.png\",\"datePublished\":\"2023-12-29T20:16:00+00:00\",\"dateModified\":\"2023-12-29T22:13:18+00:00\",\"breadcrumb\":{\"@id\":\"https:\/\/www.manaus.am.gov.br\/manaus-previdencia\/controle-interno\/#breadcrumb\"},\"inLanguage\":\"pt-BR\",\"potentialAction\":[{\"@type\":\"ReadAction\",\"target\":[\"https:\/\/www.manaus.am.gov.br\/manaus-previdencia\/controle-interno\/\"]}]},{\"@type\":\"ImageObject\",\"inLanguage\":\"pt-BR\",\"@id\":\"https:\/\/www.manaus.am.gov.br\/manaus-previdencia\/controle-interno\/#primaryimage\",\"url\":\"https:\/\/www.manaus.am.gov.br\/manaus-previdencia\/wp-content\/uploads\/sites\/19\/2023\/12\/AUDIN.01-AUDITORIAS-REGULARES-V02-1.png\",\"contentUrl\":\"https:\/\/www.manaus.am.gov.br\/manaus-previdencia\/wp-content\/uploads\/sites\/19\/2023\/12\/AUDIN.01-AUDITORIAS-REGULARES-V02-1.png\"},{\"@type\":\"BreadcrumbList\",\"@id\":\"https:\/\/www.manaus.am.gov.br\/manaus-previdencia\/controle-interno\/#breadcrumb\",\"itemListElement\":[{\"@type\":\"ListItem\",\"position\":1,\"name\":\"Home\",\"item\":\"https:\/\/www.manaus.am.gov.br\/manaus-previdencia\/\"},{\"@type\":\"ListItem\",\"position\":2,\"name\":\"Controle Interno\"}]},{\"@type\":\"WebSite\",\"@id\":\"https:\/\/www.manaus.am.gov.br\/manaus-previdencia\/#website\",\"url\":\"https:\/\/www.manaus.am.gov.br\/manaus-previdencia\/\",\"name\":\"Manaus Previd\u00eancia\",\"description\":\"Secretaria Municipal Manaus Previd\u00eancia\",\"potentialAction\":[{\"@type\":\"SearchAction\",\"target\":{\"@type\":\"EntryPoint\",\"urlTemplate\":\"https:\/\/www.manaus.am.gov.br\/manaus-previdencia\/?s={search_term_string}\"},\"query-input\":\"required name=search_term_string\"}],\"inLanguage\":\"pt-BR\"}]}<\/script>\n<!-- \/ Yoast SEO plugin. -->","yoast_head_json":{"title":"Controle Interno - Manaus Previd\u00eancia","robots":{"index":"noindex","follow":"follow"},"og_locale":"pt_BR","og_type":"article","og_title":"Controle Interno - Manaus Previd\u00eancia","og_url":"https:\/\/www.manaus.am.gov.br\/manaus-previdencia\/controle-interno\/","og_site_name":"Manaus Previd\u00eancia","article_modified_time":"2023-12-29T22:13:18+00:00","og_image":[{"url":"https:\/\/www.manaus.am.gov.br\/manaus-previdencia\/wp-content\/uploads\/sites\/19\/2023\/12\/AUDIN.01-AUDITORIAS-REGULARES-V02-1.png"}],"twitter_card":"summary_large_image","twitter_misc":{"Est. reading time":"2 minutos"},"schema":{"@context":"https:\/\/schema.org","@graph":[{"@type":"WebPage","@id":"https:\/\/www.manaus.am.gov.br\/manaus-previdencia\/controle-interno\/","url":"https:\/\/www.manaus.am.gov.br\/manaus-previdencia\/controle-interno\/","name":"Controle Interno - Manaus Previd\u00eancia","isPartOf":{"@id":"https:\/\/www.manaus.am.gov.br\/manaus-previdencia\/#website"},"primaryImageOfPage":{"@id":"https:\/\/www.manaus.am.gov.br\/manaus-previdencia\/controle-interno\/#primaryimage"},"image":{"@id":"https:\/\/www.manaus.am.gov.br\/manaus-previdencia\/controle-interno\/#primaryimage"},"thumbnailUrl":"https:\/\/www.manaus.am.gov.br\/manaus-previdencia\/wp-content\/uploads\/sites\/19\/2023\/12\/AUDIN.01-AUDITORIAS-REGULARES-V02-1.png","datePublished":"2023-12-29T20:16:00+00:00","dateModified":"2023-12-29T22:13:18+00:00","breadcrumb":{"@id":"https:\/\/www.manaus.am.gov.br\/manaus-previdencia\/controle-interno\/#breadcrumb"},"inLanguage":"pt-BR","potentialAction":[{"@type":"ReadAction","target":["https:\/\/www.manaus.am.gov.br\/manaus-previdencia\/controle-interno\/"]}]},{"@type":"ImageObject","inLanguage":"pt-BR","@id":"https:\/\/www.manaus.am.gov.br\/manaus-previdencia\/controle-interno\/#primaryimage","url":"https:\/\/www.manaus.am.gov.br\/manaus-previdencia\/wp-content\/uploads\/sites\/19\/2023\/12\/AUDIN.01-AUDITORIAS-REGULARES-V02-1.png","contentUrl":"https:\/\/www.manaus.am.gov.br\/manaus-previdencia\/wp-content\/uploads\/sites\/19\/2023\/12\/AUDIN.01-AUDITORIAS-REGULARES-V02-1.png"},{"@type":"BreadcrumbList","@id":"https:\/\/www.manaus.am.gov.br\/manaus-previdencia\/controle-interno\/#breadcrumb","itemListElement":[{"@type":"ListItem","position":1,"name":"Home","item":"https:\/\/www.manaus.am.gov.br\/manaus-previdencia\/"},{"@type":"ListItem","position":2,"name":"Controle Interno"}]},{"@type":"WebSite","@id":"https:\/\/www.manaus.am.gov.br\/manaus-previdencia\/#website","url":"https:\/\/www.manaus.am.gov.br\/manaus-previdencia\/","name":"Manaus Previd\u00eancia","description":"Secretaria Municipal Manaus Previd\u00eancia","potentialAction":[{"@type":"SearchAction","target":{"@type":"EntryPoint","urlTemplate":"https:\/\/www.manaus.am.gov.br\/manaus-previdencia\/?s={search_term_string}"},"query-input":"required name=search_term_string"}],"inLanguage":"pt-BR"}]}},"_links":{"self":[{"href":"https:\/\/www.manaus.am.gov.br\/manaus-previdencia\/wp-json\/wp\/v2\/pages\/5662"}],"collection":[{"href":"https:\/\/www.manaus.am.gov.br\/manaus-previdencia\/wp-json\/wp\/v2\/pages"}],"about":[{"href":"https:\/\/www.manaus.am.gov.br\/manaus-previdencia\/wp-json\/wp\/v2\/types\/page"}],"author":[{"embeddable":true,"href":"https:\/\/www.manaus.am.gov.br\/manaus-previdencia\/wp-json\/wp\/v2\/users\/27"}],"replies":[{"embeddable":true,"href":"https:\/\/www.manaus.am.gov.br\/manaus-previdencia\/wp-json\/wp\/v2\/comments?post=5662"}],"version-history":[{"count":9,"href":"https:\/\/www.manaus.am.gov.br\/manaus-previdencia\/wp-json\/wp\/v2\/pages\/5662\/revisions"}],"predecessor-version":[{"id":5737,"href":"https:\/\/www.manaus.am.gov.br\/manaus-previdencia\/wp-json\/wp\/v2\/pages\/5662\/revisions\/5737"}],"wp:attachment":[{"href":"https:\/\/www.manaus.am.gov.br\/manaus-previdencia\/wp-json\/wp\/v2\/media?parent=5662"}],"curies":[{"name":"wp","href":"https:\/\/api.w.org\/{rel}","templated":true}]}}