{"id":259,"date":"2023-04-19T21:20:42","date_gmt":"2023-04-20T00:20:42","guid":{"rendered":"https:\/\/www.manaus.am.gov.br\/manaus-previdencia\/?page_id=259"},"modified":"2023-12-26T15:48:24","modified_gmt":"2023-12-26T19:48:24","slug":"estrutura-organizacional","status":"publish","type":"page","link":"https:\/\/www.manaus.am.gov.br\/manaus-previdencia\/manaus-previdencia\/estrutura-organizacional\/","title":{"rendered":"Estrutura Organizacional"},"content":{"rendered":"\n<h2 class=\"wp-block-heading\"><a href=\"https:\/\/leismunicipais.com.br\/a\/am\/m\/manaus\/decreto\/2019\/437\/4364\/decreto-n-4364-2019-dispoe-sobre-o-regimento-interno-da-manaus-previdencia-manausprev-e-da-outras-providencias\" target=\"_blank\" rel=\"noreferrer noopener\">DECRETO N\u00ba 4.364, DE 01 DE ABRIL DE 2019<\/a><\/h2>\n\n\n\n<p>Disp\u00f5e sobre o Regimento Interno da Manaus Previd\u00eancia &#8211; MANAUSPREV, e d\u00e1 outras provid\u00eancias.<\/p>\n\n\n\n<h3 class=\"wp-block-heading\">CAP\u00cdTULO III<br>Da Estrutura Organizacional<\/h3>\n\n\n\n<p>Art. 4\u00ba A MANAUSPREV, constitu\u00edda por \u00f3rg\u00e3os e unidades org\u00e2nicas, tem a seguinte estrutura organizacional:<\/p>\n\n\n\n<p><strong>I \u2013 \u00d3rg\u00e3os Superiores Colegiados de Gest\u00e3o Deliberativa:<\/strong><\/p>\n\n\n\n<p>a) Conselho Municipal de Previd\u00eancia &#8211; CMP; e<br>b) Conselho Diretor &#8211; CODIR.<\/p>\n\n\n\n<p><strong>II \u2013 \u00d3rg\u00e3o Colegiado Consultivo: Comit\u00ea de Investimentos &#8211; COMINV.<\/strong><\/p>\n\n\n\n<p><strong>III \u2013 \u00d3rg\u00e3os de Administra\u00e7\u00e3o Superior:<\/strong><\/p>\n\n\n\n<p>a) Presid\u00eancia &#8211; PRESI;<br>b) Diretoria de Administra\u00e7\u00e3o e Finan\u00e7as &#8211; DIRAFI; e<br>c) Diretoria de Previd\u00eancia &#8211; DIPREV.<\/p>\n\n\n\n<p><strong>V \u2013 \u00d3rg\u00e3os de Assessoramento Direto:<\/strong><\/p>\n\n\n\n<p>a) Procuradoria &#8211; PROJUR;<br>b) Assessoria de Comunica\u00e7\u00e3o &#8211; ASCOM;<br>c) Assessoria T\u00e9cnica &#8211; ASTEC;<br>d) Chefia de Gabinete &#8211; CGAB;<br>e) Auditoria Interna &#8211; AUDIN;<br>f) Superintend\u00eancia de Investimentos &#8211; SUPINV.<\/p>\n\n\n\n<p><strong>V \u2013 \u00d3rg\u00e3o Colegiado Consultivo e de Fiscaliza\u00e7\u00e3o: Conselho Fiscal &#8211; COFIS.<\/strong><\/p>\n\n\n\n<p><strong>VI \u2013 \u00d3rg\u00e3os de Execu\u00e7\u00e3o:<\/strong><\/p>\n\n\n\n<p>a) Ger\u00eancia de \u00c1rea de Administra\u00e7\u00e3o e Finan\u00e7as &#8211; GERAFI, composta pelas seguintes unidades:<\/p>\n\n\n\n<ol>\n<li>Setor de Gest\u00e3o de Pessoas &#8211; SGEP;<\/li>\n\n\n\n<li>Setor de Planejamento e Or\u00e7amento &#8211; SPLAN;<\/li>\n\n\n\n<li>Setor de Contabilidade &#8211; SCONT;<\/li>\n\n\n\n<li>Setor Financeiro &#8211; SFIN;<\/li>\n\n\n\n<li>Setor de Manuten\u00e7\u00e3o e Material &#8211; SMART; e<\/li>\n\n\n\n<li>Setor de Tecnologia da Informa\u00e7\u00e3o &#8211; STIN.<\/li>\n<\/ol>\n\n\n\n<p> <\/p>\n\n\n\n<p>b) Ger\u00eancia de \u00c1rea de Previd\u00eancia &#8211; GEPREV, composta pelas seguintes unidades:<\/p>\n\n\n\n<ol>\n<li>Setor de Atendimento &#8211; SATE;<\/li>\n\n\n\n<li>Setor de Concess\u00e3o de Benef\u00edcios &#8211; SCON;<\/li>\n\n\n\n<li>Setor de Manuten\u00e7\u00e3o de Benef\u00edcios &#8211; SMAN;<\/li>\n\n\n\n<li>Setor de Arquivo &#8211; SARQ;<\/li>\n\n\n\n<li>Setor de Compensa\u00e7\u00e3o Previdenci\u00e1ria &#8211; COMPREV; e<\/li>\n\n\n\n<li>Setor Psicossocial &#8211; PSICO.<\/li>\n<\/ol>\n","protected":false},"excerpt":{"rendered":"","protected":false},"author":27,"featured_media":0,"parent":1050,"menu_order":1,"comment_status":"closed","ping_status":"closed","template":"templates\/turismo.php","meta":{"footnotes":""},"acf":[],"yoast_head":"<!-- This site is optimized with the Yoast SEO plugin v23.0 - https:\/\/yoast.com\/wordpress\/plugins\/seo\/ -->\n<title>Estrutura Organizacional - Manaus Previd\u00eancia<\/title>\n<meta name=\"robots\" content=\"noindex, follow\" \/>\n<meta property=\"og:locale\" content=\"pt_BR\" \/>\n<meta property=\"og:type\" content=\"article\" \/>\n<meta property=\"og:title\" content=\"Estrutura Organizacional - Manaus Previd\u00eancia\" \/>\n<meta property=\"og:url\" content=\"https:\/\/www.manaus.am.gov.br\/manaus-previdencia\/manaus-previdencia\/estrutura-organizacional\/\" \/>\n<meta property=\"og:site_name\" content=\"Manaus Previd\u00eancia\" \/>\n<meta property=\"article:modified_time\" content=\"2023-12-26T19:48:24+00:00\" \/>\n<meta name=\"twitter:card\" content=\"summary_large_image\" \/>\n<meta name=\"twitter:label1\" content=\"Est. reading time\" \/>\n\t<meta name=\"twitter:data1\" content=\"2 minutos\" \/>\n<script type=\"application\/ld+json\" class=\"yoast-schema-graph\">{\"@context\":\"https:\/\/schema.org\",\"@graph\":[{\"@type\":\"WebPage\",\"@id\":\"https:\/\/www.manaus.am.gov.br\/manaus-previdencia\/manaus-previdencia\/estrutura-organizacional\/\",\"url\":\"https:\/\/www.manaus.am.gov.br\/manaus-previdencia\/manaus-previdencia\/estrutura-organizacional\/\",\"name\":\"Estrutura Organizacional - Manaus Previd\u00eancia\",\"isPartOf\":{\"@id\":\"https:\/\/www.manaus.am.gov.br\/manaus-previdencia\/#website\"},\"datePublished\":\"2023-04-20T00:20:42+00:00\",\"dateModified\":\"2023-12-26T19:48:24+00:00\",\"breadcrumb\":{\"@id\":\"https:\/\/www.manaus.am.gov.br\/manaus-previdencia\/manaus-previdencia\/estrutura-organizacional\/#breadcrumb\"},\"inLanguage\":\"pt-BR\",\"potentialAction\":[{\"@type\":\"ReadAction\",\"target\":[\"https:\/\/www.manaus.am.gov.br\/manaus-previdencia\/manaus-previdencia\/estrutura-organizacional\/\"]}]},{\"@type\":\"BreadcrumbList\",\"@id\":\"https:\/\/www.manaus.am.gov.br\/manaus-previdencia\/manaus-previdencia\/estrutura-organizacional\/#breadcrumb\",\"itemListElement\":[{\"@type\":\"ListItem\",\"position\":1,\"name\":\"Home\",\"item\":\"https:\/\/www.manaus.am.gov.br\/manaus-previdencia\/\"},{\"@type\":\"ListItem\",\"position\":2,\"name\":\"Manaus Previd\u00eancia\",\"item\":\"https:\/\/www.manaus.am.gov.br\/manaus-previdencia\/manaus-previdencia\/\"},{\"@type\":\"ListItem\",\"position\":3,\"name\":\"Estrutura Organizacional\"}]},{\"@type\":\"WebSite\",\"@id\":\"https:\/\/www.manaus.am.gov.br\/manaus-previdencia\/#website\",\"url\":\"https:\/\/www.manaus.am.gov.br\/manaus-previdencia\/\",\"name\":\"Manaus Previd\u00eancia\",\"description\":\"Secretaria Municipal Manaus Previd\u00eancia\",\"potentialAction\":[{\"@type\":\"SearchAction\",\"target\":{\"@type\":\"EntryPoint\",\"urlTemplate\":\"https:\/\/www.manaus.am.gov.br\/manaus-previdencia\/?s={search_term_string}\"},\"query-input\":\"required name=search_term_string\"}],\"inLanguage\":\"pt-BR\"}]}<\/script>\n<!-- \/ Yoast SEO plugin. -->","yoast_head_json":{"title":"Estrutura Organizacional - Manaus Previd\u00eancia","robots":{"index":"noindex","follow":"follow"},"og_locale":"pt_BR","og_type":"article","og_title":"Estrutura Organizacional - Manaus Previd\u00eancia","og_url":"https:\/\/www.manaus.am.gov.br\/manaus-previdencia\/manaus-previdencia\/estrutura-organizacional\/","og_site_name":"Manaus Previd\u00eancia","article_modified_time":"2023-12-26T19:48:24+00:00","twitter_card":"summary_large_image","twitter_misc":{"Est. reading time":"2 minutos"},"schema":{"@context":"https:\/\/schema.org","@graph":[{"@type":"WebPage","@id":"https:\/\/www.manaus.am.gov.br\/manaus-previdencia\/manaus-previdencia\/estrutura-organizacional\/","url":"https:\/\/www.manaus.am.gov.br\/manaus-previdencia\/manaus-previdencia\/estrutura-organizacional\/","name":"Estrutura Organizacional - Manaus Previd\u00eancia","isPartOf":{"@id":"https:\/\/www.manaus.am.gov.br\/manaus-previdencia\/#website"},"datePublished":"2023-04-20T00:20:42+00:00","dateModified":"2023-12-26T19:48:24+00:00","breadcrumb":{"@id":"https:\/\/www.manaus.am.gov.br\/manaus-previdencia\/manaus-previdencia\/estrutura-organizacional\/#breadcrumb"},"inLanguage":"pt-BR","potentialAction":[{"@type":"ReadAction","target":["https:\/\/www.manaus.am.gov.br\/manaus-previdencia\/manaus-previdencia\/estrutura-organizacional\/"]}]},{"@type":"BreadcrumbList","@id":"https:\/\/www.manaus.am.gov.br\/manaus-previdencia\/manaus-previdencia\/estrutura-organizacional\/#breadcrumb","itemListElement":[{"@type":"ListItem","position":1,"name":"Home","item":"https:\/\/www.manaus.am.gov.br\/manaus-previdencia\/"},{"@type":"ListItem","position":2,"name":"Manaus Previd\u00eancia","item":"https:\/\/www.manaus.am.gov.br\/manaus-previdencia\/manaus-previdencia\/"},{"@type":"ListItem","position":3,"name":"Estrutura Organizacional"}]},{"@type":"WebSite","@id":"https:\/\/www.manaus.am.gov.br\/manaus-previdencia\/#website","url":"https:\/\/www.manaus.am.gov.br\/manaus-previdencia\/","name":"Manaus Previd\u00eancia","description":"Secretaria Municipal Manaus Previd\u00eancia","potentialAction":[{"@type":"SearchAction","target":{"@type":"EntryPoint","urlTemplate":"https:\/\/www.manaus.am.gov.br\/manaus-previdencia\/?s={search_term_string}"},"query-input":"required name=search_term_string"}],"inLanguage":"pt-BR"}]}},"_links":{"self":[{"href":"https:\/\/www.manaus.am.gov.br\/manaus-previdencia\/wp-json\/wp\/v2\/pages\/259"}],"collection":[{"href":"https:\/\/www.manaus.am.gov.br\/manaus-previdencia\/wp-json\/wp\/v2\/pages"}],"about":[{"href":"https:\/\/www.manaus.am.gov.br\/manaus-previdencia\/wp-json\/wp\/v2\/types\/page"}],"author":[{"embeddable":true,"href":"https:\/\/www.manaus.am.gov.br\/manaus-previdencia\/wp-json\/wp\/v2\/users\/27"}],"replies":[{"embeddable":true,"href":"https:\/\/www.manaus.am.gov.br\/manaus-previdencia\/wp-json\/wp\/v2\/comments?post=259"}],"version-history":[{"count":6,"href":"https:\/\/www.manaus.am.gov.br\/manaus-previdencia\/wp-json\/wp\/v2\/pages\/259\/revisions"}],"predecessor-version":[{"id":5579,"href":"https:\/\/www.manaus.am.gov.br\/manaus-previdencia\/wp-json\/wp\/v2\/pages\/259\/revisions\/5579"}],"up":[{"embeddable":true,"href":"https:\/\/www.manaus.am.gov.br\/manaus-previdencia\/wp-json\/wp\/v2\/pages\/1050"}],"wp:attachment":[{"href":"https:\/\/www.manaus.am.gov.br\/manaus-previdencia\/wp-json\/wp\/v2\/media?parent=259"}],"curies":[{"name":"wp","href":"https:\/\/api.w.org\/{rel}","templated":true}]}}