{"id":243,"date":"2023-04-19T21:09:11","date_gmt":"2023-04-20T00:09:11","guid":{"rendered":"https:\/\/www.manaus.am.gov.br\/manaus-previdencia\/?page_id=243"},"modified":"2023-12-06T08:40:31","modified_gmt":"2023-12-06T12:40:31","slug":"manausprev-itinerante","status":"publish","type":"page","link":"https:\/\/www.manaus.am.gov.br\/manaus-previdencia\/programas-e-projetos\/manausprev-itinerante\/","title":{"rendered":"Manausprev Itinerante"},"content":{"rendered":"\n<h2 class=\"wp-block-heading\">O que \u00e9?<\/h2>\n\n\n\n<p>O Programa Manausprev Itinerante abrange um conjunto de atividades que visam o compartilhamento e dissemina\u00e7\u00e3o, no \u00e2mbito do munic\u00edpio de Manaus, de informa\u00e7\u00f5es procedimentais, t\u00e9cnicas e jur\u00eddicas sobre a previd\u00eancia do servidor p\u00fablico.<\/p>\n\n\n\n<h2 class=\"wp-block-heading\">Como funciona?<\/h2>\n\n\n\n<p>O Programa se divide em tr\u00eas atividades, reuni\u00f5es operacionais, treinamentos em sistemas e palestras que se destinam a dois p\u00fablicos distintos, os servidores que atuam nos setores de Recursos Humanos e Gest\u00e3o de Pessoas das Secretarias e os servidores ativos em geral.<\/p>\n\n\n\n<p>As a\u00e7\u00f5es destinadas ao p\u00fablico de servidores do RH, respons\u00e1veis pela formaliza\u00e7\u00e3o e instru\u00e7\u00e3o dos processos administrativos de cunho previdenci\u00e1rio, consistem em reuni\u00f5es trimestrais de alinhamento, cursos previdenci\u00e1rios em parceria com a ESPI e treinamentos nos sistemas operacionais internos.<\/p>\n\n\n\n<p>Essas reuni\u00f5es t\u00eam por objetivo alinhar e uniformizar os procedimentos e informa\u00e7\u00f5es pertinentes aos trabalhos administrativos desenvolvidos nos setores de RH e Gest\u00e3o de Pessoas. J\u00e1 os cursos previdenci\u00e1rios e os treinamentos possibilitam a capacita\u00e7\u00e3o t\u00e9cnica e o aperfei\u00e7oamento profissional desses servidores, a fim de permitir o m\u00e1ximo conhecimento sobre a legisla\u00e7\u00e3o previdenci\u00e1ria e aproveitamento dos recursos e funcionalidades advindas das ferramentas operacionais.<\/p>\n\n\n\n<p>Por fim, quanto ao p\u00fablico de servidores em atividade, temos a realiza\u00e7\u00e3o de palestras que abordam as regras de aposentadoria e pens\u00e3o, suas formas de c\u00e1lculo e reajustes, dentre outros temas correlatos. Na ocasi\u00e3o tamb\u00e9m s\u00e3o realizadas simula\u00e7\u00f5es de aposentadorias e atendimentos individualizados, no intuito de esclarecer d\u00favidas e proporcionar ao segurado conhecimento pr\u00e9vio para uma aposentadoria segura e tranquila.<\/p>\n","protected":false},"excerpt":{"rendered":"","protected":false},"author":27,"featured_media":0,"parent":1712,"menu_order":2,"comment_status":"closed","ping_status":"closed","template":"templates\/turismo.php","meta":{"footnotes":""},"acf":[],"yoast_head":"<!-- This site is optimized with the Yoast SEO plugin v23.0 - https:\/\/yoast.com\/wordpress\/plugins\/seo\/ -->\n<title>Manausprev Itinerante - Manaus Previd\u00eancia<\/title>\n<meta name=\"robots\" content=\"noindex, follow\" \/>\n<meta property=\"og:locale\" content=\"pt_BR\" \/>\n<meta property=\"og:type\" content=\"article\" \/>\n<meta property=\"og:title\" content=\"Manausprev Itinerante - Manaus Previd\u00eancia\" \/>\n<meta property=\"og:url\" content=\"https:\/\/www.manaus.am.gov.br\/manaus-previdencia\/programas-e-projetos\/manausprev-itinerante\/\" \/>\n<meta property=\"og:site_name\" content=\"Manaus Previd\u00eancia\" \/>\n<meta property=\"article:modified_time\" content=\"2023-12-06T12:40:31+00:00\" \/>\n<meta name=\"twitter:card\" content=\"summary_large_image\" \/>\n<meta name=\"twitter:label1\" content=\"Est. reading time\" \/>\n\t<meta name=\"twitter:data1\" content=\"2 minutos\" \/>\n<script type=\"application\/ld+json\" class=\"yoast-schema-graph\">{\"@context\":\"https:\/\/schema.org\",\"@graph\":[{\"@type\":\"WebPage\",\"@id\":\"https:\/\/www.manaus.am.gov.br\/manaus-previdencia\/programas-e-projetos\/manausprev-itinerante\/\",\"url\":\"https:\/\/www.manaus.am.gov.br\/manaus-previdencia\/programas-e-projetos\/manausprev-itinerante\/\",\"name\":\"Manausprev Itinerante - Manaus Previd\u00eancia\",\"isPartOf\":{\"@id\":\"https:\/\/www.manaus.am.gov.br\/manaus-previdencia\/#website\"},\"datePublished\":\"2023-04-20T00:09:11+00:00\",\"dateModified\":\"2023-12-06T12:40:31+00:00\",\"breadcrumb\":{\"@id\":\"https:\/\/www.manaus.am.gov.br\/manaus-previdencia\/programas-e-projetos\/manausprev-itinerante\/#breadcrumb\"},\"inLanguage\":\"pt-BR\",\"potentialAction\":[{\"@type\":\"ReadAction\",\"target\":[\"https:\/\/www.manaus.am.gov.br\/manaus-previdencia\/programas-e-projetos\/manausprev-itinerante\/\"]}]},{\"@type\":\"BreadcrumbList\",\"@id\":\"https:\/\/www.manaus.am.gov.br\/manaus-previdencia\/programas-e-projetos\/manausprev-itinerante\/#breadcrumb\",\"itemListElement\":[{\"@type\":\"ListItem\",\"position\":1,\"name\":\"Home\",\"item\":\"https:\/\/www.manaus.am.gov.br\/manaus-previdencia\/\"},{\"@type\":\"ListItem\",\"position\":2,\"name\":\"Programas e Projetos\",\"item\":\"https:\/\/www.manaus.am.gov.br\/manaus-previdencia\/programas-e-projetos\/\"},{\"@type\":\"ListItem\",\"position\":3,\"name\":\"Manausprev Itinerante\"}]},{\"@type\":\"WebSite\",\"@id\":\"https:\/\/www.manaus.am.gov.br\/manaus-previdencia\/#website\",\"url\":\"https:\/\/www.manaus.am.gov.br\/manaus-previdencia\/\",\"name\":\"Manaus Previd\u00eancia\",\"description\":\"Secretaria Municipal Manaus Previd\u00eancia\",\"potentialAction\":[{\"@type\":\"SearchAction\",\"target\":{\"@type\":\"EntryPoint\",\"urlTemplate\":\"https:\/\/www.manaus.am.gov.br\/manaus-previdencia\/?s={search_term_string}\"},\"query-input\":\"required name=search_term_string\"}],\"inLanguage\":\"pt-BR\"}]}<\/script>\n<!-- \/ Yoast SEO plugin. -->","yoast_head_json":{"title":"Manausprev Itinerante - Manaus Previd\u00eancia","robots":{"index":"noindex","follow":"follow"},"og_locale":"pt_BR","og_type":"article","og_title":"Manausprev Itinerante - Manaus Previd\u00eancia","og_url":"https:\/\/www.manaus.am.gov.br\/manaus-previdencia\/programas-e-projetos\/manausprev-itinerante\/","og_site_name":"Manaus Previd\u00eancia","article_modified_time":"2023-12-06T12:40:31+00:00","twitter_card":"summary_large_image","twitter_misc":{"Est. reading time":"2 minutos"},"schema":{"@context":"https:\/\/schema.org","@graph":[{"@type":"WebPage","@id":"https:\/\/www.manaus.am.gov.br\/manaus-previdencia\/programas-e-projetos\/manausprev-itinerante\/","url":"https:\/\/www.manaus.am.gov.br\/manaus-previdencia\/programas-e-projetos\/manausprev-itinerante\/","name":"Manausprev Itinerante - Manaus Previd\u00eancia","isPartOf":{"@id":"https:\/\/www.manaus.am.gov.br\/manaus-previdencia\/#website"},"datePublished":"2023-04-20T00:09:11+00:00","dateModified":"2023-12-06T12:40:31+00:00","breadcrumb":{"@id":"https:\/\/www.manaus.am.gov.br\/manaus-previdencia\/programas-e-projetos\/manausprev-itinerante\/#breadcrumb"},"inLanguage":"pt-BR","potentialAction":[{"@type":"ReadAction","target":["https:\/\/www.manaus.am.gov.br\/manaus-previdencia\/programas-e-projetos\/manausprev-itinerante\/"]}]},{"@type":"BreadcrumbList","@id":"https:\/\/www.manaus.am.gov.br\/manaus-previdencia\/programas-e-projetos\/manausprev-itinerante\/#breadcrumb","itemListElement":[{"@type":"ListItem","position":1,"name":"Home","item":"https:\/\/www.manaus.am.gov.br\/manaus-previdencia\/"},{"@type":"ListItem","position":2,"name":"Programas e Projetos","item":"https:\/\/www.manaus.am.gov.br\/manaus-previdencia\/programas-e-projetos\/"},{"@type":"ListItem","position":3,"name":"Manausprev Itinerante"}]},{"@type":"WebSite","@id":"https:\/\/www.manaus.am.gov.br\/manaus-previdencia\/#website","url":"https:\/\/www.manaus.am.gov.br\/manaus-previdencia\/","name":"Manaus Previd\u00eancia","description":"Secretaria Municipal Manaus Previd\u00eancia","potentialAction":[{"@type":"SearchAction","target":{"@type":"EntryPoint","urlTemplate":"https:\/\/www.manaus.am.gov.br\/manaus-previdencia\/?s={search_term_string}"},"query-input":"required name=search_term_string"}],"inLanguage":"pt-BR"}]}},"_links":{"self":[{"href":"https:\/\/www.manaus.am.gov.br\/manaus-previdencia\/wp-json\/wp\/v2\/pages\/243"}],"collection":[{"href":"https:\/\/www.manaus.am.gov.br\/manaus-previdencia\/wp-json\/wp\/v2\/pages"}],"about":[{"href":"https:\/\/www.manaus.am.gov.br\/manaus-previdencia\/wp-json\/wp\/v2\/types\/page"}],"author":[{"embeddable":true,"href":"https:\/\/www.manaus.am.gov.br\/manaus-previdencia\/wp-json\/wp\/v2\/users\/27"}],"replies":[{"embeddable":true,"href":"https:\/\/www.manaus.am.gov.br\/manaus-previdencia\/wp-json\/wp\/v2\/comments?post=243"}],"version-history":[{"count":7,"href":"https:\/\/www.manaus.am.gov.br\/manaus-previdencia\/wp-json\/wp\/v2\/pages\/243\/revisions"}],"predecessor-version":[{"id":4887,"href":"https:\/\/www.manaus.am.gov.br\/manaus-previdencia\/wp-json\/wp\/v2\/pages\/243\/revisions\/4887"}],"up":[{"embeddable":true,"href":"https:\/\/www.manaus.am.gov.br\/manaus-previdencia\/wp-json\/wp\/v2\/pages\/1712"}],"wp:attachment":[{"href":"https:\/\/www.manaus.am.gov.br\/manaus-previdencia\/wp-json\/wp\/v2\/media?parent=243"}],"curies":[{"name":"wp","href":"https:\/\/api.w.org\/{rel}","templated":true}]}}