{"id":237,"date":"2023-04-19T21:03:04","date_gmt":"2023-04-20T00:03:04","guid":{"rendered":"https:\/\/www.manaus.am.gov.br\/manaus-previdencia\/?page_id=237"},"modified":"2023-12-06T08:40:38","modified_gmt":"2023-12-06T12:40:38","slug":"programa-de-orientacao-para-aposentadoria","status":"publish","type":"page","link":"https:\/\/www.manaus.am.gov.br\/manaus-previdencia\/programas-e-projetos\/programa-de-orientacao-para-aposentadoria\/","title":{"rendered":"Programa de Orienta\u00e7\u00e3o para Aposentadoria"},"content":{"rendered":"\n<h2 class=\"wp-block-heading\">O que \u00e9?<\/h2>\n\n\n\n<p>O programa de orienta\u00e7\u00e3o para aposentadoria \u2013 PREPARA PREV consiste no desenvolvimento de a\u00e7\u00f5es direcionadas aos servidores em fase de pr\u00e9-aposentadoria, ou seja, h\u00e1 2 anos de completar os requisitos para obten\u00e7\u00e3o do benef\u00edcio de aposentadoria. S\u00e3o a\u00e7\u00f5es voltadas \u00e0 sensibiliza\u00e7\u00e3o quanto \u00e0 import\u00e2ncia da viv\u00eancia da aposentadoria com qualidade e planejamento, utilizando-se de eixos norteadores como Psicossocial, Sa\u00fade, Direitos\/Deveres, Economia\/Cidadania.<\/p>\n\n\n\n<h2 class=\"wp-block-heading\">Como funciona?<\/h2>\n\n\n\n<p>Disponibilizados m\u00f3dulos mensais, realizados em 2 turnos, sobre tem\u00e1ticas de relev\u00e2ncia quanto \u00e0 prepara\u00e7\u00e3o para a aposentadoria. Realiza-se articula\u00e7\u00e3o com as secretarias, com vistas \u00e0 divulga\u00e7\u00e3o, autoriza\u00e7\u00e3o para participa\u00e7\u00e3o, rela\u00e7\u00e3o de participantes habilitados, bem como suporte log\u00edstico e pessoal para o andamento do programa. Conta-se, tamb\u00e9m, com parcerias institucionais pelas quais s\u00e3o concebidas palestras, visitas, dentre outras.<\/p>\n","protected":false},"excerpt":{"rendered":"","protected":false},"author":27,"featured_media":0,"parent":1712,"menu_order":1,"comment_status":"closed","ping_status":"closed","template":"templates\/turismo.php","meta":{"footnotes":""},"acf":[],"yoast_head":"<!-- This site is optimized with the Yoast SEO plugin v23.0 - https:\/\/yoast.com\/wordpress\/plugins\/seo\/ -->\n<title>Programa de Orienta\u00e7\u00e3o para Aposentadoria - Manaus Previd\u00eancia<\/title>\n<meta name=\"robots\" content=\"noindex, follow\" \/>\n<meta property=\"og:locale\" content=\"pt_BR\" \/>\n<meta property=\"og:type\" content=\"article\" \/>\n<meta property=\"og:title\" content=\"Programa de Orienta\u00e7\u00e3o para Aposentadoria - Manaus Previd\u00eancia\" \/>\n<meta property=\"og:url\" content=\"https:\/\/www.manaus.am.gov.br\/manaus-previdencia\/programas-e-projetos\/programa-de-orientacao-para-aposentadoria\/\" \/>\n<meta property=\"og:site_name\" content=\"Manaus Previd\u00eancia\" \/>\n<meta property=\"article:modified_time\" content=\"2023-12-06T12:40:38+00:00\" \/>\n<meta name=\"twitter:card\" content=\"summary_large_image\" \/>\n<meta name=\"twitter:label1\" content=\"Est. reading time\" \/>\n\t<meta name=\"twitter:data1\" content=\"1 minuto\" \/>\n<script type=\"application\/ld+json\" class=\"yoast-schema-graph\">{\"@context\":\"https:\/\/schema.org\",\"@graph\":[{\"@type\":\"WebPage\",\"@id\":\"https:\/\/www.manaus.am.gov.br\/manaus-previdencia\/programas-e-projetos\/programa-de-orientacao-para-aposentadoria\/\",\"url\":\"https:\/\/www.manaus.am.gov.br\/manaus-previdencia\/programas-e-projetos\/programa-de-orientacao-para-aposentadoria\/\",\"name\":\"Programa de Orienta\u00e7\u00e3o para Aposentadoria - Manaus Previd\u00eancia\",\"isPartOf\":{\"@id\":\"https:\/\/www.manaus.am.gov.br\/manaus-previdencia\/#website\"},\"datePublished\":\"2023-04-20T00:03:04+00:00\",\"dateModified\":\"2023-12-06T12:40:38+00:00\",\"breadcrumb\":{\"@id\":\"https:\/\/www.manaus.am.gov.br\/manaus-previdencia\/programas-e-projetos\/programa-de-orientacao-para-aposentadoria\/#breadcrumb\"},\"inLanguage\":\"pt-BR\",\"potentialAction\":[{\"@type\":\"ReadAction\",\"target\":[\"https:\/\/www.manaus.am.gov.br\/manaus-previdencia\/programas-e-projetos\/programa-de-orientacao-para-aposentadoria\/\"]}]},{\"@type\":\"BreadcrumbList\",\"@id\":\"https:\/\/www.manaus.am.gov.br\/manaus-previdencia\/programas-e-projetos\/programa-de-orientacao-para-aposentadoria\/#breadcrumb\",\"itemListElement\":[{\"@type\":\"ListItem\",\"position\":1,\"name\":\"Home\",\"item\":\"https:\/\/www.manaus.am.gov.br\/manaus-previdencia\/\"},{\"@type\":\"ListItem\",\"position\":2,\"name\":\"Programas e Projetos\",\"item\":\"https:\/\/www.manaus.am.gov.br\/manaus-previdencia\/programas-e-projetos\/\"},{\"@type\":\"ListItem\",\"position\":3,\"name\":\"Programa de Orienta\u00e7\u00e3o para Aposentadoria\"}]},{\"@type\":\"WebSite\",\"@id\":\"https:\/\/www.manaus.am.gov.br\/manaus-previdencia\/#website\",\"url\":\"https:\/\/www.manaus.am.gov.br\/manaus-previdencia\/\",\"name\":\"Manaus Previd\u00eancia\",\"description\":\"Secretaria Municipal Manaus Previd\u00eancia\",\"potentialAction\":[{\"@type\":\"SearchAction\",\"target\":{\"@type\":\"EntryPoint\",\"urlTemplate\":\"https:\/\/www.manaus.am.gov.br\/manaus-previdencia\/?s={search_term_string}\"},\"query-input\":\"required name=search_term_string\"}],\"inLanguage\":\"pt-BR\"}]}<\/script>\n<!-- \/ Yoast SEO plugin. -->","yoast_head_json":{"title":"Programa de Orienta\u00e7\u00e3o para Aposentadoria - Manaus Previd\u00eancia","robots":{"index":"noindex","follow":"follow"},"og_locale":"pt_BR","og_type":"article","og_title":"Programa de Orienta\u00e7\u00e3o para Aposentadoria - Manaus Previd\u00eancia","og_url":"https:\/\/www.manaus.am.gov.br\/manaus-previdencia\/programas-e-projetos\/programa-de-orientacao-para-aposentadoria\/","og_site_name":"Manaus Previd\u00eancia","article_modified_time":"2023-12-06T12:40:38+00:00","twitter_card":"summary_large_image","twitter_misc":{"Est. reading time":"1 minuto"},"schema":{"@context":"https:\/\/schema.org","@graph":[{"@type":"WebPage","@id":"https:\/\/www.manaus.am.gov.br\/manaus-previdencia\/programas-e-projetos\/programa-de-orientacao-para-aposentadoria\/","url":"https:\/\/www.manaus.am.gov.br\/manaus-previdencia\/programas-e-projetos\/programa-de-orientacao-para-aposentadoria\/","name":"Programa de Orienta\u00e7\u00e3o para Aposentadoria - Manaus Previd\u00eancia","isPartOf":{"@id":"https:\/\/www.manaus.am.gov.br\/manaus-previdencia\/#website"},"datePublished":"2023-04-20T00:03:04+00:00","dateModified":"2023-12-06T12:40:38+00:00","breadcrumb":{"@id":"https:\/\/www.manaus.am.gov.br\/manaus-previdencia\/programas-e-projetos\/programa-de-orientacao-para-aposentadoria\/#breadcrumb"},"inLanguage":"pt-BR","potentialAction":[{"@type":"ReadAction","target":["https:\/\/www.manaus.am.gov.br\/manaus-previdencia\/programas-e-projetos\/programa-de-orientacao-para-aposentadoria\/"]}]},{"@type":"BreadcrumbList","@id":"https:\/\/www.manaus.am.gov.br\/manaus-previdencia\/programas-e-projetos\/programa-de-orientacao-para-aposentadoria\/#breadcrumb","itemListElement":[{"@type":"ListItem","position":1,"name":"Home","item":"https:\/\/www.manaus.am.gov.br\/manaus-previdencia\/"},{"@type":"ListItem","position":2,"name":"Programas e Projetos","item":"https:\/\/www.manaus.am.gov.br\/manaus-previdencia\/programas-e-projetos\/"},{"@type":"ListItem","position":3,"name":"Programa de Orienta\u00e7\u00e3o para Aposentadoria"}]},{"@type":"WebSite","@id":"https:\/\/www.manaus.am.gov.br\/manaus-previdencia\/#website","url":"https:\/\/www.manaus.am.gov.br\/manaus-previdencia\/","name":"Manaus Previd\u00eancia","description":"Secretaria Municipal Manaus Previd\u00eancia","potentialAction":[{"@type":"SearchAction","target":{"@type":"EntryPoint","urlTemplate":"https:\/\/www.manaus.am.gov.br\/manaus-previdencia\/?s={search_term_string}"},"query-input":"required name=search_term_string"}],"inLanguage":"pt-BR"}]}},"_links":{"self":[{"href":"https:\/\/www.manaus.am.gov.br\/manaus-previdencia\/wp-json\/wp\/v2\/pages\/237"}],"collection":[{"href":"https:\/\/www.manaus.am.gov.br\/manaus-previdencia\/wp-json\/wp\/v2\/pages"}],"about":[{"href":"https:\/\/www.manaus.am.gov.br\/manaus-previdencia\/wp-json\/wp\/v2\/types\/page"}],"author":[{"embeddable":true,"href":"https:\/\/www.manaus.am.gov.br\/manaus-previdencia\/wp-json\/wp\/v2\/users\/27"}],"replies":[{"embeddable":true,"href":"https:\/\/www.manaus.am.gov.br\/manaus-previdencia\/wp-json\/wp\/v2\/comments?post=237"}],"version-history":[{"count":6,"href":"https:\/\/www.manaus.am.gov.br\/manaus-previdencia\/wp-json\/wp\/v2\/pages\/237\/revisions"}],"predecessor-version":[{"id":4888,"href":"https:\/\/www.manaus.am.gov.br\/manaus-previdencia\/wp-json\/wp\/v2\/pages\/237\/revisions\/4888"}],"up":[{"embeddable":true,"href":"https:\/\/www.manaus.am.gov.br\/manaus-previdencia\/wp-json\/wp\/v2\/pages\/1712"}],"wp:attachment":[{"href":"https:\/\/www.manaus.am.gov.br\/manaus-previdencia\/wp-json\/wp\/v2\/media?parent=237"}],"curies":[{"name":"wp","href":"https:\/\/api.w.org\/{rel}","templated":true}]}}