{"id":231,"date":"2023-04-19T20:55:30","date_gmt":"2023-04-19T23:55:30","guid":{"rendered":"https:\/\/www.manaus.am.gov.br\/manaus-previdencia\/?page_id=231"},"modified":"2023-12-06T08:40:48","modified_gmt":"2023-12-06T12:40:48","slug":"projeto-feliz-vida-nova","status":"publish","type":"page","link":"https:\/\/www.manaus.am.gov.br\/manaus-previdencia\/programas-e-projetos\/projeto-feliz-vida-nova\/","title":{"rendered":"Projeto Feliz Vida Nova"},"content":{"rendered":"\n<h2 class=\"wp-block-heading\">O que \u00e9?<\/h2>\n\n\n\n<p>Consiste no acolhimento e integra\u00e7\u00e3o dos novos aposentados da autarquia, de modo a oferecer boas vindas e contribuir na adapta\u00e7\u00e3o a essa nova etapa da vida.<\/p>\n\n\n\n<h2 class=\"wp-block-heading\">Como funciona?<\/h2>\n\n\n\n<p>A Manaus Previd\u00eancia, a cada 03 meses, organiza um encontro, formado por grupo de pessoas que tiveram a concess\u00e3o de sua aposentadoria no per\u00edodo anterior. O encontro tem dura\u00e7\u00e3o de aproximadamente 03h00min e a partir dele os participantes s\u00e3o informados acerca da estrutura e funcionamento da Manaus previd\u00eancia, direitos e deveres dos aposentados, servi\u00e7os e atividades<br>oferecidos na Manaus Previd\u00eancia e\/ou outras institui\u00e7\u00f5es que comp\u00f5e a rede de servi\u00e7os de atendimento a pessoa idosa.<\/p>\n","protected":false},"excerpt":{"rendered":"","protected":false},"author":27,"featured_media":0,"parent":1712,"menu_order":3,"comment_status":"closed","ping_status":"closed","template":"templates\/turismo.php","meta":{"footnotes":""},"acf":[],"yoast_head":"<!-- This site is optimized with the Yoast SEO plugin v23.0 - https:\/\/yoast.com\/wordpress\/plugins\/seo\/ -->\n<title>Projeto Feliz Vida Nova - Manaus Previd\u00eancia<\/title>\n<meta name=\"robots\" content=\"noindex, follow\" \/>\n<meta property=\"og:locale\" content=\"pt_BR\" \/>\n<meta property=\"og:type\" content=\"article\" \/>\n<meta property=\"og:title\" content=\"Projeto Feliz Vida Nova - Manaus Previd\u00eancia\" \/>\n<meta property=\"og:url\" content=\"https:\/\/www.manaus.am.gov.br\/manaus-previdencia\/programas-e-projetos\/projeto-feliz-vida-nova\/\" \/>\n<meta property=\"og:site_name\" content=\"Manaus Previd\u00eancia\" \/>\n<meta property=\"article:modified_time\" content=\"2023-12-06T12:40:48+00:00\" \/>\n<meta name=\"twitter:card\" content=\"summary_large_image\" \/>\n<meta name=\"twitter:label1\" content=\"Est. reading time\" \/>\n\t<meta name=\"twitter:data1\" content=\"1 minuto\" \/>\n<script type=\"application\/ld+json\" class=\"yoast-schema-graph\">{\"@context\":\"https:\/\/schema.org\",\"@graph\":[{\"@type\":\"WebPage\",\"@id\":\"https:\/\/www.manaus.am.gov.br\/manaus-previdencia\/programas-e-projetos\/projeto-feliz-vida-nova\/\",\"url\":\"https:\/\/www.manaus.am.gov.br\/manaus-previdencia\/programas-e-projetos\/projeto-feliz-vida-nova\/\",\"name\":\"Projeto Feliz Vida Nova - Manaus Previd\u00eancia\",\"isPartOf\":{\"@id\":\"https:\/\/www.manaus.am.gov.br\/manaus-previdencia\/#website\"},\"datePublished\":\"2023-04-19T23:55:30+00:00\",\"dateModified\":\"2023-12-06T12:40:48+00:00\",\"breadcrumb\":{\"@id\":\"https:\/\/www.manaus.am.gov.br\/manaus-previdencia\/programas-e-projetos\/projeto-feliz-vida-nova\/#breadcrumb\"},\"inLanguage\":\"pt-BR\",\"potentialAction\":[{\"@type\":\"ReadAction\",\"target\":[\"https:\/\/www.manaus.am.gov.br\/manaus-previdencia\/programas-e-projetos\/projeto-feliz-vida-nova\/\"]}]},{\"@type\":\"BreadcrumbList\",\"@id\":\"https:\/\/www.manaus.am.gov.br\/manaus-previdencia\/programas-e-projetos\/projeto-feliz-vida-nova\/#breadcrumb\",\"itemListElement\":[{\"@type\":\"ListItem\",\"position\":1,\"name\":\"Home\",\"item\":\"https:\/\/www.manaus.am.gov.br\/manaus-previdencia\/\"},{\"@type\":\"ListItem\",\"position\":2,\"name\":\"Programas e Projetos\",\"item\":\"https:\/\/www.manaus.am.gov.br\/manaus-previdencia\/programas-e-projetos\/\"},{\"@type\":\"ListItem\",\"position\":3,\"name\":\"Projeto Feliz Vida Nova\"}]},{\"@type\":\"WebSite\",\"@id\":\"https:\/\/www.manaus.am.gov.br\/manaus-previdencia\/#website\",\"url\":\"https:\/\/www.manaus.am.gov.br\/manaus-previdencia\/\",\"name\":\"Manaus Previd\u00eancia\",\"description\":\"Secretaria Municipal Manaus Previd\u00eancia\",\"potentialAction\":[{\"@type\":\"SearchAction\",\"target\":{\"@type\":\"EntryPoint\",\"urlTemplate\":\"https:\/\/www.manaus.am.gov.br\/manaus-previdencia\/?s={search_term_string}\"},\"query-input\":\"required name=search_term_string\"}],\"inLanguage\":\"pt-BR\"}]}<\/script>\n<!-- \/ Yoast SEO plugin. -->","yoast_head_json":{"title":"Projeto Feliz Vida Nova - Manaus Previd\u00eancia","robots":{"index":"noindex","follow":"follow"},"og_locale":"pt_BR","og_type":"article","og_title":"Projeto Feliz Vida Nova - Manaus Previd\u00eancia","og_url":"https:\/\/www.manaus.am.gov.br\/manaus-previdencia\/programas-e-projetos\/projeto-feliz-vida-nova\/","og_site_name":"Manaus Previd\u00eancia","article_modified_time":"2023-12-06T12:40:48+00:00","twitter_card":"summary_large_image","twitter_misc":{"Est. reading time":"1 minuto"},"schema":{"@context":"https:\/\/schema.org","@graph":[{"@type":"WebPage","@id":"https:\/\/www.manaus.am.gov.br\/manaus-previdencia\/programas-e-projetos\/projeto-feliz-vida-nova\/","url":"https:\/\/www.manaus.am.gov.br\/manaus-previdencia\/programas-e-projetos\/projeto-feliz-vida-nova\/","name":"Projeto Feliz Vida Nova - Manaus Previd\u00eancia","isPartOf":{"@id":"https:\/\/www.manaus.am.gov.br\/manaus-previdencia\/#website"},"datePublished":"2023-04-19T23:55:30+00:00","dateModified":"2023-12-06T12:40:48+00:00","breadcrumb":{"@id":"https:\/\/www.manaus.am.gov.br\/manaus-previdencia\/programas-e-projetos\/projeto-feliz-vida-nova\/#breadcrumb"},"inLanguage":"pt-BR","potentialAction":[{"@type":"ReadAction","target":["https:\/\/www.manaus.am.gov.br\/manaus-previdencia\/programas-e-projetos\/projeto-feliz-vida-nova\/"]}]},{"@type":"BreadcrumbList","@id":"https:\/\/www.manaus.am.gov.br\/manaus-previdencia\/programas-e-projetos\/projeto-feliz-vida-nova\/#breadcrumb","itemListElement":[{"@type":"ListItem","position":1,"name":"Home","item":"https:\/\/www.manaus.am.gov.br\/manaus-previdencia\/"},{"@type":"ListItem","position":2,"name":"Programas e Projetos","item":"https:\/\/www.manaus.am.gov.br\/manaus-previdencia\/programas-e-projetos\/"},{"@type":"ListItem","position":3,"name":"Projeto Feliz Vida Nova"}]},{"@type":"WebSite","@id":"https:\/\/www.manaus.am.gov.br\/manaus-previdencia\/#website","url":"https:\/\/www.manaus.am.gov.br\/manaus-previdencia\/","name":"Manaus Previd\u00eancia","description":"Secretaria Municipal Manaus Previd\u00eancia","potentialAction":[{"@type":"SearchAction","target":{"@type":"EntryPoint","urlTemplate":"https:\/\/www.manaus.am.gov.br\/manaus-previdencia\/?s={search_term_string}"},"query-input":"required name=search_term_string"}],"inLanguage":"pt-BR"}]}},"_links":{"self":[{"href":"https:\/\/www.manaus.am.gov.br\/manaus-previdencia\/wp-json\/wp\/v2\/pages\/231"}],"collection":[{"href":"https:\/\/www.manaus.am.gov.br\/manaus-previdencia\/wp-json\/wp\/v2\/pages"}],"about":[{"href":"https:\/\/www.manaus.am.gov.br\/manaus-previdencia\/wp-json\/wp\/v2\/types\/page"}],"author":[{"embeddable":true,"href":"https:\/\/www.manaus.am.gov.br\/manaus-previdencia\/wp-json\/wp\/v2\/users\/27"}],"replies":[{"embeddable":true,"href":"https:\/\/www.manaus.am.gov.br\/manaus-previdencia\/wp-json\/wp\/v2\/comments?post=231"}],"version-history":[{"count":3,"href":"https:\/\/www.manaus.am.gov.br\/manaus-previdencia\/wp-json\/wp\/v2\/pages\/231\/revisions"}],"predecessor-version":[{"id":4886,"href":"https:\/\/www.manaus.am.gov.br\/manaus-previdencia\/wp-json\/wp\/v2\/pages\/231\/revisions\/4886"}],"up":[{"embeddable":true,"href":"https:\/\/www.manaus.am.gov.br\/manaus-previdencia\/wp-json\/wp\/v2\/pages\/1712"}],"wp:attachment":[{"href":"https:\/\/www.manaus.am.gov.br\/manaus-previdencia\/wp-json\/wp\/v2\/media?parent=231"}],"curies":[{"name":"wp","href":"https:\/\/api.w.org\/{rel}","templated":true}]}}