{"id":229,"date":"2023-04-19T20:54:42","date_gmt":"2023-04-19T23:54:42","guid":{"rendered":"https:\/\/www.manaus.am.gov.br\/manaus-previdencia\/?page_id=229"},"modified":"2023-12-06T08:48:26","modified_gmt":"2023-12-06T12:48:26","slug":"projeto-pensando-o-futuro","status":"publish","type":"page","link":"https:\/\/www.manaus.am.gov.br\/manaus-previdencia\/programas-e-projetos\/projeto-pensando-o-futuro\/","title":{"rendered":"Projeto Pensando o Futuro"},"content":{"rendered":"\n<h2 class=\"wp-block-heading\">O que \u00e9?<\/h2>\n\n\n\n<p>O Projeto Pensando o Futuro busca preparar os adolescentes pensionistas da Manaus Previd\u00eancia, com idade entre 16 e 24 anos incompletos, para o cessamento da pens\u00e3o por morte, de modo que estes conhe\u00e7am alternativas para seu desenvolvimento pessoal e profissional.<\/p>\n\n\n\n<h2 class=\"wp-block-heading\">Como funciona?<\/h2>\n\n\n\n<p>Anualmente, a Manaus Previd\u00eancia convida os adolescentes da faixa et\u00e1ria supracitada e seus familiares \/ respons\u00e1veis, para um encontro com dura\u00e7\u00e3o de 3 (tr\u00eas) tardes. Momentos em que s\u00e3o repassadas informa\u00e7\u00f5es relativas ao mercado de trabalho, carreira profissional, planejamento das despesas,<br>import\u00e2ncia do apoio familiar, dentre outras. Para tanto, s\u00e3o realizadas parcerias com institui\u00e7\u00f5es governamentais e n\u00e3o governamentais.<\/p>\n","protected":false},"excerpt":{"rendered":"","protected":false},"author":27,"featured_media":0,"parent":1712,"menu_order":4,"comment_status":"closed","ping_status":"closed","template":"templates\/turismo.php","meta":{"footnotes":""},"acf":[],"yoast_head":"<!-- This site is optimized with the Yoast SEO plugin v23.0 - https:\/\/yoast.com\/wordpress\/plugins\/seo\/ -->\n<title>Projeto Pensando o Futuro - Manaus Previd\u00eancia<\/title>\n<meta name=\"robots\" content=\"noindex, follow\" \/>\n<meta property=\"og:locale\" content=\"pt_BR\" \/>\n<meta property=\"og:type\" content=\"article\" \/>\n<meta property=\"og:title\" content=\"Projeto Pensando o Futuro - Manaus Previd\u00eancia\" \/>\n<meta property=\"og:url\" content=\"https:\/\/www.manaus.am.gov.br\/manaus-previdencia\/programas-e-projetos\/projeto-pensando-o-futuro\/\" \/>\n<meta property=\"og:site_name\" content=\"Manaus Previd\u00eancia\" \/>\n<meta property=\"article:modified_time\" content=\"2023-12-06T12:48:26+00:00\" \/>\n<meta name=\"twitter:card\" content=\"summary_large_image\" \/>\n<meta name=\"twitter:label1\" content=\"Est. reading time\" \/>\n\t<meta name=\"twitter:data1\" content=\"1 minuto\" \/>\n<script type=\"application\/ld+json\" class=\"yoast-schema-graph\">{\"@context\":\"https:\/\/schema.org\",\"@graph\":[{\"@type\":\"WebPage\",\"@id\":\"https:\/\/www.manaus.am.gov.br\/manaus-previdencia\/programas-e-projetos\/projeto-pensando-o-futuro\/\",\"url\":\"https:\/\/www.manaus.am.gov.br\/manaus-previdencia\/programas-e-projetos\/projeto-pensando-o-futuro\/\",\"name\":\"Projeto Pensando o Futuro - Manaus Previd\u00eancia\",\"isPartOf\":{\"@id\":\"https:\/\/www.manaus.am.gov.br\/manaus-previdencia\/#website\"},\"datePublished\":\"2023-04-19T23:54:42+00:00\",\"dateModified\":\"2023-12-06T12:48:26+00:00\",\"breadcrumb\":{\"@id\":\"https:\/\/www.manaus.am.gov.br\/manaus-previdencia\/programas-e-projetos\/projeto-pensando-o-futuro\/#breadcrumb\"},\"inLanguage\":\"pt-BR\",\"potentialAction\":[{\"@type\":\"ReadAction\",\"target\":[\"https:\/\/www.manaus.am.gov.br\/manaus-previdencia\/programas-e-projetos\/projeto-pensando-o-futuro\/\"]}]},{\"@type\":\"BreadcrumbList\",\"@id\":\"https:\/\/www.manaus.am.gov.br\/manaus-previdencia\/programas-e-projetos\/projeto-pensando-o-futuro\/#breadcrumb\",\"itemListElement\":[{\"@type\":\"ListItem\",\"position\":1,\"name\":\"Home\",\"item\":\"https:\/\/www.manaus.am.gov.br\/manaus-previdencia\/\"},{\"@type\":\"ListItem\",\"position\":2,\"name\":\"Programas e Projetos\",\"item\":\"https:\/\/www.manaus.am.gov.br\/manaus-previdencia\/programas-e-projetos\/\"},{\"@type\":\"ListItem\",\"position\":3,\"name\":\"Projeto Pensando o Futuro\"}]},{\"@type\":\"WebSite\",\"@id\":\"https:\/\/www.manaus.am.gov.br\/manaus-previdencia\/#website\",\"url\":\"https:\/\/www.manaus.am.gov.br\/manaus-previdencia\/\",\"name\":\"Manaus Previd\u00eancia\",\"description\":\"Secretaria Municipal Manaus Previd\u00eancia\",\"potentialAction\":[{\"@type\":\"SearchAction\",\"target\":{\"@type\":\"EntryPoint\",\"urlTemplate\":\"https:\/\/www.manaus.am.gov.br\/manaus-previdencia\/?s={search_term_string}\"},\"query-input\":\"required name=search_term_string\"}],\"inLanguage\":\"pt-BR\"}]}<\/script>\n<!-- \/ Yoast SEO plugin. -->","yoast_head_json":{"title":"Projeto Pensando o Futuro - Manaus Previd\u00eancia","robots":{"index":"noindex","follow":"follow"},"og_locale":"pt_BR","og_type":"article","og_title":"Projeto Pensando o Futuro - Manaus Previd\u00eancia","og_url":"https:\/\/www.manaus.am.gov.br\/manaus-previdencia\/programas-e-projetos\/projeto-pensando-o-futuro\/","og_site_name":"Manaus Previd\u00eancia","article_modified_time":"2023-12-06T12:48:26+00:00","twitter_card":"summary_large_image","twitter_misc":{"Est. reading time":"1 minuto"},"schema":{"@context":"https:\/\/schema.org","@graph":[{"@type":"WebPage","@id":"https:\/\/www.manaus.am.gov.br\/manaus-previdencia\/programas-e-projetos\/projeto-pensando-o-futuro\/","url":"https:\/\/www.manaus.am.gov.br\/manaus-previdencia\/programas-e-projetos\/projeto-pensando-o-futuro\/","name":"Projeto Pensando o Futuro - Manaus Previd\u00eancia","isPartOf":{"@id":"https:\/\/www.manaus.am.gov.br\/manaus-previdencia\/#website"},"datePublished":"2023-04-19T23:54:42+00:00","dateModified":"2023-12-06T12:48:26+00:00","breadcrumb":{"@id":"https:\/\/www.manaus.am.gov.br\/manaus-previdencia\/programas-e-projetos\/projeto-pensando-o-futuro\/#breadcrumb"},"inLanguage":"pt-BR","potentialAction":[{"@type":"ReadAction","target":["https:\/\/www.manaus.am.gov.br\/manaus-previdencia\/programas-e-projetos\/projeto-pensando-o-futuro\/"]}]},{"@type":"BreadcrumbList","@id":"https:\/\/www.manaus.am.gov.br\/manaus-previdencia\/programas-e-projetos\/projeto-pensando-o-futuro\/#breadcrumb","itemListElement":[{"@type":"ListItem","position":1,"name":"Home","item":"https:\/\/www.manaus.am.gov.br\/manaus-previdencia\/"},{"@type":"ListItem","position":2,"name":"Programas e Projetos","item":"https:\/\/www.manaus.am.gov.br\/manaus-previdencia\/programas-e-projetos\/"},{"@type":"ListItem","position":3,"name":"Projeto Pensando o Futuro"}]},{"@type":"WebSite","@id":"https:\/\/www.manaus.am.gov.br\/manaus-previdencia\/#website","url":"https:\/\/www.manaus.am.gov.br\/manaus-previdencia\/","name":"Manaus Previd\u00eancia","description":"Secretaria Municipal Manaus Previd\u00eancia","potentialAction":[{"@type":"SearchAction","target":{"@type":"EntryPoint","urlTemplate":"https:\/\/www.manaus.am.gov.br\/manaus-previdencia\/?s={search_term_string}"},"query-input":"required name=search_term_string"}],"inLanguage":"pt-BR"}]}},"_links":{"self":[{"href":"https:\/\/www.manaus.am.gov.br\/manaus-previdencia\/wp-json\/wp\/v2\/pages\/229"}],"collection":[{"href":"https:\/\/www.manaus.am.gov.br\/manaus-previdencia\/wp-json\/wp\/v2\/pages"}],"about":[{"href":"https:\/\/www.manaus.am.gov.br\/manaus-previdencia\/wp-json\/wp\/v2\/types\/page"}],"author":[{"embeddable":true,"href":"https:\/\/www.manaus.am.gov.br\/manaus-previdencia\/wp-json\/wp\/v2\/users\/27"}],"replies":[{"embeddable":true,"href":"https:\/\/www.manaus.am.gov.br\/manaus-previdencia\/wp-json\/wp\/v2\/comments?post=229"}],"version-history":[{"count":3,"href":"https:\/\/www.manaus.am.gov.br\/manaus-previdencia\/wp-json\/wp\/v2\/pages\/229\/revisions"}],"predecessor-version":[{"id":4890,"href":"https:\/\/www.manaus.am.gov.br\/manaus-previdencia\/wp-json\/wp\/v2\/pages\/229\/revisions\/4890"}],"up":[{"embeddable":true,"href":"https:\/\/www.manaus.am.gov.br\/manaus-previdencia\/wp-json\/wp\/v2\/pages\/1712"}],"wp:attachment":[{"href":"https:\/\/www.manaus.am.gov.br\/manaus-previdencia\/wp-json\/wp\/v2\/media?parent=229"}],"curies":[{"name":"wp","href":"https:\/\/api.w.org\/{rel}","templated":true}]}}