{"id":212,"date":"2023-04-19T20:42:26","date_gmt":"2023-04-19T23:42:26","guid":{"rendered":"https:\/\/www.manaus.am.gov.br\/manaus-previdencia\/?page_id=212"},"modified":"2023-12-29T16:56:57","modified_gmt":"2023-12-29T20:56:57","slug":"fale-conosco","status":"publish","type":"page","link":"https:\/\/www.manaus.am.gov.br\/manaus-previdencia\/manaus-previdencia\/fale-conosco\/","title":{"rendered":"Fale Conosco"},"content":{"rendered":"\n<h2 class=\"wp-block-heading\">Canais de Atendimento<\/h2>\n\n\n\n<p><strong>Atendimento pela internet:<\/strong><br>a) Fale Conosco<br>b) Web Chat<br>c) Acesso \u00e0 Informa\u00e7\u00e3o<br>d) E-mail Ouvidoria: ouvidoria.manausprevidencia@pmm.am.gov.br<br>Respons\u00e1vel: Luan Pedro Barbosa Moreira (Ouvidor)<br>E-mail: sate.manausprev@gmail.com<br>Respons\u00e1vel: Vivian Noronha (Chefe do Setor de Atendimento)<\/p>\n\n\n\n<p><strong>Atendimento por telefone:<\/strong><br>a) Call Center: (92) 3186-8000 \u2013 08h \u00e0s 14h<br>b) WhatsApp: (92) 98842-1212 \u2013 08h \u00e0s 15h<br>Respons\u00e1vel: Equipe Call Center<\/p>\n\n\n\n<p>Atendimento presencial: Mediante agendamento pelo Call Center.<br>a) Sede da Manaus Previd\u00eancia: Av. Constantino Nery, no 2.480, ao lado do Bosque Clube.<br>Respons\u00e1vel: Vivian Noronha (Chefe do Setor de Atendimento)<\/p>\n\n\n\n<h2 class=\"wp-block-heading\">Perguntas Frequentes<\/h2>\n\n\n\n<p><strong>Como fa\u00e7o uma SIMULA\u00c7\u00c3O de aposentadoria?<\/strong><br>Para simula\u00e7\u00e3o de aposentadoria, acesse nosso <strong>Portal do Segurado<\/strong> ou solicite ao nosso setor de atendimento, conforme orienta\u00e7\u00f5es abaixo: <\/p>\n\n\n\n<p><a href=\"https:\/\/manausprevidencia.manaus.am.gov.br\/simulacao-de aposentadoria\/\">https:\/\/manausprevidencia.manaus.am.gov.br\/simulacao-de aposentadoria\/<\/a><\/p>\n\n\n\n<p><strong>Como fa\u00e7o para ter acesso ao CONTRACHEQUE?<\/strong><br>Para emitir contracheque, acesse nosso <strong>Portal do Segurado<\/strong>.<\/p>\n\n\n\n<p><strong>Como fa\u00e7o para ter acesso ao Demonstrativo de Rendimento Anual (C\u00c9DULA-C)?<\/strong><br>Para emitir \u201cc\u00e9dula-c\u201d, acesse nosso <strong>Portal do Segurado.<\/strong><\/p>\n\n\n\n<p><strong>Como fa\u00e7o para requerer PENS\u00c3O POR MORTE?<\/strong><br>Para requerer o benef\u00edcio de pens\u00e3o por morte, \u00e9 necess\u00e1rio enviar requerimento preenchido juntamente com a documenta\u00e7\u00e3o, conforme instru\u00e7\u00f5es da p\u00e1gina a seguir: <a href=\"https:\/\/manausprevidencia.manaus.am.gov.br\/pensao-por-morte\/\">https:\/\/manausprevidencia.manaus.am.gov.br\/pensao-por-morte\/<\/a><\/p>\n\n\n\n<p><strong>Qual a data de pagamento do benef\u00edcio (CALEND\u00c1RIO DE PAGAMENTO)?<\/strong><br>Os dias de pagamento est\u00e3o dispon\u00edveis para consulta no Calend\u00e1rio de Pagamento.<\/p>\n\n\n\n<p><strong>Como posso receber uma DECLARA\u00c7\u00c3O de Exist\u00eancia\/Inexist\u00eancia de Benef\u00edcio Previdenci\u00e1rio?<\/strong><br>As solicita\u00e7\u00f5es de declara\u00e7\u00f5es ser\u00e3o atendidas conforme as orienta\u00e7\u00f5es da p\u00e1gina<br>a seguir: <a href=\"https:\/\/manausprevidencia.manaus.am.gov.br\/declaracoes\/\">https:\/\/manausprevidencia.manaus.am.gov.br\/declaracoes\/<\/a><\/p>\n\n\n\n<p><strong>Como fa\u00e7o para obter uma Certid\u00e3o de Tempo de Contribui\u00e7\u00e3o (CTC)?<\/strong><br>Para solicitar uma CTC, \u00e9 necess\u00e1rio enviar requerimento preenchido juntamente com a documenta\u00e7\u00e3o, conforme instru\u00e7\u00f5es da p\u00e1gina a seguir: <\/p>\n\n\n\n<p><a href=\"https:\/\/manausprevidencia.manaus.am.gov.br\/solicitacao-de-tempo-de-contribuicao\/\">https:\/\/manausprevidencia.manaus.am.gov.br\/solicitacao-de-tempo-de-contribuicao\/<\/a><\/p>\n\n\n\n<p><strong>Possuo tempo de contribui\u00e7\u00e3o na iniciativa privada (ou em outro regime), como fa\u00e7o para AVERBAR?<\/strong><br>\u00c9 necess\u00e1rio levar a CTC emitida pelo INSS (ou pelo \u00f3rg\u00e3o gestor do outro regime, Amazonprev) para a sua secretaria de origem.<\/p>\n\n\n\n<p><strong>Onde posso consultar o andamento do meu processo?<\/strong><br>Para consultar o tr\u00e2mite do seu processo, clique <strong>aqui<\/strong>.<\/p>\n\n\n\n<p><strong>Onde posso conseguir informa\u00e7\u00f5es sobre EMPR\u00c9STIMO CONSIGNADO?<\/strong><br>Para mais informa\u00e7\u00f5es a respeito, clique <strong>aqui<\/strong>.<\/p>\n\n\n\n<p><strong>Como posso fazer a inscri\u00e7\u00e3o de um dependente?<\/strong><br>Para mais informa\u00e7\u00f5es a respeito, clique <strong>aqui<\/strong>.<\/p>\n\n\n\n<p><strong>Como cadastro um dependente na MANAUSMED?<br><\/strong>O \u00f3rg\u00e3o respons\u00e1vel pelo plano de sa\u00fade dos servidores municipais \u00e9 ManausMed.<br>Seguem contatos:<br>(92) 3664-9105 \u2013 segunda a sexta das 08h \u00e0s 14h \u2013 Site.<br>Quando devo fazer o recadastramento?<br>O recadastramento deve ser feito, anualmente, no m\u00eas do seu anivers\u00e1rio.<br>Atualmente suspenso, sem preju\u00edzo ao recebimento do benef\u00edcio.<\/p>\n\n\n\n<p><strong>\u00c9 poss\u00edvel mudar de Banco?<\/strong><br>N\u00e3o \u00e9 poss\u00edvel encerrar a conta do Bradesco. S\u00f3 \u00e9 poss\u00edvel a portabilidade.<\/p>\n\n\n\n<p><strong>O sal\u00e1rio diminui com a aposentadoria?<\/strong><br>A regra \u00e9 que o provento seja resultado da m\u00e9dia de contribui\u00e7\u00f5es, logo o valor pode ser menor ou igual \u00e0 \u00faltimo remunera\u00e7\u00e3o recebida em atividade, mas nunca superior.<\/p>\n\n\n\n<p><strong>\u00c9 poss\u00edvel providenciar uma faixa de pedestre em frente \u00e0 Manaus Previd\u00eancia?<\/strong><br>N\u00e3o \u00e9 poss\u00edvel, pois j\u00e1 h\u00e1 uma faixa pr\u00f3xima, que \u00e9 a do Millennium Shopping.<\/p>\n\n\n\n<p><strong>Meus dados est\u00e3o incorretos. Como corrijo?<\/strong><br>\u00c9 poss\u00edvel corrigir seus dados pessoais no Portal do Segurado na op\u00e7\u00e3o \u201cDados Pessoais&#8221;. Atualize a informa\u00e7\u00e3o, clique em avan\u00e7ar e ao final em salvar.<\/p>\n\n\n\n<h2 class=\"wp-block-heading\">RELAT\u00d3RIOS<strong>:<\/strong><\/h2>\n\n\n\n<h2 class=\"wp-block-heading\"><a href=\"https:\/\/www.manaus.am.gov.br\/manaus-previdencia\/wp-content\/uploads\/sites\/19\/2023\/12\/RELATORIO-DOS-CANAIS-DE-ATENDIMENTO-2018.pdf\">2018<\/a><\/h2>\n\n\n\n<h2 class=\"wp-block-heading\"><a href=\"https:\/\/www.manaus.am.gov.br\/manaus-previdencia\/wp-content\/uploads\/sites\/19\/2023\/12\/RELATORIO-DOS-CANAIS-DE-ATENDIMENTO-2019.pdf\" target=\"_blank\" rel=\"noreferrer noopener\">2019<\/a><\/h2>\n\n\n\n<h2 class=\"wp-block-heading\">2020<\/h2>\n\n\n\n<h3 class=\"wp-block-heading\">&#8211; <a href=\"https:\/\/www.manaus.am.gov.br\/manaus-previdencia\/wp-content\/uploads\/sites\/19\/2023\/12\/1.-Ouvidoria-Janeiro-2020.pdf\" target=\"_blank\" rel=\"noreferrer noopener\">Janeiro<\/a><\/h3>\n\n\n\n<h3 class=\"wp-block-heading\">&#8211; <a href=\"https:\/\/www.manaus.am.gov.br\/manaus-previdencia\/wp-content\/uploads\/sites\/19\/2023\/12\/2.-Ouvidoria-Fevereiro-2020.pdf\" target=\"_blank\" rel=\"noreferrer noopener\">Fevereiro<\/a><\/h3>\n\n\n\n<h3 class=\"wp-block-heading\">&#8211; <a href=\"https:\/\/www.manaus.am.gov.br\/manaus-previdencia\/wp-content\/uploads\/sites\/19\/2023\/12\/3.-Ouvidoria-Marco-2020.pdf\" target=\"_blank\" rel=\"noreferrer noopener\">Mar\u00e7o<\/a><\/h3>\n\n\n\n<h3 class=\"wp-block-heading\">&#8211; <a href=\"https:\/\/www.manaus.am.gov.br\/manaus-previdencia\/wp-content\/uploads\/sites\/19\/2023\/12\/4.-Ouvidoria-Abril-2020.pdf\" target=\"_blank\" rel=\"noreferrer noopener\">Abril<\/a><\/h3>\n\n\n\n<h3 class=\"wp-block-heading\">&#8211; <a href=\"https:\/\/www.manaus.am.gov.br\/manaus-previdencia\/wp-content\/uploads\/sites\/19\/2023\/12\/5.-Ouvidoria-Maio-2020.pdf\" target=\"_blank\" rel=\"noreferrer noopener\">Maio<\/a><\/h3>\n\n\n\n<h3 class=\"wp-block-heading\">&#8211; <a href=\"https:\/\/www.manaus.am.gov.br\/manaus-previdencia\/wp-content\/uploads\/sites\/19\/2023\/12\/6.-Ouvidoria-Junho-2020.pdf\" target=\"_blank\" rel=\"noreferrer noopener\">Junho<\/a><\/h3>\n\n\n\n<p>Observa\u00e7\u00e3o: A partir de julho de 2020 est\u00e3o contemplados nos relat\u00f3rios de <a href=\"https:\/\/www.manaus.am.gov.br\/manaus-previdencia\/controle-interno\/\">Controle Interno<\/a> e <a href=\"https:\/\/www.manaus.am.gov.br\/manaus-previdencia\/relatorio-de-governanca\/\">Relat\u00f3rio de Governan\u00e7a<\/a>.<\/p>\n\n\n\n<div style=\"height:50px\" aria-hidden=\"true\" class=\"wp-block-spacer\"><\/div>\n\n\n\n<h2 class=\"wp-block-heading\">Fluxograma e Manual<\/h2>\n\n\n<div class=\"wp-block-image\">\n<figure class=\"aligncenter size-large\"><a href=\"https:\/\/www.manaus.am.gov.br\/manaus-previdencia\/wp-content\/uploads\/sites\/19\/2023\/12\/Ouvidoria-v01.png\"><img loading=\"lazy\" decoding=\"async\" width=\"822\" height=\"1024\" src=\"https:\/\/www.manaus.am.gov.br\/manaus-previdencia\/wp-content\/uploads\/sites\/19\/2023\/12\/Ouvidoria-v01-822x1024.png\" alt=\"\" class=\"wp-image-5675\" srcset=\"https:\/\/www.manaus.am.gov.br\/manaus-previdencia\/wp-content\/uploads\/sites\/19\/2023\/12\/Ouvidoria-v01-822x1024.png 822w, https:\/\/www.manaus.am.gov.br\/manaus-previdencia\/wp-content\/uploads\/sites\/19\/2023\/12\/Ouvidoria-v01-241x300.png 241w, https:\/\/www.manaus.am.gov.br\/manaus-previdencia\/wp-content\/uploads\/sites\/19\/2023\/12\/Ouvidoria-v01-768x957.png 768w, https:\/\/www.manaus.am.gov.br\/manaus-previdencia\/wp-content\/uploads\/sites\/19\/2023\/12\/Ouvidoria-v01.png 829w\" sizes=\"(max-width: 822px) 100vw, 822px\" \/><\/a><\/figure><\/div>\n\n\n<h2 class=\"wp-block-heading\"><a href=\"https:\/\/www.manaus.am.gov.br\/manaus-previdencia\/wp-content\/uploads\/sites\/19\/2023\/12\/Manual-Ouvidoria-v07-31.10.2023.pdf\" target=\"_blank\" rel=\"noreferrer noopener\">Manual de Ouvidoria<\/a><\/h2>\n\n\n\n<h2 class=\"wp-block-heading\"><a href=\"https:\/\/www.manaus.am.gov.br\/manaus-previdencia\/wp-content\/uploads\/sites\/19\/2023\/12\/Parecer-024-2023-Aprovacao-CMP-Manual-de-Ouvidoria.pdf\" target=\"_blank\" rel=\"noreferrer noopener\">Parecer de aprova\u00e7\u00e3o CMP<\/a><\/h2>\n\n\n\n<h2 class=\"wp-block-heading\"><a href=\"https:\/\/www.manaus.am.gov.br\/ouvidoria\" target=\"_blank\" rel=\"noreferrer noopener\">Ouvidoria Geral do Munic\u00edpio<\/a><\/h2>\n","protected":false},"excerpt":{"rendered":"","protected":false},"author":27,"featured_media":0,"parent":1050,"menu_order":8,"comment_status":"closed","ping_status":"closed","template":"templates\/turismo.php","meta":{"footnotes":""},"acf":[],"yoast_head":"<!-- This site is optimized with the Yoast SEO plugin v23.0 - https:\/\/yoast.com\/wordpress\/plugins\/seo\/ -->\n<title>Fale Conosco - Manaus Previd\u00eancia<\/title>\n<meta name=\"robots\" content=\"noindex, follow\" \/>\n<meta property=\"og:locale\" content=\"pt_BR\" \/>\n<meta property=\"og:type\" content=\"article\" \/>\n<meta property=\"og:title\" content=\"Fale Conosco - Manaus Previd\u00eancia\" \/>\n<meta property=\"og:url\" content=\"https:\/\/www.manaus.am.gov.br\/manaus-previdencia\/manaus-previdencia\/fale-conosco\/\" \/>\n<meta property=\"og:site_name\" content=\"Manaus Previd\u00eancia\" \/>\n<meta property=\"article:modified_time\" content=\"2023-12-29T20:56:57+00:00\" \/>\n<meta property=\"og:image\" content=\"https:\/\/www.manaus.am.gov.br\/manaus-previdencia\/wp-content\/uploads\/sites\/19\/2023\/12\/Ouvidoria-v01-822x1024.png\" \/>\n<meta name=\"twitter:card\" content=\"summary_large_image\" \/>\n<meta name=\"twitter:label1\" content=\"Est. reading time\" \/>\n\t<meta name=\"twitter:data1\" content=\"4 minutos\" \/>\n<script type=\"application\/ld+json\" class=\"yoast-schema-graph\">{\"@context\":\"https:\/\/schema.org\",\"@graph\":[{\"@type\":\"WebPage\",\"@id\":\"https:\/\/www.manaus.am.gov.br\/manaus-previdencia\/manaus-previdencia\/fale-conosco\/\",\"url\":\"https:\/\/www.manaus.am.gov.br\/manaus-previdencia\/manaus-previdencia\/fale-conosco\/\",\"name\":\"Fale Conosco - Manaus Previd\u00eancia\",\"isPartOf\":{\"@id\":\"https:\/\/www.manaus.am.gov.br\/manaus-previdencia\/#website\"},\"primaryImageOfPage\":{\"@id\":\"https:\/\/www.manaus.am.gov.br\/manaus-previdencia\/manaus-previdencia\/fale-conosco\/#primaryimage\"},\"image\":{\"@id\":\"https:\/\/www.manaus.am.gov.br\/manaus-previdencia\/manaus-previdencia\/fale-conosco\/#primaryimage\"},\"thumbnailUrl\":\"https:\/\/www.manaus.am.gov.br\/manaus-previdencia\/wp-content\/uploads\/sites\/19\/2023\/12\/Ouvidoria-v01-822x1024.png\",\"datePublished\":\"2023-04-19T23:42:26+00:00\",\"dateModified\":\"2023-12-29T20:56:57+00:00\",\"breadcrumb\":{\"@id\":\"https:\/\/www.manaus.am.gov.br\/manaus-previdencia\/manaus-previdencia\/fale-conosco\/#breadcrumb\"},\"inLanguage\":\"pt-BR\",\"potentialAction\":[{\"@type\":\"ReadAction\",\"target\":[\"https:\/\/www.manaus.am.gov.br\/manaus-previdencia\/manaus-previdencia\/fale-conosco\/\"]}]},{\"@type\":\"ImageObject\",\"inLanguage\":\"pt-BR\",\"@id\":\"https:\/\/www.manaus.am.gov.br\/manaus-previdencia\/manaus-previdencia\/fale-conosco\/#primaryimage\",\"url\":\"https:\/\/www.manaus.am.gov.br\/manaus-previdencia\/wp-content\/uploads\/sites\/19\/2023\/12\/Ouvidoria-v01.png\",\"contentUrl\":\"https:\/\/www.manaus.am.gov.br\/manaus-previdencia\/wp-content\/uploads\/sites\/19\/2023\/12\/Ouvidoria-v01.png\",\"width\":829,\"height\":1033},{\"@type\":\"BreadcrumbList\",\"@id\":\"https:\/\/www.manaus.am.gov.br\/manaus-previdencia\/manaus-previdencia\/fale-conosco\/#breadcrumb\",\"itemListElement\":[{\"@type\":\"ListItem\",\"position\":1,\"name\":\"Home\",\"item\":\"https:\/\/www.manaus.am.gov.br\/manaus-previdencia\/\"},{\"@type\":\"ListItem\",\"position\":2,\"name\":\"Manaus Previd\u00eancia\",\"item\":\"https:\/\/www.manaus.am.gov.br\/manaus-previdencia\/manaus-previdencia\/\"},{\"@type\":\"ListItem\",\"position\":3,\"name\":\"Fale Conosco\"}]},{\"@type\":\"WebSite\",\"@id\":\"https:\/\/www.manaus.am.gov.br\/manaus-previdencia\/#website\",\"url\":\"https:\/\/www.manaus.am.gov.br\/manaus-previdencia\/\",\"name\":\"Manaus Previd\u00eancia\",\"description\":\"Secretaria Municipal Manaus Previd\u00eancia\",\"potentialAction\":[{\"@type\":\"SearchAction\",\"target\":{\"@type\":\"EntryPoint\",\"urlTemplate\":\"https:\/\/www.manaus.am.gov.br\/manaus-previdencia\/?s={search_term_string}\"},\"query-input\":\"required name=search_term_string\"}],\"inLanguage\":\"pt-BR\"}]}<\/script>\n<!-- \/ Yoast SEO plugin. -->","yoast_head_json":{"title":"Fale Conosco - Manaus Previd\u00eancia","robots":{"index":"noindex","follow":"follow"},"og_locale":"pt_BR","og_type":"article","og_title":"Fale Conosco - Manaus Previd\u00eancia","og_url":"https:\/\/www.manaus.am.gov.br\/manaus-previdencia\/manaus-previdencia\/fale-conosco\/","og_site_name":"Manaus Previd\u00eancia","article_modified_time":"2023-12-29T20:56:57+00:00","og_image":[{"url":"https:\/\/www.manaus.am.gov.br\/manaus-previdencia\/wp-content\/uploads\/sites\/19\/2023\/12\/Ouvidoria-v01-822x1024.png"}],"twitter_card":"summary_large_image","twitter_misc":{"Est. reading time":"4 minutos"},"schema":{"@context":"https:\/\/schema.org","@graph":[{"@type":"WebPage","@id":"https:\/\/www.manaus.am.gov.br\/manaus-previdencia\/manaus-previdencia\/fale-conosco\/","url":"https:\/\/www.manaus.am.gov.br\/manaus-previdencia\/manaus-previdencia\/fale-conosco\/","name":"Fale Conosco - Manaus Previd\u00eancia","isPartOf":{"@id":"https:\/\/www.manaus.am.gov.br\/manaus-previdencia\/#website"},"primaryImageOfPage":{"@id":"https:\/\/www.manaus.am.gov.br\/manaus-previdencia\/manaus-previdencia\/fale-conosco\/#primaryimage"},"image":{"@id":"https:\/\/www.manaus.am.gov.br\/manaus-previdencia\/manaus-previdencia\/fale-conosco\/#primaryimage"},"thumbnailUrl":"https:\/\/www.manaus.am.gov.br\/manaus-previdencia\/wp-content\/uploads\/sites\/19\/2023\/12\/Ouvidoria-v01-822x1024.png","datePublished":"2023-04-19T23:42:26+00:00","dateModified":"2023-12-29T20:56:57+00:00","breadcrumb":{"@id":"https:\/\/www.manaus.am.gov.br\/manaus-previdencia\/manaus-previdencia\/fale-conosco\/#breadcrumb"},"inLanguage":"pt-BR","potentialAction":[{"@type":"ReadAction","target":["https:\/\/www.manaus.am.gov.br\/manaus-previdencia\/manaus-previdencia\/fale-conosco\/"]}]},{"@type":"ImageObject","inLanguage":"pt-BR","@id":"https:\/\/www.manaus.am.gov.br\/manaus-previdencia\/manaus-previdencia\/fale-conosco\/#primaryimage","url":"https:\/\/www.manaus.am.gov.br\/manaus-previdencia\/wp-content\/uploads\/sites\/19\/2023\/12\/Ouvidoria-v01.png","contentUrl":"https:\/\/www.manaus.am.gov.br\/manaus-previdencia\/wp-content\/uploads\/sites\/19\/2023\/12\/Ouvidoria-v01.png","width":829,"height":1033},{"@type":"BreadcrumbList","@id":"https:\/\/www.manaus.am.gov.br\/manaus-previdencia\/manaus-previdencia\/fale-conosco\/#breadcrumb","itemListElement":[{"@type":"ListItem","position":1,"name":"Home","item":"https:\/\/www.manaus.am.gov.br\/manaus-previdencia\/"},{"@type":"ListItem","position":2,"name":"Manaus Previd\u00eancia","item":"https:\/\/www.manaus.am.gov.br\/manaus-previdencia\/manaus-previdencia\/"},{"@type":"ListItem","position":3,"name":"Fale Conosco"}]},{"@type":"WebSite","@id":"https:\/\/www.manaus.am.gov.br\/manaus-previdencia\/#website","url":"https:\/\/www.manaus.am.gov.br\/manaus-previdencia\/","name":"Manaus Previd\u00eancia","description":"Secretaria Municipal Manaus Previd\u00eancia","potentialAction":[{"@type":"SearchAction","target":{"@type":"EntryPoint","urlTemplate":"https:\/\/www.manaus.am.gov.br\/manaus-previdencia\/?s={search_term_string}"},"query-input":"required name=search_term_string"}],"inLanguage":"pt-BR"}]}},"_links":{"self":[{"href":"https:\/\/www.manaus.am.gov.br\/manaus-previdencia\/wp-json\/wp\/v2\/pages\/212"}],"collection":[{"href":"https:\/\/www.manaus.am.gov.br\/manaus-previdencia\/wp-json\/wp\/v2\/pages"}],"about":[{"href":"https:\/\/www.manaus.am.gov.br\/manaus-previdencia\/wp-json\/wp\/v2\/types\/page"}],"author":[{"embeddable":true,"href":"https:\/\/www.manaus.am.gov.br\/manaus-previdencia\/wp-json\/wp\/v2\/users\/27"}],"replies":[{"embeddable":true,"href":"https:\/\/www.manaus.am.gov.br\/manaus-previdencia\/wp-json\/wp\/v2\/comments?post=212"}],"version-history":[{"count":12,"href":"https:\/\/www.manaus.am.gov.br\/manaus-previdencia\/wp-json\/wp\/v2\/pages\/212\/revisions"}],"predecessor-version":[{"id":5680,"href":"https:\/\/www.manaus.am.gov.br\/manaus-previdencia\/wp-json\/wp\/v2\/pages\/212\/revisions\/5680"}],"up":[{"embeddable":true,"href":"https:\/\/www.manaus.am.gov.br\/manaus-previdencia\/wp-json\/wp\/v2\/pages\/1050"}],"wp:attachment":[{"href":"https:\/\/www.manaus.am.gov.br\/manaus-previdencia\/wp-json\/wp\/v2\/media?parent=212"}],"curies":[{"name":"wp","href":"https:\/\/api.w.org\/{rel}","templated":true}]}}