{"id":209,"date":"2023-04-19T20:33:42","date_gmt":"2023-04-19T23:33:42","guid":{"rendered":"https:\/\/www.manaus.am.gov.br\/manaus-previdencia\/?page_id=209"},"modified":"2023-12-07T10:51:54","modified_gmt":"2023-12-07T14:51:54","slug":"cmp-conselho-municipal-de-previdencia","status":"publish","type":"page","link":"https:\/\/www.manaus.am.gov.br\/manaus-previdencia\/conselhos-e-comites\/cmp-conselho-municipal-de-previdencia\/","title":{"rendered":"Conselho Municipal de Previd\u00eancia &#8211; CMP"},"content":{"rendered":"\n<h2 class=\"wp-block-heading\">Sobre o Conselho Municipal de Previd\u00eancia<\/h2>\n\n\n\n<p>O Conselho Municipal de Previd\u00eancia (CMP) \u00e9 \u00f3rg\u00e3o colegiado superior de gest\u00e3o deliberativa, integrado por sete conselheiros titulares e respectivos suplentes, escolhidos dentre pessoas com forma\u00e7\u00e3o superior e de reconhecida capacidade em seguridade, administra\u00e7\u00e3o, economia, finan\u00e7as ou direito.<\/p>\n\n\n\n<p>Os conselheiros ter\u00e3o mandato de dois anos, admitida a recondu\u00e7\u00e3o, limitada ao m\u00e1ximo de dois mandatos consecutivos, e somente poder\u00e3o ser substitu\u00eddos, no curso do mandato, em decorr\u00eancia de ren\u00fancia, decis\u00e3o judicial transitada em julgado ou de decis\u00e3o definitiva em processo administrativo disciplinar.<\/p>\n\n\n\n<h2 class=\"wp-block-heading\">Membros<\/h2>\n\n\n\n<h2 class=\"wp-block-heading\"><a href=\"https:\/\/www.manaus.am.gov.br\/manaus-previdencia\/wp-content\/uploads\/sites\/19\/2023\/04\/Membros-do-CMP-bienio-2022-2026-1.pdf\" target=\"_blank\" rel=\"noreferrer noopener\">Composi\u00e7\u00e3o do CMP<\/a><\/h2>\n\n\n\n<h2 class=\"wp-block-heading\"><a href=\"https:\/\/www.manaus.am.gov.br\/manaus-previdencia\/certificacoes-e-capacitacoes-3\/\">Certifica\u00e7\u00f5es e Capacita\u00e7\u00f5es<\/a><\/h2>\n\n\n\n<h2 class=\"wp-block-heading\">Atas das Reuni\u00f5es<\/h2>\n\n\n\n<h2 class=\"wp-block-heading\"><a href=\"https:\/\/www.manaus.am.gov.br\/manaus-previdencia\/atas-das-reunioes-do-cmp-2013\/\">2013<\/a><\/h2>\n\n\n\n<h2 class=\"wp-block-heading\"><a href=\"https:\/\/www.manaus.am.gov.br\/manaus-previdencia\/atas-das-reunioes-do-cmp-2014\/\">2014 <\/a><\/h2>\n\n\n\n<h2 class=\"wp-block-heading\"><a href=\"https:\/\/www.manaus.am.gov.br\/manaus-previdencia\/atas-das-reunioes-do-cmp-2015\/\">2015 <\/a><\/h2>\n\n\n\n<h2 class=\"wp-block-heading\"><a href=\"https:\/\/www.manaus.am.gov.br\/manaus-previdencia\/atas-das-reunioes-do-cmp-2016\/\">2016 <\/a><\/h2>\n\n\n\n<h2 class=\"wp-block-heading\"><a href=\"https:\/\/www.manaus.am.gov.br\/manaus-previdencia\/atas-das-reunioes-do-cmp-2017\/\">2017<\/a> <\/h2>\n\n\n\n<h2 class=\"wp-block-heading\"><a href=\"https:\/\/www.manaus.am.gov.br\/manaus-previdencia\/atas-das-reunioes-do-cmp-2018\/\">2018 <\/a><\/h2>\n\n\n\n<h2 class=\"wp-block-heading\"><a href=\"https:\/\/www.manaus.am.gov.br\/manaus-previdencia\/atas-das-reunioes-do-cmp-2019\/\">2019 <\/a><\/h2>\n\n\n\n<h2 class=\"wp-block-heading\"><a href=\"https:\/\/www.manaus.am.gov.br\/manaus-previdencia\/atas-das-reunioes-do-cmp-2020\/\">2020 <\/a><\/h2>\n\n\n\n<h2 class=\"wp-block-heading\"><a href=\"https:\/\/www.manaus.am.gov.br\/manaus-previdencia\/atas-das-reunioes-do-cmp-2021\/\">2021 <\/a><\/h2>\n\n\n\n<h2 class=\"wp-block-heading\"><a href=\"https:\/\/www.manaus.am.gov.br\/manaus-previdencia\/atas-das-reunioes-do-cmp-2022\/\">2022<\/a> <\/h2>\n\n\n\n<h2 class=\"wp-block-heading\"><a href=\"https:\/\/www.manaus.am.gov.br\/manaus-previdencia\/atas-das-reunioes-do-cmp-2023\/\">2023<\/a><\/h2>\n\n\n\n<p><\/p>\n\n\n\n<h2 class=\"wp-block-heading\">Documentos<\/h2>\n\n\n\n<h2 class=\"wp-block-heading\"><a href=\"https:\/\/www.manaus.am.gov.br\/manaus-previdencia\/documentos-cmp-2018\/\">2018&nbsp;<\/a><\/h2>\n\n\n\n<h2 class=\"wp-block-heading\"><a href=\"https:\/\/www.manaus.am.gov.br\/manaus-previdencia\/documentos-cmp-2019\/\">2019&nbsp;<\/a><\/h2>\n\n\n\n<h2 class=\"wp-block-heading\"><a href=\"https:\/\/www.manaus.am.gov.br\/manaus-previdencia\/documentos-cmp-2020\/\">2020&nbsp;<\/a><\/h2>\n\n\n\n<h2 class=\"wp-block-heading\"><a href=\"https:\/\/www.manaus.am.gov.br\/manaus-previdencia\/documentos-cmp-2021\/\">2021&nbsp;<\/a><\/h2>\n\n\n\n<h2 class=\"wp-block-heading\"><a href=\"https:\/\/www.manaus.am.gov.br\/manaus-previdencia\/documentos-cmp-2022\/\">2022&nbsp;<\/a><\/h2>\n\n\n\n<h2 class=\"wp-block-heading\"><a href=\"https:\/\/www.manaus.am.gov.br\/manaus-previdencia\/documentos-cmp-2023\/\">2023<\/a><\/h2>\n\n\n\n<p><\/p>\n\n\n\n<h2 class=\"wp-block-heading\">Calend\u00e1rio<\/h2>\n\n\n\n<h2 class=\"wp-block-heading\"><a href=\"https:\/\/www.manaus.am.gov.br\/manaus-previdencia\/wp-content\/uploads\/sites\/19\/2023\/05\/Calendario-de-Reunioes-Ordinarias-2020-CMP.pdf\" target=\"_blank\" rel=\"noreferrer noopener\">2020<\/a><\/h2>\n\n\n\n<h2 class=\"wp-block-heading\"><a href=\"https:\/\/www.manaus.am.gov.br\/manaus-previdencia\/wp-content\/uploads\/sites\/19\/2023\/05\/Calendario-de-Reunioes-Ordinarias-2021-CMP.pdf\" target=\"_blank\" rel=\"noreferrer noopener\">2021<\/a><\/h2>\n\n\n\n<h2 class=\"wp-block-heading\"><a href=\"https:\/\/www.manaus.am.gov.br\/manaus-previdencia\/wp-content\/uploads\/sites\/19\/2023\/05\/Calendario-CMP-22.pdf\" target=\"_blank\" rel=\"noreferrer noopener\">2022<\/a><\/h2>\n\n\n\n<h2 class=\"wp-block-heading\"><a href=\"https:\/\/www.manaus.am.gov.br\/manaus-previdencia\/wp-content\/uploads\/sites\/19\/2023\/05\/calendario_cmp_2023.pdf\" target=\"_blank\" rel=\"noreferrer noopener\">2023<\/a><\/h2>\n\n\n\n<p>*As reuni\u00f5es ocorreram por meio de videoconfer\u00eancia.<\/p>\n","protected":false},"excerpt":{"rendered":"","protected":false},"author":27,"featured_media":0,"parent":1118,"menu_order":0,"comment_status":"closed","ping_status":"closed","template":"templates\/turismo.php","meta":{"footnotes":""},"acf":[],"yoast_head":"<!-- This site is optimized with the Yoast SEO plugin v23.0 - https:\/\/yoast.com\/wordpress\/plugins\/seo\/ -->\n<title>Conselho Municipal de Previd\u00eancia - CMP - Manaus Previd\u00eancia<\/title>\n<meta name=\"robots\" content=\"noindex, follow\" \/>\n<meta property=\"og:locale\" content=\"pt_BR\" \/>\n<meta property=\"og:type\" content=\"article\" \/>\n<meta property=\"og:title\" content=\"Conselho Municipal de Previd\u00eancia - CMP - Manaus Previd\u00eancia\" \/>\n<meta property=\"og:url\" content=\"https:\/\/www.manaus.am.gov.br\/manaus-previdencia\/conselhos-e-comites\/cmp-conselho-municipal-de-previdencia\/\" \/>\n<meta property=\"og:site_name\" content=\"Manaus Previd\u00eancia\" \/>\n<meta property=\"article:modified_time\" content=\"2023-12-07T14:51:54+00:00\" \/>\n<meta name=\"twitter:card\" content=\"summary_large_image\" \/>\n<meta name=\"twitter:label1\" content=\"Est. reading time\" \/>\n\t<meta name=\"twitter:data1\" content=\"1 minuto\" \/>\n<script type=\"application\/ld+json\" class=\"yoast-schema-graph\">{\"@context\":\"https:\/\/schema.org\",\"@graph\":[{\"@type\":\"WebPage\",\"@id\":\"https:\/\/www.manaus.am.gov.br\/manaus-previdencia\/conselhos-e-comites\/cmp-conselho-municipal-de-previdencia\/\",\"url\":\"https:\/\/www.manaus.am.gov.br\/manaus-previdencia\/conselhos-e-comites\/cmp-conselho-municipal-de-previdencia\/\",\"name\":\"Conselho Municipal de Previd\u00eancia - CMP - Manaus Previd\u00eancia\",\"isPartOf\":{\"@id\":\"https:\/\/www.manaus.am.gov.br\/manaus-previdencia\/#website\"},\"datePublished\":\"2023-04-19T23:33:42+00:00\",\"dateModified\":\"2023-12-07T14:51:54+00:00\",\"breadcrumb\":{\"@id\":\"https:\/\/www.manaus.am.gov.br\/manaus-previdencia\/conselhos-e-comites\/cmp-conselho-municipal-de-previdencia\/#breadcrumb\"},\"inLanguage\":\"pt-BR\",\"potentialAction\":[{\"@type\":\"ReadAction\",\"target\":[\"https:\/\/www.manaus.am.gov.br\/manaus-previdencia\/conselhos-e-comites\/cmp-conselho-municipal-de-previdencia\/\"]}]},{\"@type\":\"BreadcrumbList\",\"@id\":\"https:\/\/www.manaus.am.gov.br\/manaus-previdencia\/conselhos-e-comites\/cmp-conselho-municipal-de-previdencia\/#breadcrumb\",\"itemListElement\":[{\"@type\":\"ListItem\",\"position\":1,\"name\":\"Home\",\"item\":\"https:\/\/www.manaus.am.gov.br\/manaus-previdencia\/\"},{\"@type\":\"ListItem\",\"position\":2,\"name\":\"Conselhos e Comit\u00eas\",\"item\":\"https:\/\/www.manaus.am.gov.br\/manaus-previdencia\/conselhos-e-comites\/\"},{\"@type\":\"ListItem\",\"position\":3,\"name\":\"Conselho Municipal de Previd\u00eancia &#8211; CMP\"}]},{\"@type\":\"WebSite\",\"@id\":\"https:\/\/www.manaus.am.gov.br\/manaus-previdencia\/#website\",\"url\":\"https:\/\/www.manaus.am.gov.br\/manaus-previdencia\/\",\"name\":\"Manaus Previd\u00eancia\",\"description\":\"Secretaria Municipal Manaus Previd\u00eancia\",\"potentialAction\":[{\"@type\":\"SearchAction\",\"target\":{\"@type\":\"EntryPoint\",\"urlTemplate\":\"https:\/\/www.manaus.am.gov.br\/manaus-previdencia\/?s={search_term_string}\"},\"query-input\":\"required name=search_term_string\"}],\"inLanguage\":\"pt-BR\"}]}<\/script>\n<!-- \/ Yoast SEO plugin. -->","yoast_head_json":{"title":"Conselho Municipal de Previd\u00eancia - CMP - Manaus Previd\u00eancia","robots":{"index":"noindex","follow":"follow"},"og_locale":"pt_BR","og_type":"article","og_title":"Conselho Municipal de Previd\u00eancia - CMP - Manaus Previd\u00eancia","og_url":"https:\/\/www.manaus.am.gov.br\/manaus-previdencia\/conselhos-e-comites\/cmp-conselho-municipal-de-previdencia\/","og_site_name":"Manaus Previd\u00eancia","article_modified_time":"2023-12-07T14:51:54+00:00","twitter_card":"summary_large_image","twitter_misc":{"Est. reading time":"1 minuto"},"schema":{"@context":"https:\/\/schema.org","@graph":[{"@type":"WebPage","@id":"https:\/\/www.manaus.am.gov.br\/manaus-previdencia\/conselhos-e-comites\/cmp-conselho-municipal-de-previdencia\/","url":"https:\/\/www.manaus.am.gov.br\/manaus-previdencia\/conselhos-e-comites\/cmp-conselho-municipal-de-previdencia\/","name":"Conselho Municipal de Previd\u00eancia - CMP - Manaus Previd\u00eancia","isPartOf":{"@id":"https:\/\/www.manaus.am.gov.br\/manaus-previdencia\/#website"},"datePublished":"2023-04-19T23:33:42+00:00","dateModified":"2023-12-07T14:51:54+00:00","breadcrumb":{"@id":"https:\/\/www.manaus.am.gov.br\/manaus-previdencia\/conselhos-e-comites\/cmp-conselho-municipal-de-previdencia\/#breadcrumb"},"inLanguage":"pt-BR","potentialAction":[{"@type":"ReadAction","target":["https:\/\/www.manaus.am.gov.br\/manaus-previdencia\/conselhos-e-comites\/cmp-conselho-municipal-de-previdencia\/"]}]},{"@type":"BreadcrumbList","@id":"https:\/\/www.manaus.am.gov.br\/manaus-previdencia\/conselhos-e-comites\/cmp-conselho-municipal-de-previdencia\/#breadcrumb","itemListElement":[{"@type":"ListItem","position":1,"name":"Home","item":"https:\/\/www.manaus.am.gov.br\/manaus-previdencia\/"},{"@type":"ListItem","position":2,"name":"Conselhos e Comit\u00eas","item":"https:\/\/www.manaus.am.gov.br\/manaus-previdencia\/conselhos-e-comites\/"},{"@type":"ListItem","position":3,"name":"Conselho Municipal de Previd\u00eancia &#8211; CMP"}]},{"@type":"WebSite","@id":"https:\/\/www.manaus.am.gov.br\/manaus-previdencia\/#website","url":"https:\/\/www.manaus.am.gov.br\/manaus-previdencia\/","name":"Manaus Previd\u00eancia","description":"Secretaria Municipal Manaus Previd\u00eancia","potentialAction":[{"@type":"SearchAction","target":{"@type":"EntryPoint","urlTemplate":"https:\/\/www.manaus.am.gov.br\/manaus-previdencia\/?s={search_term_string}"},"query-input":"required name=search_term_string"}],"inLanguage":"pt-BR"}]}},"_links":{"self":[{"href":"https:\/\/www.manaus.am.gov.br\/manaus-previdencia\/wp-json\/wp\/v2\/pages\/209"}],"collection":[{"href":"https:\/\/www.manaus.am.gov.br\/manaus-previdencia\/wp-json\/wp\/v2\/pages"}],"about":[{"href":"https:\/\/www.manaus.am.gov.br\/manaus-previdencia\/wp-json\/wp\/v2\/types\/page"}],"author":[{"embeddable":true,"href":"https:\/\/www.manaus.am.gov.br\/manaus-previdencia\/wp-json\/wp\/v2\/users\/27"}],"replies":[{"embeddable":true,"href":"https:\/\/www.manaus.am.gov.br\/manaus-previdencia\/wp-json\/wp\/v2\/comments?post=209"}],"version-history":[{"count":22,"href":"https:\/\/www.manaus.am.gov.br\/manaus-previdencia\/wp-json\/wp\/v2\/pages\/209\/revisions"}],"predecessor-version":[{"id":5003,"href":"https:\/\/www.manaus.am.gov.br\/manaus-previdencia\/wp-json\/wp\/v2\/pages\/209\/revisions\/5003"}],"up":[{"embeddable":true,"href":"https:\/\/www.manaus.am.gov.br\/manaus-previdencia\/wp-json\/wp\/v2\/pages\/1118"}],"wp:attachment":[{"href":"https:\/\/www.manaus.am.gov.br\/manaus-previdencia\/wp-json\/wp\/v2\/media?parent=209"}],"curies":[{"name":"wp","href":"https:\/\/api.w.org\/{rel}","templated":true}]}}