{"id":205,"date":"2023-04-19T20:16:16","date_gmt":"2023-04-19T23:16:16","guid":{"rendered":"https:\/\/www.manaus.am.gov.br\/manaus-previdencia\/?page_id=205"},"modified":"2024-01-10T10:10:52","modified_gmt":"2024-01-10T14:10:52","slug":"conselho-diretor-codir","status":"publish","type":"page","link":"https:\/\/www.manaus.am.gov.br\/manaus-previdencia\/conselhos-e-comites\/conselho-diretor-codir\/","title":{"rendered":"Conselho Diretor &#8211; CODIR"},"content":{"rendered":"\n<h3 class=\"wp-block-heading\">Sobre o Conselho Diretor<\/h3>\n\n\n\n<p>O Conselho Diretor (Codir) \u00e9 \u00f3rg\u00e3o colegiado superior de gest\u00e3o deliberativa, integrado pelos seguintes membros: Diretor-Presidente, Diretor de Administra\u00e7\u00e3o e Finan\u00e7as e Diretor de Previd\u00eancia.<\/p>\n\n\n\n<p>O mandato do Diretor-Presidente ser\u00e1 de quatro anos e, dos demais Diretores, de tr\u00eas anos, admitida a recondu\u00e7\u00e3o.<\/p>\n\n\n\n<p><\/p>\n\n\n\n<h3 class=\"wp-block-heading\">Membros<\/h3>\n\n\n\n<h2 class=\"wp-block-heading\"><a href=\"https:\/\/www.manaus.am.gov.br\/manaus-previdencia\/wp-content\/uploads\/sites\/19\/2023\/04\/MEMBROS-DO-CONSELHO-DIRETOR-CODIR.pdf\" target=\"_blank\" rel=\"noreferrer noopener\">Composi\u00e7\u00e3o do Codir<\/a><\/h2>\n\n\n\n<h2 class=\"wp-block-heading\"><a href=\"https:\/\/www.manaus.am.gov.br\/manaus-previdencia\/certificacoes-e-capacitacoes\/\">Certifica\u00e7\u00f5es e Capacita\u00e7\u00f5es<\/a><\/h2>\n\n\n\n<p><\/p>\n\n\n\n<h3 class=\"wp-block-heading\">Atas das Reuni\u00f5es<\/h3>\n\n\n\n<h2 class=\"wp-block-heading\"><a href=\"https:\/\/www.manaus.am.gov.br\/manaus-previdencia\/atas-das-reunioes-do-codir-2019\/\">2019 <\/a><\/h2>\n\n\n\n<h2 class=\"wp-block-heading\"><a href=\"https:\/\/www.manaus.am.gov.br\/manaus-previdencia\/atas-das-runioes-do-codir-2020\/\">2020 <\/a><\/h2>\n\n\n\n<h2 class=\"wp-block-heading\"><a href=\"https:\/\/www.manaus.am.gov.br\/manaus-previdencia\/atas-das-reunioes-do-codir-2021\/\">2021<\/a> <\/h2>\n\n\n\n<h2 class=\"wp-block-heading\"><a href=\"https:\/\/www.manaus.am.gov.br\/manaus-previdencia\/atas-das-reunioes-do-codir-2022\/\">2022<\/a> <\/h2>\n\n\n\n<h2 class=\"wp-block-heading\"><a href=\"https:\/\/www.manaus.am.gov.br\/manaus-previdencia\/atas-das-reunioes-do-codir-2023\/\">2023<\/a><\/h2>\n\n\n\n<p><\/p>\n\n\n\n<h3 class=\"wp-block-heading\">Relat\u00f3rios<\/h3>\n\n\n\n<h2 class=\"wp-block-heading\"><a href=\"https:\/\/www.manaus.am.gov.br\/manaus-previdencia\/wp-content\/uploads\/sites\/19\/2023\/04\/RELATORIO-No-0012019-LIMITES-DE-ALCADA-1.pdf\" target=\"_blank\" rel=\"noreferrer noopener\">Relat\u00f3rio Limites de Al\u00e7ada 2019<\/a><\/h2>\n\n\n\n<h2 class=\"wp-block-heading\"><a href=\"https:\/\/www.manaus.am.gov.br\/manaus-previdencia\/wp-content\/uploads\/sites\/19\/2023\/04\/Relatoio-Limites-de-Alcada-2020-1.pdf\" target=\"_blank\" rel=\"noreferrer noopener\">Relat\u00f3rio Limites de Al\u00e7ada 2020<\/a><\/h2>\n\n\n\n<h2 class=\"wp-block-heading\"><a href=\"https:\/\/www.manaus.am.gov.br\/manaus-previdencia\/wp-content\/uploads\/sites\/19\/2023\/04\/Relatorio-de-Limite-de-Alcada-de-2021-Versao-final-1.pdf\" target=\"_blank\" rel=\"noreferrer noopener\">Relat\u00f3rio Limites de Al\u00e7ada 2021<\/a><\/h2>\n\n\n\n<h2 class=\"wp-block-heading\"><a href=\"https:\/\/www.manaus.am.gov.br\/manaus-previdencia\/wp-content\/uploads\/sites\/19\/2023\/04\/limites_alcada-1.pdf\" target=\"_blank\" rel=\"noreferrer noopener\">Relat\u00f3rio Limites de Al\u00e7ada 2022<\/a><\/h2>\n\n\n\n<h2 class=\"wp-block-heading\"><a href=\"https:\/\/www.manaus.am.gov.br\/manaus-previdencia\/wp-content\/uploads\/sites\/19\/2023\/04\/Relatorio-de-Desempenho-do-Contrato-de-Gestao_out20-a-marco21-1.pdf\" target=\"_blank\" rel=\"noreferrer noopener\">Relat\u00f3rio de Desempenho 2020\/21 (Contrato de Gest\u00e3o) \u2013 out\/20 a mar\/2021<\/a><\/h2>\n\n\n\n<h2 class=\"wp-block-heading\"><a href=\"https:\/\/www.manaus.am.gov.br\/manaus-previdencia\/wp-content\/uploads\/sites\/19\/2023\/04\/Relatorio-de-Desempenho-do-Contrato-de-Gestao_abr-a-setembro21-1.pdf\" target=\"_blank\" rel=\"noreferrer noopener\">Relat\u00f3rio de Desempenho 2021 (Contrato de Gest\u00e3o) \u2013 abril a setembro<\/a><\/h2>\n\n\n\n<h2 class=\"wp-block-heading\"><a href=\"https:\/\/www.manaus.am.gov.br\/manaus-previdencia\/wp-content\/uploads\/sites\/19\/2023\/04\/Relatorio-de-Desempenho-2021-2022-Contrato-de-Gestao-\u2013-out21-a-mar2022-x-1.pdf\" target=\"_blank\" rel=\"noreferrer noopener\">Relat\u00f3rio de Desempenho 2021\/22 (Contrato de Gest\u00e3o) \u2013 out\/21 a mar\/2022<\/a><\/h2>\n\n\n\n<p><\/p>\n\n\n\n<h3 class=\"wp-block-heading\">Documentos<\/h3>\n\n\n\n<h2 class=\"wp-block-heading\"><a href=\"https:\/\/www.manaus.am.gov.br\/manaus-previdencia\/wp-content\/uploads\/sites\/19\/2023\/04\/Portaria-161-2022-1.pdf\" target=\"_blank\" rel=\"noreferrer noopener\">Portaria 161 2022 \u2013 GS\/SEMEF \u2013 Comiss\u00e3o de Acompanhamento 2\u00ba Termo de Contrato de Gest\u00e3o<\/a><\/h2>\n\n\n\n<h2 class=\"wp-block-heading\"><a href=\"https:\/\/www.manaus.am.gov.br\/manaus-previdencia\/wp-content\/uploads\/sites\/19\/2023\/04\/Extrato-Termo-Aditivo-Contrato-de-Gestao-2-1.pdf\" target=\"_blank\" rel=\"noreferrer noopener\">Extrato Termo Aditivo Contrato de Gest\u00e3o \u2013 2022<\/a><\/h2>\n\n\n\n<h2 class=\"wp-block-heading\"><a href=\"https:\/\/www.manaus.am.gov.br\/manaus-previdencia\/wp-content\/uploads\/sites\/19\/2023\/04\/2o-TERMO-ADITIVO-AO-CONTRATO-DE-GESTAO-18.09.2022-A-17.09.2023-1.pdf\" target=\"_blank\" rel=\"noreferrer noopener\">Segundo Termo Aditivo ao Termo de Contrato de Gest\u00e3o \u2013 2022<\/a><\/h2>\n\n\n\n<h2 class=\"wp-block-heading\"><a href=\"https:\/\/www.manaus.am.gov.br\/manaus-previdencia\/wp-content\/uploads\/sites\/19\/2023\/04\/Extrato-Termo-Aditivo-Contrato-de-Gestao-2-1.pdf\" target=\"_blank\" rel=\"noreferrer noopener\">Extrato Termo Aditivo Contrato de Gest\u00e3o \u2013 2021<\/a><\/h2>\n\n\n\n<h2 class=\"wp-block-heading\"><a href=\"https:\/\/www.manaus.am.gov.br\/manaus-previdencia\/wp-content\/uploads\/sites\/19\/2023\/04\/PRIMEIRO-TERMO-ADITIVO-AO-TERMO-DE-CONTRATO-DE-GESTAO-Assinado-1.pdf\" target=\"_blank\" rel=\"noreferrer noopener\">Primeiro Termo Aditivo ao Termo de Contrato de Gest\u00e3o \u2013 2021<\/a><\/h2>\n\n\n\n<h2 class=\"wp-block-heading\"><a href=\"https:\/\/www.manaus.am.gov.br\/manaus-previdencia\/wp-content\/uploads\/sites\/19\/2023\/04\/Termo-de-Contrato-de-Gestao-2020-1.pdf\" target=\"_blank\" rel=\"noreferrer noopener\">Contrato de Gest\u00e3o 2020-2021 (Semef e Manaus Previd\u00eancia)<\/a><\/h2>\n\n\n\n<p><\/p>\n\n\n\n<h3 class=\"wp-block-heading\">Calend\u00e1rio<\/h3>\n\n\n\n<h2 class=\"wp-block-heading lista-link\"><a href=\"https:\/\/www.manaus.am.gov.br\/manaus-previdencia\/wp-content\/uploads\/sites\/19\/2023\/05\/calendario_codir_2023.pdf\" target=\"_blank\" rel=\"noreferrer noopener\">2023<\/a><\/h2>\n","protected":false},"excerpt":{"rendered":"","protected":false},"author":27,"featured_media":0,"parent":1118,"menu_order":0,"comment_status":"closed","ping_status":"closed","template":"templates\/turismo.php","meta":{"footnotes":""},"acf":[],"yoast_head":"<!-- This site is optimized with the Yoast SEO plugin v23.0 - https:\/\/yoast.com\/wordpress\/plugins\/seo\/ -->\n<title>Conselho Diretor - CODIR - Manaus Previd\u00eancia<\/title>\n<meta name=\"robots\" content=\"noindex, follow\" \/>\n<meta property=\"og:locale\" content=\"pt_BR\" \/>\n<meta property=\"og:type\" content=\"article\" \/>\n<meta property=\"og:title\" content=\"Conselho Diretor - CODIR - Manaus Previd\u00eancia\" \/>\n<meta property=\"og:url\" content=\"https:\/\/www.manaus.am.gov.br\/manaus-previdencia\/conselhos-e-comites\/conselho-diretor-codir\/\" \/>\n<meta property=\"og:site_name\" content=\"Manaus Previd\u00eancia\" \/>\n<meta property=\"article:modified_time\" content=\"2024-01-10T14:10:52+00:00\" \/>\n<meta name=\"twitter:card\" content=\"summary_large_image\" \/>\n<meta name=\"twitter:label1\" content=\"Est. reading time\" \/>\n\t<meta name=\"twitter:data1\" content=\"1 minuto\" \/>\n<script type=\"application\/ld+json\" class=\"yoast-schema-graph\">{\"@context\":\"https:\/\/schema.org\",\"@graph\":[{\"@type\":\"WebPage\",\"@id\":\"https:\/\/www.manaus.am.gov.br\/manaus-previdencia\/conselhos-e-comites\/conselho-diretor-codir\/\",\"url\":\"https:\/\/www.manaus.am.gov.br\/manaus-previdencia\/conselhos-e-comites\/conselho-diretor-codir\/\",\"name\":\"Conselho Diretor - CODIR - Manaus Previd\u00eancia\",\"isPartOf\":{\"@id\":\"https:\/\/www.manaus.am.gov.br\/manaus-previdencia\/#website\"},\"datePublished\":\"2023-04-19T23:16:16+00:00\",\"dateModified\":\"2024-01-10T14:10:52+00:00\",\"breadcrumb\":{\"@id\":\"https:\/\/www.manaus.am.gov.br\/manaus-previdencia\/conselhos-e-comites\/conselho-diretor-codir\/#breadcrumb\"},\"inLanguage\":\"pt-BR\",\"potentialAction\":[{\"@type\":\"ReadAction\",\"target\":[\"https:\/\/www.manaus.am.gov.br\/manaus-previdencia\/conselhos-e-comites\/conselho-diretor-codir\/\"]}]},{\"@type\":\"BreadcrumbList\",\"@id\":\"https:\/\/www.manaus.am.gov.br\/manaus-previdencia\/conselhos-e-comites\/conselho-diretor-codir\/#breadcrumb\",\"itemListElement\":[{\"@type\":\"ListItem\",\"position\":1,\"name\":\"Home\",\"item\":\"https:\/\/www.manaus.am.gov.br\/manaus-previdencia\/\"},{\"@type\":\"ListItem\",\"position\":2,\"name\":\"Conselhos e Comit\u00eas\",\"item\":\"https:\/\/www.manaus.am.gov.br\/manaus-previdencia\/conselhos-e-comites\/\"},{\"@type\":\"ListItem\",\"position\":3,\"name\":\"Conselho Diretor &#8211; CODIR\"}]},{\"@type\":\"WebSite\",\"@id\":\"https:\/\/www.manaus.am.gov.br\/manaus-previdencia\/#website\",\"url\":\"https:\/\/www.manaus.am.gov.br\/manaus-previdencia\/\",\"name\":\"Manaus Previd\u00eancia\",\"description\":\"Secretaria Municipal Manaus Previd\u00eancia\",\"potentialAction\":[{\"@type\":\"SearchAction\",\"target\":{\"@type\":\"EntryPoint\",\"urlTemplate\":\"https:\/\/www.manaus.am.gov.br\/manaus-previdencia\/?s={search_term_string}\"},\"query-input\":\"required name=search_term_string\"}],\"inLanguage\":\"pt-BR\"}]}<\/script>\n<!-- \/ Yoast SEO plugin. -->","yoast_head_json":{"title":"Conselho Diretor - CODIR - Manaus Previd\u00eancia","robots":{"index":"noindex","follow":"follow"},"og_locale":"pt_BR","og_type":"article","og_title":"Conselho Diretor - CODIR - Manaus Previd\u00eancia","og_url":"https:\/\/www.manaus.am.gov.br\/manaus-previdencia\/conselhos-e-comites\/conselho-diretor-codir\/","og_site_name":"Manaus Previd\u00eancia","article_modified_time":"2024-01-10T14:10:52+00:00","twitter_card":"summary_large_image","twitter_misc":{"Est. reading time":"1 minuto"},"schema":{"@context":"https:\/\/schema.org","@graph":[{"@type":"WebPage","@id":"https:\/\/www.manaus.am.gov.br\/manaus-previdencia\/conselhos-e-comites\/conselho-diretor-codir\/","url":"https:\/\/www.manaus.am.gov.br\/manaus-previdencia\/conselhos-e-comites\/conselho-diretor-codir\/","name":"Conselho Diretor - CODIR - Manaus Previd\u00eancia","isPartOf":{"@id":"https:\/\/www.manaus.am.gov.br\/manaus-previdencia\/#website"},"datePublished":"2023-04-19T23:16:16+00:00","dateModified":"2024-01-10T14:10:52+00:00","breadcrumb":{"@id":"https:\/\/www.manaus.am.gov.br\/manaus-previdencia\/conselhos-e-comites\/conselho-diretor-codir\/#breadcrumb"},"inLanguage":"pt-BR","potentialAction":[{"@type":"ReadAction","target":["https:\/\/www.manaus.am.gov.br\/manaus-previdencia\/conselhos-e-comites\/conselho-diretor-codir\/"]}]},{"@type":"BreadcrumbList","@id":"https:\/\/www.manaus.am.gov.br\/manaus-previdencia\/conselhos-e-comites\/conselho-diretor-codir\/#breadcrumb","itemListElement":[{"@type":"ListItem","position":1,"name":"Home","item":"https:\/\/www.manaus.am.gov.br\/manaus-previdencia\/"},{"@type":"ListItem","position":2,"name":"Conselhos e Comit\u00eas","item":"https:\/\/www.manaus.am.gov.br\/manaus-previdencia\/conselhos-e-comites\/"},{"@type":"ListItem","position":3,"name":"Conselho Diretor &#8211; CODIR"}]},{"@type":"WebSite","@id":"https:\/\/www.manaus.am.gov.br\/manaus-previdencia\/#website","url":"https:\/\/www.manaus.am.gov.br\/manaus-previdencia\/","name":"Manaus Previd\u00eancia","description":"Secretaria Municipal Manaus Previd\u00eancia","potentialAction":[{"@type":"SearchAction","target":{"@type":"EntryPoint","urlTemplate":"https:\/\/www.manaus.am.gov.br\/manaus-previdencia\/?s={search_term_string}"},"query-input":"required name=search_term_string"}],"inLanguage":"pt-BR"}]}},"_links":{"self":[{"href":"https:\/\/www.manaus.am.gov.br\/manaus-previdencia\/wp-json\/wp\/v2\/pages\/205"}],"collection":[{"href":"https:\/\/www.manaus.am.gov.br\/manaus-previdencia\/wp-json\/wp\/v2\/pages"}],"about":[{"href":"https:\/\/www.manaus.am.gov.br\/manaus-previdencia\/wp-json\/wp\/v2\/types\/page"}],"author":[{"embeddable":true,"href":"https:\/\/www.manaus.am.gov.br\/manaus-previdencia\/wp-json\/wp\/v2\/users\/27"}],"replies":[{"embeddable":true,"href":"https:\/\/www.manaus.am.gov.br\/manaus-previdencia\/wp-json\/wp\/v2\/comments?post=205"}],"version-history":[{"count":45,"href":"https:\/\/www.manaus.am.gov.br\/manaus-previdencia\/wp-json\/wp\/v2\/pages\/205\/revisions"}],"predecessor-version":[{"id":5801,"href":"https:\/\/www.manaus.am.gov.br\/manaus-previdencia\/wp-json\/wp\/v2\/pages\/205\/revisions\/5801"}],"up":[{"embeddable":true,"href":"https:\/\/www.manaus.am.gov.br\/manaus-previdencia\/wp-json\/wp\/v2\/pages\/1118"}],"wp:attachment":[{"href":"https:\/\/www.manaus.am.gov.br\/manaus-previdencia\/wp-json\/wp\/v2\/media?parent=205"}],"curies":[{"name":"wp","href":"https:\/\/api.w.org\/{rel}","templated":true}]}}