{"id":201,"date":"2023-04-19T20:04:49","date_gmt":"2023-04-19T23:04:49","guid":{"rendered":"https:\/\/www.manaus.am.gov.br\/manaus-previdencia\/?page_id=201"},"modified":"2023-12-05T17:26:58","modified_gmt":"2023-12-05T21:26:58","slug":"legislacao","status":"publish","type":"page","link":"https:\/\/www.manaus.am.gov.br\/manaus-previdencia\/manaus-previdencia\/legislacao\/","title":{"rendered":"Legisla\u00e7\u00e3o"},"content":{"rendered":"\n<h2 class=\"wp-block-heading\" style=\"text-transform:uppercase\"><a href=\"https:\/\/www.manaus.am.gov.br\/manaus-previdencia\/wp-content\/uploads\/sites\/19\/2023\/04\/Lei-870.2005-atualizada-ate-lei-2.991.2022-1.pdf\" target=\"_blank\" rel=\"noreferrer noopener\">Lei n\u00ba 870, de 21 de julho de 2005<\/a><\/h2>\n\n\n\n<p>Reestrutura o Regime Pr\u00f3prio de Previd\u00eancia Social do Munic\u00edpio de Manaus e d\u00e1 outras provid\u00eancias.<\/p>\n\n\n\n<h2 class=\"wp-block-heading\" style=\"text-transform:uppercase\"><a href=\"https:\/\/www.manaus.am.gov.br\/manaus-previdencia\/wp-content\/uploads\/sites\/19\/2023\/04\/Lei-Ordinaria-2419-2019-de-Manaus-AM-1.pdf\" target=\"_blank\" rel=\"noreferrer noopener\">Lei n\u00ba 2.419, DE 29 DE MAR\u00c7O DE 2019<\/a><\/h2>\n\n\n\n<p>Disp\u00f5e sobre a estrutura organizacional da Manaus Previd\u00eancia (Manausprev) e d\u00e1 outras provid\u00eancias.<\/p>\n\n\n\n<h2 class=\"wp-block-heading\" style=\"text-transform:uppercase\"><a href=\"https:\/\/www.manaus.am.gov.br\/manaus-previdencia\/wp-content\/uploads\/sites\/19\/2023\/04\/PORTARIA-No-551-2022-ALTERACAO-DA-POSIC-1.pdf\" target=\"_blank\" rel=\"noreferrer noopener\">Portaria n\u00ba 551\/2022 &#8211; GP\/Manaus Previd\u00eancia<\/a><\/h2>\n\n\n\n<p>Altera portaria, na forma que especifica.<\/p>\n\n\n\n<h2 class=\"wp-block-heading\" style=\"text-transform:uppercase\"><a href=\"https:\/\/www.manaus.am.gov.br\/manaus-previdencia\/wp-content\/uploads\/sites\/19\/2023\/04\/ATO-DA-PRESIDENCIA-No-1532022-\u2013-CMM-CENSO-PREVIDENCIARIO-2022-1.pdf\" target=\"_blank\" rel=\"noreferrer noopener\">Ato Censo Previdenci\u00e1rio 2022<\/a><\/h2>\n\n\n\n<p>Ato, normas e procedimentos para a realiza\u00e7\u00e3o do Censo Previdenci\u00e1rio 2022.<\/p>\n\n\n\n<h2 class=\"wp-block-heading\" style=\"text-transform:uppercase\"><a href=\"https:\/\/www.manaus.am.gov.br\/manaus-previdencia\/wp-content\/uploads\/sites\/19\/2023\/04\/DECRETO-No-5.398-DE-23-DE-SETEMBRO-DE-2022-CENSO-PREVIDENCIARIO-2022-1.pdf\" target=\"_blank\" rel=\"noreferrer noopener\">Decreto Censo Previdenci\u00e1rio 2022<\/a><\/h2>\n\n\n\n<p>Estabelece normas e procedimentos para a realiza\u00e7\u00e3o do Censo Previdenci\u00e1rio 2022.<\/p>\n\n\n\n<h2 class=\"wp-block-heading\" style=\"text-transform:uppercase\"><a href=\"https:\/\/www.manaus.am.gov.br\/manaus-previdencia\/wp-content\/uploads\/sites\/19\/2023\/04\/PORTARIA-N.o-5372022-_-GPMANAUS-PREVIDENCIA-CENSO-PREVIDENCIARIO-2022-1.pdf\" target=\"_blank\" rel=\"noreferrer noopener\">Portaria Censo Previdenci\u00e1rio 2022<\/a><\/h2>\n\n\n\n<p>Disp\u00f5e sobre a realiza\u00e7\u00e3o do Censo Previdenci\u00e1rio dos servidores efetivos, aposentados e pensionistas, do munic\u00edpio de Manaus, e dos seus respectivos dependentes, e d\u00e1 outras provid\u00eancias.<\/p>\n\n\n\n<h2 class=\"wp-block-heading\" style=\"text-transform:uppercase\"><a href=\"https:\/\/www.manaus.am.gov.br\/manaus-previdencia\/wp-content\/uploads\/sites\/19\/2023\/04\/PORTARIA-No-294-2021-RETORNO-GRADUAL-1-1.pdf\" target=\"_blank\" rel=\"noreferrer noopener\">Portaria n\u00ba\u00a0294\/2021 \u2013 GP\/Manaus Previd\u00eancia<\/a><\/h2>\n\n\n\n<p>Retorno Gradual das atividades administrativas presenciais no \u00e2mbito da Administra\u00e7\u00e3o P\u00fablica<br>Municipal, e d\u00e1 outras provid\u00eancias.<\/p>\n\n\n\n<h2 class=\"wp-block-heading\" style=\"text-transform:uppercase\"><a href=\"https:\/\/www.manaus.am.gov.br\/manaus-previdencia\/wp-content\/uploads\/sites\/19\/2023\/04\/DOM_4753_07.01.2020_CAD-1.pdf\" target=\"_blank\" rel=\"noreferrer noopener\">Decreto Municipal n\u00ba 4.730\/2020<\/a><\/h2>\n\n\n\n<p>Estabelece normas para a realiza\u00e7\u00e3o do recadastramento dos agentes p\u00fablicos, aposentados e pensionistas vinculados ao Poder Executivo Municipal de Manaus e de seus dependentes.<\/p>\n\n\n\n<h2 class=\"wp-block-heading\" style=\"text-transform:uppercase\"><a href=\"https:\/\/www.manaus.am.gov.br\/manaus-previdencia\/wp-content\/uploads\/sites\/19\/2023\/04\/Decreto-n.o4.846-2020-1.pdf\" target=\"_blank\" rel=\"noreferrer noopener\">Decreto Municipal\u00a0 n\u00ba 4.846\/ 2020<\/a><\/h2>\n\n\n\n<p>Disp\u00f5e sobre o Regimento Interno da Manaus Previd\u00eancia.<\/p>\n\n\n\n<h2 class=\"wp-block-heading\" style=\"text-transform:uppercase\"><a href=\"https:\/\/www.manaus.am.gov.br\/manaus-previdencia\/wp-content\/uploads\/sites\/19\/2023\/04\/PORTARIA_N_127_2020_GP_MANAUS_PREVIDENCIA-1.pdf\" target=\"_blank\" rel=\"noreferrer noopener\">Portaria n\u00b0 127\/2020 \u2013 GP\/Manaus Previd\u00eancia<\/a><\/h2>\n\n\n\n<p>Estabelece procedimentos e medidas de preven\u00e7\u00e3o contra o Coronav\u00edrus (COVID-19) a serem adotados no \u00e2mbito da Manaus Previd\u00eancia.<\/p>\n\n\n\n<h2 class=\"wp-block-heading\" style=\"text-transform:uppercase\"><a href=\"https:\/\/www.manaus.am.gov.br\/manaus-previdencia\/wp-content\/uploads\/sites\/19\/2023\/04\/PORTARIA-344-2020-SUSPENDE-RECADASTRAMENTO-1.pdf\" target=\"_blank\" rel=\"noreferrer noopener\">Portaria de n\u00b0 344\/2020 \u2013 GP\/Manaus Previd\u00eancia<\/a><\/h2>\n\n\n\n<p>Estabelece a suspens\u00e3o por tempo indeterminado, os procedimentos para o recadastramento e para a prova de vida dos aposentados e pensionistas.<\/p>\n\n\n\n<h2 class=\"wp-block-heading\" style=\"text-transform:uppercase\"><a href=\"https:\/\/www.manaus.am.gov.br\/manaus-previdencia\/wp-content\/uploads\/sites\/19\/2023\/04\/PORT-157-2020-SEMAD-DOM-4878-09.07.2020-SUSPENSAO-RECADASTRAMENTO-1.pdf\" target=\"_blank\" rel=\"noreferrer noopener\">Portaria n\u00b0 157\/2020 \u2013 Semad<\/a><\/h2>\n\n\n\n<p>Estabelece a suspens\u00e3o por tempo indeterminado, o recadastramento de Agentes P\u00fablicos Ativos, Aposentados e Pensionistas vinculados ao poder executivos municipal de Manaus e de seus Dependentes.<\/p>\n\n\n\n<h2 class=\"wp-block-heading\" style=\"text-transform:uppercase\"><a href=\"https:\/\/www.manaus.am.gov.br\/manaus-previdencia\/wp-content\/uploads\/sites\/19\/2023\/04\/PORTARIA-102.-DOM-4792-1.pdf\" target=\"_blank\" rel=\"noreferrer noopener\">Portaria n\u00b0 102\/2020 \u2013 GP\/Manaus Previd\u00eancia<\/a>:<\/h2>\n\n\n\n<p>Estabelece os procedimentos para o recadastramento e para a prova de vida dos aposentados e pensionistas.<\/p>\n\n\n\n<h2 class=\"wp-block-heading\" style=\"text-transform:uppercase\"><a href=\"https:\/\/www.manaus.am.gov.br\/manaus-previdencia\/wp-content\/uploads\/sites\/19\/2023\/04\/Portaria-270-2020-Revisao-Codigo-de-Etica-1.pdf\" target=\"_blank\" rel=\"noreferrer noopener\">Portaria n\u00b0 270\/2020 \u2013 GP\/Manaus Previd\u00eancia<\/a><\/h2>\n\n\n\n<p>C\u00f3digo de \u00c9tica.<\/p>\n\n\n\n<h2 class=\"wp-block-heading\"><a href=\"https:\/\/www.manaus.am.gov.br\/manaus-previdencia\/wp-content\/uploads\/sites\/19\/2023\/04\/Regimento-Interno-do-Comite-de-Investimentos.pdf\" target=\"_blank\" rel=\"noreferrer noopener\">RESOLU\u00c7\u00c3O N.\u00ba 001\/2019&nbsp;\u2013&nbsp;COMINV\/MANAUS PREVID\u00caNCIA<\/a><\/h2>\n\n\n\n<p>Disp\u00f5e sobre o Regimento Interno do Comit\u00ea de Investimentos.<\/p>\n\n\n\n<h2 class=\"wp-block-heading\" style=\"text-transform:uppercase\"><a href=\"https:\/\/www.manaus.am.gov.br\/manaus-previdencia\/wp-content\/uploads\/sites\/19\/2023\/04\/Decreto-no-3.271-DOM-3812-19.01.2016-CAD-1-1.pdf\" target=\"_blank\" rel=\"noreferrer noopener\">Decreto Municipal n\u00ba 3.271\/2016<\/a><\/h2>\n\n\n\n<p>Estabelece normas e procedimentos para a realiza\u00e7\u00e3o do Censo Previdenci\u00e1rio.<\/p>\n\n\n\n<h3 class=\"wp-block-heading\">Altera\u00e7\u00e3o das Leis<\/h3>\n\n\n\n<h2 class=\"wp-block-heading\" style=\"text-transform:uppercase\"><a href=\"https:\/\/www.manaus.am.gov.br\/manaus-previdencia\/wp-content\/uploads\/sites\/19\/2023\/04\/ALTERACAO-DA-LEI-No-2.910-2022-1.pdf\" target=\"_blank\" rel=\"noreferrer noopener\">Lei n\u00ba 2.910\/2022, altera a Lei n\u00ba 2.419\/2019<\/a><\/h2>\n\n\n\n<h2 class=\"wp-block-heading\" style=\"text-transform:uppercase\"><a href=\"https:\/\/www.manaus.am.gov.br\/manaus-previdencia\/wp-content\/uploads\/sites\/19\/2023\/04\/Lei-no-2.742.2021-altera-Lei-870.2005-1.pdf\" target=\"_blank\" rel=\"noreferrer noopener\">Lei n\u00ba 2.742\/2021, altera a Lei n\u00ba 870\/2005<\/a><\/h2>\n\n\n\n<h2 class=\"wp-block-heading\" style=\"text-transform:uppercase\"><a href=\"https:\/\/www.manaus.am.gov.br\/manaus-previdencia\/wp-content\/uploads\/sites\/19\/2023\/04\/Lei-2.419.2019-atualizada-ate-lei-2.702.2020-.-1.pdf\" target=\"_blank\" rel=\"noreferrer noopener\">Lei Municipal n\u00ba 2.702\/2020, altera a lei n\u00ba 2.419\/2019<\/a><\/h2>\n\n\n\n<h2 class=\"wp-block-heading\" style=\"text-transform:uppercase\"><a href=\"https:\/\/www.manaus.am.gov.br\/manaus-previdencia\/wp-content\/uploads\/sites\/19\/2023\/04\/Lei-no-2.561.2019-altera-a-Lei-870.2005-1.pdf\" target=\"_blank\" rel=\"noreferrer noopener\">Lei n\u00b0 2.561\/2019, altera Lei n\u00b0870\/2005<\/a><\/h2>\n\n\n\n<h2 class=\"wp-block-heading\" style=\"text-transform:uppercase\"><a href=\"https:\/\/www.manaus.am.gov.br\/manaus-previdencia\/wp-content\/uploads\/sites\/19\/2023\/04\/Lei-no-2.229.2017-altera-a-Lei-870.2005-1.pdf\" target=\"_blank\" rel=\"noreferrer noopener\">Lei n\u00b0 2.229\/2017, altera Lei n\u00b0 870\/2005<\/a><\/h2>\n\n\n\n<h2 class=\"wp-block-heading\" style=\"text-transform:uppercase\"><a href=\"https:\/\/www.manaus.am.gov.br\/manaus-previdencia\/wp-content\/uploads\/sites\/19\/2023\/04\/lei-2081ok-1.pdf\" target=\"_blank\" rel=\"noreferrer noopener\">Lei n\u00ba 2.081, altera o artigo 12, o inciso VI do artigo 13 e o artigo 14, todos da Lei n. 870, de 21\/07\/05<\/a><\/h2>\n\n\n\n<h2 class=\"wp-block-heading\" style=\"text-transform:uppercase\"><a href=\"https:\/\/www.manaus.am.gov.br\/manaus-previdencia\/wp-content\/uploads\/sites\/19\/2023\/04\/Lei-no-1.900.2014-altera-a-Lei-no-870.2005.pdf\" target=\"_blank\" rel=\"noreferrer noopener\">Lei n\u00b01.900\/2014, acrescenta \u00a79\u00aa ao art. 13 na Lei n\u00b0 870\/2005<\/a><\/h2>\n\n\n\n<h2 class=\"wp-block-heading\" style=\"text-transform:uppercase\"><a href=\"https:\/\/www.manaus.am.gov.br\/manaus-previdencia\/wp-content\/uploads\/sites\/19\/2023\/04\/Lei-no-1.804.2013-altera-a-Lei-no-870.2005.pdf\" target=\"_blank\" rel=\"noreferrer noopener\">Lei n\u00b01.804\/2013, altera Lei n\u00b0870\/2005<\/a><\/h2>\n\n\n\n<h2 class=\"wp-block-heading\" style=\"text-transform:uppercase\"><a href=\"https:\/\/www.manaus.am.gov.br\/manaus-previdencia\/wp-content\/uploads\/sites\/19\/2023\/04\/Lei-no-1.724.2013-altera-a-Lei-870.2005.pdf\" target=\"_blank\" rel=\"noreferrer noopener\">Lei n\u00b01.724\/2013, altera a Lei n\u00b0 870\/2005<\/a><\/h2>\n\n\n\n<h2 class=\"wp-block-heading\" style=\"text-transform:uppercase\"><a href=\"https:\/\/www.manaus.am.gov.br\/manaus-previdencia\/wp-content\/uploads\/sites\/19\/2023\/04\/Lei15931.pdf\" target=\"_blank\" rel=\"noreferrer noopener\">Lei n\u00ba 1.593\/2011, altera o 2\u00b0 do artigo 30 da Lei n\u00b0 870\/2005<\/a><\/h2>\n\n\n\n<h2 class=\"wp-block-heading\" style=\"text-transform:uppercase\"><a href=\"https:\/\/www.manaus.am.gov.br\/manaus-previdencia\/wp-content\/uploads\/sites\/19\/2023\/04\/Lei1453.pdf\" target=\"_blank\" rel=\"noreferrer noopener\">Lei n\u00ba 1.453\/2010, acrescenta ao artigo 35 da Lei n\u00b0 870\/2005<\/a><\/h2>\n\n\n\n<h2 class=\"wp-block-heading\" style=\"text-transform:uppercase\"><a href=\"https:\/\/www.manaus.am.gov.br\/manaus-previdencia\/wp-content\/uploads\/sites\/19\/2023\/04\/Lei1346.pdf\" target=\"_blank\" rel=\"noreferrer noopener\">Lei n\u00ba 1.346\/2009, altera o artigo 128 da Lei n\u00b0 870\/2005<\/a><\/h2>\n\n\n\n<h2 class=\"wp-block-heading\" style=\"text-transform:uppercase\"><a href=\"https:\/\/www.manaus.am.gov.br\/manaus-previdencia\/wp-content\/uploads\/sites\/19\/2023\/04\/Lei-no-1.312.2009-altera-a-Lei-870.2005.pdf\" target=\"_blank\" rel=\"noreferrer noopener\">Lei n\u00b0 1.312\/2009, altera Lei n\u00b0 870\/2005<\/a><\/h2>\n\n\n\n<h2 class=\"wp-block-heading\" style=\"text-transform:uppercase\"><a href=\"https:\/\/www.manaus.am.gov.br\/manaus-previdencia\/wp-content\/uploads\/sites\/19\/2023\/04\/Lei-no-1.197.2007-altera-a-Lei-870.2005.pdf\" target=\"_blank\" rel=\"noreferrer noopener\">Lei n\u00b0 1.197\/2007, altera Lei n\u00b0 870\/2005<\/a><\/h2>\n\n\n\n<h2 class=\"wp-block-heading\" style=\"text-transform:uppercase\"><a href=\"https:\/\/www.manaus.am.gov.br\/manaus-previdencia\/wp-content\/uploads\/sites\/19\/2023\/04\/Lei11201.pdf\" target=\"_blank\" rel=\"noreferrer noopener\">Lei n\u00ba 1.120\/2007, altera os arts. 34 e 35 da Lei n\u00b0 870\/2005<\/a><\/h2>\n","protected":false},"excerpt":{"rendered":"","protected":false},"author":27,"featured_media":0,"parent":1050,"menu_order":7,"comment_status":"closed","ping_status":"closed","template":"templates\/turismo.php","meta":{"footnotes":""},"acf":[],"yoast_head":"<!-- This site is optimized with the Yoast SEO plugin v23.0 - https:\/\/yoast.com\/wordpress\/plugins\/seo\/ -->\n<title>Legisla\u00e7\u00e3o - Manaus Previd\u00eancia<\/title>\n<meta name=\"robots\" content=\"noindex, follow\" \/>\n<meta property=\"og:locale\" content=\"pt_BR\" \/>\n<meta property=\"og:type\" content=\"article\" \/>\n<meta property=\"og:title\" content=\"Legisla\u00e7\u00e3o - Manaus Previd\u00eancia\" \/>\n<meta property=\"og:url\" content=\"https:\/\/www.manaus.am.gov.br\/manaus-previdencia\/manaus-previdencia\/legislacao\/\" \/>\n<meta property=\"og:site_name\" content=\"Manaus Previd\u00eancia\" \/>\n<meta property=\"article:modified_time\" content=\"2023-12-05T21:26:58+00:00\" \/>\n<meta name=\"twitter:card\" content=\"summary_large_image\" \/>\n<meta name=\"twitter:label1\" content=\"Est. reading time\" \/>\n\t<meta name=\"twitter:data1\" content=\"3 minutos\" \/>\n<script type=\"application\/ld+json\" class=\"yoast-schema-graph\">{\"@context\":\"https:\/\/schema.org\",\"@graph\":[{\"@type\":\"WebPage\",\"@id\":\"https:\/\/www.manaus.am.gov.br\/manaus-previdencia\/manaus-previdencia\/legislacao\/\",\"url\":\"https:\/\/www.manaus.am.gov.br\/manaus-previdencia\/manaus-previdencia\/legislacao\/\",\"name\":\"Legisla\u00e7\u00e3o - Manaus Previd\u00eancia\",\"isPartOf\":{\"@id\":\"https:\/\/www.manaus.am.gov.br\/manaus-previdencia\/#website\"},\"datePublished\":\"2023-04-19T23:04:49+00:00\",\"dateModified\":\"2023-12-05T21:26:58+00:00\",\"breadcrumb\":{\"@id\":\"https:\/\/www.manaus.am.gov.br\/manaus-previdencia\/manaus-previdencia\/legislacao\/#breadcrumb\"},\"inLanguage\":\"pt-BR\",\"potentialAction\":[{\"@type\":\"ReadAction\",\"target\":[\"https:\/\/www.manaus.am.gov.br\/manaus-previdencia\/manaus-previdencia\/legislacao\/\"]}]},{\"@type\":\"BreadcrumbList\",\"@id\":\"https:\/\/www.manaus.am.gov.br\/manaus-previdencia\/manaus-previdencia\/legislacao\/#breadcrumb\",\"itemListElement\":[{\"@type\":\"ListItem\",\"position\":1,\"name\":\"Home\",\"item\":\"https:\/\/www.manaus.am.gov.br\/manaus-previdencia\/\"},{\"@type\":\"ListItem\",\"position\":2,\"name\":\"Manaus Previd\u00eancia\",\"item\":\"https:\/\/www.manaus.am.gov.br\/manaus-previdencia\/manaus-previdencia\/\"},{\"@type\":\"ListItem\",\"position\":3,\"name\":\"Legisla\u00e7\u00e3o\"}]},{\"@type\":\"WebSite\",\"@id\":\"https:\/\/www.manaus.am.gov.br\/manaus-previdencia\/#website\",\"url\":\"https:\/\/www.manaus.am.gov.br\/manaus-previdencia\/\",\"name\":\"Manaus Previd\u00eancia\",\"description\":\"Secretaria Municipal Manaus Previd\u00eancia\",\"potentialAction\":[{\"@type\":\"SearchAction\",\"target\":{\"@type\":\"EntryPoint\",\"urlTemplate\":\"https:\/\/www.manaus.am.gov.br\/manaus-previdencia\/?s={search_term_string}\"},\"query-input\":\"required name=search_term_string\"}],\"inLanguage\":\"pt-BR\"}]}<\/script>\n<!-- \/ Yoast SEO plugin. -->","yoast_head_json":{"title":"Legisla\u00e7\u00e3o - Manaus Previd\u00eancia","robots":{"index":"noindex","follow":"follow"},"og_locale":"pt_BR","og_type":"article","og_title":"Legisla\u00e7\u00e3o - Manaus Previd\u00eancia","og_url":"https:\/\/www.manaus.am.gov.br\/manaus-previdencia\/manaus-previdencia\/legislacao\/","og_site_name":"Manaus Previd\u00eancia","article_modified_time":"2023-12-05T21:26:58+00:00","twitter_card":"summary_large_image","twitter_misc":{"Est. reading time":"3 minutos"},"schema":{"@context":"https:\/\/schema.org","@graph":[{"@type":"WebPage","@id":"https:\/\/www.manaus.am.gov.br\/manaus-previdencia\/manaus-previdencia\/legislacao\/","url":"https:\/\/www.manaus.am.gov.br\/manaus-previdencia\/manaus-previdencia\/legislacao\/","name":"Legisla\u00e7\u00e3o - Manaus Previd\u00eancia","isPartOf":{"@id":"https:\/\/www.manaus.am.gov.br\/manaus-previdencia\/#website"},"datePublished":"2023-04-19T23:04:49+00:00","dateModified":"2023-12-05T21:26:58+00:00","breadcrumb":{"@id":"https:\/\/www.manaus.am.gov.br\/manaus-previdencia\/manaus-previdencia\/legislacao\/#breadcrumb"},"inLanguage":"pt-BR","potentialAction":[{"@type":"ReadAction","target":["https:\/\/www.manaus.am.gov.br\/manaus-previdencia\/manaus-previdencia\/legislacao\/"]}]},{"@type":"BreadcrumbList","@id":"https:\/\/www.manaus.am.gov.br\/manaus-previdencia\/manaus-previdencia\/legislacao\/#breadcrumb","itemListElement":[{"@type":"ListItem","position":1,"name":"Home","item":"https:\/\/www.manaus.am.gov.br\/manaus-previdencia\/"},{"@type":"ListItem","position":2,"name":"Manaus Previd\u00eancia","item":"https:\/\/www.manaus.am.gov.br\/manaus-previdencia\/manaus-previdencia\/"},{"@type":"ListItem","position":3,"name":"Legisla\u00e7\u00e3o"}]},{"@type":"WebSite","@id":"https:\/\/www.manaus.am.gov.br\/manaus-previdencia\/#website","url":"https:\/\/www.manaus.am.gov.br\/manaus-previdencia\/","name":"Manaus Previd\u00eancia","description":"Secretaria Municipal Manaus Previd\u00eancia","potentialAction":[{"@type":"SearchAction","target":{"@type":"EntryPoint","urlTemplate":"https:\/\/www.manaus.am.gov.br\/manaus-previdencia\/?s={search_term_string}"},"query-input":"required name=search_term_string"}],"inLanguage":"pt-BR"}]}},"_links":{"self":[{"href":"https:\/\/www.manaus.am.gov.br\/manaus-previdencia\/wp-json\/wp\/v2\/pages\/201"}],"collection":[{"href":"https:\/\/www.manaus.am.gov.br\/manaus-previdencia\/wp-json\/wp\/v2\/pages"}],"about":[{"href":"https:\/\/www.manaus.am.gov.br\/manaus-previdencia\/wp-json\/wp\/v2\/types\/page"}],"author":[{"embeddable":true,"href":"https:\/\/www.manaus.am.gov.br\/manaus-previdencia\/wp-json\/wp\/v2\/users\/27"}],"replies":[{"embeddable":true,"href":"https:\/\/www.manaus.am.gov.br\/manaus-previdencia\/wp-json\/wp\/v2\/comments?post=201"}],"version-history":[{"count":19,"href":"https:\/\/www.manaus.am.gov.br\/manaus-previdencia\/wp-json\/wp\/v2\/pages\/201\/revisions"}],"predecessor-version":[{"id":4866,"href":"https:\/\/www.manaus.am.gov.br\/manaus-previdencia\/wp-json\/wp\/v2\/pages\/201\/revisions\/4866"}],"up":[{"embeddable":true,"href":"https:\/\/www.manaus.am.gov.br\/manaus-previdencia\/wp-json\/wp\/v2\/pages\/1050"}],"wp:attachment":[{"href":"https:\/\/www.manaus.am.gov.br\/manaus-previdencia\/wp-json\/wp\/v2\/media?parent=201"}],"curies":[{"name":"wp","href":"https:\/\/api.w.org\/{rel}","templated":true}]}}