{"id":1981,"date":"2023-05-03T15:13:57","date_gmt":"2023-05-03T18:13:57","guid":{"rendered":"https:\/\/www.manaus.am.gov.br\/manaus-previdencia\/?page_id=1981"},"modified":"2023-05-16T11:09:05","modified_gmt":"2023-05-16T14:09:05","slug":"responsabilidade-previdenciaria-documentos-referentes-a-gestao-previdenciaria","status":"publish","type":"page","link":"https:\/\/www.manaus.am.gov.br\/manaus-previdencia\/responsabilidade-previdenciaria-documentos-referentes-a-gestao-previdenciaria\/","title":{"rendered":"RESPONSABILIDADE PREVIDENCI\u00c1RIA \u2013 DOCUMENTOS REFERENTES \u00c0 GEST\u00c3O PREVIDENCI\u00c1RIA"},"content":{"rendered":"\n<p><strong>ABIPEM \u2013&nbsp;<\/strong>Pr\u00eamio Destaque Brasil de Responsabilidade Previdenci\u00e1ria \/ GEST\u00c3O PREVIDENCI\u00c1RIA<\/p>\n\n\n\n<p><em>Listas de Documentos conforme respectiva categoria de GEST\u00c3O PREVIDENCI\u00c1RIA<\/em><\/p>\n\n\n\n<ol>\n<li><a href=\"https:\/\/manausprevidencia.manaus.am.gov.br\/wp-content\/uploads\/2023\/03\/ITEM-04.-PRO.AUDIN_.01-Atividades-de-Auditoria-Interna-v09_2022.pdf\" target=\"_blank\" rel=\"noreferrer noopener\">ITEM_04 PRO_AUDIN_01-Atividades_de_Auditoria_Interna-v09_2022<\/a><\/li>\n\n\n\n<li><a href=\"https:\/\/www.manaus.am.gov.br\/manaus-previdencia\/wp-content\/uploads\/sites\/19\/2023\/05\/ITEM-05.-Prazos-dos-Fluxos-Internos-Beneficios-para-insercao-no-Sisprev-21.11.2022.pdf\" target=\"_blank\" rel=\"noreferrer noopener\">ITEM_05 Prazos_dos_Fluxos_Internos-Beneficios-para_insercao_no_Sisprev_21_11_2022<\/a><\/li>\n\n\n\n<li><a href=\"https:\/\/www.manaus.am.gov.br\/manaus-previdencia\/wp-content\/uploads\/sites\/19\/2023\/05\/ITEM-06.-PRO.SATE_.01-Procedimentos-do-Atendimento-v22.-26.05.22..pdf\" target=\"_blank\" rel=\"noreferrer noopener\">ITEM_06 PRO_SATE_01-Procedimentos_do_Atendimento-v22_26_05_22<\/a><\/li>\n\n\n\n<li><a href=\"https:\/\/www.manaus.am.gov.br\/manaus-previdencia\/wp-content\/uploads\/sites\/19\/2023\/05\/ITEM-07.-PRO.SATE_.01-Procedimentos-do-Atendimento-v22.-26.05.22.pdf\" target=\"_blank\" rel=\"noreferrer noopener\">ITEM_07 PRO_SATE_01-Procedimentos_do_Atendimento-v22_26_05_22<\/a><\/li>\n\n\n\n<li><a href=\"https:\/\/www.manaus.am.gov.br\/manaus-previdencia\/wp-content\/uploads\/sites\/19\/2023\/05\/ITEM-10.-CTC-Teste-de-Veracidade.pdf\" target=\"_blank\" rel=\"noreferrer noopener\">ITEM_10 CTC-Teste_de_Veracidade<\/a><\/li>\n\n\n\n<li><a href=\"https:\/\/www.manaus.am.gov.br\/manaus-previdencia\/wp-content\/uploads\/sites\/19\/2023\/05\/ITEM-12.-Declaracao-que-atesta-a-Segregacao-de-Funcoes.pdf\" target=\"_blank\" rel=\"noreferrer noopener\">ITEM_12 Declara\u00e7\u00e3o que atesta a Segrega\u00e7\u00e3o de Fun\u00e7\u00f5es<\/a><\/li>\n\n\n\n<li><a href=\"https:\/\/www.manaus.am.gov.br\/manaus-previdencia\/wp-content\/uploads\/sites\/19\/2023\/05\/ITEM-14.1-Declaracao-do-gestor-Uso-de-Sistema-para-verificacao-de-Obito.pdf\" target=\"_blank\" rel=\"noreferrer noopener\">ITEM_14.1 Declaracao_do_gestor-Uso_de_Sistema_para_verificacao_de_obito<\/a><\/li>\n\n\n\n<li><a href=\"https:\/\/www.manaus.am.gov.br\/manaus-previdencia\/wp-content\/uploads\/sites\/19\/2023\/05\/ITEM-14.2-EXTRATO-DATAPREV-CONTRATO-022-2021.pdf\" target=\"_blank\" rel=\"noreferrer noopener\">ITEM_14.2 EXTRATO_DATAPREV-CONTRATO_022-2021<\/a><\/li>\n\n\n\n<li><a href=\"https:\/\/www.manaus.am.gov.br\/manaus-previdencia\/wp-content\/uploads\/sites\/19\/2023\/05\/ITEM-17.-Acompanhamento-de-restricoes-de-acumulacao-de-beneficios-previdenciarios-EC-103.2019.pdf\" target=\"_blank\" rel=\"noreferrer noopener\">ITEM_17. Realiza acompanhamento quanto as restricoes de acumulacao de beneficios previdenciarios previstas na EC 1032019<\/a><\/li>\n\n\n\n<li><a href=\"https:\/\/www.manaus.am.gov.br\/manaus-previdencia\/wp-content\/uploads\/sites\/19\/2023\/05\/ITEM-18.-Print-Servidor-da-Manausprev_Sistema-Comprev_logado_LAISE.pdf\" target=\"_blank\" rel=\"noreferrer noopener\">ITEM_18. Print Servidor da Manausprev_Sistema Comprev_logado<\/a><\/li>\n\n\n\n<li><a href=\"https:\/\/www.manaus.am.gov.br\/manaus-previdencia\/wp-content\/uploads\/sites\/19\/2023\/05\/ITEM-19.-Calendario-de-execucao-da-folha-de-pagamentos-2022.pdf\" target=\"_blank\" rel=\"noreferrer noopener\">ITEM_19. Calendario_de_execucao_da_folha_de_pagamentos_2022<\/a><\/li>\n\n\n\n<li><a href=\"https:\/\/www.manaus.am.gov.br\/manaus-previdencia\/wp-content\/uploads\/sites\/19\/2023\/05\/ITEM-20.1-Extrato_PFIN_2022.pdf\" target=\"_blank\" rel=\"noreferrer noopener\">ITEM_20.1 Extrato_PFIN_2022<\/a><\/li>\n\n\n\n<li><a href=\"https:\/\/www.manaus.am.gov.br\/manaus-previdencia\/wp-content\/uploads\/sites\/19\/2023\/05\/ITEM-20.2-Extrato_PPREV_2022.pdf\" target=\"_blank\" rel=\"noreferrer noopener\">ITEM_20.2 Extrato_PPREV_2022<\/a><\/li>\n\n\n\n<li><a href=\"https:\/\/www.manaus.am.gov.br\/manaus-previdencia\/wp-content\/uploads\/sites\/19\/2023\/05\/ITEM-20.3-CADPREV-no-02063_2017_17_03_23.pdf\" target=\"_blank\" rel=\"noreferrer noopener\">ITEM_20.3 CADPREV_no_02063_2017_17_03_23<\/a><\/li>\n\n\n\n<li><a href=\"https:\/\/www.manaus.am.gov.br\/manaus-previdencia\/wp-content\/uploads\/sites\/19\/2023\/05\/ITEM-20.4-CADPREV-no-01366_2017_17_03_23.pdf\" target=\"_blank\" rel=\"noreferrer noopener\">ITEM_20.4 CADPREV_no_01366_2017_17_03_23<\/a><\/li>\n\n\n\n<li><a href=\"https:\/\/www.manaus.am.gov.br\/manaus-previdencia\/wp-content\/uploads\/sites\/19\/2023\/05\/ITEM-20.5-CADPREV-no-01357_2017_17_03_23.pdf\" target=\"_blank\" rel=\"noreferrer noopener\">ITEM_20.5 CADPREV_no_01357_2017_17_03_23<\/a><\/li>\n\n\n\n<li><a href=\"https:\/\/www.manaus.am.gov.br\/manaus-previdencia\/wp-content\/uploads\/sites\/19\/2023\/05\/ITEM-20.6-CADPREV-no-01184_2013_17_03_23.pdf\" target=\"_blank\" rel=\"noreferrer noopener\">ITEM_20.6 CADPREV_no_01184_2013_17_03_23<\/a><\/li>\n\n\n\n<li><a href=\"https:\/\/www.manaus.am.gov.br\/manaus-previdencia\/wp-content\/uploads\/sites\/19\/2023\/05\/ITEM-20.7-CADPREV-no00562_2020_17_03_23.pdf\" target=\"_blank\" rel=\"noreferrer noopener\">ITEM_20.7 CADPREV_no_00562_2020_17_03_23<\/a><\/li>\n<\/ol>\n","protected":false},"excerpt":{"rendered":"","protected":false},"author":27,"featured_media":0,"parent":0,"menu_order":0,"comment_status":"closed","ping_status":"closed","template":"templates\/prefeitura.php","meta":{"footnotes":""},"acf":[],"yoast_head":"<!-- This site is optimized with the Yoast SEO plugin v23.0 - https:\/\/yoast.com\/wordpress\/plugins\/seo\/ -->\n<title>RESPONSABILIDADE PREVIDENCI\u00c1RIA \u2013 DOCUMENTOS REFERENTES \u00c0 GEST\u00c3O PREVIDENCI\u00c1RIA - Manaus Previd\u00eancia<\/title>\n<meta name=\"robots\" content=\"noindex, follow\" \/>\n<meta property=\"og:locale\" content=\"pt_BR\" \/>\n<meta property=\"og:type\" content=\"article\" \/>\n<meta property=\"og:title\" content=\"RESPONSABILIDADE PREVIDENCI\u00c1RIA \u2013 DOCUMENTOS REFERENTES \u00c0 GEST\u00c3O PREVIDENCI\u00c1RIA - Manaus Previd\u00eancia\" \/>\n<meta property=\"og:url\" content=\"https:\/\/www.manaus.am.gov.br\/manaus-previdencia\/responsabilidade-previdenciaria-documentos-referentes-a-gestao-previdenciaria\/\" \/>\n<meta property=\"og:site_name\" content=\"Manaus Previd\u00eancia\" \/>\n<meta property=\"article:modified_time\" content=\"2023-05-16T14:09:05+00:00\" \/>\n<meta name=\"twitter:card\" content=\"summary_large_image\" \/>\n<meta name=\"twitter:label1\" content=\"Est. reading time\" \/>\n\t<meta name=\"twitter:data1\" content=\"1 minuto\" \/>\n<script type=\"application\/ld+json\" class=\"yoast-schema-graph\">{\"@context\":\"https:\/\/schema.org\",\"@graph\":[{\"@type\":\"WebPage\",\"@id\":\"https:\/\/www.manaus.am.gov.br\/manaus-previdencia\/responsabilidade-previdenciaria-documentos-referentes-a-gestao-previdenciaria\/\",\"url\":\"https:\/\/www.manaus.am.gov.br\/manaus-previdencia\/responsabilidade-previdenciaria-documentos-referentes-a-gestao-previdenciaria\/\",\"name\":\"RESPONSABILIDADE PREVIDENCI\u00c1RIA \u2013 DOCUMENTOS REFERENTES \u00c0 GEST\u00c3O PREVIDENCI\u00c1RIA - Manaus Previd\u00eancia\",\"isPartOf\":{\"@id\":\"https:\/\/www.manaus.am.gov.br\/manaus-previdencia\/#website\"},\"datePublished\":\"2023-05-03T18:13:57+00:00\",\"dateModified\":\"2023-05-16T14:09:05+00:00\",\"breadcrumb\":{\"@id\":\"https:\/\/www.manaus.am.gov.br\/manaus-previdencia\/responsabilidade-previdenciaria-documentos-referentes-a-gestao-previdenciaria\/#breadcrumb\"},\"inLanguage\":\"pt-BR\",\"potentialAction\":[{\"@type\":\"ReadAction\",\"target\":[\"https:\/\/www.manaus.am.gov.br\/manaus-previdencia\/responsabilidade-previdenciaria-documentos-referentes-a-gestao-previdenciaria\/\"]}]},{\"@type\":\"BreadcrumbList\",\"@id\":\"https:\/\/www.manaus.am.gov.br\/manaus-previdencia\/responsabilidade-previdenciaria-documentos-referentes-a-gestao-previdenciaria\/#breadcrumb\",\"itemListElement\":[{\"@type\":\"ListItem\",\"position\":1,\"name\":\"Home\",\"item\":\"https:\/\/www.manaus.am.gov.br\/manaus-previdencia\/\"},{\"@type\":\"ListItem\",\"position\":2,\"name\":\"RESPONSABILIDADE PREVIDENCI\u00c1RIA \u2013 DOCUMENTOS REFERENTES \u00c0 GEST\u00c3O PREVIDENCI\u00c1RIA\"}]},{\"@type\":\"WebSite\",\"@id\":\"https:\/\/www.manaus.am.gov.br\/manaus-previdencia\/#website\",\"url\":\"https:\/\/www.manaus.am.gov.br\/manaus-previdencia\/\",\"name\":\"Manaus Previd\u00eancia\",\"description\":\"Secretaria Municipal Manaus Previd\u00eancia\",\"potentialAction\":[{\"@type\":\"SearchAction\",\"target\":{\"@type\":\"EntryPoint\",\"urlTemplate\":\"https:\/\/www.manaus.am.gov.br\/manaus-previdencia\/?s={search_term_string}\"},\"query-input\":\"required name=search_term_string\"}],\"inLanguage\":\"pt-BR\"}]}<\/script>\n<!-- \/ Yoast SEO plugin. -->","yoast_head_json":{"title":"RESPONSABILIDADE PREVIDENCI\u00c1RIA \u2013 DOCUMENTOS REFERENTES \u00c0 GEST\u00c3O PREVIDENCI\u00c1RIA - Manaus Previd\u00eancia","robots":{"index":"noindex","follow":"follow"},"og_locale":"pt_BR","og_type":"article","og_title":"RESPONSABILIDADE PREVIDENCI\u00c1RIA \u2013 DOCUMENTOS REFERENTES \u00c0 GEST\u00c3O PREVIDENCI\u00c1RIA - Manaus Previd\u00eancia","og_url":"https:\/\/www.manaus.am.gov.br\/manaus-previdencia\/responsabilidade-previdenciaria-documentos-referentes-a-gestao-previdenciaria\/","og_site_name":"Manaus Previd\u00eancia","article_modified_time":"2023-05-16T14:09:05+00:00","twitter_card":"summary_large_image","twitter_misc":{"Est. reading time":"1 minuto"},"schema":{"@context":"https:\/\/schema.org","@graph":[{"@type":"WebPage","@id":"https:\/\/www.manaus.am.gov.br\/manaus-previdencia\/responsabilidade-previdenciaria-documentos-referentes-a-gestao-previdenciaria\/","url":"https:\/\/www.manaus.am.gov.br\/manaus-previdencia\/responsabilidade-previdenciaria-documentos-referentes-a-gestao-previdenciaria\/","name":"RESPONSABILIDADE PREVIDENCI\u00c1RIA \u2013 DOCUMENTOS REFERENTES \u00c0 GEST\u00c3O PREVIDENCI\u00c1RIA - Manaus Previd\u00eancia","isPartOf":{"@id":"https:\/\/www.manaus.am.gov.br\/manaus-previdencia\/#website"},"datePublished":"2023-05-03T18:13:57+00:00","dateModified":"2023-05-16T14:09:05+00:00","breadcrumb":{"@id":"https:\/\/www.manaus.am.gov.br\/manaus-previdencia\/responsabilidade-previdenciaria-documentos-referentes-a-gestao-previdenciaria\/#breadcrumb"},"inLanguage":"pt-BR","potentialAction":[{"@type":"ReadAction","target":["https:\/\/www.manaus.am.gov.br\/manaus-previdencia\/responsabilidade-previdenciaria-documentos-referentes-a-gestao-previdenciaria\/"]}]},{"@type":"BreadcrumbList","@id":"https:\/\/www.manaus.am.gov.br\/manaus-previdencia\/responsabilidade-previdenciaria-documentos-referentes-a-gestao-previdenciaria\/#breadcrumb","itemListElement":[{"@type":"ListItem","position":1,"name":"Home","item":"https:\/\/www.manaus.am.gov.br\/manaus-previdencia\/"},{"@type":"ListItem","position":2,"name":"RESPONSABILIDADE PREVIDENCI\u00c1RIA \u2013 DOCUMENTOS REFERENTES \u00c0 GEST\u00c3O PREVIDENCI\u00c1RIA"}]},{"@type":"WebSite","@id":"https:\/\/www.manaus.am.gov.br\/manaus-previdencia\/#website","url":"https:\/\/www.manaus.am.gov.br\/manaus-previdencia\/","name":"Manaus Previd\u00eancia","description":"Secretaria Municipal Manaus Previd\u00eancia","potentialAction":[{"@type":"SearchAction","target":{"@type":"EntryPoint","urlTemplate":"https:\/\/www.manaus.am.gov.br\/manaus-previdencia\/?s={search_term_string}"},"query-input":"required name=search_term_string"}],"inLanguage":"pt-BR"}]}},"_links":{"self":[{"href":"https:\/\/www.manaus.am.gov.br\/manaus-previdencia\/wp-json\/wp\/v2\/pages\/1981"}],"collection":[{"href":"https:\/\/www.manaus.am.gov.br\/manaus-previdencia\/wp-json\/wp\/v2\/pages"}],"about":[{"href":"https:\/\/www.manaus.am.gov.br\/manaus-previdencia\/wp-json\/wp\/v2\/types\/page"}],"author":[{"embeddable":true,"href":"https:\/\/www.manaus.am.gov.br\/manaus-previdencia\/wp-json\/wp\/v2\/users\/27"}],"replies":[{"embeddable":true,"href":"https:\/\/www.manaus.am.gov.br\/manaus-previdencia\/wp-json\/wp\/v2\/comments?post=1981"}],"version-history":[{"count":2,"href":"https:\/\/www.manaus.am.gov.br\/manaus-previdencia\/wp-json\/wp\/v2\/pages\/1981\/revisions"}],"predecessor-version":[{"id":1985,"href":"https:\/\/www.manaus.am.gov.br\/manaus-previdencia\/wp-json\/wp\/v2\/pages\/1981\/revisions\/1985"}],"wp:attachment":[{"href":"https:\/\/www.manaus.am.gov.br\/manaus-previdencia\/wp-json\/wp\/v2\/media?parent=1981"}],"curies":[{"name":"wp","href":"https:\/\/api.w.org\/{rel}","templated":true}]}}