{"id":198,"date":"2023-04-19T19:46:15","date_gmt":"2023-04-19T22:46:15","guid":{"rendered":"https:\/\/www.manaus.am.gov.br\/manaus-previdencia\/?page_id=198"},"modified":"2023-12-29T14:10:22","modified_gmt":"2023-12-29T18:10:22","slug":"diretrizes-estrategicas","status":"publish","type":"page","link":"https:\/\/www.manaus.am.gov.br\/manaus-previdencia\/manaus-previdencia\/diretrizes-estrategicas\/","title":{"rendered":"Diretrizes Estrat\u00e9gicas"},"content":{"rendered":"\n<h2 class=\"wp-block-heading\">Miss\u00e3o<\/h2>\n\n\n\n<p>Assegurar os direitos previdenci\u00e1rios aos segurados e benefici\u00e1rios, observando os crit\u00e9rios que preservem o equil\u00edbrio financeiro e atuarial, contribuindo com a gest\u00e3o fiscal e respons\u00e1vel do Munic\u00edpio.<\/p>\n\n\n\n<h2 class=\"wp-block-heading\">Vis\u00e3o<\/h2>\n\n\n\n<p>Transformar a Manaus Previd\u00eancia em uma previd\u00eancia digital acess\u00edvel a todos os segurados e benefici\u00e1rios at\u00e9 2025.<\/p>\n\n\n\n<h2 class=\"wp-block-heading\">Valores<\/h2>\n\n\n\n<p>Transpar\u00eancia;<br>Respeito;<br>Probidade;<br>Razoabilidade;<br>Coopera\u00e7\u00e3o;<br>\u00c9tica;<br>Produtividade;<br>Bons Servi\u00e7os; e<br>Modernidade.<\/p>\n\n\n\n<h2 class=\"wp-block-heading\">Pol\u00edtica da Qualidade<\/h2>\n\n\n\n<p>Gerir com produtividade e bons servi\u00e7os a Previd\u00eancia Municipal, visando \u00e0 satisfa\u00e7\u00e3o dos segurados e benefici\u00e1rios, mediante \u00e0 execu\u00e7\u00e3o efetiva do plano de benef\u00edcios, melhorando continuamente os processos do Sistema de Gest\u00e3o da Qualidade em atendimento \u00e0s necessidades e expectativas das partes interessadas.<\/p>\n\n\n\n<h2 class=\"wp-block-heading\">Objetivos Estrat\u00e9gicos<\/h2>\n\n\n\n<ol>\n<li>Viabilizar com excel\u00eancia os direitos previdenci\u00e1rios aos segurados e benefici\u00e1rios;<\/li>\n\n\n\n<li>Promover a melhoria cont\u00ednua da qualidade dos servi\u00e7os previdenci\u00e1rios;<\/li>\n\n\n\n<li>Manter-se como institui\u00e7\u00e3o de refer\u00eancia nacional em gest\u00e3o previdenci\u00e1ria;<\/li>\n\n\n\n<li>Otimizar os processos final\u00edsticos, gerenciais e de apoio;<\/li>\n\n\n\n<li>Disseminar a Cultura Previdenci\u00e1ria entre os segurados e benefici\u00e1rios do RPPS Municipal;<\/li>\n\n\n\n<li>Qualificar, desenvolver e valorizar os servidores;<\/li>\n\n\n\n<li>Prover um ambiente tecnol\u00f3gico moderno, seguro e de alto desempenho;<\/li>\n\n\n\n<li>Fortalecer a imagem Institucional.<\/li>\n<\/ol>\n\n\n\n<p><\/p>\n\n\n\n<h2 class=\"wp-block-heading\">Objetivos da Qualidade<\/h2>\n\n\n\n<ol>\n<li>Assegurar a satisfa\u00e7\u00e3o dos segurados e benefici\u00e1rios.<\/li>\n\n\n\n<li>Assegurar a conformidade das informa\u00e7\u00f5es cadastrais dos segurados e benefici\u00e1rios.<\/li>\n\n\n\n<li>Garantir a celeridade dos tr\u00e2mites dos processos previdenci\u00e1rios.<\/li>\n\n\n\n<li>Assegurar a qualifica\u00e7\u00e3o e o aprimoramento da conscientiza\u00e7\u00e3o dos nossos servidores.<\/li>\n<\/ol>\n\n\n\n<div style=\"height:30px\" aria-hidden=\"true\" class=\"wp-block-spacer\"><\/div>\n\n\n\n<h3 class=\"wp-block-heading\"><a href=\"https:\/\/www.manaus.am.gov.br\/manaus-previdencia\/planejamento-estrategico-organizacional-peo-2016-2020\/\" target=\"_blank\" rel=\"noreferrer noopener\">Planejamento Estrat\u00e9gico Organizacional &#8211; PEO 2016-2020<\/a><\/h3>\n\n\n\n<h3 class=\"wp-block-heading\"><a href=\"https:\/\/www.manaus.am.gov.br\/manaus-previdencia\/wp-content\/uploads\/sites\/19\/2023\/12\/MAPA-ESTRATEGICO-REVISADO-EM-24-05-2022-1.pdf\" target=\"_blank\" rel=\"noreferrer noopener\">Mapa Estrat\u00e9gico \u2013 Manaus Previd\u00eancia 2021-2025<\/a><\/h3>\n\n\n\n<h3 class=\"wp-block-heading\"><a href=\"https:\/\/www.manaus.am.gov.br\/manaus-previdencia\/planejamento-estrategico-organizacional-peo-2021-2025\/\" target=\"_blank\" rel=\"noreferrer noopener\">Planejamento Estrat\u00e9gico 2021-2025<\/a><\/h3>\n\n\n\n<h3 class=\"wp-block-heading\"><a href=\"https:\/\/www.manaus.am.gov.br\/manaus-previdencia\/wp-content\/uploads\/sites\/19\/2023\/12\/4_Plano_de_Acao_Estrategico_2021-2025_v07_ano_2023_assinado.pdf\" target=\"_blank\" rel=\"noreferrer noopener\">Plano de A\u00e7\u00e3o Anual 2021-2025 (revis\u00e3o)<\/a><\/h3>\n","protected":false},"excerpt":{"rendered":"","protected":false},"author":27,"featured_media":0,"parent":1050,"menu_order":4,"comment_status":"closed","ping_status":"closed","template":"templates\/turismo.php","meta":{"footnotes":""},"acf":[],"yoast_head":"<!-- This site is optimized with the Yoast SEO plugin v23.0 - https:\/\/yoast.com\/wordpress\/plugins\/seo\/ -->\n<title>Diretrizes Estrat\u00e9gicas - Manaus Previd\u00eancia<\/title>\n<meta name=\"robots\" content=\"noindex, follow\" \/>\n<meta property=\"og:locale\" content=\"pt_BR\" \/>\n<meta property=\"og:type\" content=\"article\" \/>\n<meta property=\"og:title\" content=\"Diretrizes Estrat\u00e9gicas - Manaus Previd\u00eancia\" \/>\n<meta property=\"og:url\" content=\"https:\/\/www.manaus.am.gov.br\/manaus-previdencia\/manaus-previdencia\/diretrizes-estrategicas\/\" \/>\n<meta property=\"og:site_name\" content=\"Manaus Previd\u00eancia\" \/>\n<meta property=\"article:modified_time\" content=\"2023-12-29T18:10:22+00:00\" \/>\n<meta name=\"twitter:card\" content=\"summary_large_image\" \/>\n<meta name=\"twitter:label1\" content=\"Est. reading time\" \/>\n\t<meta name=\"twitter:data1\" content=\"2 minutos\" \/>\n<script type=\"application\/ld+json\" class=\"yoast-schema-graph\">{\"@context\":\"https:\/\/schema.org\",\"@graph\":[{\"@type\":\"WebPage\",\"@id\":\"https:\/\/www.manaus.am.gov.br\/manaus-previdencia\/manaus-previdencia\/diretrizes-estrategicas\/\",\"url\":\"https:\/\/www.manaus.am.gov.br\/manaus-previdencia\/manaus-previdencia\/diretrizes-estrategicas\/\",\"name\":\"Diretrizes Estrat\u00e9gicas - Manaus Previd\u00eancia\",\"isPartOf\":{\"@id\":\"https:\/\/www.manaus.am.gov.br\/manaus-previdencia\/#website\"},\"datePublished\":\"2023-04-19T22:46:15+00:00\",\"dateModified\":\"2023-12-29T18:10:22+00:00\",\"breadcrumb\":{\"@id\":\"https:\/\/www.manaus.am.gov.br\/manaus-previdencia\/manaus-previdencia\/diretrizes-estrategicas\/#breadcrumb\"},\"inLanguage\":\"pt-BR\",\"potentialAction\":[{\"@type\":\"ReadAction\",\"target\":[\"https:\/\/www.manaus.am.gov.br\/manaus-previdencia\/manaus-previdencia\/diretrizes-estrategicas\/\"]}]},{\"@type\":\"BreadcrumbList\",\"@id\":\"https:\/\/www.manaus.am.gov.br\/manaus-previdencia\/manaus-previdencia\/diretrizes-estrategicas\/#breadcrumb\",\"itemListElement\":[{\"@type\":\"ListItem\",\"position\":1,\"name\":\"Home\",\"item\":\"https:\/\/www.manaus.am.gov.br\/manaus-previdencia\/\"},{\"@type\":\"ListItem\",\"position\":2,\"name\":\"Manaus Previd\u00eancia\",\"item\":\"https:\/\/www.manaus.am.gov.br\/manaus-previdencia\/manaus-previdencia\/\"},{\"@type\":\"ListItem\",\"position\":3,\"name\":\"Diretrizes Estrat\u00e9gicas\"}]},{\"@type\":\"WebSite\",\"@id\":\"https:\/\/www.manaus.am.gov.br\/manaus-previdencia\/#website\",\"url\":\"https:\/\/www.manaus.am.gov.br\/manaus-previdencia\/\",\"name\":\"Manaus Previd\u00eancia\",\"description\":\"Secretaria Municipal Manaus Previd\u00eancia\",\"potentialAction\":[{\"@type\":\"SearchAction\",\"target\":{\"@type\":\"EntryPoint\",\"urlTemplate\":\"https:\/\/www.manaus.am.gov.br\/manaus-previdencia\/?s={search_term_string}\"},\"query-input\":\"required name=search_term_string\"}],\"inLanguage\":\"pt-BR\"}]}<\/script>\n<!-- \/ Yoast SEO plugin. -->","yoast_head_json":{"title":"Diretrizes Estrat\u00e9gicas - Manaus Previd\u00eancia","robots":{"index":"noindex","follow":"follow"},"og_locale":"pt_BR","og_type":"article","og_title":"Diretrizes Estrat\u00e9gicas - Manaus Previd\u00eancia","og_url":"https:\/\/www.manaus.am.gov.br\/manaus-previdencia\/manaus-previdencia\/diretrizes-estrategicas\/","og_site_name":"Manaus Previd\u00eancia","article_modified_time":"2023-12-29T18:10:22+00:00","twitter_card":"summary_large_image","twitter_misc":{"Est. reading time":"2 minutos"},"schema":{"@context":"https:\/\/schema.org","@graph":[{"@type":"WebPage","@id":"https:\/\/www.manaus.am.gov.br\/manaus-previdencia\/manaus-previdencia\/diretrizes-estrategicas\/","url":"https:\/\/www.manaus.am.gov.br\/manaus-previdencia\/manaus-previdencia\/diretrizes-estrategicas\/","name":"Diretrizes Estrat\u00e9gicas - Manaus Previd\u00eancia","isPartOf":{"@id":"https:\/\/www.manaus.am.gov.br\/manaus-previdencia\/#website"},"datePublished":"2023-04-19T22:46:15+00:00","dateModified":"2023-12-29T18:10:22+00:00","breadcrumb":{"@id":"https:\/\/www.manaus.am.gov.br\/manaus-previdencia\/manaus-previdencia\/diretrizes-estrategicas\/#breadcrumb"},"inLanguage":"pt-BR","potentialAction":[{"@type":"ReadAction","target":["https:\/\/www.manaus.am.gov.br\/manaus-previdencia\/manaus-previdencia\/diretrizes-estrategicas\/"]}]},{"@type":"BreadcrumbList","@id":"https:\/\/www.manaus.am.gov.br\/manaus-previdencia\/manaus-previdencia\/diretrizes-estrategicas\/#breadcrumb","itemListElement":[{"@type":"ListItem","position":1,"name":"Home","item":"https:\/\/www.manaus.am.gov.br\/manaus-previdencia\/"},{"@type":"ListItem","position":2,"name":"Manaus Previd\u00eancia","item":"https:\/\/www.manaus.am.gov.br\/manaus-previdencia\/manaus-previdencia\/"},{"@type":"ListItem","position":3,"name":"Diretrizes Estrat\u00e9gicas"}]},{"@type":"WebSite","@id":"https:\/\/www.manaus.am.gov.br\/manaus-previdencia\/#website","url":"https:\/\/www.manaus.am.gov.br\/manaus-previdencia\/","name":"Manaus Previd\u00eancia","description":"Secretaria Municipal Manaus Previd\u00eancia","potentialAction":[{"@type":"SearchAction","target":{"@type":"EntryPoint","urlTemplate":"https:\/\/www.manaus.am.gov.br\/manaus-previdencia\/?s={search_term_string}"},"query-input":"required name=search_term_string"}],"inLanguage":"pt-BR"}]}},"_links":{"self":[{"href":"https:\/\/www.manaus.am.gov.br\/manaus-previdencia\/wp-json\/wp\/v2\/pages\/198"}],"collection":[{"href":"https:\/\/www.manaus.am.gov.br\/manaus-previdencia\/wp-json\/wp\/v2\/pages"}],"about":[{"href":"https:\/\/www.manaus.am.gov.br\/manaus-previdencia\/wp-json\/wp\/v2\/types\/page"}],"author":[{"embeddable":true,"href":"https:\/\/www.manaus.am.gov.br\/manaus-previdencia\/wp-json\/wp\/v2\/users\/27"}],"replies":[{"embeddable":true,"href":"https:\/\/www.manaus.am.gov.br\/manaus-previdencia\/wp-json\/wp\/v2\/comments?post=198"}],"version-history":[{"count":16,"href":"https:\/\/www.manaus.am.gov.br\/manaus-previdencia\/wp-json\/wp\/v2\/pages\/198\/revisions"}],"predecessor-version":[{"id":5623,"href":"https:\/\/www.manaus.am.gov.br\/manaus-previdencia\/wp-json\/wp\/v2\/pages\/198\/revisions\/5623"}],"up":[{"embeddable":true,"href":"https:\/\/www.manaus.am.gov.br\/manaus-previdencia\/wp-json\/wp\/v2\/pages\/1050"}],"wp:attachment":[{"href":"https:\/\/www.manaus.am.gov.br\/manaus-previdencia\/wp-json\/wp\/v2\/media?parent=198"}],"curies":[{"name":"wp","href":"https:\/\/api.w.org\/{rel}","templated":true}]}}