{"id":1957,"date":"2023-05-03T15:11:24","date_gmt":"2023-05-03T18:11:24","guid":{"rendered":"https:\/\/www.manaus.am.gov.br\/manaus-previdencia\/?page_id=1957"},"modified":"2023-05-16T11:08:29","modified_gmt":"2023-05-16T14:08:29","slug":"responsabilidade-previdenciaria-documentos-referentes-a-gestao-financeira-e-atuarial","status":"publish","type":"page","link":"https:\/\/www.manaus.am.gov.br\/manaus-previdencia\/responsabilidade-previdenciaria-documentos-referentes-a-gestao-financeira-e-atuarial\/","title":{"rendered":"RESPONSABILIDADE PREVIDENCI\u00c1RIA \u2013 DOCUMENTOS REFERENTES \u00c0 GEST\u00c3O FINANCEIRA E ATUARIAL"},"content":{"rendered":"\n<p><strong>ABIPEM \u2013&nbsp;<\/strong>Pr\u00eamio Destaque Brasil de Responsabilidade Previdenci\u00e1ria \/ GEST\u00c3O FINANCEIRA E ATUARIAL<\/p>\n\n\n\n<p><em>Listas de Documentos conforme respectiva categoria de GEST\u00c3O FINANCEIRA E ATUARIAL<\/em><\/p>\n\n\n\n<ol>\n<li><a href=\"https:\/\/www.manaus.am.gov.br\/manaus-previdencia\/wp-content\/uploads\/sites\/19\/2023\/05\/ITEM_01_COMPOSICAO_DO_COMINV.pdf\" target=\"_blank\" rel=\"noreferrer noopener\">ITEM 01. Composi\u00e7\u00e3o do COMINV<\/a><\/li>\n\n\n\n<li><a href=\"https:\/\/www.manaus.am.gov.br\/manaus-previdencia\/wp-content\/uploads\/sites\/19\/2023\/05\/ITEM_17__DRAA_do_exercicio_enviado_via_CADPREV_no_prazo_legal.pdf\" target=\"_blank\" rel=\"noreferrer noopener\">ITEM 17. DRAA do exerc\u00edcio enviado via CADPREV no prazo legal<\/a><\/li>\n\n\n\n<li><a href=\"https:\/\/www.manaus.am.gov.br\/manaus-previdencia\/wp-content\/uploads\/sites\/19\/2023\/05\/ITEM_18_Ato_de_Nomeacao_do_CONTADOR-1.pdf\" target=\"_blank\" rel=\"noreferrer noopener\">ITEM 18. Relat\u00f3rio de gest\u00e3o atuarial \u2013 RAA \u2013 MANAUS \u2013 4\u00ba trimestre 2022<\/a><\/li>\n\n\n\n<li><a href=\"https:\/\/www.manaus.am.gov.br\/manaus-previdencia\/wp-content\/uploads\/sites\/19\/2023\/05\/ITEM_20__Protocolizacao_tempestiva_do_DIPR.pdf\" target=\"_blank\" rel=\"noreferrer noopener\">ITEM 20. Protocoliza\u00e7\u00e3o tempestiva do DIPR<\/a><\/li>\n<\/ol>\n","protected":false},"excerpt":{"rendered":"","protected":false},"author":27,"featured_media":0,"parent":0,"menu_order":0,"comment_status":"closed","ping_status":"closed","template":"templates\/prefeitura.php","meta":{"footnotes":""},"acf":[],"yoast_head":"<!-- This site is optimized with the Yoast SEO plugin v23.0 - https:\/\/yoast.com\/wordpress\/plugins\/seo\/ -->\n<title>RESPONSABILIDADE PREVIDENCI\u00c1RIA \u2013 DOCUMENTOS REFERENTES \u00c0 GEST\u00c3O FINANCEIRA E ATUARIAL - Manaus Previd\u00eancia<\/title>\n<meta name=\"robots\" content=\"noindex, follow\" \/>\n<meta property=\"og:locale\" content=\"pt_BR\" \/>\n<meta property=\"og:type\" content=\"article\" \/>\n<meta property=\"og:title\" content=\"RESPONSABILIDADE PREVIDENCI\u00c1RIA \u2013 DOCUMENTOS REFERENTES \u00c0 GEST\u00c3O FINANCEIRA E ATUARIAL - Manaus Previd\u00eancia\" \/>\n<meta property=\"og:url\" content=\"https:\/\/www.manaus.am.gov.br\/manaus-previdencia\/responsabilidade-previdenciaria-documentos-referentes-a-gestao-financeira-e-atuarial\/\" \/>\n<meta property=\"og:site_name\" content=\"Manaus Previd\u00eancia\" \/>\n<meta property=\"article:modified_time\" content=\"2023-05-16T14:08:29+00:00\" \/>\n<meta name=\"twitter:card\" content=\"summary_large_image\" \/>\n<meta name=\"twitter:label1\" content=\"Est. reading time\" \/>\n\t<meta name=\"twitter:data1\" content=\"1 minuto\" \/>\n<script type=\"application\/ld+json\" class=\"yoast-schema-graph\">{\"@context\":\"https:\/\/schema.org\",\"@graph\":[{\"@type\":\"WebPage\",\"@id\":\"https:\/\/www.manaus.am.gov.br\/manaus-previdencia\/responsabilidade-previdenciaria-documentos-referentes-a-gestao-financeira-e-atuarial\/\",\"url\":\"https:\/\/www.manaus.am.gov.br\/manaus-previdencia\/responsabilidade-previdenciaria-documentos-referentes-a-gestao-financeira-e-atuarial\/\",\"name\":\"RESPONSABILIDADE PREVIDENCI\u00c1RIA \u2013 DOCUMENTOS REFERENTES \u00c0 GEST\u00c3O FINANCEIRA E ATUARIAL - Manaus Previd\u00eancia\",\"isPartOf\":{\"@id\":\"https:\/\/www.manaus.am.gov.br\/manaus-previdencia\/#website\"},\"datePublished\":\"2023-05-03T18:11:24+00:00\",\"dateModified\":\"2023-05-16T14:08:29+00:00\",\"breadcrumb\":{\"@id\":\"https:\/\/www.manaus.am.gov.br\/manaus-previdencia\/responsabilidade-previdenciaria-documentos-referentes-a-gestao-financeira-e-atuarial\/#breadcrumb\"},\"inLanguage\":\"pt-BR\",\"potentialAction\":[{\"@type\":\"ReadAction\",\"target\":[\"https:\/\/www.manaus.am.gov.br\/manaus-previdencia\/responsabilidade-previdenciaria-documentos-referentes-a-gestao-financeira-e-atuarial\/\"]}]},{\"@type\":\"BreadcrumbList\",\"@id\":\"https:\/\/www.manaus.am.gov.br\/manaus-previdencia\/responsabilidade-previdenciaria-documentos-referentes-a-gestao-financeira-e-atuarial\/#breadcrumb\",\"itemListElement\":[{\"@type\":\"ListItem\",\"position\":1,\"name\":\"Home\",\"item\":\"https:\/\/www.manaus.am.gov.br\/manaus-previdencia\/\"},{\"@type\":\"ListItem\",\"position\":2,\"name\":\"RESPONSABILIDADE PREVIDENCI\u00c1RIA \u2013 DOCUMENTOS REFERENTES \u00c0 GEST\u00c3O FINANCEIRA E ATUARIAL\"}]},{\"@type\":\"WebSite\",\"@id\":\"https:\/\/www.manaus.am.gov.br\/manaus-previdencia\/#website\",\"url\":\"https:\/\/www.manaus.am.gov.br\/manaus-previdencia\/\",\"name\":\"Manaus Previd\u00eancia\",\"description\":\"Secretaria Municipal Manaus Previd\u00eancia\",\"potentialAction\":[{\"@type\":\"SearchAction\",\"target\":{\"@type\":\"EntryPoint\",\"urlTemplate\":\"https:\/\/www.manaus.am.gov.br\/manaus-previdencia\/?s={search_term_string}\"},\"query-input\":\"required name=search_term_string\"}],\"inLanguage\":\"pt-BR\"}]}<\/script>\n<!-- \/ Yoast SEO plugin. -->","yoast_head_json":{"title":"RESPONSABILIDADE PREVIDENCI\u00c1RIA \u2013 DOCUMENTOS REFERENTES \u00c0 GEST\u00c3O FINANCEIRA E ATUARIAL - Manaus Previd\u00eancia","robots":{"index":"noindex","follow":"follow"},"og_locale":"pt_BR","og_type":"article","og_title":"RESPONSABILIDADE PREVIDENCI\u00c1RIA \u2013 DOCUMENTOS REFERENTES \u00c0 GEST\u00c3O FINANCEIRA E ATUARIAL - Manaus Previd\u00eancia","og_url":"https:\/\/www.manaus.am.gov.br\/manaus-previdencia\/responsabilidade-previdenciaria-documentos-referentes-a-gestao-financeira-e-atuarial\/","og_site_name":"Manaus Previd\u00eancia","article_modified_time":"2023-05-16T14:08:29+00:00","twitter_card":"summary_large_image","twitter_misc":{"Est. reading time":"1 minuto"},"schema":{"@context":"https:\/\/schema.org","@graph":[{"@type":"WebPage","@id":"https:\/\/www.manaus.am.gov.br\/manaus-previdencia\/responsabilidade-previdenciaria-documentos-referentes-a-gestao-financeira-e-atuarial\/","url":"https:\/\/www.manaus.am.gov.br\/manaus-previdencia\/responsabilidade-previdenciaria-documentos-referentes-a-gestao-financeira-e-atuarial\/","name":"RESPONSABILIDADE PREVIDENCI\u00c1RIA \u2013 DOCUMENTOS REFERENTES \u00c0 GEST\u00c3O FINANCEIRA E ATUARIAL - Manaus Previd\u00eancia","isPartOf":{"@id":"https:\/\/www.manaus.am.gov.br\/manaus-previdencia\/#website"},"datePublished":"2023-05-03T18:11:24+00:00","dateModified":"2023-05-16T14:08:29+00:00","breadcrumb":{"@id":"https:\/\/www.manaus.am.gov.br\/manaus-previdencia\/responsabilidade-previdenciaria-documentos-referentes-a-gestao-financeira-e-atuarial\/#breadcrumb"},"inLanguage":"pt-BR","potentialAction":[{"@type":"ReadAction","target":["https:\/\/www.manaus.am.gov.br\/manaus-previdencia\/responsabilidade-previdenciaria-documentos-referentes-a-gestao-financeira-e-atuarial\/"]}]},{"@type":"BreadcrumbList","@id":"https:\/\/www.manaus.am.gov.br\/manaus-previdencia\/responsabilidade-previdenciaria-documentos-referentes-a-gestao-financeira-e-atuarial\/#breadcrumb","itemListElement":[{"@type":"ListItem","position":1,"name":"Home","item":"https:\/\/www.manaus.am.gov.br\/manaus-previdencia\/"},{"@type":"ListItem","position":2,"name":"RESPONSABILIDADE PREVIDENCI\u00c1RIA \u2013 DOCUMENTOS REFERENTES \u00c0 GEST\u00c3O FINANCEIRA E ATUARIAL"}]},{"@type":"WebSite","@id":"https:\/\/www.manaus.am.gov.br\/manaus-previdencia\/#website","url":"https:\/\/www.manaus.am.gov.br\/manaus-previdencia\/","name":"Manaus Previd\u00eancia","description":"Secretaria Municipal Manaus Previd\u00eancia","potentialAction":[{"@type":"SearchAction","target":{"@type":"EntryPoint","urlTemplate":"https:\/\/www.manaus.am.gov.br\/manaus-previdencia\/?s={search_term_string}"},"query-input":"required name=search_term_string"}],"inLanguage":"pt-BR"}]}},"_links":{"self":[{"href":"https:\/\/www.manaus.am.gov.br\/manaus-previdencia\/wp-json\/wp\/v2\/pages\/1957"}],"collection":[{"href":"https:\/\/www.manaus.am.gov.br\/manaus-previdencia\/wp-json\/wp\/v2\/pages"}],"about":[{"href":"https:\/\/www.manaus.am.gov.br\/manaus-previdencia\/wp-json\/wp\/v2\/types\/page"}],"author":[{"embeddable":true,"href":"https:\/\/www.manaus.am.gov.br\/manaus-previdencia\/wp-json\/wp\/v2\/users\/27"}],"replies":[{"embeddable":true,"href":"https:\/\/www.manaus.am.gov.br\/manaus-previdencia\/wp-json\/wp\/v2\/comments?post=1957"}],"version-history":[{"count":1,"href":"https:\/\/www.manaus.am.gov.br\/manaus-previdencia\/wp-json\/wp\/v2\/pages\/1957\/revisions"}],"predecessor-version":[{"id":1980,"href":"https:\/\/www.manaus.am.gov.br\/manaus-previdencia\/wp-json\/wp\/v2\/pages\/1957\/revisions\/1980"}],"wp:attachment":[{"href":"https:\/\/www.manaus.am.gov.br\/manaus-previdencia\/wp-json\/wp\/v2\/media?parent=1957"}],"curies":[{"name":"wp","href":"https:\/\/api.w.org\/{rel}","templated":true}]}}