{"id":186,"date":"2023-04-19T17:52:24","date_gmt":"2023-04-19T20:52:24","guid":{"rendered":"https:\/\/www.manaus.am.gov.br\/manaus-previdencia\/?page_id=186"},"modified":"2023-12-06T08:56:29","modified_gmt":"2023-12-06T12:56:29","slug":"sobre-rpc","status":"publish","type":"page","link":"https:\/\/www.manaus.am.gov.br\/manaus-previdencia\/previdencia-complementar\/sobre-rpc\/","title":{"rendered":"Sobre"},"content":{"rendered":"\n<p>O Regime de Previd\u00eancia Complementar, RPC, objetiva complementar a renda do servidor, no momento de sua aposentadoria, de acordo com a Emenda Constitucional N\u00ba 103, de 12 de Novembro de 2019.<\/p>\n\n\n\n<p>A institui\u00e7\u00e3o do Regime de Previd\u00eancia Complementar deve ser feita por todos os Entes Federativos que possuam Regime Pr\u00f3prio de Previd\u00eancia Social (RPPS), at\u00e9 novembro de 2021. Para isso, a Prefeitura de Manaus, atrav\u00e9s do Decreto n0 5.072, de 30 de abril de 2021, criou a Comiss\u00e3o de Estudos do Regime de Previd\u00eancia Complementar (CERPC) do Munic\u00edpio.<\/p>\n\n\n\n<p>Portanto, o Munic\u00edpio de Manaus vai instituir seu RPC no segundo semestre de 2021, por meio de um Projeto de Lei do Executivo que ser\u00e1 apreciado pela C\u00e2mara Municipal de Manaus (CMM). Esta ser\u00e1 mais uma op\u00e7\u00e3o aos servidores do munic\u00edpio que estejam pensando no futuro e queiram complementar sua<br>aposentadoria.<\/p>\n\n\n\n<p>Caso a exig\u00eancia seja descumprida, o munic\u00edpio de Manaus n\u00e3o renovar\u00e1 o Certificado de Regularidade Previdenci\u00e1ria, que o impede de receber recursos volunt\u00e1rios da Uni\u00e3o, contrair empr\u00e9stimos, fazer conv\u00eanios, prejudicando o funcionamento do munic\u00edpio.<\/p>\n\n\n\n<h2 class=\"wp-block-heading\">Importante destacar:<\/h2>\n\n\n\n<p><strong>1) Obriga\u00e7\u00e3o Constitucional<\/strong><br>A institui\u00e7\u00e3o do Regime de Previd\u00eancia Complementar (RPC) pelo Munic\u00edpio \u00e9 uma obrigatoriedade que  nasceu da Reforma da Previd\u00eancia.<\/p>\n\n\n\n<p><strong>2)<\/strong> <strong>Car\u00e1ter facultativo<\/strong><br>Sua ades\u00e3o n\u00e3o \u00e9 obrigat\u00f3ria. Os servidores far\u00e3o a op\u00e7\u00e3o por aderir ou n\u00e3o ao RPC.<\/p>\n\n\n\n<p><strong>3)<\/strong> <strong>P\u00fablico-alvo<\/strong><br>Novos servidores do Munic\u00edpio que ingressarem no servi\u00e7o p\u00fablico municipal a partir da data da institui\u00e7\u00e3o do RPC.<\/p>\n\n\n\n<p><strong>4) Vig\u00eancia<\/strong><br>O RPC entrar\u00e1 em vigor assim que for publicada a autoriza\u00e7\u00e3o pelo \u00d3rg\u00e3o Fiscalizador do Conv\u00eanio de Ades\u00e3o do patrocinador com a entidade fechada de previd\u00eancia complementar (EFPC), a ser selecionada pelo munic\u00edpio em breve.<\/p>\n","protected":false},"excerpt":{"rendered":"","protected":false},"author":27,"featured_media":0,"parent":4899,"menu_order":0,"comment_status":"closed","ping_status":"closed","template":"templates\/turismo.php","meta":{"footnotes":""},"acf":[],"yoast_head":"<!-- This site is optimized with the Yoast SEO plugin v23.0 - https:\/\/yoast.com\/wordpress\/plugins\/seo\/ -->\n<title>Sobre - Manaus Previd\u00eancia<\/title>\n<meta name=\"robots\" content=\"noindex, follow\" \/>\n<meta property=\"og:locale\" content=\"pt_BR\" \/>\n<meta property=\"og:type\" content=\"article\" \/>\n<meta property=\"og:title\" content=\"Sobre - Manaus Previd\u00eancia\" \/>\n<meta property=\"og:url\" content=\"https:\/\/www.manaus.am.gov.br\/manaus-previdencia\/previdencia-complementar\/sobre-rpc\/\" \/>\n<meta property=\"og:site_name\" content=\"Manaus Previd\u00eancia\" \/>\n<meta property=\"article:modified_time\" content=\"2023-12-06T12:56:29+00:00\" \/>\n<meta name=\"twitter:card\" content=\"summary_large_image\" \/>\n<meta name=\"twitter:label1\" content=\"Est. reading time\" \/>\n\t<meta name=\"twitter:data1\" content=\"2 minutos\" \/>\n<script type=\"application\/ld+json\" class=\"yoast-schema-graph\">{\"@context\":\"https:\/\/schema.org\",\"@graph\":[{\"@type\":\"WebPage\",\"@id\":\"https:\/\/www.manaus.am.gov.br\/manaus-previdencia\/previdencia-complementar\/sobre-rpc\/\",\"url\":\"https:\/\/www.manaus.am.gov.br\/manaus-previdencia\/previdencia-complementar\/sobre-rpc\/\",\"name\":\"Sobre - Manaus Previd\u00eancia\",\"isPartOf\":{\"@id\":\"https:\/\/www.manaus.am.gov.br\/manaus-previdencia\/#website\"},\"datePublished\":\"2023-04-19T20:52:24+00:00\",\"dateModified\":\"2023-12-06T12:56:29+00:00\",\"breadcrumb\":{\"@id\":\"https:\/\/www.manaus.am.gov.br\/manaus-previdencia\/previdencia-complementar\/sobre-rpc\/#breadcrumb\"},\"inLanguage\":\"pt-BR\",\"potentialAction\":[{\"@type\":\"ReadAction\",\"target\":[\"https:\/\/www.manaus.am.gov.br\/manaus-previdencia\/previdencia-complementar\/sobre-rpc\/\"]}]},{\"@type\":\"BreadcrumbList\",\"@id\":\"https:\/\/www.manaus.am.gov.br\/manaus-previdencia\/previdencia-complementar\/sobre-rpc\/#breadcrumb\",\"itemListElement\":[{\"@type\":\"ListItem\",\"position\":1,\"name\":\"Home\",\"item\":\"https:\/\/www.manaus.am.gov.br\/manaus-previdencia\/\"},{\"@type\":\"ListItem\",\"position\":2,\"name\":\"Previd\u00eancia Complementar\",\"item\":\"https:\/\/www.manaus.am.gov.br\/manaus-previdencia\/previdencia-complementar\/\"},{\"@type\":\"ListItem\",\"position\":3,\"name\":\"Sobre\"}]},{\"@type\":\"WebSite\",\"@id\":\"https:\/\/www.manaus.am.gov.br\/manaus-previdencia\/#website\",\"url\":\"https:\/\/www.manaus.am.gov.br\/manaus-previdencia\/\",\"name\":\"Manaus Previd\u00eancia\",\"description\":\"Secretaria Municipal Manaus Previd\u00eancia\",\"potentialAction\":[{\"@type\":\"SearchAction\",\"target\":{\"@type\":\"EntryPoint\",\"urlTemplate\":\"https:\/\/www.manaus.am.gov.br\/manaus-previdencia\/?s={search_term_string}\"},\"query-input\":\"required name=search_term_string\"}],\"inLanguage\":\"pt-BR\"}]}<\/script>\n<!-- \/ Yoast SEO plugin. -->","yoast_head_json":{"title":"Sobre - Manaus Previd\u00eancia","robots":{"index":"noindex","follow":"follow"},"og_locale":"pt_BR","og_type":"article","og_title":"Sobre - Manaus Previd\u00eancia","og_url":"https:\/\/www.manaus.am.gov.br\/manaus-previdencia\/previdencia-complementar\/sobre-rpc\/","og_site_name":"Manaus Previd\u00eancia","article_modified_time":"2023-12-06T12:56:29+00:00","twitter_card":"summary_large_image","twitter_misc":{"Est. reading time":"2 minutos"},"schema":{"@context":"https:\/\/schema.org","@graph":[{"@type":"WebPage","@id":"https:\/\/www.manaus.am.gov.br\/manaus-previdencia\/previdencia-complementar\/sobre-rpc\/","url":"https:\/\/www.manaus.am.gov.br\/manaus-previdencia\/previdencia-complementar\/sobre-rpc\/","name":"Sobre - Manaus Previd\u00eancia","isPartOf":{"@id":"https:\/\/www.manaus.am.gov.br\/manaus-previdencia\/#website"},"datePublished":"2023-04-19T20:52:24+00:00","dateModified":"2023-12-06T12:56:29+00:00","breadcrumb":{"@id":"https:\/\/www.manaus.am.gov.br\/manaus-previdencia\/previdencia-complementar\/sobre-rpc\/#breadcrumb"},"inLanguage":"pt-BR","potentialAction":[{"@type":"ReadAction","target":["https:\/\/www.manaus.am.gov.br\/manaus-previdencia\/previdencia-complementar\/sobre-rpc\/"]}]},{"@type":"BreadcrumbList","@id":"https:\/\/www.manaus.am.gov.br\/manaus-previdencia\/previdencia-complementar\/sobre-rpc\/#breadcrumb","itemListElement":[{"@type":"ListItem","position":1,"name":"Home","item":"https:\/\/www.manaus.am.gov.br\/manaus-previdencia\/"},{"@type":"ListItem","position":2,"name":"Previd\u00eancia Complementar","item":"https:\/\/www.manaus.am.gov.br\/manaus-previdencia\/previdencia-complementar\/"},{"@type":"ListItem","position":3,"name":"Sobre"}]},{"@type":"WebSite","@id":"https:\/\/www.manaus.am.gov.br\/manaus-previdencia\/#website","url":"https:\/\/www.manaus.am.gov.br\/manaus-previdencia\/","name":"Manaus Previd\u00eancia","description":"Secretaria Municipal Manaus Previd\u00eancia","potentialAction":[{"@type":"SearchAction","target":{"@type":"EntryPoint","urlTemplate":"https:\/\/www.manaus.am.gov.br\/manaus-previdencia\/?s={search_term_string}"},"query-input":"required name=search_term_string"}],"inLanguage":"pt-BR"}]}},"_links":{"self":[{"href":"https:\/\/www.manaus.am.gov.br\/manaus-previdencia\/wp-json\/wp\/v2\/pages\/186"}],"collection":[{"href":"https:\/\/www.manaus.am.gov.br\/manaus-previdencia\/wp-json\/wp\/v2\/pages"}],"about":[{"href":"https:\/\/www.manaus.am.gov.br\/manaus-previdencia\/wp-json\/wp\/v2\/types\/page"}],"author":[{"embeddable":true,"href":"https:\/\/www.manaus.am.gov.br\/manaus-previdencia\/wp-json\/wp\/v2\/users\/27"}],"replies":[{"embeddable":true,"href":"https:\/\/www.manaus.am.gov.br\/manaus-previdencia\/wp-json\/wp\/v2\/comments?post=186"}],"version-history":[{"count":7,"href":"https:\/\/www.manaus.am.gov.br\/manaus-previdencia\/wp-json\/wp\/v2\/pages\/186\/revisions"}],"predecessor-version":[{"id":4898,"href":"https:\/\/www.manaus.am.gov.br\/manaus-previdencia\/wp-json\/wp\/v2\/pages\/186\/revisions\/4898"}],"up":[{"embeddable":true,"href":"https:\/\/www.manaus.am.gov.br\/manaus-previdencia\/wp-json\/wp\/v2\/pages\/4899"}],"wp:attachment":[{"href":"https:\/\/www.manaus.am.gov.br\/manaus-previdencia\/wp-json\/wp\/v2\/media?parent=186"}],"curies":[{"name":"wp","href":"https:\/\/api.w.org\/{rel}","templated":true}]}}