{"id":1774,"date":"2023-05-02T12:11:35","date_gmt":"2023-05-02T15:11:35","guid":{"rendered":"https:\/\/www.manaus.am.gov.br\/manaus-previdencia\/?page_id=1774"},"modified":"2023-12-06T15:06:23","modified_gmt":"2023-12-06T19:06:23","slug":"audiencias-publicas-rpc","status":"publish","type":"page","link":"https:\/\/www.manaus.am.gov.br\/manaus-previdencia\/previdencia-complementar\/audiencias-publicas-rpc\/","title":{"rendered":"Audi\u00eancias P\u00fablicas"},"content":{"rendered":"\n<figure class=\"wp-block-embed is-type-video is-provider-youtube wp-block-embed-youtube border p-3 wp-embed-aspect-16-9 wp-has-aspect-ratio\"><div class=\"wp-block-embed__wrapper\">\n<iframe loading=\"lazy\" title=\"Audi\u00eancia p\u00fablica municipal sobre o Regime de Previd\u00eancia Complementar\" width=\"500\" height=\"281\" src=\"https:\/\/www.youtube.com\/embed\/yAwoNSZJd4E?feature=oembed\" frameborder=\"0\" allow=\"accelerometer; autoplay; clipboard-write; encrypted-media; gyroscope; picture-in-picture; web-share\" allowfullscreen><\/iframe>\n<\/div><\/figure>\n\n\n\n<h2 class=\"wp-block-heading\">10\/06\/2021<br>Institui\u00e7\u00e3o do Regime de Previd\u00eancia Complementar Municipal<\/h2>\n\n\n\n<h3 class=\"wp-block-heading\">&nbsp;Temas abordados:<\/h3>\n\n\n\n<p>Obrigatoriedade;<br>Prazo;<br>Cronograma;<br>Minuta do Projeto de Lei;<br>Sele\u00e7\u00e3o da da entidade;<br>Atividades da CERPC.<\/p>\n","protected":false},"excerpt":{"rendered":"","protected":false},"author":27,"featured_media":0,"parent":4899,"menu_order":4,"comment_status":"closed","ping_status":"closed","template":"templates\/turismo.php","meta":{"footnotes":""},"acf":[],"yoast_head":"<!-- This site is optimized with the Yoast SEO plugin v23.0 - https:\/\/yoast.com\/wordpress\/plugins\/seo\/ -->\n<title>Audi\u00eancias P\u00fablicas - Manaus Previd\u00eancia<\/title>\n<meta name=\"robots\" content=\"noindex, follow\" \/>\n<meta property=\"og:locale\" content=\"pt_BR\" \/>\n<meta property=\"og:type\" content=\"article\" \/>\n<meta property=\"og:title\" content=\"Audi\u00eancias P\u00fablicas - Manaus Previd\u00eancia\" \/>\n<meta property=\"og:url\" content=\"https:\/\/www.manaus.am.gov.br\/manaus-previdencia\/previdencia-complementar\/audiencias-publicas-rpc\/\" \/>\n<meta property=\"og:site_name\" content=\"Manaus Previd\u00eancia\" \/>\n<meta property=\"article:modified_time\" content=\"2023-12-06T19:06:23+00:00\" \/>\n<meta name=\"twitter:card\" content=\"summary_large_image\" \/>\n<meta name=\"twitter:label1\" content=\"Est. reading time\" \/>\n\t<meta name=\"twitter:data1\" content=\"1 minuto\" \/>\n<script type=\"application\/ld+json\" class=\"yoast-schema-graph\">{\"@context\":\"https:\/\/schema.org\",\"@graph\":[{\"@type\":\"WebPage\",\"@id\":\"https:\/\/www.manaus.am.gov.br\/manaus-previdencia\/previdencia-complementar\/audiencias-publicas-rpc\/\",\"url\":\"https:\/\/www.manaus.am.gov.br\/manaus-previdencia\/previdencia-complementar\/audiencias-publicas-rpc\/\",\"name\":\"Audi\u00eancias P\u00fablicas - Manaus Previd\u00eancia\",\"isPartOf\":{\"@id\":\"https:\/\/www.manaus.am.gov.br\/manaus-previdencia\/#website\"},\"datePublished\":\"2023-05-02T15:11:35+00:00\",\"dateModified\":\"2023-12-06T19:06:23+00:00\",\"breadcrumb\":{\"@id\":\"https:\/\/www.manaus.am.gov.br\/manaus-previdencia\/previdencia-complementar\/audiencias-publicas-rpc\/#breadcrumb\"},\"inLanguage\":\"pt-BR\",\"potentialAction\":[{\"@type\":\"ReadAction\",\"target\":[\"https:\/\/www.manaus.am.gov.br\/manaus-previdencia\/previdencia-complementar\/audiencias-publicas-rpc\/\"]}]},{\"@type\":\"BreadcrumbList\",\"@id\":\"https:\/\/www.manaus.am.gov.br\/manaus-previdencia\/previdencia-complementar\/audiencias-publicas-rpc\/#breadcrumb\",\"itemListElement\":[{\"@type\":\"ListItem\",\"position\":1,\"name\":\"Home\",\"item\":\"https:\/\/www.manaus.am.gov.br\/manaus-previdencia\/\"},{\"@type\":\"ListItem\",\"position\":2,\"name\":\"Previd\u00eancia Complementar\",\"item\":\"https:\/\/www.manaus.am.gov.br\/manaus-previdencia\/previdencia-complementar\/\"},{\"@type\":\"ListItem\",\"position\":3,\"name\":\"Audi\u00eancias P\u00fablicas\"}]},{\"@type\":\"WebSite\",\"@id\":\"https:\/\/www.manaus.am.gov.br\/manaus-previdencia\/#website\",\"url\":\"https:\/\/www.manaus.am.gov.br\/manaus-previdencia\/\",\"name\":\"Manaus Previd\u00eancia\",\"description\":\"Secretaria Municipal Manaus Previd\u00eancia\",\"potentialAction\":[{\"@type\":\"SearchAction\",\"target\":{\"@type\":\"EntryPoint\",\"urlTemplate\":\"https:\/\/www.manaus.am.gov.br\/manaus-previdencia\/?s={search_term_string}\"},\"query-input\":\"required name=search_term_string\"}],\"inLanguage\":\"pt-BR\"}]}<\/script>\n<!-- \/ Yoast SEO plugin. -->","yoast_head_json":{"title":"Audi\u00eancias P\u00fablicas - Manaus Previd\u00eancia","robots":{"index":"noindex","follow":"follow"},"og_locale":"pt_BR","og_type":"article","og_title":"Audi\u00eancias P\u00fablicas - Manaus Previd\u00eancia","og_url":"https:\/\/www.manaus.am.gov.br\/manaus-previdencia\/previdencia-complementar\/audiencias-publicas-rpc\/","og_site_name":"Manaus Previd\u00eancia","article_modified_time":"2023-12-06T19:06:23+00:00","twitter_card":"summary_large_image","twitter_misc":{"Est. reading time":"1 minuto"},"schema":{"@context":"https:\/\/schema.org","@graph":[{"@type":"WebPage","@id":"https:\/\/www.manaus.am.gov.br\/manaus-previdencia\/previdencia-complementar\/audiencias-publicas-rpc\/","url":"https:\/\/www.manaus.am.gov.br\/manaus-previdencia\/previdencia-complementar\/audiencias-publicas-rpc\/","name":"Audi\u00eancias P\u00fablicas - Manaus Previd\u00eancia","isPartOf":{"@id":"https:\/\/www.manaus.am.gov.br\/manaus-previdencia\/#website"},"datePublished":"2023-05-02T15:11:35+00:00","dateModified":"2023-12-06T19:06:23+00:00","breadcrumb":{"@id":"https:\/\/www.manaus.am.gov.br\/manaus-previdencia\/previdencia-complementar\/audiencias-publicas-rpc\/#breadcrumb"},"inLanguage":"pt-BR","potentialAction":[{"@type":"ReadAction","target":["https:\/\/www.manaus.am.gov.br\/manaus-previdencia\/previdencia-complementar\/audiencias-publicas-rpc\/"]}]},{"@type":"BreadcrumbList","@id":"https:\/\/www.manaus.am.gov.br\/manaus-previdencia\/previdencia-complementar\/audiencias-publicas-rpc\/#breadcrumb","itemListElement":[{"@type":"ListItem","position":1,"name":"Home","item":"https:\/\/www.manaus.am.gov.br\/manaus-previdencia\/"},{"@type":"ListItem","position":2,"name":"Previd\u00eancia Complementar","item":"https:\/\/www.manaus.am.gov.br\/manaus-previdencia\/previdencia-complementar\/"},{"@type":"ListItem","position":3,"name":"Audi\u00eancias P\u00fablicas"}]},{"@type":"WebSite","@id":"https:\/\/www.manaus.am.gov.br\/manaus-previdencia\/#website","url":"https:\/\/www.manaus.am.gov.br\/manaus-previdencia\/","name":"Manaus Previd\u00eancia","description":"Secretaria Municipal Manaus Previd\u00eancia","potentialAction":[{"@type":"SearchAction","target":{"@type":"EntryPoint","urlTemplate":"https:\/\/www.manaus.am.gov.br\/manaus-previdencia\/?s={search_term_string}"},"query-input":"required name=search_term_string"}],"inLanguage":"pt-BR"}]}},"_links":{"self":[{"href":"https:\/\/www.manaus.am.gov.br\/manaus-previdencia\/wp-json\/wp\/v2\/pages\/1774"}],"collection":[{"href":"https:\/\/www.manaus.am.gov.br\/manaus-previdencia\/wp-json\/wp\/v2\/pages"}],"about":[{"href":"https:\/\/www.manaus.am.gov.br\/manaus-previdencia\/wp-json\/wp\/v2\/types\/page"}],"author":[{"embeddable":true,"href":"https:\/\/www.manaus.am.gov.br\/manaus-previdencia\/wp-json\/wp\/v2\/users\/27"}],"replies":[{"embeddable":true,"href":"https:\/\/www.manaus.am.gov.br\/manaus-previdencia\/wp-json\/wp\/v2\/comments?post=1774"}],"version-history":[{"count":10,"href":"https:\/\/www.manaus.am.gov.br\/manaus-previdencia\/wp-json\/wp\/v2\/pages\/1774\/revisions"}],"predecessor-version":[{"id":4956,"href":"https:\/\/www.manaus.am.gov.br\/manaus-previdencia\/wp-json\/wp\/v2\/pages\/1774\/revisions\/4956"}],"up":[{"embeddable":true,"href":"https:\/\/www.manaus.am.gov.br\/manaus-previdencia\/wp-json\/wp\/v2\/pages\/4899"}],"wp:attachment":[{"href":"https:\/\/www.manaus.am.gov.br\/manaus-previdencia\/wp-json\/wp\/v2\/media?parent=1774"}],"curies":[{"name":"wp","href":"https:\/\/api.w.org\/{rel}","templated":true}]}}