{"id":1765,"date":"2023-05-02T12:06:19","date_gmt":"2023-05-02T15:06:19","guid":{"rendered":"https:\/\/www.manaus.am.gov.br\/manaus-previdencia\/?page_id=1765"},"modified":"2023-12-06T14:55:52","modified_gmt":"2023-12-06T18:55:52","slug":"propostas-recebidas","status":"publish","type":"page","link":"https:\/\/www.manaus.am.gov.br\/manaus-previdencia\/previdencia-complementar\/propostas-recebidas\/","title":{"rendered":"Propostas recebidas"},"content":{"rendered":"\n<h2 class=\"wp-block-heading\"><a href=\"https:\/\/www.manaus.am.gov.br\/manaus-previdencia\/wp-content\/uploads\/sites\/19\/2023\/05\/APREV.pdf\" target=\"_blank\" rel=\"noreferrer noopener\">APREV \u2013 Previd\u00eancia Complementar do Munic\u00edpio de Curitiba<\/a><\/h2>\n\n\n\n<h2 class=\"wp-block-heading\"><a href=\"https:\/\/www.manaus.am.gov.br\/manaus-previdencia\/wp-content\/uploads\/sites\/19\/2023\/05\/Banco-do-Brasil.pdf\" target=\"_blank\" rel=\"noreferrer noopener\">BBPREV \u2013 Banco do Brasil<\/a><\/h2>\n\n\n\n<div style=\"height:30px\" aria-hidden=\"true\" class=\"wp-block-spacer\"><\/div>\n\n\n\n<h2 class=\"wp-block-heading\">BANRISUL \u2013 Funda\u00e7\u00e3o Banrisul de Seguridade Social<\/h2>\n\n\n\n<h2 class=\"wp-block-heading\"><a href=\"https:\/\/www.manaus.am.gov.br\/manaus-previdencia\/wp-content\/uploads\/sites\/19\/2023\/05\/Banrisul-1.pdf\" target=\"_blank\" rel=\"noreferrer noopener\">Parte 1<\/a><\/h2>\n\n\n\n<h2 class=\"wp-block-heading\"><a href=\"https:\/\/www.manaus.am.gov.br\/manaus-previdencia\/wp-content\/uploads\/sites\/19\/2023\/05\/Banrisul-2.pdf\" target=\"_blank\" rel=\"noreferrer noopener\">Parte 2<\/a><\/h2>\n\n\n\n<h2 class=\"wp-block-heading\"><a href=\"https:\/\/www.manaus.am.gov.br\/manaus-previdencia\/wp-content\/uploads\/sites\/19\/2023\/05\/Banrisul-3.pdf\" target=\"_blank\" rel=\"noreferrer noopener\">Parte 3<\/a><\/h2>\n\n\n\n<h2 class=\"wp-block-heading\"><a href=\"https:\/\/www.manaus.am.gov.br\/manaus-previdencia\/wp-content\/uploads\/sites\/19\/2023\/05\/Banrisul-4.pdf\" target=\"_blank\" rel=\"noreferrer noopener\">Parte 4<\/a><\/h2>\n\n\n\n<h2 class=\"wp-block-heading\"><a href=\"https:\/\/www.manaus.am.gov.br\/manaus-previdencia\/wp-content\/uploads\/sites\/19\/2023\/05\/Banrisul-5.pdf\" target=\"_blank\" rel=\"noreferrer noopener\">Parte 5<\/a><\/h2>\n\n\n\n<p> <\/p>\n\n\n\n<h2 class=\"wp-block-heading\"><a href=\"https:\/\/www.manaus.am.gov.br\/manaus-previdencia\/wp-content\/uploads\/sites\/19\/2023\/05\/Eletros.pdf\" target=\"_blank\" rel=\"noreferrer noopener\">ELETROS \u2013 Funda\u00e7\u00e3o Eletrobr\u00e1s de Seguridade Social<\/a><\/h2>\n\n\n\n<div style=\"height:30px\" aria-hidden=\"true\" class=\"wp-block-spacer\"><\/div>\n\n\n\n<h2 class=\"wp-block-heading\">Funda\u00e7\u00e3o Fam\u00edlia Previd\u00eancia<\/h2>\n\n\n\n<h2 class=\"wp-block-heading\"><a href=\"https:\/\/www.manaus.am.gov.br\/manaus-previdencia\/wp-content\/uploads\/sites\/19\/2023\/05\/Fundacao-Familia-Previdencia-1.pdf\" target=\"_blank\" rel=\"noreferrer noopener\">Parte 1<\/a><\/h2>\n\n\n\n<h2 class=\"wp-block-heading\"><a href=\"https:\/\/www.manaus.am.gov.br\/manaus-previdencia\/wp-content\/uploads\/sites\/19\/2023\/05\/Fundacao-Familia-Previdencia-2.pdf\" target=\"_blank\" rel=\"noreferrer noopener\">Parte 2<\/a><\/h2>\n\n\n\n<h2 class=\"wp-block-heading\"><a href=\"https:\/\/www.manaus.am.gov.br\/manaus-previdencia\/wp-content\/uploads\/sites\/19\/2023\/05\/Fundacao-Familia-Previdencia-3.pdf\" target=\"_blank\" rel=\"noreferrer noopener\">Parte 3<\/a><\/h2>\n\n\n\n<div style=\"height:30px\" aria-hidden=\"true\" class=\"wp-block-spacer\"><\/div>\n\n\n\n<h2 class=\"wp-block-heading\">Funda\u00e7\u00e3o Viva de Previd\u00eancia<\/h2>\n\n\n\n<h2 class=\"wp-block-heading\"><a href=\"https:\/\/www.manaus.am.gov.br\/manaus-previdencia\/wp-content\/uploads\/sites\/19\/2023\/05\/Fundacao-Viva-de-Previdencia-1.pdf\" target=\"_blank\" rel=\"noreferrer noopener\">Parte 1<\/a><\/h2>\n\n\n\n<h2 class=\"wp-block-heading\"><a href=\"https:\/\/www.manaus.am.gov.br\/manaus-previdencia\/wp-content\/uploads\/sites\/19\/2023\/05\/Fundacao-Viva-de-Previdencia-2.pdf\" target=\"_blank\" rel=\"noreferrer noopener\">Parte 2<\/a><\/h2>\n\n\n\n<h2 class=\"wp-block-heading\"><a href=\"https:\/\/www.manaus.am.gov.br\/manaus-previdencia\/wp-content\/uploads\/sites\/19\/2023\/05\/Fundacao-Viva-de-Previdencia-3.pdf\" target=\"_blank\" rel=\"noreferrer noopener\">Parte 3<\/a><\/h2>\n\n\n\n<h2 class=\"wp-block-heading\"><a href=\"https:\/\/www.manaus.am.gov.br\/manaus-previdencia\/wp-content\/uploads\/sites\/19\/2023\/05\/Fundacao-Viva-de-Previdencia-4.pdf\" target=\"_blank\" rel=\"noreferrer noopener\">Parte 4<\/a><\/h2>\n\n\n\n<h2 class=\"wp-block-heading\"><a href=\"https:\/\/www.manaus.am.gov.br\/manaus-previdencia\/wp-content\/uploads\/sites\/19\/2023\/05\/Fundacao-Viva-de-Previdencia-5.pdf\" target=\"_blank\" rel=\"noreferrer noopener\">Parte 5<\/a><\/h2>\n\n\n\n<div style=\"height:30px\" aria-hidden=\"true\" class=\"wp-block-spacer\"><\/div>\n\n\n\n<h2 class=\"wp-block-heading\">MAG Fundos de Pens\u00e3o<\/h2>\n\n\n\n<h2 class=\"wp-block-heading\"><a href=\"https:\/\/www.manaus.am.gov.br\/manaus-previdencia\/wp-content\/uploads\/sites\/19\/2023\/05\/MAG-1.pdf\" target=\"_blank\" rel=\"noreferrer noopener\">Parte 1<\/a><\/h2>\n\n\n\n<h2 class=\"wp-block-heading\"><a href=\"https:\/\/www.manaus.am.gov.br\/manaus-previdencia\/wp-content\/uploads\/sites\/19\/2023\/05\/MAG-2.pdf\" target=\"_blank\" rel=\"noreferrer noopener\">Parte 2<\/a><\/h2>\n\n\n\n<h2 class=\"wp-block-heading\"><a href=\"https:\/\/www.manaus.am.gov.br\/manaus-previdencia\/wp-content\/uploads\/sites\/19\/2023\/05\/MAG-3.pdf\" target=\"_blank\" rel=\"noreferrer noopener\">Parte 3<\/a><\/h2>\n\n\n\n<h2 class=\"wp-block-heading\"><a href=\"https:\/\/www.manaus.am.gov.br\/manaus-previdencia\/wp-content\/uploads\/sites\/19\/2023\/05\/MAG-4.pdf\" target=\"_blank\" rel=\"noreferrer noopener\">Parte 4<\/a><\/h2>\n\n\n\n<h2 class=\"wp-block-heading\"><a href=\"https:\/\/www.manaus.am.gov.br\/manaus-previdencia\/wp-content\/uploads\/sites\/19\/2023\/05\/MAG-5.pdf\" target=\"_blank\" rel=\"noreferrer noopener\">Parte 5<\/a><\/h2>\n\n\n\n<p> <\/p>\n\n\n\n<h2 class=\"wp-block-heading\"><a href=\"https:\/\/www.manaus.am.gov.br\/manaus-previdencia\/wp-content\/uploads\/sites\/19\/2023\/05\/PREVCOM.pdf\" target=\"_blank\" rel=\"noreferrer noopener\">PREVCOM \u2013 SP<\/a><\/h2>\n\n\n\n<div style=\"height:30px\" aria-hidden=\"true\" class=\"wp-block-spacer\"><\/div>\n\n\n\n<h2 class=\"wp-block-heading\">PREVES \u2013 Funda\u00e7\u00e3o de Previd\u00eancia Complementar do Estado do Esp\u00edrito Santo<\/h2>\n\n\n\n<h2 class=\"wp-block-heading\"><a href=\"https:\/\/www.manaus.am.gov.br\/manaus-previdencia\/wp-content\/uploads\/sites\/19\/2023\/05\/PREVES-1.pdf\" target=\"_blank\" rel=\"noreferrer noopener\">Parte 1<\/a><\/h2>\n\n\n\n<h2 class=\"wp-block-heading\"><a href=\"https:\/\/www.manaus.am.gov.br\/manaus-previdencia\/wp-content\/uploads\/sites\/19\/2023\/05\/PREVES-2.pdf\" target=\"_blank\" rel=\"noreferrer noopener\">Parte 2<\/a><\/h2>\n\n\n\n<h2 class=\"wp-block-heading\"><a href=\"https:\/\/www.manaus.am.gov.br\/manaus-previdencia\/wp-content\/uploads\/sites\/19\/2023\/05\/PREVES-3.pdf\" target=\"_blank\" rel=\"noreferrer noopener\">Parte 3<\/a><\/h2>\n\n\n\n<h2 class=\"wp-block-heading\"><a href=\"https:\/\/www.manaus.am.gov.br\/manaus-previdencia\/wp-content\/uploads\/sites\/19\/2023\/05\/PREVES-4.pdf\" target=\"_blank\" rel=\"noreferrer noopener\">Parte 4<\/a><\/h2>\n\n\n\n<h2 class=\"wp-block-heading\"><a href=\"https:\/\/www.manaus.am.gov.br\/manaus-previdencia\/wp-content\/uploads\/sites\/19\/2023\/05\/PREVES-5.pdf\" target=\"_blank\" rel=\"noreferrer noopener\">Parte 5<\/a><\/h2>\n\n\n\n<h2 class=\"wp-block-heading\"><a href=\"https:\/\/www.manaus.am.gov.br\/manaus-previdencia\/wp-content\/uploads\/sites\/19\/2023\/05\/PREVES-6.pdf\" target=\"_blank\" rel=\"noreferrer noopener\">Parte 6<\/a><\/h2>\n\n\n\n<h2 class=\"wp-block-heading\"><a href=\"https:\/\/www.manaus.am.gov.br\/manaus-previdencia\/wp-content\/uploads\/sites\/19\/2023\/05\/Real-Grandeza.pdf\" target=\"_blank\" rel=\"noreferrer noopener\">Real Grandeza<\/a><\/h2>\n\n\n\n<h2 class=\"wp-block-heading\"><a href=\"https:\/\/www.manaus.am.gov.br\/manaus-previdencia\/wp-content\/uploads\/sites\/19\/2023\/05\/REGIUS.pdf\" target=\"_blank\" rel=\"noreferrer noopener\">REGIUS \u2013 Sociedade Civil de Previd\u00eancia Privada<\/a><\/h2>\n\n\n\n<div style=\"height:30px\" aria-hidden=\"true\" class=\"wp-block-spacer\"><\/div>\n\n\n\n<h2 class=\"wp-block-heading\">RSPREV<\/h2>\n\n\n\n<h2 class=\"wp-block-heading\"><a href=\"https:\/\/www.manaus.am.gov.br\/manaus-previdencia\/wp-content\/uploads\/sites\/19\/2023\/05\/RS-PREV-1.pdf\" target=\"_blank\" rel=\"noreferrer noopener\">Parte 1<\/a><\/h2>\n\n\n\n<h2 class=\"wp-block-heading\"><a href=\"https:\/\/www.manaus.am.gov.br\/manaus-previdencia\/wp-content\/uploads\/sites\/19\/2023\/05\/RS-PREV-2.pdf\" target=\"_blank\" rel=\"noreferrer noopener\">Parte 2<\/a><\/h2>\n\n\n\n<h2 class=\"wp-block-heading\"><a href=\"https:\/\/www.manaus.am.gov.br\/manaus-previdencia\/wp-content\/uploads\/sites\/19\/2023\/05\/RS-PREV-3.pdf\" target=\"_blank\" rel=\"noreferrer noopener\">Parte 3<\/a><\/h2>\n\n\n\n<h2 class=\"wp-block-heading\"><a href=\"https:\/\/www.manaus.am.gov.br\/manaus-previdencia\/wp-content\/uploads\/sites\/19\/2023\/05\/RS-PREV-4.pdf\" target=\"_blank\" rel=\"noreferrer noopener\">Parte 4<\/a><\/h2>\n\n\n\n<h2 class=\"wp-block-heading\"><a href=\"https:\/\/www.manaus.am.gov.br\/manaus-previdencia\/wp-content\/uploads\/sites\/19\/2023\/05\/RS-PREV-5.pdf\" target=\"_blank\" rel=\"noreferrer noopener\">Parte 5<\/a><\/h2>\n\n\n\n<h2 class=\"wp-block-heading\"><a href=\"https:\/\/www.manaus.am.gov.br\/manaus-previdencia\/wp-content\/uploads\/sites\/19\/2023\/05\/RS-PREV-6.pdf\" target=\"_blank\" rel=\"noreferrer noopener\">Parte 6<\/a><\/h2>\n","protected":false},"excerpt":{"rendered":"","protected":false},"author":27,"featured_media":0,"parent":4899,"menu_order":2,"comment_status":"closed","ping_status":"closed","template":"templates\/turismo.php","meta":{"footnotes":""},"acf":[],"yoast_head":"<!-- This site is optimized with the Yoast SEO plugin v23.0 - https:\/\/yoast.com\/wordpress\/plugins\/seo\/ -->\n<title>Propostas recebidas - Manaus Previd\u00eancia<\/title>\n<meta name=\"robots\" content=\"noindex, follow\" \/>\n<meta property=\"og:locale\" content=\"pt_BR\" \/>\n<meta property=\"og:type\" content=\"article\" \/>\n<meta property=\"og:title\" content=\"Propostas recebidas - Manaus Previd\u00eancia\" \/>\n<meta property=\"og:url\" content=\"https:\/\/www.manaus.am.gov.br\/manaus-previdencia\/previdencia-complementar\/propostas-recebidas\/\" \/>\n<meta property=\"og:site_name\" content=\"Manaus Previd\u00eancia\" \/>\n<meta property=\"article:modified_time\" content=\"2023-12-06T18:55:52+00:00\" \/>\n<meta name=\"twitter:card\" content=\"summary_large_image\" \/>\n<meta name=\"twitter:label1\" content=\"Est. reading time\" \/>\n\t<meta name=\"twitter:data1\" content=\"1 minuto\" \/>\n<script type=\"application\/ld+json\" class=\"yoast-schema-graph\">{\"@context\":\"https:\/\/schema.org\",\"@graph\":[{\"@type\":\"WebPage\",\"@id\":\"https:\/\/www.manaus.am.gov.br\/manaus-previdencia\/previdencia-complementar\/propostas-recebidas\/\",\"url\":\"https:\/\/www.manaus.am.gov.br\/manaus-previdencia\/previdencia-complementar\/propostas-recebidas\/\",\"name\":\"Propostas recebidas - Manaus Previd\u00eancia\",\"isPartOf\":{\"@id\":\"https:\/\/www.manaus.am.gov.br\/manaus-previdencia\/#website\"},\"datePublished\":\"2023-05-02T15:06:19+00:00\",\"dateModified\":\"2023-12-06T18:55:52+00:00\",\"breadcrumb\":{\"@id\":\"https:\/\/www.manaus.am.gov.br\/manaus-previdencia\/previdencia-complementar\/propostas-recebidas\/#breadcrumb\"},\"inLanguage\":\"pt-BR\",\"potentialAction\":[{\"@type\":\"ReadAction\",\"target\":[\"https:\/\/www.manaus.am.gov.br\/manaus-previdencia\/previdencia-complementar\/propostas-recebidas\/\"]}]},{\"@type\":\"BreadcrumbList\",\"@id\":\"https:\/\/www.manaus.am.gov.br\/manaus-previdencia\/previdencia-complementar\/propostas-recebidas\/#breadcrumb\",\"itemListElement\":[{\"@type\":\"ListItem\",\"position\":1,\"name\":\"Home\",\"item\":\"https:\/\/www.manaus.am.gov.br\/manaus-previdencia\/\"},{\"@type\":\"ListItem\",\"position\":2,\"name\":\"Previd\u00eancia Complementar\",\"item\":\"https:\/\/www.manaus.am.gov.br\/manaus-previdencia\/previdencia-complementar\/\"},{\"@type\":\"ListItem\",\"position\":3,\"name\":\"Propostas recebidas\"}]},{\"@type\":\"WebSite\",\"@id\":\"https:\/\/www.manaus.am.gov.br\/manaus-previdencia\/#website\",\"url\":\"https:\/\/www.manaus.am.gov.br\/manaus-previdencia\/\",\"name\":\"Manaus Previd\u00eancia\",\"description\":\"Secretaria Municipal Manaus Previd\u00eancia\",\"potentialAction\":[{\"@type\":\"SearchAction\",\"target\":{\"@type\":\"EntryPoint\",\"urlTemplate\":\"https:\/\/www.manaus.am.gov.br\/manaus-previdencia\/?s={search_term_string}\"},\"query-input\":\"required name=search_term_string\"}],\"inLanguage\":\"pt-BR\"}]}<\/script>\n<!-- \/ Yoast SEO plugin. -->","yoast_head_json":{"title":"Propostas recebidas - Manaus Previd\u00eancia","robots":{"index":"noindex","follow":"follow"},"og_locale":"pt_BR","og_type":"article","og_title":"Propostas recebidas - Manaus Previd\u00eancia","og_url":"https:\/\/www.manaus.am.gov.br\/manaus-previdencia\/previdencia-complementar\/propostas-recebidas\/","og_site_name":"Manaus Previd\u00eancia","article_modified_time":"2023-12-06T18:55:52+00:00","twitter_card":"summary_large_image","twitter_misc":{"Est. reading time":"1 minuto"},"schema":{"@context":"https:\/\/schema.org","@graph":[{"@type":"WebPage","@id":"https:\/\/www.manaus.am.gov.br\/manaus-previdencia\/previdencia-complementar\/propostas-recebidas\/","url":"https:\/\/www.manaus.am.gov.br\/manaus-previdencia\/previdencia-complementar\/propostas-recebidas\/","name":"Propostas recebidas - Manaus Previd\u00eancia","isPartOf":{"@id":"https:\/\/www.manaus.am.gov.br\/manaus-previdencia\/#website"},"datePublished":"2023-05-02T15:06:19+00:00","dateModified":"2023-12-06T18:55:52+00:00","breadcrumb":{"@id":"https:\/\/www.manaus.am.gov.br\/manaus-previdencia\/previdencia-complementar\/propostas-recebidas\/#breadcrumb"},"inLanguage":"pt-BR","potentialAction":[{"@type":"ReadAction","target":["https:\/\/www.manaus.am.gov.br\/manaus-previdencia\/previdencia-complementar\/propostas-recebidas\/"]}]},{"@type":"BreadcrumbList","@id":"https:\/\/www.manaus.am.gov.br\/manaus-previdencia\/previdencia-complementar\/propostas-recebidas\/#breadcrumb","itemListElement":[{"@type":"ListItem","position":1,"name":"Home","item":"https:\/\/www.manaus.am.gov.br\/manaus-previdencia\/"},{"@type":"ListItem","position":2,"name":"Previd\u00eancia Complementar","item":"https:\/\/www.manaus.am.gov.br\/manaus-previdencia\/previdencia-complementar\/"},{"@type":"ListItem","position":3,"name":"Propostas recebidas"}]},{"@type":"WebSite","@id":"https:\/\/www.manaus.am.gov.br\/manaus-previdencia\/#website","url":"https:\/\/www.manaus.am.gov.br\/manaus-previdencia\/","name":"Manaus Previd\u00eancia","description":"Secretaria Municipal Manaus Previd\u00eancia","potentialAction":[{"@type":"SearchAction","target":{"@type":"EntryPoint","urlTemplate":"https:\/\/www.manaus.am.gov.br\/manaus-previdencia\/?s={search_term_string}"},"query-input":"required name=search_term_string"}],"inLanguage":"pt-BR"}]}},"_links":{"self":[{"href":"https:\/\/www.manaus.am.gov.br\/manaus-previdencia\/wp-json\/wp\/v2\/pages\/1765"}],"collection":[{"href":"https:\/\/www.manaus.am.gov.br\/manaus-previdencia\/wp-json\/wp\/v2\/pages"}],"about":[{"href":"https:\/\/www.manaus.am.gov.br\/manaus-previdencia\/wp-json\/wp\/v2\/types\/page"}],"author":[{"embeddable":true,"href":"https:\/\/www.manaus.am.gov.br\/manaus-previdencia\/wp-json\/wp\/v2\/users\/27"}],"replies":[{"embeddable":true,"href":"https:\/\/www.manaus.am.gov.br\/manaus-previdencia\/wp-json\/wp\/v2\/comments?post=1765"}],"version-history":[{"count":18,"href":"https:\/\/www.manaus.am.gov.br\/manaus-previdencia\/wp-json\/wp\/v2\/pages\/1765\/revisions"}],"predecessor-version":[{"id":4955,"href":"https:\/\/www.manaus.am.gov.br\/manaus-previdencia\/wp-json\/wp\/v2\/pages\/1765\/revisions\/4955"}],"up":[{"embeddable":true,"href":"https:\/\/www.manaus.am.gov.br\/manaus-previdencia\/wp-json\/wp\/v2\/pages\/4899"}],"wp:attachment":[{"href":"https:\/\/www.manaus.am.gov.br\/manaus-previdencia\/wp-json\/wp\/v2\/media?parent=1765"}],"curies":[{"name":"wp","href":"https:\/\/api.w.org\/{rel}","templated":true}]}}