{"id":1147,"date":"2023-04-27T01:04:21","date_gmt":"2023-04-27T04:04:21","guid":{"rendered":"https:\/\/www.manaus.am.gov.br\/manaus-previdencia\/?page_id=1147"},"modified":"2023-05-03T13:03:18","modified_gmt":"2023-05-03T16:03:18","slug":"transparencia","status":"publish","type":"page","link":"https:\/\/www.manaus.am.gov.br\/manaus-previdencia\/transparencia\/","title":{"rendered":"Transpar\u00eancia"},"content":{"rendered":"\n<p>Bem-vindo \u00e0 p\u00e1gina de transpar\u00eancia da Prefeitura de Manaus! Aqui, voc\u00ea encontrar\u00e1 informa\u00e7\u00f5es importantes sobre como estamos administrando os recursos p\u00fablicos e garantindo a presta\u00e7\u00e3o de contas \u00e0 popula\u00e7\u00e3o. Para navegar no nosso site, voc\u00ea pode usar os seguintes menus:<\/p>\n\n\n\n<p><strong>Lei de Responsabilidade Fiscal (LRF):<\/strong> esta se\u00e7\u00e3o apresenta informa\u00e7\u00f5es sobre o cumprimento das obriga\u00e7\u00f5es fiscais da Prefeitura, de acordo com a LRF. Voc\u00ea poder\u00e1 encontrar relat\u00f3rios de gest\u00e3o fiscal, limites de gastos com pessoal e outras informa\u00e7\u00f5es relevantes.<\/p>\n\n\n\n<p><strong>Relat\u00f3rios Cont\u00e1beis\/Balancetes Mensais: <\/strong>nesta se\u00e7\u00e3o, voc\u00ea encontrar\u00e1 os relat\u00f3rios cont\u00e1beis e os balancetes mensais da Prefeitura, que detalham os gastos e receitas do munic\u00edpio. Voc\u00ea pode acessar informa\u00e7\u00f5es sobre despesas com pessoal, investimentos, d\u00edvida p\u00fablica e muito mais.<\/p>\n\n\n\n<p><strong>Investimentos: <\/strong>aqui voc\u00ea pode consultar informa\u00e7\u00f5es sobre os investimentos realizados pela Prefeitura em diversas \u00e1reas, como sa\u00fade, educa\u00e7\u00e3o, infraestrutura e lazer. Voc\u00ea pode visualizar as obras em andamento e as conclu\u00eddas, al\u00e9m de informa\u00e7\u00f5es sobre licita\u00e7\u00f5es e contratos.<\/p>\n\n\n\n<p><strong>Aposentadorias e Pens\u00f5es:<\/strong> nesta se\u00e7\u00e3o, voc\u00ea encontrar\u00e1 informa\u00e7\u00f5es sobre os benef\u00edcios previdenci\u00e1rios concedidos aos servidores municipais, bem como os gastos com aposentadorias e pens\u00f5es. Voc\u00ea tamb\u00e9m poder\u00e1 acessar informa\u00e7\u00f5es sobre o regime pr\u00f3prio de previd\u00eancia do munic\u00edpio.<\/p>\n\n\n\n<p><strong>Mais Transpar\u00eancia: <\/strong>nesta se\u00e7\u00e3o, voc\u00ea encontrar\u00e1 outras informa\u00e7\u00f5es relevantes sobre a gest\u00e3o p\u00fablica da Prefeitura de Manaus. Aqui voc\u00ea pode encontrar informa\u00e7\u00f5es sobre a folha de pagamento dos servidores, di\u00e1rias e passagens, contratos e conv\u00eanios, entre outros.<\/p>\n\n\n\n<p><strong>LGPD:<\/strong> esta se\u00e7\u00e3o apresenta informa\u00e7\u00f5es sobre a Lei Geral de Prote\u00e7\u00e3o de Dados (LGPD) e como a Prefeitura de Manaus est\u00e1 lidando com a privacidade e a prote\u00e7\u00e3o de dados pessoais. Voc\u00ea pode acessar a nossa pol\u00edtica de privacidade e outras informa\u00e7\u00f5es importantes sobre a LGPD.<\/p>\n\n\n\n<p>Acreditamos que a transpar\u00eancia \u00e9 fundamental para a constru\u00e7\u00e3o de uma gest\u00e3o p\u00fablica mais eficiente e respons\u00e1vel. Por isso, estamos comprometidos em fornecer informa\u00e7\u00f5es claras e acess\u00edveis \u00e0 popula\u00e7\u00e3o de Manaus. Se voc\u00ea tiver alguma d\u00favida ou sugest\u00e3o, entre em contato conosco atrav\u00e9s do nosso canal de atendimento.<\/p>\n","protected":false},"excerpt":{"rendered":"","protected":false},"author":27,"featured_media":0,"parent":0,"menu_order":0,"comment_status":"closed","ping_status":"closed","template":"templates\/turismo.php","meta":{"footnotes":""},"acf":[],"yoast_head":"<!-- This site is optimized with the Yoast SEO plugin v23.0 - https:\/\/yoast.com\/wordpress\/plugins\/seo\/ -->\n<title>Transpar\u00eancia - Manaus Previd\u00eancia<\/title>\n<meta name=\"robots\" content=\"noindex, follow\" \/>\n<meta property=\"og:locale\" content=\"pt_BR\" \/>\n<meta property=\"og:type\" content=\"article\" \/>\n<meta property=\"og:title\" content=\"Transpar\u00eancia - Manaus Previd\u00eancia\" \/>\n<meta property=\"og:url\" content=\"https:\/\/www.manaus.am.gov.br\/manaus-previdencia\/transparencia\/\" \/>\n<meta property=\"og:site_name\" content=\"Manaus Previd\u00eancia\" \/>\n<meta property=\"article:modified_time\" content=\"2023-05-03T16:03:18+00:00\" \/>\n<meta name=\"twitter:card\" content=\"summary_large_image\" \/>\n<meta name=\"twitter:label1\" content=\"Est. reading time\" \/>\n\t<meta name=\"twitter:data1\" content=\"2 minutos\" \/>\n<script type=\"application\/ld+json\" class=\"yoast-schema-graph\">{\"@context\":\"https:\/\/schema.org\",\"@graph\":[{\"@type\":\"WebPage\",\"@id\":\"https:\/\/www.manaus.am.gov.br\/manaus-previdencia\/transparencia\/\",\"url\":\"https:\/\/www.manaus.am.gov.br\/manaus-previdencia\/transparencia\/\",\"name\":\"Transpar\u00eancia - Manaus Previd\u00eancia\",\"isPartOf\":{\"@id\":\"https:\/\/www.manaus.am.gov.br\/manaus-previdencia\/#website\"},\"datePublished\":\"2023-04-27T04:04:21+00:00\",\"dateModified\":\"2023-05-03T16:03:18+00:00\",\"breadcrumb\":{\"@id\":\"https:\/\/www.manaus.am.gov.br\/manaus-previdencia\/transparencia\/#breadcrumb\"},\"inLanguage\":\"pt-BR\",\"potentialAction\":[{\"@type\":\"ReadAction\",\"target\":[\"https:\/\/www.manaus.am.gov.br\/manaus-previdencia\/transparencia\/\"]}]},{\"@type\":\"BreadcrumbList\",\"@id\":\"https:\/\/www.manaus.am.gov.br\/manaus-previdencia\/transparencia\/#breadcrumb\",\"itemListElement\":[{\"@type\":\"ListItem\",\"position\":1,\"name\":\"Home\",\"item\":\"https:\/\/www.manaus.am.gov.br\/manaus-previdencia\/\"},{\"@type\":\"ListItem\",\"position\":2,\"name\":\"Transpar\u00eancia\"}]},{\"@type\":\"WebSite\",\"@id\":\"https:\/\/www.manaus.am.gov.br\/manaus-previdencia\/#website\",\"url\":\"https:\/\/www.manaus.am.gov.br\/manaus-previdencia\/\",\"name\":\"Manaus Previd\u00eancia\",\"description\":\"Secretaria Municipal Manaus Previd\u00eancia\",\"potentialAction\":[{\"@type\":\"SearchAction\",\"target\":{\"@type\":\"EntryPoint\",\"urlTemplate\":\"https:\/\/www.manaus.am.gov.br\/manaus-previdencia\/?s={search_term_string}\"},\"query-input\":\"required name=search_term_string\"}],\"inLanguage\":\"pt-BR\"}]}<\/script>\n<!-- \/ Yoast SEO plugin. -->","yoast_head_json":{"title":"Transpar\u00eancia - Manaus Previd\u00eancia","robots":{"index":"noindex","follow":"follow"},"og_locale":"pt_BR","og_type":"article","og_title":"Transpar\u00eancia - Manaus Previd\u00eancia","og_url":"https:\/\/www.manaus.am.gov.br\/manaus-previdencia\/transparencia\/","og_site_name":"Manaus Previd\u00eancia","article_modified_time":"2023-05-03T16:03:18+00:00","twitter_card":"summary_large_image","twitter_misc":{"Est. reading time":"2 minutos"},"schema":{"@context":"https:\/\/schema.org","@graph":[{"@type":"WebPage","@id":"https:\/\/www.manaus.am.gov.br\/manaus-previdencia\/transparencia\/","url":"https:\/\/www.manaus.am.gov.br\/manaus-previdencia\/transparencia\/","name":"Transpar\u00eancia - Manaus Previd\u00eancia","isPartOf":{"@id":"https:\/\/www.manaus.am.gov.br\/manaus-previdencia\/#website"},"datePublished":"2023-04-27T04:04:21+00:00","dateModified":"2023-05-03T16:03:18+00:00","breadcrumb":{"@id":"https:\/\/www.manaus.am.gov.br\/manaus-previdencia\/transparencia\/#breadcrumb"},"inLanguage":"pt-BR","potentialAction":[{"@type":"ReadAction","target":["https:\/\/www.manaus.am.gov.br\/manaus-previdencia\/transparencia\/"]}]},{"@type":"BreadcrumbList","@id":"https:\/\/www.manaus.am.gov.br\/manaus-previdencia\/transparencia\/#breadcrumb","itemListElement":[{"@type":"ListItem","position":1,"name":"Home","item":"https:\/\/www.manaus.am.gov.br\/manaus-previdencia\/"},{"@type":"ListItem","position":2,"name":"Transpar\u00eancia"}]},{"@type":"WebSite","@id":"https:\/\/www.manaus.am.gov.br\/manaus-previdencia\/#website","url":"https:\/\/www.manaus.am.gov.br\/manaus-previdencia\/","name":"Manaus Previd\u00eancia","description":"Secretaria Municipal Manaus Previd\u00eancia","potentialAction":[{"@type":"SearchAction","target":{"@type":"EntryPoint","urlTemplate":"https:\/\/www.manaus.am.gov.br\/manaus-previdencia\/?s={search_term_string}"},"query-input":"required name=search_term_string"}],"inLanguage":"pt-BR"}]}},"_links":{"self":[{"href":"https:\/\/www.manaus.am.gov.br\/manaus-previdencia\/wp-json\/wp\/v2\/pages\/1147"}],"collection":[{"href":"https:\/\/www.manaus.am.gov.br\/manaus-previdencia\/wp-json\/wp\/v2\/pages"}],"about":[{"href":"https:\/\/www.manaus.am.gov.br\/manaus-previdencia\/wp-json\/wp\/v2\/types\/page"}],"author":[{"embeddable":true,"href":"https:\/\/www.manaus.am.gov.br\/manaus-previdencia\/wp-json\/wp\/v2\/users\/27"}],"replies":[{"embeddable":true,"href":"https:\/\/www.manaus.am.gov.br\/manaus-previdencia\/wp-json\/wp\/v2\/comments?post=1147"}],"version-history":[{"count":4,"href":"https:\/\/www.manaus.am.gov.br\/manaus-previdencia\/wp-json\/wp\/v2\/pages\/1147\/revisions"}],"predecessor-version":[{"id":1911,"href":"https:\/\/www.manaus.am.gov.br\/manaus-previdencia\/wp-json\/wp\/v2\/pages\/1147\/revisions\/1911"}],"wp:attachment":[{"href":"https:\/\/www.manaus.am.gov.br\/manaus-previdencia\/wp-json\/wp\/v2\/media?parent=1147"}],"curies":[{"name":"wp","href":"https:\/\/api.w.org\/{rel}","templated":true}]}}