{"id":7495,"date":"2026-01-22T23:37:16","date_gmt":"2026-01-23T03:37:16","guid":{"rendered":"https:\/\/www.manaus.am.gov.br\/implurb\/?page_id=7495"},"modified":"2026-03-16T15:45:23","modified_gmt":"2026-03-16T19:45:23","slug":"nova-sede","status":"publish","type":"page","link":"https:\/\/www.manaus.am.gov.br\/implurb\/nova-sede\/","title":{"rendered":"Nova Sede"},"content":{"rendered":"\n<div class=\"gallery-container\">\n    <div class=\"gallery-slide\">\n        <!-- Adicione suas imagens aqui -->\n        <img decoding=\"async\" src=\"https:\/\/www.manaus.am.gov.br\/implurb\/wp-content\/uploads\/sites\/13\/2026\/03\/novasede5.jpg\" alt=\"Nova sede 5\">\n        <img decoding=\"async\" src=\"https:\/\/www.manaus.am.gov.br\/implurb\/wp-content\/uploads\/sites\/13\/2026\/03\/novasede6.jpg\" alt=\"Nova sede 6\">\n        <img decoding=\"async\" src=\"https:\/\/www.manaus.am.gov.br\/implurb\/wp-content\/uploads\/sites\/13\/2026\/01\/novasede1.jpeg\" alt=\"Nova sede 1\">\n        <img decoding=\"async\" src=\"https:\/\/www.manaus.am.gov.br\/implurb\/wp-content\/uploads\/sites\/13\/2026\/01\/novasede2.jpeg\" alt=\"Nova sede 2\">\n        <img decoding=\"async\" src=\"https:\/\/www.manaus.am.gov.br\/implurb\/wp-content\/uploads\/sites\/13\/2026\/01\/novasede3.jpeg\" alt=\"Nova sede 3\">        \n        <img decoding=\"async\" src=\"https:\/\/www.manaus.am.gov.br\/implurb\/wp-content\/uploads\/sites\/13\/2026\/01\/novasede4.jpeg\" alt=\"Nova sede 4\">\n    <\/div>\n    <button class=\"gallery-button prev\" onclick=\"prevSlide(this)\">&#10094;<\/button>\n    <button class=\"gallery-button next\" onclick=\"nextSlide(this)\">&#10095;<\/button>\n<\/div>\n\n\n\n<h2 class=\"wp-block-heading\">Futuro e Compromisso<\/h2>\n\n\n\n<p>Mais do que um novo endere\u00e7o, a nova sede do Instituto Municipal de Planejamento Urbano (Implurb) representa um salto concreto na forma como a Prefeitura de Manaus planeja, regula e impulsiona o desenvolvimento urbano.<br>O edif\u00edcio Arquiteto Claudemir Andrade, localizado na alameda Desembargador Jo\u00e3o Machado, n\u00ba 750, Parque Mosaico, bairro Tarum\u00e3, zona Oeste, tem 3,5 mil metros quadrados de \u00e1rea constru\u00edda, arquitetura contempor\u00e2nea, acessibilidade total e infraestrutura tecnol\u00f3gica de alto desempenho. O edif\u00edcio foi concebido para responder \u00e0s demandas atuais e futuras da cidade, dentro da concep\u00e7\u00e3o de gest\u00e3o do prefeito David Almeida.<\/p>\n\n\n\n<p>A moderniza\u00e7\u00e3o da estrutura reflete diretamente na qualifica\u00e7\u00e3o do atendimento \u00e0 popula\u00e7\u00e3o. A amplia\u00e7\u00e3o da capacidade tecnol\u00f3gica, com links dedicados de 1 Gigabit, redund\u00e2ncia de internet e rede estruturada por pavimento, garante mais agilidade, estabilidade e seguran\u00e7a aos sistemas de licenciamento, an\u00e1lise de projetos e autoriza\u00e7\u00f5es urban\u00edsticas. Isso significa menos tempo de espera, mais efici\u00eancia nos processos e maior previsibilidade para quem empreende, investe e constr\u00f3i na capital.<br>Os n\u00fameros da nova sede traduzem esse avan\u00e7o: 282 vagas de estacionamento organizadas, acessibilidade plena, ambientes funcionais e um projeto sustent\u00e1vel que inclui o plantio de 262 \u00e1rvores nativas, integrando urbaniza\u00e7\u00e3o e meio ambiente. Essa combina\u00e7\u00e3o fortalece o ambiente institucional, melhora as condi\u00e7\u00f5es de trabalho dos servidores e cria um espa\u00e7o mais acolhedor para o cidad\u00e3o.<\/p>\n\n\n\n<p>No edif\u00edcio do Parque Mosaico, as 282 vagas foram organizadas para atender servidores (204) e usu\u00e1rios (78), incluindo para Pessoas com Defici\u00eancia (PcDs), idosos e motocicletas.<\/p>\n\n\n\n<p><\/p>\n\n\n\n<h2 class=\"wp-block-heading\">Gera\u00e7\u00e3o de neg\u00f3cios<\/h2>\n\n\n\n<p>Ao modernizar sua infraestrutura, o Implurb fortalece sua capacidade de fomentar a gera\u00e7\u00e3o de neg\u00f3cios, a regulariza\u00e7\u00e3o de atividades econ\u00f4micas e a entrega de projetos urbanos de qualidade, impactando positivamente setores como constru\u00e7\u00e3o civil, com\u00e9rcio, servi\u00e7os e economia criativa. Planejar melhor, atender com mais efici\u00eancia e pensar a cidade de forma integrada resulta em uma Manaus mais organizada, competitiva, sustent\u00e1vel e preparada para crescer com equil\u00edbrio.<\/p>\n\n\n\n<p>A nova sede consolida o Implurb como um \u00f3rg\u00e3o alinhado \u00e0 inova\u00e7\u00e3o, \u00e0 efici\u00eancia administrativa e ao desenvolvimento urbano respons\u00e1vel, refor\u00e7ando o compromisso da Prefeitura de Manaus com uma cidade que gera oportunidades, valoriza pessoas e constr\u00f3i futuro.<\/p>\n\n\n\n<p><\/p>\n\n\n\n<h2 class=\"wp-block-heading\">Homenagem<\/h2>\n\n\n\n<p>A nova sede do instituto leva o nome do arquiteto e urbanista Claudemir Andrade, em homenagem p\u00f3stuma a um dos profissionais que mais contribu\u00edram para o planejamento urbano de Manaus nas \u00faltimas d\u00e9cadas. Com trajet\u00f3ria marcada pelo compromisso com a gest\u00e3o p\u00fablica, a qualifica\u00e7\u00e3o t\u00e9cnica e a constru\u00e7\u00e3o de uma cidade mais integrada e sustent\u00e1vel, Claudemir dedicou grande parte de sua carreira ao pr\u00f3prio Implurb, onde atuou em diferentes fun\u00e7\u00f5es estrat\u00e9gicas, incluindo os cargos de diretor de Planejamento Urbano, vice-presidente e presidente da autarquia.<\/p>\n\n\n\n<p>Ao longo de mais de 3 d\u00e9cadas de atua\u00e7\u00e3o no servi\u00e7o p\u00fablico, participou diretamente da concep\u00e7\u00e3o, an\u00e1lise e implanta\u00e7\u00e3o de projetos estruturantes para a capital amazonense, entre eles o Parque Ponte dos Bilhares, o Parque Lagoa do Japiim, o mirante L\u00facia Almeida, o Parque Gigantes da Floresta e o Parque Encontro das \u00c1guas Rosa Almeida. Professor universit\u00e1rio e refer\u00eancia para gera\u00e7\u00f5es de arquitetos e urbanistas da regi\u00e3o Norte, Claudemir deixou um legado de dedica\u00e7\u00e3o ao planejamento urbano, \u00e0 defesa da arquitetura e \u00e0 constru\u00e7\u00e3o de cidades mais justas e ambientalmente respons\u00e1veis \u2014 valores que agora passam a ser simbolizados pelo edif\u00edcio que abriga a nova sede do Implurb.<\/p>\n\n\n\n<p><\/p>\n\n\n\n<div class=\"gallery-container\">\n    <div class=\"gallery-slide\">\n        <!-- Adicione suas imagens aqui -->\n        <img decoding=\"async\" src=\"https:\/\/www.manaus.am.gov.br\/implurb\/wp-content\/uploads\/sites\/13\/2026\/01\/maquete2.png\" alt=\"Nova sede 2\">\n        <img decoding=\"async\" src=\"https:\/\/www.manaus.am.gov.br\/implurb\/wp-content\/uploads\/sites\/13\/2026\/01\/maquete1.png\" alt=\"Nova sede 1\">        \n        <img decoding=\"async\" src=\"https:\/\/www.manaus.am.gov.br\/implurb\/wp-content\/uploads\/sites\/13\/2026\/01\/maquete3.png\" alt=\"Nova sede 3\">        \n        <img decoding=\"async\" src=\"https:\/\/www.manaus.am.gov.br\/implurb\/wp-content\/uploads\/sites\/13\/2026\/01\/maquete4.png\" alt=\"Nova sede 4\">        \n        <img decoding=\"async\" src=\"https:\/\/www.manaus.am.gov.br\/implurb\/wp-content\/uploads\/sites\/13\/2026\/01\/maquete5.png\" alt=\"Nova sede 5\">\n    <\/div>\n    <button class=\"gallery-button prev\" onclick=\"prevSlide(this)\">&#10094;<\/button>\n    <button class=\"gallery-button next\" onclick=\"nextSlide(this)\">&#10095;<\/button>\n<\/div>\n\n\n\n<h3 class=\"wp-block-heading\">Estrutura<\/h3>\n\n\n\n<p>3.577,32 m\u00b2 de \u00e1rea constru\u00edda<\/p>\n\n\n\n<p>Projeto com arquitetura moderna, fora do padr\u00e3o tradicional de pr\u00e9dios p\u00fablicos<\/p>\n\n\n\n<p>Estrutura preparada para os pr\u00f3ximos 20 anos<\/p>\n\n\n\n<p><\/p>\n\n\n\n<h3 class=\"wp-block-heading\">Acessibilidade<\/h3>\n\n\n\n<p>100% acess\u00edvel, em conformidade com a legisla\u00e7\u00e3o<\/p>\n\n\n\n<p>2 elevadores<\/p>\n\n\n\n<p>Piso podot\u00e1til e rampas de acesso<\/p>\n\n\n\n<p>Vagas exclusivas para PcDs e idosos<\/p>\n\n\n\n<p><\/p>\n\n\n\n<h3 class=\"wp-block-heading\">Estacionamento<\/h3>\n\n\n\n<p>282 vagas no total<\/p>\n\n\n\n<p>\u2013 204 para servidores<\/p>\n\n\n\n<p>\u2013 78 para usu\u00e1rios<\/p>\n\n\n\n<p>7 vagas PcD<\/p>\n\n\n\n<p>14 vagas para idosos<\/p>\n\n\n\n<p>22 vagas para motocicletas<\/p>\n\n\n\n<p><\/p>\n\n\n\n<h3 class=\"wp-block-heading\">Tecnologia<\/h3>\n\n\n\n<p>1 GB de link dedicado exclusivo<\/p>\n\n\n\n<p>+1 GB de integra\u00e7\u00e3o com a rede corporativa da Prefeitura<\/p>\n\n\n\n<p>3 links de internet, com redund\u00e2ncia autom\u00e1tica<\/p>\n\n\n\n<p>Rede estruturada por pavimento e Wi-Fi corporativo est\u00e1vel<\/p>\n\n\n\n<p><\/p>\n\n\n\n<h3 class=\"wp-block-heading\">Sustentabilidade<\/h3>\n\n\n\n<p>262 mudas de \u00e1rvores nativas e brasileiras plantadas<\/p>\n\n\n\n<p>Esp\u00e9cies como ip\u00ea, pata-de-vaca, pau-pretinho e jutairana<\/p>\n\n\n\n<p>Impacto ambiental positivo projetado para os pr\u00f3ximos 10 anos, com mais sombra, conforto t\u00e9rmico e biodiversidade<\/p>\n\n\n\n<p><\/p>\n\n\n\n<h3 class=\"wp-block-heading\">Impacto Urbano<\/h3>\n\n\n\n<p>Mais conforto no atendimento ao cidad\u00e3o<\/p>\n\n\n\n<p>Mais qualidade no ambiente de trabalho dos servidores<\/p>\n\n\n\n<p>Um novo padr\u00e3o de pr\u00e9dio p\u00fablico para Manaus<\/p>\n\n\n\n<p>Urbaniza\u00e7\u00e3o aliada \u00e0 natureza, inova\u00e7\u00e3o e cuidado com as pessoas<\/p>\n\n\n\n<p><strong>&#8212; &#8212; &#8212;<\/strong><\/p>\n\n\n\n<p><strong>Texto \u2013&nbsp;Claudia do Valle \/ Implurb<\/strong><\/p>\n\n\n\n<p><strong>Fotos \u2013 Semcom e Divulga\u00e7\u00e3o<\/strong><\/p>\n\n\n\n<p><\/p>\n\n\n\n<h3 class=\"wp-block-heading\">Plantas baixas<\/h3>\n\n\n\n<div class=\"gallery-container\">\n    <div class=\"gallery-slide\">\n        <!-- Adicione suas imagens aqui -->\n        <img decoding=\"async\" src=\"https:\/\/www.manaus.am.gov.br\/implurb\/wp-content\/uploads\/sites\/13\/2026\/01\/PlantasNovaSede1.png\" alt=\"Nova sede 1\">\n        <img decoding=\"async\" src=\"https:\/\/www.manaus.am.gov.br\/implurb\/wp-content\/uploads\/sites\/13\/2026\/01\/PlantasNovaSede2.png\" alt=\"Nova sede 2\">\n        <img decoding=\"async\" src=\"https:\/\/www.manaus.am.gov.br\/implurb\/wp-content\/uploads\/sites\/13\/2026\/01\/PlantasNovaSede3.png\" alt=\"Nova sede 3\">        \n        <img decoding=\"async\" src=\"https:\/\/www.manaus.am.gov.br\/implurb\/wp-content\/uploads\/sites\/13\/2026\/01\/PlantasNovaSede4.png\" alt=\"Nova sede 4\">        \n        <img decoding=\"async\" src=\"https:\/\/www.manaus.am.gov.br\/implurb\/wp-content\/uploads\/sites\/13\/2026\/01\/PlantasNovaSede5.png\" alt=\"Nova sede 5\">\n    <\/div>\n    <button class=\"gallery-button prev\" onclick=\"prevSlide(this)\">&#10094;<\/button>\n    <button class=\"gallery-button next\" onclick=\"nextSlide(this)\">&#10095;<\/button>\n<\/div>\n\n\n\n<p><\/p>\n\n\n\n<h3 class=\"wp-block-heading\">Localiza\u00e7\u00e3o<\/h3>\n\n\n\n<iframe src=\"https:\/\/www.google.com\/maps\/embed?pb=!1m14!1m8!1m3!1d4767.459495261178!2d-60.0678327!3d-3.0618071!3m2!1i1024!2i768!4f13.1!3m3!1m2!1s0x926c1100610aca59%3A0x4dba28c386a993b3!2sInstituto%20Municipal%20de%20Planejamento%20Urbano%20-%20IMPLURB!5e1!3m2!1spt-BR!2sbr!4v1769716672882!5m2!1spt-BR!2sbr\" width=\"600\" height=\"450\" style=\"border:0;\" allowfullscreen=\"\" loading=\"lazy\" referrerpolicy=\"no-referrer-when-downgrade\"><\/iframe>\n\n\n\n<p><\/p>\n\n\n\n<p><\/p>\n\n\n\n<style>\n    .gallery-container {\n    position: relative;\n    width: 90%; \/* Aumentado para ocupar mais espa\u00e7o *\/\n    max-width: 1200px; \/* Limite de largura para telas grandes *\/\n    margin: 40px auto;\n    overflow: hidden;\n}\n\n.gallery-slide {\n    display: flex;\n    transition: transform 0.5s ease-in-out;\n}\n\n.gallery-slide img {\n    width: 100%;\n    max-width: none;\n    height: 500px;\n    object-fit: cover;\n    cursor: pointer;\n    flex-shrink: 0;\n    display: block;\n}\n\n.gallery-button {\n    position: absolute;\n    top: 50%;\n    transform: translateY(-50%);\n    background-color: rgba(0, 0, 0, 0.5);\n    color: white;\n    border: none;\n    padding: 15px;\n    cursor: pointer;\n    z-index: 10;\n    font-size: 24px;\n    border-radius: 50%;\n}\n\n.prev {\n    left: 10px;\n}\n\n.next {\n    right: 10px;\n}\n\n\/* Lightbox *\/\n.gallery-lightbox {\n    display: none;\n    position: fixed;\n    inset: 0;\n    background: rgba(0,0,0,0.9);\n    z-index: 9999;\n    align-items: center;\n    justify-content: center;\n}\n\n.gallery-lightbox img {\n    max-width: 90%;\n    max-height: 90%;\n    object-fit: contain;\n}\n\n.gallery-lightbox.active {\n    display: flex;\n}\n\n.gallery-lightbox-close {\n    position: absolute;\n    top: 20px;\n    right: 30px;\n    color: #fff;\n    font-size: 36px;\n    cursor: pointer;\n}\n\n@media (max-width: 768px) {\n    .gallery-slide img {\n        height: 300px;\n    }\n}\n\n<\/style>\n\n<script>\nfunction nextSlide(button) {\n    moveSlide(button, 1);\n}\n\nfunction prevSlide(button) {\n    moveSlide(button, -1);\n}\n\nfunction moveSlide(button, direction) {\n    const gallery = button.closest('.gallery-container');\n    const slide = gallery.querySelector('.gallery-slide');\n    const images = slide.children;\n\n    let index = parseInt(gallery.dataset.index || 0);\n    index += direction;\n\n    if (index >= images.length) index = 0;\n    if (index < 0) index = images.length - 1;\n\n    gallery.dataset.index = index;\n    slide.style.transform = `translateX(-${index * 100}%)`;\n}\n<\/script>\n\n<script>\ndocument.addEventListener('DOMContentLoaded', () => {\n    const lightbox = document.createElement('div');\n    lightbox.className = 'gallery-lightbox';\n    lightbox.innerHTML = `\n        <span class=\"gallery-lightbox-close\">&times;<\/span>\n        <img decoding=\"async\" src=\"\">\n    `;\n    document.body.appendChild(lightbox);\n\n    const lightboxImg = lightbox.querySelector('img');\n    const closeBtn = lightbox.querySelector('.gallery-lightbox-close');\n\n    document.querySelectorAll('.gallery-slide img').forEach(img => {\n        img.addEventListener('click', () => {\n            lightboxImg.src = img.src;\n            lightbox.classList.add('active');\n        });\n    });\n\n    function closeLightbox() {\n        lightbox.classList.remove('active');\n        lightboxImg.src = '';\n    }\n\n    closeBtn.addEventListener('click', closeLightbox);\n    lightbox.addEventListener('click', (e) => {\n        if (e.target === lightbox) closeLightbox();\n    });\n});\n<\/script>\n","protected":false},"excerpt":{"rendered":"","protected":false},"author":8,"featured_media":0,"parent":0,"menu_order":0,"comment_status":"closed","ping_status":"closed","template":"templates\/turismo.php","meta":{"footnotes":""},"acf":[],"yoast_head":"<!-- This site is optimized with the Yoast SEO plugin v23.0 - https:\/\/yoast.com\/wordpress\/plugins\/seo\/ -->\n<title>Nova Sede - IMPLURB<\/title>\n<meta name=\"robots\" content=\"noindex, follow\" \/>\n<meta property=\"og:locale\" content=\"pt_BR\" \/>\n<meta property=\"og:type\" content=\"article\" \/>\n<meta property=\"og:title\" content=\"Nova Sede - IMPLURB\" \/>\n<meta property=\"og:url\" content=\"https:\/\/www.manaus.am.gov.br\/implurb\/nova-sede\/\" \/>\n<meta property=\"og:site_name\" content=\"IMPLURB\" \/>\n<meta property=\"article:modified_time\" content=\"2026-03-16T19:45:23+00:00\" \/>\n<meta property=\"og:image\" content=\"https:\/\/www.manaus.am.gov.br\/implurb\/wp-content\/uploads\/sites\/13\/2026\/03\/novasede5.jpg\" \/>\n<meta name=\"twitter:card\" content=\"summary_large_image\" \/>\n<meta name=\"twitter:label1\" content=\"Est. reading time\" \/>\n\t<meta name=\"twitter:data1\" content=\"8 minutos\" \/>\n<script type=\"application\/ld+json\" class=\"yoast-schema-graph\">{\"@context\":\"https:\/\/schema.org\",\"@graph\":[{\"@type\":\"WebPage\",\"@id\":\"https:\/\/www.manaus.am.gov.br\/implurb\/nova-sede\/\",\"url\":\"https:\/\/www.manaus.am.gov.br\/implurb\/nova-sede\/\",\"name\":\"Nova Sede - IMPLURB\",\"isPartOf\":{\"@id\":\"https:\/\/www.manaus.am.gov.br\/implurb\/#website\"},\"primaryImageOfPage\":{\"@id\":\"https:\/\/www.manaus.am.gov.br\/implurb\/nova-sede\/#primaryimage\"},\"image\":{\"@id\":\"https:\/\/www.manaus.am.gov.br\/implurb\/nova-sede\/#primaryimage\"},\"thumbnailUrl\":\"https:\/\/www.manaus.am.gov.br\/implurb\/wp-content\/uploads\/sites\/13\/2026\/03\/novasede5.jpg\",\"datePublished\":\"2026-01-23T03:37:16+00:00\",\"dateModified\":\"2026-03-16T19:45:23+00:00\",\"breadcrumb\":{\"@id\":\"https:\/\/www.manaus.am.gov.br\/implurb\/nova-sede\/#breadcrumb\"},\"inLanguage\":\"pt-BR\",\"potentialAction\":[{\"@type\":\"ReadAction\",\"target\":[\"https:\/\/www.manaus.am.gov.br\/implurb\/nova-sede\/\"]}]},{\"@type\":\"ImageObject\",\"inLanguage\":\"pt-BR\",\"@id\":\"https:\/\/www.manaus.am.gov.br\/implurb\/nova-sede\/#primaryimage\",\"url\":\"https:\/\/www.manaus.am.gov.br\/implurb\/wp-content\/uploads\/sites\/13\/2026\/03\/novasede5.jpg\",\"contentUrl\":\"https:\/\/www.manaus.am.gov.br\/implurb\/wp-content\/uploads\/sites\/13\/2026\/03\/novasede5.jpg\",\"width\":800,\"height\":600,\"caption\":\"nova sede 5\"},{\"@type\":\"BreadcrumbList\",\"@id\":\"https:\/\/www.manaus.am.gov.br\/implurb\/nova-sede\/#breadcrumb\",\"itemListElement\":[{\"@type\":\"ListItem\",\"position\":1,\"name\":\"Home\",\"item\":\"https:\/\/www.manaus.am.gov.br\/implurb\/\"},{\"@type\":\"ListItem\",\"position\":2,\"name\":\"Nova Sede\"}]},{\"@type\":\"WebSite\",\"@id\":\"https:\/\/www.manaus.am.gov.br\/implurb\/#website\",\"url\":\"https:\/\/www.manaus.am.gov.br\/implurb\/\",\"name\":\"IMPLURB\",\"description\":\"Prefeitura de Manaus\",\"potentialAction\":[{\"@type\":\"SearchAction\",\"target\":{\"@type\":\"EntryPoint\",\"urlTemplate\":\"https:\/\/www.manaus.am.gov.br\/implurb\/?s={search_term_string}\"},\"query-input\":\"required name=search_term_string\"}],\"inLanguage\":\"pt-BR\"}]}<\/script>\n<!-- \/ Yoast SEO plugin. -->","yoast_head_json":{"title":"Nova Sede - IMPLURB","robots":{"index":"noindex","follow":"follow"},"og_locale":"pt_BR","og_type":"article","og_title":"Nova Sede - IMPLURB","og_url":"https:\/\/www.manaus.am.gov.br\/implurb\/nova-sede\/","og_site_name":"IMPLURB","article_modified_time":"2026-03-16T19:45:23+00:00","og_image":[{"url":"https:\/\/www.manaus.am.gov.br\/implurb\/wp-content\/uploads\/sites\/13\/2026\/03\/novasede5.jpg"}],"twitter_card":"summary_large_image","twitter_misc":{"Est. reading time":"8 minutos"},"schema":{"@context":"https:\/\/schema.org","@graph":[{"@type":"WebPage","@id":"https:\/\/www.manaus.am.gov.br\/implurb\/nova-sede\/","url":"https:\/\/www.manaus.am.gov.br\/implurb\/nova-sede\/","name":"Nova Sede - IMPLURB","isPartOf":{"@id":"https:\/\/www.manaus.am.gov.br\/implurb\/#website"},"primaryImageOfPage":{"@id":"https:\/\/www.manaus.am.gov.br\/implurb\/nova-sede\/#primaryimage"},"image":{"@id":"https:\/\/www.manaus.am.gov.br\/implurb\/nova-sede\/#primaryimage"},"thumbnailUrl":"https:\/\/www.manaus.am.gov.br\/implurb\/wp-content\/uploads\/sites\/13\/2026\/03\/novasede5.jpg","datePublished":"2026-01-23T03:37:16+00:00","dateModified":"2026-03-16T19:45:23+00:00","breadcrumb":{"@id":"https:\/\/www.manaus.am.gov.br\/implurb\/nova-sede\/#breadcrumb"},"inLanguage":"pt-BR","potentialAction":[{"@type":"ReadAction","target":["https:\/\/www.manaus.am.gov.br\/implurb\/nova-sede\/"]}]},{"@type":"ImageObject","inLanguage":"pt-BR","@id":"https:\/\/www.manaus.am.gov.br\/implurb\/nova-sede\/#primaryimage","url":"https:\/\/www.manaus.am.gov.br\/implurb\/wp-content\/uploads\/sites\/13\/2026\/03\/novasede5.jpg","contentUrl":"https:\/\/www.manaus.am.gov.br\/implurb\/wp-content\/uploads\/sites\/13\/2026\/03\/novasede5.jpg","width":800,"height":600,"caption":"nova sede 5"},{"@type":"BreadcrumbList","@id":"https:\/\/www.manaus.am.gov.br\/implurb\/nova-sede\/#breadcrumb","itemListElement":[{"@type":"ListItem","position":1,"name":"Home","item":"https:\/\/www.manaus.am.gov.br\/implurb\/"},{"@type":"ListItem","position":2,"name":"Nova Sede"}]},{"@type":"WebSite","@id":"https:\/\/www.manaus.am.gov.br\/implurb\/#website","url":"https:\/\/www.manaus.am.gov.br\/implurb\/","name":"IMPLURB","description":"Prefeitura de Manaus","potentialAction":[{"@type":"SearchAction","target":{"@type":"EntryPoint","urlTemplate":"https:\/\/www.manaus.am.gov.br\/implurb\/?s={search_term_string}"},"query-input":"required name=search_term_string"}],"inLanguage":"pt-BR"}]}},"_links":{"self":[{"href":"https:\/\/www.manaus.am.gov.br\/implurb\/wp-json\/wp\/v2\/pages\/7495"}],"collection":[{"href":"https:\/\/www.manaus.am.gov.br\/implurb\/wp-json\/wp\/v2\/pages"}],"about":[{"href":"https:\/\/www.manaus.am.gov.br\/implurb\/wp-json\/wp\/v2\/types\/page"}],"author":[{"embeddable":true,"href":"https:\/\/www.manaus.am.gov.br\/implurb\/wp-json\/wp\/v2\/users\/8"}],"replies":[{"embeddable":true,"href":"https:\/\/www.manaus.am.gov.br\/implurb\/wp-json\/wp\/v2\/comments?post=7495"}],"version-history":[{"count":24,"href":"https:\/\/www.manaus.am.gov.br\/implurb\/wp-json\/wp\/v2\/pages\/7495\/revisions"}],"predecessor-version":[{"id":7923,"href":"https:\/\/www.manaus.am.gov.br\/implurb\/wp-json\/wp\/v2\/pages\/7495\/revisions\/7923"}],"wp:attachment":[{"href":"https:\/\/www.manaus.am.gov.br\/implurb\/wp-json\/wp\/v2\/media?parent=7495"}],"curies":[{"name":"wp","href":"https:\/\/api.w.org\/{rel}","templated":true}]}}