{"id":5550,"date":"2025-02-20T15:29:24","date_gmt":"2025-02-20T19:29:24","guid":{"rendered":"https:\/\/www.manaus.am.gov.br\/implurb\/?page_id=5550"},"modified":"2025-05-22T11:01:39","modified_gmt":"2025-05-22T15:01:39","slug":"modelos-planta-projeto","status":"publish","type":"page","link":"https:\/\/www.manaus.am.gov.br\/implurb\/alvara-de-construcao-mais-facil\/modelos-planta-projeto\/","title":{"rendered":"Modelos Planta Projeto"},"content":{"rendered":"\n<div class=\"wp-block-columns is-layout-flex wp-container-core-columns-layout-1 wp-block-columns-is-layout-flex\">\n<div class=\"wp-block-column is-layout-flow wp-block-column-is-layout-flow\">\n<p class=\"has-text-align-center\"><strong>UNIFAMILIAR<\/strong><\/p>\n\n\n\n<p class=\"has-text-align-center\"><a href=\"http:\/\/www2.manaus.am.gov.br\/\/docs\/portal\/secretarias\/implurb\/ACMF\/ACMF%20-%20PROJETOS%20EM%20PDF\/ALVAR%C3%81%20MAIS%20F%C3%81CIL%20-MODELO%201%20UNI%20-04-12.pdf\">Modelo em  .pdf<\/a><\/p>\n\n\n\n<p class=\"has-text-align-center\"><a href=\"http:\/\/www2.manaus.am.gov.br\/\/docs\/portal\/secretarias\/implurb\/ACMF\/ACMF%20-%20PROJETOS%20EM%20DWG\/ALVAR%C3%81%20MAIS%20F%C3%81CIL-MODELO%201%20UNI%20-04-12.dwg\">Modelo em .dwg<\/a><\/p>\n<\/div>\n\n\n\n<div class=\"wp-block-column is-layout-flow wp-block-column-is-layout-flow\">\n<p class=\"has-text-align-center\"><strong>MULTIFAMILIAR<\/strong><\/p>\n\n\n\n<p class=\"has-text-align-center\"><a href=\"http:\/\/www2.manaus.am.gov.br\/\/docs\/portal\/secretarias\/implurb\/ACMF\/ACMF%20-%20PROJETOS%20EM%20PDF\/ALVAR%C3%81%20MAIS%20F%C3%81CIL-MODELO%202%20MULTI%20-04-12.pdf\">Modelo em .pdf<\/a><\/p>\n\n\n\n<p class=\"has-text-align-center\"><a href=\"http:\/\/www2.manaus.am.gov.br\/\/docs\/portal\/secretarias\/implurb\/ACMF\/ACMF%20-%20PROJETOS%20EM%20DWG\/ALVAR%C3%81%20MAIS%20F%C3%81CIL-MODELO%202%20MULTI%20-04-12.dwg\">Modelo em .dwg<\/a><\/p>\n<\/div>\n<\/div>\n","protected":false},"excerpt":{"rendered":"","protected":false},"author":8,"featured_media":0,"parent":5512,"menu_order":0,"comment_status":"closed","ping_status":"closed","template":"","meta":{"footnotes":""},"acf":[],"yoast_head":"<!-- This site is optimized with the Yoast SEO plugin v23.0 - https:\/\/yoast.com\/wordpress\/plugins\/seo\/ -->\n<title>Modelos Planta Projeto - IMPLURB<\/title>\n<meta name=\"robots\" content=\"noindex, follow\" \/>\n<meta property=\"og:locale\" content=\"pt_BR\" \/>\n<meta property=\"og:type\" content=\"article\" \/>\n<meta property=\"og:title\" content=\"Modelos Planta Projeto - IMPLURB\" \/>\n<meta property=\"og:url\" content=\"https:\/\/www.manaus.am.gov.br\/implurb\/alvara-de-construcao-mais-facil\/modelos-planta-projeto\/\" \/>\n<meta property=\"og:site_name\" content=\"IMPLURB\" \/>\n<meta property=\"article:modified_time\" content=\"2025-05-22T15:01:39+00:00\" \/>\n<meta name=\"twitter:card\" content=\"summary_large_image\" \/>\n<meta name=\"twitter:label1\" content=\"Est. reading time\" \/>\n\t<meta name=\"twitter:data1\" content=\"1 minuto\" \/>\n<script type=\"application\/ld+json\" class=\"yoast-schema-graph\">{\"@context\":\"https:\/\/schema.org\",\"@graph\":[{\"@type\":\"WebPage\",\"@id\":\"https:\/\/www.manaus.am.gov.br\/implurb\/alvara-de-construcao-mais-facil\/modelos-planta-projeto\/\",\"url\":\"https:\/\/www.manaus.am.gov.br\/implurb\/alvara-de-construcao-mais-facil\/modelos-planta-projeto\/\",\"name\":\"Modelos Planta Projeto - IMPLURB\",\"isPartOf\":{\"@id\":\"https:\/\/www.manaus.am.gov.br\/implurb\/#website\"},\"datePublished\":\"2025-02-20T19:29:24+00:00\",\"dateModified\":\"2025-05-22T15:01:39+00:00\",\"breadcrumb\":{\"@id\":\"https:\/\/www.manaus.am.gov.br\/implurb\/alvara-de-construcao-mais-facil\/modelos-planta-projeto\/#breadcrumb\"},\"inLanguage\":\"pt-BR\",\"potentialAction\":[{\"@type\":\"ReadAction\",\"target\":[\"https:\/\/www.manaus.am.gov.br\/implurb\/alvara-de-construcao-mais-facil\/modelos-planta-projeto\/\"]}]},{\"@type\":\"BreadcrumbList\",\"@id\":\"https:\/\/www.manaus.am.gov.br\/implurb\/alvara-de-construcao-mais-facil\/modelos-planta-projeto\/#breadcrumb\",\"itemListElement\":[{\"@type\":\"ListItem\",\"position\":1,\"name\":\"Home\",\"item\":\"https:\/\/www.manaus.am.gov.br\/implurb\/\"},{\"@type\":\"ListItem\",\"position\":2,\"name\":\"Sistema Alvar\u00e1 de Constru\u00e7\u00e3o\u00a0Mais\u00a0F\u00e1cil\",\"item\":\"https:\/\/www.manaus.am.gov.br\/implurb\/alvara-de-construcao-mais-facil\/\"},{\"@type\":\"ListItem\",\"position\":3,\"name\":\"Modelos Planta Projeto\"}]},{\"@type\":\"WebSite\",\"@id\":\"https:\/\/www.manaus.am.gov.br\/implurb\/#website\",\"url\":\"https:\/\/www.manaus.am.gov.br\/implurb\/\",\"name\":\"IMPLURB\",\"description\":\"Prefeitura de Manaus\",\"potentialAction\":[{\"@type\":\"SearchAction\",\"target\":{\"@type\":\"EntryPoint\",\"urlTemplate\":\"https:\/\/www.manaus.am.gov.br\/implurb\/?s={search_term_string}\"},\"query-input\":\"required name=search_term_string\"}],\"inLanguage\":\"pt-BR\"}]}<\/script>\n<!-- \/ Yoast SEO plugin. -->","yoast_head_json":{"title":"Modelos Planta Projeto - IMPLURB","robots":{"index":"noindex","follow":"follow"},"og_locale":"pt_BR","og_type":"article","og_title":"Modelos Planta Projeto - IMPLURB","og_url":"https:\/\/www.manaus.am.gov.br\/implurb\/alvara-de-construcao-mais-facil\/modelos-planta-projeto\/","og_site_name":"IMPLURB","article_modified_time":"2025-05-22T15:01:39+00:00","twitter_card":"summary_large_image","twitter_misc":{"Est. reading time":"1 minuto"},"schema":{"@context":"https:\/\/schema.org","@graph":[{"@type":"WebPage","@id":"https:\/\/www.manaus.am.gov.br\/implurb\/alvara-de-construcao-mais-facil\/modelos-planta-projeto\/","url":"https:\/\/www.manaus.am.gov.br\/implurb\/alvara-de-construcao-mais-facil\/modelos-planta-projeto\/","name":"Modelos Planta Projeto - IMPLURB","isPartOf":{"@id":"https:\/\/www.manaus.am.gov.br\/implurb\/#website"},"datePublished":"2025-02-20T19:29:24+00:00","dateModified":"2025-05-22T15:01:39+00:00","breadcrumb":{"@id":"https:\/\/www.manaus.am.gov.br\/implurb\/alvara-de-construcao-mais-facil\/modelos-planta-projeto\/#breadcrumb"},"inLanguage":"pt-BR","potentialAction":[{"@type":"ReadAction","target":["https:\/\/www.manaus.am.gov.br\/implurb\/alvara-de-construcao-mais-facil\/modelos-planta-projeto\/"]}]},{"@type":"BreadcrumbList","@id":"https:\/\/www.manaus.am.gov.br\/implurb\/alvara-de-construcao-mais-facil\/modelos-planta-projeto\/#breadcrumb","itemListElement":[{"@type":"ListItem","position":1,"name":"Home","item":"https:\/\/www.manaus.am.gov.br\/implurb\/"},{"@type":"ListItem","position":2,"name":"Sistema Alvar\u00e1 de Constru\u00e7\u00e3o\u00a0Mais\u00a0F\u00e1cil","item":"https:\/\/www.manaus.am.gov.br\/implurb\/alvara-de-construcao-mais-facil\/"},{"@type":"ListItem","position":3,"name":"Modelos Planta Projeto"}]},{"@type":"WebSite","@id":"https:\/\/www.manaus.am.gov.br\/implurb\/#website","url":"https:\/\/www.manaus.am.gov.br\/implurb\/","name":"IMPLURB","description":"Prefeitura de Manaus","potentialAction":[{"@type":"SearchAction","target":{"@type":"EntryPoint","urlTemplate":"https:\/\/www.manaus.am.gov.br\/implurb\/?s={search_term_string}"},"query-input":"required name=search_term_string"}],"inLanguage":"pt-BR"}]}},"_links":{"self":[{"href":"https:\/\/www.manaus.am.gov.br\/implurb\/wp-json\/wp\/v2\/pages\/5550"}],"collection":[{"href":"https:\/\/www.manaus.am.gov.br\/implurb\/wp-json\/wp\/v2\/pages"}],"about":[{"href":"https:\/\/www.manaus.am.gov.br\/implurb\/wp-json\/wp\/v2\/types\/page"}],"author":[{"embeddable":true,"href":"https:\/\/www.manaus.am.gov.br\/implurb\/wp-json\/wp\/v2\/users\/8"}],"replies":[{"embeddable":true,"href":"https:\/\/www.manaus.am.gov.br\/implurb\/wp-json\/wp\/v2\/comments?post=5550"}],"version-history":[{"count":10,"href":"https:\/\/www.manaus.am.gov.br\/implurb\/wp-json\/wp\/v2\/pages\/5550\/revisions"}],"predecessor-version":[{"id":6104,"href":"https:\/\/www.manaus.am.gov.br\/implurb\/wp-json\/wp\/v2\/pages\/5550\/revisions\/6104"}],"up":[{"embeddable":true,"href":"https:\/\/www.manaus.am.gov.br\/implurb\/wp-json\/wp\/v2\/pages\/5512"}],"wp:attachment":[{"href":"https:\/\/www.manaus.am.gov.br\/implurb\/wp-json\/wp\/v2\/media?parent=5550"}],"curies":[{"name":"wp","href":"https:\/\/api.w.org\/{rel}","templated":true}]}}