{"id":5521,"date":"2025-02-19T10:50:37","date_gmt":"2025-02-19T14:50:37","guid":{"rendered":"https:\/\/www.manaus.am.gov.br\/implurb\/?page_id=5521"},"modified":"2025-02-19T10:50:37","modified_gmt":"2025-02-19T14:50:37","slug":"tutoriais-em-videos","status":"publish","type":"page","link":"https:\/\/www.manaus.am.gov.br\/implurb\/alvara-de-construcao-mais-facil\/tutoriais-em-videos\/","title":{"rendered":"Tutoriais em v\u00eddeos"},"content":{"rendered":"\n<h2 class=\"wp-block-heading\">Cadastro de Usu\u00e1rio<\/h2>\n\n\n\n<figure class=\"wp-block-video\"><video controls src=\"http:\/\/www2.manaus.am.gov.br\/docs\/portal\/secretarias\/implurb\/Tutoriais%20ACMF\/VIDEO%201%20IMPLURB%20-%20CADASTRO%20DE%20USUARIO.mp4\"><\/video><\/figure>\n\n\n\n<p><\/p>\n\n\n\n<h2 class=\"wp-block-heading\">Cadastro de Usu\u00e1rio RT<\/h2>\n\n\n\n<figure class=\"wp-block-video\"><video controls src=\"http:\/\/www2.manaus.am.gov.br\/docs\/portal\/secretarias\/implurb\/Tutoriais%20ACMF\/VIDEO%202%20IMPLURB%20-%20CADASTRO%20DE%20USUARIO%20RT.mp4\"><\/video><\/figure>\n\n\n\n<p><\/p>\n\n\n\n<h2 class=\"wp-block-heading\">Requerimento de Alvar\u00e1<\/h2>\n\n\n\n<figure class=\"wp-block-video\"><video controls src=\"http:\/\/www2.manaus.am.gov.br\/docs\/portal\/secretarias\/implurb\/Tutoriais%20ACMF\/VIDEO%203%20IMPLURB%20-%20REQUERIMENTO%20DE%20ALVARA.mp4\"><\/video><\/figure>\n\n\n\n<p><\/p>\n\n\n\n<h2 class=\"wp-block-heading\">Acompanhamento de Alvar\u00e1<\/h2>\n\n\n\n<figure class=\"wp-block-video\"><video controls src=\"http:\/\/www2.manaus.am.gov.br\/docs\/portal\/secretarias\/implurb\/Tutoriais%20ACMF\/VIDEO%204%20IMPLURB%20-%20ACOMPANHAMENTO%20DE%20ALVARA.mp4\"><\/video><\/figure>\n","protected":false},"excerpt":{"rendered":"","protected":false},"author":8,"featured_media":0,"parent":5512,"menu_order":0,"comment_status":"closed","ping_status":"closed","template":"","meta":{"footnotes":""},"acf":[],"yoast_head":"<!-- This site is optimized with the Yoast SEO plugin v23.0 - https:\/\/yoast.com\/wordpress\/plugins\/seo\/ -->\n<title>Tutoriais em v\u00eddeos - IMPLURB<\/title>\n<meta name=\"robots\" content=\"noindex, follow\" \/>\n<meta property=\"og:locale\" content=\"pt_BR\" \/>\n<meta property=\"og:type\" content=\"article\" \/>\n<meta property=\"og:title\" content=\"Tutoriais em v\u00eddeos - IMPLURB\" \/>\n<meta property=\"og:url\" content=\"https:\/\/www.manaus.am.gov.br\/implurb\/alvara-de-construcao-mais-facil\/tutoriais-em-videos\/\" \/>\n<meta property=\"og:site_name\" content=\"IMPLURB\" \/>\n<meta name=\"twitter:card\" content=\"summary_large_image\" \/>\n<meta name=\"twitter:label1\" content=\"Est. reading time\" \/>\n\t<meta name=\"twitter:data1\" content=\"1 minuto\" \/>\n<script type=\"application\/ld+json\" class=\"yoast-schema-graph\">{\"@context\":\"https:\/\/schema.org\",\"@graph\":[{\"@type\":\"WebPage\",\"@id\":\"https:\/\/www.manaus.am.gov.br\/implurb\/alvara-de-construcao-mais-facil\/tutoriais-em-videos\/\",\"url\":\"https:\/\/www.manaus.am.gov.br\/implurb\/alvara-de-construcao-mais-facil\/tutoriais-em-videos\/\",\"name\":\"Tutoriais em v\u00eddeos - IMPLURB\",\"isPartOf\":{\"@id\":\"https:\/\/www.manaus.am.gov.br\/implurb\/#website\"},\"datePublished\":\"2025-02-19T14:50:37+00:00\",\"dateModified\":\"2025-02-19T14:50:37+00:00\",\"breadcrumb\":{\"@id\":\"https:\/\/www.manaus.am.gov.br\/implurb\/alvara-de-construcao-mais-facil\/tutoriais-em-videos\/#breadcrumb\"},\"inLanguage\":\"pt-BR\",\"potentialAction\":[{\"@type\":\"ReadAction\",\"target\":[\"https:\/\/www.manaus.am.gov.br\/implurb\/alvara-de-construcao-mais-facil\/tutoriais-em-videos\/\"]}]},{\"@type\":\"BreadcrumbList\",\"@id\":\"https:\/\/www.manaus.am.gov.br\/implurb\/alvara-de-construcao-mais-facil\/tutoriais-em-videos\/#breadcrumb\",\"itemListElement\":[{\"@type\":\"ListItem\",\"position\":1,\"name\":\"Home\",\"item\":\"https:\/\/www.manaus.am.gov.br\/implurb\/\"},{\"@type\":\"ListItem\",\"position\":2,\"name\":\"Sistema Alvar\u00e1 de Constru\u00e7\u00e3o\u00a0Mais\u00a0F\u00e1cil\",\"item\":\"https:\/\/www.manaus.am.gov.br\/implurb\/alvara-de-construcao-mais-facil\/\"},{\"@type\":\"ListItem\",\"position\":3,\"name\":\"Tutoriais em v\u00eddeos\"}]},{\"@type\":\"WebSite\",\"@id\":\"https:\/\/www.manaus.am.gov.br\/implurb\/#website\",\"url\":\"https:\/\/www.manaus.am.gov.br\/implurb\/\",\"name\":\"IMPLURB\",\"description\":\"Prefeitura de Manaus\",\"potentialAction\":[{\"@type\":\"SearchAction\",\"target\":{\"@type\":\"EntryPoint\",\"urlTemplate\":\"https:\/\/www.manaus.am.gov.br\/implurb\/?s={search_term_string}\"},\"query-input\":\"required name=search_term_string\"}],\"inLanguage\":\"pt-BR\"}]}<\/script>\n<!-- \/ Yoast SEO plugin. -->","yoast_head_json":{"title":"Tutoriais em v\u00eddeos - IMPLURB","robots":{"index":"noindex","follow":"follow"},"og_locale":"pt_BR","og_type":"article","og_title":"Tutoriais em v\u00eddeos - IMPLURB","og_url":"https:\/\/www.manaus.am.gov.br\/implurb\/alvara-de-construcao-mais-facil\/tutoriais-em-videos\/","og_site_name":"IMPLURB","twitter_card":"summary_large_image","twitter_misc":{"Est. reading time":"1 minuto"},"schema":{"@context":"https:\/\/schema.org","@graph":[{"@type":"WebPage","@id":"https:\/\/www.manaus.am.gov.br\/implurb\/alvara-de-construcao-mais-facil\/tutoriais-em-videos\/","url":"https:\/\/www.manaus.am.gov.br\/implurb\/alvara-de-construcao-mais-facil\/tutoriais-em-videos\/","name":"Tutoriais em v\u00eddeos - IMPLURB","isPartOf":{"@id":"https:\/\/www.manaus.am.gov.br\/implurb\/#website"},"datePublished":"2025-02-19T14:50:37+00:00","dateModified":"2025-02-19T14:50:37+00:00","breadcrumb":{"@id":"https:\/\/www.manaus.am.gov.br\/implurb\/alvara-de-construcao-mais-facil\/tutoriais-em-videos\/#breadcrumb"},"inLanguage":"pt-BR","potentialAction":[{"@type":"ReadAction","target":["https:\/\/www.manaus.am.gov.br\/implurb\/alvara-de-construcao-mais-facil\/tutoriais-em-videos\/"]}]},{"@type":"BreadcrumbList","@id":"https:\/\/www.manaus.am.gov.br\/implurb\/alvara-de-construcao-mais-facil\/tutoriais-em-videos\/#breadcrumb","itemListElement":[{"@type":"ListItem","position":1,"name":"Home","item":"https:\/\/www.manaus.am.gov.br\/implurb\/"},{"@type":"ListItem","position":2,"name":"Sistema Alvar\u00e1 de Constru\u00e7\u00e3o\u00a0Mais\u00a0F\u00e1cil","item":"https:\/\/www.manaus.am.gov.br\/implurb\/alvara-de-construcao-mais-facil\/"},{"@type":"ListItem","position":3,"name":"Tutoriais em v\u00eddeos"}]},{"@type":"WebSite","@id":"https:\/\/www.manaus.am.gov.br\/implurb\/#website","url":"https:\/\/www.manaus.am.gov.br\/implurb\/","name":"IMPLURB","description":"Prefeitura de Manaus","potentialAction":[{"@type":"SearchAction","target":{"@type":"EntryPoint","urlTemplate":"https:\/\/www.manaus.am.gov.br\/implurb\/?s={search_term_string}"},"query-input":"required name=search_term_string"}],"inLanguage":"pt-BR"}]}},"_links":{"self":[{"href":"https:\/\/www.manaus.am.gov.br\/implurb\/wp-json\/wp\/v2\/pages\/5521"}],"collection":[{"href":"https:\/\/www.manaus.am.gov.br\/implurb\/wp-json\/wp\/v2\/pages"}],"about":[{"href":"https:\/\/www.manaus.am.gov.br\/implurb\/wp-json\/wp\/v2\/types\/page"}],"author":[{"embeddable":true,"href":"https:\/\/www.manaus.am.gov.br\/implurb\/wp-json\/wp\/v2\/users\/8"}],"replies":[{"embeddable":true,"href":"https:\/\/www.manaus.am.gov.br\/implurb\/wp-json\/wp\/v2\/comments?post=5521"}],"version-history":[{"count":1,"href":"https:\/\/www.manaus.am.gov.br\/implurb\/wp-json\/wp\/v2\/pages\/5521\/revisions"}],"predecessor-version":[{"id":5523,"href":"https:\/\/www.manaus.am.gov.br\/implurb\/wp-json\/wp\/v2\/pages\/5521\/revisions\/5523"}],"up":[{"embeddable":true,"href":"https:\/\/www.manaus.am.gov.br\/implurb\/wp-json\/wp\/v2\/pages\/5512"}],"wp:attachment":[{"href":"https:\/\/www.manaus.am.gov.br\/implurb\/wp-json\/wp\/v2\/media?parent=5521"}],"curies":[{"name":"wp","href":"https:\/\/api.w.org\/{rel}","templated":true}]}}