{"id":4603,"date":"2024-06-05T16:09:20","date_gmt":"2024-06-05T20:09:20","guid":{"rendered":"https:\/\/www.manaus.am.gov.br\/implurb\/?page_id=4603"},"modified":"2024-06-06T08:37:09","modified_gmt":"2024-06-06T12:37:09","slug":"alvara-de-construcao-2024","status":"publish","type":"page","link":"https:\/\/www.manaus.am.gov.br\/implurb\/indicadores-implurb\/alvara-de-construcao\/alvara-de-construcao-2024\/","title":{"rendered":"Alvar\u00e1 de Constru\u00e7\u00e3o &#8211; 2024"},"content":{"rendered":"\n<p><a href=\"http:\/\/www2.manaus.am.gov.br\/\/docs\/portal\/secretarias\/implurb\/INDICADORES\/ALVARA%20DE%20CONSTRU%C3%87AO\/N-01%20INDICAD%20ALVAR%C3%81%20CONSTR%20JAN%202021%20-%20MAR%202024.pdf\">Por quantidade<\/a><\/p>\n\n\n\n<p><a href=\"http:\/\/www2.manaus.am.gov.br\/\/docs\/portal\/secretarias\/implurb\/INDICADORES\/ALVARA%20DE%20CONSTRU%C3%87AO\/N-02%20INDICAD%20ALVAR%C3%81%20CONSTR%20%C3%81REA%20%20JAN%202021%20-%20MAR%202024.pdf\">Por \u00c1rea (M<sup>2<\/sup>)<\/a><\/p>\n","protected":false},"excerpt":{"rendered":"","protected":false},"author":8,"featured_media":0,"parent":4565,"menu_order":0,"comment_status":"closed","ping_status":"closed","template":"templates\/turismo.php","meta":{"footnotes":""},"acf":[],"yoast_head":"<!-- This site is optimized with the Yoast SEO plugin v23.0 - https:\/\/yoast.com\/wordpress\/plugins\/seo\/ -->\n<title>Alvar\u00e1 de Constru\u00e7\u00e3o - 2024 - IMPLURB<\/title>\n<meta name=\"robots\" content=\"noindex, follow\" \/>\n<meta property=\"og:locale\" content=\"pt_BR\" \/>\n<meta property=\"og:type\" content=\"article\" \/>\n<meta property=\"og:title\" content=\"Alvar\u00e1 de Constru\u00e7\u00e3o - 2024 - IMPLURB\" \/>\n<meta property=\"og:url\" content=\"https:\/\/www.manaus.am.gov.br\/implurb\/indicadores-implurb\/alvara-de-construcao\/alvara-de-construcao-2024\/\" \/>\n<meta property=\"og:site_name\" content=\"IMPLURB\" \/>\n<meta property=\"article:modified_time\" content=\"2024-06-06T12:37:09+00:00\" \/>\n<meta name=\"twitter:card\" content=\"summary_large_image\" \/>\n<meta name=\"twitter:label1\" content=\"Est. reading time\" \/>\n\t<meta name=\"twitter:data1\" content=\"1 minuto\" \/>\n<script type=\"application\/ld+json\" class=\"yoast-schema-graph\">{\"@context\":\"https:\/\/schema.org\",\"@graph\":[{\"@type\":\"WebPage\",\"@id\":\"https:\/\/www.manaus.am.gov.br\/implurb\/indicadores-implurb\/alvara-de-construcao\/alvara-de-construcao-2024\/\",\"url\":\"https:\/\/www.manaus.am.gov.br\/implurb\/indicadores-implurb\/alvara-de-construcao\/alvara-de-construcao-2024\/\",\"name\":\"Alvar\u00e1 de Constru\u00e7\u00e3o - 2024 - IMPLURB\",\"isPartOf\":{\"@id\":\"https:\/\/www.manaus.am.gov.br\/implurb\/#website\"},\"datePublished\":\"2024-06-05T20:09:20+00:00\",\"dateModified\":\"2024-06-06T12:37:09+00:00\",\"breadcrumb\":{\"@id\":\"https:\/\/www.manaus.am.gov.br\/implurb\/indicadores-implurb\/alvara-de-construcao\/alvara-de-construcao-2024\/#breadcrumb\"},\"inLanguage\":\"pt-BR\",\"potentialAction\":[{\"@type\":\"ReadAction\",\"target\":[\"https:\/\/www.manaus.am.gov.br\/implurb\/indicadores-implurb\/alvara-de-construcao\/alvara-de-construcao-2024\/\"]}]},{\"@type\":\"BreadcrumbList\",\"@id\":\"https:\/\/www.manaus.am.gov.br\/implurb\/indicadores-implurb\/alvara-de-construcao\/alvara-de-construcao-2024\/#breadcrumb\",\"itemListElement\":[{\"@type\":\"ListItem\",\"position\":1,\"name\":\"Home\",\"item\":\"https:\/\/www.manaus.am.gov.br\/implurb\/\"},{\"@type\":\"ListItem\",\"position\":2,\"name\":\"Indicadores IMPLURB\",\"item\":\"https:\/\/www.manaus.am.gov.br\/implurb\/indicadores-implurb\/\"},{\"@type\":\"ListItem\",\"position\":3,\"name\":\"Alvar\u00e1 de Constru\u00e7\u00e3o\",\"item\":\"https:\/\/www.manaus.am.gov.br\/implurb\/indicadores-implurb\/alvara-de-construcao\/\"},{\"@type\":\"ListItem\",\"position\":4,\"name\":\"Alvar\u00e1 de Constru\u00e7\u00e3o &#8211; 2024\"}]},{\"@type\":\"WebSite\",\"@id\":\"https:\/\/www.manaus.am.gov.br\/implurb\/#website\",\"url\":\"https:\/\/www.manaus.am.gov.br\/implurb\/\",\"name\":\"IMPLURB\",\"description\":\"Prefeitura de Manaus\",\"potentialAction\":[{\"@type\":\"SearchAction\",\"target\":{\"@type\":\"EntryPoint\",\"urlTemplate\":\"https:\/\/www.manaus.am.gov.br\/implurb\/?s={search_term_string}\"},\"query-input\":\"required name=search_term_string\"}],\"inLanguage\":\"pt-BR\"}]}<\/script>\n<!-- \/ Yoast SEO plugin. -->","yoast_head_json":{"title":"Alvar\u00e1 de Constru\u00e7\u00e3o - 2024 - IMPLURB","robots":{"index":"noindex","follow":"follow"},"og_locale":"pt_BR","og_type":"article","og_title":"Alvar\u00e1 de Constru\u00e7\u00e3o - 2024 - IMPLURB","og_url":"https:\/\/www.manaus.am.gov.br\/implurb\/indicadores-implurb\/alvara-de-construcao\/alvara-de-construcao-2024\/","og_site_name":"IMPLURB","article_modified_time":"2024-06-06T12:37:09+00:00","twitter_card":"summary_large_image","twitter_misc":{"Est. reading time":"1 minuto"},"schema":{"@context":"https:\/\/schema.org","@graph":[{"@type":"WebPage","@id":"https:\/\/www.manaus.am.gov.br\/implurb\/indicadores-implurb\/alvara-de-construcao\/alvara-de-construcao-2024\/","url":"https:\/\/www.manaus.am.gov.br\/implurb\/indicadores-implurb\/alvara-de-construcao\/alvara-de-construcao-2024\/","name":"Alvar\u00e1 de Constru\u00e7\u00e3o - 2024 - IMPLURB","isPartOf":{"@id":"https:\/\/www.manaus.am.gov.br\/implurb\/#website"},"datePublished":"2024-06-05T20:09:20+00:00","dateModified":"2024-06-06T12:37:09+00:00","breadcrumb":{"@id":"https:\/\/www.manaus.am.gov.br\/implurb\/indicadores-implurb\/alvara-de-construcao\/alvara-de-construcao-2024\/#breadcrumb"},"inLanguage":"pt-BR","potentialAction":[{"@type":"ReadAction","target":["https:\/\/www.manaus.am.gov.br\/implurb\/indicadores-implurb\/alvara-de-construcao\/alvara-de-construcao-2024\/"]}]},{"@type":"BreadcrumbList","@id":"https:\/\/www.manaus.am.gov.br\/implurb\/indicadores-implurb\/alvara-de-construcao\/alvara-de-construcao-2024\/#breadcrumb","itemListElement":[{"@type":"ListItem","position":1,"name":"Home","item":"https:\/\/www.manaus.am.gov.br\/implurb\/"},{"@type":"ListItem","position":2,"name":"Indicadores IMPLURB","item":"https:\/\/www.manaus.am.gov.br\/implurb\/indicadores-implurb\/"},{"@type":"ListItem","position":3,"name":"Alvar\u00e1 de Constru\u00e7\u00e3o","item":"https:\/\/www.manaus.am.gov.br\/implurb\/indicadores-implurb\/alvara-de-construcao\/"},{"@type":"ListItem","position":4,"name":"Alvar\u00e1 de Constru\u00e7\u00e3o &#8211; 2024"}]},{"@type":"WebSite","@id":"https:\/\/www.manaus.am.gov.br\/implurb\/#website","url":"https:\/\/www.manaus.am.gov.br\/implurb\/","name":"IMPLURB","description":"Prefeitura de Manaus","potentialAction":[{"@type":"SearchAction","target":{"@type":"EntryPoint","urlTemplate":"https:\/\/www.manaus.am.gov.br\/implurb\/?s={search_term_string}"},"query-input":"required name=search_term_string"}],"inLanguage":"pt-BR"}]}},"_links":{"self":[{"href":"https:\/\/www.manaus.am.gov.br\/implurb\/wp-json\/wp\/v2\/pages\/4603"}],"collection":[{"href":"https:\/\/www.manaus.am.gov.br\/implurb\/wp-json\/wp\/v2\/pages"}],"about":[{"href":"https:\/\/www.manaus.am.gov.br\/implurb\/wp-json\/wp\/v2\/types\/page"}],"author":[{"embeddable":true,"href":"https:\/\/www.manaus.am.gov.br\/implurb\/wp-json\/wp\/v2\/users\/8"}],"replies":[{"embeddable":true,"href":"https:\/\/www.manaus.am.gov.br\/implurb\/wp-json\/wp\/v2\/comments?post=4603"}],"version-history":[{"count":4,"href":"https:\/\/www.manaus.am.gov.br\/implurb\/wp-json\/wp\/v2\/pages\/4603\/revisions"}],"predecessor-version":[{"id":4679,"href":"https:\/\/www.manaus.am.gov.br\/implurb\/wp-json\/wp\/v2\/pages\/4603\/revisions\/4679"}],"up":[{"embeddable":true,"href":"https:\/\/www.manaus.am.gov.br\/implurb\/wp-json\/wp\/v2\/pages\/4565"}],"wp:attachment":[{"href":"https:\/\/www.manaus.am.gov.br\/implurb\/wp-json\/wp\/v2\/media?parent=4603"}],"curies":[{"name":"wp","href":"https:\/\/api.w.org\/{rel}","templated":true}]}}