{"id":430,"date":"2023-06-20T17:36:25","date_gmt":"2023-06-20T21:36:25","guid":{"rendered":"https:\/\/www.manaus.am.gov.br\/implurb\/?page_id=430"},"modified":"2025-03-20T15:06:58","modified_gmt":"2025-03-20T19:06:58","slug":"lista-de-documentos","status":"publish","type":"page","link":"https:\/\/www.manaus.am.gov.br\/implurb\/servicos-e-certidoes\/lista-de-documentos\/","title":{"rendered":"Lista de documentos"},"content":{"rendered":"\n<h2 class=\"wp-block-heading\">1. DOCUMENTOS E REQUERIMENTO PARA PUBLICIDADE<\/h2>\n\n\n\n<h3 class=\"wp-block-heading\"><a href=\"http:\/\/www2.manaus.am.gov.br\/\/docs\/portal\/secretarias\/implurb\/Lista%20de%20Documenta%C3%A7%C3%A3o%202024\/1.%20DOCUMENTOS%20E%20REQUERIMENTO%20PARA%20PUBLICIDADE\/1.%20RELA%C3%87%C3%83O%20DE%20DOCUMENTOS%20PARA%20ENGENHOS%20PUBLICIT%C3%81RIOS.pdf\">RELA\u00c7\u00c3O DE DOCUMENTOS PARA ENGENHOS PUBLICIT\u00c1RIOS<\/a><\/h3>\n\n\n\n<h3 class=\"wp-block-heading\"><a href=\"http:\/\/www2.manaus.am.gov.br\/\/docs\/portal\/secretarias\/implurb\/Lista%20de%20Documenta%C3%A7%C3%A3o%202024\/1.%20DOCUMENTOS%20E%20REQUERIMENTO%20PARA%20PUBLICIDADE\/2.%20REQUERIMENTO%20PADR%C3%83O%20PARA%20ENGENHOS%20PUBLICIT%C3%81RIOS.pdf\">REQUERIMENTO PADR\u00c3O PARA ENGENHOS PUBLICIT\u00c1RIOS<\/a><\/h3>\n\n\n\n<p> <\/p>\n\n\n\n<h2 class=\"wp-block-heading\">2. CERTID\u00c3O DE ENDERE\u00c7O<\/h2>\n\n\n\n<h3 class=\"wp-block-heading\"><a href=\"http:\/\/www2.manaus.am.gov.br\/\/docs\/portal\/secretarias\/implurb\/Lista%20de%20Documenta%C3%A7%C3%A3o%202024\/2.%20CERTID%C3%83O%20DE%20ENDERE%C3%87O\/1.%20RELA%C3%87%C3%83O%20DE%20DOCUMENTOS%20PARA%20CERTID%C3%83O%20DE%20ENDERE%C3%87O.pdf\">RELA\u00c7\u00c3O DE DOCUMENTOS PARA CERTID\u00c3O DE ENDERE\u00c7O<\/a><\/h3>\n\n\n\n<h3 class=\"wp-block-heading\"><a href=\"http:\/\/www2.manaus.am.gov.br\/\/docs\/portal\/secretarias\/implurb\/Lista%20de%20Documenta%C3%A7%C3%A3o%202024\/2.%20CERTID%C3%83O%20DE%20ENDERE%C3%87O\/2.%20REQUERIMENTO%20PADR%C3%83O%20PARA%20CERTID%C3%83O%20DE%20ENDERE%C3%87O.pdf\">REQUERIMENTO PADR\u00c3O PARA CERTID\u00c3O DE ENDERE\u00c7O<\/a><\/h3>\n\n\n\n<h3 class=\"wp-block-heading\"><a href=\"http:\/\/www2.manaus.am.gov.br\/\/docs\/portal\/secretarias\/implurb\/Lista%20de%20Documenta%C3%A7%C3%A3o%202024\/2.%20CERTID%C3%83O%20DE%20ENDERE%C3%87O\/3.%20AUTORIZA%C3%87%C3%83O%20PARA%20CERTID%C3%83O%20DE%20ENDERE%C3%87O.pdf\">AUTORIZA\u00c7\u00c3O PARA CERTID\u00c3O DE ENDERE\u00c7O<\/a><\/h3>\n\n\n\n<p> <\/p>\n\n\n\n<h2 class=\"wp-block-heading\">3. APROVA\u00c7\u00c3O, LICEN\u00c7A DE OBRA, CERTID\u00d5ES, REGULARIZA\u00c7\u00c3O E HABITE-SE<\/h2>\n\n\n\n<h3 class=\"wp-block-heading\"><a href=\"https:\/\/www.manaus.am.gov.br\/implurb\/wp-content\/uploads\/sites\/13\/2023\/06\/1-LICENCAS_em_GERAL.2022.pdf\" target=\"_blank\" rel=\"noreferrer noopener\">LICEN\u00c7A GERAL<\/a><\/h3>\n\n\n\n<h3 class=\"wp-block-heading\"><a href=\"https:\/\/www.manaus.am.gov.br\/implurb\/wp-content\/uploads\/sites\/13\/2023\/06\/3.2-RENOVACAO-DE-LICENCAS-ALVARAS-2022.pdf\" target=\"_blank\" rel=\"noreferrer noopener\">RENOVA\u00c7\u00c3O DE LICEN\u00c7AS \/ ALVAR\u00c1S<\/a><\/h3>\n\n\n\n<h3 class=\"wp-block-heading\"><a href=\"https:\/\/www.manaus.am.gov.br\/implurb\/wp-content\/uploads\/sites\/13\/2023\/06\/3.3-APROVACAO-DE-PROJETO-SEM-LICENCA-2022.pdf\" target=\"_blank\" rel=\"noreferrer noopener\">APROVA\u00c7\u00c3O DE PROJETOS SEM LICEN\u00c7A<\/a><\/h3>\n\n\n\n<h3 class=\"wp-block-heading\"><a href=\"https:\/\/www.manaus.am.gov.br\/implurb\/wp-content\/uploads\/sites\/13\/2023\/06\/3.4-CERTIDAO-DE-VIABILIDADE-DE-PROJETO-2022.pdf\" target=\"_blank\" rel=\"noreferrer noopener\">VIABILIDADE DE PROJETO<\/a><\/h3>\n\n\n\n<h3 class=\"wp-block-heading\"><a href=\"https:\/\/www.manaus.am.gov.br\/implurb\/wp-content\/uploads\/sites\/13\/2023\/06\/3.5-APROVACAO-E-LICENCA-2022.pdf\" target=\"_blank\" rel=\"noreferrer noopener\">APROVA\u00c7\u00c3O E LICEN\u00c7A_GERAL<\/a><\/h3>\n\n\n\n<h3 class=\"wp-block-heading\"><a href=\"https:\/\/www.manaus.am.gov.br\/implurb\/wp-content\/uploads\/sites\/13\/2023\/06\/6-HABITE_SE_GERAL.2022.pdf\" target=\"_blank\" rel=\"noreferrer noopener\">HABITE-SE GERAL<\/a><\/h3>\n\n\n\n<h3 class=\"wp-block-heading\"><a href=\"https:\/\/www.manaus.am.gov.br\/implurb\/wp-content\/uploads\/sites\/13\/2023\/06\/3.7-REGULARIZACAO-E-HABITE-SE-2022.pdf\" target=\"_blank\" rel=\"noreferrer noopener\">REGULARIZA\u00c7\u00c3O E HABITE-SE GERAL<\/a><\/h3>\n\n\n\n<h3 class=\"wp-block-heading\"><a href=\"https:\/\/www.manaus.am.gov.br\/implurb\/wp-content\/uploads\/sites\/13\/2023\/06\/3.8-HABITE-SE-SIMPLIFICADO-2022.pdf\" target=\"_blank\" rel=\"noreferrer noopener\">HABITE-SE SIMPLIFICADO<\/a><\/h3>\n\n\n\n<h3 class=\"wp-block-heading\"><a href=\"http:\/\/www2.manaus.am.gov.br\/\/docs\/portal\/secretarias\/implurb\/Lista%20de%20Documenta%C3%A7%C3%A3o%202024\/3.%20APROVA%C3%87%C3%83O%2C%20LICEN%C3%87A%20DE%20OBRA%2C%20CERTID%C3%95ES%2C%20REGULARIZA%C3%87%C3%83O%20E%20HABITE-SE\/doc%20erb%20site.pdf\">ESTA\u00c7\u00c3O R\u00c1DIO BASE-ERB, ESTA\u00c7\u00c3O R\u00c1DIO BASE M\u00d3VEL-ERB, ESTA\u00c7\u00c3O R\u00c1DIO BASE M\u00d3VEL DE PEQUENO PORTE-ERB MINI<\/a><\/h3>\n\n\n\n<h3 class=\"wp-block-heading\"><a href=\"http:\/\/www2.manaus.am.gov.br\/\/docs\/portal\/secretarias\/implurb\/Lista%20de%20Documenta%C3%A7%C3%A3o%202024\/3.%20APROVA%C3%87%C3%83O%2C%20LICEN%C3%87A%20DE%20OBRA%2C%20CERTID%C3%95ES%2C%20REGULARIZA%C3%87%C3%83O%20E%20HABITE-SE\/10.%20CERTID%C3%83O%20DE%20HABITABILIDADE.pdf\">CERTID\u00c3O DE HABITABILIDADE<\/a><\/h3>\n\n\n\n<h3 class=\"wp-block-heading\"><a href=\"http:\/\/www2.manaus.am.gov.br\/\/docs\/portal\/secretarias\/implurb\/Lista%20de%20Documenta%C3%A7%C3%A3o%202024\/3.%20APROVA%C3%87%C3%83O%2C%20LICEN%C3%87A%20DE%20OBRA%2C%20CERTID%C3%95ES%2C%20REGULARIZA%C3%87%C3%83O%20E%20HABITE-SE\/11.%20LICEN%C3%87A%20PARA%20A%20INSTALA%C3%87%C3%83O%20DE%20DUTOS%20E%20LINHAS%20DE%20ALTA%20TENS%C3%83O.pdf\">LICEN\u00c7A PARA A INSTALA\u00c7\u00c3O DE DUTOS E LINHAS DE ALTA TENS\u00c3O<\/a><\/h3>\n\n\n\n<h3 class=\"wp-block-heading\"><a href=\"https:\/\/www.manaus.am.gov.br\/implurb\/wp-content\/uploads\/sites\/13\/2023\/06\/3.12-AUTORIZACAO-DE-REFORMA-SEM-ACRESCIMO-DE-AREA-2022.pdf\" target=\"_blank\" rel=\"noreferrer noopener\">AUTORIZA\u00c7\u00c3O DE REFORMA SEM ACR\u00c9SCIMO DE \u00c1REA<\/a><\/h3>\n\n\n\n<p> <\/p>\n\n\n\n<h2 class=\"wp-block-heading\">4. LISTA DE DOCUMENTOS HABITA\u00c7\u00c3O DE INTERESSE SOCIAL<\/h2>\n\n\n\n<h3 class=\"wp-block-heading\"><a href=\"http:\/\/www2.manaus.am.gov.br\/\/docs\/portal\/secretarias\/implurb\/Lista%20de%20Documenta%C3%A7%C3%A3o%202024\/4.%20LISTA%20DE%20DOCUMENTOS%20HABITA%C3%87%C3%83O%20DE%20INTERESSE%20SOCIAL\/1.%20Habita%C3%A7%C3%A3o%20de%20Interesse%20Social%20%E2%80%93%20Unifamiliar%20e%20Multifamiliar.pdf\">HABITA\u00c7\u00c3O DE INTERESSE SOCIAL \u2013 UNIFAMILIAR E MULTIFAMILIAR &#8211; APROVA\u00c7\u00c3O E LICEN\u00c7A \/ HABITE-SE<\/a><\/h3>\n\n\n\n<p> <\/p>\n\n\n\n<h2 class=\"wp-block-heading\">5. LISTA DE DOCUMENTOS PARCELAMENTO DO SOLO<\/h2>\n\n\n\n<h3 class=\"wp-block-heading\"><a href=\"http:\/\/www2.manaus.am.gov.br\/\/docs\/portal\/secretarias\/implurb\/Lista%20de%20Documenta%C3%A7%C3%A3o%202024\/5.%20LISTA%20DE%20DOCUMENTOS%20PARCELAMENTO%20DO%20SOLO\/1.%20REQUERIMENTO%20PADR%C3%83O%20PARA%20PARCELAMENTO%20DO%20SOLO.pdf\">REQUERIMENTO PADR\u00c3O PARA PARCELAMENTO DO SOLO<\/a><\/h3>\n\n\n\n<h3 class=\"wp-block-heading\"><a href=\"http:\/\/www2.manaus.am.gov.br\/\/docs\/portal\/secretarias\/implurb\/Lista%20de%20Documenta%C3%A7%C3%A3o%202024\/5.%20LISTA%20DE%20DOCUMENTOS%20PARCELAMENTO%20DO%20SOLO\/2.%20APROVA%C3%87%C3%83O%20DE%20LOTEAMENTO.pdf\">APROVA\u00c7\u00c3O DE LOTEAMENTO<\/a><\/h3>\n\n\n\n<h3 class=\"wp-block-heading\"><a href=\"http:\/\/www2.manaus.am.gov.br\/\/docs\/portal\/secretarias\/implurb\/Lista%20de%20Documenta%C3%A7%C3%A3o%202024\/5.%20LISTA%20DE%20DOCUMENTOS%20PARCELAMENTO%20DO%20SOLO\/3.%20LICEN%C3%87A%20PARA%20LOTEAMENTO.pdf\">LICEN\u00c7A PARA LOTEAMENTO<\/a><\/h3>\n\n\n\n<h3 class=\"wp-block-heading\"><a href=\"http:\/\/www2.manaus.am.gov.br\/\/docs\/portal\/secretarias\/implurb\/Lista%20de%20Documenta%C3%A7%C3%A3o%202024\/5.%20LISTA%20DE%20DOCUMENTOS%20PARCELAMENTO%20DO%20SOLO\/4.%20APROVA%C3%87%C3%83O%20DE%20DESMEMBRAMENTO%20E%20REMEMBRAMENTO.pdf\">APROVA\u00c7\u00c3O DE DESMEMBRAMENTO E REMEMBRAMENTO<\/a><\/h3>\n\n\n\n<h3 class=\"wp-block-heading\"><a href=\"http:\/\/www2.manaus.am.gov.br\/\/docs\/portal\/secretarias\/implurb\/Lista%20de%20Documenta%C3%A7%C3%A3o%202024\/5.%20LISTA%20DE%20DOCUMENTOS%20PARCELAMENTO%20DO%20SOLO\/5.%20MODIFICA%C3%87%C3%83O%20DE%20LOTEAMENTO.pdf\">MODIFICA\u00c7\u00c3O DE LOTEAMENTO<\/a><\/h3>\n\n\n\n<h3 class=\"wp-block-heading\"><a href=\"http:\/\/www2.manaus.am.gov.br\/\/docs\/portal\/secretarias\/implurb\/Lista%20de%20Documenta%C3%A7%C3%A3o%202024\/5.%20LISTA%20DE%20DOCUMENTOS%20PARCELAMENTO%20DO%20SOLO\/6.%20RENOVA%C3%87%C3%83O%20OU%20RETIFICA%C3%87%C3%83O%20DE%20DESMEMBRAMENTO%20E%20REMEMBRAMENTO.pdf\">RENOVA\u00c7\u00c3O OU RETIFICA\u00c7\u00c3O DE DESMEMBRAMENTO E REMEMBRAMENTO<\/a><\/h3>\n\n\n\n<h3 class=\"wp-block-heading\"><a href=\"http:\/\/www2.manaus.am.gov.br\/\/docs\/portal\/secretarias\/implurb\/Lista%20de%20Documenta%C3%A7%C3%A3o%202024\/5.%20LISTA%20DE%20DOCUMENTOS%20PARCELAMENTO%20DO%20SOLO\/7.%20CHECKLIST%20%E2%80%93%20CONCESS%C3%83O%20DE%20DIREITO%20REAL%20DE%20USO.pdf\">CHECKLIST \u2013 CONCESS\u00c3O DE DIREITO REAL DE USO<\/a><\/h3>\n\n\n\n<h3 class=\"wp-block-heading\"><a href=\"http:\/\/www2.manaus.am.gov.br\/\/docs\/portal\/secretarias\/implurb\/Lista%20de%20Documenta%C3%A7%C3%A3o%202024\/5.%20LISTA%20DE%20DOCUMENTOS%20PARCELAMENTO%20DO%20SOLO\/8.%20Termo%20de%20Verifica%C3%A7%C3%A3o%20de%20Execu%C3%A7%C3%A3o%20de%20Obras%20-%20Loteamento.pdf\">TERMO DE VERIFICA\u00c7\u00c3O DA EXECU\u00c7\u00c3O DAS OBRAS DE LOTEAMENTO<\/a><\/h3>\n\n\n\n<h3 class=\"wp-block-heading\"><a href=\"https:\/\/www.manaus.am.gov.br\/implurb\/wp-content\/uploads\/sites\/13\/2023\/06\/MODELO-DE-LAUDO-TECNICO-RECURSO-CMDU.pdf\" target=\"_blank\" rel=\"noreferrer noopener\">MODELO DE LAUDO T\u00c9CNICO \u2013 Resolu\u00e7\u00e3o CMDU n\u00ba 001, de 30 de mar\u00e7o de 2022<\/a><\/h3>\n\n\n\n<p> <\/p>\n\n\n\n<h2 class=\"wp-block-heading\">6. LISTA DE DOCUMENTOS GER\u00caNCIA DE INFORMA\u00c7\u00c3O T\u00c9CNICA<\/h2>\n\n\n\n<h3 class=\"wp-block-heading\"><a href=\"https:\/\/www.manaus.am.gov.br\/implurb\/wp-content\/uploads\/sites\/13\/2023\/06\/1-CIT_GERAL._2022.pdf\" target=\"_blank\" rel=\"noreferrer noopener\">CERTID\u00c3O DE INFORMA\u00c7\u00c3O T\u00c9CNICA EM GERAL<\/a><\/h3>\n\n\n\n<h3 class=\"wp-block-heading\"><a href=\"https:\/\/www.manaus.am.gov.br\/implurb\/wp-content\/uploads\/sites\/13\/2023\/06\/2-CIT_USO_DO_SOLO._2022.pdf\" target=\"_blank\" rel=\"noreferrer noopener\">CERTID\u00c3O DE INFORMA\u00c7\u00c3O T\u00c9CNICA PARA USO DO SOLO<\/a><\/h3>\n\n\n\n<h3 class=\"wp-block-heading\"><a href=\"https:\/\/www.manaus.am.gov.br\/implurb\/wp-content\/uploads\/sites\/13\/2023\/06\/3-CIT_USO_E_OCUPACAO_DO_SOLO._2022.pdf\" target=\"_blank\" rel=\"noreferrer noopener\">CERTID\u00c3O DE INFORMA\u00c7\u00c3O T\u00c9CNICA PARA USO E OCUPA\u00c7\u00c3O DO SOLO<\/a><\/h3>\n\n\n\n<h3 class=\"wp-block-heading\"><a href=\"https:\/\/www.manaus.am.gov.br\/implurb\/wp-content\/uploads\/sites\/13\/2023\/06\/MEMORIAL-DESCRITIVO-DE-ATIVIDADES-CIT-2021.pdf\" target=\"_blank\" rel=\"noreferrer noopener\">MEMORIAL DESCRITIVO DE ATIVIDADES \u2013 CIT<\/a><\/h3>\n\n\n\n<h3 class=\"wp-block-heading\"><a href=\"https:\/\/www.manaus.am.gov.br\/implurb\/wp-content\/uploads\/sites\/13\/2023\/06\/MEMORIAL-DESCRITIVO-DE-FUNCIONAMENTO-DA-EMPRESA-EXCLUSIVO-PARA-CIT-DE-USO-DO-SOLO-2021.pdf\" target=\"_blank\" rel=\"noreferrer noopener\">MEMORIAL DESCRITIVO DE FUNCIONAMENTO DA EMPRESA \u2013 EXCLUSIVO PARA CIT DE USO DO SOLO<\/a><\/h3>\n\n\n\n<h3 class=\"wp-block-heading\"><a href=\"https:\/\/www.manaus.am.gov.br\/implurb\/wp-content\/uploads\/sites\/13\/2023\/06\/MODELO-DE-CARTA-A-CTPCU.CMDU_.-2021.pdf\" target=\"_blank\" rel=\"noreferrer noopener\">MODELO DE CARTA A CTPCU-CMDU<\/a><\/h3>\n\n\n\n<h3 class=\"wp-block-heading\"><a href=\"https:\/\/www.manaus.am.gov.br\/implurb\/wp-content\/uploads\/sites\/13\/2023\/06\/REENQUADRAMENTO-DE-ATIVIDADES-PARA-USO-E-OCUPACAO-DO-SOLO-2021.pdf\" target=\"_blank\" rel=\"noreferrer noopener\">REENQUADRAMENTO DE ATIVIDADES<\/a><\/h3>\n\n\n\n<h3 class=\"wp-block-heading\"><\/h3>\n\n\n\n<p> <\/p>\n\n\n\n<h2 class=\"wp-block-heading\">7. LISTA DE DOCUMENTOS PATRIM\u00d4NIO HIST\u00d3RICO<\/h2>\n\n\n\n<h3 class=\"wp-block-heading\"><a href=\"http:\/\/www2.manaus.am.gov.br\/\/docs\/portal\/secretarias\/implurb\/Lista%20de%20Documenta%C3%A7%C3%A3o%202024\/7.%20LISTA%20DE%20DOCUMENTOS%20PATRIM%C3%94NIO%20HIST%C3%93RICO\/1.%20CERTID%C3%83O%20DE%20INFORMA%C3%87%C3%83O%20SOBRE%20TOMBAMENTO%20DE%20IM%C3%93VEIS.pdf\">CERTID\u00c3O DE INFORMA\u00c7\u00c3O SOBRE TOMBAMENTO DE IM\u00d3VEIS<\/a><\/h3>\n\n\n\n<h3 class=\"wp-block-heading\"><a href=\"http:\/\/www2.manaus.am.gov.br\/\/docs\/portal\/secretarias\/implurb\/Lista%20de%20Documenta%C3%A7%C3%A3o%202024\/7.%20LISTA%20DE%20DOCUMENTOS%20PATRIM%C3%94NIO%20HIST%C3%93RICO\/2.%20LAUDO%20T%C3%89CNICO%20PARA%20ISEN%C3%87%C3%83O%20DE%20IPTU.pdf\">LAUDO T\u00c9CNICO PARA ISEN\u00c7\u00c3O DE IPTU<\/a><\/h3>\n\n\n\n<h3 class=\"wp-block-heading\"><a href=\"http:\/\/www2.manaus.am.gov.br\/\/docs\/portal\/secretarias\/implurb\/Lista%20de%20Documenta%C3%A7%C3%A3o%202024\/7.%20LISTA%20DE%20DOCUMENTOS%20PATRIM%C3%94NIO%20HIST%C3%93RICO\/3.%20CERTID%C3%83O%20PARA%20REFORMA%20EM%20UNIDADES%20HIST%C3%93RICAS.pdf\">CERTID\u00c3O PARA REFORMA EM UNIDADES HIST\u00d3RICAS<\/a><\/h3>\n\n\n\n<h3 class=\"wp-block-heading\"><a href=\"http:\/\/www2.manaus.am.gov.br\/\/docs\/portal\/secretarias\/implurb\/Lista%20de%20Documenta%C3%A7%C3%A3o%202024\/7.%20LISTA%20DE%20DOCUMENTOS%20PATRIM%C3%94NIO%20HIST%C3%93RICO\/4.%20CERTID%C3%83O%20PARA%20REFORMA%20EM%20UNIDADES%20N%C3%83O%20HIST%C3%93RICAS.pdf\">CERTID\u00c3O PARA REFORMA EM UNIDADES N\u00c3O HIST\u00d3RICAS<\/a><\/h3>\n\n\n\n<p> <\/p>\n\n\n\n<h2 class=\"wp-block-heading\">8. DOCUMENTOS AVALIA\u00c7\u00c3O URBAN\u00cdSTICAS<\/h2>\n\n\n\n<h3 class=\"wp-block-heading\"><a href=\"http:\/\/www2.manaus.am.gov.br\/\/docs\/portal\/secretarias\/implurb\/Lista%20de%20Documenta%C3%A7%C3%A3o%202024\/8.%20DOCUMENTOS%20AVALIA%C3%87%C3%83O%20URBAN%C3%8DSTICAS\/1.%20DOCUMENTOS%20PARA%20AVALIA%C3%87%C3%83O%20URBAN%C3%8DSTICA.pdf\">CERTID\u00c3O DE AVALIA\u00c7\u00c3O URBAN\u00cdSTICA ACIMA DE 50.000m\u00b2<\/a><\/h3>\n\n\n\n<h3 class=\"wp-block-heading\"><a href=\"http:\/\/www2.manaus.am.gov.br\/\/docs\/portal\/secretarias\/implurb\/Lista%20de%20Documenta%C3%A7%C3%A3o%202024\/8.%20DOCUMENTOS%20AVALIA%C3%87%C3%83O%20URBAN%C3%8DSTICAS\/2.%20AUTORIZA%C3%87%C3%83O%20PREC%C3%81RIA%20PARA%20CONTROLE%20DE%20ACESSO.pdf\">AUTORIZA\u00c7\u00c3O PARA CESS\u00c3O DE VIA P\u00daBLICA<\/a><\/h3>\n\n\n\n<h3 class=\"wp-block-heading\"><a href=\"http:\/\/www2.manaus.am.gov.br\/\/docs\/portal\/secretarias\/implurb\/Lista%20de%20Documenta%C3%A7%C3%A3o%202024\/8.%20DOCUMENTOS%20AVALIA%C3%87%C3%83O%20URBAN%C3%8DSTICAS\/3.%20AUTORIZA%C3%87%C3%83O%20PARA%20TRANSFORMA%C3%87%C3%83O%20EM%20AEIS.pdf\">AUTORIZA\u00c7\u00c3O PARA TRANSFORMAR EM AEIS<\/a><\/h3>\n\n\n\n<p> <\/p>\n\n\n\n<h2 class=\"wp-block-heading\">9. REQUERIMENTO E FORMUL\u00c1RIOS<\/h2>\n\n\n\n<h3 class=\"wp-block-heading\"><a href=\"http:\/\/www2.manaus.am.gov.br\/\/docs\/portal\/secretarias\/implurb\/Lista%20de%20Documenta%C3%A7%C3%A3o%202024\/9.%20REQUERIMENTO%20E%20FORMUL%C3%81RIOS\/1.%20REQUERIMENTO%20PADR%C3%83O%202024.pdf\">REQUERIMENTO PADR\u00c3O<\/a><\/h3>\n\n\n\n<h3 class=\"wp-block-heading\"><a href=\"http:\/\/www2.manaus.am.gov.br\/\/docs\/portal\/secretarias\/implurb\/Lista%20de%20Documenta%C3%A7%C3%A3o%202024\/9.%20REQUERIMENTO%20E%20FORMUL%C3%81RIOS\/2.%20REQUERIMENTO%20PADR%C3%83O%20PARA%20AN%C3%81LISE%20DE%20ESTUDO%20DE%20IMPACTO%20DE%20VIZINHAN%C3%87A.pdf\">REQUERIMENTO PADR\u00c3O PARA AN\u00c1LISE DE ESTUDO DE IMPACTO DE VIZINHAN\u00c7A<\/a><\/h3>\n\n\n\n<h3 class=\"wp-block-heading\"><a href=\"https:\/\/www.manaus.am.gov.br\/implurb\/wp-content\/uploads\/sites\/13\/2023\/06\/MEMORIAL-DESCRITIVO-COORDENADAS-Sirgas-2000.xlsx\" target=\"_blank\" rel=\"noreferrer noopener\">MEMORIAL DESCRITIVO DE GEORREFERENCIAMENTO \u2013 COORDENADAS Sirgas 2000<\/a><\/h3>\n\n\n\n<h3 class=\"wp-block-heading\"><a href=\"http:\/\/www2.manaus.am.gov.br\/\/docs\/portal\/secretarias\/implurb\/ATAS%20CMDU\/2024\/9.13%20MODELO%20-%20TERMO%20DE%20DECLARA%C3%87%C3%83O%20DE%20VERACIDADE%20DAS%20ASSINATURAS.pdf\">MODELO PARA ANU\u00caNCIA DOS MORADORES<\/a><\/h3>\n\n\n\n<h3 class=\"wp-block-heading\"><a href=\"http:\/\/www2.manaus.am.gov.br\/\/docs\/portal\/secretarias\/implurb\/MODELO%20PLACA%20DE%20OBRAS\/PLACA-DE-OBRA-ATUALIZADA-2024.pdf\">PLACA DE OBRA<\/a><\/h3>\n\n\n\n<h3 class=\"wp-block-heading\"><a href=\"https:\/\/www.manaus.am.gov.br\/implurb\/wp-content\/uploads\/sites\/13\/2023\/06\/TERMO-DE-RESPONSABILIDADE-PARA-LOTEAMENTO-E-DESMEMBRAMENTO-2021.pdf\" target=\"_blank\" rel=\"noreferrer noopener\">TERMO DE RESPONSABILIDADE PARA LOTEAMENTO E DESMEMBRAMENTO<\/a><\/h3>\n\n\n\n<h3 class=\"wp-block-heading\"><a href=\"https:\/\/www.manaus.am.gov.br\/implurb\/wp-content\/uploads\/sites\/13\/2023\/06\/9.7-CRONOGRAMA-DE-OBRAS.pdf\" target=\"_blank\" rel=\"noreferrer noopener\">CRONOGRAMA DE OBRAS<\/a><\/h3>\n\n\n\n<h3 class=\"wp-block-heading\"><a href=\"https:\/\/www.manaus.am.gov.br\/implurb\/wp-content\/uploads\/sites\/13\/2023\/06\/TERMO-DE-REFERENCIA-PARA-ELABORACAO-DO-ESTUDO-DE-IMPACTO-DE-VIZINHANCA-FINAL.pdf\" target=\"_blank\" rel=\"noreferrer noopener\">TERMO DE REFER\u00caNCIA PARA ELABORA\u00c7\u00c3O DO ESTUDO DE IMPACTO DE VIZINHAN\u00c7A<\/a><\/h3>\n\n\n\n<h3 class=\"wp-block-heading\"><a href=\"https:\/\/www.manaus.am.gov.br\/implurb\/wp-content\/uploads\/sites\/13\/2023\/06\/9.9-TERMO-DE-COMPROMISSO-AREA-NON-AEDIFICANDI.pdf\" target=\"_blank\" rel=\"noreferrer noopener\">TERMO DE REFER\u00caNCIA NON AEDIFICANDI<\/a><\/h3>\n\n\n\n<h3 class=\"wp-block-heading\"><a href=\"http:\/\/www2.manaus.am.gov.br\/\/docs\/portal\/secretarias\/implurb\/Lista%20de%20Documenta%C3%A7%C3%A3o%202021\/8.0%20REQUERIMENTO%20E%20FORMUL%C3%81RIOS\/Modelo%20de%20Laudo%20de%20vistoria%202024.pdf\">MODELO DE LAUDO DE VISTORIA \u2013 APROVA\u00c7\u00c3O E LICEN\u00c7A, REFORMAS E DEMAIS SERVI\u00c7OS<\/a><\/h3>\n\n\n\n<h3 class=\"wp-block-heading\"><a href=\"https:\/\/www.manaus.am.gov.br\/implurb\/wp-content\/uploads\/sites\/13\/2023\/06\/9.12-DECLARACAO-DE-COMPROMISSO-E-RESPONSABILIDADE.pdf\" target=\"_blank\" rel=\"noreferrer noopener\">DECLARA\u00c7\u00c3O DE COMPROMISSO E RESPONSABILIDADE<\/a><\/h3>\n\n\n\n<p> <\/p>\n\n\n\n<h2 class=\"wp-block-heading\">10. REQUERIMENTO PONTA NEGRA<\/h2>\n\n\n\n<h3 class=\"wp-block-heading\"><a href=\"http:\/\/www2.manaus.am.gov.br\/\/docs\/portal\/secretarias\/implurb\/Lista%20de%20Documenta%C3%A7%C3%A3o%202024\/10.%20REQUERIMENTO%20PONTA%20NEGRA\/1.%20REQUERIMENTO%20PADR%C3%83O%20%E2%80%93%20PONTA%20NEGRA%202024.pdf\">REQUERIMENTO PADR\u00c3O \u2013 PONTA NEGRA<\/a><\/h3>\n\n\n\n<h3 class=\"wp-block-heading\"><a href=\"http:\/\/www2.manaus.am.gov.br\/\/docs\/portal\/secretarias\/implurb\/Lista%20de%20Documenta%C3%A7%C3%A3o%202024\/10.%20REQUERIMENTO%20PONTA%20NEGRA\/2.%20NORMAS%20PARA%20SOLICITA%C3%87%C3%83O%20DE%20EVENTOS%20%E2%80%93%20PONTA%20NEGRA%202024.pdf\">NORMAS PARA SOLICITA\u00c7\u00c3O DE EVENTOS \u2013 PONTA NEGRA<\/a><\/h3>\n\n\n\n<p> <\/p>\n\n\n\n<h2 class=\"wp-block-heading\">11. LISTA DE DOCUMENTOS ATIVIDADE ECON\u00d4MICA <\/h2>\n\n\n\n<h3 class=\"wp-block-heading\"><a href=\"http:\/\/www2.manaus.am.gov.br\/\/docs\/portal\/secretarias\/implurb\/Lista%20de%20Documenta%C3%A7%C3%A3o%202024\/11.%20ATIVIDADE%20ECONOMICA\/1.%20REQUERIMENTO%20PADR%C3%83O%20ATIVIDADE%20ECONOMICA%20-%20GFAP.pdf\">REQUERIMENTO PADR\u00c3O \u2013 ATIVIDADE ECON\u00d4MICA<\/a><\/h3>\n\n\n\n<h3 class=\"wp-block-heading\"><a href=\"http:\/\/www2.manaus.am.gov.br\/\/docs\/portal\/secretarias\/implurb\/Lista%20de%20Documenta%C3%A7%C3%A3o%202024\/11.%20ATIVIDADE%20ECONOMICA\/2.%20VIABILIDADE%20-%20ATIVIDADE%20ECONOMICA.pdf\">VIABILIDADE \u2013 ATIVIDADE ECON\u00d4MICA<\/a><\/h3>\n\n\n\n<h3 class=\"wp-block-heading\"><a href=\"http:\/\/www2.manaus.am.gov.br\/\/docs\/portal\/secretarias\/implurb\/Lista%20de%20Documenta%C3%A7%C3%A3o%202024\/11.%20ATIVIDADE%20ECONOMICA\/3.%20LICEN%C3%87A%20-%20ATIVIDADE%20ECONOMICA.pdf\">LICEN\u00c7A \u2013 ATIVIDADE ECON\u00d4MICA<\/a><\/h3>\n\n\n\n<h3 class=\"wp-block-heading\"><a href=\"http:\/\/www2.manaus.am.gov.br\/\/docs\/portal\/secretarias\/implurb\/Lista%20de%20Documenta%C3%A7%C3%A3o%202024\/11.%20ATIVIDADE%20ECONOMICA\/4.%20TROCA%20DE%20TITULARIDADE%20-%20ATIVIDADE%20ECONOMICA.pdf\">TROCA DE TITULARIDADE \u2013 ATIVIDADE ECON\u00d4MICA<\/a><\/h3>\n\n\n\n<p><\/p>\n","protected":false},"excerpt":{"rendered":"","protected":false},"author":27,"featured_media":0,"parent":427,"menu_order":0,"comment_status":"closed","ping_status":"closed","template":"templates\/turismo.php","meta":{"footnotes":""},"acf":[],"yoast_head":"<!-- This site is optimized with the Yoast SEO plugin v23.0 - https:\/\/yoast.com\/wordpress\/plugins\/seo\/ -->\n<title>Lista de documentos - IMPLURB<\/title>\n<meta name=\"robots\" content=\"noindex, follow\" \/>\n<meta property=\"og:locale\" content=\"pt_BR\" \/>\n<meta property=\"og:type\" content=\"article\" \/>\n<meta property=\"og:title\" content=\"Lista de documentos - IMPLURB\" \/>\n<meta property=\"og:url\" content=\"https:\/\/www.manaus.am.gov.br\/implurb\/servicos-e-certidoes\/lista-de-documentos\/\" \/>\n<meta property=\"og:site_name\" content=\"IMPLURB\" \/>\n<meta property=\"article:modified_time\" content=\"2025-03-20T19:06:58+00:00\" \/>\n<meta name=\"twitter:card\" content=\"summary_large_image\" \/>\n<meta name=\"twitter:label1\" content=\"Est. reading time\" \/>\n\t<meta name=\"twitter:data1\" content=\"3 minutos\" \/>\n<script type=\"application\/ld+json\" class=\"yoast-schema-graph\">{\"@context\":\"https:\/\/schema.org\",\"@graph\":[{\"@type\":\"WebPage\",\"@id\":\"https:\/\/www.manaus.am.gov.br\/implurb\/servicos-e-certidoes\/lista-de-documentos\/\",\"url\":\"https:\/\/www.manaus.am.gov.br\/implurb\/servicos-e-certidoes\/lista-de-documentos\/\",\"name\":\"Lista de documentos - IMPLURB\",\"isPartOf\":{\"@id\":\"https:\/\/www.manaus.am.gov.br\/implurb\/#website\"},\"datePublished\":\"2023-06-20T21:36:25+00:00\",\"dateModified\":\"2025-03-20T19:06:58+00:00\",\"breadcrumb\":{\"@id\":\"https:\/\/www.manaus.am.gov.br\/implurb\/servicos-e-certidoes\/lista-de-documentos\/#breadcrumb\"},\"inLanguage\":\"pt-BR\",\"potentialAction\":[{\"@type\":\"ReadAction\",\"target\":[\"https:\/\/www.manaus.am.gov.br\/implurb\/servicos-e-certidoes\/lista-de-documentos\/\"]}]},{\"@type\":\"BreadcrumbList\",\"@id\":\"https:\/\/www.manaus.am.gov.br\/implurb\/servicos-e-certidoes\/lista-de-documentos\/#breadcrumb\",\"itemListElement\":[{\"@type\":\"ListItem\",\"position\":1,\"name\":\"Home\",\"item\":\"https:\/\/www.manaus.am.gov.br\/implurb\/\"},{\"@type\":\"ListItem\",\"position\":2,\"name\":\"Servi\u00e7os\",\"item\":\"https:\/\/www.manaus.am.gov.br\/implurb\/servicos-e-certidoes\/\"},{\"@type\":\"ListItem\",\"position\":3,\"name\":\"Lista de documentos\"}]},{\"@type\":\"WebSite\",\"@id\":\"https:\/\/www.manaus.am.gov.br\/implurb\/#website\",\"url\":\"https:\/\/www.manaus.am.gov.br\/implurb\/\",\"name\":\"IMPLURB\",\"description\":\"Prefeitura de Manaus\",\"potentialAction\":[{\"@type\":\"SearchAction\",\"target\":{\"@type\":\"EntryPoint\",\"urlTemplate\":\"https:\/\/www.manaus.am.gov.br\/implurb\/?s={search_term_string}\"},\"query-input\":\"required name=search_term_string\"}],\"inLanguage\":\"pt-BR\"}]}<\/script>\n<!-- \/ Yoast SEO plugin. -->","yoast_head_json":{"title":"Lista de documentos - IMPLURB","robots":{"index":"noindex","follow":"follow"},"og_locale":"pt_BR","og_type":"article","og_title":"Lista de documentos - IMPLURB","og_url":"https:\/\/www.manaus.am.gov.br\/implurb\/servicos-e-certidoes\/lista-de-documentos\/","og_site_name":"IMPLURB","article_modified_time":"2025-03-20T19:06:58+00:00","twitter_card":"summary_large_image","twitter_misc":{"Est. reading time":"3 minutos"},"schema":{"@context":"https:\/\/schema.org","@graph":[{"@type":"WebPage","@id":"https:\/\/www.manaus.am.gov.br\/implurb\/servicos-e-certidoes\/lista-de-documentos\/","url":"https:\/\/www.manaus.am.gov.br\/implurb\/servicos-e-certidoes\/lista-de-documentos\/","name":"Lista de documentos - IMPLURB","isPartOf":{"@id":"https:\/\/www.manaus.am.gov.br\/implurb\/#website"},"datePublished":"2023-06-20T21:36:25+00:00","dateModified":"2025-03-20T19:06:58+00:00","breadcrumb":{"@id":"https:\/\/www.manaus.am.gov.br\/implurb\/servicos-e-certidoes\/lista-de-documentos\/#breadcrumb"},"inLanguage":"pt-BR","potentialAction":[{"@type":"ReadAction","target":["https:\/\/www.manaus.am.gov.br\/implurb\/servicos-e-certidoes\/lista-de-documentos\/"]}]},{"@type":"BreadcrumbList","@id":"https:\/\/www.manaus.am.gov.br\/implurb\/servicos-e-certidoes\/lista-de-documentos\/#breadcrumb","itemListElement":[{"@type":"ListItem","position":1,"name":"Home","item":"https:\/\/www.manaus.am.gov.br\/implurb\/"},{"@type":"ListItem","position":2,"name":"Servi\u00e7os","item":"https:\/\/www.manaus.am.gov.br\/implurb\/servicos-e-certidoes\/"},{"@type":"ListItem","position":3,"name":"Lista de documentos"}]},{"@type":"WebSite","@id":"https:\/\/www.manaus.am.gov.br\/implurb\/#website","url":"https:\/\/www.manaus.am.gov.br\/implurb\/","name":"IMPLURB","description":"Prefeitura de Manaus","potentialAction":[{"@type":"SearchAction","target":{"@type":"EntryPoint","urlTemplate":"https:\/\/www.manaus.am.gov.br\/implurb\/?s={search_term_string}"},"query-input":"required name=search_term_string"}],"inLanguage":"pt-BR"}]}},"_links":{"self":[{"href":"https:\/\/www.manaus.am.gov.br\/implurb\/wp-json\/wp\/v2\/pages\/430"}],"collection":[{"href":"https:\/\/www.manaus.am.gov.br\/implurb\/wp-json\/wp\/v2\/pages"}],"about":[{"href":"https:\/\/www.manaus.am.gov.br\/implurb\/wp-json\/wp\/v2\/types\/page"}],"author":[{"embeddable":true,"href":"https:\/\/www.manaus.am.gov.br\/implurb\/wp-json\/wp\/v2\/users\/27"}],"replies":[{"embeddable":true,"href":"https:\/\/www.manaus.am.gov.br\/implurb\/wp-json\/wp\/v2\/comments?post=430"}],"version-history":[{"count":57,"href":"https:\/\/www.manaus.am.gov.br\/implurb\/wp-json\/wp\/v2\/pages\/430\/revisions"}],"predecessor-version":[{"id":6204,"href":"https:\/\/www.manaus.am.gov.br\/implurb\/wp-json\/wp\/v2\/pages\/430\/revisions\/6204"}],"up":[{"embeddable":true,"href":"https:\/\/www.manaus.am.gov.br\/implurb\/wp-json\/wp\/v2\/pages\/427"}],"wp:attachment":[{"href":"https:\/\/www.manaus.am.gov.br\/implurb\/wp-json\/wp\/v2\/media?parent=430"}],"curies":[{"name":"wp","href":"https:\/\/api.w.org\/{rel}","templated":true}]}}